{"id":68310394,"date":"2024-11-23T19:13:58","date_gmt":"2024-11-23T18:13:58","guid":{"rendered":"https:\/\/kraftwerk-shop.cc\/?post_type=product&#038;p=68310394"},"modified":"2026-02-15T01:15:19","modified_gmt":"2026-02-15T00:15:19","slug":"klocki-hamulcowe-hawk-lts-ram-930y-786","status":"publish","type":"product","link":"https:\/\/kraftwerk-shop.cc\/pl\/produkt\/hawk-lts-bremsbelaege-ram-930y-786\/","title":{"rendered":"Klocki hamulcowe Hawk Performance LTS RAM 2500 \/ 3500 6.4 i 6.7"},"content":{"rendered":"<h1>Klocki hamulcowe Hawk Performance LTS 930Y.786 do RAM 2500 i 3500 6.4 i 6.7 (o\u015b przednia) od 2019 do 2024 r.<\/h1>\n<p>&nbsp;<\/p>\n<p><strong>Hawk Performance LTS<\/strong><\/p>\n<p>Wiemy, \u017ce konwencjonalne klocki hamulcowe do samochod\u00f3w osobowych nie s\u0105 ju\u017c wystarczaj\u0105ce dla dzisiejszych ci\u0119\u017car\u00f3wek.<br \/>\nNasza mieszanka klock\u00f3w hamulcowych LTS (Light Truck and SUV) drastycznie poprawia si\u0142\u0119 hamowania pojazdu i odporno\u015b\u0107 na blakni\u0119cie. Przewy\u017csza r\u00f3wnie\u017c konkurencj\u0119 pod wzgl\u0119dem zu\u017cycia tarcz i klock\u00f3w hamulcowych.<br \/>\nMieszanka LTS zapewnia doskona\u0142\u0105 skuteczno\u015b\u0107 hamowania i d\u0142u\u017csz\u0105 \u017cywotno\u015b\u0107 klock\u00f3w bez nadmiernego ha\u0142asu i generowania py\u0142u.<br \/>\n\u017belazowo-w\u0119glowy materia\u0142 cierny LTS opracowany przez ekspert\u00f3w w dziedzinie klock\u00f3w hamulcowych do samochod\u00f3w ci\u0119\u017carowych to optymalny wyb\u00f3r klock\u00f3w do hamulc\u00f3w RAM.<br \/>\nOczekuj 20-40% wi\u0119kszej si\u0142y hamowania w por\u00f3wnaniu z konwencjonalnymi klockami zamiennymi.<\/p>\n<p>&nbsp;<\/p>\n<p><strong>Zalecenie<\/strong><\/p>\n<p>Hawk LTS to dobry wyb\u00f3r dla RAM, je\u015bli g\u0142\u00f3wnym celem jest zwi\u0119kszenie skuteczno\u015bci hamowania, a nie minimalizacja py\u0142u hamulcowego.<br \/>\nMieszanka LTS jest stosunkowo czysta, ale wytwarza troch\u0119 py\u0142u hamulcowego w por\u00f3wnaniu do Hawk Ceramic.<br \/>\nWydajno\u015b\u0107 LTS jest lepsza ni\u017c Hawk Ceramic i HPS, ale nie tak dobra jak SuperDuty.<br \/>\nW przypadku cz\u0119stego holowania zalecany jest raczej Hawk SuperDuty ni\u017c LTS, poniewa\u017c mieszanka SuperDuty ma znacznie wy\u017cszy zakres temperatur, aby poradzi\u0107 sobie z wysokimi temperaturami osi\u0105ganymi podczas holowania.<br \/>\nJe\u015bli nie holujesz cz\u0119sto, LTS jest najlepszym wyborem.<\/p>\n<p>&nbsp;<\/p>\n<p><strong>Cechy Hawk LTS Compound:<\/strong><\/p>\n<ul>\n<li>Mocny, zr\u00f3wnowa\u017cony pocz\u0105tkowy gryz, gor\u0105cy lub zimny<\/li>\n<li>Doskona\u0142a odporno\u015b\u0107 na zabrudzenia<\/li>\n<li>Mieszanina \u017celazo-w\u0119giel<\/li>\n<li>Niski poziom generowanego py\u0142u<\/li>\n<li>Doskona\u0142a \u017cywotno\u015b\u0107 klock\u00f3w i tarcz hamulcowych<\/li>\n<li>37-370\u00b0C Zakres temperatur pracy<\/li>\n<li>37-370\u00b0C Optymalny zakres temperatur<\/li>\n<\/ul>\n<p>&nbsp;<\/p>\n<p><strong>Numer OE (tylko do cel\u00f3w por\u00f3wnawczych):<\/strong> <span class=\"list-value\">68461656AA, 68461656AB<\/span>, <span class=\"list-value\">68461656AC<br \/>\n<\/span><br \/>\nAutoryzacja: nie<\/p>\n<p>Miejsce instalacji: O\u015b przednia<\/p>\n<p>&nbsp;<\/p>\n<p><strong>Odpowiedni dla:<\/strong><\/p>\n<table width=\"690\">\n<tbody>\n<tr>\n<td width=\"131\"><strong>Marka<\/strong><\/td>\n<td width=\"141\"><strong>Model<\/strong><\/td>\n<td width=\"224\"><strong>Silnik<\/strong><\/td>\n<td width=\"83\"><strong>Rok<\/strong><\/td>\n<\/tr>\n<tr>\n<td>RAM<\/td>\n<td>2500<\/td>\n<td>6.4<\/td>\n<td>2019\u20132024<\/td>\n<\/tr>\n<tr>\n<td>RAM<\/td>\n<td>2500<\/td>\n<td>6.7 Diesel<\/td>\n<td>2019\u20132024<\/td>\n<\/tr>\n<tr>\n<td>RAM<\/td>\n<td>3500<\/td>\n<td>6.4<\/td>\n<td>2019\u20132024<\/td>\n<\/tr>\n<tr>\n<td>RAM<\/td>\n<td>3500<\/td>\n<td>6.7<\/td>\n<td>2019\u20132024<\/td>\n<\/tr>\n<\/tbody>\n<\/table>\n<p>&nbsp;<\/p>\n<p><strong>Zakres dostawy: <\/strong><\/p>\n<p>- 1 zestaw klock\u00f3w hamulcowych (930Y.786) dla osi przedniej<\/p>\n<p>&nbsp;<\/p>","protected":false},"excerpt":{"rendered":"<p>2019\u20132024<\/p>","protected":false},"featured_media":68310397,"comment_status":"open","ping_status":"closed","template":"","meta":{"_acf_changed":false},"product_brand":[17621],"product_cat":[8362,8364],"product_tag":[506,507,93,7200,8354,8355,8356,8360,1046,590,9835,9794,9795,9827,9834,9837,9824,9839,9799,9809,9789,9831,9796,9840,9823,9798,9838,9792,9832,795,840,9826,7201,1070,9825,9843,9836,9841,6834,7614,9656,9715,36,9828,9830,9821,6835,9845,9822,86,9650,9651,9842,9844,9788,3518,970,592,9829,2139,842,841,673,2135,2137,9833],"class_list":{"0":"post-68310394","1":"product","2":"type-product","3":"status-publish","4":"has-post-thumbnail","6":"product_brand-hawk-performance","7":"product_cat-2500-3500-64-bremsen-vorne","8":"product_cat-67-cummins-bremsen-vorne","9":"product_tag-506","10":"product_tag-507","11":"product_tag-6-4","12":"product_tag-6-7","13":"product_tag-68461656aa","14":"product_tag-68461656ab","15":"product_tag-68461656ac","16":"product_tag-930y-786","17":"product_tag-abe","18":"product_tag-bremsbelaege","19":"product_tag-bremsbelaege-angebot","20":"product_tag-bremsbelaege-empfehlung","21":"product_tag-bremsbelaege-erfahrungen","22":"product_tag-bremsbelaege-ersatzteile","23":"product_tag-bremsbelaege-fuer-anhaengerbetrieb","24":"product_tag-bremsbelaege-fuer-nutzfahrzeuge","25":"product_tag-bremsbelaege-fuer-ram-trucks","26":"product_tag-bremsbelaege-fuer-schwere-lasten","27":"product_tag-bremsbelaege-haltbarkeit","28":"product_tag-bremsbelaege-installation","29":"product_tag-bremsbelaege-kaufen","30":"product_tag-bremsbelaege-mit-hoher-reibung","31":"product_tag-bremsbelaege-montage","32":"product_tag-bremsbelaege-performance","33":"product_tag-bremsbelaege-preisvergleich","34":"product_tag-bremsbelaege-qualitaet","35":"product_tag-bremsbelaege-staubarm","36":"product_tag-bremsbelaege-test","37":"product_tag-bremsbelaege-verschleissfest","38":"product_tag-bremse","39":"product_tag-bremskloetze","40":"product_tag-bremssystem-wartung","41":"product_tag-cummins","42":"product_tag-hawk","43":"product_tag-hawk-bremsbelaege","44":"product_tag-hawk-bremsbelaege-haendler","45":"product_tag-hawk-bremsen-shop","46":"product_tag-hawk-ersatzteile","47":"product_tag-hawk-performance","48":"product_tag-hawk10","49":"product_tag-heavy-duty-bremsbelaege","50":"product_tag-hochleistungsbremsen","51":"product_tag-kraftwerk","52":"product_tag-langlebige-bremsbelaege","53":"product_tag-leise-bremsbelaege","54":"product_tag-lkw-bremsen","55":"product_tag-lts","56":"product_tag-lts-bremsbelaege","57":"product_tag-offroad-bremsbelaege","58":"product_tag-ram","59":"product_tag-ram-2500-bremsbelaege","60":"product_tag-ram-3500-bremsbelaege","61":"product_tag-ram-bremsbelaege-ersatz","62":"product_tag-ram-bremsbelaege-upgrade","63":"product_tag-schwerlast-bremsbelaege","64":"product_tag-sportbremsbelag","65":"product_tag-sportbremsbelaege","66":"product_tag-sportbremse","67":"product_tag-temperaturbestaendige-bremsbelaege","68":"product_tag-tuev","69":"product_tag-vorderachse","70":"product_tag-vorne","71":"product_tag-zubehoer","72":"product_tag-zubehoerbremsbelaege","73":"product_tag-zulassung","74":"product_tag-zuverlaessige-bremsbelaege","76":"first","77":"instock","78":"taxable","79":"shipping-taxable","80":"purchasable","81":"product-type-simple"},"bundled_by":[],"bundle_stock_status":"instock","bundle_stock_quantity":2,"bundle_virtual":false,"bundle_layout":"","bundle_add_to_cart_form_location":"","bundle_editable_in_cart":false,"bundle_sold_individually_context":"","bundle_item_grouping":"","bundle_min_size":"","bundle_max_size":"","bundle_price":[],"bundled_items":[],"bundle_sell_ids":[],"exclude_global_add_ons":[],"addons":[],"acf":[],"_links":{"self":[{"href":"https:\/\/kraftwerk-shop.cc\/pl\/wp-json\/wp\/v2\/product\/68310394","targetHints":{"allow":["GET"]}}],"collection":[{"href":"https:\/\/kraftwerk-shop.cc\/pl\/wp-json\/wp\/v2\/product"}],"about":[{"href":"https:\/\/kraftwerk-shop.cc\/pl\/wp-json\/wp\/v2\/types\/product"}],"replies":[{"embeddable":true,"href":"https:\/\/kraftwerk-shop.cc\/pl\/wp-json\/wp\/v2\/comments?post=68310394"}],"version-history":[{"count":0,"href":"https:\/\/kraftwerk-shop.cc\/pl\/wp-json\/wp\/v2\/product\/68310394\/revisions"}],"wp:featuredmedia":[{"embeddable":true,"href":"https:\/\/kraftwerk-shop.cc\/pl\/wp-json\/wp\/v2\/media\/68310397"}],"wp:attachment":[{"href":"https:\/\/kraftwerk-shop.cc\/pl\/wp-json\/wp\/v2\/media?parent=68310394"}],"wp:term":[{"taxonomy":"product_brand","embeddable":true,"href":"https:\/\/kraftwerk-shop.cc\/pl\/wp-json\/wp\/v2\/product_brand?post=68310394"},{"taxonomy":"product_cat","embeddable":true,"href":"https:\/\/kraftwerk-shop.cc\/pl\/wp-json\/wp\/v2\/product_cat?post=68310394"},{"taxonomy":"product_tag","embeddable":true,"href":"https:\/\/kraftwerk-shop.cc\/pl\/wp-json\/wp\/v2\/product_tag?post=68310394"}],"curies":[{"name":"wp","href":"https:\/\/api.w.org\/{rel}","templated":true}]}}