{"id":68310400,"date":"2024-11-23T19:33:45","date_gmt":"2024-11-23T18:33:45","guid":{"rendered":"https:\/\/kraftwerk-shop.cc\/?post_type=product&#038;p=68310400"},"modified":"2026-02-15T01:15:14","modified_gmt":"2026-02-15T00:15:14","slug":"klocki-hamulcowe-hawk-lts-ram-931y-786","status":"publish","type":"product","link":"https:\/\/kraftwerk-shop.cc\/pl\/produkt\/hawk-lts-bremsbelaege-ram-931y-786\/","title":{"rendered":"Klocki hamulcowe Hawk Performance LTS RAM 2500 \/ 3500 6.4 i 6.7"},"content":{"rendered":"<h1>Klocki hamulcowe Hawk Performance LTS 931Y.786 do RAM 2500 i 3500 6.4 i 6.7 (tylna o\u015b) od 2019 do 2024 r.<\/h1>\n<p>&nbsp;<\/p>\n<p><strong>Hawk Performance LTS<\/strong><\/p>\n<p>Wiemy, \u017ce konwencjonalne klocki hamulcowe do samochod\u00f3w osobowych nie s\u0105 ju\u017c wystarczaj\u0105ce dla dzisiejszych ci\u0119\u017car\u00f3wek.<br \/>\nNasza mieszanka klock\u00f3w hamulcowych LTS (Light Truck and SUV) drastycznie poprawia si\u0142\u0119 hamowania pojazdu i odporno\u015b\u0107 na blakni\u0119cie. Przewy\u017csza r\u00f3wnie\u017c konkurencj\u0119 pod wzgl\u0119dem zu\u017cycia tarcz i klock\u00f3w hamulcowych.<br \/>\nMieszanka LTS zapewnia doskona\u0142\u0105 skuteczno\u015b\u0107 hamowania i d\u0142u\u017csz\u0105 \u017cywotno\u015b\u0107 klock\u00f3w bez nadmiernego ha\u0142asu i generowania py\u0142u.<br \/>\n\u017belazowo-w\u0119glowy materia\u0142 cierny LTS opracowany przez ekspert\u00f3w w dziedzinie klock\u00f3w hamulcowych do samochod\u00f3w ci\u0119\u017carowych to optymalny wyb\u00f3r klock\u00f3w do hamulc\u00f3w RAM.<br \/>\nOczekuj 20-40% wi\u0119kszej si\u0142y hamowania w por\u00f3wnaniu z konwencjonalnymi klockami zamiennymi.<\/p>\n<p>&nbsp;<\/p>\n<p><strong>Zalecenie<\/strong><\/p>\n<p>Hawk LTS to dobry wyb\u00f3r dla RAM, je\u015bli g\u0142\u00f3wnym celem jest zwi\u0119kszenie skuteczno\u015bci hamowania, a nie minimalizacja py\u0142u hamulcowego.<br \/>\nMieszanka LTS jest stosunkowo czysta, ale wytwarza troch\u0119 py\u0142u hamulcowego w por\u00f3wnaniu do Hawk Ceramic.<br \/>\nWydajno\u015b\u0107 LTS jest lepsza ni\u017c Hawk Ceramic i HPS, ale nie tak dobra jak SuperDuty.<br \/>\nW przypadku cz\u0119stego holowania zalecany jest raczej Hawk SuperDuty ni\u017c LTS, poniewa\u017c mieszanka SuperDuty ma znacznie wy\u017cszy zakres temperatur, aby poradzi\u0107 sobie z wysokimi temperaturami osi\u0105ganymi podczas holowania.<br \/>\nJe\u015bli nie holujesz cz\u0119sto, LTS jest najlepszym wyborem.<\/p>\n<p>&nbsp;<\/p>\n<p><strong>Cechy Hawk LTS Compound:<\/strong><\/p>\n<ul>\n<li>Mocny, zr\u00f3wnowa\u017cony pocz\u0105tkowy gryz, gor\u0105cy lub zimny<\/li>\n<li>Doskona\u0142a odporno\u015b\u0107 na zabrudzenia<\/li>\n<li>Mieszanina \u017celazo-w\u0119giel<\/li>\n<li>Niski poziom generowanego py\u0142u<\/li>\n<li>Doskona\u0142a \u017cywotno\u015b\u0107 klock\u00f3w i tarcz hamulcowych<\/li>\n<li>37-370\u00b0C Zakres temperatur pracy<\/li>\n<li>37-370\u00b0C Optymalny zakres temperatur<\/li>\n<\/ul>\n<p>&nbsp;<\/p>\n<p><strong>Numer OE (tylko do cel\u00f3w por\u00f3wnawczych):<\/strong> <span class=\"list-value\">68453097AA, 68453097AB<br \/>\n<\/span><br \/>\nAutoryzacja: nie<\/p>\n<p>Miejsce instalacji: Tylna o\u015b<\/p>\n<p>&nbsp;<\/p>\n<p><strong>Odpowiedni dla:<\/strong><\/p>\n<table width=\"690\">\n<tbody>\n<tr>\n<td width=\"131\"><strong>Marka<\/strong><\/td>\n<td width=\"141\"><strong>Model<\/strong><\/td>\n<td width=\"224\"><strong>Silnik<\/strong><\/td>\n<td width=\"83\"><strong>Rok<\/strong><\/td>\n<\/tr>\n<tr>\n<td>RAM<\/td>\n<td>2500<\/td>\n<td>6.4<\/td>\n<td>2019\u20132024<\/td>\n<\/tr>\n<tr>\n<td>RAM<\/td>\n<td>2500<\/td>\n<td>6.7 Diesel<\/td>\n<td>2019\u20132024<\/td>\n<\/tr>\n<tr>\n<td>RAM<\/td>\n<td>3500<\/td>\n<td>6.4<\/td>\n<td>2019\u20132024<\/td>\n<\/tr>\n<tr>\n<td>RAM<\/td>\n<td>3500<\/td>\n<td>6.7<\/td>\n<td>2019\u20132024<\/td>\n<\/tr>\n<\/tbody>\n<\/table>\n<p>&nbsp;<\/p>\n<p><strong>Zakres dostawy: <\/strong><\/p>\n<p>- 1 zestaw klock\u00f3w hamulcowych (931Y.786) dla tylnej osi<\/p>\n<p>&nbsp;<\/p>","protected":false},"excerpt":{"rendered":"<p>2019\u20132024<\/p>","protected":false},"featured_media":68310402,"comment_status":"open","ping_status":"closed","template":"","meta":{"_acf_changed":false},"product_brand":[17621],"product_cat":[8363,8365],"product_tag":[506,507,93,7200,8358,8359,8361,1046,590,9814,9794,9834,9839,9809,9789,9831,9790,9840,9823,9798,9838,9792,9807,9810,9856,795,840,7201,1070,9843,9857,9847,9841,9853,6834,9851,7614,9846,798,799,9715,9855,36,9828,9830,9821,6835,9845,9850,9822,86,9650,9849,9651,9722,9854,9848,9852,9788,3518,970,592,9829,2139,673,2135,2137],"class_list":{"0":"post-68310400","1":"product","2":"type-product","3":"status-publish","4":"has-post-thumbnail","6":"product_brand-hawk-performance","7":"product_cat-2500-3500-64-bremsen-hinten","8":"product_cat-67-cummins-bremsen-hinten","9":"product_tag-506","10":"product_tag-507","11":"product_tag-6-4","12":"product_tag-6-7","13":"product_tag-68453097aa","14":"product_tag-68453097ab","15":"product_tag-931y-786","16":"product_tag-abe","17":"product_tag-bremsbelaege","18":"product_tag-bremsbelaege-angebote","19":"product_tag-bremsbelaege-empfehlung","20":"product_tag-bremsbelaege-fuer-anhaengerbetrieb","21":"product_tag-bremsbelaege-fuer-schwere-lasten","22":"product_tag-bremsbelaege-installation","23":"product_tag-bremsbelaege-kaufen","24":"product_tag-bremsbelaege-mit-hoher-reibung","25":"product_tag-bremsbelaege-online","26":"product_tag-bremsbelaege-performance","27":"product_tag-bremsbelaege-preisvergleich","28":"product_tag-bremsbelaege-qualitaet","29":"product_tag-bremsbelaege-staubarm","30":"product_tag-bremsbelaege-test","31":"product_tag-bremsbelaege-verschleiss","32":"product_tag-bremsbelaege-wartung","33":"product_tag-bremsbelaege-zubehoer","34":"product_tag-bremse","35":"product_tag-bremskloetze","36":"product_tag-cummins","37":"product_tag-hawk","38":"product_tag-hawk-bremsbelaege-haendler","39":"product_tag-hawk-bremsbelaege-online-shop","40":"product_tag-hawk-bremsen","41":"product_tag-hawk-ersatzteile","42":"product_tag-hawk-heavy-duty-bremsbelaege","43":"product_tag-hawk-performance","44":"product_tag-hawk-performance-bremsbelaege","45":"product_tag-hawk10","46":"product_tag-hb931y-786","47":"product_tag-hinten","48":"product_tag-hinterachse","49":"product_tag-hochleistungsbremsen","50":"product_tag-hochwertige-bremsbelaege","51":"product_tag-kraftwerk","52":"product_tag-langlebige-bremsbelaege","53":"product_tag-leise-bremsbelaege","54":"product_tag-lkw-bremsen","55":"product_tag-lts","56":"product_tag-lts-bremsbelaege","57":"product_tag-nutzfahrzeug-bremsen","58":"product_tag-offroad-bremsbelaege","59":"product_tag-ram","60":"product_tag-ram-2500-bremsbelaege","61":"product_tag-ram-2500-ersatzteile","62":"product_tag-ram-3500-bremsbelaege","63":"product_tag-ram-3500-ersatzteile","64":"product_tag-ram-931y-786-bremsbelaege","65":"product_tag-ram-bremsbelaege","66":"product_tag-ram-lts-bremsbelaege","67":"product_tag-schwerlast-bremsbelaege","68":"product_tag-sportbremsbelag","69":"product_tag-sportbremsbelaege","70":"product_tag-sportbremse","71":"product_tag-temperaturbestaendige-bremsbelaege","72":"product_tag-tuev","73":"product_tag-zubehoer","74":"product_tag-zubehoerbremsbelaege","75":"product_tag-zulassung","77":"first","78":"instock","79":"taxable","80":"shipping-taxable","81":"purchasable","82":"product-type-simple"},"bundled_by":[],"bundle_stock_status":"instock","bundle_stock_quantity":1,"bundle_virtual":false,"bundle_layout":"","bundle_add_to_cart_form_location":"","bundle_editable_in_cart":false,"bundle_sold_individually_context":"","bundle_item_grouping":"","bundle_min_size":"","bundle_max_size":"","bundle_price":[],"bundled_items":[],"bundle_sell_ids":[],"exclude_global_add_ons":[],"addons":[],"acf":[],"_links":{"self":[{"href":"https:\/\/kraftwerk-shop.cc\/pl\/wp-json\/wp\/v2\/product\/68310400","targetHints":{"allow":["GET"]}}],"collection":[{"href":"https:\/\/kraftwerk-shop.cc\/pl\/wp-json\/wp\/v2\/product"}],"about":[{"href":"https:\/\/kraftwerk-shop.cc\/pl\/wp-json\/wp\/v2\/types\/product"}],"replies":[{"embeddable":true,"href":"https:\/\/kraftwerk-shop.cc\/pl\/wp-json\/wp\/v2\/comments?post=68310400"}],"version-history":[{"count":0,"href":"https:\/\/kraftwerk-shop.cc\/pl\/wp-json\/wp\/v2\/product\/68310400\/revisions"}],"wp:featuredmedia":[{"embeddable":true,"href":"https:\/\/kraftwerk-shop.cc\/pl\/wp-json\/wp\/v2\/media\/68310402"}],"wp:attachment":[{"href":"https:\/\/kraftwerk-shop.cc\/pl\/wp-json\/wp\/v2\/media?parent=68310400"}],"wp:term":[{"taxonomy":"product_brand","embeddable":true,"href":"https:\/\/kraftwerk-shop.cc\/pl\/wp-json\/wp\/v2\/product_brand?post=68310400"},{"taxonomy":"product_cat","embeddable":true,"href":"https:\/\/kraftwerk-shop.cc\/pl\/wp-json\/wp\/v2\/product_cat?post=68310400"},{"taxonomy":"product_tag","embeddable":true,"href":"https:\/\/kraftwerk-shop.cc\/pl\/wp-json\/wp\/v2\/product_tag?post=68310400"}],"curies":[{"name":"wp","href":"https:\/\/api.w.org\/{rel}","templated":true}]}}