{"id":68310444,"date":"2024-11-24T19:08:04","date_gmt":"2024-11-24T18:08:04","guid":{"rendered":"https:\/\/kraftwerk-shop.cc\/?post_type=product&#038;p=68310444"},"modified":"2026-02-15T01:15:14","modified_gmt":"2026-02-15T00:15:14","slug":"klocki-hamulcowe-powerstop-z36-2225-ram-2500-3500-64-67","status":"publish","type":"product","link":"https:\/\/kraftwerk-shop.cc\/pl\/produkt\/powerstop-z36-2225-bremsbelaege-ram-2500-3500-64-67\/","title":{"rendered":"Klocki hamulcowe PowerStop Z36 Extreme Street RAM 2500 \/ 3500 6.4 &amp; 6.7"},"content":{"rendered":"<h1>Klocki hamulcowe PowerStop Z36 do RAM 2500 i 3500 6.4 i 6.7 (tylna o\u015b) od 2019 do 2024 r.<\/h1>\n<p>&nbsp;<\/p>\n<p>Z36 Extreme Street Performance Carbon - ceramiczne klocki hamulcowe<\/p>\n<ul>\n<li>Znaczne ograniczenie powstawania py\u0142u hamulcowego<\/li>\n<li>Wyj\u0105tkowo du\u017ca si\u0142a hamowania dla ci\u0119\u017ckich pojazd\u00f3w<\/li>\n<li>Zawiera past\u0119 monta\u017cow\u0105 i zestaw osprz\u0119tu ze stali nierdzewnej<\/li>\n<\/ul>\n<p>&nbsp;<\/p>\n<p><strong>Numer por\u00f3wnawczy Mopar:<\/strong>\u00a0<span class=\"list-value\">68453097AA<\/span>, <span class=\"list-value\">68453097AB<\/span><\/p>\n<p>&nbsp;<\/p>\n<p><strong>Odpowiedni dla:<\/strong><\/p>\n<table width=\"793\">\n<tbody>\n<tr>\n<td width=\"131\"><strong>Marka<\/strong><\/td>\n<td width=\"141\"><strong>Model<\/strong><\/td>\n<td width=\"224\"><strong>Silnik<\/strong><\/td>\n<td width=\"83\"><strong>Rok<\/strong><\/td>\n<td width=\"214\"><strong>Wskaz\u00f3wka<\/strong><\/td>\n<\/tr>\n<tr>\n<td>RAM<\/td>\n<td>2500<\/td>\n<td>6.4<\/td>\n<td>2019\u20132024<\/td>\n<td>Tylko dla tarcz hamulcowych 358 mm<\/td>\n<\/tr>\n<tr>\n<td>RAM<\/td>\n<td>2500<\/td>\n<td>6.7 Diesel<\/td>\n<td>2019\u20132024<\/td>\n<td>Tylko dla tarcz hamulcowych 358 mm<\/td>\n<\/tr>\n<tr>\n<td>RAM<\/td>\n<td>3500<\/td>\n<td>6.4<\/td>\n<td>2019\u20132024<\/td>\n<td>Tylko dla tarcz hamulcowych 358 mm<\/td>\n<\/tr>\n<tr>\n<td>RAM<\/td>\n<td>3500<\/td>\n<td>6.7<\/td>\n<td>2019\u20132024<\/td>\n<td>Tylko dla tarcz hamulcowych 358 mm<\/td>\n<\/tr>\n<\/tbody>\n<\/table>\n<p><strong>\u00a0<\/strong><\/p>\n<p>Cena dotyczy 1 zestawu dla kompletnej osi tylnej.<\/p>\n<p>&nbsp;<\/p>\n<p>PowerStop postawi\u0142 sobie za zadanie zaoferowanie ka\u017cdemu kierowcy prostego i niedrogiego sposobu na popraw\u0119 hamulc\u00f3w - niezale\u017cnie od tego, gdzie i w jaki spos\u00f3b korzysta z pojazdu.<br \/>\nCeramiczne klocki hamulcowe PowerStop Z36 Truck &amp; Tow z w\u0142\u00f3kna w\u0119glowego zosta\u0142y opracowane jako ulepszenie w stosunku do standardowych hamulc\u00f3w w celu zmniejszenia py\u0142u hamulcowego i wyeliminowania ha\u0142asu dla kierowc\u00f3w, kt\u00f3rzy holuj\u0105 i przewo\u017c\u0105, a tak\u017ce entuzjast\u00f3w jazdy terenowej.<br \/>\nTe klocki hamulcowe s\u0105 wykonane z niskopy\u0142owej formu\u0142y ceramicznej wzbogaconej w\u0142\u00f3knami w\u0119glowymi, kt\u00f3re wzmacniaj\u0105 mieszank\u0119 i zapewniaj\u0105 wysok\u0105 skuteczno\u015b\u0107 hamowania w samochodach ci\u0119\u017carowych i SUV-ach.<br \/>\nKlocki hamulcowe Z36 s\u0105 dostarczane z wysokiej jako\u015bci materia\u0142em monta\u017cowym ze stali nierdzewnej i ceramicznym smarem hamulcowym, kt\u00f3ry u\u0142atwia prac\u0119 z hamulcami. U\u017cyj klock\u00f3w hamulcowych Z36 Truck &amp; Tow, aby zapewni\u0107 swojemu pickupowi lub pojazdowi terenowemu si\u0142\u0119 hamowania, na jak\u0105 zas\u0142uguje.<\/p>","protected":false},"excerpt":{"rendered":"<p>2019\u20132024<\/p>","protected":false},"featured_media":68310452,"comment_status":"open","ping_status":"closed","template":"","meta":{"_acf_changed":false},"product_brand":[],"product_cat":[10262,8363,8365],"product_tag":[506,507,93,9872,7200,9873,8358,8359,838,590,9814,9815,9794,9795,9797,9834,9803,9799,9811,9809,9789,9808,9800,9816,9804,9796,9790,9823,9798,9806,9813,9801,9802,9805,9792,9807,9812,9810,795,839,840,773,9869,7201,9867,692,9656,798,799,9715,1166,9868,9871,1167,36,9822,953,954,2445,86,6333,7666,1168,9870,4700,8374,673],"class_list":{"0":"post-68310444","1":"product","2":"type-product","3":"status-publish","4":"has-post-thumbnail","6":"product_cat-alle-produkte","7":"product_cat-2500-3500-64-bremsen-hinten","8":"product_cat-67-cummins-bremsen-hinten","9":"product_tag-506","10":"product_tag-507","11":"product_tag-6-4","12":"product_tag-6-4l","13":"product_tag-6-7","14":"product_tag-6-7l","15":"product_tag-68453097aa","16":"product_tag-68453097ab","17":"product_tag-bremsbelag","18":"product_tag-bremsbelaege","19":"product_tag-bremsbelaege-angebote","20":"product_tag-bremsbelaege-bewertungen","21":"product_tag-bremsbelaege-empfehlung","22":"product_tag-bremsbelaege-erfahrungen","23":"product_tag-bremsbelaege-ersatz","24":"product_tag-bremsbelaege-fuer-anhaengerbetrieb","25":"product_tag-bremsbelaege-geraeuschentwicklung","26":"product_tag-bremsbelaege-haltbarkeit","27":"product_tag-bremsbelaege-hersteller","28":"product_tag-bremsbelaege-installation","29":"product_tag-bremsbelaege-kaufen","30":"product_tag-bremsbelaege-kompatibilitaet","31":"product_tag-bremsbelaege-leistung","32":"product_tag-bremsbelaege-lieferzeit","33":"product_tag-bremsbelaege-material","34":"product_tag-bremsbelaege-montage","35":"product_tag-bremsbelaege-online","36":"product_tag-bremsbelaege-preisvergleich","37":"product_tag-bremsbelaege-qualitaet","38":"product_tag-bremsbelaege-reibwert","39":"product_tag-bremsbelaege-shop","40":"product_tag-bremsbelaege-sicherheit","41":"product_tag-bremsbelaege-staubentwicklung","42":"product_tag-bremsbelaege-temperaturbestaendigkeit","43":"product_tag-bremsbelaege-test","44":"product_tag-bremsbelaege-verschleiss","45":"product_tag-bremsbelaege-vertrieb","46":"product_tag-bremsbelaege-wartung","47":"product_tag-bremse","48":"product_tag-bremsklotz","49":"product_tag-bremskloetze","50":"product_tag-carbon","51":"product_tag-carbon-keramik-bremsen","52":"product_tag-cummins","53":"product_tag-dodge-ram-bremsen","54":"product_tag-ersatzteil","55":"product_tag-heavy-duty-bremsbelaege","56":"product_tag-hinten","57":"product_tag-hinterachse","58":"product_tag-hochleistungsbremsen","59":"product_tag-keramik","60":"product_tag-keramik-bremsbelaege","61":"product_tag-keramik-bremsen-ram","62":"product_tag-keramisch","63":"product_tag-kraftwerk","64":"product_tag-offroad-bremsbelaege","65":"product_tag-power-stop","66":"product_tag-powerstop","67":"product_tag-powerstop-pads","68":"product_tag-ram","69":"product_tag-ram-2500","70":"product_tag-ram-3500","71":"product_tag-staubfrei","72":"product_tag-truck-tow-bremsbelaege","73":"product_tag-z36","74":"product_tag-z36-2225","75":"product_tag-zubehoer","76":"product_shipping_class-deutschlandohne","78":"first","79":"instock","80":"taxable","81":"shipping-taxable","82":"purchasable","83":"product-type-simple"},"bundled_by":[],"bundle_stock_status":"instock","bundle_stock_quantity":1,"bundle_virtual":false,"bundle_layout":"","bundle_add_to_cart_form_location":"","bundle_editable_in_cart":false,"bundle_sold_individually_context":"","bundle_item_grouping":"","bundle_min_size":"","bundle_max_size":"","bundle_price":[],"bundled_items":[],"bundle_sell_ids":[],"exclude_global_add_ons":[],"addons":[],"acf":[],"_links":{"self":[{"href":"https:\/\/kraftwerk-shop.cc\/pl\/wp-json\/wp\/v2\/product\/68310444","targetHints":{"allow":["GET"]}}],"collection":[{"href":"https:\/\/kraftwerk-shop.cc\/pl\/wp-json\/wp\/v2\/product"}],"about":[{"href":"https:\/\/kraftwerk-shop.cc\/pl\/wp-json\/wp\/v2\/types\/product"}],"replies":[{"embeddable":true,"href":"https:\/\/kraftwerk-shop.cc\/pl\/wp-json\/wp\/v2\/comments?post=68310444"}],"version-history":[{"count":0,"href":"https:\/\/kraftwerk-shop.cc\/pl\/wp-json\/wp\/v2\/product\/68310444\/revisions"}],"wp:featuredmedia":[{"embeddable":true,"href":"https:\/\/kraftwerk-shop.cc\/pl\/wp-json\/wp\/v2\/media\/68310452"}],"wp:attachment":[{"href":"https:\/\/kraftwerk-shop.cc\/pl\/wp-json\/wp\/v2\/media?parent=68310444"}],"wp:term":[{"taxonomy":"product_brand","embeddable":true,"href":"https:\/\/kraftwerk-shop.cc\/pl\/wp-json\/wp\/v2\/product_brand?post=68310444"},{"taxonomy":"product_cat","embeddable":true,"href":"https:\/\/kraftwerk-shop.cc\/pl\/wp-json\/wp\/v2\/product_cat?post=68310444"},{"taxonomy":"product_tag","embeddable":true,"href":"https:\/\/kraftwerk-shop.cc\/pl\/wp-json\/wp\/v2\/product_tag?post=68310444"}],"curies":[{"name":"wp","href":"https:\/\/api.w.org\/{rel}","templated":true}]}}