{"id":68310469,"date":"2024-11-24T19:07:59","date_gmt":"2024-11-24T18:07:59","guid":{"rendered":"https:\/\/kraftwerk-shop.cc\/?post_type=product&#038;p=68310469"},"modified":"2026-02-15T01:15:21","modified_gmt":"2026-02-15T00:15:21","slug":"klocki-hamulcowe-powerstop-z36-1400-ram-2500-3500-57-64-67","status":"publish","type":"product","link":"https:\/\/kraftwerk-shop.cc\/pl\/produkt\/powerstop-z36-1400-bremsbelaege-ram-2500-3500-57-64-67\/","title":{"rendered":"Klocki hamulcowe PowerStop Z36 Extreme Street RAM 2500 \/ 3500 5.7, 6.4 &amp; 6.7"},"content":{"rendered":"<h1>Klocki hamulcowe PowerStop Z36 do RAM 2500 i 3500 5.7, 6.4 i 6.7 (tylna o\u015b) od 2009 do 2018 roku<\/h1>\n<p>&nbsp;<\/p>\n<p>Z36 Extreme Street Performance Carbon - ceramiczne klocki hamulcowe<\/p>\n<ul>\n<li>Znaczne ograniczenie powstawania py\u0142u hamulcowego<\/li>\n<li>Wyj\u0105tkowo du\u017ca si\u0142a hamowania dla ci\u0119\u017ckich pojazd\u00f3w<\/li>\n<li>Zawiera past\u0119 monta\u017cow\u0105 i zestaw osprz\u0119tu ze stali nierdzewnej<\/li>\n<\/ul>\n<p>&nbsp;<\/p>\n<p><strong>Numer por\u00f3wnawczy Mopar:<\/strong>\u00a068049158AA<\/p>\n<p>&nbsp;<\/p>\n<p><strong>Odpowiedni dla:<\/strong><\/p>\n<table width=\"877\">\n<tbody>\n<tr>\n<td width=\"83\"><strong>Rok<\/strong><\/td>\n<td width=\"83\"><strong>Marka<\/strong><\/td>\n<td width=\"142\"><strong>Model<\/strong><\/td>\n<td width=\"275\"><strong>Wersja<\/strong><\/td>\n<td width=\"294\"><strong>Silnik<\/strong><\/td>\n<\/tr>\n<tr>\n<td width=\"83\">2018<\/td>\n<td width=\"83\">Ram<\/td>\n<td width=\"142\">2500<\/td>\n<td width=\"275\">Big Horn, Laramie, Laramie Longhorn, Limited, Power Wagon, SLT, Tradesman<\/td>\n<td width=\"294\">5.7L, 6.4L, 6.7L<\/td>\n<\/tr>\n<tr>\n<td width=\"83\">2018<\/td>\n<td width=\"83\">Ram<\/td>\n<td width=\"142\">3500<\/td>\n<td width=\"275\">Big Horn, Laramie, Laramie Longhorn, Limited, SLT, Tradesman<\/td>\n<td width=\"294\">5.7L, 6.4L, 6.7L<\/td>\n<\/tr>\n<tr>\n<td width=\"83\">2017<\/td>\n<td width=\"83\">Ram<\/td>\n<td width=\"142\">2500<\/td>\n<td width=\"275\">Big Horn, Laramie, Laramie Longhorn, Limited, Power Wagon, SLT, Tradesman<\/td>\n<td width=\"294\">5.7L, 6.4L, 6.7L<\/td>\n<\/tr>\n<tr>\n<td width=\"83\">2017<\/td>\n<td width=\"83\">Ram<\/td>\n<td width=\"142\">3500<\/td>\n<td width=\"275\">Big Horn, Laramie, Laramie Longhorn, Limited, Lone Star, SLT, Tradesman<\/td>\n<td width=\"294\">5.7L, 6.4L, 6.7L<\/td>\n<\/tr>\n<tr>\n<td width=\"83\">2016<\/td>\n<td width=\"83\">Ram<\/td>\n<td width=\"142\">2500<\/td>\n<td width=\"275\">Big Horn, Laramie, Laramie Longhorn, Limited, Outdoorsman, Power Wagon, SLT, Tradesman<\/td>\n<td width=\"294\">5.7L, 6.4L, 6.7L<\/td>\n<\/tr>\n<tr>\n<td width=\"83\">2016<\/td>\n<td width=\"83\">Ram<\/td>\n<td width=\"142\">3500<\/td>\n<td width=\"275\">Big Horn, Laramie, Laramie Longhorn, Limited, SLT, Tradesman<\/td>\n<td width=\"294\">5.7L, 6.4L, 6.7L<\/td>\n<\/tr>\n<tr>\n<td width=\"83\">2015<\/td>\n<td width=\"83\">Ram<\/td>\n<td width=\"142\">2500<\/td>\n<td width=\"275\">Big Horn, Laramie, Laramie Limited, Laramie Longhorn, Lone Star, Outdoorsman, Power Wagon, SLT, Tradesman<\/td>\n<td width=\"294\">5.7L, 6.4L, 6.7L<\/td>\n<\/tr>\n<tr>\n<td width=\"83\">2015<\/td>\n<td width=\"83\">Ram<\/td>\n<td width=\"142\">3500<\/td>\n<td width=\"275\">Big Horn, Laramie, Laramie Limited, Laramie Longhorn, Lone Star, SLT, Tradesman<\/td>\n<td width=\"294\">5.7L, 6.4L, 6.7L<\/td>\n<\/tr>\n<tr>\n<td width=\"83\">2014<\/td>\n<td width=\"83\">Ram<\/td>\n<td width=\"142\">2500<\/td>\n<td width=\"275\">Big Horn, Laramie, Laramie Limited, Laramie Longhorn, Lone Star, Outdoorsman, Power Wagon, SLT, Tradesman<\/td>\n<td width=\"294\">5.7L, 6.4L, 6.7L<\/td>\n<\/tr>\n<tr>\n<td width=\"83\">2014<\/td>\n<td width=\"83\">Ram<\/td>\n<td width=\"142\">3500<\/td>\n<td width=\"275\">Big Horn, Laramie, Laramie Limited, Laramie Longhorn, Lone Star, SLT, Tradesman<\/td>\n<td width=\"294\">5.7L, 6.4L, 6.7L<\/td>\n<\/tr>\n<tr>\n<td width=\"83\">2013<\/td>\n<td width=\"83\">Ram<\/td>\n<td width=\"142\">2500<\/td>\n<td width=\"275\">Big Horn, Laramie, Laramie Longhorn, Lone Star, Outdoorsman, Power Wagon, SLT, Tradesman<\/td>\n<td width=\"294\">5.7L, 6.7L<\/td>\n<\/tr>\n<tr>\n<td width=\"83\">2013<\/td>\n<td width=\"83\">Ram<\/td>\n<td width=\"142\">3500<\/td>\n<td width=\"275\">Big Horn, Laramie, Laramie Longhorn, Lone Star, SLT, Tradesman<\/td>\n<td width=\"294\">5.7L, 6.7L<\/td>\n<\/tr>\n<tr>\n<td width=\"83\">2012<\/td>\n<td width=\"83\">Ram<\/td>\n<td width=\"142\">2500<\/td>\n<td width=\"275\">Laramie, Laramie Longhorn, Outdoorsman, Power Wagon, SLT, ST<\/td>\n<td width=\"294\">5.7L V8 - Bi-Fuel, 5.7L, 6.7L<\/td>\n<\/tr>\n<tr>\n<td width=\"83\">2012<\/td>\n<td width=\"83\">Ram<\/td>\n<td width=\"142\">3500<\/td>\n<td width=\"275\">Laramie, Laramie Longhorn, SLT, ST<\/td>\n<td width=\"294\">5.7L, 6.7L<\/td>\n<\/tr>\n<tr>\n<td width=\"83\">2011<\/td>\n<td width=\"83\">Ram<\/td>\n<td width=\"142\">2500<\/td>\n<td width=\"275\">Laramie, Laramie Longhorn, Power Wagon, SLT, ST<\/td>\n<td width=\"294\">5.7L, 6.7L<\/td>\n<\/tr>\n<tr>\n<td width=\"83\">2011<\/td>\n<td width=\"83\">Ram<\/td>\n<td width=\"142\">3500<\/td>\n<td width=\"275\">Laramie, Laramie Longhorn, SLT, ST<\/td>\n<td width=\"294\">5.7L, 6.7L<\/td>\n<\/tr>\n<tr>\n<td width=\"83\">2010<\/td>\n<td width=\"83\">Dodge<\/td>\n<td width=\"142\">Ram 2500<\/td>\n<td width=\"275\">Laramie, Power Wagon, SLT, ST, TRX<\/td>\n<td width=\"294\">5.7L, 6.7L<\/td>\n<\/tr>\n<tr>\n<td width=\"83\">2010<\/td>\n<td width=\"83\">Dodge<\/td>\n<td width=\"142\">Ram 3500<\/td>\n<td width=\"275\">Laramie, SLT, ST<\/td>\n<td width=\"294\">6.7L<\/td>\n<\/tr>\n<tr>\n<td width=\"83\">2009<\/td>\n<td width=\"83\">Dodge<\/td>\n<td width=\"142\">Ram 2500<\/td>\n<td width=\"275\">Laramie, Power Wagon, SLT, ST, SXT<\/td>\n<td width=\"294\">5.7L, 5.9L, 6.7L<\/td>\n<\/tr>\n<tr>\n<td width=\"83\">2009<\/td>\n<td width=\"83\">Dodge<\/td>\n<td width=\"142\">Ram 3500<\/td>\n<td width=\"275\">Laramie, SLT, ST, SXT<\/td>\n<td width=\"294\">5.7L, 6.7L<\/td>\n<\/tr>\n<\/tbody>\n<\/table>\n<p><strong>\u00a0<\/strong><\/p>\n<p><strong>\u00a0<\/strong><\/p>\n<p>Cena dotyczy 1 zestawu dla kompletnej osi tylnej.<\/p>\n<p>&nbsp;<\/p>\n<p>PowerStop postawi\u0142 sobie za zadanie zaoferowanie ka\u017cdemu kierowcy prostego i niedrogiego sposobu na popraw\u0119 hamulc\u00f3w - niezale\u017cnie od tego, gdzie i w jaki spos\u00f3b korzysta z pojazdu.<br \/>\nCeramiczne klocki hamulcowe PowerStop Z36 Truck &amp; Tow z w\u0142\u00f3kna w\u0119glowego zosta\u0142y opracowane jako ulepszenie w stosunku do standardowych hamulc\u00f3w w celu zmniejszenia py\u0142u hamulcowego i wyeliminowania ha\u0142asu dla kierowc\u00f3w, kt\u00f3rzy holuj\u0105 i przewo\u017c\u0105, a tak\u017ce entuzjast\u00f3w jazdy terenowej.<br \/>\nTe klocki hamulcowe s\u0105 wykonane z niskopy\u0142owej formu\u0142y ceramicznej wzbogaconej w\u0142\u00f3knami w\u0119glowymi, kt\u00f3re wzmacniaj\u0105 mieszank\u0119 i zapewniaj\u0105 wysok\u0105 skuteczno\u015b\u0107 hamowania w samochodach ci\u0119\u017carowych i SUV-ach.<br \/>\nKlocki hamulcowe Z36 s\u0105 dostarczane z wysokiej jako\u015bci materia\u0142em monta\u017cowym ze stali nierdzewnej i ceramicznym smarem hamulcowym, kt\u00f3ry u\u0142atwia prac\u0119 z hamulcami. U\u017cyj klock\u00f3w hamulcowych Z36 Truck &amp; Tow, aby zapewni\u0107 swojemu pickupowi lub pojazdowi terenowemu si\u0142\u0119 hamowania, na jak\u0105 zas\u0142uguje.<\/p>","protected":false},"excerpt":{"rendered":"<p>2009\u20132018<\/p>","protected":false},"featured_media":68310471,"comment_status":"open","ping_status":"closed","template":"","meta":{"_acf_changed":false},"product_brand":[],"product_cat":[9944,8363,8365],"product_tag":[506,507,91,93,7200,8369,838,590,9814,9815,9794,9795,9797,9834,9803,9799,9811,9809,9789,9808,9800,9816,9804,9796,9790,9823,9798,9806,9813,9801,9802,9805,9792,9807,9812,9810,795,839,840,773,9869,7201,9867,692,9656,798,799,9715,1166,9868,9871,1167,36,9822,953,954,2445,86,6333,7666,1168,9870,4700,8378,673],"class_list":{"0":"post-68310469","1":"product","2":"type-product","3":"status-publish","4":"has-post-thumbnail","6":"product_cat-2500-3500-57-bremsen-hinten","7":"product_cat-2500-3500-64-bremsen-hinten","8":"product_cat-67-cummins-bremsen-hinten","9":"product_tag-506","10":"product_tag-507","11":"product_tag-5-7","12":"product_tag-6-4","13":"product_tag-6-7","14":"product_tag-68049158aa","15":"product_tag-bremsbelag","16":"product_tag-bremsbelaege","17":"product_tag-bremsbelaege-angebote","18":"product_tag-bremsbelaege-bewertungen","19":"product_tag-bremsbelaege-empfehlung","20":"product_tag-bremsbelaege-erfahrungen","21":"product_tag-bremsbelaege-ersatz","22":"product_tag-bremsbelaege-fuer-anhaengerbetrieb","23":"product_tag-bremsbelaege-geraeuschentwicklung","24":"product_tag-bremsbelaege-haltbarkeit","25":"product_tag-bremsbelaege-hersteller","26":"product_tag-bremsbelaege-installation","27":"product_tag-bremsbelaege-kaufen","28":"product_tag-bremsbelaege-kompatibilitaet","29":"product_tag-bremsbelaege-leistung","30":"product_tag-bremsbelaege-lieferzeit","31":"product_tag-bremsbelaege-material","32":"product_tag-bremsbelaege-montage","33":"product_tag-bremsbelaege-online","34":"product_tag-bremsbelaege-preisvergleich","35":"product_tag-bremsbelaege-qualitaet","36":"product_tag-bremsbelaege-reibwert","37":"product_tag-bremsbelaege-shop","38":"product_tag-bremsbelaege-sicherheit","39":"product_tag-bremsbelaege-staubentwicklung","40":"product_tag-bremsbelaege-temperaturbestaendigkeit","41":"product_tag-bremsbelaege-test","42":"product_tag-bremsbelaege-verschleiss","43":"product_tag-bremsbelaege-vertrieb","44":"product_tag-bremsbelaege-wartung","45":"product_tag-bremse","46":"product_tag-bremsklotz","47":"product_tag-bremskloetze","48":"product_tag-carbon","49":"product_tag-carbon-keramik-bremsen","50":"product_tag-cummins","51":"product_tag-dodge-ram-bremsen","52":"product_tag-ersatzteil","53":"product_tag-heavy-duty-bremsbelaege","54":"product_tag-hinten","55":"product_tag-hinterachse","56":"product_tag-hochleistungsbremsen","57":"product_tag-keramik","58":"product_tag-keramik-bremsbelaege","59":"product_tag-keramik-bremsen-ram","60":"product_tag-keramisch","61":"product_tag-kraftwerk","62":"product_tag-offroad-bremsbelaege","63":"product_tag-power-stop","64":"product_tag-powerstop","65":"product_tag-powerstop-pads","66":"product_tag-ram","67":"product_tag-ram-2500","68":"product_tag-ram-3500","69":"product_tag-staubfrei","70":"product_tag-truck-tow-bremsbelaege","71":"product_tag-z36","72":"product_tag-z36-1400","73":"product_tag-zubehoer","75":"first","76":"instock","77":"taxable","78":"shipping-taxable","79":"purchasable","80":"product-type-simple"},"bundled_by":[],"bundle_stock_status":"instock","bundle_stock_quantity":1,"bundle_virtual":false,"bundle_layout":"","bundle_add_to_cart_form_location":"","bundle_editable_in_cart":false,"bundle_sold_individually_context":"","bundle_item_grouping":"","bundle_min_size":"","bundle_max_size":"","bundle_price":[],"bundled_items":[],"bundle_sell_ids":[],"exclude_global_add_ons":[],"addons":[],"acf":[],"_links":{"self":[{"href":"https:\/\/kraftwerk-shop.cc\/pl\/wp-json\/wp\/v2\/product\/68310469","targetHints":{"allow":["GET"]}}],"collection":[{"href":"https:\/\/kraftwerk-shop.cc\/pl\/wp-json\/wp\/v2\/product"}],"about":[{"href":"https:\/\/kraftwerk-shop.cc\/pl\/wp-json\/wp\/v2\/types\/product"}],"replies":[{"embeddable":true,"href":"https:\/\/kraftwerk-shop.cc\/pl\/wp-json\/wp\/v2\/comments?post=68310469"}],"version-history":[{"count":0,"href":"https:\/\/kraftwerk-shop.cc\/pl\/wp-json\/wp\/v2\/product\/68310469\/revisions"}],"wp:featuredmedia":[{"embeddable":true,"href":"https:\/\/kraftwerk-shop.cc\/pl\/wp-json\/wp\/v2\/media\/68310471"}],"wp:attachment":[{"href":"https:\/\/kraftwerk-shop.cc\/pl\/wp-json\/wp\/v2\/media?parent=68310469"}],"wp:term":[{"taxonomy":"product_brand","embeddable":true,"href":"https:\/\/kraftwerk-shop.cc\/pl\/wp-json\/wp\/v2\/product_brand?post=68310469"},{"taxonomy":"product_cat","embeddable":true,"href":"https:\/\/kraftwerk-shop.cc\/pl\/wp-json\/wp\/v2\/product_cat?post=68310469"},{"taxonomy":"product_tag","embeddable":true,"href":"https:\/\/kraftwerk-shop.cc\/pl\/wp-json\/wp\/v2\/product_tag?post=68310469"}],"curies":[{"name":"wp","href":"https:\/\/api.w.org\/{rel}","templated":true}]}}