{"id":68312030,"date":"2024-11-27T23:36:56","date_gmt":"2024-11-27T22:36:56","guid":{"rendered":"https:\/\/kraftwerk-shop.cc\/?post_type=product&#038;p=68312030"},"modified":"2026-03-12T01:21:13","modified_gmt":"2026-03-12T00:21:13","slug":"mopar-uszczelka-pompy-wody-68165890aa-hellcat-trackhawk-trx","status":"publish","type":"product","link":"https:\/\/kraftwerk-shop.cc\/pl\/produkt\/mopar-dichtung-wasserpumpe-68165890aa-hellcat-trackhawk-trx\/","title":{"rendered":"Uszczelka pompy wody ch\u0142odz\u0105cej Mopar (68165890AA) Hellcat, Trackhawk i TRX"},"content":{"rendered":"<h1>Oryginalna uszczelka pompy wody ch\u0142odz\u0105cej Mopar (<span class=\"list-value sku-display\">68165890AA<\/span>) Dodge Challenger, Charger, Durango Hellcat, Jeep Trackhawk i RAM TRX<\/h1>\n<p>&nbsp;<\/p>\n<p><span lang=\"DE\"><strong>Numer cz\u0119\u015bci Mopar:<\/strong> <span class=\"list-value sku-display\">68165890AA<\/span><br \/>\n<strong>Zast\u0105piony: <\/strong><span class=\"list-value\">\u2014<\/span><\/span><\/p>\n<p>&nbsp;<\/p>\n<p><strong>Odpowiedni dla:<\/strong><\/p>\n<table width=\"877\">\n<tbody>\n<tr>\n<td width=\"83\"><strong>Rok<\/strong><\/td>\n<td width=\"83\"><strong>Marka<\/strong><\/td>\n<td width=\"142\"><strong>Model<\/strong><\/td>\n<td width=\"275\"><strong>Wersja<\/strong><\/td>\n<td width=\"294\"><strong>Silnik<\/strong><\/td>\n<\/tr>\n<tr>\n<td width=\"83\">2025<\/td>\n<td width=\"83\">Dodge<\/td>\n<td width=\"142\">Durango<\/td>\n<td width=\"275\">SRT Hellcat Hammerhead, SRT Hellcat Plus, SRT Hellcat Premium, SRT Hellcat Silver Bullet<\/td>\n<td width=\"294\">6.2L<\/td>\n<\/tr>\n<tr>\n<td width=\"83\">2024<\/td>\n<td width=\"83\">Dodge<\/td>\n<td width=\"142\">Durango<\/td>\n<td width=\"275\">SRT Hellcat, SRT Hellcat Plus, SRT Hellcat Premium<\/td>\n<td width=\"294\">6.2L<\/td>\n<\/tr>\n<tr>\n<td width=\"83\">2024<\/td>\n<td width=\"83\">Ram<\/td>\n<td width=\"142\">1500<\/td>\n<td width=\"275\">TRX<\/td>\n<td width=\"294\">6.2L<\/td>\n<\/tr>\n<tr>\n<td width=\"83\">2023<\/td>\n<td width=\"83\">Dodge<\/td>\n<td width=\"142\">Challenger<\/td>\n<td width=\"275\">SRT Hellcat Jailbreak, SRT Hellcat Redeye Jailbreak, SRT Hellcat Redeye Widebody Jailbreak, SRT Hellcat Widebody Jailbreak, SRT Super Stock<\/td>\n<td width=\"294\">6.2L<\/td>\n<\/tr>\n<tr>\n<td width=\"83\">2023<\/td>\n<td width=\"83\">Dodge<\/td>\n<td width=\"142\">Charger<\/td>\n<td width=\"275\">SRT Hellcat Redeye Widebody, SRT Hellcat Widebody, SRT Hellcat Widebody Jailbreak<\/td>\n<td width=\"294\">6.2L<\/td>\n<\/tr>\n<tr>\n<td width=\"83\">2023<\/td>\n<td width=\"83\">Dodge<\/td>\n<td width=\"142\">Durango<\/td>\n<td width=\"275\">SRT Hellcat, SRT Hellcat Plus, SRT Hellcat Premium<\/td>\n<td width=\"294\">6.2L<\/td>\n<\/tr>\n<tr>\n<td width=\"83\">2023<\/td>\n<td width=\"83\">Ram<\/td>\n<td width=\"142\">1500<\/td>\n<td width=\"275\">TRX<\/td>\n<td width=\"294\">6.2L<\/td>\n<\/tr>\n<tr>\n<td width=\"83\">2022<\/td>\n<td width=\"83\">Dodge<\/td>\n<td width=\"142\">Challenger<\/td>\n<td width=\"275\">SRT Hellcat, SRT Hellcat Redeye, SRT Hellcat Redeye Widebody, SRT Hellcat Widebody, SRT Jailbreak, SRT Super Stock<\/td>\n<td width=\"294\">6.2L<\/td>\n<\/tr>\n<tr>\n<td width=\"83\">2022<\/td>\n<td width=\"83\">Dodge<\/td>\n<td width=\"142\">Charger<\/td>\n<td width=\"275\">SRT Hellcat Redeye Widebody, SRT Hellcat Widebody, SRT Jailbreak<\/td>\n<td width=\"294\">6.2L<\/td>\n<\/tr>\n<tr>\n<td width=\"83\">2022<\/td>\n<td width=\"83\">Ram<\/td>\n<td width=\"142\">1500<\/td>\n<td width=\"275\">TRX<\/td>\n<td width=\"294\">6.2L<\/td>\n<\/tr>\n<tr>\n<td width=\"83\">2021<\/td>\n<td width=\"83\">Dodge<\/td>\n<td width=\"142\">Challenger<\/td>\n<td width=\"275\">SRT Hellcat, SRT Hellcat Redeye, SRT Hellcat Redeye Widebody, SRT Hellcat Widebody, SRT Super Stock<\/td>\n<td width=\"294\">6.2L<\/td>\n<\/tr>\n<tr>\n<td width=\"83\">2021<\/td>\n<td width=\"83\">Dodge<\/td>\n<td width=\"142\">Charger<\/td>\n<td width=\"275\">SRT Hellcat Redeye Widebody, SRT Hellcat Widebody<\/td>\n<td width=\"294\">6.2L<\/td>\n<\/tr>\n<tr>\n<td width=\"83\">2021<\/td>\n<td width=\"83\">Dodge<\/td>\n<td width=\"142\">Durango<\/td>\n<td width=\"275\">SRT Hellcat<\/td>\n<td width=\"294\">6.2L<\/td>\n<\/tr>\n<tr>\n<td width=\"83\">2021<\/td>\n<td width=\"83\">Jeep<\/td>\n<td width=\"142\">Grand Cherokee<\/td>\n<td width=\"275\">Trackhawk<\/td>\n<td width=\"294\">6.2L<\/td>\n<\/tr>\n<tr>\n<td width=\"83\">2021<\/td>\n<td width=\"83\">Ram<\/td>\n<td width=\"142\">1500<\/td>\n<td width=\"275\">TRX<\/td>\n<td width=\"294\">6.2L<\/td>\n<\/tr>\n<tr>\n<td width=\"83\">2020<\/td>\n<td width=\"83\">Dodge<\/td>\n<td width=\"142\">Challenger<\/td>\n<td width=\"275\">SRT Hellcat, SRT Hellcat Redeye, SRT Hellcat Redeye Widebody, SRT Hellcat Widebody<\/td>\n<td width=\"294\">6.2L<\/td>\n<\/tr>\n<tr>\n<td width=\"83\">2020<\/td>\n<td width=\"83\">Dodge<\/td>\n<td width=\"142\">Charger<\/td>\n<td width=\"275\">SRT Hellcat Widebody<\/td>\n<td width=\"294\">6.2L<\/td>\n<\/tr>\n<tr>\n<td width=\"83\">2020<\/td>\n<td width=\"83\">Jeep<\/td>\n<td width=\"142\">Grand Cherokee<\/td>\n<td width=\"275\">Trackhawk<\/td>\n<td width=\"294\">6.2L<\/td>\n<\/tr>\n<tr>\n<td width=\"83\">2019<\/td>\n<td width=\"83\">Dodge<\/td>\n<td width=\"142\">Challenger<\/td>\n<td width=\"275\">SRT Hellcat, SRT Hellcat Redeye, SRT Hellcat Redeye Widebody, SRT Hellcat Widebody<\/td>\n<td width=\"294\">6.2L<\/td>\n<\/tr>\n<tr>\n<td width=\"83\">2019<\/td>\n<td width=\"83\">Dodge<\/td>\n<td width=\"142\">Charger<\/td>\n<td width=\"275\">SRT Hellcat<\/td>\n<td width=\"294\">6.2L<\/td>\n<\/tr>\n<tr>\n<td width=\"83\">2019<\/td>\n<td width=\"83\">Jeep<\/td>\n<td width=\"142\">Grand Cherokee<\/td>\n<td width=\"275\">Trackhawk<\/td>\n<td width=\"294\">6.2L<\/td>\n<\/tr>\n<tr>\n<td width=\"83\">2018<\/td>\n<td width=\"83\">Dodge<\/td>\n<td width=\"142\">Challenger<\/td>\n<td width=\"275\">SRT Demon, SRT Hellcat, SRT Hellcat Widebody<\/td>\n<td width=\"294\">6.2L<\/td>\n<\/tr>\n<tr>\n<td width=\"83\">2018<\/td>\n<td width=\"83\">Dodge<\/td>\n<td width=\"142\">Charger<\/td>\n<td width=\"275\">SRT Hellcat<\/td>\n<td width=\"294\">6.2L<\/td>\n<\/tr>\n<tr>\n<td width=\"83\">2018<\/td>\n<td width=\"83\">Jeep<\/td>\n<td width=\"142\">Grand Cherokee<\/td>\n<td width=\"275\">Trackhawk<\/td>\n<td width=\"294\">6.2L<\/td>\n<\/tr>\n<tr>\n<td width=\"83\">2017<\/td>\n<td width=\"83\">Dodge<\/td>\n<td width=\"142\">Challenger<\/td>\n<td width=\"275\">SRT Hellcat<\/td>\n<td width=\"294\">6.2L<\/td>\n<\/tr>\n<tr>\n<td width=\"83\">2017<\/td>\n<td width=\"83\">Dodge<\/td>\n<td width=\"142\">Charger<\/td>\n<td width=\"275\">SRT Hellcat<\/td>\n<td width=\"294\">6.2L<\/td>\n<\/tr>\n<tr>\n<td width=\"83\">2016<\/td>\n<td width=\"83\">Dodge<\/td>\n<td width=\"142\">Challenger<\/td>\n<td width=\"275\">SRT Hellcat<\/td>\n<td width=\"294\">6.2L<\/td>\n<\/tr>\n<tr>\n<td width=\"83\">2016<\/td>\n<td width=\"83\">Dodge<\/td>\n<td width=\"142\">Charger<\/td>\n<td width=\"275\">SRT Hellcat<\/td>\n<td width=\"294\">6.2L<\/td>\n<\/tr>\n<tr>\n<td width=\"83\">2015<\/td>\n<td width=\"83\">Dodge<\/td>\n<td width=\"142\">Challenger<\/td>\n<td width=\"275\">SRT Hellcat<\/td>\n<td width=\"294\">6.2L<\/td>\n<\/tr>\n<tr>\n<td width=\"83\">2015<\/td>\n<td width=\"83\">Dodge<\/td>\n<td width=\"142\">Charger<\/td>\n<td width=\"275\">SRT Hellcat<\/td>\n<td width=\"294\">6.2L<\/td>\n<\/tr>\n<\/tbody>\n<\/table>\n<p>&nbsp;<\/p>\n<h4>Dlaczego warto wybra\u0107 oryginalne cz\u0119\u015bci zamienne Mopar?<\/h4>\n<p><strong>Idealne dopasowanie i najwy\u017csza jako\u015b\u0107:<\/strong> Oryginalne cz\u0119\u015bci zamienne Mopar s\u0105 produkowane zgodnie ze \u015bcis\u0142ymi specyfikacjami producenta, co oznacza, \u017ce idealnie pasuj\u0105 do Twojego pojazdu. Zapewnia to nie tylko \u0142atw\u0105 instalacj\u0119, ale tak\u017ce optymaln\u0105 funkcjonalno\u015b\u0107 i bezpiecze\u0144stwo.<\/p>\n<p><strong>Niezawodno\u015b\u0107 i trwa\u0142o\u015b\u0107:<\/strong> Dzi\u0119ki zastosowaniu wysokiej jako\u015bci materia\u0142\u00f3w i rygorystycznej kontroli jako\u015bci, cz\u0119\u015bci zamienne Mopar zapewniaj\u0105 niezawodne dzia\u0142anie pojazdu nawet w ekstremalnych warunkach. Zosta\u0142y zaprojektowane z my\u015bl\u0105 o trwa\u0142o\u015bci i maksymalizacji osi\u0105g\u00f3w pojazdu.<\/p>\n<p>&nbsp;<\/p>\n<p>&nbsp;<\/p>","protected":false},"excerpt":{"rendered":"<p>Oryginalna cz\u0119\u015b\u0107 Mopar<\/p>","protected":false},"featured_media":68312032,"comment_status":"open","ping_status":"closed","template":"","meta":{"_acf_changed":false},"product_brand":[16270],"product_cat":[10262,6660,2550,6665,2535,6670,2730,6675,2539,6680,2702],"product_tag":[8449,54,53,571,49,3853,95,56,100,50,5255,8323,31,8813,9424,16271,16273,16275,16272,16274,7221,86,102,2353,8324,5254,47],"class_list":{"0":"post-68312030","1":"product","2":"type-product","3":"status-publish","4":"has-post-thumbnail","6":"product_brand-mopar","7":"product_cat-alle-produkte","8":"product_cat-challenger-hellcat-dichtungen-hardware","9":"product_cat-challenger-hellcat-kuehlung","10":"product_cat-charger-hellcat-dichtungen-hardware","11":"product_cat-charger-hellcat-kuehlung","12":"product_cat-durango-hellcat-dichtungen-hardware","13":"product_cat-durango-hellcat-kuehlung","14":"product_cat-trackhawk-dichtungen-hardware","15":"product_cat-trackhawk-kuehlung","16":"product_cat-trx-dichtungen-hardware","17":"product_cat-trx-kuehlung","18":"product_tag-68165890aa","19":"product_tag-challenger","20":"product_tag-charger","21":"product_tag-dichtung","22":"product_tag-dodge","23":"product_tag-dodge-challenger","24":"product_tag-durango","25":"product_tag-grand-cherokee","26":"product_tag-hellcat","27":"product_tag-jeep","28":"product_tag-kuehlwasserpumpe","29":"product_tag-kuehlwasserpumpendichtung","30":"product_tag-mopar","31":"product_tag-mopar-autoteile","32":"product_tag-mopar-ersatzteile","33":"product_tag-mopar-ersatzteile-kaufen","34":"product_tag-mopar-performance-teile","35":"product_tag-mopar-teile-katalog","36":"product_tag-mopar-teile-online","37":"product_tag-mopar-tuningteile","38":"product_tag-mopar10","39":"product_tag-ram","40":"product_tag-trackhawk","41":"product_tag-trx","42":"product_tag-wapu","43":"product_tag-wasserpumpe","44":"product_tag-wasserpumpendichtung","45":"product_shipping_class-deutschlandohne","47":"first","48":"instock","49":"taxable","50":"shipping-taxable","51":"purchasable","52":"product-type-simple"},"bundled_by":[],"bundle_stock_status":"instock","bundle_stock_quantity":1,"bundle_virtual":false,"bundle_layout":"","bundle_add_to_cart_form_location":"","bundle_editable_in_cart":false,"bundle_sold_individually_context":"","bundle_item_grouping":"","bundle_min_size":"","bundle_max_size":"","bundle_price":[],"bundled_items":[],"bundle_sell_ids":[],"exclude_global_add_ons":[],"addons":[],"acf":[],"_links":{"self":[{"href":"https:\/\/kraftwerk-shop.cc\/pl\/wp-json\/wp\/v2\/product\/68312030","targetHints":{"allow":["GET"]}}],"collection":[{"href":"https:\/\/kraftwerk-shop.cc\/pl\/wp-json\/wp\/v2\/product"}],"about":[{"href":"https:\/\/kraftwerk-shop.cc\/pl\/wp-json\/wp\/v2\/types\/product"}],"replies":[{"embeddable":true,"href":"https:\/\/kraftwerk-shop.cc\/pl\/wp-json\/wp\/v2\/comments?post=68312030"}],"version-history":[{"count":0,"href":"https:\/\/kraftwerk-shop.cc\/pl\/wp-json\/wp\/v2\/product\/68312030\/revisions"}],"wp:featuredmedia":[{"embeddable":true,"href":"https:\/\/kraftwerk-shop.cc\/pl\/wp-json\/wp\/v2\/media\/68312032"}],"wp:attachment":[{"href":"https:\/\/kraftwerk-shop.cc\/pl\/wp-json\/wp\/v2\/media?parent=68312030"}],"wp:term":[{"taxonomy":"product_brand","embeddable":true,"href":"https:\/\/kraftwerk-shop.cc\/pl\/wp-json\/wp\/v2\/product_brand?post=68312030"},{"taxonomy":"product_cat","embeddable":true,"href":"https:\/\/kraftwerk-shop.cc\/pl\/wp-json\/wp\/v2\/product_cat?post=68312030"},{"taxonomy":"product_tag","embeddable":true,"href":"https:\/\/kraftwerk-shop.cc\/pl\/wp-json\/wp\/v2\/product_tag?post=68312030"}],"curies":[{"name":"wp","href":"https:\/\/api.w.org\/{rel}","templated":true}]}}