{"id":68312035,"date":"2024-11-27T23:53:57","date_gmt":"2024-11-27T22:53:57","guid":{"rendered":"https:\/\/kraftwerk-shop.cc\/?post_type=product&#038;p=68312035"},"modified":"2026-04-08T13:32:02","modified_gmt":"2026-04-08T11:32:02","slug":"modul-monitorowania-parowania-mopar-04861961ad","status":"publish","type":"product","link":"https:\/\/kraftwerk-shop.cc\/pl\/produkt\/mopar-evap-ueberwachungsmodul-04861961ad\/","title":{"rendered":"Modu\u0142 monitorowania EVAP Mopar (04861961AD)"},"content":{"rendered":"<h1>Oryginalny modu\u0142 monitoruj\u0105cy EVAP firmy Mopar (<span class=\"list-value sku-display\">04861961AD<\/span>) dla Chrysler, Dodge, Jeep i RAM<\/h1>\n<p>&nbsp;<\/p>\n<p><span lang=\"DE\"><strong>Numer cz\u0119\u015bci Mopar:<\/strong> <span class=\"list-value sku-display\">04861961AD<\/span><br \/>\n<strong>Zast\u0105piony: <\/strong><span class=\"list-value\"> 4861961AA, 4861961AB, 4861961AC, 4891686AA<\/span><\/span><\/p>\n<p>&nbsp;<\/p>\n<p><strong>Odpowiedni dla:<\/strong><\/p>\n<table width=\"877\">\n<tbody>\n<tr>\n<td width=\"83\"><strong>Rok<\/strong><\/td>\n<td width=\"83\"><strong>Marka<\/strong><\/td>\n<td width=\"142\"><strong>Model<\/strong><\/td>\n<td width=\"275\"><strong>Wersja<\/strong><\/td>\n<td width=\"294\"><strong>Silnik<\/strong><\/td>\n<\/tr>\n<tr>\n<td width=\"83\">2025<\/td>\n<td width=\"83\">Dodge<\/td>\n<td width=\"142\">Szersze\u0144<\/td>\n<td width=\"275\">GT, GT Plus<\/td>\n<td width=\"294\">2.0L<\/td>\n<\/tr>\n<tr>\n<td width=\"83\">2025<\/td>\n<td width=\"83\">Jeep<\/td>\n<td width=\"142\">Compass<\/td>\n<td width=\"275\">Latitude, Limited, Sport, Trailhawk<\/td>\n<td width=\"294\">2.0L<\/td>\n<\/tr>\n<tr>\n<td width=\"83\">2024<\/td>\n<td width=\"83\">Dodge<\/td>\n<td width=\"142\">Szersze\u0144<\/td>\n<td width=\"275\">GT, GT Plus<\/td>\n<td width=\"294\">2.0L<\/td>\n<\/tr>\n<tr>\n<td width=\"83\">2024<\/td>\n<td width=\"83\">Jeep<\/td>\n<td width=\"142\">Compass<\/td>\n<td width=\"275\">Latitude, Latitude Lux, Limited, Sport, Trailhawk<\/td>\n<td width=\"294\">2.0L<\/td>\n<\/tr>\n<tr>\n<td width=\"83\">2023<\/td>\n<td width=\"83\">Chrysler<\/td>\n<td width=\"142\">300<\/td>\n<td width=\"275\">C, S, Touring, Touring L<\/td>\n<td width=\"294\">3.6L V6 - Flex, 3.6L, 5.7L, 6.4L<\/td>\n<\/tr>\n<tr>\n<td width=\"83\">2023<\/td>\n<td width=\"83\">Dodge<\/td>\n<td width=\"142\">Challenger<\/td>\n<td width=\"275\">GT, R\/T, R\/T Scat Pack, R\/T Scat Pack Widebody, SRT Hellcat Jailbreak, SRT Hellcat Redeye Jailbreak, SRT Hellcat Redeye Widebody Jailbreak, SRT Hellcat Widebody Jailbreak, SRT Super Stock, SXT<\/td>\n<td width=\"294\">3.6L, 5.7L, 6.2L, 6.4L<\/td>\n<\/tr>\n<tr>\n<td width=\"83\">2023<\/td>\n<td width=\"83\">Dodge<\/td>\n<td width=\"142\">Charger<\/td>\n<td width=\"275\">GT, Pursuit, R\/T, SRT Hellcat Redeye Widebody, SRT Hellcat Widebody, SRT Hellcat Widebody Jailbreak, SXT, Scat Pack, Scat Pack Widebody<\/td>\n<td width=\"294\">3.6L V6 - Flex, 3.6L, 5.7L, 6.2L, 6.4L<\/td>\n<\/tr>\n<tr>\n<td width=\"83\">2023<\/td>\n<td width=\"83\">Dodge<\/td>\n<td width=\"142\">Szersze\u0144<\/td>\n<td width=\"275\">GT, GT Plus<\/td>\n<td width=\"294\">2.0L<\/td>\n<\/tr>\n<tr>\n<td width=\"83\">2023<\/td>\n<td width=\"83\">Jeep<\/td>\n<td width=\"142\">Cherokee<\/td>\n<td width=\"275\">Altitude Lux, Trailhawk<\/td>\n<td width=\"294\">2.0L, 2.4L<\/td>\n<\/tr>\n<tr>\n<td width=\"83\">2023<\/td>\n<td width=\"83\">Jeep<\/td>\n<td width=\"142\">Compass<\/td>\n<td width=\"275\">Altitude, High Altitude, Latitude, Latitude Lux, Limited, Red, Sport, Trailhawk<\/td>\n<td width=\"294\">2.0L<\/td>\n<\/tr>\n<tr>\n<td width=\"83\">2023<\/td>\n<td width=\"83\">Jeep<\/td>\n<td width=\"142\">Gladiator<\/td>\n<td width=\"275\">Freedom, High Altitude, Mojave, Overland, Rubicon, Sport, Sport S, Texas Trail, Willys, Willys Sport<\/td>\n<td width=\"294\">3.6L<\/td>\n<\/tr>\n<tr>\n<td width=\"83\">2022<\/td>\n<td width=\"83\">Chrysler<\/td>\n<td width=\"142\">300<\/td>\n<td width=\"275\">S, Touring, Touring L<\/td>\n<td width=\"294\">3.6L V6 - Flex, 3.6L, 5.7L<\/td>\n<\/tr>\n<tr>\n<td width=\"83\">2022<\/td>\n<td width=\"83\">Dodge<\/td>\n<td width=\"142\">Challenger<\/td>\n<td width=\"275\">GT, R\/T, R\/T Scat Pack, R\/T Scat Pack Widebody, SRT Hellcat, SRT Hellcat Redeye, SRT Hellcat Redeye Widebody, SRT Hellcat Widebody, SRT Jailbreak, SRT Super Stock, SXT<\/td>\n<td width=\"294\">3.6L, 5.7L, 6.2L, 6.4L<\/td>\n<\/tr>\n<tr>\n<td width=\"83\">2022<\/td>\n<td width=\"83\">Dodge<\/td>\n<td width=\"142\">Charger<\/td>\n<td width=\"275\">GT, R\/T, SRT Hellcat Redeye Widebody, SRT Hellcat Widebody, SRT Jailbreak, SXT, Scat Pack, Scat Pack Widebody<\/td>\n<td width=\"294\">3.6L V6 - Flex, 3.6L, 5.7L, 6.2L, 6.4L<\/td>\n<\/tr>\n<tr>\n<td width=\"83\">2022<\/td>\n<td width=\"83\">Jeep<\/td>\n<td width=\"142\">Cherokee<\/td>\n<td width=\"275\">Latitude Lux, Limited, Trailhawk<\/td>\n<td width=\"294\">2.0L, 2.4L, 3.2L<\/td>\n<\/tr>\n<tr>\n<td width=\"83\">2022<\/td>\n<td width=\"83\">Jeep<\/td>\n<td width=\"142\">Compass<\/td>\n<td width=\"275\">High Altitude, Latitude, Latitude Lux, Limited, Sport, Trailhawk<\/td>\n<td width=\"294\">2.4L<\/td>\n<\/tr>\n<tr>\n<td width=\"83\">2022<\/td>\n<td width=\"83\">Jeep<\/td>\n<td width=\"142\">Gladiator<\/td>\n<td width=\"275\">Altitude, High Altitude, Mojave, Overland, Rubicon, Sport, Sport S, Texas Trail, Willys, Willys Sport<\/td>\n<td width=\"294\">3.6L<\/td>\n<\/tr>\n<tr>\n<td width=\"83\">2022<\/td>\n<td width=\"83\">Jeep<\/td>\n<td width=\"142\">Grand Wagoneer<\/td>\n<td width=\"275\">Obsidian, Series I, Series II, Series III<\/td>\n<td width=\"294\">6.4L<\/td>\n<\/tr>\n<tr>\n<td width=\"83\">2022<\/td>\n<td width=\"83\">Jeep<\/td>\n<td width=\"142\">Wagoneer<\/td>\n<td width=\"275\">Series II, Series III<\/td>\n<td width=\"294\">5.7L V8 - Elektryczny\/Gazowy<\/td>\n<\/tr>\n<tr>\n<td width=\"83\">2021<\/td>\n<td width=\"83\">Chrysler<\/td>\n<td width=\"142\">300<\/td>\n<td width=\"275\">S, Touring, Touring L<\/td>\n<td width=\"294\">3.6L V6 - Flex, 3.6L, 5.7L<\/td>\n<\/tr>\n<tr>\n<td width=\"83\">2021<\/td>\n<td width=\"83\">Dodge<\/td>\n<td width=\"142\">Challenger<\/td>\n<td width=\"275\">GT, R\/T, SXT<\/td>\n<td width=\"294\">3.6L, 5.7L<\/td>\n<\/tr>\n<tr>\n<td width=\"83\">2021<\/td>\n<td width=\"83\">Dodge<\/td>\n<td width=\"142\">Charger<\/td>\n<td width=\"275\">GT, R\/T, SXT<\/td>\n<td width=\"294\">3.6L V6 - Flex, 3.6L, 5.7L<\/td>\n<\/tr>\n<tr>\n<td width=\"83\">2021<\/td>\n<td width=\"83\">Jeep<\/td>\n<td width=\"142\">Cherokee<\/td>\n<td width=\"275\">80th Anniversary, Altitude, High Altitude, Latitude, Latitude Lux, Latitude Plus, Limited, Trailhawk<\/td>\n<td width=\"294\">2.0L, 2.4L, 3.2L<\/td>\n<\/tr>\n<tr>\n<td width=\"83\">2021<\/td>\n<td width=\"83\">Jeep<\/td>\n<td width=\"142\">Compass<\/td>\n<td width=\"275\">80th Anniversary, Altitude, Latitude, Limited, Sport, Trailhawk<\/td>\n<td width=\"294\">2.4L<\/td>\n<\/tr>\n<tr>\n<td width=\"83\">2021<\/td>\n<td width=\"83\">Jeep<\/td>\n<td width=\"142\">Gladiator<\/td>\n<td width=\"275\">80th Anniversary, High Altitude, Mojave, Overland, Rubicon, Sport, Sport S, Texas Trail, Willys, Willys Sport<\/td>\n<td width=\"294\">3.6L<\/td>\n<\/tr>\n<tr>\n<td width=\"83\">2020<\/td>\n<td width=\"83\">Chrysler<\/td>\n<td width=\"142\">300<\/td>\n<td width=\"275\">C, Limited, S, Touring, Touring L<\/td>\n<td width=\"294\">3.6L V6 - Flex, 3.6L, 5.7L<\/td>\n<\/tr>\n<tr>\n<td width=\"83\">2020<\/td>\n<td width=\"83\">Dodge<\/td>\n<td width=\"142\">Challenger<\/td>\n<td width=\"275\">GT, R\/T, SXT<\/td>\n<td width=\"294\">3.6L, 5.7L<\/td>\n<\/tr>\n<tr>\n<td width=\"83\">2020<\/td>\n<td width=\"83\">Dodge<\/td>\n<td width=\"142\">Charger<\/td>\n<td width=\"275\">GT, Pursuit, R\/T, SXT<\/td>\n<td width=\"294\">3.6L V6 - Flex, 3.6L, 5.7L<\/td>\n<\/tr>\n<tr>\n<td width=\"83\">2020<\/td>\n<td width=\"83\">Jeep<\/td>\n<td width=\"142\">Cherokee<\/td>\n<td width=\"275\">Altitude, High Altitude, Latitude, Latitude Plus, Limited, Overland, Trailhawk, Trailhawk Elite, Upland<\/td>\n<td width=\"294\">2.0L, 2.4L, 3.2L<\/td>\n<\/tr>\n<tr>\n<td width=\"83\">2020<\/td>\n<td width=\"83\">Jeep<\/td>\n<td width=\"142\">Compass<\/td>\n<td width=\"275\">Altitude, High Altitude, Latitude, Limited, Sport, Trailhawk<\/td>\n<td width=\"294\">2.4L<\/td>\n<\/tr>\n<tr>\n<td width=\"83\">2020<\/td>\n<td width=\"83\">Jeep<\/td>\n<td width=\"142\">Gladiator<\/td>\n<td width=\"275\">Altitude, Launch Edition, Mojave, Overland, Rubicon, Sport, Sport S<\/td>\n<td width=\"294\">3.6L<\/td>\n<\/tr>\n<tr>\n<td width=\"83\">2019<\/td>\n<td width=\"83\">Jeep<\/td>\n<td width=\"142\">Cherokee<\/td>\n<td width=\"275\">Altitude, High Altitude, Latitude, Latitude Plus, Limited, Overland, Trailhawk, Trailhawk Elite<\/td>\n<td width=\"294\">2.0L, 2.4L, 3.2L<\/td>\n<\/tr>\n<tr>\n<td width=\"83\">2019<\/td>\n<td width=\"83\">Jeep<\/td>\n<td width=\"142\">Compass<\/td>\n<td width=\"275\">Altitude, High Altitude, Latitude, Limited, Sport, Trailhawk, Upland<\/td>\n<td width=\"294\">2.4L<\/td>\n<\/tr>\n<tr>\n<td width=\"83\">2019<\/td>\n<td width=\"83\">Jeep<\/td>\n<td width=\"142\">Renegade<\/td>\n<td width=\"275\">Altitude, High Altitude, Latitude, Limited, Sport, Trailhawk, Upland<\/td>\n<td width=\"294\">1.3L, 2.4L<\/td>\n<\/tr>\n<tr>\n<td width=\"83\">2018<\/td>\n<td width=\"83\">Fiat<\/td>\n<td width=\"142\">500X<\/td>\n<td width=\"275\">Lounge, Pop, Trekking, Urbana<\/td>\n<td width=\"294\">1.4L, 2.4L<\/td>\n<\/tr>\n<tr>\n<td width=\"83\">2018<\/td>\n<td width=\"83\">Jeep<\/td>\n<td width=\"142\">Cherokee<\/td>\n<td width=\"275\">Latitude, Latitude Plus, Limited, Overland, Trailhawk<\/td>\n<td width=\"294\">2.4L, 3.2L<\/td>\n<\/tr>\n<tr>\n<td width=\"83\">2018<\/td>\n<td width=\"83\">Jeep<\/td>\n<td width=\"142\">Compass<\/td>\n<td width=\"275\">Latitude, Limited, Sport, Trailhawk<\/td>\n<td width=\"294\">2.4L<\/td>\n<\/tr>\n<tr>\n<td width=\"83\">2018<\/td>\n<td width=\"83\">Jeep<\/td>\n<td width=\"142\">Renegade<\/td>\n<td width=\"275\">Altitude, Latitude, Limited, Sport, Trailhawk<\/td>\n<td width=\"294\">1.4L, 2.4L L4 - Flex, 2.4L<\/td>\n<\/tr>\n<tr>\n<td width=\"83\">2017<\/td>\n<td width=\"83\">Chrysler<\/td>\n<td width=\"142\">200<\/td>\n<td width=\"275\">C, LX, Limited, S<\/td>\n<td width=\"294\">2.4L, 3.6L V6 - Flex<\/td>\n<\/tr>\n<tr>\n<td width=\"83\">2017<\/td>\n<td width=\"83\">Fiat<\/td>\n<td width=\"142\">500X<\/td>\n<td width=\"275\">Lounge, Pop, Trekking<\/td>\n<td width=\"294\">1.4L, 2.4L<\/td>\n<\/tr>\n<tr>\n<td width=\"83\">2017<\/td>\n<td width=\"83\">Jeep<\/td>\n<td width=\"142\">Cherokee<\/td>\n<td width=\"275\">Latitude, Limited, Overland, Sport, Trailhawk<\/td>\n<td width=\"294\">2.4L, 3.2L<\/td>\n<\/tr>\n<tr>\n<td width=\"83\">2017<\/td>\n<td width=\"83\">Jeep<\/td>\n<td width=\"142\">Compass<\/td>\n<td width=\"275\">Latitude, Limited, Sport, Trailhawk<\/td>\n<td width=\"294\">2.4L<\/td>\n<\/tr>\n<tr>\n<td width=\"83\">2017<\/td>\n<td width=\"83\">Jeep<\/td>\n<td width=\"142\">Renegade<\/td>\n<td width=\"275\">Latitude, Limited, Sport, Trailhawk<\/td>\n<td width=\"294\">1.4L, 2.4L L4 - Flex, 2.4L<\/td>\n<\/tr>\n<tr>\n<td width=\"83\">2016<\/td>\n<td width=\"83\">Chrysler<\/td>\n<td width=\"142\">200<\/td>\n<td width=\"275\">C, LX, Limited, S<\/td>\n<td width=\"294\">2.4L, 3.6L V6 - Flex<\/td>\n<\/tr>\n<tr>\n<td width=\"83\">2016<\/td>\n<td width=\"83\">Dodge<\/td>\n<td width=\"142\">Dart<\/td>\n<td width=\"275\">Aero, GT, Limited, SE, SXT, SXT Sport<\/td>\n<td width=\"294\">1.4L, 2.0L, 2.4L<\/td>\n<\/tr>\n<tr>\n<td width=\"83\">2016<\/td>\n<td width=\"83\">Fiat<\/td>\n<td width=\"142\">500X<\/td>\n<td width=\"275\">Easy, Lounge, Pop, Trekking, Trekking Plus<\/td>\n<td width=\"294\">1.4L, 2.4L<\/td>\n<\/tr>\n<tr>\n<td width=\"83\">2016<\/td>\n<td width=\"83\">Jeep<\/td>\n<td width=\"142\">Cherokee<\/td>\n<td width=\"275\">75th Anniversary, Latitude, Limited, Overland, Sport, Trailhawk<\/td>\n<td width=\"294\">2.4L, 3.2L<\/td>\n<\/tr>\n<tr>\n<td width=\"83\">2016<\/td>\n<td width=\"83\">Jeep<\/td>\n<td width=\"142\">Renegade<\/td>\n<td width=\"275\">75th Anniversary, Dawn Of Justice, Latitude, Limited, Sport, Trailhawk<\/td>\n<td width=\"294\">1.4L, 2.4L L4 - Flex, 2.4L<\/td>\n<\/tr>\n<tr>\n<td width=\"83\">2015<\/td>\n<td width=\"83\">Chrysler<\/td>\n<td width=\"142\">200<\/td>\n<td width=\"275\">C, LX, Limited, S<\/td>\n<td width=\"294\">2.4L, 3.6L V6 - Flex<\/td>\n<\/tr>\n<tr>\n<td width=\"83\">2015<\/td>\n<td width=\"83\">Dodge<\/td>\n<td width=\"142\">Dart<\/td>\n<td width=\"275\">Aero, GT, Limited, SE, SXT<\/td>\n<td width=\"294\">1.4L, 2.0L, 2.4L<\/td>\n<\/tr>\n<tr>\n<td width=\"83\">2015<\/td>\n<td width=\"83\">Jeep<\/td>\n<td width=\"142\">Cherokee<\/td>\n<td width=\"275\">Latitude, Limited, Sport, Trailhawk<\/td>\n<td width=\"294\">2.4L, 3.2L<\/td>\n<\/tr>\n<tr>\n<td width=\"83\">2015<\/td>\n<td width=\"83\">Jeep<\/td>\n<td width=\"142\">Renegade<\/td>\n<td width=\"275\">Latitude, Limited, Sport, Trailhawk<\/td>\n<td width=\"294\">1.4L, 2.4L L4 - Flex, 2.4L<\/td>\n<\/tr>\n<tr>\n<td width=\"83\">2014<\/td>\n<td width=\"83\">Dodge<\/td>\n<td width=\"142\">Dart<\/td>\n<td width=\"275\">Aero, GT, Limited, SE, SXT<\/td>\n<td width=\"294\">1.4L, 2.0L, 2.4L<\/td>\n<\/tr>\n<tr>\n<td width=\"83\">2014<\/td>\n<td width=\"83\">Jeep<\/td>\n<td width=\"142\">Cherokee<\/td>\n<td width=\"275\">Latitude, Limited, Sport, Trailhawk<\/td>\n<td width=\"294\">2.4L, 3.2L<\/td>\n<\/tr>\n<tr>\n<td width=\"83\">2013<\/td>\n<td width=\"83\">Dodge<\/td>\n<td width=\"142\">Dart<\/td>\n<td width=\"275\">Aero, GT, Limited, Rallye, SE, SXT<\/td>\n<td width=\"294\">1.4L, 2.0L, 2.4L<\/td>\n<\/tr>\n<tr>\n<td width=\"83\">2011<\/td>\n<td width=\"83\">Ram<\/td>\n<td width=\"142\">1500<\/td>\n<td width=\"275\">Big Horn, Laramie, Laramie Longhorn, Outdoorsman, SLT, ST, Sport, Tradesman<\/td>\n<td width=\"294\">5.7L<\/td>\n<\/tr>\n<tr>\n<td width=\"83\">2011<\/td>\n<td width=\"83\">Ram<\/td>\n<td width=\"142\">Dakota<\/td>\n<td width=\"275\">Big Horn, Laramie, ST, TRX<\/td>\n<td width=\"294\">3.7L, 4.7L V8 - Flex<\/td>\n<\/tr>\n<tr>\n<td width=\"83\">2010<\/td>\n<td width=\"83\">Dodge<\/td>\n<td width=\"142\">Dakota<\/td>\n<td width=\"275\">Big Horn, Laramie, Lone Star, ST, TRX4<\/td>\n<td width=\"294\">3.7L, 4.7L V8 - Flex<\/td>\n<\/tr>\n<tr>\n<td width=\"83\">2009<\/td>\n<td width=\"83\">Dodge<\/td>\n<td width=\"142\">Dakota<\/td>\n<td width=\"275\">Big Horn, Laramie, Lone Star, ST, TRX4<\/td>\n<td width=\"294\">3.7L, 4.7L V8 - Flex<\/td>\n<\/tr>\n<tr>\n<td width=\"83\">2008<\/td>\n<td width=\"83\">Dodge<\/td>\n<td width=\"142\">Dakota<\/td>\n<td width=\"275\">Laramie, SLT, ST, SXT, Sport, TRX<\/td>\n<td width=\"294\">3.7L, 4.7L V8 - Flex<\/td>\n<\/tr>\n<tr>\n<td width=\"83\">2008<\/td>\n<td width=\"83\">Dodge<\/td>\n<td width=\"142\">Ram 1500<\/td>\n<td width=\"275\">Laramie, SLT, ST<\/td>\n<td width=\"294\">3.7L, 4.7L V8 - Flex, 4.7L, 5.7L<\/td>\n<\/tr>\n<tr>\n<td width=\"83\">2007<\/td>\n<td width=\"83\">Dodge<\/td>\n<td width=\"142\">Dakota<\/td>\n<td width=\"275\">Laramie, SLT, ST<\/td>\n<td width=\"294\">3.7L, 4.7L V8 - Flex, 4.7L<\/td>\n<\/tr>\n<tr>\n<td width=\"83\">2007<\/td>\n<td width=\"83\">Dodge<\/td>\n<td width=\"142\">Ram 1500<\/td>\n<td width=\"275\">Laramie, SLT, ST, Sport, TRX4<\/td>\n<td width=\"294\">3.7L, 4.7L V8 - Flex, 4.7L, 5.7L<\/td>\n<\/tr>\n<\/tbody>\n<\/table>\n<p>&nbsp;<\/p>\n<p>&nbsp;<\/p>\n<p>The <strong>System EVAP<\/strong> (skr\u00f3t od <em>System kontroli emisji par paliwa<\/em>) to system redukcji emisji w pojazdach, kt\u00f3ry zosta\u0142 specjalnie opracowany w celu kontrolowania parowania paliwa i zapobiegania ich uwalnianiu do atmosfery. Opary te sk\u0142adaj\u0105 si\u0119 z w\u0119glowodor\u00f3w, kt\u00f3re powstaj\u0105 podczas odparowywania benzyny w zbiorniku paliwa. System EVAP wychwytuje te opary, a nast\u0119pnie przekazuje je do silnika w celu spalenia.<\/p>\n<h4><strong>G\u0142\u00f3wne elementy systemu EVAP<\/strong><\/h4>\n<ol>\n<li><strong>Zbiornik paliwa<\/strong>W tym miejscu powstaj\u0105 gazy parowania, kt\u00f3re nale\u017cy zebra\u0107.<\/li>\n<li><strong>Filtr z w\u0119glem aktywnym (poch\u0142aniacz w\u0119gla drzewnego)<\/strong>Filtr z w\u0119glem aktywnym zatrzymuje opary unosz\u0105ce si\u0119 ze zbiornika paliwa. W\u0119giel aktywny mo\u017ce poch\u0142ania\u0107 opary w\u0119glowodor\u00f3w i zatrzymywa\u0107 je do momentu, gdy b\u0119d\u0105 mog\u0142y zosta\u0107 wprowadzone do silnika.<\/li>\n<li><strong>Zaw\u00f3r odpowietrzaj\u0105cy (zaw\u00f3r upustowy)<\/strong>Zaw\u00f3r ten kontroluje uwalnianie zgromadzonych opar\u00f3w. W pewnych warunkach (np. podczas pracy silnika) zaw\u00f3r jest otwierany, dzi\u0119ki czemu opary dostaj\u0105 si\u0119 do komory spalania przez wlot silnika i s\u0105 tam spalane.<\/li>\n<li><strong>Czujniki ci\u015bnienia i jednostka steruj\u0105ca<\/strong>Nowoczesne pojazdy s\u0105 wyposa\u017cone w czujniki monitoruj\u0105ce ci\u015bnienie i szczelno\u015b\u0107 uk\u0142adu EVAP. Jednostka steruj\u0105ca rejestruje wszelkie nieszczelno\u015bci lub usterki i mo\u017ce wyda\u0107 komunikat o b\u0142\u0119dzie (np. za pomoc\u0105 kontrolki silnika).<\/li>\n<\/ol>\n<h4><\/h4>\n<h4>Jak dzia\u0142a system EVAP<\/h4>\n<ul>\n<li><strong>Przechowywanie opar\u00f3w<\/strong>Gdy tylko paliwo odparuje w zbiorniku, opary unosz\u0105 si\u0119 i s\u0105 gromadzone w filtrze z w\u0119glem aktywnym.<\/li>\n<li><strong>Dopuszczenie do spalania<\/strong>Gdy silnik pracuje, zaw\u00f3r upustowy otwiera si\u0119 w kontrolowanych warunkach, a opary dostaj\u0105 si\u0119 do silnika w celu spalenia. W ten spos\u00f3b paliwo jest efektywnie wykorzystywane zamiast wydostawa\u0107 si\u0119 do \u015brodowiska.<\/li>\n<li><strong>Monitorowanie<\/strong>Szczelno\u015b\u0107 systemu ma kluczowe znaczenie dla jego funkcjonalno\u015bci. Czujniki stale monitoruj\u0105 stan uk\u0142adu EVAP i wy\u015bwietlaj\u0105 komunikat o b\u0142\u0119dzie w przypadku wycieku lub awarii.<\/li>\n<\/ul>\n<h4><\/h4>\n<h4>Mo\u017cliwe problemy<\/h4>\n<p>Cz\u0119ste problemy z systemem EVAP s\u0105 spowodowane przez<\/p>\n<ul>\n<li><strong>Uszkodzone zawory lub nieszczelno\u015bci<\/strong>Nieszczelny korek wlewu paliwa lub uszkodzone przewody w uk\u0142adzie EVAP mog\u0105 wp\u0142ywa\u0107 na ci\u015bnienie w uk\u0142adzie i powodowa\u0107 wy\u015bwietlenie komunikatu o b\u0142\u0119dzie.<\/li>\n<li><strong>Zatkany filtr z w\u0119glem aktywnym<\/strong>W starszych pojazdach filtr z w\u0119glem aktywnym mo\u017ce ulec zu\u017cyciu lub zablokowaniu, przez co nie b\u0119dzie w stanie skutecznie zatrzymywa\u0107 opar\u00f3w.<\/li>\n<li><strong>B\u0142\u0119dy elektroniczne<\/strong>Awaria jednostki steruj\u0105cej lub wadliwe czujniki mog\u0105 powodowa\u0107 wy\u015bwietlanie komunikat\u00f3w o b\u0142\u0119dach.<\/li>\n<\/ul>\n<p>&nbsp;<\/p>\n<h4>Typowe kody b\u0142\u0119d\u00f3w zwi\u0105zane z systemem wentylacji zbiornika<\/h4>\n<ul>\n<li><strong>P0440<\/strong>Wydajno\u015b\u0107 systemu EVAP<\/li>\n<li><strong>P0441<\/strong>Monitorowanie przep\u0142ywu odpowietrznika EVAP<\/li>\n<li><strong>P0442<\/strong>Monitorowanie nieszczelno\u015bci uk\u0142adu EVAP - wykryto \u015bredni\u0105 nieszczelno\u015b\u0107<\/li>\n<li><strong>P0443<\/strong>Obw\u00f3d elektromagnetycznego zaworu odpowietrzaj\u0105cego EVAP<\/li>\n<li><strong>P0444<\/strong>Obw\u00f3d zaworu steruj\u0105cego uk\u0142adu EVAP - otwarty<\/li>\n<li><strong>P0445<\/strong>Obw\u00f3d zaworu steruj\u0105cego uk\u0142adu EVAP - zwarcie<\/li>\n<li><strong>P0446<\/strong>Wydajno\u015b\u0107 zaworu odpowietrzaj\u0105cego EVAP<\/li>\n<li><strong>P0447<\/strong>Obw\u00f3d steruj\u0105cy zaworu odpowietrzaj\u0105cego EVAP - otwarty<\/li>\n<li><strong>P0448<\/strong>Obw\u00f3d steruj\u0105cy zaworu odpowietrzaj\u0105cego EVAP - zwarcie<\/li>\n<li><strong>P0449<\/strong>Obw\u00f3d odpowietrznika\/zaworu elektromagnetycznego uk\u0142adu EVAP<\/li>\n<li><strong>P0450<\/strong>Czujnik ci\u015bnienia\/prze\u0142\u0105cznik uk\u0142adu EVAP<\/li>\n<li><strong>P0451<\/strong>Czujnik ci\u015bnienia\/prze\u0142\u0105cznik uk\u0142adu EVAP - zakres\/wydajno\u015b\u0107<\/li>\n<li><strong>P0452<\/strong>Obw\u00f3d czujnika ci\u015bnienia EVAP - niskie napi\u0119cie<\/li>\n<li><strong>P0453<\/strong>Obw\u00f3d czujnika ci\u015bnienia EVAP - przepi\u0119cie<\/li>\n<li><strong>P0454<\/strong>Czujnik ci\u015bnienia\/prze\u0142\u0105cznik uk\u0142adu EVAP - Przerywany<\/li>\n<li><strong>P0455<\/strong>Monitorowanie wycieku EVAP - wykryto du\u017cy wyciek<\/li>\n<li><strong>P0456<\/strong>Monitorowanie wycieku EVAP - wykryto niewielki wyciek (0,020 cala)<\/li>\n<li><strong>P0457<\/strong>Wykryto wyciek EVAP (korek wlewu paliwa poluzowany\/od\u0142\u0105czony)<\/li>\n<li><strong>P0458<\/strong>Obw\u00f3d zaworu steruj\u0105cego uk\u0142adu EVAP - niski<\/li>\n<li><strong>P0459<\/strong>Obw\u00f3d zaworu steruj\u0105cego uk\u0142adu EVAP - Wysoki<\/li>\n<\/ul>\n<h4><\/h4>\n<h4>Dlaczego warto wybra\u0107 oryginalne cz\u0119\u015bci zamienne Mopar?<\/h4>\n<p><strong>Idealne dopasowanie i najwy\u017csza jako\u015b\u0107:<\/strong> Oryginalne cz\u0119\u015bci zamienne Mopar s\u0105 produkowane zgodnie ze \u015bcis\u0142ymi specyfikacjami producenta, co oznacza, \u017ce idealnie pasuj\u0105 do Twojego pojazdu. Zapewnia to nie tylko \u0142atw\u0105 instalacj\u0119, ale tak\u017ce optymaln\u0105 funkcjonalno\u015b\u0107 i bezpiecze\u0144stwo.<\/p>\n<p><strong>Niezawodno\u015b\u0107 i trwa\u0142o\u015b\u0107:<\/strong> Dzi\u0119ki zastosowaniu wysokiej jako\u015bci materia\u0142\u00f3w i rygorystycznej kontroli jako\u015bci, cz\u0119\u015bci zamienne Mopar zapewniaj\u0105 niezawodne dzia\u0142anie pojazdu nawet w ekstremalnych warunkach. Zosta\u0142y zaprojektowane z my\u015bl\u0105 o trwa\u0142o\u015bci i maksymalizacji osi\u0105g\u00f3w pojazdu.<\/p>\n<p>&nbsp;<\/p>\n<p>&nbsp;<\/p>","protected":false},"excerpt":{"rendered":"<p>Oryginalna cz\u0119\u015b\u0107 Mopar<\/p>\n<p>2007\u20132025<\/p>","protected":false},"featured_media":68312038,"comment_status":"open","ping_status":"closed","template":"","meta":{"_acf_changed":false},"product_brand":[16270],"product_cat":[10262,8138,7254,4980,7264,2878,7275,8139,7284,2879,7288,2881,7300,2882,7296,8140,7309,5159,7318,2885,7327,2886,7331,7376,6789,7416,7761,7757],"product_tag":[8345,8346,8347,8340,8348,52,8341,8342,8343,18692,8344,3612,54,53,48,677,1197,7473,8188,49,3853,8187,8141,8183,8186,8177,8178,8181,2217,6545,7941,8450,8189,8179,8176,31,8813,9424,16271,16273,16275,16272,16274,7221,86,7474,713,8185,8142,8184,8190,8273,8191,5276,8180],"class_list":{"0":"post-68312035","1":"product","2":"type-product","3":"status-publish","4":"has-post-thumbnail","6":"product_brand-mopar","7":"product_cat-alle-produkte","8":"product_cat-300c-36-kraftstoffversorgung","9":"product_cat-300c-36-sensoren","10":"product_cat-300c-57-2011-2023-kraftstoffversorgung","11":"product_cat-300c-57-2011-2023-sensoren","12":"product_cat-300c-64-kraftstoffversorgung","13":"product_cat-300c-64-sensoren","14":"product_cat-challenger-36-kraftstoffversorgung","15":"product_cat-challenger-36-sensoren","16":"product_cat-challenger-57-kraftstoffversorgung","17":"product_cat-challenger-57-sensoren","18":"product_cat-challenger-hellcat-kraftstoffversorgung","19":"product_cat-challenger-hellcat-sensoren","20":"product_cat-challenger-64-kraftstoffversorgung","21":"product_cat-challenger-64-sensoren","22":"product_cat-charger-36-kraftstoffversorgung","23":"product_cat-charger-36-sensoren","24":"product_cat-charger-57-2011-2023-kraftstoffversorgung","25":"product_cat-charger-57-2011-2023-sensoren","26":"product_cat-charger-hellcat-kraftstoffversorgung","27":"product_cat-charger-hellcat-sensoren","28":"product_cat-charger-64-kraftstoffversorgung","29":"product_cat-charger-64-sensoren","30":"product_cat-gladiator-36-sensoren","31":"product_cat-wagoneer-64-kraftstoffversorgung","32":"product_cat-wagoneer-64-sensoren","33":"product_cat-1500-57-2003-2008-kraftstoffversorgung","34":"product_cat-1500-57-2003-2008-sensoren","35":"product_tag-04861961aa","36":"product_tag-04861961ab","37":"product_tag-04861961ac","38":"product_tag-04861961ad","39":"product_tag-04891686aa","40":"product_tag-300c","41":"product_tag-4861961aa","42":"product_tag-4861961ab","43":"product_tag-4861961ac","44":"product_tag-4861961ad","45":"product_tag-4891686aa","46":"product_tag-aktivkohlefilter","47":"product_tag-challenger","48":"product_tag-charger","49":"product_tag-chrysler","50":"product_tag-compass","51":"product_tag-dakota","52":"product_tag-dart","53":"product_tag-defekte-im-evap-system-beheben","54":"product_tag-dodge","55":"product_tag-dodge-challenger","56":"product_tag-drucktest-evap-system","57":"product_tag-evap","58":"product_tag-evap-drucksensor","59":"product_tag-evap-kanister","60":"product_tag-evap-lecksuche","61":"product_tag-evap-system-fehlercodes","62":"product_tag-evap-ventil","63":"product_tag-gladiator","64":"product_tag-grand-wagoneer","65":"product_tag-hornet","66":"product_tag-integritaetsmodul","67":"product_tag-kraftstoffdampf-absorptionssystem","68":"product_tag-kraftstoffdampfabscheider","69":"product_tag-kraftstofftankbelueftung","70":"product_tag-mopar","71":"product_tag-mopar-autoteile","72":"product_tag-mopar-ersatzteile","73":"product_tag-mopar-ersatzteile-kaufen","74":"product_tag-mopar-performance-teile","75":"product_tag-mopar-teile-katalog","76":"product_tag-mopar-teile-online","77":"product_tag-mopar-tuningteile","78":"product_tag-mopar10","79":"product_tag-ram","80":"product_tag-renegade","81":"product_tag-sensor","82":"product_tag-tankdrucksensor-evap","83":"product_tag-tankentlueftung","84":"product_tag-tankentlueftungsventil","85":"product_tag-tankventilation-pruefen","86":"product_tag-ueberwachungsmodul","87":"product_tag-undichtigkeit","88":"product_tag-wagoneer","89":"product_tag-wartung-des-evap-systems","91":"first","92":"instock","93":"taxable","94":"shipping-taxable","95":"purchasable","96":"product-type-simple"},"bundled_by":[],"bundle_stock_status":"instock","bundle_stock_quantity":4,"bundle_virtual":false,"bundle_layout":"","bundle_add_to_cart_form_location":"","bundle_editable_in_cart":false,"bundle_sold_individually_context":"","bundle_item_grouping":"","bundle_min_size":"","bundle_max_size":"","bundle_price":[],"bundled_items":[],"bundle_sell_ids":[],"exclude_global_add_ons":[],"addons":[],"acf":[],"_links":{"self":[{"href":"https:\/\/kraftwerk-shop.cc\/pl\/wp-json\/wp\/v2\/product\/68312035","targetHints":{"allow":["GET"]}}],"collection":[{"href":"https:\/\/kraftwerk-shop.cc\/pl\/wp-json\/wp\/v2\/product"}],"about":[{"href":"https:\/\/kraftwerk-shop.cc\/pl\/wp-json\/wp\/v2\/types\/product"}],"replies":[{"embeddable":true,"href":"https:\/\/kraftwerk-shop.cc\/pl\/wp-json\/wp\/v2\/comments?post=68312035"}],"version-history":[{"count":0,"href":"https:\/\/kraftwerk-shop.cc\/pl\/wp-json\/wp\/v2\/product\/68312035\/revisions"}],"wp:featuredmedia":[{"embeddable":true,"href":"https:\/\/kraftwerk-shop.cc\/pl\/wp-json\/wp\/v2\/media\/68312038"}],"wp:attachment":[{"href":"https:\/\/kraftwerk-shop.cc\/pl\/wp-json\/wp\/v2\/media?parent=68312035"}],"wp:term":[{"taxonomy":"product_brand","embeddable":true,"href":"https:\/\/kraftwerk-shop.cc\/pl\/wp-json\/wp\/v2\/product_brand?post=68312035"},{"taxonomy":"product_cat","embeddable":true,"href":"https:\/\/kraftwerk-shop.cc\/pl\/wp-json\/wp\/v2\/product_cat?post=68312035"},{"taxonomy":"product_tag","embeddable":true,"href":"https:\/\/kraftwerk-shop.cc\/pl\/wp-json\/wp\/v2\/product_tag?post=68312035"}],"curies":[{"name":"wp","href":"https:\/\/api.w.org\/{rel}","templated":true}]}}