{"id":68312108,"date":"2024-11-30T16:56:37","date_gmt":"2024-11-30T15:56:37","guid":{"rendered":"https:\/\/kraftwerk-shop.cc\/?post_type=product&#038;p=68312108"},"modified":"2026-02-15T01:15:21","modified_gmt":"2026-02-15T00:15:21","slug":"mopar-uszczelka-pompy-wodnej-68214109ab","status":"publish","type":"product","link":"https:\/\/kraftwerk-shop.cc\/pl\/produkt\/mopar-dichtung-wasserpumpe-68214109ab\/","title":{"rendered":"Uszczelka pompy wody ch\u0142odz\u0105cej Mopar (68214109AB)"},"content":{"rendered":"<h1>Oryginalna uszczelka Mopar pompy wody ch\u0142odz\u0105cej \/ pompy wody (68214109AB) do Chrysler Pacifica, Voyager, Dodge Durango, Jeep Grand Cherokee, Gladiator, Wrangler i RAM 1500 3.6<\/h1>\n<p>&nbsp;<\/p>\n<p><strong>Numer cz\u0119\u015bci Mopar:<\/strong> <span class=\"list-value sku-display\">68214109AB<\/span><br \/>\n<strong>Zast\u0119puje numer cz\u0119\u015bci: -<\/strong><\/p>\n<p>&nbsp;<\/p>\n<p><strong>Odpowiedni dla:<\/strong><\/p>\n<table width=\"877\">\n<tbody>\n<tr>\n<td width=\"83\"><strong>Rok<\/strong><\/td>\n<td width=\"83\"><strong>Marka<\/strong><\/td>\n<td width=\"142\"><strong>Model<\/strong><\/td>\n<td width=\"275\"><strong>Wersja<\/strong><\/td>\n<td width=\"294\"><strong>Silnik<\/strong><\/td>\n<\/tr>\n<tr>\n<td width=\"83\">2025<\/td>\n<td width=\"83\">Chrysler<\/td>\n<td width=\"142\">Pacifica<\/td>\n<td width=\"275\">Hybrid Pinnacle, Hybrid Select, Limited, Pinnacle, Select<\/td>\n<td width=\"294\">3.6L V6 - Elektryczny\/Gazowy, 3.6L<\/td>\n<\/tr>\n<tr>\n<td width=\"83\">2025<\/td>\n<td width=\"83\">Chrysler<\/td>\n<td width=\"142\">Voyager<\/td>\n<td width=\"275\">LX<\/td>\n<td width=\"294\">3.6L<\/td>\n<\/tr>\n<tr>\n<td width=\"83\">2025<\/td>\n<td width=\"83\">Dodge<\/td>\n<td width=\"142\">Durango<\/td>\n<td width=\"275\">GT, GT Plus<\/td>\n<td width=\"294\">3.6L<\/td>\n<\/tr>\n<tr>\n<td width=\"83\">2025<\/td>\n<td width=\"83\">Jeep<\/td>\n<td width=\"142\">Gladiator<\/td>\n<td width=\"275\">Mojave, Mojave X, Rubicon, Rubicon X, Sport, Sport S, Willys<\/td>\n<td width=\"294\">3.6L<\/td>\n<\/tr>\n<tr>\n<td width=\"83\">2025<\/td>\n<td width=\"83\">Ram<\/td>\n<td width=\"142\">1500<\/td>\n<td width=\"275\">Big Horn, Lone Star, Tradesman, Tradesman HFE<\/td>\n<td width=\"294\">3.6L V6 - Elektryczny\/Gazowy<\/td>\n<\/tr>\n<tr>\n<td width=\"83\">2024<\/td>\n<td width=\"83\">Chrysler<\/td>\n<td width=\"142\">Pacifica<\/td>\n<td width=\"275\">Hybrid Pinnacle, Hybrid Premium S Appearance, Hybrid Road Tripper, Hybrid S Appearance, Hybrid Select, Limited, Pinnacle, Touring, Touring L<\/td>\n<td width=\"294\">3.6L V6 - Elektryczny\/Gazowy, 3.6L<\/td>\n<\/tr>\n<tr>\n<td width=\"83\">2024<\/td>\n<td width=\"83\">Chrysler<\/td>\n<td width=\"142\">Voyager<\/td>\n<td width=\"275\">LX<\/td>\n<td width=\"294\">3.6L<\/td>\n<\/tr>\n<tr>\n<td width=\"83\">2024<\/td>\n<td width=\"83\">Dodge<\/td>\n<td width=\"142\">Durango<\/td>\n<td width=\"275\">Citadel, GT, GT Plus, GT Premium, Pursuit, SXT, SXT Plus<\/td>\n<td width=\"294\">3.6L<\/td>\n<\/tr>\n<tr>\n<td width=\"83\">2024<\/td>\n<td width=\"83\">Jeep<\/td>\n<td width=\"142\">Gladiator<\/td>\n<td width=\"275\">Mojave, Mojave X, Rubicon, Rubicon X, Sport, Sport S, Willys<\/td>\n<td width=\"294\">3.6L<\/td>\n<\/tr>\n<tr>\n<td width=\"83\">2024<\/td>\n<td width=\"83\">Jeep<\/td>\n<td width=\"142\">Grand Cherokee<\/td>\n<td width=\"275\">Altitude, Altitude X, Laredo, Laredo A, Laredo X, Limited, Overland, Summit, Summit Reserve<\/td>\n<td width=\"294\">3.6L<\/td>\n<\/tr>\n<tr>\n<td width=\"83\">2024<\/td>\n<td width=\"83\">Jeep<\/td>\n<td width=\"142\">Grand Cherokee L<\/td>\n<td width=\"275\">Altitude, Altitude X, Laredo, Laredo X, Limited, Overland, Summit, Summit Reserve<\/td>\n<td width=\"294\">3.6L V6 - Flex<\/td>\n<\/tr>\n<tr>\n<td width=\"83\">2024<\/td>\n<td width=\"83\">Jeep<\/td>\n<td width=\"142\">Wrangler<\/td>\n<td width=\"275\">Rubicon, Rubicon X, Sport, Sport S, Unlimited Sahara, Willys<\/td>\n<td width=\"294\">3.6L<\/td>\n<\/tr>\n<tr>\n<td width=\"83\">2024<\/td>\n<td width=\"83\">Ram<\/td>\n<td width=\"142\">1500<\/td>\n<td width=\"275\">Big Horn, Laramie, Limited Longhorn, Lone Star, Rebel, Tradesman<\/td>\n<td width=\"294\">3.6L V6 - Elektryczny\/Gazowy<\/td>\n<\/tr>\n<tr>\n<td width=\"83\">2024<\/td>\n<td width=\"83\">Ram<\/td>\n<td width=\"142\">ProMaster 1500<\/td>\n<td width=\"275\">SLT+, Tradesman<\/td>\n<td width=\"294\">3.6L V6 - Flex<\/td>\n<\/tr>\n<tr>\n<td width=\"83\">2024<\/td>\n<td width=\"83\">Ram<\/td>\n<td width=\"142\">ProMaster 2500<\/td>\n<td width=\"275\">SLT+, Tradesman<\/td>\n<td width=\"294\">3.6L V6 - Flex<\/td>\n<\/tr>\n<tr>\n<td width=\"83\">2024<\/td>\n<td width=\"83\">Ram<\/td>\n<td width=\"142\">ProMaster 3500<\/td>\n<td width=\"275\">SLT+, Tradesman<\/td>\n<td width=\"294\">3.6L V6 - Flex<\/td>\n<\/tr>\n<tr>\n<td width=\"83\">2023<\/td>\n<td width=\"83\">Chrysler<\/td>\n<td width=\"142\">Pacifica<\/td>\n<td width=\"275\">Hybrid Limited, Hybrid Pinnacle, Hybrid Touring L, Limited, Pinnacle, Touring, Touring L<\/td>\n<td width=\"294\">3.6L V6 - Elektryczny\/Gazowy, 3.6L<\/td>\n<\/tr>\n<tr>\n<td width=\"83\">2023<\/td>\n<td width=\"83\">Dodge<\/td>\n<td width=\"142\">Durango<\/td>\n<td width=\"275\">Citadel, GT, GT Plus, GT Premium, SXT, SXT Plus<\/td>\n<td width=\"294\">3.6L<\/td>\n<\/tr>\n<tr>\n<td width=\"83\">2023<\/td>\n<td width=\"83\">Jeep<\/td>\n<td width=\"142\">Gladiator<\/td>\n<td width=\"275\">Freedom, High Altitude, Mojave, Overland, Rubicon, Sport, Sport S, Texas Trail, Willys, Willys Sport<\/td>\n<td width=\"294\">3.6L<\/td>\n<\/tr>\n<tr>\n<td width=\"83\">2023<\/td>\n<td width=\"83\">Jeep<\/td>\n<td width=\"142\">Grand Cherokee<\/td>\n<td width=\"275\">Altitude, Laredo, Limited, Overland, Summit, Summit Reserve<\/td>\n<td width=\"294\">3.6L V6 - Flex<\/td>\n<\/tr>\n<tr>\n<td width=\"83\">2023<\/td>\n<td width=\"83\">Jeep<\/td>\n<td width=\"142\">Grand Cherokee L<\/td>\n<td width=\"275\">Altitude, Laredo, Limited, Overland, Summit, Summit Reserve<\/td>\n<td width=\"294\">3.6L V6 - Flex<\/td>\n<\/tr>\n<tr>\n<td width=\"83\">2023<\/td>\n<td width=\"83\">Jeep<\/td>\n<td width=\"142\">Wrangler<\/td>\n<td width=\"275\">Freedom, Rubicon, Sport, Sport S, Unlimited High Altitude, Unlimited Sahara, Unlimited Sahara Altitude, Willys, Willys Sport<\/td>\n<td width=\"294\">3.6L V6 - Elektryczny\/Gazowy, 3.6L<\/td>\n<\/tr>\n<tr>\n<td width=\"83\">2023<\/td>\n<td width=\"83\">Ram<\/td>\n<td width=\"142\">1500<\/td>\n<td width=\"275\">Big Horn, Laramie, Limited Longhorn, Lone Star, Rebel, Tradesman<\/td>\n<td width=\"294\">3.6L V6 - Elektryczny\/Gazowy<\/td>\n<\/tr>\n<tr>\n<td width=\"83\">2023<\/td>\n<td width=\"83\">Ram<\/td>\n<td width=\"142\">ProMaster 1500<\/td>\n<td width=\"275\">Base<\/td>\n<td width=\"294\">3.6L V6 - Flex<\/td>\n<\/tr>\n<tr>\n<td width=\"83\">2023<\/td>\n<td width=\"83\">Ram<\/td>\n<td width=\"142\">ProMaster 2500<\/td>\n<td width=\"275\">Base<\/td>\n<td width=\"294\">3.6L V6 - Flex<\/td>\n<\/tr>\n<tr>\n<td width=\"83\">2023<\/td>\n<td width=\"83\">Ram<\/td>\n<td width=\"142\">ProMaster 3500<\/td>\n<td width=\"275\">Base<\/td>\n<td width=\"294\">3.6L V6 - Flex<\/td>\n<\/tr>\n<tr>\n<td width=\"83\">2022<\/td>\n<td width=\"83\">Chrysler<\/td>\n<td width=\"142\">Pacifica<\/td>\n<td width=\"275\">Hybrid Limited, Hybrid Pinnacle, Hybrid Touring L, Limited, Pinnacle, Touring, Touring L<\/td>\n<td width=\"294\">3.6L V6 - Elektryczny\/Gazowy, 3.6L<\/td>\n<\/tr>\n<tr>\n<td width=\"83\">2022<\/td>\n<td width=\"83\">Chrysler<\/td>\n<td width=\"142\">Voyager<\/td>\n<td width=\"275\">LX<\/td>\n<td width=\"294\">3.6L<\/td>\n<\/tr>\n<tr>\n<td width=\"83\">2022<\/td>\n<td width=\"83\">Dodge<\/td>\n<td width=\"142\">Durango<\/td>\n<td width=\"275\">Citadel, GT, GT Plus, SXT<\/td>\n<td width=\"294\">3.6L<\/td>\n<\/tr>\n<tr>\n<td width=\"83\">2022<\/td>\n<td width=\"83\">Jeep<\/td>\n<td width=\"142\">Gladiator<\/td>\n<td width=\"275\">Altitude, High Altitude, Mojave, Overland, Rubicon, Sport, Sport S, Texas Trail, Willys, Willys Sport<\/td>\n<td width=\"294\">3.6L<\/td>\n<\/tr>\n<tr>\n<td width=\"83\">2022<\/td>\n<td width=\"83\">Jeep<\/td>\n<td width=\"142\">Grand Cherokee<\/td>\n<td width=\"275\">Altitude, Laredo, Limited, Overland, Summit, Summit Reserve, Trailhawk<\/td>\n<td width=\"294\">3.6L V6 - Flex<\/td>\n<\/tr>\n<tr>\n<td width=\"83\">2022<\/td>\n<td width=\"83\">Jeep<\/td>\n<td width=\"142\">Grand Cherokee L<\/td>\n<td width=\"275\">Altitude, Laredo, Limited, Overland, Summit<\/td>\n<td width=\"294\">3.6L V6 - Flex<\/td>\n<\/tr>\n<tr>\n<td width=\"83\">2022<\/td>\n<td width=\"83\">Jeep<\/td>\n<td width=\"142\">Grand Cherokee WK<\/td>\n<td width=\"275\">Laredo E, Laredo X, Limited<\/td>\n<td width=\"294\">3.6L V6 - Flex<\/td>\n<\/tr>\n<tr>\n<td width=\"83\">2022<\/td>\n<td width=\"83\">Jeep<\/td>\n<td width=\"142\">Wrangler<\/td>\n<td width=\"275\">Rubicon, Sport, Sport S, Unlimited High Altitude, Unlimited Rubicon, Unlimited Sahara, Unlimited Sahara Altitude, Unlimited Sport, Unlimited Sport Altitude, Unlimited Sport S, Unlimited Willys, Unlimited Willys Sport, Willys, Willys Sport<\/td>\n<td width=\"294\">3.6L V6 - Elektryczny\/Gazowy, 3.6L<\/td>\n<\/tr>\n<tr>\n<td width=\"83\">2022<\/td>\n<td width=\"83\">Ram<\/td>\n<td width=\"142\">1500<\/td>\n<td width=\"275\">Big Horn, Laramie, Limited Longhorn, Lone Star, Rebel, Tradesman<\/td>\n<td width=\"294\">3.6L V6 - Elektryczny\/Gazowy<\/td>\n<\/tr>\n<tr>\n<td width=\"83\">2022<\/td>\n<td width=\"83\">Ram<\/td>\n<td width=\"142\">ProMaster 1500<\/td>\n<td width=\"275\">Base<\/td>\n<td width=\"294\">3.6L V6 - Flex<\/td>\n<\/tr>\n<tr>\n<td width=\"83\">2022<\/td>\n<td width=\"83\">Ram<\/td>\n<td width=\"142\">ProMaster 2500<\/td>\n<td width=\"275\">Base<\/td>\n<td width=\"294\">3.6L V6 - Flex<\/td>\n<\/tr>\n<tr>\n<td width=\"83\">2022<\/td>\n<td width=\"83\">Ram<\/td>\n<td width=\"142\">ProMaster 3500<\/td>\n<td width=\"275\">Base<\/td>\n<td width=\"294\">3.6L V6 - Flex<\/td>\n<\/tr>\n<tr>\n<td width=\"83\">2021<\/td>\n<td width=\"83\">Chrysler<\/td>\n<td width=\"142\">Pacifica<\/td>\n<td width=\"275\">Hybrid Limited, Hybrid Pinnacle, Hybrid Touring, Hybrid Touring L, Limited, Pinnacle, Touring, Touring L<\/td>\n<td width=\"294\">3.6L V6 - Elektryczny\/Gazowy, 3.6L<\/td>\n<\/tr>\n<tr>\n<td width=\"83\">2021<\/td>\n<td width=\"83\">Chrysler<\/td>\n<td width=\"142\">Voyager<\/td>\n<td width=\"275\">L, LX, LXi<\/td>\n<td width=\"294\">3.6L<\/td>\n<\/tr>\n<tr>\n<td width=\"83\">2021<\/td>\n<td width=\"83\">Dodge<\/td>\n<td width=\"142\">Durango<\/td>\n<td width=\"275\">Citadel, GT, GT Plus, Pursuit, SXT, SXT Plus<\/td>\n<td width=\"294\">3.6L<\/td>\n<\/tr>\n<tr>\n<td width=\"83\">2021<\/td>\n<td width=\"83\">Jeep<\/td>\n<td width=\"142\">Gladiator<\/td>\n<td width=\"275\">80th Anniversary, High Altitude, Mojave, Overland, Rubicon, Sport, Sport S, Texas Trail, Willys, Willys Sport<\/td>\n<td width=\"294\">3.6L<\/td>\n<\/tr>\n<tr>\n<td width=\"83\">2021<\/td>\n<td width=\"83\">Jeep<\/td>\n<td width=\"142\">Grand Cherokee<\/td>\n<td width=\"275\">80th Anniversary, High Altitude, Laredo E, Laredo X, Limited, Limited X, Overland, Summit, Trailhawk<\/td>\n<td width=\"294\">3.6L V6 - Flex<\/td>\n<\/tr>\n<tr>\n<td width=\"83\">2021<\/td>\n<td width=\"83\">Jeep<\/td>\n<td width=\"142\">Grand Cherokee L<\/td>\n<td width=\"275\">Altitude, Laredo, Limited, Overland, Summit, Summit Reserve<\/td>\n<td width=\"294\">3.6L V6 - Flex<\/td>\n<\/tr>\n<tr>\n<td width=\"83\">2021<\/td>\n<td width=\"83\">Jeep<\/td>\n<td width=\"142\">Wrangler<\/td>\n<td width=\"275\">80th Anniversary, Freedom, Islander, Rubicon, Sport, Sport S, Unlimited 80th Anniversary, Unlimited Freedom, Unlimited High Altitude, Unlimited Islander, Unlimited Rubicon, Unlimited Sahara, Unlimited Sahara Altitude, Unlimited Sport, Unlimited Sport Altitude, Unlimited Sport S, Unlimited Willys, Unlimited Willys Sport, Willys, Willys Sport<\/td>\n<td width=\"294\">3.6L V6 - Elektryczny\/Gazowy, 3.6L<\/td>\n<\/tr>\n<tr>\n<td width=\"83\">2021<\/td>\n<td width=\"83\">Ram<\/td>\n<td width=\"142\">1500<\/td>\n<td width=\"275\">Big Horn, HFE, Laramie, Limited Longhorn, Lone Star, Rebel, Tradesman<\/td>\n<td width=\"294\">3.6L V6 - Elektryczny\/Gazowy<\/td>\n<\/tr>\n<tr>\n<td width=\"83\">2020<\/td>\n<td width=\"83\">Chrysler<\/td>\n<td width=\"142\">Pacifica<\/td>\n<td width=\"275\">Hybrid Limited, Hybrid Touring, Hybrid Touring L, Limited, Touring, Touring L, Touring L Plus<\/td>\n<td width=\"294\">3.6L V6 - Elektryczny\/Gazowy, 3.6L<\/td>\n<\/tr>\n<tr>\n<td width=\"83\">2020<\/td>\n<td width=\"83\">Chrysler<\/td>\n<td width=\"142\">Voyager<\/td>\n<td width=\"275\">L, LX, LXi<\/td>\n<td width=\"294\">3.6L<\/td>\n<\/tr>\n<tr>\n<td width=\"83\">2020<\/td>\n<td width=\"83\">Dodge<\/td>\n<td width=\"142\">Durango<\/td>\n<td width=\"275\">Citadel, GT, GT Plus, Pursuit, SXT, SXT Plus, Special Service<\/td>\n<td width=\"294\">3.6L<\/td>\n<\/tr>\n<tr>\n<td width=\"83\">2020<\/td>\n<td width=\"83\">Jeep<\/td>\n<td width=\"142\">Gladiator<\/td>\n<td width=\"275\">Altitude, Launch Edition, Mojave, Overland, Rubicon, Sport, Sport S<\/td>\n<td width=\"294\">3.6L<\/td>\n<\/tr>\n<tr>\n<td width=\"83\">2020<\/td>\n<td width=\"83\">Jeep<\/td>\n<td width=\"142\">Grand Cherokee<\/td>\n<td width=\"275\">Altitude, High Altitude, Laredo, Limited, Limited X, Overland, Summit, Trailhawk, Upland<\/td>\n<td width=\"294\">3.6L V6 - Flex<\/td>\n<\/tr>\n<tr>\n<td width=\"83\">2020<\/td>\n<td width=\"83\">Jeep<\/td>\n<td width=\"142\">Wrangler<\/td>\n<td width=\"275\">Rubicon, Sport, Sport S, Unlimited Rubicon, Unlimited Sahara, Unlimited Sport, Unlimited Sport S<\/td>\n<td width=\"294\">3.6L V6 - Elektryczny\/Gazowy, 3.6L<\/td>\n<\/tr>\n<tr>\n<td width=\"83\">2020<\/td>\n<td width=\"83\">Ram<\/td>\n<td width=\"142\">1500<\/td>\n<td width=\"275\">Big Horn, Laramie, Laramie Longhorn, Limited, Lone Star, Rebel, Tradesman<\/td>\n<td width=\"294\">3.6L V6 - Elektryczny\/Gazowy<\/td>\n<\/tr>\n<tr>\n<td width=\"83\">2019<\/td>\n<td width=\"83\">Chrysler<\/td>\n<td width=\"142\">Pacifica<\/td>\n<td width=\"275\">Hybrid Limited, Hybrid Touring L, Hybrid Touring Plus, L, LX, Limited, Touring, Touring L, Touring L Plus, Touring Plus<\/td>\n<td width=\"294\">3.6L V6 - Elektryczny\/Gazowy, 3.6L<\/td>\n<\/tr>\n<tr>\n<td width=\"83\">2019<\/td>\n<td width=\"83\">Dodge<\/td>\n<td width=\"142\">Durango<\/td>\n<td width=\"275\">Citadel, GT, Pursuit, SXT, SXT Plus, Special Service<\/td>\n<td width=\"294\">3.6L<\/td>\n<\/tr>\n<tr>\n<td width=\"83\">2019<\/td>\n<td width=\"83\">Jeep<\/td>\n<td width=\"142\">Grand Cherokee<\/td>\n<td width=\"275\">Altitude, High Altitude, Laredo, Limited, Limited X, Overland, Summit, Trailhawk, Upland<\/td>\n<td width=\"294\">3.6L V6 - Flex<\/td>\n<\/tr>\n<tr>\n<td width=\"83\">2019<\/td>\n<td width=\"83\">Jeep<\/td>\n<td width=\"142\">Wrangler<\/td>\n<td width=\"275\">Rubicon, Sport, Sport S, Unlimited Moab, Unlimited Rubicon, Unlimited Sahara, Unlimited Sport, Unlimited Sport S<\/td>\n<td width=\"294\">3.6L<\/td>\n<\/tr>\n<tr>\n<td width=\"83\">2019<\/td>\n<td width=\"83\">Ram<\/td>\n<td width=\"142\">1500<\/td>\n<td width=\"275\">Big Horn, Laramie, Laramie Longhorn, Limited, Lone Star, Rebel, Tradesman<\/td>\n<td width=\"294\">3.6L V6 - Elektryczny\/Gazowy<\/td>\n<\/tr>\n<tr>\n<td width=\"83\">2018<\/td>\n<td width=\"83\">Chrysler<\/td>\n<td width=\"142\">Pacifica<\/td>\n<td width=\"275\">Hybrid Limited, Hybrid Touring L, Hybrid Touring Plus, L, LX, Limited, Touring, Touring L, Touring L Plus, Touring Plus<\/td>\n<td width=\"294\">3.6L V6 - Elektryczny\/Gazowy, 3.6L<\/td>\n<\/tr>\n<tr>\n<td width=\"83\">2018<\/td>\n<td width=\"83\">Dodge<\/td>\n<td width=\"142\">Durango<\/td>\n<td width=\"275\">Citadel, GT, SXT, SXT Plus, Special Service<\/td>\n<td width=\"294\">3.6L<\/td>\n<\/tr>\n<tr>\n<td width=\"83\">2018<\/td>\n<td width=\"83\">Jeep<\/td>\n<td width=\"142\">Grand Cherokee<\/td>\n<td width=\"275\">Altitude, High Altitude, Laredo, Limited, Overland, Summit, Trailhawk<\/td>\n<td width=\"294\">3.6L V6 - Flex<\/td>\n<\/tr>\n<tr>\n<td width=\"83\">2018<\/td>\n<td width=\"83\">Jeep<\/td>\n<td width=\"142\">Wrangler<\/td>\n<td width=\"275\">Rubicon, Sport, Sport S, Unlimited Moab, Unlimited Rubicon, Unlimited Sahara, Unlimited Sport, Unlimited Sport S<\/td>\n<td width=\"294\">3.6L<\/td>\n<\/tr>\n<tr>\n<td width=\"83\">2017<\/td>\n<td width=\"83\">Chrysler<\/td>\n<td width=\"142\">Pacifica<\/td>\n<td width=\"275\">Hybrid Platinum, Hybrid Premium, LX, Limited, Touring, Touring L, Touring L Plus<\/td>\n<td width=\"294\">3.6L V6 - Elektryczny\/Gazowy, 3.6L<\/td>\n<\/tr>\n<tr>\n<td width=\"83\">2017<\/td>\n<td width=\"83\">Dodge<\/td>\n<td width=\"142\">Durango<\/td>\n<td width=\"275\">Citadel, GT, SXT, Special Service<\/td>\n<td width=\"294\">3.6L V6 - Flex<\/td>\n<\/tr>\n<tr>\n<td width=\"83\">2017<\/td>\n<td width=\"83\">Jeep<\/td>\n<td width=\"142\">Grand Cherokee<\/td>\n<td width=\"275\">Laredo, Limited, Overland, Summit, Trailhawk<\/td>\n<td width=\"294\">3.6L V6 - Flex<\/td>\n<\/tr>\n<tr>\n<td width=\"83\">2016<\/td>\n<td width=\"83\">Dodge<\/td>\n<td width=\"142\">Durango<\/td>\n<td width=\"275\">Citadel, Limited, SXT, Special Service<\/td>\n<td width=\"294\">3.6L V6 - Flex<\/td>\n<\/tr>\n<tr>\n<td width=\"83\">2016<\/td>\n<td width=\"83\">Jeep<\/td>\n<td width=\"142\">Grand Cherokee<\/td>\n<td width=\"275\">75th Anniversary, Laredo, Limited, Overland, Summit<\/td>\n<td width=\"294\">3.6L V6 - Flex<\/td>\n<\/tr>\n<\/tbody>\n<\/table>\n<p>&nbsp;<\/p>\n<h4>Dlaczego warto wybra\u0107 oryginalne cz\u0119\u015bci zamienne Mopar?<\/h4>\n<p><strong>Idealne dopasowanie i najwy\u017csza jako\u015b\u0107:<\/strong> Oryginalne cz\u0119\u015bci zamienne Mopar s\u0105 produkowane zgodnie ze \u015bcis\u0142ymi specyfikacjami producenta, co oznacza, \u017ce idealnie pasuj\u0105 do Twojego pojazdu. Zapewnia to nie tylko \u0142atw\u0105 instalacj\u0119, ale tak\u017ce optymaln\u0105 funkcjonalno\u015b\u0107 i bezpiecze\u0144stwo.<\/p>\n<p><strong>Niezawodno\u015b\u0107 i trwa\u0142o\u015b\u0107:<\/strong> Dzi\u0119ki zastosowaniu wysokiej jako\u015bci materia\u0142\u00f3w i rygorystycznej kontroli jako\u015bci, cz\u0119\u015bci zamienne Mopar zapewniaj\u0105 niezawodne dzia\u0142anie pojazdu nawet w ekstremalnych warunkach. Zosta\u0142y zaprojektowane z my\u015bl\u0105 o trwa\u0142o\u015bci i maksymalizacji osi\u0105g\u00f3w pojazdu.<\/p>\n<p>&nbsp;<\/p>","protected":false},"excerpt":{"rendered":"<p>Oryginalna cz\u0119\u015b\u0107 Mopar<\/p>","protected":false},"featured_media":68312112,"comment_status":"open","ping_status":"closed","template":"","meta":{"_acf_changed":false},"product_brand":[16270],"product_cat":[10262,19670,1432,4567,3011,2542,2949,19687],"product_tag":[169,8454,48,571,49,95,2217,56,50,678,5255,8323,31,8813,9424,16271,16273,16275,16272,16274,7221,2425,127,170,6394,86,683,5254,47,175,673],"class_list":{"0":"post-68312108","1":"product","2":"type-product","3":"status-publish","4":"has-post-thumbnail","6":"product_brand-mopar","7":"product_cat-alle-produkte","8":"product_cat-pacifica-kuehlung","9":"product_cat-voyager-motor","10":"product_cat-durango-36-kuehlung","11":"product_cat-gladiator-36-kuehlung","12":"product_cat-grand-cherokee-36-kuehlung","13":"product_cat-wrangler-36-kuehlung","14":"product_cat-1500-36-dt-kuehlung","15":"product_tag-3-6","16":"product_tag-68214109ab","17":"product_tag-chrysler","18":"product_tag-dichtung","19":"product_tag-dodge","20":"product_tag-durango","21":"product_tag-gladiator","22":"product_tag-grand-cherokee","23":"product_tag-jeep","24":"product_tag-journey","25":"product_tag-kuehlwasserpumpe","26":"product_tag-kuehlwasserpumpendichtung","27":"product_tag-mopar","28":"product_tag-mopar-autoteile","29":"product_tag-mopar-ersatzteile","30":"product_tag-mopar-ersatzteile-kaufen","31":"product_tag-mopar-performance-teile","32":"product_tag-mopar-teile-katalog","33":"product_tag-mopar-teile-online","34":"product_tag-mopar-tuningteile","35":"product_tag-mopar10","36":"product_tag-originalteil","37":"product_tag-pacifica","38":"product_tag-pentastar","39":"product_tag-promaster","40":"product_tag-ram","41":"product_tag-voyager","42":"product_tag-wasserpumpe","43":"product_tag-wasserpumpendichtung","44":"product_tag-wrangler","45":"product_tag-zubehoer","47":"first","48":"instock","49":"taxable","50":"shipping-taxable","51":"purchasable","52":"product-type-simple"},"bundled_by":[],"bundle_stock_status":"instock","bundle_stock_quantity":1,"bundle_virtual":false,"bundle_layout":"","bundle_add_to_cart_form_location":"","bundle_editable_in_cart":false,"bundle_sold_individually_context":"","bundle_item_grouping":"","bundle_min_size":"","bundle_max_size":"","bundle_price":[],"bundled_items":[],"bundle_sell_ids":[],"exclude_global_add_ons":[],"addons":[],"acf":[],"_links":{"self":[{"href":"https:\/\/kraftwerk-shop.cc\/pl\/wp-json\/wp\/v2\/product\/68312108","targetHints":{"allow":["GET"]}}],"collection":[{"href":"https:\/\/kraftwerk-shop.cc\/pl\/wp-json\/wp\/v2\/product"}],"about":[{"href":"https:\/\/kraftwerk-shop.cc\/pl\/wp-json\/wp\/v2\/types\/product"}],"replies":[{"embeddable":true,"href":"https:\/\/kraftwerk-shop.cc\/pl\/wp-json\/wp\/v2\/comments?post=68312108"}],"version-history":[{"count":0,"href":"https:\/\/kraftwerk-shop.cc\/pl\/wp-json\/wp\/v2\/product\/68312108\/revisions"}],"wp:featuredmedia":[{"embeddable":true,"href":"https:\/\/kraftwerk-shop.cc\/pl\/wp-json\/wp\/v2\/media\/68312112"}],"wp:attachment":[{"href":"https:\/\/kraftwerk-shop.cc\/pl\/wp-json\/wp\/v2\/media?parent=68312108"}],"wp:term":[{"taxonomy":"product_brand","embeddable":true,"href":"https:\/\/kraftwerk-shop.cc\/pl\/wp-json\/wp\/v2\/product_brand?post=68312108"},{"taxonomy":"product_cat","embeddable":true,"href":"https:\/\/kraftwerk-shop.cc\/pl\/wp-json\/wp\/v2\/product_cat?post=68312108"},{"taxonomy":"product_tag","embeddable":true,"href":"https:\/\/kraftwerk-shop.cc\/pl\/wp-json\/wp\/v2\/product_tag?post=68312108"}],"curies":[{"name":"wp","href":"https:\/\/api.w.org\/{rel}","templated":true}]}}