{"id":68312947,"date":"2024-12-22T12:53:54","date_gmt":"2024-12-22T11:53:54","guid":{"rendered":"https:\/\/kraftwerk-shop.cc\/?post_type=product&#038;p=68312947"},"modified":"2026-04-03T02:11:00","modified_gmt":"2026-04-03T00:11:00","slug":"kolektor-wydechowy-bd-ram-dt-57","status":"publish","type":"product","link":"https:\/\/kraftwerk-shop.cc\/pl\/produkt\/bd-abgaskruemmer-kit-ram-dt-57\/","title":{"rendered":"Zestaw kolektora wydechowego BD RAM DT 5.7"},"content":{"rendered":"<h1>Zestaw kolektora wydechowego do RAM DT 5.7 od 2019 do 2024 roku<\/h1>\n<p>&nbsp;<\/p>\n<p>Niestety, p\u0119kni\u0119te i nieszczelne kolektory wydechowe s\u0105 raczej regu\u0142\u0105 ni\u017c wyj\u0105tkiem w RAM. Osi\u0105gnij wi\u0119ksz\u0105 trwa\u0142o\u015b\u0107 dzi\u0119ki ulepszonemu zestawowi kolektora wydechowego do ci\u0119\u017car\u00f3wek Dodge\/RAM, opracowanemu specjalnie dla silnik\u00f3w 5.7L HEMI.<br \/>\nKolektory BD Upgrade rozwi\u0105zuj\u0105 typowe problemy ze \u015brubami kolektora, wykorzystuj\u0105c przed\u0142u\u017cone elementy mocuj\u0105ce i przek\u0142adki, kt\u00f3re skutecznie przeciwdzia\u0142aj\u0105 rozszerzalno\u015bci cieplnej.<br \/>\nR\u00f3wnie cz\u0119stym p\u0119kni\u0119ciom w kolektorze przeciwdzia\u0142a wi\u0119ksza grubo\u015b\u0107 \u015bcianki, kt\u00f3ra - w przeciwie\u0144stwie do kolektor\u00f3w OEM - jest r\u00f3wnomiernie gruba we wszystkich punktach.<br \/>\nPonadto zaprojektowano niezale\u017cne punkty monta\u017cowe dla os\u0142ony termicznej, aby oddzieli\u0107 j\u0105 od \u015brub monta\u017cowych i jeszcze bardziej zwi\u0119kszy\u0107 niezawodno\u015b\u0107.<br \/>\nWykonane z wysok\u0105 precyzj\u0105, kolektory BD charakteryzuj\u0105 si\u0119 solidn\u0105, grubo\u015bcienn\u0105 konstrukcj\u0105 i s\u0105 wykonane z wysokokrzemowego \u017celiwa sferoidalnego, aby przeciwdzia\u0142a\u0107 odkszta\u0142ceniom i zapewni\u0107, \u017ce pojazd pozostanie w doskona\u0142ej formie przez d\u0142ugi czas.<\/p>\n<p>&nbsp;<\/p>\n<p><strong>Liczby por\u00f3wnawcze Mopar:<\/strong> 68591572AB, 68591573AB, 68021512BA, 68021512AD, 68021512AE, 68021512AF<\/p>\n<p><strong>Cechy<\/strong><\/p>\n<ul>\n<li>Wysokokrzemowe odlewy z \u017celiwa sferoidalnego<\/li>\n<li>D\u0142u\u017csze elementy mocuj\u0105ce z przek\u0142adkami<\/li>\n<li>Zestaw zawiera 2 kolektory, wszystkie uszczelki i elementy mocuj\u0105ce<\/li>\n<\/ul>\n<p>&nbsp;<\/p>\n<p><strong>Odpowiedni dla:<\/strong><\/p>\n<table width=\"728\">\n<tbody>\n<tr>\n<td width=\"83\"><strong>Rok<\/strong><\/td>\n<td width=\"83\"><strong>Marka<\/strong><\/td>\n<td width=\"142\"><strong>Model<\/strong><\/td>\n<td width=\"275\"><strong>Wersja<\/strong><\/td>\n<td width=\"145\"><strong>Silnik<\/strong><\/td>\n<\/tr>\n<tr>\n<td width=\"83\">2024<\/td>\n<td width=\"83\">Ram<\/td>\n<td width=\"142\">1500<\/td>\n<td width=\"275\">Big Horn, Laramie, Limited, Limited Longhorn, Lone Star, Rebel, Tradesman<\/td>\n<td width=\"145\">5.7L<\/td>\n<\/tr>\n<tr>\n<td width=\"83\">2023<\/td>\n<td width=\"83\">Ram<\/td>\n<td width=\"142\">1500<\/td>\n<td width=\"275\">Big Horn, Laramie, Limited, Limited Longhorn, Lone Star, Rebel, Tradesman<\/td>\n<td width=\"145\">5.7L<\/td>\n<\/tr>\n<tr>\n<td width=\"83\">2022<\/td>\n<td width=\"83\">Ram<\/td>\n<td width=\"142\">1500<\/td>\n<td width=\"275\">Big Horn, Laramie, Limited, Limited Longhorn, Lone Star, Rebel, Tradesman<\/td>\n<td width=\"145\">5.7L<\/td>\n<\/tr>\n<tr>\n<td width=\"83\">2021<\/td>\n<td width=\"83\">Ram<\/td>\n<td width=\"142\">1500<\/td>\n<td width=\"275\">Big Horn, Laramie, Limited, Limited Longhorn, Lone Star, Rebel, Tradesman<\/td>\n<td width=\"145\">5.7L<\/td>\n<\/tr>\n<tr>\n<td width=\"83\">2020<\/td>\n<td width=\"83\">Ram<\/td>\n<td width=\"142\">1500<\/td>\n<td width=\"275\">Big Horn, Laramie, Laramie Longhorn, Limited, Lone Star, Rebel, Tradesman<\/td>\n<td width=\"145\">5.7L<\/td>\n<\/tr>\n<tr>\n<td width=\"83\">2019<\/td>\n<td width=\"83\">Ram<\/td>\n<td width=\"142\">1500<\/td>\n<td width=\"275\">Big Horn, Laramie, Laramie Longhorn, Limited, Lone Star, Rebel, Tradesman<\/td>\n<td width=\"145\">5.7L<\/td>\n<\/tr>\n<\/tbody>\n<\/table>\n<p>Te kolektory pasuj\u0105 tylko do modelu DT z lat 2019-2024, a nie do modelu Classic DS z lat 2009-2024.<\/p>\n<p><strong><br \/>\nUwaga dotycz\u0105ca alokacji modelu:<\/strong><\/p>\n<p>Sz\u00f3sta cyfra numeru podwozia (VIN) oznacza model (X X X X X X X X 6 X X X X X X X X X X X X X).<br \/>\nJe\u015bli numer to E lub F, oznacza to, \u017ce Tw\u00f3j pojazd to model RAM 1500 DT i te kolektory BD b\u0119d\u0105 pasowa\u0107 do Twojego pojazdu.<\/p>\n<p>&nbsp;<\/p>\n<p><iframe loading=\"lazy\" title=\"Kolektor wydechowy BD RAM DT, Durango i Grand Cherokee 5.7\" width=\"500\" height=\"281\" src=\"https:\/\/www.youtube.com\/embed\/z_gEcupkPgM?feature=oembed\" frameborder=\"0\" allow=\"accelerometer; autoplay; clipboard-write; encrypted-media; gyroscope; picture-in-picture; web-share\" referrerpolicy=\"strict-origin-when-cross-origin\" allowfullscreen><\/iframe><\/p>\n<p><iframe loading=\"lazy\" title=\"Kolektor wydechowy BD RAM DT, Durango i Grand Cherokee 5.7\" width=\"500\" height=\"281\" src=\"https:\/\/www.youtube.com\/embed\/RLH7kqcLV74?feature=oembed\" frameborder=\"0\" allow=\"accelerometer; autoplay; clipboard-write; encrypted-media; gyroscope; picture-in-picture; web-share\" referrerpolicy=\"strict-origin-when-cross-origin\" allowfullscreen><\/iframe><\/p>\n<p><iframe loading=\"lazy\" title=\"Rozwi\u0105zanie problemu z kolektorem 4. i 5. generacji RAM 5.7\" width=\"500\" height=\"281\" src=\"https:\/\/www.youtube.com\/embed\/C5uJ1h19_-Q?feature=oembed\" frameborder=\"0\" allow=\"accelerometer; autoplay; clipboard-write; encrypted-media; gyroscope; picture-in-picture; web-share\" referrerpolicy=\"strict-origin-when-cross-origin\" allowfullscreen><\/iframe><\/p>\n<p>&nbsp;<\/p>\n<p><strong>O producencie<\/strong><\/p>\n<p>Firma BD zosta\u0142a za\u0142o\u017cona w 1972 roku jako Valley Fuel Injection Ltd. i zyska\u0142a s\u0142aw\u0119 w 1989 roku, kiedy wprowadzi\u0142a pierwszy hamulec wydechowy dla wschodz\u0105cego rynku pick-up\u00f3w z silnikiem Diesla. Dzi\u015b Valley Fuel Injection (obecnie BD Diesel Truck Service &amp; Performance Centre) i BD Diesel Performance to jedna firma z wyspecjalizowanymi dzia\u0142ami zajmuj\u0105cymi si\u0119 komponentami uk\u0142adu nap\u0119dowego z silnikiem wysokopr\u0119\u017cnym. BD jest innowacyjn\u0105 i globaln\u0105 firm\u0105, kt\u00f3ra dystrybuuje produkty na rynek p\u00f3\u0142nocnoameryka\u0144ski, zar\u00f3wno do silnik\u00f3w wysokopr\u0119\u017cnych, jak i benzynowych. Nasz zestaw kolektora wydechowego RAM 5.7 to wysokiej jako\u015bci produkt dla Twojego RAM, kt\u00f3ry zapewnia optymalne osi\u0105gi i wydajno\u015b\u0107.<\/p>\n<p>&nbsp;<\/p>\n<p>&nbsp;<\/p>","protected":false},"excerpt":{"rendered":"<p>2019 - 2024<\/p>","protected":false},"featured_media":68312952,"comment_status":"open","ping_status":"closed","template":"","meta":{"_acf_changed":false},"product_brand":[20019],"product_cat":[10262,6624],"product_tag":[9405,475,6550,6551,6552,6549,9403,9404,605,9618,9614,9606,9621,9610,9605,9619,9631,9626,9622,9613,9616,9601,9615,9627,9633,9624,9634,9636,9625,9617,9623,9637,9629,9607,9609,9611,9612,9620,9608,9632,9628,9635,9630,6579,9599,20099,20100,9602,476,9603,9407,9604,550,393,86,3507,7814,9600,6831,216,9406],"class_list":{"0":"post-68312947","1":"product","2":"type-product","3":"status-publish","4":"has-post-thumbnail","6":"product_brand-bd-diesel","7":"product_cat-alle-produkte","8":"product_cat-1500-57-dt-abgaskruemmer-katalysatoren","9":"product_tag-9405","10":"product_tag-475","11":"product_tag-68021512ad","12":"product_tag-68021512ae","13":"product_tag-68021512af","14":"product_tag-68021512ba","15":"product_tag-68591572ab","16":"product_tag-68591573ab","17":"product_tag-abgaskruemmer","18":"product_tag-abgaskruemmer-angebote","19":"product_tag-abgaskruemmer-anleitung","20":"product_tag-abgaskruemmer-austausch","21":"product_tag-abgaskruemmer-bewertungen","22":"product_tag-abgaskruemmer-bolzen","23":"product_tag-abgaskruemmer-dichtung","24":"product_tag-abgaskruemmer-erfahrungen","25":"product_tag-abgaskruemmer-ersatzteile","26":"product_tag-abgaskruemmer-garantie","27":"product_tag-abgaskruemmer-hersteller","28":"product_tag-abgaskruemmer-installation","29":"product_tag-abgaskruemmer-kaufen","30":"product_tag-abgaskruemmer-kit","31":"product_tag-abgaskruemmer-kosten","32":"product_tag-abgaskruemmer-lebensdauer","33":"product_tag-abgaskruemmer-lieferzeit","34":"product_tag-abgaskruemmer-material","35":"product_tag-abgaskruemmer-montage","36":"product_tag-abgaskruemmer-online-shop","37":"product_tag-abgaskruemmer-passgenauigkeit","38":"product_tag-abgaskruemmer-preisvergleich","39":"product_tag-abgaskruemmer-qualitaet","40":"product_tag-abgaskruemmer-rabatt","41":"product_tag-abgaskruemmer-reinigung","42":"product_tag-abgaskruemmer-reparatur","43":"product_tag-abgaskruemmer-riss","44":"product_tag-abgaskruemmer-schrauben","45":"product_tag-abgaskruemmer-set","46":"product_tag-abgaskruemmer-testberichte","47":"product_tag-abgaskruemmer-upgrade","48":"product_tag-abgaskruemmer-versand","49":"product_tag-abgaskruemmer-wartung","50":"product_tag-abgaskruemmer-werkstatt","51":"product_tag-abgaskruemmer-zubehoer","52":"product_tag-bd","53":"product_tag-bd-abgaskruemmer","54":"product_tag-bd-diesel","55":"product_tag-bd-diesel-performance","56":"product_tag-dodge-ram-tuning","57":"product_tag-dt","58":"product_tag-edelstahl-abgaskruemmer","59":"product_tag-gerissene-kruemmer-ram","60":"product_tag-hitzeschutzband","61":"product_tag-kruemmer","62":"product_tag-leistungssteigerung","63":"product_tag-ram","64":"product_tag-ram1500","65":"product_tag-ram-5-7","66":"product_tag-ram-5-7-hemi","67":"product_tag-ram-dt","68":"product_tag-upgrade","69":"product_tag-upgrade-kruemmer","70":"product_shipping_class-paket-l","72":"first","73":"instock","74":"taxable","75":"shipping-taxable","76":"purchasable","77":"product-type-simple"},"bundled_by":[],"bundle_stock_status":"instock","bundle_stock_quantity":5,"bundle_virtual":false,"bundle_layout":"","bundle_add_to_cart_form_location":"","bundle_editable_in_cart":false,"bundle_sold_individually_context":"","bundle_item_grouping":"","bundle_min_size":"","bundle_max_size":"","bundle_price":[],"bundled_items":[],"bundle_sell_ids":[],"exclude_global_add_ons":[],"addons":[],"acf":[],"_links":{"self":[{"href":"https:\/\/kraftwerk-shop.cc\/pl\/wp-json\/wp\/v2\/product\/68312947","targetHints":{"allow":["GET"]}}],"collection":[{"href":"https:\/\/kraftwerk-shop.cc\/pl\/wp-json\/wp\/v2\/product"}],"about":[{"href":"https:\/\/kraftwerk-shop.cc\/pl\/wp-json\/wp\/v2\/types\/product"}],"replies":[{"embeddable":true,"href":"https:\/\/kraftwerk-shop.cc\/pl\/wp-json\/wp\/v2\/comments?post=68312947"}],"version-history":[{"count":0,"href":"https:\/\/kraftwerk-shop.cc\/pl\/wp-json\/wp\/v2\/product\/68312947\/revisions"}],"wp:featuredmedia":[{"embeddable":true,"href":"https:\/\/kraftwerk-shop.cc\/pl\/wp-json\/wp\/v2\/media\/68312952"}],"wp:attachment":[{"href":"https:\/\/kraftwerk-shop.cc\/pl\/wp-json\/wp\/v2\/media?parent=68312947"}],"wp:term":[{"taxonomy":"product_brand","embeddable":true,"href":"https:\/\/kraftwerk-shop.cc\/pl\/wp-json\/wp\/v2\/product_brand?post=68312947"},{"taxonomy":"product_cat","embeddable":true,"href":"https:\/\/kraftwerk-shop.cc\/pl\/wp-json\/wp\/v2\/product_cat?post=68312947"},{"taxonomy":"product_tag","embeddable":true,"href":"https:\/\/kraftwerk-shop.cc\/pl\/wp-json\/wp\/v2\/product_tag?post=68312947"}],"curies":[{"name":"wp","href":"https:\/\/api.w.org\/{rel}","templated":true}]}}