{"id":68312976,"date":"2024-12-22T19:16:09","date_gmt":"2024-12-22T18:16:09","guid":{"rendered":"https:\/\/kraftwerk-shop.cc\/?post_type=product&#038;p=68312976"},"modified":"2026-04-07T17:26:10","modified_gmt":"2026-04-07T15:26:10","slug":"kolektor-wydechowy-bd-durango-57","status":"publish","type":"product","link":"https:\/\/kraftwerk-shop.cc\/pl\/produkt\/bd-abgaskruemmer-kit-durango-57\/","title":{"rendered":"Zestaw kolektora wydechowego BD Durango 5.7"},"content":{"rendered":"<h1>Zestaw kolektora wydechowego do Dodge Durango 5.7 od 2011 do 2025 roku<\/h1>\n<p>&nbsp;<\/p>\n<p>Niestety, p\u0119kni\u0119te i nieszczelne kolektory wydechowe nie s\u0105 rzadko\u015bci\u0105 w Dodge Durango. Osi\u0105gnij wi\u0119ksz\u0105 trwa\u0142o\u015b\u0107 dzi\u0119ki ulepszonemu zestawowi kolektora wydechowego, kt\u00f3ry zosta\u0142 specjalnie opracowany dla silnik\u00f3w 5.7L HEMI.<br \/>\nKolektory BD Upgrade rozwi\u0105zuj\u0105 typowe problemy ze \u015brubami kolektora, wykorzystuj\u0105c przed\u0142u\u017cone elementy mocuj\u0105ce i przek\u0142adki, kt\u00f3re skutecznie przeciwdzia\u0142aj\u0105 rozszerzalno\u015bci cieplnej.<br \/>\nR\u00f3wnie cz\u0119stym p\u0119kni\u0119ciom w kolektorze przeciwdzia\u0142a wi\u0119ksza grubo\u015b\u0107 \u015bcianki, kt\u00f3ra - w przeciwie\u0144stwie do kolektor\u00f3w OEM - jest r\u00f3wnomiernie gruba we wszystkich punktach.<br \/>\nPonadto zaprojektowano niezale\u017cne punkty monta\u017cowe dla os\u0142ony termicznej, aby oddzieli\u0107 j\u0105 od \u015brub monta\u017cowych i jeszcze bardziej zwi\u0119kszy\u0107 niezawodno\u015b\u0107.<br \/>\nWykonane z wysok\u0105 precyzj\u0105, kolektory BD charakteryzuj\u0105 si\u0119 solidn\u0105, grubo\u015bcienn\u0105 konstrukcj\u0105 i s\u0105 wykonane z wysokokrzemowego \u017celiwa sferoidalnego, aby przeciwdzia\u0142a\u0107 odkszta\u0142ceniom i zapewni\u0107, \u017ce pojazd pozostanie w doskona\u0142ej formie przez d\u0142ugi czas.<\/p>\n<p>&nbsp;<\/p>\n<p><strong>Liczby por\u00f3wnawcze Mopar:<\/strong> <span class=\"list-value sku-display\">68591586AA, 68591591AA<br \/>\n<\/span><\/p>\n<p><strong><br \/>\nCechy:<\/strong><\/p>\n<ul>\n<li>Wysokokrzemowe odlewy z \u017celiwa sferoidalnego<\/li>\n<li>D\u0142u\u017csze elementy mocuj\u0105ce z przek\u0142adkami<\/li>\n<li>Zestaw zawiera 2 kolektory, wszystkie uszczelki i elementy mocuj\u0105ce<\/li>\n<\/ul>\n<p>&nbsp;<\/p>\n<p><strong>Odpowiedni dla:<\/strong><\/p>\n<table width=\"728\">\n<tbody>\n<tr>\n<td width=\"83\"><strong>Rok<\/strong><\/td>\n<td width=\"83\"><strong>Marka<\/strong><\/td>\n<td width=\"142\"><strong>Model<\/strong><\/td>\n<td width=\"275\"><strong>Wersja<\/strong><\/td>\n<td width=\"145\"><strong>Silnik<\/strong><\/td>\n<\/tr>\n<tr>\n<td width=\"83\">2025<\/td>\n<td width=\"83\">Dodge<\/td>\n<td width=\"142\">Durango<\/td>\n<td width=\"275\">R\/T, R\/T Plus, R\/T Premium, us\u0142uga specjalna<\/td>\n<td width=\"145\">5.7L<\/td>\n<\/tr>\n<tr>\n<td width=\"83\">2024<\/td>\n<td width=\"83\">Dodge<\/td>\n<td width=\"142\">Durango<\/td>\n<td width=\"275\">Citadel, Pursuit, R\/T, R\/T Plus, R\/T Premium, Special Service<\/td>\n<td width=\"145\">5.7L<\/td>\n<\/tr>\n<tr>\n<td width=\"83\">2023<\/td>\n<td width=\"83\">Dodge<\/td>\n<td width=\"142\">Durango<\/td>\n<td width=\"275\">Citadel, R\/T, R\/T Hemi Orange, R\/T Plus, R\/T Premium<\/td>\n<td width=\"145\">5.7L<\/td>\n<\/tr>\n<tr>\n<td width=\"83\">2022<\/td>\n<td width=\"83\">Dodge<\/td>\n<td width=\"142\">Durango<\/td>\n<td width=\"275\">Citadel, R\/T, R\/T Plus<\/td>\n<td width=\"145\">5.7L<\/td>\n<\/tr>\n<tr>\n<td width=\"83\">2021<\/td>\n<td width=\"83\">Dodge<\/td>\n<td width=\"142\">Durango<\/td>\n<td width=\"275\">Citadel, Pursuit, R\/T, Special Service<\/td>\n<td width=\"145\">5.7L<\/td>\n<\/tr>\n<tr>\n<td width=\"83\">2020<\/td>\n<td width=\"83\">Dodge<\/td>\n<td width=\"142\">Durango<\/td>\n<td width=\"275\">Citadel, Pursuit, R\/T, Special Service<\/td>\n<td width=\"145\">5.7L<\/td>\n<\/tr>\n<tr>\n<td width=\"83\">2019<\/td>\n<td width=\"83\">Dodge<\/td>\n<td width=\"142\">Durango<\/td>\n<td width=\"275\">Citadel, Pursuit, R\/T, Special Service<\/td>\n<td width=\"145\">5.7L<\/td>\n<\/tr>\n<tr>\n<td width=\"83\">2018<\/td>\n<td width=\"83\">Dodge<\/td>\n<td width=\"142\">Durango<\/td>\n<td width=\"275\">Citadel, GT, R\/T, SXT, Special Service<\/td>\n<td width=\"145\">5.7L<\/td>\n<\/tr>\n<tr>\n<td width=\"83\">2017<\/td>\n<td width=\"83\">Dodge<\/td>\n<td width=\"142\">Durango<\/td>\n<td width=\"275\">Citadel, R\/T, Special Service<\/td>\n<td width=\"145\">5.7L<\/td>\n<\/tr>\n<tr>\n<td width=\"83\">2016<\/td>\n<td width=\"83\">Dodge<\/td>\n<td width=\"142\">Durango<\/td>\n<td width=\"275\">Citadel, R\/T, Special Service<\/td>\n<td width=\"145\">5.7L<\/td>\n<\/tr>\n<tr>\n<td width=\"83\">2015<\/td>\n<td width=\"83\">Dodge<\/td>\n<td width=\"142\">Durango<\/td>\n<td width=\"275\">Citadel, Limited, R\/T, Special Service<\/td>\n<td width=\"145\">5.7L<\/td>\n<\/tr>\n<tr>\n<td width=\"83\">2014<\/td>\n<td width=\"83\">Dodge<\/td>\n<td width=\"142\">Durango<\/td>\n<td width=\"275\">Citadel, Limited, R\/T, Special Service<\/td>\n<td width=\"145\">5.7L<\/td>\n<\/tr>\n<tr>\n<td width=\"83\">2013<\/td>\n<td width=\"83\">Dodge<\/td>\n<td width=\"142\">Durango<\/td>\n<td width=\"275\">Citadel, Crew, R\/T, Special Service<\/td>\n<td width=\"145\">5.7L<\/td>\n<\/tr>\n<tr>\n<td width=\"83\">2012<\/td>\n<td width=\"83\">Dodge<\/td>\n<td width=\"142\">Durango<\/td>\n<td width=\"275\">Citadel, Crew, R\/T, Special Service<\/td>\n<td width=\"145\">5.7L<\/td>\n<\/tr>\n<tr>\n<td width=\"83\">2011<\/td>\n<td width=\"83\">Dodge<\/td>\n<td width=\"142\">Durango<\/td>\n<td width=\"275\">Citadel, Crew, R\/T<\/td>\n<td width=\"145\">5.7L<\/td>\n<\/tr>\n<tr>\n<td width=\"83\">2009<\/td>\n<td width=\"83\">Dodge<\/td>\n<td width=\"142\">Durango<\/td>\n<td width=\"275\">Limited, Limited Hybrid, SE, SLT<\/td>\n<td width=\"145\">5.7L<\/td>\n<\/tr>\n<\/tbody>\n<\/table>\n<p>&nbsp;<\/p>\n<p>&nbsp;<\/p>\n<p><iframe loading=\"lazy\" title=\"Kolektor wydechowy BD RAM DT, Durango i Grand Cherokee 5.7\" width=\"500\" height=\"281\" src=\"https:\/\/www.youtube.com\/embed\/z_gEcupkPgM?feature=oembed\" frameborder=\"0\" allow=\"accelerometer; autoplay; clipboard-write; encrypted-media; gyroscope; picture-in-picture; web-share\" referrerpolicy=\"strict-origin-when-cross-origin\" allowfullscreen><\/iframe><\/p>\n<p><iframe loading=\"lazy\" title=\"Kolektor wydechowy BD RAM DT, Durango i Grand Cherokee 5.7\" width=\"500\" height=\"281\" src=\"https:\/\/www.youtube.com\/embed\/RLH7kqcLV74?feature=oembed\" frameborder=\"0\" allow=\"accelerometer; autoplay; clipboard-write; encrypted-media; gyroscope; picture-in-picture; web-share\" referrerpolicy=\"strict-origin-when-cross-origin\" allowfullscreen><\/iframe><\/p>\n<p><iframe loading=\"lazy\" title=\"Rozwi\u0105zanie problemu z kolektorem 4. i 5. generacji RAM 5.7\" width=\"500\" height=\"281\" src=\"https:\/\/www.youtube.com\/embed\/C5uJ1h19_-Q?feature=oembed\" frameborder=\"0\" allow=\"accelerometer; autoplay; clipboard-write; encrypted-media; gyroscope; picture-in-picture; web-share\" referrerpolicy=\"strict-origin-when-cross-origin\" allowfullscreen><\/iframe><\/p>\n<p>&nbsp;<\/p>\n<p><strong>O producencie<\/strong><\/p>\n<p>Firma BD zosta\u0142a za\u0142o\u017cona w 1972 roku jako Valley Fuel Injection Ltd. i zyska\u0142a s\u0142aw\u0119 w 1989 roku, kiedy wprowadzi\u0142a pierwszy hamulec wydechowy dla wschodz\u0105cego rynku pick-up\u00f3w z silnikiem Diesla. Dzi\u015b Valley Fuel Injection (obecnie BD Diesel Truck Service &amp; Performance Centre) i BD Diesel Performance to jedna firma z wyspecjalizowanymi dzia\u0142ami zajmuj\u0105cymi si\u0119 komponentami uk\u0142adu nap\u0119dowego z silnikiem wysokopr\u0119\u017cnym. BD jest innowacyjn\u0105 i globaln\u0105 firm\u0105, kt\u00f3ra dystrybuuje produkty na rynek p\u00f3\u0142nocnoameryka\u0144ski, zar\u00f3wno do silnik\u00f3w wysokopr\u0119\u017cnych, jak i benzynowych. Nasz zestaw kolektora wydechowego RAM 5.7 to wysokiej jako\u015bci produkt dla Twojego RAM, kt\u00f3ry zapewnia optymalne osi\u0105gi i wydajno\u015b\u0107.<\/p>\n<p>&nbsp;<\/p>\n<p>&nbsp;<\/p>","protected":false},"excerpt":{"rendered":"<p>2011 - 2025<\/p>","protected":false},"featured_media":68312980,"comment_status":"open","ping_status":"closed","template":"","meta":{"_acf_changed":false},"product_brand":[20019],"product_cat":[10262,6612],"product_tag":[9405,91,9408,6813,605,6579,20099,20100,49,4432,95,9409,550,86,216,9406,6370],"class_list":{"0":"post-68312976","1":"product","2":"type-product","3":"status-publish","4":"has-post-thumbnail","6":"product_brand-bd-diesel","7":"product_cat-alle-produkte","8":"product_cat-durango-57-abgaskruemmer-katalysatoren","9":"product_tag-9405","10":"product_tag-5-7","11":"product_tag-68591586aa","12":"product_tag-68591591aa","13":"product_tag-abgaskruemmer","14":"product_tag-bd","15":"product_tag-bd-diesel","16":"product_tag-bd-diesel-performance","17":"product_tag-dodge","18":"product_tag-dodge-durango","19":"product_tag-durango","20":"product_tag-gerissene-kruemmer-durango","21":"product_tag-kruemmer","22":"product_tag-ram","23":"product_tag-upgrade","24":"product_tag-upgrade-kruemmer","25":"product_tag-wd","26":"product_shipping_class-paket-l","28":"first","29":"instock","30":"taxable","31":"shipping-taxable","32":"purchasable","33":"product-type-simple"},"bundled_by":[],"bundle_stock_status":"instock","bundle_stock_quantity":8,"bundle_virtual":false,"bundle_layout":"","bundle_add_to_cart_form_location":"","bundle_editable_in_cart":false,"bundle_sold_individually_context":"","bundle_item_grouping":"","bundle_min_size":"","bundle_max_size":"","bundle_price":[],"bundled_items":[],"bundle_sell_ids":[],"exclude_global_add_ons":[],"addons":[],"acf":[],"_links":{"self":[{"href":"https:\/\/kraftwerk-shop.cc\/pl\/wp-json\/wp\/v2\/product\/68312976","targetHints":{"allow":["GET"]}}],"collection":[{"href":"https:\/\/kraftwerk-shop.cc\/pl\/wp-json\/wp\/v2\/product"}],"about":[{"href":"https:\/\/kraftwerk-shop.cc\/pl\/wp-json\/wp\/v2\/types\/product"}],"replies":[{"embeddable":true,"href":"https:\/\/kraftwerk-shop.cc\/pl\/wp-json\/wp\/v2\/comments?post=68312976"}],"version-history":[{"count":0,"href":"https:\/\/kraftwerk-shop.cc\/pl\/wp-json\/wp\/v2\/product\/68312976\/revisions"}],"wp:featuredmedia":[{"embeddable":true,"href":"https:\/\/kraftwerk-shop.cc\/pl\/wp-json\/wp\/v2\/media\/68312980"}],"wp:attachment":[{"href":"https:\/\/kraftwerk-shop.cc\/pl\/wp-json\/wp\/v2\/media?parent=68312976"}],"wp:term":[{"taxonomy":"product_brand","embeddable":true,"href":"https:\/\/kraftwerk-shop.cc\/pl\/wp-json\/wp\/v2\/product_brand?post=68312976"},{"taxonomy":"product_cat","embeddable":true,"href":"https:\/\/kraftwerk-shop.cc\/pl\/wp-json\/wp\/v2\/product_cat?post=68312976"},{"taxonomy":"product_tag","embeddable":true,"href":"https:\/\/kraftwerk-shop.cc\/pl\/wp-json\/wp\/v2\/product_tag?post=68312976"}],"curies":[{"name":"wp","href":"https:\/\/api.w.org\/{rel}","templated":true}]}}