{"id":68313020,"date":"2024-12-23T18:07:42","date_gmt":"2024-12-23T17:07:42","guid":{"rendered":"https:\/\/kraftwerk-shop.cc\/?post_type=product&#038;p=68313020"},"modified":"2026-02-15T01:15:54","modified_gmt":"2026-02-15T00:15:54","slug":"mopar-silownik-klapy-wydechu-68505893aa","status":"publish","type":"product","link":"https:\/\/kraftwerk-shop.cc\/pl\/produkt\/mopar-stellmotor-abgasklappe-68505893aa\/","title":{"rendered":"Si\u0142ownik klapy wydechowej Mopar, prawy (68505893AA)"},"content":{"rendered":"<h1>Oryginalny si\u0142ownik Mopar do klapy wydechowej (68505893AA), pasuj\u0105cy do Chrysler 300C, Dodge Charger i Challenger od 2015 do 2023, prawa strona<\/h1>\n<p>&nbsp;<\/p>\n<p><span lang=\"DE\"><strong>Numer cz\u0119\u015bci Mopar:<\/strong> 68505893AA<br \/>\n<strong>Zast\u0105piony: <\/strong><span class=\"list-value\">68230108AB, 68230108AC, 68230108AD, 68230108AE, 68230108AF, 68230108AG, 68420755AA<\/span><\/span><\/p>\n<p>&nbsp;<\/p>\n<p><strong>Odpowiedni dla:<\/strong><\/p>\n<table width=\"728\">\n<tbody>\n<tr>\n<td width=\"83\"><strong>Rok<\/strong><\/td>\n<td width=\"83\"><strong>Marka<\/strong><\/td>\n<td width=\"142\"><strong>Model<\/strong><\/td>\n<td width=\"275\"><strong>Wersja<\/strong><\/td>\n<td width=\"145\"><strong>Silnik<\/strong><\/td>\n<\/tr>\n<tr>\n<td width=\"83\">2023<\/td>\n<td width=\"83\">Chrysler<\/td>\n<td width=\"142\">300<\/td>\n<td width=\"275\">C<\/td>\n<td width=\"145\">6.4L<\/td>\n<\/tr>\n<tr>\n<td width=\"83\">2023<\/td>\n<td width=\"83\">Dodge<\/td>\n<td width=\"142\">Challenger<\/td>\n<td width=\"275\">R\/T, R\/T Scat Pack, R\/T Scat Pack Widebody, SRT Hellcat Jailbreak, SRT Hellcat Redeye Jailbreak, SRT Hellcat Redeye Widebody Jailbreak, SRT Hellcat Widebody Jailbreak, SRT Super Stock<\/td>\n<td width=\"145\">5.7L, 6.2L, 6.4L<\/td>\n<\/tr>\n<tr>\n<td width=\"83\">2023<\/td>\n<td width=\"83\">Dodge<\/td>\n<td width=\"142\">Charger<\/td>\n<td width=\"275\">Pursuit, R\/T, SRT Hellcat Redeye Widebody, SRT Hellcat Widebody, SRT Hellcat Widebody Jailbreak, Scat Pack, Scat Pack Widebody<\/td>\n<td width=\"145\">5.7L, 6.2L, 6.4L<\/td>\n<\/tr>\n<tr>\n<td width=\"83\">2022<\/td>\n<td width=\"83\">Dodge<\/td>\n<td width=\"142\">Challenger<\/td>\n<td width=\"275\">R\/T, R\/T Scat Pack, R\/T Scat Pack Widebody, SRT Hellcat, SRT Hellcat Redeye, SRT Hellcat Redeye Widebody, SRT Hellcat Widebody, SRT Jailbreak, SRT Super Stock<\/td>\n<td width=\"145\">5.7L, 6.2L, 6.4L<\/td>\n<\/tr>\n<tr>\n<td width=\"83\">2022<\/td>\n<td width=\"83\">Dodge<\/td>\n<td width=\"142\">Charger<\/td>\n<td width=\"275\">R\/T, SRT Hellcat Redeye Widebody, SRT Hellcat Widebody, SRT Jailbreak, Scat Pack, Scat Pack Widebody<\/td>\n<td width=\"145\">5.7L, 6.2L, 6.4L<\/td>\n<\/tr>\n<tr>\n<td width=\"83\">2021<\/td>\n<td width=\"83\">Dodge<\/td>\n<td width=\"142\">Challenger<\/td>\n<td width=\"275\">R\/T, R\/T Scat Pack, R\/T Scat Pack Widebody, SRT Hellcat, SRT Hellcat Redeye, SRT Hellcat Redeye Widebody, SRT Hellcat Widebody, SRT Super Stock<\/td>\n<td width=\"145\">5.7L, 6.2L, 6.4L<\/td>\n<\/tr>\n<tr>\n<td width=\"83\">2021<\/td>\n<td width=\"83\">Dodge<\/td>\n<td width=\"142\">Charger<\/td>\n<td width=\"275\">R\/T, SRT Hellcat Redeye Widebody, SRT Hellcat Widebody, Scat Pack<\/td>\n<td width=\"145\">5.7L, 6.2L, 6.4L<\/td>\n<\/tr>\n<tr>\n<td width=\"83\">2020<\/td>\n<td width=\"83\">Dodge<\/td>\n<td width=\"142\">Challenger<\/td>\n<td width=\"275\">R\/T, R\/T Scat Pack, R\/T Scat Pack Widebody, SRT Hellcat, SRT Hellcat Redeye, SRT Hellcat Redeye Widebody, SRT Hellcat Widebody<\/td>\n<td width=\"145\">5.7L, 6.2L, 6.4L<\/td>\n<\/tr>\n<tr>\n<td width=\"83\">2020<\/td>\n<td width=\"83\">Dodge<\/td>\n<td width=\"142\">Charger<\/td>\n<td width=\"275\">Pursuit, R\/T, SRT Hellcat Widebody, Scat Pack<\/td>\n<td width=\"145\">5.7L, 6.2L, 6.4L<\/td>\n<\/tr>\n<tr>\n<td width=\"83\">2019<\/td>\n<td width=\"83\">Dodge<\/td>\n<td width=\"142\">Challenger<\/td>\n<td width=\"275\">R\/T, R\/T Scat Pack, R\/T Scat Pack Widebody, SRT Hellcat, SRT Hellcat Redeye, SRT Hellcat Redeye Widebody, SRT Hellcat Widebody<\/td>\n<td width=\"145\">5.7L, 6.2L, 6.4L<\/td>\n<\/tr>\n<tr>\n<td width=\"83\">2019<\/td>\n<td width=\"83\">Dodge<\/td>\n<td width=\"142\">Charger<\/td>\n<td width=\"275\">Pursuit, R\/T, SRT Hellcat, Scat Pack<\/td>\n<td width=\"145\">5.7L, 6.2L, 6.4L<\/td>\n<\/tr>\n<tr>\n<td width=\"83\">2018<\/td>\n<td width=\"83\">Dodge<\/td>\n<td width=\"142\">Challenger<\/td>\n<td width=\"275\">R\/T, R\/T Scat Pack, SRT 392, SRT Demon, SRT Hellcat, SRT Hellcat Widebody, T\/A, T\/A 392<\/td>\n<td width=\"145\">5.7L, 6.2L, 6.4L<\/td>\n<\/tr>\n<tr>\n<td width=\"83\">2018<\/td>\n<td width=\"83\">Dodge<\/td>\n<td width=\"142\">Charger<\/td>\n<td width=\"275\">Daytona, Daytona 392, Pursuit, R\/T, R\/T Scat Pack, SRT 392, SRT Hellcat<\/td>\n<td width=\"145\">5.7L, 6.2L, 6.4L<\/td>\n<\/tr>\n<tr>\n<td width=\"83\">2017<\/td>\n<td width=\"83\">Dodge<\/td>\n<td width=\"142\">Challenger<\/td>\n<td width=\"275\">R\/T, R\/T Scat Pack, SRT 392, SRT Hellcat, T\/A, T\/A 392<\/td>\n<td width=\"145\">5.7L, 6.2L, 6.4L<\/td>\n<\/tr>\n<tr>\n<td width=\"83\">2017<\/td>\n<td width=\"83\">Dodge<\/td>\n<td width=\"142\">Charger<\/td>\n<td width=\"275\">Daytona, Daytona 392, Pursuit, R\/T, R\/T Scat Pack, SRT 392, SRT Hellcat<\/td>\n<td width=\"145\">5.7L, 6.2L, 6.4L<\/td>\n<\/tr>\n<tr>\n<td width=\"83\">2016<\/td>\n<td width=\"83\">Dodge<\/td>\n<td width=\"142\">Challenger<\/td>\n<td width=\"275\">392 Hemi Scat Pack Shaker, R\/T Scat Pack, SRT 392, SRT Hellcat<\/td>\n<td width=\"145\">6.2L, 6.4L<\/td>\n<\/tr>\n<tr>\n<td width=\"83\">2016<\/td>\n<td width=\"83\">Dodge<\/td>\n<td width=\"142\">Charger<\/td>\n<td width=\"275\">R\/T Scat Pack, SRT 392, SRT Hellcat<\/td>\n<td width=\"145\">6.2L, 6.4L<\/td>\n<\/tr>\n<tr>\n<td width=\"83\">2015<\/td>\n<td width=\"83\">Dodge<\/td>\n<td width=\"142\">Challenger<\/td>\n<td width=\"275\">SRT 392, SRT Hellcat, Scat Pack<\/td>\n<td width=\"145\">6.2L, 6.4L<\/td>\n<\/tr>\n<tr>\n<td width=\"83\">2015<\/td>\n<td width=\"83\">Dodge<\/td>\n<td width=\"142\">Charger<\/td>\n<td width=\"275\">R\/T Scat Pack, SRT 392, SRT Hellcat<\/td>\n<td width=\"145\">6.2L, 6.4L<\/td>\n<\/tr>\n<\/tbody>\n<\/table>\n<p>&nbsp;<\/p>\n<h4>Dlaczego warto wybra\u0107 oryginalne cz\u0119\u015bci zamienne Mopar?<\/h4>\n<p><strong>Idealne dopasowanie i najwy\u017csza jako\u015b\u0107:<\/strong> Oryginalne cz\u0119\u015bci zamienne Mopar s\u0105 produkowane zgodnie ze \u015bcis\u0142ymi specyfikacjami producenta, co oznacza, \u017ce idealnie pasuj\u0105 do Twojego pojazdu. Zapewnia to nie tylko \u0142atw\u0105 instalacj\u0119, ale tak\u017ce optymaln\u0105 funkcjonalno\u015b\u0107 i bezpiecze\u0144stwo.<\/p>\n<p><strong>Niezawodno\u015b\u0107 i trwa\u0142o\u015b\u0107:<\/strong> Dzi\u0119ki zastosowaniu wysokiej jako\u015bci materia\u0142\u00f3w i rygorystycznej kontroli jako\u015bci, cz\u0119\u015bci zamienne Mopar zapewniaj\u0105 niezawodne dzia\u0142anie pojazdu nawet w ekstremalnych warunkach. Zosta\u0142y zaprojektowane z my\u015bl\u0105 o trwa\u0142o\u015bci i maksymalizacji osi\u0105g\u00f3w pojazdu.<\/p>\n<p>&nbsp;<\/p>\n<p>&nbsp;<\/p>","protected":false},"excerpt":{"rendered":"<p>Oryginalna cz\u0119\u015b\u0107 Mopar<\/p>","protected":false},"featured_media":68313023,"comment_status":"open","ping_status":"closed","template":"","meta":{"_acf_changed":false},"product_brand":[16270],"product_cat":[10262,6584,6604,6595,6519,6610,6598,6560],"product_tag":[9471,9460,9461,9462,9463,9464,9465,9466,9459,2782,9443,9435,9451,9439,9437,9445,9425,9457,9453,9433,9449,9421,9447,9428,9455,9441,546,9419,9432,9469,9470,9431,9430,3853,9468,2783,31,9475,9467,8813,9473,9424,16271,8699,16273,9420,16275,16272,16274,7221,600,9485,9486,9487,9476,9477,9478,9479,9480,9481,9482,9423,9426,9444,9493,9498,9442,9438,9497,9429,9452,9434,9474,9440,9448,9494,9490,9472,9450,9489,9491,9488,9458,9495,9492,9454,9484,9496],"class_list":{"0":"post-68313020","1":"product","2":"type-product","3":"status-publish","4":"has-post-thumbnail","6":"product_brand-mopar","7":"product_cat-alle-produkte","8":"product_cat-300c-64-abgasanlage-dichtungen-hardware","9":"product_cat-challenger-57-abgasanlage-dichtungen-hardware","10":"product_cat-challenger-hellcat-abgasanlage-dichtungen-hardware","11":"product_cat-challenger-64-abgasanlage-dichtungen-hardware","12":"product_cat-charger-57-2011-2023-abgasanlage-dichtungen-hardware","13":"product_cat-charger-hellcat-abgasanlage-dichtungen-hardware","14":"product_cat-charger-64-abgasanlage-dichtungen-hardware","15":"product_tag-300c-abgasklappe","16":"product_tag-68230108ab","17":"product_tag-68230108ac","18":"product_tag-68230108ad","19":"product_tag-68230108ae","20":"product_tag-68230108af","21":"product_tag-68230108ag","22":"product_tag-68420755aa","23":"product_tag-68505893aa","24":"product_tag-abgasklappe","25":"product_tag-abgasklappe-defekt","26":"product_tag-abgasklappe-ersatzteil","27":"product_tag-abgasklappe-fehlersuche","28":"product_tag-abgasklappe-funktion","29":"product_tag-abgasklappe-justierung","30":"product_tag-abgasklappe-kalibrierung","31":"product_tag-abgasklappe-motor","32":"product_tag-abgasklappe-regelung","33":"product_tag-abgasklappe-reinigung","34":"product_tag-abgasklappe-reparatur","35":"product_tag-abgasklappe-sensor","36":"product_tag-abgasklappe-stellmotor","37":"product_tag-abgasklappe-steuergeraet","38":"product_tag-abgasklappe-steuerung","39":"product_tag-abgasklappe-symptome","40":"product_tag-abgasklappe-wartung","41":"product_tag-auspuff","42":"product_tag-auspuffklappe","43":"product_tag-auspuffklappe-motor","44":"product_tag-challenger-abgasklappe","45":"product_tag-charger-stellmotor","46":"product_tag-chrysler-stellmotor","47":"product_tag-dodge-abgasklappe","48":"product_tag-dodge-challenger","49":"product_tag-dodge-stellmotor","50":"product_tag-klappenauspuff","51":"product_tag-mopar","52":"product_tag-mopar-68505893aa","53":"product_tag-mopar-abgasklappe","54":"product_tag-mopar-autoteile","55":"product_tag-mopar-ersatzteil","56":"product_tag-mopar-ersatzteile","57":"product_tag-mopar-ersatzteile-kaufen","58":"product_tag-mopar-originalteil","59":"product_tag-mopar-performance-teile","60":"product_tag-mopar-stellmotor","61":"product_tag-mopar-teile-katalog","62":"product_tag-mopar-teile-online","63":"product_tag-mopar-tuningteile","64":"product_tag-mopar10","65":"product_tag-stellmotor","66":"product_tag-stellmotor-5-7l","67":"product_tag-stellmotor-6-2l","68":"product_tag-stellmotor-6-4l","69":"product_tag-stellmotor-68230108ab","70":"product_tag-stellmotor-68230108ac","71":"product_tag-stellmotor-68230108ad","72":"product_tag-stellmotor-68230108ae","73":"product_tag-stellmotor-68230108af","74":"product_tag-stellmotor-68230108ag","75":"product_tag-stellmotor-68420755aa","76":"product_tag-stellmotor-abgasklappe","77":"product_tag-stellmotor-auspuffklappe","78":"product_tag-stellmotor-austausch","79":"product_tag-stellmotor-daytona","80":"product_tag-stellmotor-demon","81":"product_tag-stellmotor-diagnose","82":"product_tag-stellmotor-installation","83":"product_tag-stellmotor-jailbreak","84":"product_tag-stellmotor-jeep","85":"product_tag-stellmotor-kalibrierung","86":"product_tag-stellmotor-kaufen","87":"product_tag-stellmotor-originalteil","88":"product_tag-stellmotor-probleme","89":"product_tag-stellmotor-programmierung","90":"product_tag-stellmotor-pursuit","91":"product_tag-stellmotor-r-t","92":"product_tag-stellmotor-rechts","93":"product_tag-stellmotor-reset","94":"product_tag-stellmotor-scat-pack","95":"product_tag-stellmotor-srt-392","96":"product_tag-stellmotor-srt-hellcat","97":"product_tag-stellmotor-steuerung","98":"product_tag-stellmotor-super-stock","99":"product_tag-stellmotor-t-a","100":"product_tag-stellmotor-testen","101":"product_tag-stellmotor-v8-motor","102":"product_tag-stellmotor-widebody","104":"first","105":"instock","106":"taxable","107":"shipping-taxable","108":"purchasable","109":"product-type-simple"},"bundled_by":[],"bundle_stock_status":"instock","bundle_stock_quantity":1,"bundle_virtual":false,"bundle_layout":"","bundle_add_to_cart_form_location":"","bundle_editable_in_cart":false,"bundle_sold_individually_context":"","bundle_item_grouping":"","bundle_min_size":"","bundle_max_size":"","bundle_price":[],"bundled_items":[],"bundle_sell_ids":[],"exclude_global_add_ons":[],"addons":[],"acf":[],"_links":{"self":[{"href":"https:\/\/kraftwerk-shop.cc\/pl\/wp-json\/wp\/v2\/product\/68313020","targetHints":{"allow":["GET"]}}],"collection":[{"href":"https:\/\/kraftwerk-shop.cc\/pl\/wp-json\/wp\/v2\/product"}],"about":[{"href":"https:\/\/kraftwerk-shop.cc\/pl\/wp-json\/wp\/v2\/types\/product"}],"replies":[{"embeddable":true,"href":"https:\/\/kraftwerk-shop.cc\/pl\/wp-json\/wp\/v2\/comments?post=68313020"}],"version-history":[{"count":0,"href":"https:\/\/kraftwerk-shop.cc\/pl\/wp-json\/wp\/v2\/product\/68313020\/revisions"}],"wp:featuredmedia":[{"embeddable":true,"href":"https:\/\/kraftwerk-shop.cc\/pl\/wp-json\/wp\/v2\/media\/68313023"}],"wp:attachment":[{"href":"https:\/\/kraftwerk-shop.cc\/pl\/wp-json\/wp\/v2\/media?parent=68313020"}],"wp:term":[{"taxonomy":"product_brand","embeddable":true,"href":"https:\/\/kraftwerk-shop.cc\/pl\/wp-json\/wp\/v2\/product_brand?post=68313020"},{"taxonomy":"product_cat","embeddable":true,"href":"https:\/\/kraftwerk-shop.cc\/pl\/wp-json\/wp\/v2\/product_cat?post=68313020"},{"taxonomy":"product_tag","embeddable":true,"href":"https:\/\/kraftwerk-shop.cc\/pl\/wp-json\/wp\/v2\/product_tag?post=68313020"}],"curies":[{"name":"wp","href":"https:\/\/api.w.org\/{rel}","templated":true}]}}