{"id":68313076,"date":"2024-12-24T13:43:25","date_gmt":"2024-12-24T12:43:25","guid":{"rendered":"https:\/\/kraftwerk-shop.cc\/?post_type=product&#038;p=68313076"},"modified":"2026-02-15T01:16:14","modified_gmt":"2026-02-15T00:16:14","slug":"klocki-hamulcowe-mopar-68049148aa-ram-2500-3500","status":"publish","type":"product","link":"https:\/\/kraftwerk-shop.cc\/pl\/produkt\/mopar-bremsbelaege-68049148aa-ram-2500-3500\/","title":{"rendered":"Klocki hamulcowe Mopar (68049148AA) RAM 2500 \/ 3500 5.7, 6.4 i 6.7"},"content":{"rendered":"<h1>Oryginalne klocki hamulcowe Mopar (68049148AA) do RAM 2500 i 3500 5.7, 6.4 i 6.7 (o\u015b przednia) od 2009 do 2018 roku.<\/h1>\n<p>&nbsp;<\/p>\n<p><span lang=\"DE\"><strong>Numer cz\u0119\u015bci Mopar:<\/strong> 68049148AA<br \/>\n<strong>Zast\u0105piony: <\/strong>\u2014<strong><br \/>\n<\/strong><\/span><\/p>\n<p>&nbsp;<\/p>\n<p><strong>Odpowiedni dla:<\/strong><\/p>\n<table width=\"627\">\n<tbody>\n<tr>\n<td width=\"83\"><strong>Rok<\/strong><\/td>\n<td width=\"83\"><strong>Marka<\/strong><\/td>\n<td width=\"142\"><strong>Model<\/strong><\/td>\n<td width=\"174\"><strong>Wersja<\/strong><\/td>\n<td width=\"145\"><strong>Silnik<\/strong><\/td>\n<\/tr>\n<tr>\n<td width=\"83\">2018<\/td>\n<td width=\"83\">Ram<\/td>\n<td width=\"142\">2500<\/td>\n<td width=\"174\">Big Horn, Laramie, Laramie Longhorn, Limited, Power Wagon, SLT, Tradesman<\/td>\n<td width=\"145\">5.7L V8 - CNG, 5.7L, 6.4L, 6.7L<\/td>\n<\/tr>\n<tr>\n<td width=\"83\">2018<\/td>\n<td width=\"83\">Ram<\/td>\n<td width=\"142\">3500<\/td>\n<td width=\"174\">Big Horn, Laramie, Laramie Longhorn, Limited, SLT, Tradesman<\/td>\n<td width=\"145\">5.7L, 6.4L, 6.7L<\/td>\n<\/tr>\n<tr>\n<td width=\"83\">2017<\/td>\n<td width=\"83\">Ram<\/td>\n<td width=\"142\">2500<\/td>\n<td width=\"174\">Big Horn, Laramie, Laramie Longhorn, Limited, Power Wagon, SLT, Tradesman<\/td>\n<td width=\"145\">5.7L V8 - CNG, 5.7L, 6.4L, 6.7L<\/td>\n<\/tr>\n<tr>\n<td width=\"83\">2017<\/td>\n<td width=\"83\">Ram<\/td>\n<td width=\"142\">3500<\/td>\n<td width=\"174\">Big Horn, Laramie, Laramie Longhorn, Limited, Lone Star, SLT, Tradesman<\/td>\n<td width=\"145\">5.7L, 6.4L, 6.7L<\/td>\n<\/tr>\n<tr>\n<td width=\"83\">2016<\/td>\n<td width=\"83\">Ram<\/td>\n<td width=\"142\">2500<\/td>\n<td width=\"174\">Big Horn, Laramie, Laramie Longhorn, Limited, Outdoorsman, Power Wagon, SLT, Tradesman<\/td>\n<td width=\"145\">5.7L V8 - CNG, 5.7L, 6.4L, 6.7L<\/td>\n<\/tr>\n<tr>\n<td width=\"83\">2016<\/td>\n<td width=\"83\">Ram<\/td>\n<td width=\"142\">3500<\/td>\n<td width=\"174\">Big Horn, Laramie, Laramie Longhorn, Limited, SLT, Tradesman<\/td>\n<td width=\"145\">5.7L, 6.4L, 6.7L<\/td>\n<\/tr>\n<tr>\n<td width=\"83\">2015<\/td>\n<td width=\"83\">Ram<\/td>\n<td width=\"142\">2500<\/td>\n<td width=\"174\">Big Horn, Laramie, Laramie Limited, Laramie Longhorn, Lone Star, Outdoorsman, Power Wagon, SLT, Tradesman<\/td>\n<td width=\"145\">5.7L V8 - CNG, 5.7L, 6.4L, 6.7L<\/td>\n<\/tr>\n<tr>\n<td width=\"83\">2015<\/td>\n<td width=\"83\">Ram<\/td>\n<td width=\"142\">3500<\/td>\n<td width=\"174\">Big Horn, Laramie, Laramie Limited, Laramie Longhorn, Lone Star, SLT, Tradesman<\/td>\n<td width=\"145\">5.7L, 6.4L, 6.7L<\/td>\n<\/tr>\n<tr>\n<td width=\"83\">2014<\/td>\n<td width=\"83\">Ram<\/td>\n<td width=\"142\">2500<\/td>\n<td width=\"174\">Big Horn, Laramie, Laramie Limited, Laramie Longhorn, Lone Star, Outdoorsman, Power Wagon, SLT, Tradesman<\/td>\n<td width=\"145\">5.7L V8 - CNG, 5.7L, 6.4L, 6.7L<\/td>\n<\/tr>\n<tr>\n<td width=\"83\">2014<\/td>\n<td width=\"83\">Ram<\/td>\n<td width=\"142\">3500<\/td>\n<td width=\"174\">Big Horn, Laramie, Laramie Limited, Laramie Longhorn, Lone Star, SLT, Tradesman<\/td>\n<td width=\"145\">5.7L, 6.4L, 6.7L<\/td>\n<\/tr>\n<tr>\n<td width=\"83\">2013<\/td>\n<td width=\"83\">Ram<\/td>\n<td width=\"142\">2500<\/td>\n<td width=\"174\">Big Horn, Laramie, Laramie Longhorn, Lone Star, Outdoorsman, Power Wagon, SLT, Tradesman<\/td>\n<td width=\"145\">5.7L V8 - CNG, 5.7L, 6.7L<\/td>\n<\/tr>\n<tr>\n<td width=\"83\">2013<\/td>\n<td width=\"83\">Ram<\/td>\n<td width=\"142\">3500<\/td>\n<td width=\"174\">Big Horn, Laramie, Laramie Longhorn, Lone Star, SLT, Tradesman<\/td>\n<td width=\"145\">5.7L, 6.7L<\/td>\n<\/tr>\n<tr>\n<td width=\"83\">2012<\/td>\n<td width=\"83\">Ram<\/td>\n<td width=\"142\">2500<\/td>\n<td width=\"174\">Laramie, Laramie Longhorn, Outdoorsman, Power Wagon, SLT, ST<\/td>\n<td width=\"145\">5.7L V8 - Bi-Fuel, 5.7L, 6.7L<\/td>\n<\/tr>\n<tr>\n<td width=\"83\">2012<\/td>\n<td width=\"83\">Ram<\/td>\n<td width=\"142\">3500<\/td>\n<td width=\"174\">Laramie, Laramie Longhorn, SLT, ST<\/td>\n<td width=\"145\">5.7L, 6.7L<\/td>\n<\/tr>\n<tr>\n<td width=\"83\">2011<\/td>\n<td width=\"83\">Ram<\/td>\n<td width=\"142\">2500<\/td>\n<td width=\"174\">Laramie, Laramie Longhorn, Power Wagon, SLT, ST<\/td>\n<td width=\"145\">5.7L, 6.7L<\/td>\n<\/tr>\n<tr>\n<td width=\"83\">2011<\/td>\n<td width=\"83\">Ram<\/td>\n<td width=\"142\">3500<\/td>\n<td width=\"174\">Laramie, Laramie Longhorn, SLT, ST<\/td>\n<td width=\"145\">5.7L, 6.7L<\/td>\n<\/tr>\n<tr>\n<td width=\"83\">2010<\/td>\n<td width=\"83\">Dodge<\/td>\n<td width=\"142\">Ram 2500<\/td>\n<td width=\"174\">Laramie, Power Wagon, SLT, ST, TRX<\/td>\n<td width=\"145\">5.7L, 6.7L<\/td>\n<\/tr>\n<tr>\n<td width=\"83\">2010<\/td>\n<td width=\"83\">Dodge<\/td>\n<td width=\"142\">Ram 3500<\/td>\n<td width=\"174\">Laramie, SLT, ST<\/td>\n<td width=\"145\">6.7L<\/td>\n<\/tr>\n<tr>\n<td width=\"83\">2009<\/td>\n<td width=\"83\">Dodge<\/td>\n<td width=\"142\">Ram 2500<\/td>\n<td width=\"174\">Laramie, Power Wagon, SLT, ST, SXT<\/td>\n<td width=\"145\">5.7L, 5.9L, 6.7L<\/td>\n<\/tr>\n<tr>\n<td width=\"83\">2009<\/td>\n<td width=\"83\">Dodge<\/td>\n<td width=\"142\">Ram 3500<\/td>\n<td width=\"174\">Laramie, SLT, ST, SXT<\/td>\n<td width=\"145\">5.7L, 6.7L<\/td>\n<\/tr>\n<\/tbody>\n<\/table>\n<p>&nbsp;<\/p>\n<h4>Dlaczego warto wybra\u0107 oryginalne cz\u0119\u015bci zamienne Mopar?<\/h4>\n<p><strong>Idealne dopasowanie i najwy\u017csza jako\u015b\u0107:<\/strong> Oryginalne cz\u0119\u015bci zamienne Mopar s\u0105 produkowane zgodnie ze \u015bcis\u0142ymi specyfikacjami producenta, co oznacza, \u017ce idealnie pasuj\u0105 do Twojego pojazdu. Zapewnia to nie tylko \u0142atw\u0105 instalacj\u0119, ale tak\u017ce optymaln\u0105 funkcjonalno\u015b\u0107 i bezpiecze\u0144stwo.<\/p>\n<p><strong>Niezawodno\u015b\u0107 i trwa\u0142o\u015b\u0107:<\/strong> Dzi\u0119ki zastosowaniu wysokiej jako\u015bci materia\u0142\u00f3w i rygorystycznej kontroli jako\u015bci, cz\u0119\u015bci zamienne Mopar zapewniaj\u0105 niezawodne dzia\u0142anie pojazdu nawet w ekstremalnych warunkach. Zosta\u0142y zaprojektowane z my\u015bl\u0105 o trwa\u0142o\u015bci i maksymalizacji osi\u0105g\u00f3w pojazdu.<\/p>\n<p>&nbsp;<\/p>\n<p>&nbsp;<\/p>","protected":false},"excerpt":{"rendered":"<p>Oryginalna cz\u0119\u015b\u0107 Mopar<\/p>\n<p>2009\u20132018<\/p>","protected":false},"featured_media":68313078,"comment_status":"open","ping_status":"closed","template":"","meta":{"_acf_changed":false},"product_brand":[16270],"product_cat":[10262,9943,8362,8364],"product_tag":[506,507,91,93,7200,8367,9649,1046,9644,9662,9663,9645,9646,590,795,589,840,7201,9643,9660,9661,4965,9647,9652,9664,692,9642,9658,9659,3579,9656,36,31,9665,8813,9648,9424,16271,16273,16275,16272,16274,7221,1091,9657,9653,2425,86,6333,9666,9650,7666,9667,9651,9655,9641,2139,842,9654,841,673,2137],"class_list":{"0":"post-68313076","1":"product","2":"type-product","3":"status-publish","4":"has-post-thumbnail","6":"product_brand-mopar","7":"product_cat-alle-produkte","8":"product_cat-2500-3500-57-bremsen-vorne","9":"product_cat-2500-3500-64-bremsen-vorne","10":"product_cat-67-cummins-bremsen-vorne","11":"product_tag-506","12":"product_tag-507","13":"product_tag-5-7","14":"product_tag-6-4","15":"product_tag-6-7","16":"product_tag-68049148aa","17":"product_tag-68049148aa-brake-pads","18":"product_tag-abe","19":"product_tag-brake-pad-kit","20":"product_tag-brake-pad-kit-ram-2500","21":"product_tag-brake-pad-kit-ram-3500","22":"product_tag-brake-pads-ram-2500","23":"product_tag-brake-pads-ram-3500","24":"product_tag-bremsbelaege","25":"product_tag-bremse","26":"product_tag-bremsen","27":"product_tag-bremskloetze","28":"product_tag-cummins","29":"product_tag-disc-brake-pads","30":"product_tag-disc-brake-pads-ram-2500","31":"product_tag-disc-brake-pads-ram-3500","32":"product_tag-dodge-ram","33":"product_tag-dodge-ram-brake-pads","34":"product_tag-dodge-ram-bremsbelaege","35":"product_tag-dodge-ram-front-brake-pads","36":"product_tag-ersatzteil","37":"product_tag-front-brake-pads","38":"product_tag-front-brake-pads-ram-2500","39":"product_tag-front-brake-pads-ram-3500","40":"product_tag-heavy-duty","41":"product_tag-heavy-duty-bremsbelaege","42":"product_tag-kraftwerk","43":"product_tag-mopar","44":"product_tag-mopar-68049148aa","45":"product_tag-mopar-autoteile","46":"product_tag-mopar-brake-pads","47":"product_tag-mopar-ersatzteile","48":"product_tag-mopar-ersatzteile-kaufen","49":"product_tag-mopar-performance-teile","50":"product_tag-mopar-teile-katalog","51":"product_tag-mopar-teile-online","52":"product_tag-mopar-tuningteile","53":"product_tag-mopar10","54":"product_tag-oem","55":"product_tag-oem-bremsbelaege","56":"product_tag-original-mopar-bremsbelaege","57":"product_tag-originalteil","58":"product_tag-ram","59":"product_tag-ram-2500","60":"product_tag-ram-2500-brake-pad-kit","61":"product_tag-ram-2500-bremsbelaege","62":"product_tag-ram-3500","63":"product_tag-ram-3500-brake-pad-kit","64":"product_tag-ram-3500-bremsbelaege","65":"product_tag-scheibenbremsbelaege","66":"product_tag-scheibenbremse","67":"product_tag-tuev","68":"product_tag-vorderachse","69":"product_tag-vorderachse-bremsbelaege","70":"product_tag-vorne","71":"product_tag-zubehoer","72":"product_tag-zulassung","74":"first","75":"onbackorder","76":"taxable","77":"shipping-taxable","78":"purchasable","79":"product-type-simple"},"bundled_by":[],"bundle_stock_status":"onbackorder","bundle_stock_quantity":0,"bundle_virtual":false,"bundle_layout":"","bundle_add_to_cart_form_location":"","bundle_editable_in_cart":false,"bundle_sold_individually_context":"","bundle_item_grouping":"","bundle_min_size":"","bundle_max_size":"","bundle_price":[],"bundled_items":[],"bundle_sell_ids":[],"exclude_global_add_ons":[],"addons":[],"acf":[],"_links":{"self":[{"href":"https:\/\/kraftwerk-shop.cc\/pl\/wp-json\/wp\/v2\/product\/68313076","targetHints":{"allow":["GET"]}}],"collection":[{"href":"https:\/\/kraftwerk-shop.cc\/pl\/wp-json\/wp\/v2\/product"}],"about":[{"href":"https:\/\/kraftwerk-shop.cc\/pl\/wp-json\/wp\/v2\/types\/product"}],"replies":[{"embeddable":true,"href":"https:\/\/kraftwerk-shop.cc\/pl\/wp-json\/wp\/v2\/comments?post=68313076"}],"version-history":[{"count":0,"href":"https:\/\/kraftwerk-shop.cc\/pl\/wp-json\/wp\/v2\/product\/68313076\/revisions"}],"wp:featuredmedia":[{"embeddable":true,"href":"https:\/\/kraftwerk-shop.cc\/pl\/wp-json\/wp\/v2\/media\/68313078"}],"wp:attachment":[{"href":"https:\/\/kraftwerk-shop.cc\/pl\/wp-json\/wp\/v2\/media?parent=68313076"}],"wp:term":[{"taxonomy":"product_brand","embeddable":true,"href":"https:\/\/kraftwerk-shop.cc\/pl\/wp-json\/wp\/v2\/product_brand?post=68313076"},{"taxonomy":"product_cat","embeddable":true,"href":"https:\/\/kraftwerk-shop.cc\/pl\/wp-json\/wp\/v2\/product_cat?post=68313076"},{"taxonomy":"product_tag","embeddable":true,"href":"https:\/\/kraftwerk-shop.cc\/pl\/wp-json\/wp\/v2\/product_tag?post=68313076"}],"curies":[{"name":"wp","href":"https:\/\/api.w.org\/{rel}","templated":true}]}}