{"id":68313086,"date":"2024-12-24T14:55:08","date_gmt":"2024-12-24T13:55:08","guid":{"rendered":"https:\/\/kraftwerk-shop.cc\/?post_type=product&#038;p=68313086"},"modified":"2026-03-07T17:27:59","modified_gmt":"2026-03-07T16:27:59","slug":"klocki-hamulcowe-mopar-68451229aa-ram-3500","status":"publish","type":"product","link":"https:\/\/kraftwerk-shop.cc\/pl\/produkt\/mopar-bremsbelaege-68451229aa-ram-3500\/","title":{"rendered":"Klocki hamulcowe Mopar (68451229AA) RAM 3500 6.4 &amp; 6.7"},"content":{"rendered":"<h1>Oryginalne klocki hamulcowe Mopar (<span class=\"list-value sku-display\">68451229AA<\/span>) dla RAM 3500 6.4 i 6.7 (tylna o\u015b) w latach 2019-2024, pojazdy ze skrzyni\u0105 bieg\u00f3w Aisin AS69R<\/h1>\n<p>&nbsp;<\/p>\n<p><span lang=\"DE\"><strong>Numer cz\u0119\u015bci Mopar:<\/strong> <span class=\"list-value sku-display\">68451229AA<\/span><br \/>\n<strong>Zast\u0105piony: <\/strong><span class=\"list-value\">\u2014<\/span><\/span><\/p>\n<p>&nbsp;<\/p>\n<p><strong>Odpowiedni dla:<\/strong><\/p>\n<table width=\"627\">\n<tbody>\n<tr>\n<td width=\"83\"><strong>Rok<\/strong><\/td>\n<td width=\"83\"><strong>Marka<\/strong><\/td>\n<td width=\"142\"><strong>Model<\/strong><\/td>\n<td width=\"174\"><strong>Wersja<\/strong><\/td>\n<td width=\"145\"><strong>Silnik<\/strong><\/td>\n<\/tr>\n<tr>\n<td width=\"83\">2024<\/td>\n<td width=\"83\">Ram<\/td>\n<td width=\"142\">3500<\/td>\n<td width=\"174\">Big Horn, Laramie, Limited, Limited Longhorn, Tradesman<\/td>\n<td width=\"145\">6.4L, 6.7L<\/td>\n<\/tr>\n<tr>\n<td width=\"83\">2023<\/td>\n<td width=\"83\">Ram<\/td>\n<td width=\"142\">3500<\/td>\n<td width=\"174\">Big Horn, Laramie, Limited, Limited Longhorn, Tradesman<\/td>\n<td width=\"145\">6.4L, 6.7L<\/td>\n<\/tr>\n<tr>\n<td width=\"83\">2022<\/td>\n<td width=\"83\">Ram<\/td>\n<td width=\"142\">3500<\/td>\n<td width=\"174\">Big Horn, Laramie, Limited, Limited Longhorn, Lone Star, Tradesman<\/td>\n<td width=\"145\">6.4L, 6.7L<\/td>\n<\/tr>\n<tr>\n<td width=\"83\">2021<\/td>\n<td width=\"83\">Ram<\/td>\n<td width=\"142\">3500<\/td>\n<td width=\"174\">Big Horn, Laramie, Limited, Limited Longhorn, Lone Star, Tradesman<\/td>\n<td width=\"145\">6.4L, 6.7L<\/td>\n<\/tr>\n<tr>\n<td width=\"83\">2020<\/td>\n<td width=\"83\">Ram<\/td>\n<td width=\"142\">3500<\/td>\n<td width=\"174\">Laramie Longhorn<\/td>\n<td width=\"145\">6.4L, 6.7L<\/td>\n<\/tr>\n<tr>\n<td width=\"83\">2019<\/td>\n<td width=\"83\">Ram<\/td>\n<td width=\"142\">3500<\/td>\n<td width=\"174\">Big Horn, Laramie, Laramie Longhorn, Limited, Lone Star, Tradesman<\/td>\n<td width=\"145\">6.4L, 6.7L<\/td>\n<\/tr>\n<\/tbody>\n<\/table>\n<p>&nbsp;<\/p>\n<p><strong>Uwaga:<\/strong> Nadaje si\u0119 tylko do pojazd\u00f3w ze skrzyni\u0105 bieg\u00f3w Aisin AS69R<\/p>\n<h4><\/h4>\n<p>&nbsp;<\/p>\n<h4>Dlaczego warto wybra\u0107 oryginalne cz\u0119\u015bci zamienne Mopar?<\/h4>\n<p><strong>Idealne dopasowanie i najwy\u017csza jako\u015b\u0107:<\/strong> Oryginalne cz\u0119\u015bci zamienne Mopar s\u0105 produkowane zgodnie ze \u015bcis\u0142ymi specyfikacjami producenta, co oznacza, \u017ce idealnie pasuj\u0105 do Twojego pojazdu. Zapewnia to nie tylko \u0142atw\u0105 instalacj\u0119, ale tak\u017ce optymaln\u0105 funkcjonalno\u015b\u0107 i bezpiecze\u0144stwo.<\/p>\n<p><strong>Niezawodno\u015b\u0107 i trwa\u0142o\u015b\u0107:<\/strong> Dzi\u0119ki zastosowaniu wysokiej jako\u015bci materia\u0142\u00f3w i rygorystycznej kontroli jako\u015bci, cz\u0119\u015bci zamienne Mopar zapewniaj\u0105 niezawodne dzia\u0142anie pojazdu nawet w ekstremalnych warunkach. Zosta\u0142y zaprojektowane z my\u015bl\u0105 o trwa\u0142o\u015bci i maksymalizacji osi\u0105g\u00f3w pojazdu.<\/p>\n<p>&nbsp;<\/p>\n<p>&nbsp;<\/p>","protected":false},"excerpt":{"rendered":"<p>Oryginalna cz\u0119\u015b\u0107 Mopar<\/p>\n<p>2019\u20132024<\/p>","protected":false},"featured_media":68313088,"comment_status":"open","ping_status":"closed","template":"","meta":{"_acf_changed":false},"product_brand":[16270],"product_cat":[10262,8363,8365],"product_tag":[506,507,93,7200,8376,9675,1046,9639,9638,9640,9644,9663,9646,590,795,589,840,7201,9643,9661,4965,9679,9647,9652,9673,692,115,3579,9656,798,799,9670,36,31,9676,9680,8813,9648,9424,16271,16273,16275,16272,16274,7221,1091,9657,9653,2425,86,7666,9667,9677,9651,9681,9678,9668,9672,9655,9641,2139,673,2137],"class_list":{"0":"post-68313086","1":"product","2":"type-product","3":"status-publish","4":"has-post-thumbnail","6":"product_brand-mopar","7":"product_cat-alle-produkte","8":"product_cat-2500-3500-64-bremsen-hinten","9":"product_cat-67-cummins-bremsen-hinten","10":"product_tag-506","11":"product_tag-507","12":"product_tag-6-4","13":"product_tag-6-7","14":"product_tag-68451229aa","15":"product_tag-68451229aa-brake-pads","16":"product_tag-abe","17":"product_tag-aisin","18":"product_tag-aisin-as69r","19":"product_tag-as69r","20":"product_tag-brake-pad-kit","21":"product_tag-brake-pad-kit-ram-3500","22":"product_tag-brake-pads-ram-3500","23":"product_tag-bremsbelaege","24":"product_tag-bremse","25":"product_tag-bremsen","26":"product_tag-bremskloetze","27":"product_tag-cummins","28":"product_tag-disc-brake-pads","29":"product_tag-disc-brake-pads-ram-3500","30":"product_tag-dodge-ram","31":"product_tag-dodge-ram-3500-bremsbelaege","32":"product_tag-dodge-ram-brake-pads","33":"product_tag-dodge-ram-bremsbelaege","34":"product_tag-dodge-ram-rear-brake-pads","35":"product_tag-ersatzteil","36":"product_tag-getriebe","37":"product_tag-heavy-duty","38":"product_tag-heavy-duty-bremsbelaege","39":"product_tag-hinten","40":"product_tag-hinterachse","41":"product_tag-hinterachse-bremsbelaege","42":"product_tag-kraftwerk","43":"product_tag-mopar","44":"product_tag-mopar-68451229aa","45":"product_tag-mopar-68451229aa-kaufen","46":"product_tag-mopar-autoteile","47":"product_tag-mopar-brake-pads","48":"product_tag-mopar-ersatzteile","49":"product_tag-mopar-ersatzteile-kaufen","50":"product_tag-mopar-performance-teile","51":"product_tag-mopar-teile-katalog","52":"product_tag-mopar-teile-online","53":"product_tag-mopar-tuningteile","54":"product_tag-mopar10","55":"product_tag-oem","56":"product_tag-oem-bremsbelaege","57":"product_tag-original-mopar-bremsbelaege","58":"product_tag-originalteil","59":"product_tag-ram","60":"product_tag-ram-3500","61":"product_tag-ram-3500-brake-pad-kit","62":"product_tag-ram-3500-brake-pads-2019-2024","63":"product_tag-ram-3500-bremsbelaege","64":"product_tag-ram-3500-bremsbelaege-online","65":"product_tag-ram-3500-bremsen","66":"product_tag-rear-brake-pads","67":"product_tag-rear-brake-pads-ram-3500","68":"product_tag-scheibenbremsbelaege","69":"product_tag-scheibenbremse","70":"product_tag-tuev","71":"product_tag-zubehoer","72":"product_tag-zulassung","73":"product_shipping_class-deutschlandohne","75":"first","76":"onbackorder","77":"taxable","78":"shipping-taxable","79":"purchasable","80":"product-type-simple"},"bundled_by":[],"bundle_stock_status":"onbackorder","bundle_stock_quantity":0,"bundle_virtual":false,"bundle_layout":"","bundle_add_to_cart_form_location":"","bundle_editable_in_cart":false,"bundle_sold_individually_context":"","bundle_item_grouping":"","bundle_min_size":"","bundle_max_size":"","bundle_price":[],"bundled_items":[],"bundle_sell_ids":[],"exclude_global_add_ons":[],"addons":[],"acf":[],"_links":{"self":[{"href":"https:\/\/kraftwerk-shop.cc\/pl\/wp-json\/wp\/v2\/product\/68313086","targetHints":{"allow":["GET"]}}],"collection":[{"href":"https:\/\/kraftwerk-shop.cc\/pl\/wp-json\/wp\/v2\/product"}],"about":[{"href":"https:\/\/kraftwerk-shop.cc\/pl\/wp-json\/wp\/v2\/types\/product"}],"replies":[{"embeddable":true,"href":"https:\/\/kraftwerk-shop.cc\/pl\/wp-json\/wp\/v2\/comments?post=68313086"}],"version-history":[{"count":0,"href":"https:\/\/kraftwerk-shop.cc\/pl\/wp-json\/wp\/v2\/product\/68313086\/revisions"}],"wp:featuredmedia":[{"embeddable":true,"href":"https:\/\/kraftwerk-shop.cc\/pl\/wp-json\/wp\/v2\/media\/68313088"}],"wp:attachment":[{"href":"https:\/\/kraftwerk-shop.cc\/pl\/wp-json\/wp\/v2\/media?parent=68313086"}],"wp:term":[{"taxonomy":"product_brand","embeddable":true,"href":"https:\/\/kraftwerk-shop.cc\/pl\/wp-json\/wp\/v2\/product_brand?post=68313086"},{"taxonomy":"product_cat","embeddable":true,"href":"https:\/\/kraftwerk-shop.cc\/pl\/wp-json\/wp\/v2\/product_cat?post=68313086"},{"taxonomy":"product_tag","embeddable":true,"href":"https:\/\/kraftwerk-shop.cc\/pl\/wp-json\/wp\/v2\/product_tag?post=68313086"}],"curies":[{"name":"wp","href":"https:\/\/api.w.org\/{rel}","templated":true}]}}