{"id":68313109,"date":"2024-12-25T01:21:27","date_gmt":"2024-12-25T00:21:27","guid":{"rendered":"https:\/\/kraftwerk-shop.cc\/?post_type=product&#038;p=68313109"},"modified":"2026-02-15T01:15:51","modified_gmt":"2026-02-15T00:15:51","slug":"tarcza-hamulcowa-mopar-68414884ab-ram-2500-3500","status":"publish","type":"product","link":"https:\/\/kraftwerk-shop.cc\/pl\/produkt\/mopar-bremsscheibe-68414884ab-ram-2500-3500\/","title":{"rendered":"Tarcza hamulcowa Mopar (68414884AB) RAM 2500 \/ 3500 6.4 &amp; 6.7"},"content":{"rendered":"<h1>Oryginalna tarcza hamulcowa Mopar (<span class=\"list-value sku-display\">68414884AB<\/span>) dla RAM 2500 i 3500 6.4 i 6.7 (tylna o\u015b) od 2019 do 2024 r.<\/h1>\n<p>&nbsp;<\/p>\n<p><span lang=\"DE\"><strong>Numer cz\u0119\u015bci Mopar:<\/strong> <span class=\"list-value sku-display\">68414884AB<\/span><br \/>\n<strong>Zast\u0105piony:\u00a0<\/strong><span class=\"list-value\">68414884AA<br \/>\n<strong>\u015arednica:<\/strong> 358 mm<br \/>\n<\/span><\/span><\/p>\n<p>&nbsp;<\/p>\n<p><strong>Odpowiedni dla:<\/strong><\/p>\n<table width=\"627\">\n<tbody>\n<tr>\n<td width=\"83\"><strong>Rok<\/strong><\/td>\n<td width=\"83\"><strong>Marka<\/strong><\/td>\n<td width=\"142\"><strong>Model<\/strong><\/td>\n<td width=\"174\"><strong>Wersja<\/strong><\/td>\n<td width=\"145\"><strong>Silnik<\/strong><\/td>\n<\/tr>\n<tr>\n<td width=\"83\">2024<\/td>\n<td width=\"83\">Ram<\/td>\n<td width=\"142\">2500<\/td>\n<td width=\"174\">Big Horn, Laramie, Limited, Limited Longhorn, Lone Star, Power Wagon, Rebel, Tradesman<\/td>\n<td width=\"145\">6.4L, 6.7L<\/td>\n<\/tr>\n<tr>\n<td width=\"83\">2024<\/td>\n<td width=\"83\">Ram<\/td>\n<td width=\"142\">3500<\/td>\n<td width=\"174\">Big Horn, Laramie, Limited, Limited Longhorn, SLT, Tradesman<\/td>\n<td width=\"145\">6.4L, 6.7L<\/td>\n<\/tr>\n<tr>\n<td width=\"83\">2023<\/td>\n<td width=\"83\">Ram<\/td>\n<td width=\"142\">2500<\/td>\n<td width=\"174\">Big Horn, Laramie, Limited, Limited Longhorn, Lone Star, Power Wagon, Rebel, Tradesman<\/td>\n<td width=\"145\">6.4L, 6.7L<\/td>\n<\/tr>\n<tr>\n<td width=\"83\">2023<\/td>\n<td width=\"83\">Ram<\/td>\n<td width=\"142\">3500<\/td>\n<td width=\"174\">Big Horn, Laramie, Limited, Limited Longhorn, SLT, Tradesman<\/td>\n<td width=\"145\">6.4L, 6.7L<\/td>\n<\/tr>\n<tr>\n<td width=\"83\">2022<\/td>\n<td width=\"83\">Ram<\/td>\n<td width=\"142\">2500<\/td>\n<td width=\"174\">Big Horn, Laramie, Limited, Limited Longhorn, Lone Star, Power Wagon, Tradesman<\/td>\n<td width=\"145\">6.4L, 6.7L<\/td>\n<\/tr>\n<tr>\n<td width=\"83\">2022<\/td>\n<td width=\"83\">Ram<\/td>\n<td width=\"142\">3500<\/td>\n<td width=\"174\">Big Horn, Laramie, Limited, Limited Longhorn, Lone Star, SLT, Tradesman<\/td>\n<td width=\"145\">6.4L, 6.7L<\/td>\n<\/tr>\n<tr>\n<td width=\"83\">2021<\/td>\n<td width=\"83\">Ram<\/td>\n<td width=\"142\">2500<\/td>\n<td width=\"174\">Big Horn, Laramie, Limited, Limited Longhorn, Lone Star, Power Wagon, Tradesman<\/td>\n<td width=\"145\">6.4L, 6.7L<\/td>\n<\/tr>\n<tr>\n<td width=\"83\">2021<\/td>\n<td width=\"83\">Ram<\/td>\n<td width=\"142\">3500<\/td>\n<td width=\"174\">Big Horn, Laramie, Limited, Limited Longhorn, Lone Star, SLT, Tradesman<\/td>\n<td width=\"145\">6.4L, 6.7L<\/td>\n<\/tr>\n<tr>\n<td width=\"83\">2020<\/td>\n<td width=\"83\">Ram<\/td>\n<td width=\"142\">2500<\/td>\n<td width=\"174\">Big Horn, Laramie, Laramie Longhorn, Limited, Lone Star, Power Wagon, Tradesman<\/td>\n<td width=\"145\">6.4L, 6.7L<\/td>\n<\/tr>\n<tr>\n<td width=\"83\">2020<\/td>\n<td width=\"83\">Ram<\/td>\n<td width=\"142\">3500<\/td>\n<td width=\"174\">Laramie, Laramie Longhorn, Limited, SLT, Tradesman<\/td>\n<td width=\"145\">6.4L, 6.7L<\/td>\n<\/tr>\n<tr>\n<td width=\"83\">2019<\/td>\n<td width=\"83\">Ram<\/td>\n<td width=\"142\">2500<\/td>\n<td width=\"174\">Big Horn, Laramie, Laramie Longhorn, Limited, Lone Star, Power Wagon, Tradesman<\/td>\n<td width=\"145\">6.4L, 6.7L<\/td>\n<\/tr>\n<tr>\n<td width=\"83\">2019<\/td>\n<td width=\"83\">Ram<\/td>\n<td width=\"142\">3500<\/td>\n<td width=\"174\">Big Horn, Laramie, Laramie Longhorn, Limited, Lone Star, SLT, Tradesman<\/td>\n<td width=\"145\">6.4L, 6.7L<\/td>\n<\/tr>\n<\/tbody>\n<\/table>\n<p>&nbsp;<\/p>\n<h4>Dlaczego warto wybra\u0107 oryginalne cz\u0119\u015bci zamienne Mopar?<\/h4>\n<p><strong>Idealne dopasowanie i najwy\u017csza jako\u015b\u0107:<\/strong> Oryginalne cz\u0119\u015bci zamienne Mopar s\u0105 produkowane zgodnie ze \u015bcis\u0142ymi specyfikacjami producenta, co oznacza, \u017ce idealnie pasuj\u0105 do Twojego pojazdu. Zapewnia to nie tylko \u0142atw\u0105 instalacj\u0119, ale tak\u017ce optymaln\u0105 funkcjonalno\u015b\u0107 i bezpiecze\u0144stwo.<\/p>\n<p><strong>Niezawodno\u015b\u0107 i trwa\u0142o\u015b\u0107:<\/strong> Dzi\u0119ki zastosowaniu wysokiej jako\u015bci materia\u0142\u00f3w i rygorystycznej kontroli jako\u015bci, cz\u0119\u015bci zamienne Mopar zapewniaj\u0105 niezawodne dzia\u0142anie pojazdu nawet w ekstremalnych warunkach. Zosta\u0142y zaprojektowane z my\u015bl\u0105 o trwa\u0142o\u015bci i maksymalizacji osi\u0105g\u00f3w pojazdu.<\/p>\n<p>&nbsp;<\/p>\n<p>&nbsp;<\/p>","protected":false},"excerpt":{"rendered":"<p>Oryginalna cz\u0119\u015b\u0107 Mopar, \u015brednica 358 mm<\/p>\n<p>2019\u20132024<\/p>","protected":false},"featured_media":68313111,"comment_status":"open","ping_status":"closed","template":"","meta":{"_acf_changed":false},"product_brand":[16270],"product_cat":[10262,8363,8365],"product_tag":[506,507,93,7200,9691,9690,9767,1046,9771,9644,9761,795,589,9721,9713,9712,9739,9766,9747,9777,9734,796,9768,7201,4965,9720,9774,692,9769,9762,3579,9760,798,799,9735,9764,9732,36,31,8813,9741,9424,16271,9776,9765,9772,16273,16275,16272,16274,8651,7221,1091,8650,9770,9719,2425,9763,9737,9775,86,6333,7666,9749,9773,9759,9641,9755,9698,2139,673,2137],"class_list":{"0":"post-68313109","1":"product","2":"type-product","3":"status-publish","4":"has-post-thumbnail","6":"product_brand-mopar","7":"product_cat-alle-produkte","8":"product_cat-2500-3500-64-bremsen-hinten","9":"product_cat-67-cummins-bremsen-hinten","10":"product_tag-506","11":"product_tag-507","12":"product_tag-6-4","13":"product_tag-6-7","14":"product_tag-68414884aa","15":"product_tag-68414884ab","16":"product_tag-8-loch-bremsscheibe","17":"product_tag-abe","18":"product_tag-autoteile-ram-2500","19":"product_tag-brake-pad-kit","20":"product_tag-bremsanlage-ram","21":"product_tag-bremse","22":"product_tag-bremsen","23":"product_tag-bremsen-kaufen","24":"product_tag-bremsen-reparatur","25":"product_tag-bremsen-wartung","26":"product_tag-bremsenersatzteile","27":"product_tag-bremsenqualitaet","28":"product_tag-bremsenset-dodge","29":"product_tag-bremskomponenten-ram","30":"product_tag-bremsrotoren","31":"product_tag-bremsscheibe","32":"product_tag-bremsscheibenmontage","33":"product_tag-cummins","34":"product_tag-dodge-ram","35":"product_tag-dodge-ram-bremsscheiben","36":"product_tag-dodge-ram-teile-kaufen","37":"product_tag-ersatzteil","38":"product_tag-ersatzteile-shop","39":"product_tag-fahrzeugteile-ram","40":"product_tag-heavy-duty","41":"product_tag-heavy-duty-bremsen","42":"product_tag-hinten","43":"product_tag-hinterachse","44":"product_tag-hinterachse-bremsscheiben","45":"product_tag-hinterachse-zubehoer","46":"product_tag-hochleistungsbremsscheiben","47":"product_tag-kraftwerk","48":"product_tag-mopar","49":"product_tag-mopar-autoteile","50":"product_tag-mopar-deutschland","51":"product_tag-mopar-ersatzteile","52":"product_tag-mopar-ersatzteile-kaufen","53":"product_tag-mopar-ersatzteilhaendler","54":"product_tag-mopar-haendler-deutschland","55":"product_tag-mopar-originalersatzteile","56":"product_tag-mopar-performance-teile","57":"product_tag-mopar-teile-katalog","58":"product_tag-mopar-teile-online","59":"product_tag-mopar-tuningteile","60":"product_tag-mopar-zubehoer","61":"product_tag-mopar10","62":"product_tag-oem","63":"product_tag-oem-ersatzteil","64":"product_tag-original-bremsen","65":"product_tag-original-mopar-bremsscheibe","66":"product_tag-originalteil","67":"product_tag-originalteile-dodge","68":"product_tag-pickup-bremsscheiben","69":"product_tag-pickup-zubehoer","70":"product_tag-ram","71":"product_tag-ram-2500","72":"product_tag-ram-3500","73":"product_tag-ram-3500-bremsenservice","74":"product_tag-ram-bremsscheibenwechsel","75":"product_tag-ram-ersatzteile","76":"product_tag-scheibenbremse","77":"product_tag-scheibenbremse-wartung","78":"product_tag-truck-parts","79":"product_tag-tuev","80":"product_tag-zubehoer","81":"product_tag-zulassung","83":"first","84":"onbackorder","85":"taxable","86":"shipping-taxable","87":"purchasable","88":"product-type-simple"},"bundled_by":[],"bundle_stock_status":"onbackorder","bundle_stock_quantity":0,"bundle_virtual":false,"bundle_layout":"","bundle_add_to_cart_form_location":"","bundle_editable_in_cart":false,"bundle_sold_individually_context":"","bundle_item_grouping":"","bundle_min_size":"","bundle_max_size":"","bundle_price":[],"bundled_items":[],"bundle_sell_ids":[],"exclude_global_add_ons":[],"addons":[],"acf":[],"_links":{"self":[{"href":"https:\/\/kraftwerk-shop.cc\/pl\/wp-json\/wp\/v2\/product\/68313109","targetHints":{"allow":["GET"]}}],"collection":[{"href":"https:\/\/kraftwerk-shop.cc\/pl\/wp-json\/wp\/v2\/product"}],"about":[{"href":"https:\/\/kraftwerk-shop.cc\/pl\/wp-json\/wp\/v2\/types\/product"}],"replies":[{"embeddable":true,"href":"https:\/\/kraftwerk-shop.cc\/pl\/wp-json\/wp\/v2\/comments?post=68313109"}],"version-history":[{"count":0,"href":"https:\/\/kraftwerk-shop.cc\/pl\/wp-json\/wp\/v2\/product\/68313109\/revisions"}],"wp:featuredmedia":[{"embeddable":true,"href":"https:\/\/kraftwerk-shop.cc\/pl\/wp-json\/wp\/v2\/media\/68313111"}],"wp:attachment":[{"href":"https:\/\/kraftwerk-shop.cc\/pl\/wp-json\/wp\/v2\/media?parent=68313109"}],"wp:term":[{"taxonomy":"product_brand","embeddable":true,"href":"https:\/\/kraftwerk-shop.cc\/pl\/wp-json\/wp\/v2\/product_brand?post=68313109"},{"taxonomy":"product_cat","embeddable":true,"href":"https:\/\/kraftwerk-shop.cc\/pl\/wp-json\/wp\/v2\/product_cat?post=68313109"},{"taxonomy":"product_tag","embeddable":true,"href":"https:\/\/kraftwerk-shop.cc\/pl\/wp-json\/wp\/v2\/product_tag?post=68313109"}],"curies":[{"name":"wp","href":"https:\/\/api.w.org\/{rel}","templated":true}]}}