{"id":68314172,"date":"2025-01-13T12:53:59","date_gmt":"2025-01-13T11:53:59","guid":{"rendered":"https:\/\/kraftwerk-shop.cc\/?post_type=product&#038;p=68314172"},"modified":"2026-04-06T15:19:07","modified_gmt":"2026-04-06T13:19:07","slug":"mopar-82214911-nakretki-zaworow-hellcat","status":"publish","type":"product","link":"https:\/\/kraftwerk-shop.cc\/pl\/produkt\/mopar-82214911-ventilkappen-hellcat\/","title":{"rendered":"Nakr\u0119tki zawor\u00f3w opon Mopar z logo Hellcat"},"content":{"rendered":"<h1>Nakr\u0119tki zawor\u00f3w opon Mopar z logo Hellcat<\/h1>\n<p>&nbsp;<\/p>\n<p><strong>Oficjalna oryginalna cz\u0119\u015b\u0107 MOPAR<\/strong> (numer cz\u0119\u015bci 82214911)<\/p>\n<p>Ko\u0142paki zawor\u00f3w Mopar skutecznie chroni\u0105 zawory opon przed brudem, kurzem i wilgoci\u0105, nadaj\u0105c pojazdowi elegancki, sportowy charakter.<br \/>\nNadaj swojemu pojazdowi stylowy wygl\u0105d.<\/p>\n<p>&nbsp;<\/p>\n<p><strong>Zakres dostawy:<\/strong><\/p>\n<ul>\n<li>1 zestaw (4 nakr\u0119tki zawor\u00f3w)<\/li>\n<\/ul>","protected":false},"excerpt":{"rendered":"<p>Mopar Reifenventilkappen mit Hellcat Logo &nbsp; Offizielles MOPAR Originalteil (Teilenummer 82214911) Die Ventilkappen von Mopar sch\u00fctzen Ihre Reifenventile effektiv vor<\/p>","protected":false},"featured_media":68314175,"comment_status":"open","ping_status":"closed","template":"","meta":{"_acf_changed":false},"product_brand":[16270],"product_cat":[10262,1591,1672,1680,1688,1696,1704,1599,1607,1615,5164,1623,1631,1639,1648,1656,3002,1664,1712,1720,1728,1483,1736,1744,4811,1752,1760,1768,1776],"product_tag":[101,10251,10256,9700,54,4827,53,152,9401,10229,49,3853,10242,10224,10247,10249,10235,10238,10244,10246,10234,10240,10231,10228,8668,2934,100,9399,539,31,8813,8692,10230,10243,10241,9424,16271,9725,10237,16273,10233,16275,16272,10245,16274,10225,10248,8651,9397,9398,10226,9400,10239,10232,96,9402,10236,10227],"class_list":{"0":"post-68314172","1":"product","2":"type-product","3":"status-publish","4":"has-post-thumbnail","6":"product_brand-mopar","7":"product_cat-alle-produkte","8":"product_cat-300c-64-zubehoer","9":"product_cat-challenger-36-zubehoer","10":"product_cat-challenger-57-zubehoer","11":"product_cat-challenger-61-zubehoer","12":"product_cat-challenger-hellcat-zubehoer","13":"product_cat-challenger-64-zubehoer","14":"product_cat-charger-35-zubehoer","15":"product_cat-charger-36-zubehoer","16":"product_cat-charger-57-zubehoer","17":"product_cat-dodge-charger-57-2011-2023-zubehoer","18":"product_cat-charger-61-zubehoer","19":"product_cat-charger-hellcat-zubehoer","20":"product_cat-charger-64-zubehoer","21":"product_cat-durango-36-zubehoer","22":"product_cat-durango-57-zubehoer","23":"product_cat-durango-hellcat-zubehoer","24":"product_cat-durango-64-zubehoer","25":"product_cat-magnum-35-zubehoer","26":"product_cat-magnum-57-zubehoer","27":"product_cat-magnum-61-zubehoer","28":"product_cat-cherokee-zubehoer","29":"product_cat-grand-cherokee-30-diesel-zubehoer","30":"product_cat-grand-cherokee-36-zubehoer","31":"product_cat-grand-cherokee-57-2005-2010-zubehoer","32":"product_cat-grand-cherokee-57-2011-2021-zubehoer","33":"product_cat-grand-cherokee-61-zubehoer","34":"product_cat-trackhawk-zubehoer","35":"product_cat-grand-cherokee-64-zubehoer","36":"product_tag-6-2","37":"product_tag-10251","38":"product_tag-10256","39":"product_tag-autozubehoer","40":"product_tag-challenger","41":"product_tag-challenger-demon","42":"product_tag-charger","43":"product_tag-demon","44":"product_tag-demon-logo","45":"product_tag-demon-ventilkappen","46":"product_tag-dodge","47":"product_tag-dodge-challenger","48":"product_tag-dodge-challenger-ventilkappen","49":"product_tag-dodge-demon","50":"product_tag-dodge-demon-ersatzteile","51":"product_tag-dodge-demon-mopar","52":"product_tag-dodge-demon-originalteile","53":"product_tag-dodge-demon-performance","54":"product_tag-dodge-demon-reifenventile","55":"product_tag-dodge-demon-teile","56":"product_tag-dodge-demon-tuning","57":"product_tag-dodge-demon-ventilkappen","58":"product_tag-dodge-demon-zubehoer","59":"product_tag-dodge-tuning","60":"product_tag-dodge-zubehoer","61":"product_tag-harder","62":"product_tag-hellcat","63":"product_tag-kappen","64":"product_tag-logo","65":"product_tag-mopar","66":"product_tag-mopar-autoteile","67":"product_tag-mopar-autozubehoer","68":"product_tag-mopar-demon","69":"product_tag-mopar-demon-logo","70":"product_tag-mopar-demon-zubehoer","71":"product_tag-mopar-ersatzteile","72":"product_tag-mopar-ersatzteile-kaufen","73":"product_tag-mopar-originalteile","74":"product_tag-mopar-performance","75":"product_tag-mopar-performance-teile","76":"product_tag-mopar-reifenventile","77":"product_tag-mopar-teile-katalog","78":"product_tag-mopar-teile-online","79":"product_tag-mopar-tuning-teile","80":"product_tag-mopar-tuningteile","81":"product_tag-mopar-ventilkappen","82":"product_tag-mopar-ventilkappen-set","83":"product_tag-mopar-zubehoer","84":"product_tag-reifen","85":"product_tag-reifenventil","86":"product_tag-reifenventile","87":"product_tag-reifenventilkappen","88":"product_tag-reifenventilkappen-mopar","89":"product_tag-reifenventilkappen-set","90":"product_tag-srt","91":"product_tag-ventilkappen","92":"product_tag-ventilkappen-auto","93":"product_tag-ventilkappen-set","95":"first","96":"instock","97":"taxable","98":"shipping-taxable","99":"purchasable","100":"product-type-simple"},"bundled_by":[],"bundle_stock_status":"instock","bundle_stock_quantity":2,"bundle_virtual":false,"bundle_layout":"","bundle_add_to_cart_form_location":"","bundle_editable_in_cart":false,"bundle_sold_individually_context":"","bundle_item_grouping":"","bundle_min_size":"","bundle_max_size":"","bundle_price":[],"bundled_items":[],"bundle_sell_ids":[],"exclude_global_add_ons":[],"addons":[],"acf":[],"_links":{"self":[{"href":"https:\/\/kraftwerk-shop.cc\/pl\/wp-json\/wp\/v2\/product\/68314172","targetHints":{"allow":["GET"]}}],"collection":[{"href":"https:\/\/kraftwerk-shop.cc\/pl\/wp-json\/wp\/v2\/product"}],"about":[{"href":"https:\/\/kraftwerk-shop.cc\/pl\/wp-json\/wp\/v2\/types\/product"}],"replies":[{"embeddable":true,"href":"https:\/\/kraftwerk-shop.cc\/pl\/wp-json\/wp\/v2\/comments?post=68314172"}],"version-history":[{"count":0,"href":"https:\/\/kraftwerk-shop.cc\/pl\/wp-json\/wp\/v2\/product\/68314172\/revisions"}],"wp:featuredmedia":[{"embeddable":true,"href":"https:\/\/kraftwerk-shop.cc\/pl\/wp-json\/wp\/v2\/media\/68314175"}],"wp:attachment":[{"href":"https:\/\/kraftwerk-shop.cc\/pl\/wp-json\/wp\/v2\/media?parent=68314172"}],"wp:term":[{"taxonomy":"product_brand","embeddable":true,"href":"https:\/\/kraftwerk-shop.cc\/pl\/wp-json\/wp\/v2\/product_brand?post=68314172"},{"taxonomy":"product_cat","embeddable":true,"href":"https:\/\/kraftwerk-shop.cc\/pl\/wp-json\/wp\/v2\/product_cat?post=68314172"},{"taxonomy":"product_tag","embeddable":true,"href":"https:\/\/kraftwerk-shop.cc\/pl\/wp-json\/wp\/v2\/product_tag?post=68314172"}],"curies":[{"name":"wp","href":"https:\/\/api.w.org\/{rel}","templated":true}]}}