{"id":68314290,"date":"2025-01-19T15:27:24","date_gmt":"2025-01-19T14:27:24","guid":{"rendered":"https:\/\/kraftwerk-shop.cc\/?post_type=product&#038;p=68314290"},"modified":"2026-02-15T01:16:58","modified_gmt":"2026-02-15T00:16:58","slug":"przycisk-start-mopar-czerwony-6ge11xr4ac","status":"publish","type":"product","link":"https:\/\/kraftwerk-shop.cc\/pl\/produkt\/mopar-startknopf-rot-6ge11xr4ac\/","title":{"rendered":"Czerwony przycisk uruchamiania Mopar (6GE11XR4AC)"},"content":{"rendered":"<h1>Oryginalny przycisk uruchamiania Mopar w kolorze czerwonym (6GE11XR4AC) do Chryslera 300C i Dodge'a Chargera od 2011 do 2014 r.<\/h1>\n<p>&nbsp;<\/p>\n<p>Zast\u0105p oryginalny czarny przycisk uruchamiania tym jaskrawoczerwonym przyciskiem, kt\u00f3ry nada wn\u0119trzu spersonalizowany charakter.<br \/>\nProsta wymiana, plug &amp; play.<\/p>\n<p>&nbsp;<\/p>\n<p><span lang=\"DE\"><strong>Numer cz\u0119\u015bci Mopar:<\/strong> 6GE11XR4AC<br \/>\n<strong>Zast\u0105piony: <\/strong>\u00a0<span class=\"list-value\">1UL96XR4AA, 1UL96XR4AB, 1UL96XR4AC, 6GE11XR4AA, 6GE11XR4AB<\/span><br \/>\n<\/span><\/p>\n<p>&nbsp;<\/p>\n<p><strong>Odpowiedni dla:<\/strong><\/p>\n<table width=\"308\">\n<tbody>\n<tr>\n<td width=\"83\"><strong>Rok<\/strong><\/td>\n<td width=\"83\"><strong>Marka<\/strong><\/td>\n<td width=\"142\"><strong>Model<\/strong><\/td>\n<\/tr>\n<tr>\n<td width=\"83\">2014<\/td>\n<td width=\"83\">Dodge<\/td>\n<td width=\"142\">Charger<\/td>\n<\/tr>\n<tr>\n<td width=\"83\">2013<\/td>\n<td width=\"83\">Dodge<\/td>\n<td width=\"142\">Charger<\/td>\n<\/tr>\n<tr>\n<td width=\"83\">2012<\/td>\n<td width=\"83\">Dodge<\/td>\n<td width=\"142\">Charger<\/td>\n<\/tr>\n<tr>\n<td width=\"83\">2011<\/td>\n<td width=\"83\">Dodge<\/td>\n<td width=\"142\">Charger<\/td>\n<\/tr>\n<tr>\n<td width=\"83\">2014<\/td>\n<td width=\"83\">Chrysler<\/td>\n<td width=\"142\">300<\/td>\n<\/tr>\n<tr>\n<td width=\"83\">2013<\/td>\n<td width=\"83\">Chrysler<\/td>\n<td width=\"142\">300<\/td>\n<\/tr>\n<tr>\n<td width=\"83\">2012<\/td>\n<td width=\"83\">Chrysler<\/td>\n<td width=\"142\">300<\/td>\n<\/tr>\n<tr>\n<td width=\"83\">2011<\/td>\n<td width=\"83\">Chrysler<\/td>\n<td width=\"142\">300<\/td>\n<\/tr>\n<\/tbody>\n<\/table>\n<p>&nbsp;<\/p>\n<h4>Dlaczego warto wybra\u0107 oryginalne cz\u0119\u015bci zamienne Mopar?<\/h4>\n<p><strong>Idealne dopasowanie i najwy\u017csza jako\u015b\u0107:<\/strong> Oryginalne cz\u0119\u015bci zamienne Mopar s\u0105 produkowane zgodnie ze \u015bcis\u0142ymi specyfikacjami producenta, co oznacza, \u017ce idealnie pasuj\u0105 do Twojego pojazdu. Zapewnia to nie tylko \u0142atw\u0105 instalacj\u0119, ale tak\u017ce optymaln\u0105 funkcjonalno\u015b\u0107 i bezpiecze\u0144stwo.<\/p>\n<p><strong>Niezawodno\u015b\u0107 i trwa\u0142o\u015b\u0107:<\/strong> Dzi\u0119ki zastosowaniu wysokiej jako\u015bci materia\u0142\u00f3w i rygorystycznej kontroli jako\u015bci, cz\u0119\u015bci zamienne Mopar zapewniaj\u0105 niezawodne dzia\u0142anie pojazdu nawet w ekstremalnych warunkach. Zosta\u0142y zaprojektowane z my\u015bl\u0105 o trwa\u0142o\u015bci i maksymalizacji osi\u0105g\u00f3w pojazdu.<\/p>\n<p>&nbsp;<\/p>\n<p>&nbsp;<\/p>","protected":false},"excerpt":{"rendered":"<p>Oryginalna cz\u0119\u015b\u0107 Mopar<\/p>\n<p>2011\u20132014<\/p>","protected":false},"featured_media":68314293,"comment_status":"open","ping_status":"closed","template":"","meta":{"_acf_changed":false},"product_brand":[16270],"product_cat":[10262,7255,7265,7276,7311,7319,7333,8053],"product_tag":[10477,10478,10481,52,10482,10479,10480,54,53,48,49,31,10486,8813,9473,9424,16271,16273,10485,10500,10514,10502,10506,10496,10508,10494,10492,10498,10516,10512,10510,10488,10504,16275,16272,16274,8651,7221,4070,10475,10476,10474,10487,10499,10513,10501,10505,10489,10495,10507,10491,10490,10497,10515,10511,10509,10493,10484,10503,559],"class_list":{"0":"post-68314290","1":"product","2":"type-product","3":"status-publish","4":"has-post-thumbnail","6":"product_brand-mopar","7":"product_cat-alle-produkte","8":"product_cat-300c-36-elektrik-sonstiges","9":"product_cat-300c-57-2011-2023-elektrik-sonstiges","10":"product_cat-300c-64-elektrik-sonstiges","11":"product_cat-charger-36-elektrik-sonstiges","12":"product_cat-charger-57-2011-2023-elektrik-sonstiges","13":"product_cat-64-elektrik-sonstiges","14":"product_cat-viper-84-elektrik","15":"product_tag-1ul96xr4aa","16":"product_tag-1ul96xr4ab","17":"product_tag-1ul96xr4ac","18":"product_tag-300c","19":"product_tag-6ge11xr4aa","20":"product_tag-6ge11xr4ab","21":"product_tag-6ge11xr4ac","22":"product_tag-challenger","23":"product_tag-charger","24":"product_tag-chrysler","25":"product_tag-dodge","26":"product_tag-mopar","27":"product_tag-mopar-6ge11xr4ac","28":"product_tag-mopar-autoteile","29":"product_tag-mopar-ersatzteil","30":"product_tag-mopar-ersatzteile","31":"product_tag-mopar-ersatzteile-kaufen","32":"product_tag-mopar-performance-teile","33":"product_tag-mopar-startknopf","34":"product_tag-mopar-startknopf-anleitung","35":"product_tag-mopar-startknopf-bestellen","36":"product_tag-mopar-startknopf-bewertung","37":"product_tag-mopar-startknopf-erfahrungen","38":"product_tag-mopar-startknopf-funktion","39":"product_tag-mopar-startknopf-haendler","40":"product_tag-mopar-startknopf-installation","41":"product_tag-mopar-startknopf-kaufen","42":"product_tag-mopar-startknopf-kompatibilitaet","43":"product_tag-mopar-startknopf-lieferzeit","44":"product_tag-mopar-startknopf-oem","45":"product_tag-mopar-startknopf-original","46":"product_tag-mopar-startknopf-rot","47":"product_tag-mopar-startknopf-test","48":"product_tag-mopar-teile-katalog","49":"product_tag-mopar-teile-online","50":"product_tag-mopar-tuningteile","51":"product_tag-mopar-zubehoer","52":"product_tag-mopar10","53":"product_tag-rot","54":"product_tag-start-button","55":"product_tag-starterknopf","56":"product_tag-startknopf","57":"product_tag-startknopf-6ge11xr4ac","58":"product_tag-startknopf-anleitung","59":"product_tag-startknopf-bestellen","60":"product_tag-startknopf-bewertung","61":"product_tag-startknopf-erfahrungen","62":"product_tag-startknopf-ersatzteil","63":"product_tag-startknopf-funktion","64":"product_tag-startknopf-haendler","65":"product_tag-startknopf-installation","66":"product_tag-startknopf-kaufen","67":"product_tag-startknopf-kompatibilitaet","68":"product_tag-startknopf-lieferzeit","69":"product_tag-startknopf-oem","70":"product_tag-startknopf-original","71":"product_tag-startknopf-preis","72":"product_tag-startknopf-rot","73":"product_tag-startknopf-test","74":"product_tag-viper","75":"product_shipping_class-deutschlandohne","77":"first","78":"instock","79":"taxable","80":"shipping-taxable","81":"purchasable","82":"product-type-simple"},"bundled_by":[],"bundle_stock_status":"instock","bundle_stock_quantity":2,"bundle_virtual":false,"bundle_layout":"","bundle_add_to_cart_form_location":"","bundle_editable_in_cart":false,"bundle_sold_individually_context":"","bundle_item_grouping":"","bundle_min_size":"","bundle_max_size":"","bundle_price":[],"bundled_items":[],"bundle_sell_ids":[],"exclude_global_add_ons":[],"addons":[],"acf":[],"_links":{"self":[{"href":"https:\/\/kraftwerk-shop.cc\/pl\/wp-json\/wp\/v2\/product\/68314290","targetHints":{"allow":["GET"]}}],"collection":[{"href":"https:\/\/kraftwerk-shop.cc\/pl\/wp-json\/wp\/v2\/product"}],"about":[{"href":"https:\/\/kraftwerk-shop.cc\/pl\/wp-json\/wp\/v2\/types\/product"}],"replies":[{"embeddable":true,"href":"https:\/\/kraftwerk-shop.cc\/pl\/wp-json\/wp\/v2\/comments?post=68314290"}],"version-history":[{"count":0,"href":"https:\/\/kraftwerk-shop.cc\/pl\/wp-json\/wp\/v2\/product\/68314290\/revisions"}],"wp:featuredmedia":[{"embeddable":true,"href":"https:\/\/kraftwerk-shop.cc\/pl\/wp-json\/wp\/v2\/media\/68314293"}],"wp:attachment":[{"href":"https:\/\/kraftwerk-shop.cc\/pl\/wp-json\/wp\/v2\/media?parent=68314290"}],"wp:term":[{"taxonomy":"product_brand","embeddable":true,"href":"https:\/\/kraftwerk-shop.cc\/pl\/wp-json\/wp\/v2\/product_brand?post=68314290"},{"taxonomy":"product_cat","embeddable":true,"href":"https:\/\/kraftwerk-shop.cc\/pl\/wp-json\/wp\/v2\/product_cat?post=68314290"},{"taxonomy":"product_tag","embeddable":true,"href":"https:\/\/kraftwerk-shop.cc\/pl\/wp-json\/wp\/v2\/product_tag?post=68314290"}],"curies":[{"name":"wp","href":"https:\/\/api.w.org\/{rel}","templated":true}]}}