{"id":68314508,"date":"2025-01-25T19:05:12","date_gmt":"2025-01-25T18:05:12","guid":{"rendered":"https:\/\/kraftwerk-shop.cc\/?post_type=product&#038;p=68314508"},"modified":"2026-02-15T01:17:00","modified_gmt":"2026-02-15T00:17:00","slug":"prowadnica-zaworu-61-srt8","status":"publish","type":"product","link":"https:\/\/kraftwerk-shop.cc\/pl\/produkt\/ventilfuehrung-61-srt8\/","title":{"rendered":"Prowadnica zaworu 6.1"},"content":{"rendered":"<h1>Prowadnica zaworu dla Chrysler, Dodge i Jeep 6.1 SRT8, dolot i wydech<\/h1>\n<p>&nbsp;<\/p>\n<ul>\n<li><strong>Materia\u0142:<\/strong> Wykonany z wysokiej jako\u015bci \u017celiwa, kt\u00f3re jest znane ze swojej trwa\u0142o\u015bci i odporno\u015bci na zu\u017cycie.<\/li>\n<li><strong>Precyzyjna produkcja:<\/strong> Wyprodukowane z zachowaniem \u015bcis\u0142ych tolerancji w celu zapewnienia dok\u0142adnego dopasowania do otworu g\u0142owicy cylindr\u00f3w i zminimalizowania potrzeby dodatkowej obr\u00f3bki.<\/li>\n<li><strong>Kompatybilno\u015b\u0107:<\/strong> Opracowany jako bezpo\u015bredni zamiennik OEM do r\u00f3\u017cnych zastosowa\u0144 w samochodach, lekkich i ci\u0119\u017ckich pojazdach u\u017cytkowych, silnikach przemys\u0142owych, morskich, a nawet gazowych.<\/li>\n<li><strong>Prowadnice zawor\u00f3w ze spiralnie chropowat\u0105 \u015brednic\u0105 wewn\u0119trzn\u0105<\/strong>\n<ul>\n<li><strong>Lepsze smarowanie:<\/strong> Spiralne rowki magazynuj\u0105 olej i poprawiaj\u0105 smarowanie mi\u0119dzy trzpieniem zaworu a prowadnic\u0105<\/li>\n<li><strong>Zmniejszone zu\u017cycie:<\/strong> R\u00f3wnomierne rozprowadzanie oleju zmniejsza bezpo\u015bredni kontakt mi\u0119dzy metalowymi powierzchniami, a tym samym minimalizuje zu\u017cycie<\/li>\n<li><strong>Zoptymalizowane ch\u0142odzenie:<\/strong> Spirale pomagaj\u0105 skuteczniej odprowadza\u0107 ciep\u0142o, co jest szczeg\u00f3lnie wa\u017cne w wy\u017cszych temperaturach roboczych<\/li>\n<\/ul>\n<\/li>\n<li><strong>\u015arednica wewn\u0119trzna (IN):<\/strong> 0,3142<\/li>\n<li><strong>\u015arednica zewn\u0119trzna (IN):<\/strong> 0,525<\/li>\n<li><strong>D\u0142ugo\u015b\u0107 (IN):<\/strong> 2,185<\/li>\n<\/ul>\n<p>&nbsp;<\/p>\n<p><strong>Zakres dostawy:<\/strong> 1 zestaw (8 sztuk)<\/p>\n<p>&nbsp;<\/p>\n<p><strong>Odpowiedni dla:<\/strong><\/p>\n<table width=\"538\">\n<tbody>\n<tr>\n<td width=\"64\"><strong>Rok<\/strong><\/td>\n<td width=\"83\"><strong>Marka<\/strong><\/td>\n<td width=\"146\"><strong>Model<\/strong><\/td>\n<td width=\"110\"><strong>Wersja<\/strong><\/td>\n<td width=\"135\"><strong>Silnik<\/strong><\/td>\n<\/tr>\n<tr>\n<td width=\"64\">2010<\/td>\n<td width=\"83\">Chrysler<\/td>\n<td width=\"146\">300<\/td>\n<td width=\"110\">C SRT8<\/td>\n<td width=\"135\">6.1L<\/td>\n<\/tr>\n<tr>\n<td width=\"64\">2010<\/td>\n<td width=\"83\">Dodge<\/td>\n<td width=\"146\">Challenger<\/td>\n<td width=\"110\">SRT8<\/td>\n<td width=\"135\">6.1L<\/td>\n<\/tr>\n<tr>\n<td width=\"64\">2010<\/td>\n<td width=\"83\">Dodge<\/td>\n<td width=\"146\">Charger<\/td>\n<td width=\"110\">SRT8<\/td>\n<td width=\"135\">6.1L<\/td>\n<\/tr>\n<tr>\n<td width=\"64\">2010<\/td>\n<td width=\"83\">Jeep<\/td>\n<td width=\"146\">Grand Cherokee<\/td>\n<td width=\"110\">SRT8<\/td>\n<td width=\"135\">6.1L<\/td>\n<\/tr>\n<tr>\n<td width=\"64\">2009<\/td>\n<td width=\"83\">Chrysler<\/td>\n<td width=\"146\">300<\/td>\n<td width=\"110\">C SRT8<\/td>\n<td width=\"135\">6.1L<\/td>\n<\/tr>\n<tr>\n<td width=\"64\">2009<\/td>\n<td width=\"83\">Dodge<\/td>\n<td width=\"146\">Challenger<\/td>\n<td width=\"110\">SRT8<\/td>\n<td width=\"135\">6.1L<\/td>\n<\/tr>\n<tr>\n<td width=\"64\">2009<\/td>\n<td width=\"83\">Dodge<\/td>\n<td width=\"146\">Charger<\/td>\n<td width=\"110\">SRT8<\/td>\n<td width=\"135\">6.1L<\/td>\n<\/tr>\n<tr>\n<td width=\"64\">2009<\/td>\n<td width=\"83\">Jeep<\/td>\n<td width=\"146\">Grand Cherokee<\/td>\n<td width=\"110\">SRT8<\/td>\n<td width=\"135\">6.1L<\/td>\n<\/tr>\n<tr>\n<td width=\"64\">2008<\/td>\n<td width=\"83\">Chrysler<\/td>\n<td width=\"146\">300<\/td>\n<td width=\"110\">C SRT8<\/td>\n<td width=\"135\">6.1L<\/td>\n<\/tr>\n<tr>\n<td width=\"64\">2008<\/td>\n<td width=\"83\">Dodge<\/td>\n<td width=\"146\">Challenger<\/td>\n<td width=\"110\">SRT8<\/td>\n<td width=\"135\">6.1L<\/td>\n<\/tr>\n<tr>\n<td width=\"64\">2008<\/td>\n<td width=\"83\">Dodge<\/td>\n<td width=\"146\">Charger<\/td>\n<td width=\"110\">SRT8<\/td>\n<td width=\"135\">6.1L<\/td>\n<\/tr>\n<tr>\n<td width=\"64\">2008<\/td>\n<td width=\"83\">Dodge<\/td>\n<td width=\"146\">Magnum<\/td>\n<td width=\"110\">SRT8<\/td>\n<td width=\"135\">6.1L<\/td>\n<\/tr>\n<tr>\n<td width=\"64\">2008<\/td>\n<td width=\"83\">Jeep<\/td>\n<td width=\"146\">Grand Cherokee<\/td>\n<td width=\"110\">SRT8<\/td>\n<td width=\"135\">6.1L<\/td>\n<\/tr>\n<tr>\n<td width=\"64\">2007<\/td>\n<td width=\"83\">Chrysler<\/td>\n<td width=\"146\">300<\/td>\n<td width=\"110\">C SRT8<\/td>\n<td width=\"135\">6.1L<\/td>\n<\/tr>\n<tr>\n<td width=\"64\">2007<\/td>\n<td width=\"83\">Dodge<\/td>\n<td width=\"146\">Charger<\/td>\n<td width=\"110\">SRT8<\/td>\n<td width=\"135\">6.1L<\/td>\n<\/tr>\n<tr>\n<td width=\"64\">2007<\/td>\n<td width=\"83\">Dodge<\/td>\n<td width=\"146\">Magnum<\/td>\n<td width=\"110\">SRT8<\/td>\n<td width=\"135\">6.1L<\/td>\n<\/tr>\n<tr>\n<td width=\"64\">2007<\/td>\n<td width=\"83\">Jeep<\/td>\n<td width=\"146\">Grand Cherokee<\/td>\n<td width=\"110\">SRT8<\/td>\n<td width=\"135\">6.1L<\/td>\n<\/tr>\n<tr>\n<td width=\"64\">2006<\/td>\n<td width=\"83\">Dodge<\/td>\n<td width=\"146\">Charger<\/td>\n<td width=\"110\">SRT8<\/td>\n<td width=\"135\">6.1L<\/td>\n<\/tr>\n<tr>\n<td width=\"64\">2006<\/td>\n<td width=\"83\">Dodge<\/td>\n<td width=\"146\">Magnum<\/td>\n<td width=\"110\">SRT8<\/td>\n<td width=\"135\">6.1L<\/td>\n<\/tr>\n<tr>\n<td width=\"64\">2006<\/td>\n<td width=\"83\">Jeep<\/td>\n<td width=\"146\">Grand Cherokee<\/td>\n<td width=\"110\">SRT8<\/td>\n<td width=\"135\">6.1L<\/td>\n<\/tr>\n<\/tbody>\n<\/table>\n<p>&nbsp;<\/p>","protected":false},"excerpt":{"rendered":"<p>Ventilf\u00fchrung f\u00fcr Chrysler, Dodge und Jeep 6.1 SRT8, Einlass und Auslass &nbsp; Material: Gefertigt aus hochwertigem Gusseisen, das f\u00fcr seine<\/p>","protected":false},"featured_media":68314513,"comment_status":"open","ping_status":"closed","template":"","meta":{"_acf_changed":false},"product_brand":[],"product_cat":[10262,6683,6688,6693,6697,6702],"product_tag":[52,92,54,53,48,49,3853,5206,56,50,55,31,7221,5205,96,1056,164,5204,10542],"class_list":{"0":"post-68314508","1":"product","2":"type-product","3":"status-publish","4":"has-post-thumbnail","6":"product_cat-alle-produkte","7":"product_cat-300c-61-nockenwelle-ventiltrieb","8":"product_cat-challenger-61-nockenwelle-ventiltrieb","9":"product_cat-charger-61-nockenwelle-ventiltrieb","10":"product_cat-magnum-61-nockenwelle-ventiltrieb","11":"product_cat-grand-cherokee-61-nockenwelle-ventiltrieb","12":"product_tag-300c","13":"product_tag-6-1","14":"product_tag-challenger","15":"product_tag-charger","16":"product_tag-chrysler","17":"product_tag-dodge","18":"product_tag-dodge-challenger","19":"product_tag-einlass","20":"product_tag-grand-cherokee","21":"product_tag-jeep","22":"product_tag-magnum","23":"product_tag-mopar","24":"product_tag-mopar10","25":"product_tag-pushrod","26":"product_tag-srt","27":"product_tag-srt-8","28":"product_tag-srt8","29":"product_tag-stoesselstange","30":"product_tag-ventilfuehrung","32":"first","33":"instock","34":"taxable","35":"shipping-taxable","36":"purchasable","37":"product-type-simple"},"bundled_by":[],"bundle_stock_status":"instock","bundle_stock_quantity":2,"bundle_virtual":false,"bundle_layout":"","bundle_add_to_cart_form_location":"","bundle_editable_in_cart":false,"bundle_sold_individually_context":"","bundle_item_grouping":"","bundle_min_size":"","bundle_max_size":"","bundle_price":[],"bundled_items":[],"bundle_sell_ids":[],"exclude_global_add_ons":[],"addons":[],"acf":[],"_links":{"self":[{"href":"https:\/\/kraftwerk-shop.cc\/pl\/wp-json\/wp\/v2\/product\/68314508","targetHints":{"allow":["GET"]}}],"collection":[{"href":"https:\/\/kraftwerk-shop.cc\/pl\/wp-json\/wp\/v2\/product"}],"about":[{"href":"https:\/\/kraftwerk-shop.cc\/pl\/wp-json\/wp\/v2\/types\/product"}],"replies":[{"embeddable":true,"href":"https:\/\/kraftwerk-shop.cc\/pl\/wp-json\/wp\/v2\/comments?post=68314508"}],"version-history":[{"count":0,"href":"https:\/\/kraftwerk-shop.cc\/pl\/wp-json\/wp\/v2\/product\/68314508\/revisions"}],"wp:featuredmedia":[{"embeddable":true,"href":"https:\/\/kraftwerk-shop.cc\/pl\/wp-json\/wp\/v2\/media\/68314513"}],"wp:attachment":[{"href":"https:\/\/kraftwerk-shop.cc\/pl\/wp-json\/wp\/v2\/media?parent=68314508"}],"wp:term":[{"taxonomy":"product_brand","embeddable":true,"href":"https:\/\/kraftwerk-shop.cc\/pl\/wp-json\/wp\/v2\/product_brand?post=68314508"},{"taxonomy":"product_cat","embeddable":true,"href":"https:\/\/kraftwerk-shop.cc\/pl\/wp-json\/wp\/v2\/product_cat?post=68314508"},{"taxonomy":"product_tag","embeddable":true,"href":"https:\/\/kraftwerk-shop.cc\/pl\/wp-json\/wp\/v2\/product_tag?post=68314508"}],"curies":[{"name":"wp","href":"https:\/\/api.w.org\/{rel}","templated":true}]}}