{"id":68314685,"date":"2025-01-28T11:15:06","date_gmt":"2025-01-28T10:15:06","guid":{"rendered":"https:\/\/kraftwerk-shop.cc\/?post_type=product&#038;p=68314685"},"modified":"2026-03-31T16:32:36","modified_gmt":"2026-03-31T14:32:36","slug":"diablosport-predator-x-gm-tuning","status":"publish","type":"product","link":"https:\/\/kraftwerk-shop.cc\/pl\/produkt\/diablosport-predator-x-gm-tuning\/","title":{"rendered":"Diablosport Predator X dla pojazd\u00f3w GM"},"content":{"rendered":"<h1>Diablosport Predator X dla Chevroleta, Cadillaca, GMC, Hummera i Pontiaca<\/h1>\n<p>&nbsp;<\/p>\n<p>Diablosport Predator X to pot\u0119\u017cny tuner dla pojazd\u00f3w GM, zaprojektowany specjalnie w celu zwi\u0119kszenia osi\u0105g\u00f3w modeli takich jak Camaro, Corvette i innych samochod\u00f3w GM typu muscle car.<\/p>\n<p>&nbsp;<\/p>\n<p><strong>G\u0142\u00f3wne cechy:<\/strong><\/p>\n<ul>\n<li><strong>Zwi\u0119kszona wydajno\u015b\u0107:<\/strong> Zwi\u0119ksza wydajno\u015b\u0107 silnika i szybko\u015b\u0107 reakcji pojazdu.<\/li>\n<li><strong>Parametry konfigurowalne:<\/strong> Umo\u017cliwia precyzyjne dostrojenie sterowania wentylatorem, prze\u0142o\u017ce\u0144 skrzyni bieg\u00f3w, rozmiar\u00f3w opon i innych parametr\u00f3w wydajno\u015bci w celu optymalnego dostrojenia pojazdu.<\/li>\n<li><strong>Konstrukcja przyjazna dla u\u017cytkownika:<\/strong> Wyposa\u017cony w 2,8-calowy kolorowy wy\u015bwietlacz o wysokiej rozdzielczo\u015bci i intuicyjny 5-przyciskowy interfejs u\u017cytkownika u\u0142atwiaj\u0105cy nawigacj\u0119.<\/li>\n<li><strong>Szybkie aktualizacje:<\/strong> Dzi\u0119ki zwi\u0119kszonej pojemno\u015bci pami\u0119ci i szybszemu procesorowi, tuning i aktualizacje mog\u0105 by\u0107 przeprowadzane szybko.<\/li>\n<li><strong>Wst\u0119pnie ustawione opcje strojenia:<\/strong> Oferuje tuning wydajno\u015bci dla r\u00f3\u017cnych styl\u00f3w jazdy, takich jak ekonomiczny, holowanie, codzienna jazda i tuning ekstremalny.<\/li>\n<li><strong>Korekta pr\u0119dko\u015bci:<\/strong> Koryguje wskazania pr\u0119dko\u015bciomierza po zmianie rozmiaru opon i prze\u0142o\u017cenia skrzyni bieg\u00f3w.<\/li>\n<li><strong>Ustawienia warto\u015bci granicznych:<\/strong> Umo\u017cliwia dostosowanie pr\u0119dko\u015bci i limit\u00f3w obrot\u00f3w, a tak\u017ce precyzyjne dostrojenie punkt\u00f3w zmiany bieg\u00f3w, oporu zmiany bieg\u00f3w i zarz\u0105dzania momentem obrotowym.<\/li>\n<li><strong>Aktualizacje internetowe:<\/strong> Mo\u017cliwo\u015b\u0107 aktualizacji oprogramowania przez USB.<\/li>\n<li><strong>Zarz\u0105dzanie kodami b\u0142\u0119d\u00f3w:<\/strong> Umo\u017cliwia odczytywanie i resetowanie kod\u00f3w b\u0142\u0119d\u00f3w.<\/li>\n<\/ul>\n<p>&nbsp;<\/p>\n<p>Predator X jest kompatybilny z szerok\u0105 gam\u0105 pojazd\u00f3w GM zbudowanych w latach 2005-2020 i oferuje zar\u00f3wno wst\u0119pnie zainstalowane programy tuningowe, jak i opcj\u0119 personalizacji za po\u015brednictwem sieci tuningowej CMR Diablosport.<\/p>\n<p>Nale\u017cy pami\u0119ta\u0107, \u017ce dost\u0119pno\u015b\u0107 niekt\u00f3rych funkcji mo\u017ce si\u0119 r\u00f3\u017cni\u0107 w zale\u017cno\u015bci od modelu pojazdu. Zaleca si\u0119 sprawdzenie kompatybilno\u015bci z konkretnym pojazdem.<\/p>\n<p>&nbsp;<\/p>\n<p><strong>Zakres dostawy:<\/strong><\/p>\n<ul>\n<li>Predator X dla pojazd\u00f3w GM <strong>bez<\/strong> Smartfon<\/li>\n<\/ul>\n<p>&nbsp;<\/p>\n<p><span style=\"font-size: 16px;\"><strong>Obs\u0142ugiwane pojazdy Predator X:<\/strong><\/span><\/p>\n<table width=\"482\">\n<tbody>\n<tr>\n<td width=\"113\"><strong>Marka<\/strong><\/td>\n<td width=\"141\"><strong>Model<\/strong><\/td>\n<td width=\"103\"><strong>Silnik<\/strong><\/td>\n<td width=\"115\"><strong>Rok<\/strong><\/td>\n<\/tr>\n<tr>\n<td>Buick<\/td>\n<td>Encore<\/td>\n<td>1.4L L4<\/td>\n<td width=\"115\">2013\u20132016<\/td>\n<\/tr>\n<tr>\n<td>Cadillac<\/td>\n<td>ATS<\/td>\n<td>2.0L L4, 3.6L V6<\/td>\n<td width=\"115\">2013\u20132015<\/td>\n<\/tr>\n<tr>\n<td>Cadillac<\/td>\n<td>CTS<\/td>\n<td>6.2L V8<\/td>\n<td width=\"115\">2009\u20132015<\/td>\n<\/tr>\n<tr>\n<td>Cadillac<\/td>\n<td>CTS<\/td>\n<td>3.6L V6<\/td>\n<td width=\"115\">2013\u20132015<\/td>\n<\/tr>\n<tr>\n<td>Cadillac<\/td>\n<td>CTS<\/td>\n<td>2.0L L4<\/td>\n<td width=\"115\">2014\u20132016<\/td>\n<\/tr>\n<tr>\n<td>Chevrolet<\/td>\n<td>Avalance<\/td>\n<td>6.0L V8<\/td>\n<td width=\"115\">2007\u20132009<\/td>\n<\/tr>\n<tr>\n<td>Chevrolet<\/td>\n<td>Avalance<\/td>\n<td>5.3L V8<\/td>\n<td width=\"115\">2007\u20132013<\/td>\n<\/tr>\n<tr>\n<td>Chevrolet<\/td>\n<td>Camaro<\/td>\n<td>6.2 V8<\/td>\n<td width=\"115\">2010\u20132024<\/td>\n<\/tr>\n<tr>\n<td>Chevrolet<\/td>\n<td>Camaro<\/td>\n<td>7.0L V8<\/td>\n<td width=\"115\">2014\u20132015<\/td>\n<\/tr>\n<tr>\n<td>Chevrolet<\/td>\n<td>Kolorado<\/td>\n<td>2.9L L4, 3.7L L5<\/td>\n<td width=\"115\">2007\u20132012<\/td>\n<\/tr>\n<tr>\n<td>Chevrolet<\/td>\n<td>Kolorado<\/td>\n<td>5.3L V8<\/td>\n<td width=\"115\">2009\u20132012<\/td>\n<\/tr>\n<tr>\n<td>Chevrolet<\/td>\n<td>Kolorado<\/td>\n<td>3.6L V6<\/td>\n<td width=\"115\">2015\u20132016<\/td>\n<\/tr>\n<tr>\n<td>Chevrolet<\/td>\n<td>Corvette<\/td>\n<td>6.0L V8<\/td>\n<td width=\"115\">2005\u20132007<\/td>\n<\/tr>\n<tr>\n<td>Chevrolet<\/td>\n<td>Corvette<\/td>\n<td>6.2L V8<\/td>\n<td width=\"115\">2008\u20132019<\/td>\n<\/tr>\n<tr>\n<td>Chevrolet<\/td>\n<td>Corvette<\/td>\n<td>7.0L V8<\/td>\n<td width=\"115\">2006\u20132013<\/td>\n<\/tr>\n<tr>\n<td>Chevrolet<\/td>\n<td>Cruze<\/td>\n<td>1.4L L4<\/td>\n<td width=\"115\">2011\u20132015<\/td>\n<\/tr>\n<tr>\n<td>Chevrolet<\/td>\n<td>Impala<\/td>\n<td>5.3L V8<\/td>\n<td width=\"115\">2006\u20132009<\/td>\n<\/tr>\n<tr>\n<td>Chevrolet<\/td>\n<td>Monte Carlo<\/td>\n<td>5.3L V8<\/td>\n<td width=\"115\">2006\u20132007<\/td>\n<\/tr>\n<tr>\n<td>Chevrolet<\/td>\n<td>Silverado 1500<\/td>\n<td>4.3L V6<\/td>\n<td width=\"115\">2014\u20132018<\/td>\n<\/tr>\n<tr>\n<td>Chevrolet<\/td>\n<td>Silverado 1500<\/td>\n<td>4.8L V8, 6.0L V8<\/td>\n<td width=\"115\">2007\u20132013<\/td>\n<\/tr>\n<tr>\n<td>Chevrolet<\/td>\n<td>Silverado 1500<\/td>\n<td>5.3L V8<\/td>\n<td width=\"115\">2007\u20132018<\/td>\n<\/tr>\n<tr>\n<td>Chevrolet<\/td>\n<td>Silverado 1500<\/td>\n<td>6.2L V8<\/td>\n<td width=\"115\">2009\u20132018<\/td>\n<\/tr>\n<tr>\n<td>Chevrolet<\/td>\n<td>Silverado 1500 LD<\/td>\n<td>5.3L V8<\/td>\n<td width=\"115\">2019<\/td>\n<\/tr>\n<tr>\n<td>Chevrolet<\/td>\n<td>Silverado 2500<\/td>\n<td>4.8L V8<\/td>\n<td width=\"115\">2007\u20132013<\/td>\n<\/tr>\n<tr>\n<td>Chevrolet<\/td>\n<td>Silverado 2500<\/td>\n<td>5.3L V8<\/td>\n<td width=\"115\">2007\u20132018<\/td>\n<\/tr>\n<tr>\n<td>Chevrolet<\/td>\n<td>Silverado 2500 HD<\/td>\n<td>6.0L V8<\/td>\n<td width=\"115\">2014\u20132018<\/td>\n<\/tr>\n<tr>\n<td>Chevrolet<\/td>\n<td>Silverado 3500 HD<\/td>\n<td>6.0L V8<\/td>\n<td width=\"115\">2007\u20132018<\/td>\n<\/tr>\n<tr>\n<td>Chevrolet<\/td>\n<td>Sonic<\/td>\n<td>1.4L L4<\/td>\n<td width=\"115\">2012\u20132015<\/td>\n<\/tr>\n<tr>\n<td>Chevrolet<\/td>\n<td>SS<\/td>\n<td>6.2L V8<\/td>\n<td width=\"115\">2014\u20132017<\/td>\n<\/tr>\n<tr>\n<td>Chevrolet<\/td>\n<td>SSR<\/td>\n<td>6.0L V8<\/td>\n<td width=\"115\">2005\u20132006<\/td>\n<\/tr>\n<tr>\n<td>Chevrolet<\/td>\n<td>Suburban<\/td>\n<td>5.3L V8<\/td>\n<td width=\"115\">2014\u20132020<\/td>\n<\/tr>\n<tr>\n<td>Chevrolet<\/td>\n<td>Suburban<\/td>\n<td>6.2L V8<\/td>\n<td width=\"115\">2019\u20132020<\/td>\n<\/tr>\n<tr>\n<td>Chevrolet<\/td>\n<td>Tahoe<\/td>\n<td>4.8L V8<\/td>\n<td width=\"115\">2007\u20132009<\/td>\n<\/tr>\n<tr>\n<td>Chevrolet<\/td>\n<td>Tahoe<\/td>\n<td>5.3L V8<\/td>\n<td width=\"115\">2007\u20132020<\/td>\n<\/tr>\n<tr>\n<td>Chevrolet<\/td>\n<td>Tahoe<\/td>\n<td>6.2L V8<\/td>\n<td width=\"115\">2018\u20132020<\/td>\n<\/tr>\n<tr>\n<td>Chevrolet<\/td>\n<td>Trailblazer<\/td>\n<td>6.0L V8<\/td>\n<td width=\"115\">2006\u20132009<\/td>\n<\/tr>\n<tr>\n<td>Chevrolet<\/td>\n<td>Trax<\/td>\n<td>1.4L L4<\/td>\n<td width=\"115\">2013\u20132016<\/td>\n<\/tr>\n<tr>\n<td>GMC<\/td>\n<td>Kanion<\/td>\n<td>2.9L L4, 3.7L L5<\/td>\n<td width=\"115\">2007\u20132012<\/td>\n<\/tr>\n<tr>\n<td>GMC<\/td>\n<td>Kanion<\/td>\n<td>5.3L V8<\/td>\n<td width=\"115\">2009\u20132012<\/td>\n<\/tr>\n<tr>\n<td>GMC<\/td>\n<td>Kanion<\/td>\n<td>3.6L V6<\/td>\n<td width=\"115\">2015\u20132016<\/td>\n<\/tr>\n<tr>\n<td>GMC<\/td>\n<td>Sierra 1500<\/td>\n<td>4.8L V8, 5.3L V8, 6.0L V8, 6.2L V8<\/td>\n<td width=\"115\">2007\u20132018<\/td>\n<\/tr>\n<tr>\n<td>GMC<\/td>\n<td>Sierra 1500 Limited<\/td>\n<td>5.3L V8<\/td>\n<td width=\"115\">2019<\/td>\n<\/tr>\n<tr>\n<td>GMC<\/td>\n<td>Sierra 2500 HD<\/td>\n<td>6.0L V8<\/td>\n<td width=\"115\">2007\u20132018<\/td>\n<\/tr>\n<tr>\n<td>GMC<\/td>\n<td>Sierra 3500 HD<\/td>\n<td>6.0L V8<\/td>\n<td width=\"115\">2007\u20132018<\/td>\n<\/tr>\n<tr>\n<td>GMC<\/td>\n<td>Yukon<\/td>\n<td>5.3L V8, 6.2L V8<\/td>\n<td width=\"115\">2007\u20132020<\/td>\n<\/tr>\n<tr>\n<td>GMC<\/td>\n<td>Yukon<\/td>\n<td>6.0L V8<\/td>\n<td width=\"115\">2008\u20132013<\/td>\n<\/tr>\n<tr>\n<td>GMC<\/td>\n<td>Yukon XL<\/td>\n<td>5.3L V8, 6.2L V8<\/td>\n<td width=\"115\">2015\u20132020<\/td>\n<\/tr>\n<tr>\n<td>Hummer<\/td>\n<td>H2<\/td>\n<td>6.2L V8<\/td>\n<td width=\"115\">2008\u20132009<\/td>\n<\/tr>\n<tr>\n<td>Hummer<\/td>\n<td>H3<\/td>\n<td>3.7L L5<\/td>\n<td width=\"115\">2007\u20132010<\/td>\n<\/tr>\n<tr>\n<td>Hummer<\/td>\n<td>H3<\/td>\n<td>5.3L V8<\/td>\n<td width=\"115\">2008\u20132010<\/td>\n<\/tr>\n<tr>\n<td>Pontiac<\/td>\n<td>G8<\/td>\n<td>6.0L V8<\/td>\n<td width=\"115\">2008\u20132009<\/td>\n<\/tr>\n<tr>\n<td>Pontiac<\/td>\n<td>G8<\/td>\n<td>6.2L V8<\/td>\n<td width=\"115\">2009<\/td>\n<\/tr>\n<tr>\n<td>Pontiac<\/td>\n<td>Grand Prix<\/td>\n<td>5.3L V8<\/td>\n<td width=\"115\">2006\u20132008<\/td>\n<\/tr>\n<tr>\n<td>Pontiac<\/td>\n<td>GTO<\/td>\n<td>6.0L V8<\/td>\n<td width=\"115\">2005\u20132006<\/td>\n<\/tr>\n<\/tbody>\n<\/table>\n<p><iframe loading=\"lazy\" title=\"Tuning Diablosport Predator X dla pojazd\u00f3w GM (Chevrolet, GMC, Buick, Hummer, Pontiac)\" src=\"https:\/\/www.youtube.com\/embed\/G11UAYVGfv4\" width=\"882\" height=\"496\" frameborder=\"0\" allowfullscreen=\"allowfullscreen\"><\/iframe><\/p>\n<p>&nbsp;<\/p>","protected":false},"excerpt":{"rendered":"<p>Programator Chevrolet, Cadillac, GMC, Hummer i Pontiac<\/p>","protected":false},"featured_media":68314701,"comment_status":"open","ping_status":"closed","template":"","meta":{"_acf_changed":false},"product_brand":[],"product_cat":[10262,1410,1524,3985,1535,1537,3081,3083,3121,3124,3132,3144,3982,3691,3989,3708,3987,3698,3991,3714],"product_tag":[1203,1156,10552,1205,4869,278,191,1214,189,190,515,1206,281,1211,1204,429,427,2038,119,1221,1157,1318,1201,1222,1223,301,302,2934,300,1207,428,36,1208,438,1202,911,10556,10555,517,463,1216,299,10553,10554,1209,1210,291,1212,298,293,289,1213,918,233,919,1155,1217,329],"class_list":{"0":"post-68314685","1":"product","2":"type-product","3":"status-publish","4":"has-post-thumbnail","6":"product_cat-alle-produkte","7":"product_cat-cadillac","8":"product_cat-avalanche","9":"product_cat-avalanche-motor","10":"product_cat-camaro-62-2010-2015-motor","11":"product_cat-camaro-62-2010-2015-zubehoer","12":"product_cat-camaro-62-2016-motor","13":"product_cat-camaro-62-2016-zubehoer","14":"product_cat-corvette-c6-motor","15":"product_cat-corvette-c6-zubehoer","16":"product_cat-corvette-c7-motor","17":"product_cat-corvette-c8-zubehoer","18":"product_cat-silverado-motor","19":"product_cat-silverado-zubehoer","20":"product_cat-suburban-motor","21":"product_cat-suburban-zubehoer","22":"product_cat-tahoe-motor","23":"product_cat-tahoe-zubehoer","24":"product_cat-trailblazer-motor","25":"product_cat-trailblazer-zubehoer","26":"product_tag-ats","27":"product_tag-aufhebung","28":"product_tag-avalance","29":"product_tag-avalanche","30":"product_tag-buick","31":"product_tag-cadillac","32":"product_tag-camaro","33":"product_tag-canyon","34":"product_tag-chevrolet","35":"product_tag-chevy","36":"product_tag-chiptuning","37":"product_tag-colorado","38":"product_tag-corvette","39":"product_tag-cruze","40":"product_tag-cts","41":"product_tag-deutschland","42":"product_tag-diablosport","43":"product_tag-encore","44":"product_tag-entfernen","45":"product_tag-g8","46":"product_tag-geschwindigkeitsbegrenzer","47":"product_tag-gm","48":"product_tag-gmc","49":"product_tag-grand-prix","50":"product_tag-gto","51":"product_tag-h2","52":"product_tag-h3","53":"product_tag-harder","54":"product_tag-hummer","55":"product_tag-impala","56":"product_tag-intune","57":"product_tag-kraftwerk","58":"product_tag-monte-carlo","59":"product_tag-obd","60":"product_tag-pontiac","61":"product_tag-predator","62":"product_tag-predator-x","63":"product_tag-predatorx","64":"product_tag-programmiergeraet","65":"product_tag-shop","66":"product_tag-sierra","67":"product_tag-silverado","68":"product_tag-silverado-1500","69":"product_tag-silverado-2500","70":"product_tag-silveraldo","71":"product_tag-sonic","72":"product_tag-ss","73":"product_tag-ssr","74":"product_tag-suburban","75":"product_tag-tahoe","76":"product_tag-trailblazer","77":"product_tag-trax","78":"product_tag-tuner","79":"product_tag-tuning","80":"product_tag-tuninggeraet","81":"product_tag-vmax","82":"product_tag-yukon","83":"product_tag-zylinderabschaltung","85":"first","86":"instock","87":"taxable","88":"shipping-taxable","89":"purchasable","90":"product-type-simple"},"bundled_by":[],"bundle_stock_status":"instock","bundle_stock_quantity":1,"bundle_virtual":false,"bundle_layout":"","bundle_add_to_cart_form_location":"","bundle_editable_in_cart":false,"bundle_sold_individually_context":"","bundle_item_grouping":"","bundle_min_size":"","bundle_max_size":"","bundle_price":[],"bundled_items":[],"bundle_sell_ids":[],"exclude_global_add_ons":[],"addons":[],"acf":[],"_links":{"self":[{"href":"https:\/\/kraftwerk-shop.cc\/pl\/wp-json\/wp\/v2\/product\/68314685","targetHints":{"allow":["GET"]}}],"collection":[{"href":"https:\/\/kraftwerk-shop.cc\/pl\/wp-json\/wp\/v2\/product"}],"about":[{"href":"https:\/\/kraftwerk-shop.cc\/pl\/wp-json\/wp\/v2\/types\/product"}],"replies":[{"embeddable":true,"href":"https:\/\/kraftwerk-shop.cc\/pl\/wp-json\/wp\/v2\/comments?post=68314685"}],"version-history":[{"count":0,"href":"https:\/\/kraftwerk-shop.cc\/pl\/wp-json\/wp\/v2\/product\/68314685\/revisions"}],"wp:featuredmedia":[{"embeddable":true,"href":"https:\/\/kraftwerk-shop.cc\/pl\/wp-json\/wp\/v2\/media\/68314701"}],"wp:attachment":[{"href":"https:\/\/kraftwerk-shop.cc\/pl\/wp-json\/wp\/v2\/media?parent=68314685"}],"wp:term":[{"taxonomy":"product_brand","embeddable":true,"href":"https:\/\/kraftwerk-shop.cc\/pl\/wp-json\/wp\/v2\/product_brand?post=68314685"},{"taxonomy":"product_cat","embeddable":true,"href":"https:\/\/kraftwerk-shop.cc\/pl\/wp-json\/wp\/v2\/product_cat?post=68314685"},{"taxonomy":"product_tag","embeddable":true,"href":"https:\/\/kraftwerk-shop.cc\/pl\/wp-json\/wp\/v2\/product_tag?post=68314685"}],"curies":[{"name":"wp","href":"https:\/\/api.w.org\/{rel}","templated":true}]}}