{"id":68314880,"date":"2025-02-01T22:21:25","date_gmt":"2025-02-01T21:21:25","guid":{"rendered":"https:\/\/kraftwerk-shop.cc\/?post_type=product&#038;p=68314880"},"modified":"2026-04-07T17:42:31","modified_gmt":"2026-04-07T15:42:31","slug":"modernizacja-pompy-wody-cummins-68461455aa","status":"publish","type":"product","link":"https:\/\/kraftwerk-shop.cc\/pl\/produkt\/upgrade-wasserpumpe-ram-cummins-68461455aa\/","title":{"rendered":"Modernizacja pompy wody ch\u0142odz\u0105cej RAM 5.9 i 6.7 Cummins"},"content":{"rendered":"<h1>Ulepszona pompa wody ch\u0142odz\u0105cej dla RAM 2500 i 3500 5.9 i 6.7 Cummins od 2001 do 2012 roku<\/h1>\n<p>&nbsp;<\/p>\n<p><strong>Liczby por\u00f3wnawcze Mopar:<\/strong> <span class=\"list-value\">5003665AB, 5010964AB, 5086959AA, 5086959AB, 68003402AA, 68003402AB, R5086959AB, R8003402AA, R8003402AB<\/span>, <span class=\"list-value sku-display\">68461455AA<\/span><\/p>\n<p>&nbsp;<\/p>\n<p><strong>W\u0142a\u015bciwo\u015bci<\/strong><\/p>\n<ul>\n<li>Hartowane \u0142o\u017cyska<\/li>\n<li>Precyzyjnie obrabiane CNC powierzchnie<\/li>\n<li>Metalowe ko\u0142o (oryginalna cz\u0119\u015b\u0107 Mopar wykorzystuje kruche plastikowe ko\u0142o)<\/li>\n<li>W tym uszczelka pompy wodnej<\/li>\n<\/ul>\n<p>&nbsp;<\/p>\n<p><strong>Zalety \u0142o\u017cysk utwardzanych powierzchniowo<\/strong><\/p>\n<p>Ta pompa wody ch\u0142odz\u0105cej wykorzystuje hartowane \u0142o\u017cyska opracowane zgodnie ze specyfikacjami oryginalnego producenta, aby spe\u0142ni\u0107 okre\u015blone wymagania dotycz\u0105ce momentu promieniowego i obci\u0105\u017cenia osiowego dla ka\u017cdego zastosowania.<br \/>\nTe wysokiej jako\u015bci hartowane \u0142o\u017cyska maj\u0105 wy\u017csz\u0105 no\u015bno\u015b\u0107 i s\u0105 wytrzyma\u0142e na zewn\u0105trz, ale elastyczne wewn\u0105trz. Dzi\u0119ki temu idealnie nadaj\u0105 si\u0119 do przeciwdzia\u0142ania niewywa\u017ceniu lub wibracjom w uk\u0142adzie ch\u0142odzenia.<\/p>\n<p>&nbsp;<\/p>\n<ul>\n<li>D\u0142uga \u017cywotno\u015b\u0107<\/li>\n<li>Wysoka no\u015bno\u015b\u0107<\/li>\n<li>Twarda na zewn\u0105trz i elastyczna wewn\u0105trz<\/li>\n<li>Odporno\u015b\u0107 na niewywa\u017cenie lub wibracje w uk\u0142adzie ch\u0142odzenia<\/li>\n<\/ul>\n<p>&nbsp;<\/p>\n<p><strong>Zalety precyzyjnych powierzchni frezowanych CNC<\/strong><\/p>\n<p>Pompa wody jest produkowana zgodnie ze specyfikacj\u0105 oryginalnego odlewu, a wszystkie powierzchnie monta\u017cowe s\u0105 nast\u0119pnie frezowane CNC.<br \/>\nUmo\u017cliwia to \u0142atw\u0105 instalacj\u0119 i zapewnia precyzyjne uszczelnienie wszystkich \u0142\u0105czonych powierzchni. Szczelne po\u0142\u0105czenie zapewnia d\u0142ug\u0105 \u017cywotno\u015b\u0107 komponent\u00f3w i maksymaln\u0105 wydajno\u015b\u0107.<\/p>\n<p>&nbsp;<\/p>\n<ul>\n<li>Gwarantowana dok\u0142adno\u015b\u0107 dopasowania z dopasowanymi komponentami<\/li>\n<li>Zapobiega wyciekom<\/li>\n<li>Sprawdzone i przetestowane zgodnie z normami ISO9001:2015<\/li>\n<\/ul>\n<p>&nbsp;<\/p>\n<p><strong>Zalety wirnik\u00f3w metalowych<\/strong><\/p>\n<p>Wirniki metalowe s\u0105 znacznie lepsze od wirnik\u00f3w plastikowych. Dzi\u0119ki zastosowaniu metalowych wirnik\u00f3w, pompa wodna mo\u017ce sprosta\u0107 wy\u017cszym momentom obrotowym i wy\u017cszym temperaturom.<br \/>\nPomaga to nie tylko poprawi\u0107 wydajno\u015b\u0107, ale tak\u017ce zapobiega awariom podzespo\u0142\u00f3w spowodowanym przez p\u0119kni\u0119te lub zdeformowane ko\u0142a.<\/p>\n<p>&nbsp;<\/p>\n<ul>\n<li>Wytrzymuje wysokie temperatury<\/li>\n<li>Odporno\u015b\u0107 na chemikalia<\/li>\n<li>Du\u017ca moc przy wysokich pr\u0119dko\u015bciach<\/li>\n<li>Nie odkszta\u0142ca si\u0119<\/li>\n<li>Wytrzymuje wysokie momenty obrotowe<\/li>\n<li>Nie ulega fragmentacji<\/li>\n<li>Brak p\u0119kni\u0119\u0107 podczas pasowania<\/li>\n<li>Wyj\u0105tkowa wytrzyma\u0142o\u015b\u0107<\/li>\n<li>Wytrzymuje tolerancje w silnikach o du\u017cym przebiegu<\/li>\n<\/ul>\n<p>&nbsp;<\/p>\n<p><strong>Odpowiedni dla:<\/strong><\/p>\n<table width=\"1004\">\n<tbody>\n<tr>\n<td width=\"82\"><strong>Rok<\/strong><\/td>\n<td width=\"82\"><strong>Marka<\/strong><\/td>\n<td width=\"124\"><strong>Model<\/strong><\/td>\n<td width=\"512\"><strong>Wersja<\/strong><\/td>\n<td width=\"204\"><strong>Silnik<\/strong><\/td>\n<\/tr>\n<tr>\n<td width=\"82\">2012<\/td>\n<td width=\"82\">Ram<\/td>\n<td width=\"124\">2500<\/td>\n<td width=\"512\">Laramie, Laramie Longhorn, Outdoorsman, SLT, ST<\/td>\n<td width=\"204\">6.7L<\/td>\n<\/tr>\n<tr>\n<td width=\"82\">2012<\/td>\n<td width=\"82\">Ram<\/td>\n<td width=\"124\">3500<\/td>\n<td width=\"512\">Laramie, Laramie Longhorn, SLT, ST<\/td>\n<td width=\"204\">6.7L<\/td>\n<\/tr>\n<tr>\n<td width=\"82\">2011<\/td>\n<td width=\"82\">Ram<\/td>\n<td width=\"124\">2500<\/td>\n<td width=\"512\">Laramie, Laramie Longhorn, SLT, ST<\/td>\n<td width=\"204\">6.7L<\/td>\n<\/tr>\n<tr>\n<td width=\"82\">2011<\/td>\n<td width=\"82\">Ram<\/td>\n<td width=\"124\">3500<\/td>\n<td width=\"512\">Laramie, Laramie Longhorn, SLT, ST<\/td>\n<td width=\"204\">6.7L<\/td>\n<\/tr>\n<tr>\n<td width=\"82\">2010<\/td>\n<td width=\"82\">Dodge<\/td>\n<td width=\"124\">Ram 2500<\/td>\n<td width=\"512\">Laramie, SLT, ST, TRX<\/td>\n<td width=\"204\">6.7L<\/td>\n<\/tr>\n<tr>\n<td width=\"82\">2010<\/td>\n<td width=\"82\">Dodge<\/td>\n<td width=\"124\">Ram 3500<\/td>\n<td width=\"512\">Laramie, SLT, ST<\/td>\n<td width=\"204\">6.7L<\/td>\n<\/tr>\n<tr>\n<td width=\"82\">2009<\/td>\n<td width=\"82\">Dodge<\/td>\n<td width=\"124\">Ram 2500<\/td>\n<td width=\"512\">Laramie, SLT, ST, SXT<\/td>\n<td width=\"204\">5.9L, 6.7L<\/td>\n<\/tr>\n<tr>\n<td width=\"82\">2009<\/td>\n<td width=\"82\">Dodge<\/td>\n<td width=\"124\">Ram 3500<\/td>\n<td width=\"512\">Laramie, SLT, ST, SXT<\/td>\n<td width=\"204\">6.7L<\/td>\n<\/tr>\n<tr>\n<td width=\"82\">2008<\/td>\n<td width=\"82\">Dodge<\/td>\n<td width=\"124\">Ram 2500<\/td>\n<td width=\"512\">Laramie, SLT, ST, SXT<\/td>\n<td width=\"204\">5.9L, 6.7L<\/td>\n<\/tr>\n<tr>\n<td width=\"82\">2008<\/td>\n<td width=\"82\">Dodge<\/td>\n<td width=\"124\">Ram 3500<\/td>\n<td width=\"512\">Laramie, SLT, ST<\/td>\n<td width=\"204\">5.9L, 6.7L<\/td>\n<\/tr>\n<tr>\n<td width=\"82\">2007<\/td>\n<td width=\"82\">Dodge<\/td>\n<td width=\"124\">Ram 2500<\/td>\n<td width=\"512\">Laramie, SLT, ST, Sport, TRX4<\/td>\n<td width=\"204\">5.9L, 6.7L<\/td>\n<\/tr>\n<tr>\n<td width=\"82\">2007<\/td>\n<td width=\"82\">Dodge<\/td>\n<td width=\"124\">Ram 3500<\/td>\n<td width=\"512\">Laramie, SLT, ST, Sport, TRX4<\/td>\n<td width=\"204\">5.9L, 6.7L<\/td>\n<\/tr>\n<tr>\n<td width=\"82\">2006<\/td>\n<td width=\"82\">Dodge<\/td>\n<td width=\"124\">Ram 2500<\/td>\n<td width=\"512\">Laramie, SLT, ST<\/td>\n<td width=\"204\">5.9L<\/td>\n<\/tr>\n<tr>\n<td width=\"82\">2006<\/td>\n<td width=\"82\">Dodge<\/td>\n<td width=\"124\">Ram 3500<\/td>\n<td width=\"512\">Laramie, SLT, ST<\/td>\n<td width=\"204\">5.9L<\/td>\n<\/tr>\n<tr>\n<td width=\"82\">2005<\/td>\n<td width=\"82\">Dodge<\/td>\n<td width=\"124\">Ram 2500<\/td>\n<td width=\"512\">SLT, ST<\/td>\n<td width=\"204\">5.9L<\/td>\n<\/tr>\n<tr>\n<td width=\"82\">2005<\/td>\n<td width=\"82\">Dodge<\/td>\n<td width=\"124\">Ram 3500<\/td>\n<td width=\"512\">SLT, ST<\/td>\n<td width=\"204\">5.9L<\/td>\n<\/tr>\n<tr>\n<td width=\"82\">2004<\/td>\n<td width=\"82\">Dodge<\/td>\n<td width=\"124\">Ram 2500<\/td>\n<td width=\"512\">SLT, ST<\/td>\n<td width=\"204\">5.9L<\/td>\n<\/tr>\n<tr>\n<td width=\"82\">2004<\/td>\n<td width=\"82\">Dodge<\/td>\n<td width=\"124\">Ram 3500<\/td>\n<td width=\"512\">SLT, ST<\/td>\n<td width=\"204\">5.9L<\/td>\n<\/tr>\n<tr>\n<td width=\"82\">2003<\/td>\n<td width=\"82\">Dodge<\/td>\n<td width=\"124\">Ram 2500<\/td>\n<td width=\"512\">SLT, ST<\/td>\n<td width=\"204\">5.9L<\/td>\n<\/tr>\n<tr>\n<td width=\"82\">2003<\/td>\n<td width=\"82\">Dodge<\/td>\n<td width=\"124\">Ram 3500<\/td>\n<td width=\"512\">SLT, ST<\/td>\n<td width=\"204\">5.9L<\/td>\n<\/tr>\n<tr>\n<td width=\"82\">2002<\/td>\n<td width=\"82\">Dodge<\/td>\n<td width=\"124\">Ram 2500<\/td>\n<td width=\"512\">Base<\/td>\n<td width=\"204\">5.9L<\/td>\n<\/tr>\n<tr>\n<td width=\"82\">2002<\/td>\n<td width=\"82\">Dodge<\/td>\n<td width=\"124\">Ram 3500<\/td>\n<td width=\"512\">Base<\/td>\n<td width=\"204\">5.9L<\/td>\n<\/tr>\n<tr>\n<td width=\"82\">2001<\/td>\n<td width=\"82\">Dodge<\/td>\n<td width=\"124\">Ram 2500<\/td>\n<td width=\"512\">Base<\/td>\n<td width=\"204\">5.9L<\/td>\n<\/tr>\n<tr>\n<td width=\"82\">2001<\/td>\n<td width=\"82\">Dodge<\/td>\n<td width=\"124\">Ram 3500<\/td>\n<td width=\"512\">Base<\/td>\n<td width=\"204\">5.9L<\/td>\n<\/tr>\n<\/tbody>\n<\/table>\n<p>&nbsp;<\/p>","protected":false},"excerpt":{"rendered":"<p>2001 - 2012<\/p>","protected":false},"featured_media":68314883,"comment_status":"open","ping_status":"closed","template":"","meta":{"_acf_changed":false},"product_brand":[],"product_cat":[10262,2929],"product_tag":[18757,18758,18759,18760,506,507,10586,10587,10588,10589,7200,10590,10591,10585,7201,49,5255,6426,10592,10593,10594,86,6333,7666,216,6430,5254,673],"class_list":{"0":"post-68314880","1":"product","2":"type-product","3":"status-publish","4":"has-post-thumbnail","6":"product_cat-alle-produkte","7":"product_cat-67-cummins-kuehlung","8":"product_tag-0003665ab","9":"product_tag-0010964ab","10":"product_tag-0086959aa","11":"product_tag-0086959ab","12":"product_tag-506","13":"product_tag-507","14":"product_tag-5003665ab","15":"product_tag-5010964ab","16":"product_tag-5086959aa","17":"product_tag-5086959ab","18":"product_tag-6-7","19":"product_tag-68003402aa","20":"product_tag-68003402ab","21":"product_tag-68461455aa","22":"product_tag-cummins","23":"product_tag-dodge","24":"product_tag-kuehlwasserpumpe","25":"product_tag-luefterkupplung","26":"product_tag-r5086959ab","27":"product_tag-r8003402aa","28":"product_tag-r8003402ab","29":"product_tag-ram","30":"product_tag-ram-2500","31":"product_tag-ram-3500","32":"product_tag-upgrade","33":"product_tag-usmotor","34":"product_tag-wasserpumpe","35":"product_tag-zubehoer","37":"first","38":"instock","39":"taxable","40":"shipping-taxable","41":"purchasable","42":"product-type-simple"},"bundled_by":[],"bundle_stock_status":"instock","bundle_stock_quantity":1,"bundle_virtual":false,"bundle_layout":"","bundle_add_to_cart_form_location":"","bundle_editable_in_cart":false,"bundle_sold_individually_context":"","bundle_item_grouping":"","bundle_min_size":"","bundle_max_size":"","bundle_price":[],"bundled_items":[],"bundle_sell_ids":[],"exclude_global_add_ons":[],"addons":[],"acf":[],"_links":{"self":[{"href":"https:\/\/kraftwerk-shop.cc\/pl\/wp-json\/wp\/v2\/product\/68314880","targetHints":{"allow":["GET"]}}],"collection":[{"href":"https:\/\/kraftwerk-shop.cc\/pl\/wp-json\/wp\/v2\/product"}],"about":[{"href":"https:\/\/kraftwerk-shop.cc\/pl\/wp-json\/wp\/v2\/types\/product"}],"replies":[{"embeddable":true,"href":"https:\/\/kraftwerk-shop.cc\/pl\/wp-json\/wp\/v2\/comments?post=68314880"}],"version-history":[{"count":0,"href":"https:\/\/kraftwerk-shop.cc\/pl\/wp-json\/wp\/v2\/product\/68314880\/revisions"}],"wp:featuredmedia":[{"embeddable":true,"href":"https:\/\/kraftwerk-shop.cc\/pl\/wp-json\/wp\/v2\/media\/68314883"}],"wp:attachment":[{"href":"https:\/\/kraftwerk-shop.cc\/pl\/wp-json\/wp\/v2\/media?parent=68314880"}],"wp:term":[{"taxonomy":"product_brand","embeddable":true,"href":"https:\/\/kraftwerk-shop.cc\/pl\/wp-json\/wp\/v2\/product_brand?post=68314880"},{"taxonomy":"product_cat","embeddable":true,"href":"https:\/\/kraftwerk-shop.cc\/pl\/wp-json\/wp\/v2\/product_cat?post=68314880"},{"taxonomy":"product_tag","embeddable":true,"href":"https:\/\/kraftwerk-shop.cc\/pl\/wp-json\/wp\/v2\/product_tag?post=68314880"}],"curies":[{"name":"wp","href":"https:\/\/api.w.org\/{rel}","templated":true}]}}