{"id":68314909,"date":"2025-02-03T00:14:39","date_gmt":"2025-02-02T23:14:39","guid":{"rendered":"https:\/\/kraftwerk-shop.cc\/?post_type=product&#038;p=68314909"},"modified":"2026-03-19T13:06:06","modified_gmt":"2026-03-19T12:06:06","slug":"swiece-zaplonowe-denso-5350-iridium","status":"publish","type":"product","link":"https:\/\/kraftwerk-shop.cc\/pl\/produkt\/denso-5350-iridium-zuendkerzen\/","title":{"rendered":"\u015awiece zap\u0142onowe Denso 5350 Iridium (16 sztuk)"},"content":{"rendered":"<h1><strong>\u015awieca zap\u0142onowa DENSO 5350 ITL20 Iridium Power<\/strong>n dla silnik\u00f3w Chrysler, Dodge i Jeep 5.7 Hemi do 2008 roku, 6.1 SRT8 i 6.4 SRT<\/h1>\n<p>&nbsp;<\/p>\n<p>The <strong>DENSO 5350 ITL20 Iridium Power<\/strong> reprezentuje najnowocze\u015bniejsz\u0105 technologi\u0119 \u015bwiec zap\u0142onowych i zosta\u0142a opracowana w celu maksymalizacji osi\u0105g\u00f3w nowoczesnych silnik\u00f3w. Dzi\u0119ki zaawansowanej technologii irydowej oferuje wiele zalet w por\u00f3wnaniu z konwencjonalnymi \u015bwiecami zap\u0142onowymi.<\/p>\n<p>&nbsp;<\/p>\n<p><strong>G\u0142\u00f3wne cechy:<\/strong><\/p>\n<ul>\n<li>Ultradrobna irydowa elektroda \u015brodkowa 0,4 mm: Opatentowana przez DENSO ultradrobna elektroda \u015brodkowa o \u015brednicy zaledwie 0,4 mm zapewnia doskona\u0142\u0105 zap\u0142onno\u015b\u0107 i bardziej wydajne spalanie mieszanki paliwowo-powietrznej.<\/li>\n<li>Zoptymalizowane osi\u0105gi silnika: Precyzyjny zap\u0142on poprawia osi\u0105gi silnika, skutkuj\u0105c lepszym przyspieszeniem i og\u00f3lnie p\u0142ynniejsz\u0105 prac\u0105 silnika.<\/li>\n<li>D\u0142u\u017csza \u017cywotno\u015b\u0107: Iryd jest niezwykle odpornym materia\u0142em, kt\u00f3ry zapewnia d\u0142u\u017csz\u0105 \u017cywotno\u015b\u0107 \u015bwiecy zap\u0142onowej. Zmniejsza to koszty konserwacji i cz\u0119stotliwo\u015b\u0107 wymiany \u015bwiec zap\u0142onowych.<\/li>\n<li>Wyj\u0105tkowa zdolno\u015b\u0107 zap\u0142onu: Specjalna konstrukcja \u015bwiecy zap\u0142onowej umo\u017cliwia niezawodny zap\u0142on nawet w wymagaj\u0105cych warunkach, co jest szczeg\u00f3lnie korzystne w przypadku silnik\u00f3w o wysokich osi\u0105gach.<\/li>\n<\/ul>\n<p>&nbsp;<\/p>\n<p><strong>Dane techniczne:<\/strong><\/p>\n<ul>\n<li>\u015arednica gwintu: 14 mm<\/li>\n<li>D\u0142ugo\u015b\u0107 gwintu: 25 mm<\/li>\n<li>Szeroko\u015b\u0107 w poprzek: 16 mm<\/li>\n<li>Moment dokr\u0119cania: 22 Nm<\/li>\n<li>Odst\u0119p mi\u0119dzy elektrodami: 1,1 mm<\/li>\n<li>Warto\u015b\u0107 cieplna: 20<\/li>\n<\/ul>\n<p>&nbsp;<\/p>\n<p><strong>Odpowiedni dla:<\/strong><\/p>\n<p>Silniki 5.7 Hemi (2 stopnie ch\u0142odniejsze ni\u017c wtyczki seryjne) do 2008 roku w\u0142\u0105cznie<br \/>\nSilniki 6.1 SRT8 (o 1 stopie\u0144 ch\u0142odniejsze ni\u017c wtyczki szeregowe)<br \/>\nSilniki 6.4 SRT8 (taka sama warto\u015b\u0107 cieplna jak standardowe wtyczki)<\/p>\n<p>&nbsp;<\/p>\n<p><strong>Zakres dostawy:<\/strong><\/p>\n<ul>\n<li>16 \u015bwiec zap\u0142onowych<\/li>\n<\/ul>","protected":false},"excerpt":{"rendered":"<p>\u015awiece zap\u0142onowe DENSO 5350 ITL20 Iridium Power do silnik\u00f3w Chrysler, Dodge i Jeep 5.7 Hemi do 2008 roku, 6.1 SRT8 i 6.4.<\/p>","protected":false},"featured_media":68314912,"comment_status":"open","ping_status":"closed","template":"","meta":{"_acf_changed":false},"product_brand":[],"product_cat":[10262,7261,7272,7277,7294,7298,7316,7324,7332,7343,7353,7362,7368,7373,7393,7402,7412,7418,7428],"product_tag":[52,217,15361,10598,4498,15362,1069,15363,54,15358,10597,15356,15366,15365,15364,15359,4419,15357,10599,15360,164,3574,1073,8851,8867,8859,8866,8853,4422],"class_list":{"0":"post-68314909","1":"product","2":"type-product","3":"status-publish","4":"has-post-thumbnail","6":"product_cat-alle-produkte","7":"product_cat-300c-57-2005-2010-zuendung","8":"product_cat-300c-61-zuendung","9":"product_cat-300c-64-zuendung","10":"product_cat-challenger-61-zuendung","11":"product_cat-challenger-64-zuendung","12":"product_cat-charger-57-zuendung","13":"product_cat-charger-61-zuendung","14":"product_cat-charger-64-zuendung","15":"product_cat-durango-57-zuendung","16":"product_cat-durango-64-zuendung","17":"product_cat-magnum-57-zuendung","18":"product_cat-magnum-61-zuendung","19":"product_cat-commander-zuendung","20":"product_cat-grand-cherokee-57-2005-2010-zuendung","21":"product_cat-grand-cherokee-61-zuendung","22":"product_cat-grand-cherokee-64-zuendung","23":"product_cat-wagoneer-64-zuendung","24":"product_cat-wrangler-64-zuendung","25":"product_tag-300c","26":"product_tag-217","27":"product_tag-5-7-hemi-zuendkerzen","28":"product_tag-10598","29":"product_tag-6-1-srt8","30":"product_tag-6-1-srt8-zuendkerzen","31":"product_tag-6-4-srt","32":"product_tag-6-4-srt-zuendkerzen","33":"product_tag-challenger","34":"product_tag-chrysler-5-7-hemi","35":"product_tag-denso","36":"product_tag-denso-5350","37":"product_tag-denso-5350-zuendkerzen","38":"product_tag-denso-iridium-power-zuendkerzen","39":"product_tag-denso-itl20","40":"product_tag-dodge-5-7-hemi","41":"product_tag-iridium","42":"product_tag-iridium-power","43":"product_tag-itl20","44":"product_tag-jeep-5-7-hemi","45":"product_tag-srt8","46":"product_tag-zuendkerze","47":"product_tag-zuendkerzen","48":"product_tag-zuendkerzen-chrysler-300c","49":"product_tag-zuendkerzen-dodge-challenger","50":"product_tag-zuendkerzen-dodge-charger","51":"product_tag-zuendkerzen-dodge-charger-srt","52":"product_tag-zuendkerzen-fuer-chrysler-300c","53":"product_tag-zuendung","54":"product_shipping_class-deutschlandohne","56":"first","57":"instock","58":"taxable","59":"shipping-taxable","60":"purchasable","61":"product-type-simple"},"bundled_by":[],"bundle_stock_status":"instock","bundle_stock_quantity":1,"bundle_virtual":false,"bundle_layout":"","bundle_add_to_cart_form_location":"","bundle_editable_in_cart":false,"bundle_sold_individually_context":"","bundle_item_grouping":"","bundle_min_size":"","bundle_max_size":"","bundle_price":[],"bundled_items":[],"bundle_sell_ids":[],"exclude_global_add_ons":[],"addons":[],"acf":[],"_links":{"self":[{"href":"https:\/\/kraftwerk-shop.cc\/pl\/wp-json\/wp\/v2\/product\/68314909","targetHints":{"allow":["GET"]}}],"collection":[{"href":"https:\/\/kraftwerk-shop.cc\/pl\/wp-json\/wp\/v2\/product"}],"about":[{"href":"https:\/\/kraftwerk-shop.cc\/pl\/wp-json\/wp\/v2\/types\/product"}],"replies":[{"embeddable":true,"href":"https:\/\/kraftwerk-shop.cc\/pl\/wp-json\/wp\/v2\/comments?post=68314909"}],"version-history":[{"count":0,"href":"https:\/\/kraftwerk-shop.cc\/pl\/wp-json\/wp\/v2\/product\/68314909\/revisions"}],"wp:featuredmedia":[{"embeddable":true,"href":"https:\/\/kraftwerk-shop.cc\/pl\/wp-json\/wp\/v2\/media\/68314912"}],"wp:attachment":[{"href":"https:\/\/kraftwerk-shop.cc\/pl\/wp-json\/wp\/v2\/media?parent=68314909"}],"wp:term":[{"taxonomy":"product_brand","embeddable":true,"href":"https:\/\/kraftwerk-shop.cc\/pl\/wp-json\/wp\/v2\/product_brand?post=68314909"},{"taxonomy":"product_cat","embeddable":true,"href":"https:\/\/kraftwerk-shop.cc\/pl\/wp-json\/wp\/v2\/product_cat?post=68314909"},{"taxonomy":"product_tag","embeddable":true,"href":"https:\/\/kraftwerk-shop.cc\/pl\/wp-json\/wp\/v2\/product_tag?post=68314909"}],"curies":[{"name":"wp","href":"https:\/\/api.w.org\/{rel}","templated":true}]}}