{"id":68315116,"date":"2025-02-08T14:34:57","date_gmt":"2025-02-08T13:34:57","guid":{"rendered":"https:\/\/kraftwerk-shop.cc\/?post_type=product&#038;p=68315116"},"modified":"2026-04-01T11:40:43","modified_gmt":"2026-04-01T09:40:43","slug":"pasek-kompresora-gates-hellcat-trackhawk-trx","status":"publish","type":"product","link":"https:\/\/kraftwerk-shop.cc\/pl\/produkt\/gates-kompressorriemen-hellcat-trackhawk-trx\/","title":{"rendered":"Pasek kompresora Gates dla Hellcat, Trackhawk i TRX"},"content":{"rendered":"<h1>Pasek kompresora Gates Micro-V dla Hellcat, Trackhawk i TRX<\/h1>\n<p>&nbsp;<\/p>\n<p><strong>Numer por\u00f3wnawczy Mopar:<\/strong> 68207171AD, <span class=\"list-value sku-display\">68519480AA, 53011324AA<\/span><\/p>\n<p>&nbsp;<\/p>\n<p><strong>Odpowiedni dla:<\/strong><\/p>\n<table width=\"539\">\n<tbody>\n<tr>\n<td width=\"158\">Dodge<\/td>\n<td width=\"117\">Charger<\/td>\n<td width=\"146\">6.2 Hellcat<\/td>\n<td width=\"118\">2015\u20132023<\/td>\n<\/tr>\n<tr>\n<td width=\"158\">Dodge<\/td>\n<td width=\"117\">Challenger<\/td>\n<td width=\"146\">6.2 Hellcat<\/td>\n<td width=\"118\">2015\u20132023<\/td>\n<\/tr>\n<tr>\n<td>Dodge<\/td>\n<td>Durango<\/td>\n<td>6.2 Hellcat<\/td>\n<td>2021\u20132025<\/td>\n<\/tr>\n<tr>\n<td width=\"158\">Jeep<\/td>\n<td width=\"117\">Grand Cherokee<\/td>\n<td width=\"146\">6.2 Trackhawk<\/td>\n<td width=\"118\">2018\u20132021<\/td>\n<\/tr>\n<tr>\n<td>RAM<\/td>\n<td>1500<\/td>\n<td>TRX<\/td>\n<td>2021\u20132024<\/td>\n<\/tr>\n<\/tbody>\n<\/table>\n<p>&nbsp;<\/p>\n<p><strong>Tylko do u\u017cytku jako oryginalny zamiennik, nie nadaje si\u0119 do innych k\u00f3\u0142 kompresora!<br \/>\n<\/strong><\/p>\n<p>&nbsp;<\/p>\n<p>Od ponad 100 lat firma Gates nieustannie udoskonala lini\u0119 produkt\u00f3w pask\u00f3w Micro-V\u00ae. Wykorzystuj\u0105c najbardziej zaawansowane dost\u0119pne technologie, produkowane s\u0105 najlepsze paski w bran\u017cy w celu osi\u0105gni\u0119cia optymalnego dopasowania, konstrukcji i funkcji. W wielu przypadkach firma Gates przewy\u017csza jako\u015b\u0107 i konstrukcj\u0119 oryginalnego producenta pod wzgl\u0119dem ha\u0142asu, drga\u0144 i niezawodno\u015bci, ulepszaj\u0105c zar\u00f3wno materia\u0142y, jak i konstrukcj\u0119. Rezultat? Najcichszy i najbardziej wydajny w bran\u017cy motoryzacyjnej i przemys\u0142owej pasek Micro-V\u00ae.<\/p>\n<p>&nbsp;<\/p>","protected":false},"excerpt":{"rendered":"<p>Odpowiedni jako oryginalny zamiennik<\/p>","protected":false},"featured_media":68315120,"comment_status":"open","ping_status":"closed","template":"","meta":{"_acf_changed":false},"product_brand":[],"product_cat":[10262,2585,7505,2709,7509,2708,7512,7519,2669,2701,7525],"product_tag":[15263,2846,475,6319,101,4408,6318,15239,54,15249,15257,53,15248,15258,49,3853,15241,3854,15242,15251,3415,737,15238,15240,56,15250,15259,2452,738,100,15245,723,50,4425,4427,15243,15252,4426,4398,736,722,242,394,15261,36,382,15262,34,2847,397,86,15244,15260,15253,735,721,15254,246,102,15246,15255,2353,15247,15256],"class_list":{"0":"post-68315116","1":"product","2":"type-product","3":"status-publish","4":"has-post-thumbnail","6":"product_cat-alle-produkte","7":"product_cat-challenger-hellcat-kompressor","8":"product_cat-challenger-hellcat-riemenantrieb","9":"product_cat-charger-hellcat-kompressor","10":"product_cat-charger-hellcat-riemenantrieb","11":"product_cat-durango-hellcat-kompressor","12":"product_cat-durango-hellcat-riemenantrieb","13":"product_cat-trackhawk-riemenantrieb","14":"product_cat-trackhawk-kompressor","15":"product_cat-trx-kompressor","16":"product_cat-trx-riemenantrieb","17":"product_tag-053011324aa","18":"product_tag-2846","19":"product_tag-475","20":"product_tag-53011324aa","21":"product_tag-6-2","22":"product_tag-68207171ad","23":"product_tag-68519480aa","24":"product_tag-6pk2450","25":"product_tag-challenger","26":"product_tag-challenger-srt-hellcat-kompressorriemen","27":"product_tag-challenger-srt-hellcat-mopar-kompressorriemen","28":"product_tag-charger","29":"product_tag-charger-srt-hellcat-kompressorriemen","30":"product_tag-charger-srt-hellcat-mopar-kompressorriemen","31":"product_tag-dodge","32":"product_tag-dodge-challenger","33":"product_tag-dodge-challenger-srt-hellcat-kompressorriemen","34":"product_tag-dodge-charger","35":"product_tag-dodge-charger-srt-hellcat-kompressorriemen","36":"product_tag-dodge-mopar-kompressorriemen","37":"product_tag-erhoehen","38":"product_tag-gates","39":"product_tag-gates-6pk2450","40":"product_tag-gates-kompressorriemen","41":"product_tag-grand-cherokee","42":"product_tag-grand-cherokee-trackhawk-kompressorriemen","43":"product_tag-grand-cherokee-trackhawk-mopar-kompressorriemen","44":"product_tag-hcsc","45":"product_tag-hd","46":"product_tag-hellcat","47":"product_tag-hellcat-kompressorriemen","48":"product_tag-hoeher","49":"product_tag-jeep","50":"product_tag-jeep-grand-cherokee","51":"product_tag-jeep-grand-cherokee-trackhawk","52":"product_tag-jeep-grand-cherokee-trackhawk-kompressorriemen","53":"product_tag-jeep-mopar-kompressorriemen","54":"product_tag-jeep-trackhawk","55":"product_tag-k100579hd","56":"product_tag-keilriemen","57":"product_tag-kleiner","58":"product_tag-kompressor","59":"product_tag-kompressorrad","60":"product_tag-kompressorriemen-mopar","61":"product_tag-kraftwerk","62":"product_tag-ladedruck","63":"product_tag-mopar-kompressorriemen","64":"product_tag-original","65":"product_tag-overdrive","66":"product_tag-pulley","67":"product_tag-ram","68":"product_tag-ram-1500-trx-kompressorriemen","69":"product_tag-ram-1500-trx-mopar-kompressorriemen","70":"product_tag-ram-mopar-kompressorriemen","71":"product_tag-riemen","72":"product_tag-riemenscheibe","73":"product_tag-srt-hellcat-mopar-kompressorriemen","74":"product_tag-supercharger","75":"product_tag-trackhawk","76":"product_tag-trackhawk-kompressorriemen","77":"product_tag-trackhawk-mopar-kompressorriemen","78":"product_tag-trx","79":"product_tag-trx-kompressorriemen","80":"product_tag-trx-mopar-kompressorriemen","82":"first","83":"instock","84":"taxable","85":"shipping-taxable","86":"purchasable","87":"product-type-simple"},"bundled_by":[],"bundle_stock_status":"instock","bundle_stock_quantity":1,"bundle_virtual":false,"bundle_layout":"","bundle_add_to_cart_form_location":"","bundle_editable_in_cart":false,"bundle_sold_individually_context":"","bundle_item_grouping":"","bundle_min_size":"","bundle_max_size":"","bundle_price":[],"bundled_items":[],"bundle_sell_ids":[],"exclude_global_add_ons":[],"addons":[],"acf":[],"_links":{"self":[{"href":"https:\/\/kraftwerk-shop.cc\/pl\/wp-json\/wp\/v2\/product\/68315116","targetHints":{"allow":["GET"]}}],"collection":[{"href":"https:\/\/kraftwerk-shop.cc\/pl\/wp-json\/wp\/v2\/product"}],"about":[{"href":"https:\/\/kraftwerk-shop.cc\/pl\/wp-json\/wp\/v2\/types\/product"}],"replies":[{"embeddable":true,"href":"https:\/\/kraftwerk-shop.cc\/pl\/wp-json\/wp\/v2\/comments?post=68315116"}],"version-history":[{"count":0,"href":"https:\/\/kraftwerk-shop.cc\/pl\/wp-json\/wp\/v2\/product\/68315116\/revisions"}],"wp:featuredmedia":[{"embeddable":true,"href":"https:\/\/kraftwerk-shop.cc\/pl\/wp-json\/wp\/v2\/media\/68315120"}],"wp:attachment":[{"href":"https:\/\/kraftwerk-shop.cc\/pl\/wp-json\/wp\/v2\/media?parent=68315116"}],"wp:term":[{"taxonomy":"product_brand","embeddable":true,"href":"https:\/\/kraftwerk-shop.cc\/pl\/wp-json\/wp\/v2\/product_brand?post=68315116"},{"taxonomy":"product_cat","embeddable":true,"href":"https:\/\/kraftwerk-shop.cc\/pl\/wp-json\/wp\/v2\/product_cat?post=68315116"},{"taxonomy":"product_tag","embeddable":true,"href":"https:\/\/kraftwerk-shop.cc\/pl\/wp-json\/wp\/v2\/product_tag?post=68315116"}],"curies":[{"name":"wp","href":"https:\/\/api.w.org\/{rel}","templated":true}]}}