{"id":68315210,"date":"2025-02-09T13:06:58","date_gmt":"2025-02-09T12:06:58","guid":{"rendered":"https:\/\/kraftwerk-shop.cc\/?post_type=product&#038;p=68315210"},"modified":"2026-02-15T01:17:54","modified_gmt":"2026-02-15T00:17:54","slug":"mishimoto-intercooler-ram-cummins","status":"publish","type":"product","link":"https:\/\/kraftwerk-shop.cc\/pl\/produkt\/mishimoto-ladeluftkuehler-ram-cummins\/","title":{"rendered":"Mishimoto intercooler RAM 6.7 Cummins"},"content":{"rendered":"<h1 data-pm-slice=\"1 1 []\"><strong>Zestaw intercoolera Mishimoto Performance dla Ram 6.7L Cummins (2019+)<\/strong><\/h1>\n<p>Wysokiej jako\u015bci zestaw intercoolera Mishimoto Performance zosta\u0142 opracowany specjalnie dla Ram 6.7L Cummins z roku modelowego 2019. Koncentruj\u0105c si\u0119 na poprawie wydajno\u015bci ch\u0142odzenia, wydajno\u015bci i osi\u0105g\u00f3w silnika, zestaw ten oferuje optymalne wyniki. Dzi\u0119ki zoptymalizowanemu rozpraszaniu ciep\u0142a i wi\u0119kszej obj\u0119to\u015bci, intercooler znacznie obni\u017ca temperatur\u0119 wlotow\u0105. Prowadzi to do poprawy przep\u0142ywu powietrza i ostatecznie do zwi\u0119kszenia osi\u0105g\u00f3w pojazdu. Jednocze\u015bnie zmniejsza si\u0119 obci\u0105\u017cenie silnika. Polegaj na innowacyjnej technologii Mishimoto, aby jak najlepiej wykorzysta\u0107 sw\u00f3j RAM Cummins.<\/p>\n<p>&nbsp;<\/p>\n\n\t\t<style type=\"text\/css\">\n\t\t\t#gallery-1 {\n\t\t\t\tmargin: auto;\n\t\t\t}\n\t\t\t#gallery-1 .gallery-item {\n\t\t\t\tfloat: left;\n\t\t\t\tmargin-top: 10px;\n\t\t\t\ttext-align: center;\n\t\t\t\twidth: 33%;\n\t\t\t}\n\t\t\t#gallery-1 img {\n\t\t\t\tborder: 2px solid #cfcfcf;\n\t\t\t}\n\t\t\t#gallery-1 .gallery-caption {\n\t\t\t\tmargin-left: 0;\n\t\t\t}\n\t\t\t\/* see gallery_shortcode() in wp-includes\/media.php *\/\n\t\t<\/style>\n\t\t<div id='gallery-1' class='gallery galleryid-68315210 gallery-columns-3 gallery-size-full'><dl class='gallery-item'>\n\t\t\t<dt class='gallery-icon landscape'>\n\t\t\t\t<a href='https:\/\/kraftwerk-shop.cc\/pl\/?attachment_id=68315250'><img decoding=\"async\" width=\"1000\" height=\"900\" src=\"https:\/\/kraftwerk-shop.cc\/wp-content\/uploads\/2025\/02\/Mishimoto_Intercooler_RAM_Cummins_1.webp\" class=\"attachment-full size-full\" alt=\"Mishimoto intercooler RAM 6.7 Cummins\" srcset=\"https:\/\/kraftwerk-shop.cc\/wp-content\/uploads\/2025\/02\/Mishimoto_Intercooler_RAM_Cummins_1.webp 1000w, https:\/\/kraftwerk-shop.cc\/wp-content\/uploads\/2025\/02\/Mishimoto_Intercooler_RAM_Cummins_1-500x450.webp 500w, https:\/\/kraftwerk-shop.cc\/wp-content\/uploads\/2025\/02\/Mishimoto_Intercooler_RAM_Cummins_1-150x135.webp 150w, https:\/\/kraftwerk-shop.cc\/wp-content\/uploads\/2025\/02\/Mishimoto_Intercooler_RAM_Cummins_1-600x540.webp 600w, https:\/\/kraftwerk-shop.cc\/wp-content\/uploads\/2025\/02\/Mishimoto_Intercooler_RAM_Cummins_1-300x270.webp 300w, https:\/\/kraftwerk-shop.cc\/wp-content\/uploads\/2025\/02\/Mishimoto_Intercooler_RAM_Cummins_1-768x691.webp 768w\" sizes=\"(max-width: 1000px) 100vw, 1000px\" \/><\/a>\n\t\t\t<\/dt><\/dl><dl class='gallery-item'>\n\t\t\t<dt class='gallery-icon landscape'>\n\t\t\t\t<a href='https:\/\/kraftwerk-shop.cc\/pl\/?attachment_id=68315251'><img decoding=\"async\" width=\"1000\" height=\"900\" src=\"https:\/\/kraftwerk-shop.cc\/wp-content\/uploads\/2025\/02\/Mishimoto_Intercooler_RAM_Cummins_2.webp\" class=\"attachment-full size-full\" alt=\"Mishimoto intercooler RAM 6.7 Cummins\" srcset=\"https:\/\/kraftwerk-shop.cc\/wp-content\/uploads\/2025\/02\/Mishimoto_Intercooler_RAM_Cummins_2.webp 1000w, https:\/\/kraftwerk-shop.cc\/wp-content\/uploads\/2025\/02\/Mishimoto_Intercooler_RAM_Cummins_2-500x450.webp 500w, https:\/\/kraftwerk-shop.cc\/wp-content\/uploads\/2025\/02\/Mishimoto_Intercooler_RAM_Cummins_2-150x135.webp 150w, https:\/\/kraftwerk-shop.cc\/wp-content\/uploads\/2025\/02\/Mishimoto_Intercooler_RAM_Cummins_2-600x540.webp 600w, https:\/\/kraftwerk-shop.cc\/wp-content\/uploads\/2025\/02\/Mishimoto_Intercooler_RAM_Cummins_2-300x270.webp 300w, https:\/\/kraftwerk-shop.cc\/wp-content\/uploads\/2025\/02\/Mishimoto_Intercooler_RAM_Cummins_2-768x691.webp 768w\" sizes=\"(max-width: 1000px) 100vw, 1000px\" \/><\/a>\n\t\t\t<\/dt><\/dl><dl class='gallery-item'>\n\t\t\t<dt class='gallery-icon landscape'>\n\t\t\t\t<a href='https:\/\/kraftwerk-shop.cc\/pl\/?attachment_id=68315252'><img decoding=\"async\" width=\"1000\" height=\"900\" src=\"https:\/\/kraftwerk-shop.cc\/wp-content\/uploads\/2025\/02\/Mishimoto_Intercooler_RAM_Cummins_3.webp\" class=\"attachment-full size-full\" alt=\"Mishimoto intercooler RAM 6.7 Cummins\" srcset=\"https:\/\/kraftwerk-shop.cc\/wp-content\/uploads\/2025\/02\/Mishimoto_Intercooler_RAM_Cummins_3.webp 1000w, https:\/\/kraftwerk-shop.cc\/wp-content\/uploads\/2025\/02\/Mishimoto_Intercooler_RAM_Cummins_3-500x450.webp 500w, https:\/\/kraftwerk-shop.cc\/wp-content\/uploads\/2025\/02\/Mishimoto_Intercooler_RAM_Cummins_3-150x135.webp 150w, https:\/\/kraftwerk-shop.cc\/wp-content\/uploads\/2025\/02\/Mishimoto_Intercooler_RAM_Cummins_3-600x540.webp 600w, https:\/\/kraftwerk-shop.cc\/wp-content\/uploads\/2025\/02\/Mishimoto_Intercooler_RAM_Cummins_3-300x270.webp 300w, https:\/\/kraftwerk-shop.cc\/wp-content\/uploads\/2025\/02\/Mishimoto_Intercooler_RAM_Cummins_3-768x691.webp 768w\" sizes=\"(max-width: 1000px) 100vw, 1000px\" \/><\/a>\n\t\t\t<\/dt><\/dl><br style=\"clear: both\" \/>\n\t\t<\/div>\n\n<p>&nbsp;<\/p>\n<h3><strong>G\u0142\u00f3wne cechy i korzy\u015bci:<\/strong><\/h3>\n<p>\u2705 <strong>Bezpo\u015bredni zamiennik OEM<\/strong><br \/>\nCh\u0142odnica powietrza do\u0142adowuj\u0105cego jest <strong>Rozwi\u0105zanie typu plug-and-play<\/strong> i mo\u017ce by\u0107 zainstalowany bez skomplikowanych modyfikacji.<\/p>\n<p>\u2705 <strong>Zwi\u0119kszona wydajno\u015b\u0107 ch\u0142odzenia<\/strong><br \/>\nDzi\u0119ki <strong>37 % wi\u0119ksza obj\u0119to\u015b\u0107 rdzenia<\/strong> i jeden <strong>22 % wi\u0119ksza obj\u0119to\u015b\u0107 wewn\u0119trzna<\/strong> zestaw oferuje <strong>Znacznie lepsze odprowadzanie ciep\u0142a<\/strong> w por\u00f3wnaniu do standardowego intercoolera.<\/p>\n<p>\u2705 <strong>Skuteczna redukcja temperatury<\/strong><br \/>\nUlepszona konstrukcja zmniejsza <strong>Temperatura wlotowa do 21 \u00b0F (ok. 11,6 \u00b0C)<\/strong> i zmniejsza <strong>Spadek ci\u015bnienia 0,6 PSI<\/strong>co prowadzi do bardziej wydajnej pracy silnika.<\/p>\n<p>\u2705 <strong>Wysokiej jako\u015bci w\u0119\u017ce silikonowe z technologi\u0105 DuraCore\u2122<\/strong><br \/>\nZestaw zawiera wzmocnione <strong>W\u0119\u017ce silikonowe z DuraCore\u2122<\/strong>kt\u00f3re maj\u0105 zwi\u0119kszon\u0105 <strong>Odporno\u015b\u0107 na ciep\u0142o, wytrzyma\u0142o\u015b\u0107 na \u015bciskanie i trwa\u0142o\u015b\u0107<\/strong> oferta.<\/p>\n<p>\u2705 <strong>Wytrzyma\u0142a aluminiowa konstrukcja<\/strong><br \/>\nCh\u0142odnica powietrza do\u0142adowuj\u0105cego wykonana jest z wysokiej jako\u015bci <strong>Aluminium<\/strong>kt\u00f3ry zapewnia maksymaln\u0105 trwa\u0142o\u015b\u0107 i odporno\u015b\u0107 na korozj\u0119 - idealny do ekstremalnych warunk\u00f3w i intensywnego u\u017cytkowania.<\/p>\n<p>\u2705 <strong>Kompletny zestaw instalacyjny<\/strong><br \/>\nZestaw zawiera wszystkie niezb\u0119dne komponenty do szybkiej i \u0142atwej instalacji, w tym <strong>Zaciski, uszczelki i niestandardowe po\u0142\u0105czenia<\/strong>.<\/p>\n<h3><\/h3>\n<p>&nbsp;<\/p>\n<h3><strong>Dane techniczne:<\/strong><\/h3>\n<table>\n<thead>\n<tr>\n<th style=\"text-align: left;\"><strong>Specyfikacja<\/strong><\/th>\n<th style=\"text-align: left;\"><strong>szczeg\u00f3\u0142y<\/strong><\/th>\n<\/tr>\n<\/thead>\n<tbody>\n<tr>\n<td><strong>Pojemno\u015b\u0107 rdzenia<\/strong><\/td>\n<td>37% wi\u0119kszy ni\u017c standardowy intercooler<\/td>\n<\/tr>\n<tr>\n<td><strong>Pojemno\u015b\u0107 wewn\u0119trzna<\/strong><\/td>\n<td>22% wi\u0119kszy ni\u017c standardowy intercooler<\/td>\n<\/tr>\n<tr>\n<td><strong>Redukcja temperatury<\/strong><\/td>\n<td>Obni\u017ca temperatur\u0119 powietrza wlotowego nawet o 21\u00b0F (ok. 11,6\u00b0C).<\/td>\n<\/tr>\n<tr>\n<td><strong>Spadek ci\u015bnienia<\/strong><\/td>\n<td>Zmniejsza spadek ci\u015bnienia o 0,6 PSI<\/td>\n<\/tr>\n<tr>\n<td><strong>Podstawowe wymiary<\/strong><\/td>\n<td>31,85\u2033 x 8,66\u2033 x 3,94\u2033 (ok. 80,9 cm x 22 cm x 10 cm)<\/td>\n<\/tr>\n<tr>\n<td><strong>Grubo\u015b\u0107 \u015bcianki zbiornika<\/strong><\/td>\n<td>5 mm<\/td>\n<\/tr>\n<tr>\n<td><strong>Materia\u0142<\/strong><\/td>\n<td>100% Aluminium z odlewanymi zbiornikami ko\u0144cowymi<\/td>\n<\/tr>\n<tr>\n<td><strong>Materia\u0142 w\u0119\u017ca<\/strong><\/td>\n<td>Silikon z technologi\u0105 DuraCore<\/td>\n<\/tr>\n<tr>\n<td><strong>Miejsce instalacji<\/strong><\/td>\n<td>Bezpo\u015bredni zamiennik OEM<\/td>\n<\/tr>\n<tr>\n<td><strong>Gwarancja<\/strong><\/td>\n<td>Do\u017cywotnia gwarancja Mishimoto<\/td>\n<\/tr>\n<\/tbody>\n<\/table>\n<p>Specyfikacje te podkre\u015blaj\u0105 ulepszenia w zakresie obj\u0119to\u015bci, zarz\u0105dzania temperatur\u0105 i wydajno\u015bci ci\u015bnieniowej, kt\u00f3re ten zestaw intercoolera oferuje w por\u00f3wnaniu z orygina\u0142em.<\/p>\n<p>&nbsp;<\/p>\n<h3><\/h3>\n<p>&nbsp;<\/p>\n<h3><strong>Dlaczego zestaw intercoolera Mishimoto Performance?<\/strong><\/h3>\n<ul>\n<li><strong>Wi\u0119ksza wydajno\u015b\u0107 i efektywno\u015b\u0107<\/strong> - Skuteczniej ch\u0142odzi zasysane powietrze, poprawia spalanie i zwi\u0119ksza og\u00f3ln\u0105 wydajno\u015b\u0107 silnika.<\/li>\n<li><strong>Wi\u0119ksza niezawodno\u015b\u0107<\/strong> - Solidna konstrukcja wytrzymuje ekstremalne warunki, idealna do tuningu, intensywnego u\u017cytkowania lub jazdy w terenie.<\/li>\n<li><strong>Prosta instalacja<\/strong> - Idealny zamiennik standardowej ch\u0142odnicy powietrza do\u0142adowuj\u0105cego bez skomplikowanych modyfikacji.<\/li>\n<li><strong>Optymalna optyka<\/strong> - Dost\u0119pne w r\u00f3\u017cnych kolorach, aby poprawi\u0107 wygl\u0105d komory silnika.<\/li>\n<\/ul>\n<h3><\/h3>\n<p>&nbsp;<\/p>\n<h3><strong>Wniosek: Najlepsza aktualizacja dla silnika Ram 6.7L Cummins!<\/strong><\/h3>\n<ul>\n<li><strong>Kompatybilno\u015b\u0107 z pojazdami:<\/strong> Ram 6.7L Cummins (od roku modelowego 2019)<\/li>\n<li><strong>Materia\u0142:<\/strong> Wysokiej jako\u015bci aluminium<\/li>\n<li><strong>Pojemno\u015b\u0107 rdzenia:<\/strong> 37 % wi\u0119kszy ni\u017c OEM<\/li>\n<li><strong>Pojemno\u015b\u0107 wewn\u0119trzna:<\/strong> 22 % wi\u0119kszy ni\u017c OEM<\/li>\n<li><strong>Redukcja temperatury wlotowej:<\/strong> Do 21 \u00b0F (ok. 11,6 \u00b0C)<\/li>\n<li><strong>Redukcja spadku ci\u015bnienia:<\/strong> 0,6 PSI<\/li>\n<li><strong>Zawiera:<\/strong> Intercooler, silikonowe w\u0119\u017ce DuraCore\u2122, materia\u0142 monta\u017cowy<\/li>\n<\/ul>\n<p>&nbsp;<\/p>\n<p>Zestaw intercoolera Mishimoto Performance to idealne akcesorium dla w\u0142a\u015bcicieli silnik\u00f3w RAM 6.7 Cummins, kt\u00f3rzy chc\u0105 poprawi\u0107 osi\u0105gi, ch\u0142odzenie i \u017cywotno\u015b\u0107 swoich pojazd\u00f3w. Dzi\u0119ki zwi\u0119kszonej wydajno\u015bci ch\u0142odzenia, najwy\u017cszej jako\u015bci materia\u0142om i sprawdzonej jako\u015bci Mishimoto, zestaw ten jest niezb\u0119dny do wykorzystania pe\u0142nego potencja\u0142u Ram 6.7L Cummins.<\/p>\n<p>&nbsp;<\/p>\n<p>&nbsp;<\/p>\n<h3>Zestaw intercoolera Mishimoto Performance jest odpowiedni dla nast\u0119puj\u0105cych pojazd\u00f3w:<\/h3>\n<table width=\"482\">\n<tbody>\n<tr>\n<td width=\"83\"><strong>Rok<\/strong><\/td>\n<td width=\"83\"><strong>Marka<\/strong><\/td>\n<td width=\"142\"><strong>Model<\/strong><\/td>\n<td width=\"174\"><strong>Silnik<\/strong><\/td>\n<\/tr>\n<tr>\n<td width=\"83\">2024<\/td>\n<td width=\"83\">Ram<\/td>\n<td width=\"142\">2500<\/td>\n<td width=\"174\">6.7L Cummins Diesel<\/td>\n<\/tr>\n<tr>\n<td width=\"83\">2024<\/td>\n<td width=\"83\">Ram<\/td>\n<td width=\"142\">3500<\/td>\n<td width=\"174\">6.7L Cummins Diesel<\/td>\n<\/tr>\n<tr>\n<td width=\"83\">2023<\/td>\n<td width=\"83\">Ram<\/td>\n<td width=\"142\">2500<\/td>\n<td width=\"174\">6.7L Cummins Diesel<\/td>\n<\/tr>\n<tr>\n<td width=\"83\">2023<\/td>\n<td width=\"83\">Ram<\/td>\n<td width=\"142\">3500<\/td>\n<td width=\"174\">6.7L Cummins Diesel<\/td>\n<\/tr>\n<tr>\n<td width=\"83\">2022<\/td>\n<td width=\"83\">Ram<\/td>\n<td width=\"142\">2500<\/td>\n<td width=\"174\">6.7L Cummins Diesel<\/td>\n<\/tr>\n<tr>\n<td width=\"83\">2022<\/td>\n<td width=\"83\">Ram<\/td>\n<td width=\"142\">3500<\/td>\n<td width=\"174\">6.7L Cummins Diesel<\/td>\n<\/tr>\n<tr>\n<td width=\"83\">2021<\/td>\n<td width=\"83\">Ram<\/td>\n<td width=\"142\">2500<\/td>\n<td width=\"174\">6.7L Cummins Diesel<\/td>\n<\/tr>\n<tr>\n<td width=\"83\">2021<\/td>\n<td width=\"83\">Ram<\/td>\n<td width=\"142\">3500<\/td>\n<td width=\"174\">6.7L Cummins Diesel<\/td>\n<\/tr>\n<tr>\n<td width=\"83\">2020<\/td>\n<td width=\"83\">Ram<\/td>\n<td width=\"142\">2500<\/td>\n<td width=\"174\">6.7L Cummins Diesel<\/td>\n<\/tr>\n<tr>\n<td width=\"83\">2020<\/td>\n<td width=\"83\">Ram<\/td>\n<td width=\"142\">3500<\/td>\n<td width=\"174\">6.7L Cummins Diesel<\/td>\n<\/tr>\n<tr>\n<td width=\"83\">2019<\/td>\n<td width=\"83\">Ram<\/td>\n<td width=\"142\">2500<\/td>\n<td width=\"174\">6.7L Cummins Diesel<\/td>\n<\/tr>\n<tr>\n<td width=\"83\">2019<\/td>\n<td width=\"83\">Ram<\/td>\n<td width=\"142\">3500<\/td>\n<td width=\"174\">6.7L Cummins Diesel<\/td>\n<\/tr>\n<\/tbody>\n<\/table>\n<p>&nbsp;<\/p>\n<p>&nbsp;<\/p>\n<p><iframe loading=\"lazy\" title=\"Instalacja Mishimoto Intercooler Kit 2019+ RAM 6 7L Cummins\" width=\"500\" height=\"281\" src=\"https:\/\/www.youtube.com\/embed\/p7Yx3Xl-LsU?feature=oembed\" frameborder=\"0\" allow=\"accelerometer; autoplay; clipboard-write; encrypted-media; gyroscope; picture-in-picture; web-share\" referrerpolicy=\"strict-origin-when-cross-origin\" allowfullscreen><\/iframe><\/p>\n<p>&nbsp;<\/p>\n<h3><strong>O producencie Mishimoto<\/strong><\/h3>\n<p>Mishimoto to wiod\u0105cy \u015bwiatowy producent wysokowydajnych system\u00f3w ch\u0142odzenia, za\u0142o\u017cony w 2003 roku. Firma, z siedzib\u0105 w <strong>New Castle, Delaware (USA)<\/strong> specjalizuje si\u0119 w opracowywaniu i produkcji <strong>Wydajne systemy ch\u0142odzenia<\/strong> do samochod\u00f3w osobowych, ci\u0119\u017carowych, motocykli i zastosowa\u0144 w sportach motorowych.<\/p>\n<p>Mishimoto oferuje szerok\u0105 gam\u0119 produkt\u00f3w, w tym <strong>Intercoolery, ch\u0142odnice, ch\u0142odnice oleju, w\u0119\u017ce silikonowe i termostaty<\/strong>kt\u00f3re zosta\u0142y opracowane specjalnie z my\u015bl\u0105 o pojazdach o wysokich osi\u0105gach i ekstremalnych warunkach. Produkty te charakteryzuj\u0105 si\u0119 <strong>Wysoka jako\u015b\u0107, innowacyjna technologia i trwa\u0142a konstrukcja<\/strong> od.<\/p>\n<p>Szczeg\u00f3ln\u0105 cech\u0105 Mishimoto jest <strong>Do\u017cywotnia gwarancja<\/strong> na wielu swoich produktach, co podkre\u015bla jej zaufanie do w\u0142asnej jako\u015bci produkcji. Firma prowadzi r\u00f3wnie\u017c w\u0142asn\u0105 <strong>Centrum bada\u0144 i rozwoju<\/strong>gdzie wszystkie produkty przechodz\u0105 rygorystyczne testy, aby zapewni\u0107 maksymaln\u0105 wydajno\u015b\u0107 i niezawodno\u015b\u0107.<\/p>\n<p>Mishimoto \u015bci\u015ble wsp\u00f3\u0142pracuje z zespo\u0142ami sport\u00f3w motorowych i entuzjastami, aby zawsze <strong>Innowacyjne rozwi\u0105zania<\/strong> dla wymaga\u0144 ch\u0142odzenia tuningowanych i wyczynowych pojazd\u00f3w. Marka cieszy si\u0119 doskona\u0142\u0105 reputacj\u0105 w\u015br\u00f3d fan\u00f3w tuningu, zespo\u0142\u00f3w wy\u015bcigowych i entuzjast\u00f3w off-roadu na ca\u0142ym \u015bwiecie.<\/p>\n<p>Z jego <strong>Koncentracja na wydajno\u015bci, jako\u015bci i trwa\u0142o\u015bci<\/strong> Mishimoto to jedna z najpopularniejszych marek rozwi\u0105za\u0144 ch\u0142odzenia pojazd\u00f3w - zar\u00f3wno do codziennego u\u017cytku, jak i do wy\u015bcig\u00f3w czy off-roadu.<\/p>\n<p>&nbsp;<\/p>","protected":false},"excerpt":{"rendered":"<p>2019\u20132024<\/p>","protected":false},"featured_media":68315220,"comment_status":"open","ping_status":"closed","template":"","meta":{"_acf_changed":false},"product_brand":[18924],"product_cat":[10262,2929],"product_tag":[419,420,2066,2373,4526,6297,7200,4533,7201,49,405,269,425,274,10628,10627,7221,4534,86,6333,7666,216,3736],"class_list":{"0":"post-68315210","1":"product","2":"type-product","3":"status-publish","4":"has-post-thumbnail","6":"product_brand-mishimoto","7":"product_cat-alle-produkte","8":"product_cat-67-cummins-kuehlung","9":"product_tag-419","10":"product_tag-420","11":"product_tag-2066","12":"product_tag-2373","13":"product_tag-4526","14":"product_tag-6297","15":"product_tag-6-7","16":"product_tag-aluminiumkuehler","17":"product_tag-cummins","18":"product_tag-dodge","19":"product_tag-kuehler","20":"product_tag-kuehlwasser","21":"product_tag-ladeluftkuehler","22":"product_tag-mishimoto","23":"product_tag-mmint-ram-19k","24":"product_tag-mmrad-ram-19","25":"product_tag-mopar10","26":"product_tag-motorkuehler","27":"product_tag-ram","28":"product_tag-ram-2500","29":"product_tag-ram-3500","30":"product_tag-upgrade","31":"product_tag-wasserkuehler","32":"product_shipping_class-spedition-1","34":"first","35":"onbackorder","36":"taxable","37":"shipping-taxable","38":"purchasable","39":"product-type-variable"},"bundled_by":[],"bundle_stock_status":"onbackorder","bundle_stock_quantity":0,"bundle_virtual":false,"bundle_layout":"","bundle_add_to_cart_form_location":"","bundle_editable_in_cart":false,"bundle_sold_individually_context":"","bundle_item_grouping":"","bundle_min_size":"","bundle_max_size":"","bundle_price":[],"bundled_items":[],"bundle_sell_ids":[],"exclude_global_add_ons":[],"addons":[],"acf":[],"_links":{"self":[{"href":"https:\/\/kraftwerk-shop.cc\/pl\/wp-json\/wp\/v2\/product\/68315210","targetHints":{"allow":["GET"]}}],"collection":[{"href":"https:\/\/kraftwerk-shop.cc\/pl\/wp-json\/wp\/v2\/product"}],"about":[{"href":"https:\/\/kraftwerk-shop.cc\/pl\/wp-json\/wp\/v2\/types\/product"}],"replies":[{"embeddable":true,"href":"https:\/\/kraftwerk-shop.cc\/pl\/wp-json\/wp\/v2\/comments?post=68315210"}],"version-history":[{"count":0,"href":"https:\/\/kraftwerk-shop.cc\/pl\/wp-json\/wp\/v2\/product\/68315210\/revisions"}],"wp:featuredmedia":[{"embeddable":true,"href":"https:\/\/kraftwerk-shop.cc\/pl\/wp-json\/wp\/v2\/media\/68315220"}],"wp:attachment":[{"href":"https:\/\/kraftwerk-shop.cc\/pl\/wp-json\/wp\/v2\/media?parent=68315210"}],"wp:term":[{"taxonomy":"product_brand","embeddable":true,"href":"https:\/\/kraftwerk-shop.cc\/pl\/wp-json\/wp\/v2\/product_brand?post=68315210"},{"taxonomy":"product_cat","embeddable":true,"href":"https:\/\/kraftwerk-shop.cc\/pl\/wp-json\/wp\/v2\/product_cat?post=68315210"},{"taxonomy":"product_tag","embeddable":true,"href":"https:\/\/kraftwerk-shop.cc\/pl\/wp-json\/wp\/v2\/product_tag?post=68315210"}],"curies":[{"name":"wp","href":"https:\/\/api.w.org\/{rel}","templated":true}]}}