{"id":68315267,"date":"2025-02-09T20:56:42","date_gmt":"2025-02-09T19:56:42","guid":{"rendered":"https:\/\/kraftwerk-shop.cc\/?post_type=product&#038;p=68315267"},"modified":"2026-02-15T01:17:40","modified_gmt":"2026-02-15T00:17:40","slug":"mishimoto-chlodnica-ram-67-cummins","status":"publish","type":"product","link":"https:\/\/kraftwerk-shop.cc\/pl\/produkt\/mishimoto-kuehler-ram-67-cummins\/","title":{"rendered":"Aluminiowa ch\u0142odnica Mishimoto RAM 6.7 Cummins"},"content":{"rendered":"<p data-pm-slice=\"1 1 []\"><strong>Aluminiowa ch\u0142odnica Mishimoto Performance dla RAM 6.7L Cummins (2013-2018)<\/strong><\/p>\n<p>&nbsp;<\/p>\n<h4>Maksymalna wydajno\u015b\u0107 ch\u0142odzenia, najwy\u017csza jako\u015b\u0107 i niezr\u00f3wnana trwa\u0142o\u015b\u0107 dla ci\u0119\u017car\u00f3wki RAM<\/h4>\n<p>Legendarna niezawodno\u015b\u0107 i wydajno\u015b\u0107 <strong>6.7L Cummins<\/strong>-wyposa\u017cony <strong>Dodge Ram<\/strong> sprawi\u0142y, \u017ce jest to jedna z ulubionych ci\u0119\u017car\u00f3wek do ci\u0119\u017ckiej pracy. Ale ka\u017cda legenda ma swoje s\u0142abe punkty - a w Dodge Ram jednym z nich jest standardowa ch\u0142odnica.<\/p>\n<p>The <strong>Plastikowe zbiorniki ko\u0144cowe<\/strong> fabrycznej ch\u0142odnicy ram s\u0105 podatne na <strong>P\u0119kni\u0119cia i wycieki<\/strong> z biegiem czasu. Gdy dodamy do tego dodatkowy stres i ciep\u0142o spowodowane modyfikacjami zwi\u0119kszaj\u0105cymi wydajno\u015b\u0107, mo\u017ce to szybko sta\u0107 si\u0119 powa\u017cnym problemem. Ale w\u0142a\u015bnie w tym miejscu <strong>Mishimoto<\/strong> w gr\u0119.<\/p>\n<p>The <strong>2013-2018 Ch\u0142odnica wydajno\u015bci Ram 2500 \/ 3500<\/strong> to idealna aktualizacja dla ka\u017cdego <strong>si\u0142ownik kumulacyjny nadaj\u0105cy si\u0119 do pracy<\/strong>. Dzi\u0119ki ca\u0142kowicie <strong>aluminiowa konstrukcja spawana metod\u0105 TIG<\/strong> Ta ch\u0142odnica jest tak samo wytrzyma\u0142a jak Twoja ci\u0119\u017car\u00f3wka. Z <strong>63 % wi\u0119ksza pojemno\u015b\u0107 ch\u0142odziwa<\/strong> i jeden <strong>41 % wi\u0119ksza powierzchnia<\/strong> mo\u017cna zwi\u0119kszy\u0107 wydajno\u015b\u0107 silnika bez obawy o jego przegrzanie.<\/p>\n<p>The <strong>Aluminiowa ch\u0142odnica Mishimoto Performance<\/strong> dla <strong>Dodge Ram 6.7L Cummins (2013-2018)<\/strong> to najlepsze rozwi\u0105zanie dla wszystkich, kt\u00f3rzy potrzebuj\u0105 <strong>Optymalna wydajno\u015b\u0107 ch\u0142odzenia, zwi\u0119kszona efektywno\u015b\u0107 i maksymalna trwa\u0142o\u015b\u0107<\/strong> dla Twojego pojazdu. Opracowany do trudnych zastosowa\u0144 w <strong>du\u017ce obci\u0105\u017cenia rozci\u0105gaj\u0105ce, warunki terenowe i wysokie temperatury otoczenia<\/strong>Ta wysokowydajna ch\u0142odnica znacznie przewy\u017csza specyfikacje OEM.<\/p>\n<p>Poprzez <strong>Zwi\u0119kszona wydajno\u015b\u0107 ch\u0142odzenia, lepszy przep\u0142yw powietrza i solidna aluminiowa konstrukcja<\/strong> Ta ch\u0142odnica skutecznie obni\u017ca temperatur\u0119 silnika, minimalizuje ryzyko przegrzania i zwi\u0119ksza niezawodno\u015b\u0107 pojazdu - nawet w ekstremalnych warunkach.<\/p>\n<p>&nbsp;<\/p>\n<h2><strong>G\u0142\u00f3wne cechy i zalety<\/strong><\/h2>\n<p>\u2705 <strong>Zwi\u0119kszona wydajno\u015b\u0107 ch\u0142odzenia dla maksymalnej efektywno\u015bci<\/strong><br \/>\nAluminiowa ch\u0142odnica Mishimoto oferuje <strong>63 % wi\u0119ksza pojemno\u015b\u0107 ch\u0142odziwa<\/strong> ni\u017c standardowa ch\u0142odnica. W rezultacie rozpraszane jest wi\u0119cej ciep\u0142a, a silnik pozostaje skutecznie ch\u0142odzony nawet przy du\u017cych obci\u0105\u017ceniach.<\/p>\n<p>\u2705 <strong>27 % wi\u0119ksza obj\u0119to\u015b\u0107 rdzenia dla lepszego rozpraszania ciep\u0142a<\/strong><br \/>\nUm <strong>27 Powi\u0119kszony rdze\u0144 ch\u0142odnicy %<\/strong> Zapewnia bardziej efektywne odprowadzanie ciep\u0142a i zapobiega przegrzaniu - idealny do holowania pojazd\u00f3w, silnik\u00f3w o wysokiej wydajno\u015bci lub pojazd\u00f3w w gor\u0105cym klimacie.<\/p>\n<p>\u2705 <strong>Wysokiej jako\u015bci aluminiowa konstrukcja 100 % ze spawanymi zbiornikami ko\u0144cowymi<\/strong><br \/>\nPodczas gdy wiele standardowych ch\u0142odnic wykorzystuje plastikowe zbiorniki ko\u0144cowe, kt\u00f3re z czasem mog\u0105 sta\u0107 si\u0119 kruche i p\u0119ka\u0107, ch\u0142odnica Mishimoto jest wykonana z nast\u0119puj\u0105cych materia\u0142\u00f3w <strong>W pe\u0142ni spawane aluminium<\/strong>kt\u00f3ry jest <strong>Wyj\u0105tkowa wytrzyma\u0142o\u015b\u0107 i d\u0142uga \u017cywotno\u015b\u0107<\/strong> gwarantowane.<\/p>\n<p>\u2705 <strong>Zoptymalizowany przep\u0142yw powietrza dzi\u0119ki 19 \u017cebrom na cal (FPI)<\/strong><br \/>\nZ <strong>19 \u017ceber na cal (FPI)<\/strong> Ch\u0142odnica zapewnia optymalny przep\u0142yw powietrza przez siatk\u0119, co dodatkowo poprawia wydajno\u015b\u0107 ch\u0142odzenia i zapewnia r\u00f3wnomierne rozpraszanie ciep\u0142a.<\/p>\n<p>\u2705 <strong>Bezpo\u015bredni zamiennik OEM - prosta instalacja plug-and-play<\/strong><br \/>\nTen wysokowydajny cooler zosta\u0142 opracowany w taki spos\u00f3b, aby <strong>bezpo\u015brednio do wspornik\u00f3w OEM<\/strong> Pasuje bez konieczno\u015bci modyfikacji pojazdu. Idealny do szybkiej i bezproblemowej instalacji.<\/p>\n<p>\u2705 <strong>Zwi\u0119kszona odporno\u015b\u0107 na korozj\u0119 i ci\u015bnienie<\/strong><br \/>\nDzi\u0119ki wysokiej jako\u015bci stopowi aluminium i precyzyjnej technologii produkcji, grzejnik oferuje <strong>Wyj\u0105tkowa odporno\u015b\u0107 na rdz\u0119, korozj\u0119 i wysokie obci\u0105\u017cenia ci\u015bnieniowe<\/strong> - idealny do wymagaj\u0105cych warunk\u00f3w.<\/p>\n<p>\u2705 <strong>Do\u017cywotnia gwarancja Mishimoto<\/strong><br \/>\nPodobnie jak wszystkie wysokowydajne produkty Mishimoto, ta ch\u0142odnica jest r\u00f3wnie\u017c wyposa\u017cona w <strong>Do\u017cywotnia gwarancja<\/strong>co gwarantuje jako\u015b\u0107 i niezawodno\u015b\u0107 produktu.<\/p>\n<p>&nbsp;<\/p>\n<h2><strong>Specyfikacja techniczna<\/strong><\/h2>\n<table>\n<thead>\n<tr>\n<th><strong>Specyfikacja<\/strong><\/th>\n<th><strong>szczeg\u00f3\u0142y<\/strong><\/th>\n<\/tr>\n<\/thead>\n<tbody>\n<tr>\n<td><strong>Pojemno\u015b\u0107 rdzenia<\/strong><\/td>\n<td>27 % wi\u0119kszy ni\u017c OEM<\/td>\n<\/tr>\n<tr>\n<td><strong>Pojemno\u015b\u0107 ch\u0142odziwa<\/strong><\/td>\n<td>63 % wi\u0119cej ni\u017c OEM<\/td>\n<\/tr>\n<tr>\n<td><strong>Zarz\u0105dzanie temperatur\u0105<\/strong><\/td>\n<td>Zoptymalizowane rozpraszanie ciep\u0142a dla lepszej wydajno\u015bci ch\u0142odzenia<\/td>\n<\/tr>\n<tr>\n<td><strong>Podstawowe wymiary<\/strong><\/td>\n<td>34,25\u2033 x 27,00\u2033 x 2,44\u2033 (ok. 87 x 68,6 x 6,2 cm)<\/td>\n<\/tr>\n<tr>\n<td><strong>Wymiary ca\u0142kowite<\/strong><\/td>\n<td>40,5\u2033 x 29,5\u2033 x 7,5\u2033 (ok. 102,9 x 74,9 x 19 cm)<\/td>\n<\/tr>\n<tr>\n<td><strong>P\u0142etwy na cal (FPI)<\/strong><\/td>\n<td>19 FPI dla zoptymalizowanego przep\u0142ywu powietrza<\/td>\n<\/tr>\n<tr>\n<td><strong>Materia\u0142<\/strong><\/td>\n<td>100 % Aluminium z przyspawanymi zbiornikami ko\u0144cowymi<\/td>\n<\/tr>\n<tr>\n<td><strong>Miejsce instalacji<\/strong><\/td>\n<td>Bezpo\u015bredni zamiennik OEM<\/td>\n<\/tr>\n<\/tbody>\n<\/table>\n<p>&nbsp;<\/p>\n<h2><strong>Kompatybilno\u015b\u0107 pojazdu<\/strong><\/h2>\n<p>Aluminiowa ch\u0142odnica Mishimoto Performance jest odpowiednia dla nast\u0119puj\u0105cych pojazd\u00f3w:<\/p>\n<table width=\"482\">\n<tbody>\n<tr>\n<td width=\"83\"><strong>Rok<\/strong><\/td>\n<td width=\"83\"><strong>Marka<\/strong><\/td>\n<td width=\"142\"><strong>Model<\/strong><\/td>\n<td width=\"174\"><strong>Silnik<\/strong><\/td>\n<\/tr>\n<tr>\n<td width=\"83\">2018<\/td>\n<td width=\"83\">Dodge<\/td>\n<td width=\"142\">Ram 2500<\/td>\n<td width=\"174\">6.7L Cummins Diesel<\/td>\n<\/tr>\n<tr>\n<td width=\"83\">2018<\/td>\n<td width=\"83\">Dodge<\/td>\n<td width=\"142\">Ram 3500<\/td>\n<td width=\"174\">6.7L Cummins Diesel<\/td>\n<\/tr>\n<tr>\n<td width=\"83\">2017<\/td>\n<td width=\"83\">Dodge<\/td>\n<td width=\"142\">Ram 2500<\/td>\n<td width=\"174\">6.7L Cummins Diesel<\/td>\n<\/tr>\n<tr>\n<td width=\"83\">2017<\/td>\n<td width=\"83\">Dodge<\/td>\n<td width=\"142\">Ram 3500<\/td>\n<td width=\"174\">6.7L Cummins Diesel<\/td>\n<\/tr>\n<tr>\n<td width=\"83\">2016<\/td>\n<td width=\"83\">Dodge<\/td>\n<td width=\"142\">Ram 2500<\/td>\n<td width=\"174\">6.7L Cummins Diesel<\/td>\n<\/tr>\n<tr>\n<td width=\"83\">2016<\/td>\n<td width=\"83\">Dodge<\/td>\n<td width=\"142\">Ram 3500<\/td>\n<td width=\"174\">6.7L Cummins Diesel<\/td>\n<\/tr>\n<tr>\n<td width=\"83\">2015<\/td>\n<td width=\"83\">Dodge<\/td>\n<td width=\"142\">Ram 2500<\/td>\n<td width=\"174\">6.7L Cummins Diesel<\/td>\n<\/tr>\n<tr>\n<td width=\"83\">2015<\/td>\n<td width=\"83\">Dodge<\/td>\n<td width=\"142\">Ram 3500<\/td>\n<td width=\"174\">6.7L Cummins Diesel<\/td>\n<\/tr>\n<tr>\n<td width=\"83\">2014<\/td>\n<td width=\"83\">Dodge<\/td>\n<td width=\"142\">Ram 2500<\/td>\n<td width=\"174\">6.7L Cummins Diesel<\/td>\n<\/tr>\n<tr>\n<td width=\"83\">2014<\/td>\n<td width=\"83\">Dodge<\/td>\n<td width=\"142\">Ram 3500<\/td>\n<td width=\"174\">6.7L Cummins Diesel<\/td>\n<\/tr>\n<tr>\n<td width=\"83\">2013<\/td>\n<td width=\"83\">Dodge<\/td>\n<td width=\"142\">Ram 2500<\/td>\n<td width=\"174\">6.7L Cummins Diesel<\/td>\n<\/tr>\n<tr>\n<td width=\"83\">2013<\/td>\n<td width=\"83\">Dodge<\/td>\n<td width=\"142\">Ram 3500<\/td>\n<td width=\"174\">6.7L Cummins Diesel<\/td>\n<\/tr>\n<\/tbody>\n<\/table>\n<p>&nbsp;<\/p>\n<p>To ulepszenie ch\u0142odzenia zosta\u0142o specjalnie zaprojektowane dla <strong>Modele Dodge Ram 2500 i 3500 z lat modelowych 2013-2018<\/strong> z <strong>6.7L Cummins Diesel<\/strong>-opracowano silnik.<\/p>\n<p>&nbsp;<\/p>\n<h2><strong>Dlaczego warto wybra\u0107 aluminiow\u0105 ch\u0142odnic\u0119 Mishimoto Performance?<\/strong><\/h2>\n<ul>\n<li><strong>Maksymalna wydajno\u015b\u0107 ch\u0142odzenia<\/strong> - Opracowany z my\u015bl\u0105 o maksymalnej wydajno\u015bci przy du\u017cych obci\u0105\u017ceniach, projektach tuningowych i ekstremalnych temperaturach.<\/li>\n<li><strong>Solidna konstrukcja<\/strong> - Konstrukcja z aluminium 100 % z precyzyjnie spawanymi szwami zapewnia maksymaln\u0105 trwa\u0142o\u015b\u0107.<\/li>\n<li><strong>Kompatybilno\u015b\u0107 plug-and-play<\/strong> - Idealnie dopasowany do mocowa\u0144 OEM, dzi\u0119ki czemu nie jest konieczna konwersja.<\/li>\n<li><strong>Idealny do wymagaj\u0105cych zastosowa\u0144<\/strong> - Niezale\u017cnie od tego, czy chodzi o codzienne podr\u00f3\u017ce, jazd\u0119 w terenie czy silniki o wysokich osi\u0105gach - ta ch\u0142odnica zapewnia to, co obiecuje.<\/li>\n<\/ul>\n<p>&nbsp;<\/p>\n<h3><strong>Wniosek: Najlepsza modernizacja ch\u0142odnicy dla Dodge 6.7L Cummins!<\/strong><\/h3>\n<p>The <strong>Aluminiowa ch\u0142odnica Mishimoto Performance<\/strong> to idealny wyb\u00f3r dla kierowc\u00f3w, kt\u00f3rzy <strong>zmaksymalizowa\u0107 wydajno\u015b\u0107 ch\u0142odzenia, poprawi\u0107 niezawodno\u015b\u0107 silnika i zapewni\u0107 d\u0142ugotrwa\u0142e rozwi\u0105zanie problem\u00f3w zwi\u0105zanych z wysok\u0105 temperatur\u0105.<\/strong> Szukaj. Dzi\u0119ki wysokiej jako\u015bci konstrukcji, zwi\u0119kszonej wydajno\u015bci i \u0142atwej instalacji, ta ch\u0142odnica jest niezb\u0119dna dla ka\u017cdego, kto chce utrzyma\u0107 sw\u00f3j silnik Dodge 6.7L Cummins w doskona\u0142ej formie.<\/p>\n<p>&nbsp;<\/p>\n<p><iframe loading=\"lazy\" title=\"Instalacja ch\u0142odnicy Mishimoto Dodge 6.7 Cummins 2013 - 2018\" width=\"500\" height=\"281\" src=\"https:\/\/www.youtube.com\/embed\/_qrWntNvwRo?feature=oembed\" frameborder=\"0\" allow=\"accelerometer; autoplay; clipboard-write; encrypted-media; gyroscope; picture-in-picture; web-share\" referrerpolicy=\"strict-origin-when-cross-origin\" allowfullscreen><\/iframe><\/p>\n<p>&nbsp;<\/p>","protected":false},"excerpt":{"rendered":"<p>2013\u20132018<\/p>","protected":false},"featured_media":68315290,"comment_status":"open","ping_status":"closed","template":"","meta":{"_acf_changed":false},"product_brand":[18924],"product_cat":[10262,2929],"product_tag":[165,248,249,250,251,252,7200,15141,15149,4533,7201,15145,49,15139,15147,15151,405,15154,15158,15152,15165,15163,15167,15146,15170,15155,15160,15148,15168,15161,15171,15166,15159,15164,15157,15169,15150,15162,15142,269,15156,274,15137,10629,4534,15153,15140,86,15143,15144,15138,216,3736],"class_list":{"0":"post-68315267","1":"product","2":"type-product","3":"status-publish","4":"has-post-thumbnail","6":"product_brand-mishimoto","7":"product_cat-alle-produkte","8":"product_cat-67-cummins-kuehlung","9":"product_tag-165","10":"product_tag-248","11":"product_tag-249","12":"product_tag-250","13":"product_tag-251","14":"product_tag-252","15":"product_tag-6-7","16":"product_tag-aluminium-kuehler-dodge-ram","17":"product_tag-aluminiumkern-kuehler","18":"product_tag-aluminiumkuehler","19":"product_tag-cummins","20":"product_tag-cummins-diesel-kuehler","21":"product_tag-dodge","22":"product_tag-dodge-ram-kuehler","23":"product_tag-dodge-ram-performance-teile","24":"product_tag-heavy-duty-kuehler-dodge-ram","25":"product_tag-kuehler","26":"product_tag-kuehler-fuer-hohe-umgebungstemperaturen","27":"product_tag-kuehler-fuer-maximale-effizienz","28":"product_tag-kuehler-fuer-schwere-lasten","29":"product_tag-kuehler-mit-erhoehter-effizienz","30":"product_tag-kuehler-mit-erhoehter-haltbarkeit","31":"product_tag-kuehler-mit-erhoehter-kuehlfluessigkeitskapazitaet","32":"product_tag-kuehler-mit-erhoehter-kuehlkapazitaet","33":"product_tag-kuehler-mit-erhoehter-kuehlleistung","34":"product_tag-kuehler-mit-erhoehter-oberflaeche","35":"product_tag-kuehler-mit-erhoehter-zuverlaessigkeit","36":"product_tag-kuehler-mit-groesserem-kernvolumen","37":"product_tag-kuehler-mit-groesserer-oberflaeche","38":"product_tag-kuehler-mit-optimierter-kuehlleistung","39":"product_tag-kuehler-mit-optimierter-waermeableitung","40":"product_tag-kuehler-mit-reduzierter-motortemperatur","41":"product_tag-kuehler-mit-reduzierter-ueberhitzungsgefahr","42":"product_tag-kuehler-mit-verbesserter-kuehlleistung","43":"product_tag-kuehler-mit-verbesserter-luftstroemung","44":"product_tag-kuehler-mit-verbesserter-waermeabfuhr","45":"product_tag-kuehler-mit-verbesserter-waermeableitung","46":"product_tag-kuehler-mit-verbesserter-waermeuebertragung","47":"product_tag-kuehler-upgrade-cummins","48":"product_tag-kuehlwasser","49":"product_tag-langlebiger-kuehler-dodge-ram","50":"product_tag-mishimoto","51":"product_tag-mishimoto-kuehler","52":"product_tag-mmrad-ram-13","53":"product_tag-motorkuehler","54":"product_tag-offroad-kuehler-ram","55":"product_tag-performance-kuehler-ram","56":"product_tag-ram","57":"product_tag-ram-2500-kuehler","58":"product_tag-ram-3500-kuehler","59":"product_tag-ram-6-7-cummins-kuehler","60":"product_tag-upgrade","61":"product_tag-wasserkuehler","62":"product_shipping_class-paket-l","64":"first","65":"onbackorder","66":"taxable","67":"shipping-taxable","68":"purchasable","69":"product-type-simple"},"bundled_by":[],"bundle_stock_status":"onbackorder","bundle_stock_quantity":0,"bundle_virtual":false,"bundle_layout":"","bundle_add_to_cart_form_location":"","bundle_editable_in_cart":false,"bundle_sold_individually_context":"","bundle_item_grouping":"","bundle_min_size":"","bundle_max_size":"","bundle_price":[],"bundled_items":[],"bundle_sell_ids":[],"exclude_global_add_ons":[],"addons":[],"acf":[],"_links":{"self":[{"href":"https:\/\/kraftwerk-shop.cc\/pl\/wp-json\/wp\/v2\/product\/68315267","targetHints":{"allow":["GET"]}}],"collection":[{"href":"https:\/\/kraftwerk-shop.cc\/pl\/wp-json\/wp\/v2\/product"}],"about":[{"href":"https:\/\/kraftwerk-shop.cc\/pl\/wp-json\/wp\/v2\/types\/product"}],"replies":[{"embeddable":true,"href":"https:\/\/kraftwerk-shop.cc\/pl\/wp-json\/wp\/v2\/comments?post=68315267"}],"version-history":[{"count":0,"href":"https:\/\/kraftwerk-shop.cc\/pl\/wp-json\/wp\/v2\/product\/68315267\/revisions"}],"wp:featuredmedia":[{"embeddable":true,"href":"https:\/\/kraftwerk-shop.cc\/pl\/wp-json\/wp\/v2\/media\/68315290"}],"wp:attachment":[{"href":"https:\/\/kraftwerk-shop.cc\/pl\/wp-json\/wp\/v2\/media?parent=68315267"}],"wp:term":[{"taxonomy":"product_brand","embeddable":true,"href":"https:\/\/kraftwerk-shop.cc\/pl\/wp-json\/wp\/v2\/product_brand?post=68315267"},{"taxonomy":"product_cat","embeddable":true,"href":"https:\/\/kraftwerk-shop.cc\/pl\/wp-json\/wp\/v2\/product_cat?post=68315267"},{"taxonomy":"product_tag","embeddable":true,"href":"https:\/\/kraftwerk-shop.cc\/pl\/wp-json\/wp\/v2\/product_tag?post=68315267"}],"curies":[{"name":"wp","href":"https:\/\/api.w.org\/{rel}","templated":true}]}}