{"id":68315464,"date":"2025-02-15T17:28:31","date_gmt":"2025-02-15T16:28:31","guid":{"rendered":"https:\/\/kraftwerk-shop.cc\/?post_type=product&#038;p=68315464"},"modified":"2026-02-15T01:17:58","modified_gmt":"2026-02-15T00:17:58","slug":"mopar-uszczelka-termostatu-ram-cummins-5086740aa","status":"publish","type":"product","link":"https:\/\/kraftwerk-shop.cc\/pl\/produkt\/mopar-thermostatdichtung-ram-cummins-5086740aa\/","title":{"rendered":"Uszczelka termostatu Mopar RAM 2500 i 3500 Cummins 5.9 i 6.7 (5086740AA)"},"content":{"rendered":"<h1>Oryginalna uszczelka termostatu Mopar (<span class=\"list-value sku-display\">5086740AA<\/span>) dla RAM 2500 i 3500 Cummins 5.9 i 6.7 od 2003 do 2025 r.<\/h1>\n<p>&nbsp;<\/p>\n<p><span lang=\"DE\"><strong>Numer cz\u0119\u015bci Mopar:<\/strong> <span class=\"list-value sku-display\">5086740AA<\/span><br \/>\n<strong>Zast\u0105piony: <\/strong>\u2014<span class=\"list-value\"><br \/>\n<\/span><\/span><\/p>\n<p>&nbsp;<\/p>\n<p><strong>Odpowiedni dla:<\/strong><\/p>\n<table width=\"826\">\n<tbody>\n<tr>\n<td width=\"82\"><strong>Rok<\/strong><\/td>\n<td width=\"82\"><strong>Marka\u00a0<\/strong><\/td>\n<td width=\"124\"><strong>Model<\/strong><\/td>\n<td width=\"334\"><strong>Wersja<\/strong><\/td>\n<td width=\"204\"><strong>Silnik<\/strong><\/td>\n<\/tr>\n<tr>\n<td width=\"82\">2025<\/td>\n<td width=\"82\">Ram<\/td>\n<td width=\"124\">2500<\/td>\n<td width=\"334\">Big Horn, Laramie, Limited, Limited Longhorn, Lone Star, Rebel, Tradesman<\/td>\n<td width=\"204\">6.7L<\/td>\n<\/tr>\n<tr>\n<td width=\"82\">2025<\/td>\n<td width=\"82\">Ram<\/td>\n<td width=\"124\">3500<\/td>\n<td width=\"334\">Big Horn, Laramie, Limited, Limited Longhorn, Tradesman<\/td>\n<td width=\"204\">6.7L<\/td>\n<\/tr>\n<tr>\n<td width=\"82\">2024<\/td>\n<td width=\"82\">Ram<\/td>\n<td width=\"124\">2500<\/td>\n<td width=\"334\">Big Horn, Laramie, Limited, Limited Longhorn, Lone Star, Rebel, Tradesman<\/td>\n<td width=\"204\">6.7L<\/td>\n<\/tr>\n<tr>\n<td width=\"82\">2024<\/td>\n<td width=\"82\">Ram<\/td>\n<td width=\"124\">3500<\/td>\n<td width=\"334\">Big Horn, Laramie, Limited, Limited Longhorn, SLT, Tradesman<\/td>\n<td width=\"204\">6.7L<\/td>\n<\/tr>\n<tr>\n<td width=\"82\">2023<\/td>\n<td width=\"82\">Ram<\/td>\n<td width=\"124\">2500<\/td>\n<td width=\"334\">Big Horn, Laramie, Limited, Limited Longhorn, Lone Star, Rebel, Tradesman<\/td>\n<td width=\"204\">6.7L<\/td>\n<\/tr>\n<tr>\n<td width=\"82\">2023<\/td>\n<td width=\"82\">Ram<\/td>\n<td width=\"124\">3500<\/td>\n<td width=\"334\">Big Horn, Laramie, Limited, Limited Longhorn, SLT, Tradesman<\/td>\n<td width=\"204\">6.7L<\/td>\n<\/tr>\n<tr>\n<td width=\"82\">2022<\/td>\n<td width=\"82\">Ram<\/td>\n<td width=\"124\">2500<\/td>\n<td width=\"334\">Big Horn, Laramie, Limited, Limited Longhorn, Lone Star, Tradesman<\/td>\n<td width=\"204\">6.7L<\/td>\n<\/tr>\n<tr>\n<td width=\"82\">2022<\/td>\n<td width=\"82\">Ram<\/td>\n<td width=\"124\">3500<\/td>\n<td width=\"334\">Big Horn, Laramie, Limited, Limited Longhorn, Lone Star, SLT, Tradesman<\/td>\n<td width=\"204\">6.7L<\/td>\n<\/tr>\n<tr>\n<td width=\"82\">2021<\/td>\n<td width=\"82\">Ram<\/td>\n<td width=\"124\">2500<\/td>\n<td width=\"334\">Big Horn, Laramie, Limited, Limited Longhorn, Lone Star, Tradesman<\/td>\n<td width=\"204\">6.7L<\/td>\n<\/tr>\n<tr>\n<td width=\"82\">2021<\/td>\n<td width=\"82\">Ram<\/td>\n<td width=\"124\">3500<\/td>\n<td width=\"334\">Big Horn, Laramie, Limited, Limited Longhorn, Lone Star, SLT, Tradesman<\/td>\n<td width=\"204\">6.7L<\/td>\n<\/tr>\n<tr>\n<td width=\"82\">2020<\/td>\n<td width=\"82\">Ram<\/td>\n<td width=\"124\">2500<\/td>\n<td width=\"334\">Big Horn, Laramie, Laramie Longhorn, Limited, Lone Star, Tradesman<\/td>\n<td width=\"204\">6.7L<\/td>\n<\/tr>\n<tr>\n<td width=\"82\">2020<\/td>\n<td width=\"82\">Ram<\/td>\n<td width=\"124\">3500<\/td>\n<td width=\"334\">Laramie, Laramie Longhorn, Limited, SLT, Tradesman<\/td>\n<td width=\"204\">6.7L<\/td>\n<\/tr>\n<tr>\n<td width=\"82\">2019<\/td>\n<td width=\"82\">Ram<\/td>\n<td width=\"124\">2500<\/td>\n<td width=\"334\">Big Horn, Laramie, Laramie Longhorn, Limited, Lone Star, Tradesman<\/td>\n<td width=\"204\">6.7L<\/td>\n<\/tr>\n<tr>\n<td width=\"82\">2019<\/td>\n<td width=\"82\">Ram<\/td>\n<td width=\"124\">3500<\/td>\n<td width=\"334\">Big Horn, Laramie, Laramie Longhorn, Limited, Lone Star, SLT, Tradesman<\/td>\n<td width=\"204\">6.7L<\/td>\n<\/tr>\n<tr>\n<td width=\"82\">2018<\/td>\n<td width=\"82\">Ram<\/td>\n<td width=\"124\">2500<\/td>\n<td width=\"334\">Big Horn, Laramie, Laramie Longhorn, Limited, SLT, Tradesman<\/td>\n<td width=\"204\">6.7L<\/td>\n<\/tr>\n<tr>\n<td width=\"82\">2018<\/td>\n<td width=\"82\">Ram<\/td>\n<td width=\"124\">3500<\/td>\n<td width=\"334\">Big Horn, Laramie, Laramie Longhorn, Limited, SLT, Tradesman<\/td>\n<td width=\"204\">6.7L<\/td>\n<\/tr>\n<tr>\n<td width=\"82\">2017<\/td>\n<td width=\"82\">Ram<\/td>\n<td width=\"124\">2500<\/td>\n<td width=\"334\">Big Horn, Laramie, Laramie Longhorn, Limited, SLT, Tradesman<\/td>\n<td width=\"204\">6.7L<\/td>\n<\/tr>\n<tr>\n<td width=\"82\">2017<\/td>\n<td width=\"82\">Ram<\/td>\n<td width=\"124\">3500<\/td>\n<td width=\"334\">Big Horn, Laramie, Laramie Longhorn, Limited, Lone Star, SLT, Tradesman<\/td>\n<td width=\"204\">6.7L<\/td>\n<\/tr>\n<tr>\n<td width=\"82\">2016<\/td>\n<td width=\"82\">Ram<\/td>\n<td width=\"124\">2500<\/td>\n<td width=\"334\">Big Horn, Laramie, Laramie Longhorn, Limited, Outdoorsman, SLT, Tradesman<\/td>\n<td width=\"204\">6.7L<\/td>\n<\/tr>\n<tr>\n<td width=\"82\">2016<\/td>\n<td width=\"82\">Ram<\/td>\n<td width=\"124\">3500<\/td>\n<td width=\"334\">Big Horn, Laramie, Laramie Longhorn, Limited, SLT, Tradesman<\/td>\n<td width=\"204\">6.7L<\/td>\n<\/tr>\n<tr>\n<td width=\"82\">2015<\/td>\n<td width=\"82\">Ram<\/td>\n<td width=\"124\">2500<\/td>\n<td width=\"334\">Big Horn, Laramie, Laramie Limited, Laramie Longhorn, Lone Star, Outdoorsman, SLT, Tradesman<\/td>\n<td width=\"204\">6.7L<\/td>\n<\/tr>\n<tr>\n<td width=\"82\">2015<\/td>\n<td width=\"82\">Ram<\/td>\n<td width=\"124\">3500<\/td>\n<td width=\"334\">Big Horn, Laramie, Laramie Limited, Laramie Longhorn, Lone Star, SLT, Tradesman<\/td>\n<td width=\"204\">6.7L<\/td>\n<\/tr>\n<tr>\n<td width=\"82\">2014<\/td>\n<td width=\"82\">Ram<\/td>\n<td width=\"124\">2500<\/td>\n<td width=\"334\">Big Horn, Laramie, Laramie Limited, Laramie Longhorn, Lone Star, Outdoorsman, SLT, Tradesman<\/td>\n<td width=\"204\">6.7L<\/td>\n<\/tr>\n<tr>\n<td width=\"82\">2014<\/td>\n<td width=\"82\">Ram<\/td>\n<td width=\"124\">3500<\/td>\n<td width=\"334\">Big Horn, Laramie, Laramie Limited, Laramie Longhorn, Lone Star, SLT, Tradesman<\/td>\n<td width=\"204\">6.7L<\/td>\n<\/tr>\n<tr>\n<td width=\"82\">2013<\/td>\n<td width=\"82\">Ram<\/td>\n<td width=\"124\">2500<\/td>\n<td width=\"334\">Big Horn, Laramie, Laramie Longhorn, Lone Star, Outdoorsman, SLT, Tradesman<\/td>\n<td width=\"204\">6.7L<\/td>\n<\/tr>\n<tr>\n<td width=\"82\">2013<\/td>\n<td width=\"82\">Ram<\/td>\n<td width=\"124\">3500<\/td>\n<td width=\"334\">Big Horn, Laramie, Laramie Longhorn, Lone Star, SLT, Tradesman<\/td>\n<td width=\"204\">6.7L<\/td>\n<\/tr>\n<tr>\n<td width=\"82\">2012<\/td>\n<td width=\"82\">Ram<\/td>\n<td width=\"124\">2500<\/td>\n<td width=\"334\">Laramie, Laramie Longhorn, Outdoorsman, SLT, ST<\/td>\n<td width=\"204\">6.7L<\/td>\n<\/tr>\n<tr>\n<td width=\"82\">2012<\/td>\n<td width=\"82\">Ram<\/td>\n<td width=\"124\">3500<\/td>\n<td width=\"334\">Laramie, Laramie Longhorn, SLT, ST<\/td>\n<td width=\"204\">6.7L<\/td>\n<\/tr>\n<tr>\n<td width=\"82\">2011<\/td>\n<td width=\"82\">Ram<\/td>\n<td width=\"124\">2500<\/td>\n<td width=\"334\">Laramie, Laramie Longhorn, SLT, ST<\/td>\n<td width=\"204\">6.7L<\/td>\n<\/tr>\n<tr>\n<td width=\"82\">2011<\/td>\n<td width=\"82\">Ram<\/td>\n<td width=\"124\">3500<\/td>\n<td width=\"334\">Laramie, Laramie Longhorn, SLT, ST<\/td>\n<td width=\"204\">6.7L<\/td>\n<\/tr>\n<tr>\n<td width=\"82\">2010<\/td>\n<td width=\"82\">Dodge<\/td>\n<td width=\"124\">Ram 2500<\/td>\n<td width=\"334\">Laramie, SLT, ST, TRX<\/td>\n<td width=\"204\">6.7L<\/td>\n<\/tr>\n<tr>\n<td width=\"82\">2010<\/td>\n<td width=\"82\">Dodge<\/td>\n<td width=\"124\">Ram 3500<\/td>\n<td width=\"334\">Laramie, SLT, ST<\/td>\n<td width=\"204\">6.7L<\/td>\n<\/tr>\n<tr>\n<td width=\"82\">2009<\/td>\n<td width=\"82\">Dodge<\/td>\n<td width=\"124\">Ram 2500<\/td>\n<td width=\"334\">Laramie, SLT, ST, SXT<\/td>\n<td width=\"204\">5.9L, 6.7L<\/td>\n<\/tr>\n<tr>\n<td width=\"82\">2009<\/td>\n<td width=\"82\">Dodge<\/td>\n<td width=\"124\">Ram 3500<\/td>\n<td width=\"334\">Laramie, SLT, ST, SXT<\/td>\n<td width=\"204\">6.7L<\/td>\n<\/tr>\n<tr>\n<td width=\"82\">2008<\/td>\n<td width=\"82\">Dodge<\/td>\n<td width=\"124\">Ram 2500<\/td>\n<td width=\"334\">Laramie, SLT, ST, SXT<\/td>\n<td width=\"204\">5.9L, 6.7L<\/td>\n<\/tr>\n<tr>\n<td width=\"82\">2008<\/td>\n<td width=\"82\">Dodge<\/td>\n<td width=\"124\">Ram 3500<\/td>\n<td width=\"334\">Laramie, SLT, ST<\/td>\n<td width=\"204\">5.9L, 6.7L<\/td>\n<\/tr>\n<tr>\n<td width=\"82\">2007<\/td>\n<td width=\"82\">Dodge<\/td>\n<td width=\"124\">Ram 2500<\/td>\n<td width=\"334\">Laramie, SLT, ST, Sport, TRX4<\/td>\n<td width=\"204\">5.9L, 6.7L<\/td>\n<\/tr>\n<tr>\n<td width=\"82\">2007<\/td>\n<td width=\"82\">Dodge<\/td>\n<td width=\"124\">Ram 3500<\/td>\n<td width=\"334\">Laramie, SLT, ST, Sport, TRX4<\/td>\n<td width=\"204\">5.9L, 6.7L<\/td>\n<\/tr>\n<tr>\n<td width=\"82\">2006<\/td>\n<td width=\"82\">Dodge<\/td>\n<td width=\"124\">Ram 2500<\/td>\n<td width=\"334\">Laramie, SLT, ST<\/td>\n<td width=\"204\">5.9L<\/td>\n<\/tr>\n<tr>\n<td width=\"82\">2006<\/td>\n<td width=\"82\">Dodge<\/td>\n<td width=\"124\">Ram 3500<\/td>\n<td width=\"334\">Laramie, SLT, ST<\/td>\n<td width=\"204\">5.9L<\/td>\n<\/tr>\n<tr>\n<td width=\"82\">2005<\/td>\n<td width=\"82\">Dodge<\/td>\n<td width=\"124\">Ram 2500<\/td>\n<td width=\"334\">SLT, ST<\/td>\n<td width=\"204\">5.9L<\/td>\n<\/tr>\n<tr>\n<td width=\"82\">2005<\/td>\n<td width=\"82\">Dodge<\/td>\n<td width=\"124\">Ram 3500<\/td>\n<td width=\"334\">SLT, ST<\/td>\n<td width=\"204\">5.9L<\/td>\n<\/tr>\n<tr>\n<td width=\"82\">2004<\/td>\n<td width=\"82\">Dodge<\/td>\n<td width=\"124\">Ram 2500<\/td>\n<td width=\"334\">SLT, ST<\/td>\n<td width=\"204\">5.9L<\/td>\n<\/tr>\n<tr>\n<td width=\"82\">2004<\/td>\n<td width=\"82\">Dodge<\/td>\n<td width=\"124\">Ram 3500<\/td>\n<td width=\"334\">SLT, ST<\/td>\n<td width=\"204\">5.9L<\/td>\n<\/tr>\n<tr>\n<td width=\"82\">2003<\/td>\n<td width=\"82\">Dodge<\/td>\n<td width=\"124\">Ram 2500<\/td>\n<td width=\"334\">SLT, ST<\/td>\n<td width=\"204\">5.9L<\/td>\n<\/tr>\n<tr>\n<td width=\"82\">2003<\/td>\n<td width=\"82\">Dodge<\/td>\n<td width=\"124\">Ram 3500<\/td>\n<td width=\"334\">SLT, ST<\/td>\n<td width=\"204\">5.9L<\/td>\n<\/tr>\n<\/tbody>\n<\/table>\n<p>&nbsp;<\/p>\n<h4>Dlaczego warto wybra\u0107 oryginalne cz\u0119\u015bci zamienne Mopar?<\/h4>\n<p><strong>Idealne dopasowanie i najwy\u017csza jako\u015b\u0107:<\/strong> Oryginalne cz\u0119\u015bci zamienne Mopar s\u0105 produkowane zgodnie ze \u015bcis\u0142ymi specyfikacjami producenta, co oznacza, \u017ce idealnie pasuj\u0105 do Twojego pojazdu. Zapewnia to nie tylko \u0142atw\u0105 instalacj\u0119, ale tak\u017ce optymaln\u0105 funkcjonalno\u015b\u0107 i bezpiecze\u0144stwo.<\/p>\n<p><strong>Niezawodno\u015b\u0107 i trwa\u0142o\u015b\u0107:<\/strong> Dzi\u0119ki zastosowaniu wysokiej jako\u015bci materia\u0142\u00f3w i rygorystycznej kontroli jako\u015bci, cz\u0119\u015bci zamienne Mopar zapewniaj\u0105 niezawodne dzia\u0142anie pojazdu nawet w ekstremalnych warunkach. Zosta\u0142y zaprojektowane z my\u015bl\u0105 o trwa\u0142o\u015bci i maksymalizacji osi\u0105g\u00f3w pojazdu.<\/p>\n<p>&nbsp;<\/p>\n<p>&nbsp;<\/p>","protected":false},"excerpt":{"rendered":"<p>Oryginalna cz\u0119\u015b\u0107 Mopar<\/p>\n<p>2003 - 2025<\/p>","protected":false},"featured_media":68315467,"comment_status":"open","ping_status":"closed","template":"","meta":{"_acf_changed":false},"product_brand":[16270],"product_cat":[10262,2929],"product_tag":[14278,205,206,207,208,209,210,213,214,176,177,165,248,249,250,251,252,419,420,2066,2373,4526,6297,10814,506,507,10268,10669,7200,7201,571,49,664,269,31,14247,14248,14249,8813,14245,9424,16271,16273,16275,16272,14246,16274,7221,86,6333,14254,14255,14256,14250,14252,14253,14251,7666,14261,14262,14263,14257,14259,14260,14258,14122,14268,14269,14270,14264,14266,14267,14265,14125,14275,14276,14277,14271,14273,14274,14272,267,8473],"class_list":{"0":"post-68315464","1":"product","2":"type-product","3":"status-publish","4":"has-post-thumbnail","6":"product_brand-mopar","7":"product_cat-alle-produkte","8":"product_cat-67-cummins-kuehlung","9":"product_tag-05086740aa","10":"product_tag-205","11":"product_tag-206","12":"product_tag-207","13":"product_tag-208","14":"product_tag-209","15":"product_tag-210","16":"product_tag-213","17":"product_tag-214","18":"product_tag-176","19":"product_tag-177","20":"product_tag-165","21":"product_tag-248","22":"product_tag-249","23":"product_tag-250","24":"product_tag-251","25":"product_tag-252","26":"product_tag-419","27":"product_tag-420","28":"product_tag-2066","29":"product_tag-2373","30":"product_tag-4526","31":"product_tag-6297","32":"product_tag-10814","33":"product_tag-506","34":"product_tag-507","35":"product_tag-5-9","36":"product_tag-5086740aa","37":"product_tag-6-7","38":"product_tag-cummins","39":"product_tag-dichtung","40":"product_tag-dodge","41":"product_tag-kuehlung","42":"product_tag-kuehlwasser","43":"product_tag-mopar","44":"product_tag-mopar-5086740aa","45":"product_tag-mopar-5086740aa-dichtung","46":"product_tag-mopar-5086740aa-thermostatdichtung","47":"product_tag-mopar-autoteile","48":"product_tag-mopar-dichtung","49":"product_tag-mopar-ersatzteile","50":"product_tag-mopar-ersatzteile-kaufen","51":"product_tag-mopar-performance-teile","52":"product_tag-mopar-teile-katalog","53":"product_tag-mopar-teile-online","54":"product_tag-mopar-thermostatdichtung","55":"product_tag-mopar-tuningteile","56":"product_tag-mopar10","57":"product_tag-ram","58":"product_tag-ram-2500","59":"product_tag-ram-2500-5086740aa","60":"product_tag-ram-2500-5086740aa-dichtung","61":"product_tag-ram-2500-5086740aa-thermostatdichtung","62":"product_tag-ram-2500-dichtung","63":"product_tag-ram-2500-mopar-dichtung","64":"product_tag-ram-2500-mopar-thermostatdichtung","65":"product_tag-ram-2500-thermostatdichtung","66":"product_tag-ram-3500","67":"product_tag-ram-3500-5086740aa","68":"product_tag-ram-3500-5086740aa-dichtung","69":"product_tag-ram-3500-5086740aa-thermostatdichtung","70":"product_tag-ram-3500-dichtung","71":"product_tag-ram-3500-mopar-dichtung","72":"product_tag-ram-3500-mopar-thermostatdichtung","73":"product_tag-ram-3500-thermostatdichtung","74":"product_tag-ram-4500","75":"product_tag-ram-4500-5086740aa","76":"product_tag-ram-4500-5086740aa-dichtung","77":"product_tag-ram-4500-5086740aa-thermostatdichtung","78":"product_tag-ram-4500-dichtung","79":"product_tag-ram-4500-mopar-dichtung","80":"product_tag-ram-4500-mopar-thermostatdichtung","81":"product_tag-ram-4500-thermostatdichtung","82":"product_tag-ram-5500","83":"product_tag-ram-5500-5086740aa","84":"product_tag-ram-5500-5086740aa-dichtung","85":"product_tag-ram-5500-5086740aa-thermostatdichtung","86":"product_tag-ram-5500-dichtung","87":"product_tag-ram-5500-mopar-dichtung","88":"product_tag-ram-5500-mopar-thermostatdichtung","89":"product_tag-ram-5500-thermostatdichtung","90":"product_tag-thermostat","91":"product_tag-thermostatdichtung","93":"first","94":"instock","95":"taxable","96":"shipping-taxable","97":"purchasable","98":"product-type-simple"},"bundled_by":[],"bundle_stock_status":"instock","bundle_stock_quantity":1,"bundle_virtual":false,"bundle_layout":"","bundle_add_to_cart_form_location":"","bundle_editable_in_cart":false,"bundle_sold_individually_context":"","bundle_item_grouping":"","bundle_min_size":"","bundle_max_size":"","bundle_price":[],"bundled_items":[],"bundle_sell_ids":[],"exclude_global_add_ons":[],"addons":[],"acf":[],"_links":{"self":[{"href":"https:\/\/kraftwerk-shop.cc\/pl\/wp-json\/wp\/v2\/product\/68315464","targetHints":{"allow":["GET"]}}],"collection":[{"href":"https:\/\/kraftwerk-shop.cc\/pl\/wp-json\/wp\/v2\/product"}],"about":[{"href":"https:\/\/kraftwerk-shop.cc\/pl\/wp-json\/wp\/v2\/types\/product"}],"replies":[{"embeddable":true,"href":"https:\/\/kraftwerk-shop.cc\/pl\/wp-json\/wp\/v2\/comments?post=68315464"}],"version-history":[{"count":0,"href":"https:\/\/kraftwerk-shop.cc\/pl\/wp-json\/wp\/v2\/product\/68315464\/revisions"}],"wp:featuredmedia":[{"embeddable":true,"href":"https:\/\/kraftwerk-shop.cc\/pl\/wp-json\/wp\/v2\/media\/68315467"}],"wp:attachment":[{"href":"https:\/\/kraftwerk-shop.cc\/pl\/wp-json\/wp\/v2\/media?parent=68315464"}],"wp:term":[{"taxonomy":"product_brand","embeddable":true,"href":"https:\/\/kraftwerk-shop.cc\/pl\/wp-json\/wp\/v2\/product_brand?post=68315464"},{"taxonomy":"product_cat","embeddable":true,"href":"https:\/\/kraftwerk-shop.cc\/pl\/wp-json\/wp\/v2\/product_cat?post=68315464"},{"taxonomy":"product_tag","embeddable":true,"href":"https:\/\/kraftwerk-shop.cc\/pl\/wp-json\/wp\/v2\/product_tag?post=68315464"}],"curies":[{"name":"wp","href":"https:\/\/api.w.org\/{rel}","templated":true}]}}