{"id":68315849,"date":"2025-02-20T20:42:00","date_gmt":"2025-02-20T19:42:00","guid":{"rendered":"https:\/\/kraftwerk-shop.cc\/?post_type=product&#038;p=68315849"},"modified":"2026-02-15T01:18:22","modified_gmt":"2026-02-15T00:18:22","slug":"czujnik-cisnienia-oleju-mopar-68295556aa","status":"publish","type":"product","link":"https:\/\/kraftwerk-shop.cc\/pl\/produkt\/mopar-oeldrucksensor-68295556aa\/","title":{"rendered":"Czujnik ci\u015bnienia oleju Mopar (68295556AA)"},"content":{"rendered":"<h1>Oryginalny czujnik ci\u015bnienia oleju Mopar (<span class=\"list-value sku-display\">68295556AA<\/span>) dla Chryslera, Dodge'a, Jeepa i RAM w latach 2016-2021<\/h1>\n<p>&nbsp;<\/p>\n<p><span lang=\"DE\"><strong>Numer cz\u0119\u015bci Mopar:<\/strong> <span class=\"list-value sku-display\">68295556AA<\/span><br \/>\n<strong>Zast\u0105piony:<\/strong>\u00a0 \u2014<\/span><\/p>\n<p>&nbsp;<\/p>\n<p><strong>Odpowiedni dla:<\/strong><\/p>\n<table width=\"921\">\n<tbody>\n<tr>\n<td width=\"83\"><strong>Rok<\/strong><\/td>\n<td width=\"83\"><strong>Marka<\/strong><\/td>\n<td width=\"186\"><strong>Model<\/strong><\/td>\n<td width=\"275\"><strong>Wersja<\/strong><\/td>\n<td width=\"294\"><strong>Silnik<\/strong><\/td>\n<\/tr>\n<tr>\n<td width=\"83\">2021<\/td>\n<td width=\"83\">Ram<\/td>\n<td width=\"186\">ProMaster 1500<\/td>\n<td width=\"275\">Base<\/td>\n<td width=\"294\">3.6L V6 - Flex<\/td>\n<\/tr>\n<tr>\n<td width=\"83\">2021<\/td>\n<td width=\"83\">Ram<\/td>\n<td width=\"186\">ProMaster 2500<\/td>\n<td width=\"275\">Base<\/td>\n<td width=\"294\">3.6L V6 - Flex<\/td>\n<\/tr>\n<tr>\n<td width=\"83\">2021<\/td>\n<td width=\"83\">Ram<\/td>\n<td width=\"186\">ProMaster 3500<\/td>\n<td width=\"275\">Base<\/td>\n<td width=\"294\">3.6L V6 - Flex<\/td>\n<\/tr>\n<tr>\n<td width=\"83\">2020<\/td>\n<td width=\"83\">Chrysler<\/td>\n<td width=\"186\">Pacifica<\/td>\n<td width=\"275\">Hybrid Limited, Hybrid Touring, Hybrid Touring L, Limited, Touring, Touring L, Touring L Plus<\/td>\n<td width=\"294\">3.6L V6 - Elektryczny\/Gazowy, 3.6L V6 - Flex, 3.6L<\/td>\n<\/tr>\n<tr>\n<td width=\"83\">2020<\/td>\n<td width=\"83\">Chrysler<\/td>\n<td width=\"186\">Voyager<\/td>\n<td width=\"275\">L, LX, LXi<\/td>\n<td width=\"294\">3.6L V6 - Flex, 3.6L<\/td>\n<\/tr>\n<tr>\n<td width=\"83\">2020<\/td>\n<td width=\"83\">Dodge<\/td>\n<td width=\"186\">Durango<\/td>\n<td width=\"275\">Citadel, GT, GT Plus, Pursuit, SXT, SXT Plus, Special Service<\/td>\n<td width=\"294\">3.6L<\/td>\n<\/tr>\n<tr>\n<td width=\"83\">2020<\/td>\n<td width=\"83\">Jeep<\/td>\n<td width=\"186\">Gladiator<\/td>\n<td width=\"275\">Altitude, Launch Edition, Mojave, Overland, Rubicon, Sport, Sport S<\/td>\n<td width=\"294\">3.6L<\/td>\n<\/tr>\n<tr>\n<td width=\"83\">2020<\/td>\n<td width=\"83\">Jeep<\/td>\n<td width=\"186\">Grand Cherokee<\/td>\n<td width=\"275\">Altitude, High Altitude, Laredo, Limited, Limited X, Overland, Summit, Trailhawk, Upland<\/td>\n<td width=\"294\">3.6L V6 - Flex<\/td>\n<\/tr>\n<tr>\n<td width=\"83\">2020<\/td>\n<td width=\"83\">Jeep<\/td>\n<td width=\"186\">Wrangler<\/td>\n<td width=\"275\">Rubicon, Sport, Sport S, Unlimited Rubicon, Unlimited Sahara, Unlimited Sport, Unlimited Sport S<\/td>\n<td width=\"294\">3.6L V6 - Elektryczny\/Gazowy, 3.6L<\/td>\n<\/tr>\n<tr>\n<td width=\"83\">2020<\/td>\n<td width=\"83\">Ram<\/td>\n<td width=\"186\">ProMaster 1500<\/td>\n<td width=\"275\">Base<\/td>\n<td width=\"294\">3.6L V6 - Flex<\/td>\n<\/tr>\n<tr>\n<td width=\"83\">2020<\/td>\n<td width=\"83\">Ram<\/td>\n<td width=\"186\">ProMaster 2500<\/td>\n<td width=\"275\">Base<\/td>\n<td width=\"294\">3.6L V6 - Flex<\/td>\n<\/tr>\n<tr>\n<td width=\"83\">2020<\/td>\n<td width=\"83\">Ram<\/td>\n<td width=\"186\">ProMaster 3500<\/td>\n<td width=\"275\">Base<\/td>\n<td width=\"294\">3.6L V6 - Flex<\/td>\n<\/tr>\n<tr>\n<td width=\"83\">2019<\/td>\n<td width=\"83\">Chrysler<\/td>\n<td width=\"186\">300<\/td>\n<td width=\"275\">Limited, S, Touring, Touring L<\/td>\n<td width=\"294\">3.6L V6 - Flex, 3.6L<\/td>\n<\/tr>\n<tr>\n<td width=\"83\">2019<\/td>\n<td width=\"83\">Chrysler<\/td>\n<td width=\"186\">Pacifica<\/td>\n<td width=\"275\">Hybrid Limited, Hybrid Touring L, Hybrid Touring Plus, L, LX, Limited, Touring, Touring L, Touring L Plus, Touring Plus<\/td>\n<td width=\"294\">3.6L V6 - Elektryczny\/Gazowy, 3.6L V6 - Flex, 3.6L<\/td>\n<\/tr>\n<tr>\n<td width=\"83\">2019<\/td>\n<td width=\"83\">Dodge<\/td>\n<td width=\"186\">Challenger<\/td>\n<td width=\"275\">GT, SXT<\/td>\n<td width=\"294\">3.6L<\/td>\n<\/tr>\n<tr>\n<td width=\"83\">2019<\/td>\n<td width=\"83\">Dodge<\/td>\n<td width=\"186\">Charger<\/td>\n<td width=\"275\">GT, Pursuit, SXT<\/td>\n<td width=\"294\">3.6L V6 - Flex, 3.6L<\/td>\n<\/tr>\n<tr>\n<td width=\"83\">2019<\/td>\n<td width=\"83\">Dodge<\/td>\n<td width=\"186\">Durango<\/td>\n<td width=\"275\">Citadel, GT, Pursuit, SXT, SXT Plus, Special Service<\/td>\n<td width=\"294\">3.6L<\/td>\n<\/tr>\n<tr>\n<td width=\"83\">2019<\/td>\n<td width=\"83\">Dodge<\/td>\n<td width=\"186\">Grand Caravan<\/td>\n<td width=\"275\">GT, SE, SXT<\/td>\n<td width=\"294\">3.6L V6 - Flex, 3.6L<\/td>\n<\/tr>\n<tr>\n<td width=\"83\">2019<\/td>\n<td width=\"83\">Dodge<\/td>\n<td width=\"186\">Journey<\/td>\n<td width=\"275\">Crossroad, GT, SE<\/td>\n<td width=\"294\">3.6L V6 - Flex<\/td>\n<\/tr>\n<tr>\n<td width=\"83\">2019<\/td>\n<td width=\"83\">Jeep<\/td>\n<td width=\"186\">Grand Cherokee<\/td>\n<td width=\"275\">Altitude, High Altitude, Laredo, Limited, Limited X, Overland, Summit, Trailhawk, Upland<\/td>\n<td width=\"294\">3.6L V6 - Flex<\/td>\n<\/tr>\n<tr>\n<td width=\"83\">2019<\/td>\n<td width=\"83\">Jeep<\/td>\n<td width=\"186\">Wrangler<\/td>\n<td width=\"275\">Rubicon, Sport, Sport S, Unlimited Moab, Unlimited Rubicon, Unlimited Sahara, Unlimited Sport, Unlimited Sport S<\/td>\n<td width=\"294\">3.6L<\/td>\n<\/tr>\n<tr>\n<td width=\"83\">2019<\/td>\n<td width=\"83\">Ram<\/td>\n<td width=\"186\">1500 Classic<\/td>\n<td width=\"275\">Big Horn, Express, Lone Star, SLT, Tradesman, Warlock<\/td>\n<td width=\"294\">3.6L V6 - Flex<\/td>\n<\/tr>\n<tr>\n<td width=\"83\">2019<\/td>\n<td width=\"83\">Ram<\/td>\n<td width=\"186\">ProMaster 1500<\/td>\n<td width=\"275\">Base<\/td>\n<td width=\"294\">3.6L V6 - Flex<\/td>\n<\/tr>\n<tr>\n<td width=\"83\">2019<\/td>\n<td width=\"83\">Ram<\/td>\n<td width=\"186\">ProMaster 2500<\/td>\n<td width=\"275\">Base<\/td>\n<td width=\"294\">3.6L V6 - Flex<\/td>\n<\/tr>\n<tr>\n<td width=\"83\">2019<\/td>\n<td width=\"83\">Ram<\/td>\n<td width=\"186\">ProMaster 3500<\/td>\n<td width=\"275\">Base<\/td>\n<td width=\"294\">3.6L V6 - Flex<\/td>\n<\/tr>\n<tr>\n<td width=\"83\">2018<\/td>\n<td width=\"83\">Chrysler<\/td>\n<td width=\"186\">300<\/td>\n<td width=\"275\">C, Limited, S, Touring, Touring L<\/td>\n<td width=\"294\">3.6L V6 - Flex, 3.6L, 5.7L<\/td>\n<\/tr>\n<tr>\n<td width=\"83\">2018<\/td>\n<td width=\"83\">Chrysler<\/td>\n<td width=\"186\">Pacifica<\/td>\n<td width=\"275\">Hybrid Limited, Hybrid Touring L, Hybrid Touring Plus, L, LX, Limited, Touring, Touring L, Touring L Plus, Touring Plus<\/td>\n<td width=\"294\">3.6L V6 - Elektryczny\/Gazowy, 3.6L V6 - Flex, 3.6L<\/td>\n<\/tr>\n<tr>\n<td width=\"83\">2018<\/td>\n<td width=\"83\">Dodge<\/td>\n<td width=\"186\">Challenger<\/td>\n<td width=\"275\">GT, R\/T, R\/T Scat Pack, SRT 392, SRT Demon, SRT Hellcat, SRT Hellcat Widebody, SXT, SXT Plus, T\/A, T\/A 392<\/td>\n<td width=\"294\">3.6L, 5.7L, 6.2L, 6.4L<\/td>\n<\/tr>\n<tr>\n<td width=\"83\">2018<\/td>\n<td width=\"83\">Dodge<\/td>\n<td width=\"186\">Charger<\/td>\n<td width=\"275\">Daytona, Daytona 392, GT, GT Plus, Pursuit, R\/T, R\/T Scat Pack, SRT 392, SRT Hellcat, SXT, SXT Plus, SXT Plus Leather<\/td>\n<td width=\"294\">3.6L V6 - Flex, 3.6L, 5.7L, 6.2L, 6.4L<\/td>\n<\/tr>\n<tr>\n<td width=\"83\">2018<\/td>\n<td width=\"83\">Dodge<\/td>\n<td width=\"186\">Durango<\/td>\n<td width=\"275\">Citadel, GT, R\/T, SRT, SXT, SXT Plus, Special Service<\/td>\n<td width=\"294\">3.6L, 5.7L, 6.4L<\/td>\n<\/tr>\n<tr>\n<td width=\"83\">2018<\/td>\n<td width=\"83\">Dodge<\/td>\n<td width=\"186\">Grand Caravan<\/td>\n<td width=\"275\">GT, SE, SE Plus, SXT<\/td>\n<td width=\"294\">3.6L V6 - Flex, 3.6L<\/td>\n<\/tr>\n<tr>\n<td width=\"83\">2018<\/td>\n<td width=\"83\">Dodge<\/td>\n<td width=\"186\">Journey<\/td>\n<td width=\"275\">Crossroad, GT, SE, SXT<\/td>\n<td width=\"294\">3.6L V6 - Flex<\/td>\n<\/tr>\n<tr>\n<td width=\"83\">2018<\/td>\n<td width=\"83\">Jeep<\/td>\n<td width=\"186\">Cherokee<\/td>\n<td width=\"275\">Latitude, Latitude Plus, Limited, Overland, Trailhawk<\/td>\n<td width=\"294\">3.2L<\/td>\n<\/tr>\n<tr>\n<td width=\"83\">2018<\/td>\n<td width=\"83\">Jeep<\/td>\n<td width=\"186\">Grand Cherokee<\/td>\n<td width=\"275\">Altitude, High Altitude, Laredo, Limited, Overland, SRT, Summit, Trackhawk, Trailhawk<\/td>\n<td width=\"294\">3.0L V6 - Diesel, 3.6L V6 - Flex, 5.7L, 6.2L, 6.4L<\/td>\n<\/tr>\n<tr>\n<td width=\"83\">2018<\/td>\n<td width=\"83\">Jeep<\/td>\n<td width=\"186\">Wrangler<\/td>\n<td width=\"275\">Rubicon, Sport, Sport S, Unlimited Moab, Unlimited Rubicon, Unlimited Sahara, Unlimited Sport, Unlimited Sport S<\/td>\n<td width=\"294\">3.6L<\/td>\n<\/tr>\n<tr>\n<td width=\"83\">2018<\/td>\n<td width=\"83\">Jeep<\/td>\n<td width=\"186\">Wrangler JK<\/td>\n<td width=\"275\">Rubicon, Sahara, Sport, Sport S, Unlimited Rubicon, Unlimited Sahara, Unlimited Sport, Unlimited Sport S<\/td>\n<td width=\"294\">3.6L<\/td>\n<\/tr>\n<tr>\n<td width=\"83\">2018<\/td>\n<td width=\"83\">Ram<\/td>\n<td width=\"186\">1500<\/td>\n<td width=\"275\">Big Horn, Express, Laramie, Laramie Longhorn, Limited, Lone Star, Rebel, SLT, Special Service, Sport, Tradesman<\/td>\n<td width=\"294\">3.6L V6 - Flex, 5.7L<\/td>\n<\/tr>\n<tr>\n<td width=\"83\">2018<\/td>\n<td width=\"83\">Ram<\/td>\n<td width=\"186\">2500<\/td>\n<td width=\"275\">Big Horn, Laramie, Laramie Longhorn, Limited, Power Wagon, SLT, Tradesman<\/td>\n<td width=\"294\">5.7L V8 - CNG, 5.7L, 6.4L<\/td>\n<\/tr>\n<tr>\n<td width=\"83\">2018<\/td>\n<td width=\"83\">Ram<\/td>\n<td width=\"186\">3500<\/td>\n<td width=\"275\">Big Horn, Laramie, Laramie Longhorn, Limited, SLT, Tradesman<\/td>\n<td width=\"294\">5.7L, 6.4L<\/td>\n<\/tr>\n<tr>\n<td width=\"83\">2018<\/td>\n<td width=\"83\">Ram<\/td>\n<td width=\"186\">ProMaster 1500<\/td>\n<td width=\"275\">Base<\/td>\n<td width=\"294\">3.6L V6 - Flex<\/td>\n<\/tr>\n<tr>\n<td width=\"83\">2018<\/td>\n<td width=\"83\">Ram<\/td>\n<td width=\"186\">ProMaster 2500<\/td>\n<td width=\"275\">Base<\/td>\n<td width=\"294\">3.6L V6 - Flex<\/td>\n<\/tr>\n<tr>\n<td width=\"83\">2018<\/td>\n<td width=\"83\">Ram<\/td>\n<td width=\"186\">ProMaster 3500<\/td>\n<td width=\"275\">Base<\/td>\n<td width=\"294\">3.6L V6 - Flex<\/td>\n<\/tr>\n<tr>\n<td width=\"83\">2017<\/td>\n<td width=\"83\">Chrysler<\/td>\n<td width=\"186\">200<\/td>\n<td width=\"275\">C, Limited, S<\/td>\n<td width=\"294\">3.6L V6 - Flex<\/td>\n<\/tr>\n<tr>\n<td width=\"83\">2017<\/td>\n<td width=\"83\">Chrysler<\/td>\n<td width=\"186\">300<\/td>\n<td width=\"275\">C, C Platinum, Limited, S<\/td>\n<td width=\"294\">3.6L V6 - Flex, 3.6L, 5.7L<\/td>\n<\/tr>\n<tr>\n<td width=\"83\">2017<\/td>\n<td width=\"83\">Chrysler<\/td>\n<td width=\"186\">Pacifica<\/td>\n<td width=\"275\">Hybrid Platinum, Hybrid Premium, LX, Limited, Touring, Touring L, Touring L Plus<\/td>\n<td width=\"294\">3.6L V6 - Elektryczny\/Gazowy, 3.6L V6 - Flex, 3.6L<\/td>\n<\/tr>\n<tr>\n<td width=\"83\">2017<\/td>\n<td width=\"83\">Dodge<\/td>\n<td width=\"186\">Challenger<\/td>\n<td width=\"275\">GT, R\/T, R\/T Scat Pack, SRT 392, SRT Hellcat, SXT, SXT Plus, T\/A, T\/A 392<\/td>\n<td width=\"294\">3.6L, 5.7L, 6.2L, 6.4L<\/td>\n<\/tr>\n<tr>\n<td width=\"83\">2017<\/td>\n<td width=\"83\">Dodge<\/td>\n<td width=\"186\">Charger<\/td>\n<td width=\"275\">Daytona, Daytona 392, Pursuit, R\/T, R\/T Scat Pack, SE, SRT 392, SRT Hellcat, SXT<\/td>\n<td width=\"294\">3.6L V6 - Flex, 5.7L, 6.2L, 6.4L<\/td>\n<\/tr>\n<tr>\n<td width=\"83\">2017<\/td>\n<td width=\"83\">Dodge<\/td>\n<td width=\"186\">Durango<\/td>\n<td width=\"275\">Citadel, GT, R\/T, SXT, Special Service<\/td>\n<td width=\"294\">3.6L V6 - Flex, 5.7L<\/td>\n<\/tr>\n<tr>\n<td width=\"83\">2017<\/td>\n<td width=\"83\">Dodge<\/td>\n<td width=\"186\">Grand Caravan<\/td>\n<td width=\"275\">GT, SE, SE Plus, SXT<\/td>\n<td width=\"294\">3.6L V6 - Flex, 3.6L<\/td>\n<\/tr>\n<tr>\n<td width=\"83\">2017<\/td>\n<td width=\"83\">Dodge<\/td>\n<td width=\"186\">Journey<\/td>\n<td width=\"275\">Crossroad, GT, SE, SXT<\/td>\n<td width=\"294\">3.6L V6 - Flex<\/td>\n<\/tr>\n<tr>\n<td width=\"83\">2017<\/td>\n<td width=\"83\">Jeep<\/td>\n<td width=\"186\">Cherokee<\/td>\n<td width=\"275\">Latitude, Limited, Overland, Sport, Trailhawk<\/td>\n<td width=\"294\">3.2L<\/td>\n<\/tr>\n<tr>\n<td width=\"83\">2017<\/td>\n<td width=\"83\">Jeep<\/td>\n<td width=\"186\">Grand Cherokee<\/td>\n<td width=\"275\">Laredo, Limited, Overland, SRT, Summit, Trailhawk<\/td>\n<td width=\"294\">3.0L V6 - Diesel, 3.6L V6 - Flex, 5.7L, 6.4L<\/td>\n<\/tr>\n<tr>\n<td width=\"83\">2017<\/td>\n<td width=\"83\">Jeep<\/td>\n<td width=\"186\">Wrangler<\/td>\n<td width=\"275\">Rubicon, Sahara, Sport, Unlimited Rubicon, Unlimited Sahara, Unlimited Sport<\/td>\n<td width=\"294\">3.6L<\/td>\n<\/tr>\n<tr>\n<td width=\"83\">2017<\/td>\n<td width=\"83\">Ram<\/td>\n<td width=\"186\">1500<\/td>\n<td width=\"275\">Big Horn, Express, Laramie, Laramie Longhorn, Limited, Lone Star, Rebel, SLT, Special Service, Sport, Tradesman<\/td>\n<td width=\"294\">3.6L V6 - Flex, 5.7L<\/td>\n<\/tr>\n<tr>\n<td width=\"83\">2017<\/td>\n<td width=\"83\">Ram<\/td>\n<td width=\"186\">2500<\/td>\n<td width=\"275\">Big Horn, Laramie, Laramie Longhorn, Limited, Power Wagon, SLT, Tradesman<\/td>\n<td width=\"294\">5.7L V8 - CNG, 5.7L, 6.4L<\/td>\n<\/tr>\n<tr>\n<td width=\"83\">2017<\/td>\n<td width=\"83\">Ram<\/td>\n<td width=\"186\">3500<\/td>\n<td width=\"275\">Big Horn, Laramie, Laramie Longhorn, Limited, Lone Star, SLT, Tradesman<\/td>\n<td width=\"294\">5.7L, 6.4L<\/td>\n<\/tr>\n<tr>\n<td width=\"83\">2017<\/td>\n<td width=\"83\">Ram<\/td>\n<td width=\"186\">ProMaster 1500<\/td>\n<td width=\"275\">Base<\/td>\n<td width=\"294\">3.6L V6 - Flex<\/td>\n<\/tr>\n<tr>\n<td width=\"83\">2017<\/td>\n<td width=\"83\">Ram<\/td>\n<td width=\"186\">ProMaster 2500<\/td>\n<td width=\"275\">Base<\/td>\n<td width=\"294\">3.6L V6 - Flex<\/td>\n<\/tr>\n<tr>\n<td width=\"83\">2017<\/td>\n<td width=\"83\">Ram<\/td>\n<td width=\"186\">ProMaster 3500<\/td>\n<td width=\"275\">Base<\/td>\n<td width=\"294\">3.6L V6 - Flex<\/td>\n<\/tr>\n<tr>\n<td width=\"83\">2016<\/td>\n<td width=\"83\">Dodge<\/td>\n<td width=\"186\">Durango<\/td>\n<td width=\"275\">Citadel, Limited, SXT, Special Service<\/td>\n<td width=\"294\">3.6L V6 - Flex<\/td>\n<\/tr>\n<tr>\n<td width=\"83\">2016<\/td>\n<td width=\"83\">Jeep<\/td>\n<td width=\"186\">Grand Cherokee<\/td>\n<td width=\"275\">75th Anniversary, Laredo, Limited, Overland, Summit<\/td>\n<td width=\"294\">3.6L V6 - Flex<\/td>\n<\/tr>\n<\/tbody>\n<\/table>\n<p>&nbsp;<\/p>\n<p>&nbsp;<\/p>\n<h4>Dlaczego warto wybra\u0107 oryginalne cz\u0119\u015bci zamienne Mopar?<\/h4>\n<p><strong>Idealne dopasowanie i najwy\u017csza jako\u015b\u0107:<\/strong> Oryginalne cz\u0119\u015bci zamienne Mopar s\u0105 produkowane zgodnie ze \u015bcis\u0142ymi specyfikacjami producenta, co oznacza, \u017ce idealnie pasuj\u0105 do Twojego pojazdu. Zapewnia to nie tylko \u0142atw\u0105 instalacj\u0119, ale tak\u017ce optymaln\u0105 funkcjonalno\u015b\u0107 i bezpiecze\u0144stwo.<\/p>\n<p><strong>Niezawodno\u015b\u0107 i trwa\u0142o\u015b\u0107:<\/strong> Dzi\u0119ki zastosowaniu wysokiej jako\u015bci materia\u0142\u00f3w i rygorystycznej kontroli jako\u015bci, cz\u0119\u015bci zamienne Mopar zapewniaj\u0105 niezawodne dzia\u0142anie pojazdu nawet w ekstremalnych warunkach. Zosta\u0142y zaprojektowane z my\u015bl\u0105 o trwa\u0142o\u015bci i maksymalizacji osi\u0105g\u00f3w pojazdu.<\/p>\n<p>&nbsp;<\/p>","protected":false},"excerpt":{"rendered":"<p>Oryginalna cz\u0119\u015b\u0107 Mopar<br \/>\n2016\u20132021<\/p>","protected":false},"featured_media":68348822,"comment_status":"closed","ping_status":"closed","template":"","meta":{"_acf_changed":false},"product_brand":[16270],"product_cat":[10262,7254,7264,7275,19666,7284,7288,7300,7296,7309,7318,7327,7331,7336,7341,7376,7386,7396,7406,7411,19721,7421,7436,7441],"product_tag":[14141,475,13916,14081,250,251,252,419,420,2066,506,13920,14082,169,52,507,13924,14084,91,93,2497,54,13926,14089,53,13928,14090,48,13125,13930,14091,49,3853,13932,14095,3854,13934,14096,4432,13936,14097,95,13938,14098,2217,56,13940,14102,100,50,4425,13946,14107,4439,13959,14110,31,8813,9424,16271,16273,16275,16272,16274,7221,7494,75,127,86,3507,13961,14119,6333,13965,14120,7666,13967,14121,713,102,175,13957,14140],"class_list":{"0":"post-68315849","1":"product","2":"type-product","3":"status-publish","4":"has-post-thumbnail","6":"product_brand-mopar","7":"product_cat-alle-produkte","8":"product_cat-300c-36-sensoren","9":"product_cat-300c-57-2011-2023-sensoren","10":"product_cat-300c-64-sensoren","11":"product_cat-pacifica-sensoren","12":"product_cat-challenger-36-sensoren","13":"product_cat-challenger-57-sensoren","14":"product_cat-challenger-hellcat-sensoren","15":"product_cat-challenger-64-sensoren","16":"product_cat-charger-36-sensoren","17":"product_cat-charger-57-2011-2023-sensoren","18":"product_cat-charger-hellcat-sensoren","19":"product_cat-charger-64-sensoren","20":"product_cat-durango-36-sensoren","21":"product_cat-durango-57-sensoren","22":"product_cat-gladiator-36-sensoren","23":"product_cat-grand-cherokee-36-sensoren","24":"product_cat-grand-cherokee-57-2011-2021-sensoren","25":"product_cat-trackhawk-sensoren","26":"product_cat-grand-cherokee-64-sensoren","27":"product_cat-wrangler-36-jk-sensoren","28":"product_cat-wrangler-36-sensoren","29":"product_cat-1500-36-sensoren","30":"product_cat-1500-57-2009-2018-classic-sensoren","31":"product_tag-068295556aa","32":"product_tag-475","33":"product_tag-1500-mopar-sensor","34":"product_tag-1500-oeldrucksensor","35":"product_tag-250","36":"product_tag-251","37":"product_tag-252","38":"product_tag-419","39":"product_tag-420","40":"product_tag-2066","41":"product_tag-506","42":"product_tag-2500-mopar-sensor","43":"product_tag-2500-oeldrucksensor","44":"product_tag-3-6","45":"product_tag-300c","46":"product_tag-507","47":"product_tag-3500-mopar-sensor","48":"product_tag-3500-oeldrucksensor","49":"product_tag-5-7","50":"product_tag-6-4","51":"product_tag-68295556aa","52":"product_tag-challenger","53":"product_tag-challenger-mopar-sensor","54":"product_tag-challenger-oeldrucksensor","55":"product_tag-charger","56":"product_tag-charger-mopar-sensor","57":"product_tag-charger-oeldrucksensor","58":"product_tag-chrysler","59":"product_tag-chrysler-300","60":"product_tag-chrysler-300-mopar-sensor","61":"product_tag-chrysler-300-oeldrucksensor","62":"product_tag-dodge","63":"product_tag-dodge-challenger","64":"product_tag-dodge-challenger-mopar-sensor","65":"product_tag-dodge-challenger-oeldrucksensor","66":"product_tag-dodge-charger","67":"product_tag-dodge-charger-mopar-sensor","68":"product_tag-dodge-charger-oeldrucksensor","69":"product_tag-dodge-durango","70":"product_tag-dodge-durango-mopar-sensor","71":"product_tag-dodge-durango-oeldrucksensor","72":"product_tag-durango","73":"product_tag-durango-mopar-sensor","74":"product_tag-durango-oeldrucksensor","75":"product_tag-gladiator","76":"product_tag-grand-cherokee","77":"product_tag-grand-cherokee-mopar-sensor","78":"product_tag-grand-cherokee-oeldrucksensor","79":"product_tag-hellcat","80":"product_tag-jeep","81":"product_tag-jeep-grand-cherokee","82":"product_tag-jeep-grand-cherokee-mopar-sensor","83":"product_tag-jeep-grand-cherokee-oeldrucksensor","84":"product_tag-jeep-wrangler","85":"product_tag-jeep-wrangler-mopar-sensor","86":"product_tag-jeep-wrangler-oeldrucksensor","87":"product_tag-mopar","88":"product_tag-mopar-autoteile","89":"product_tag-mopar-ersatzteile","90":"product_tag-mopar-ersatzteile-kaufen","91":"product_tag-mopar-performance-teile","92":"product_tag-mopar-teile-katalog","93":"product_tag-mopar-teile-online","94":"product_tag-mopar-tuningteile","95":"product_tag-mopar10","96":"product_tag-oeldruck","97":"product_tag-oeldrucksensor","98":"product_tag-pacifica","99":"product_tag-ram","100":"product_tag-ram1500","101":"product_tag-ram-1500-mopar-sensor","102":"product_tag-ram-1500-oeldrucksensor","103":"product_tag-ram-2500","104":"product_tag-ram-2500-mopar-sensor","105":"product_tag-ram-2500-oeldrucksensor","106":"product_tag-ram-3500","107":"product_tag-ram-3500-mopar-sensor","108":"product_tag-ram-3500-oeldrucksensor","109":"product_tag-sensor","110":"product_tag-trackhawk","111":"product_tag-wrangler","112":"product_tag-wrangler-mopar-sensor","113":"product_tag-wrangler-oeldrucksensor","115":"first","116":"instock","117":"taxable","118":"shipping-taxable","119":"purchasable","120":"product-type-simple"},"bundled_by":[],"bundle_stock_status":"instock","bundle_stock_quantity":3,"bundle_virtual":false,"bundle_layout":"","bundle_add_to_cart_form_location":"","bundle_editable_in_cart":false,"bundle_sold_individually_context":"","bundle_item_grouping":"","bundle_min_size":"","bundle_max_size":"","bundle_price":[],"bundled_items":[],"bundle_sell_ids":[],"exclude_global_add_ons":[],"addons":[],"acf":[],"_links":{"self":[{"href":"https:\/\/kraftwerk-shop.cc\/pl\/wp-json\/wp\/v2\/product\/68315849","targetHints":{"allow":["GET"]}}],"collection":[{"href":"https:\/\/kraftwerk-shop.cc\/pl\/wp-json\/wp\/v2\/product"}],"about":[{"href":"https:\/\/kraftwerk-shop.cc\/pl\/wp-json\/wp\/v2\/types\/product"}],"replies":[{"embeddable":true,"href":"https:\/\/kraftwerk-shop.cc\/pl\/wp-json\/wp\/v2\/comments?post=68315849"}],"version-history":[{"count":0,"href":"https:\/\/kraftwerk-shop.cc\/pl\/wp-json\/wp\/v2\/product\/68315849\/revisions"}],"wp:featuredmedia":[{"embeddable":true,"href":"https:\/\/kraftwerk-shop.cc\/pl\/wp-json\/wp\/v2\/media\/68348822"}],"wp:attachment":[{"href":"https:\/\/kraftwerk-shop.cc\/pl\/wp-json\/wp\/v2\/media?parent=68315849"}],"wp:term":[{"taxonomy":"product_brand","embeddable":true,"href":"https:\/\/kraftwerk-shop.cc\/pl\/wp-json\/wp\/v2\/product_brand?post=68315849"},{"taxonomy":"product_cat","embeddable":true,"href":"https:\/\/kraftwerk-shop.cc\/pl\/wp-json\/wp\/v2\/product_cat?post=68315849"},{"taxonomy":"product_tag","embeddable":true,"href":"https:\/\/kraftwerk-shop.cc\/pl\/wp-json\/wp\/v2\/product_tag?post=68315849"}],"curies":[{"name":"wp","href":"https:\/\/api.w.org\/{rel}","templated":true}]}}