{"id":68315905,"date":"2025-02-21T11:21:01","date_gmt":"2025-02-21T10:21:01","guid":{"rendered":"https:\/\/kraftwerk-shop.cc\/?post_type=product&#038;p=68315905"},"modified":"2026-03-24T15:08:13","modified_gmt":"2026-03-24T14:08:13","slug":"superchips-flashcal-3581-wrangler-jk","status":"publish","type":"product","link":"https:\/\/kraftwerk-shop.cc\/pl\/produkt\/superchips-flashcal-3581-wrangler-jk\/","title":{"rendered":"Superchips Flashcal+ Wrangler JK"},"content":{"rendered":"<h1 class=\"product-name\">Superchips Flashcal+ dla Wranglera JK<\/h1>\n<p>&nbsp;<\/p>\n<p data-start=\"0\" data-end=\"365\">Bezprzewodowy kalibrator Superchips Flashcal+ to zaawansowane narz\u0119dzie kalibracyjne zaprojektowane specjalnie dla modeli Jeep Wrangler JK od 2007 do 2018 roku. To innowacyjne urz\u0105dzenie umo\u017cliwia w\u0142a\u015bcicielom Jeepa bezprzewodow\u0105 regulacj\u0119 i monitorowanie wielu ustawie\u0144 pojazdu za po\u015brednictwem przyjaznej dla u\u017cytkownika aplikacji na smartfona.<\/p>\n<p><strong>Funkcje:<\/strong><\/p>\n<ul data-start=\"387\" data-end=\"1879\">\n<li data-start=\"166\" data-end=\"426\"><strong data-start=\"168\" data-end=\"188\">Ekran CRAWL<\/strong> (patrz ilustracja powy\u017cej) dzia\u0142a jako interfejs czasu rzeczywistego do bezpo\u015bredniego sterowania pojazdem, w tym blokady przedniego i tylnego mechanizmu r\u00f3\u017cnicowego, ustawie\u0144 TPMS i regulacji pr\u0119dko\u015bci obrotowej biegu ja\u0142owego silnika. Zakres funkcji r\u00f3\u017cni si\u0119 w zale\u017cno\u015bci od modelu pojazdu i wyposa\u017cenia.<\/li>\n<li data-start=\"427\" data-end=\"691\"><strong data-start=\"429\" data-end=\"455\">Asystent rozmiaru opony:<\/strong> Automatyczna kalibracja pr\u0119dko\u015bciomierza za pomoc\u0105 GPS w smartfonie - nie jest wymagane r\u0119czne wprowadzanie danych i nie trzeba opuszcza\u0107 pojazdu. W razie potrzeby rozmiar opony mo\u017cna wprowadzi\u0107 r\u0119cznie.<\/li>\n<li data-start=\"692\" data-end=\"816\"><strong data-start=\"694\" data-end=\"723\">Monitorowanie danych w czasie rzeczywistym<\/strong> z konfigurowalnym wy\u015bwietlaczem oraz opcj\u0105 odczytu i kasowania kod\u00f3w usterek (CEL).<\/li>\n<li data-start=\"817\" data-end=\"976\"><strong>Opcje serwisowe dla napraw domowych: <\/strong>Inicjalizacja ABS, ponowne wuczanie peda\u0142u hamulca, synchronizacja wa\u0142ka rozrz\u0105du \/ wa\u0142u korbowego.<\/li>\n<li data-start=\"977\" data-end=\"1135\"><strong data-start=\"979\" data-end=\"1003\">Opcje resetowania modu\u0142u<\/strong> dla ABS (system zapobiegaj\u0105cy blokowaniu k\u00f3\u0142 podczas hamowania), BCM (modu\u0142 sterowania nadwoziem), TPMS (system monitorowania ci\u015bnienia w oponach) i IPC (modu\u0142 tablicy rozdzielczej).<\/li>\n<li data-start=\"1136\" data-end=\"1239\"><strong data-start=\"1138\" data-end=\"1172\">Bezprzewodowe po\u0142\u0105czenie Bluetooth<\/strong> na Androida lub iPhone'a - bez dodatkowych kabli.<\/li>\n<li data-start=\"1240\" data-end=\"1306\"><strong data-start=\"1242\" data-end=\"1260\">Korekta tachometru<\/strong> dla opon o rozmiarze 26\"-42\".<\/li>\n<li data-start=\"1307\" data-end=\"1413\"><strong data-start=\"1309\" data-end=\"1333\">Ponowna kalibracja pr\u0119dko\u015bciomierza<\/strong> dla prze\u0142o\u017ce\u0144 osi i skrzyni rozdzielczej 2,73-5,38:1.<\/li>\n<li data-start=\"1414\" data-end=\"1515\"><strong data-start=\"1416\" data-end=\"1437\">Blokada tylnej osi<\/strong> ze skrzyni\u0105 rozdzielcz\u0105 w trybie 4-Hi i 4-Low (<em data-start=\"1477\" data-end=\"1511\" data-is-only-node=\"\">Tylko ekran CRAWL, JK Rubicon<\/em>).<\/li>\n<li data-start=\"1516\" data-end=\"1634\"><strong data-start=\"1518\" data-end=\"1551\">Blokada przedniej i tylnej osi<\/strong> ze skrzyni\u0105 rozdzielcz\u0105 w trybie 4-Hi i 4-Low (<em data-start=\"1591\" data-end=\"1630\" data-is-only-node=\"\">Tylko ekran CRAWL, 3.8L JK Rubicon<\/em>).<\/li>\n<li data-start=\"1635\" data-end=\"1761\"><strong data-start=\"1637\" data-end=\"1668\">Do\u0142adowanie silnika na biegu ja\u0142owym<\/strong> do obs\u0142ugi wci\u0105garki - tymczasowo regulowana za pomoc\u0105 ekranu CRAWL z <strong data-start=\"1740\" data-end=\"1758\" data-is-only-node=\"\">500-2000 obr.<\/strong>.<\/li>\n<li data-start=\"1762\" data-end=\"1871\"><strong data-start=\"1764\" data-end=\"1790\">Personalizacja \u015bwiate\u0142 do jazdy dziennej<\/strong>Mo\u017cliwo\u015b\u0107 wyboru pozycji (halo, b\u0142otnik, \u015bwiat\u0142o przeciwmgielne, \u015bwiat\u0142o drogowe, \u015bwiat\u0142o mijania lub kierunkowskaz).<\/li>\n<li data-start=\"1872\" data-end=\"1917\"><strong data-start=\"1874\" data-end=\"1914\">Aktywacja\/dezaktywacja \u015bwiate\u0142 do jazdy dziennej<\/strong>.<\/li>\n<li data-start=\"1918\" data-end=\"1979\"><strong data-start=\"1920\" data-end=\"1965\">Wska\u017anik z funkcj\u0105 zmiany pasa ruchu za jednym dotkni\u0119ciem<\/strong> aktywowa\u0107.<\/li>\n<li data-start=\"1980\" data-end=\"2113\"><strong data-start=\"1982\" data-end=\"2014\">Opcjonalna dezaktywacja systemu TPMS<\/strong>tylko za po\u015brednictwem ekranu CRAWL lub ca\u0142kowicie do u\u017cytku z felgami z rynku wt\u00f3rnego.<\/li>\n<li data-start=\"2114\" data-end=\"2169\"><strong data-start=\"2116\" data-end=\"2138\">Warto\u015b\u0107 progowa TPMS<\/strong> regulowany w zakresie 22-56 psi.<\/li>\n<li data-start=\"2303\" data-end=\"2358\" data-is-last-node=\"\"><strong data-start=\"2305\" data-end=\"2357\">Odczytywanie i usuwanie diagnostycznych kod\u00f3w usterek (DTC)<\/strong>.<\/li>\n<\/ul>\n<p data-start=\"1881\" data-end=\"2135\">WA\u017bNE: <em>Nie zaleca si\u0119 stosowania Flashcal+ w pojazdach, kt\u00f3re zosta\u0142y wcze\u015bniej zmodyfikowane za pomoc\u0105 urz\u0105dzenia do doboru rozmiaru opon Tazer.<\/em><\/p>\n<p>&nbsp;<\/p>\n<p><strong>Odpowiedni dla:<\/strong><\/p>\n<table width=\"449\">\n<tbody>\n<tr>\n<td width=\"115\"><strong>Marka<\/strong><\/td>\n<td width=\"145\"><strong>Model<\/strong><\/td>\n<td width=\"106\"><strong>Silnik<\/strong><\/td>\n<td width=\"83\"><strong>Rok<\/strong><\/td>\n<\/tr>\n<tr>\n<td>Jeep<\/td>\n<td>Wrangler JK<\/td>\n<td>3.6, 3.8<\/td>\n<td width=\"83\">2007\u20132018<\/td>\n<\/tr>\n<\/tbody>\n<\/table>\n<p><iframe loading=\"lazy\" title=\"Urz\u0105dzenia programuj\u0105ce i narz\u0119dzia kalibracyjne Superchips\" src=\"https:\/\/www.youtube.com\/embed\/Dhyiohi70_A\" width=\"882\" height=\"496\" frameborder=\"0\" allowfullscreen=\"allowfullscreen\"><\/iframe><\/p>","protected":false},"excerpt":{"rendered":"<p>2007\u20132018<\/p>","protected":false},"featured_media":68315914,"comment_status":"open","ping_status":"closed","template":"","meta":{"_acf_changed":false},"product_brand":[],"product_cat":[10262,19727,19784],"product_tag":[209,210,213,214,176,177,165,248,249,250,251,252,169,976,13198,3213,10698,3476,10710,10701,10715,10714,10712,10713,13201,10703,1157,2934,13202,13203,13204,13219,13228,13211,13258,13220,13239,13259,13223,13232,13217,13250,13226,13242,13224,13215,13247,13248,13238,13225,13241,13227,13252,13222,13207,13230,13243,13249,13216,13256,13209,13218,13253,13240,13260,13213,13214,13208,13244,13246,13210,13221,13245,13257,13212,13229,13251,13231,36,438,4776,10699,10696,517,10695,3479,3480,10711,10697,2980,10700,10691,13199,10692,13200,10704,10709,10708,3478,233,919,175,8285,13205,13234,13236,13206,13235,13237,13233,13254,13255],"class_list":{"0":"post-68315905","1":"product","2":"type-product","3":"status-publish","4":"has-post-thumbnail","6":"product_cat-alle-produkte","7":"product_cat-wrangler-36-jk-programmiergeraete","8":"product_cat-wrangler-38-programmiergeraete","9":"product_tag-209","10":"product_tag-210","11":"product_tag-213","12":"product_tag-214","13":"product_tag-176","14":"product_tag-177","15":"product_tag-165","16":"product_tag-248","17":"product_tag-249","18":"product_tag-250","19":"product_tag-251","20":"product_tag-252","21":"product_tag-3-6","22":"product_tag-3-8","23":"product_tag-13198","24":"product_tag-abs","25":"product_tag-achsenuebersetzung","26":"product_tag-anpassung","27":"product_tag-bcm","28":"product_tag-datenaufzeichnung","29":"product_tag-dtc","30":"product_tag-fehlerdiagnose","31":"product_tag-flaschcal","32":"product_tag-flashcal","33":"product_tag-flashcal-3581","34":"product_tag-geschwindigkeit","35":"product_tag-geschwindigkeitsbegrenzer","36":"product_tag-harder","37":"product_tag-jeep-wrangler-jk","38":"product_tag-jeep-wrangler-jk-3-6","39":"product_tag-jeep-wrangler-jk-3-8","40":"product_tag-jeep-wrangler-jk-abs-reset","41":"product_tag-jeep-wrangler-jk-achsuebersetzung-einstellen","42":"product_tag-jeep-wrangler-jk-achsuebersetzung-kalibrierung","43":"product_tag-jeep-wrangler-jk-app-steuerung","44":"product_tag-jeep-wrangler-jk-bcm-reset","45":"product_tag-jeep-wrangler-jk-bluetooth-kalibrierung","46":"product_tag-jeep-wrangler-jk-bluetooth-verbindung","47":"product_tag-jeep-wrangler-jk-cel-fehler-loeschen","48":"product_tag-jeep-wrangler-jk-crawl-bildschirm","49":"product_tag-jeep-wrangler-jk-diagnosegeraet","50":"product_tag-jeep-wrangler-jk-differenzialsperre-steuerung","51":"product_tag-jeep-wrangler-jk-drehzahl-kalibrierung","52":"product_tag-jeep-wrangler-jk-drehzahlbegrenzer","53":"product_tag-jeep-wrangler-jk-dtc-fehler-loeschen","54":"product_tag-jeep-wrangler-jk-ecu-kalibrierung","55":"product_tag-jeep-wrangler-jk-fehlercode-auslesen","56":"product_tag-jeep-wrangler-jk-fehlercode-loeschen","57":"product_tag-jeep-wrangler-jk-flash-tool","58":"product_tag-jeep-wrangler-jk-geschwindigkeit-kalibrierung","59":"product_tag-jeep-wrangler-jk-geschwindigkeitsmesser-einstellen","60":"product_tag-jeep-wrangler-jk-getriebeuebersetzung-kalibrierung","61":"product_tag-jeep-wrangler-jk-hinterachssperre","62":"product_tag-jeep-wrangler-jk-ipc-reset","63":"product_tag-jeep-wrangler-jk-kalibrierung","64":"product_tag-jeep-wrangler-jk-leerlaufanhebung","65":"product_tag-jeep-wrangler-jk-lichtsteuerung","66":"product_tag-jeep-wrangler-jk-modul-reset","67":"product_tag-jeep-wrangler-jk-obd-modul","68":"product_tag-jeep-wrangler-jk-offroad-steuerung","69":"product_tag-jeep-wrangler-jk-reifen-kalibrierung","70":"product_tag-jeep-wrangler-jk-reifendrucksensor-einstellung","71":"product_tag-jeep-wrangler-jk-rubicon","72":"product_tag-jeep-wrangler-jk-smartphone-kalibrierung","73":"product_tag-jeep-wrangler-jk-smartphone-tuning","74":"product_tag-jeep-wrangler-jk-steuergeraet","75":"product_tag-jeep-wrangler-jk-steuergeraet-zuruecksetzen","76":"product_tag-jeep-wrangler-jk-tacho-kalibrierung","77":"product_tag-jeep-wrangler-jk-tagfahrlicht-einstellen","78":"product_tag-jeep-wrangler-jk-tpms-deaktivieren","79":"product_tag-jeep-wrangler-jk-tpms-einstellung","80":"product_tag-jeep-wrangler-jk-tpms-reset","81":"product_tag-jeep-wrangler-jk-tpms-schwelle","82":"product_tag-jeep-wrangler-jk-tuner-geraet","83":"product_tag-jeep-wrangler-jk-tuningmodul","84":"product_tag-jeep-wrangler-jk-verteilergetriebe-kalibrierung","85":"product_tag-jeep-wrangler-jk-vorderachssperre","86":"product_tag-jeep-wrangler-jk-windenbetrieb-leerlauf","87":"product_tag-kraftwerk","88":"product_tag-obd","89":"product_tag-obd-tuning","90":"product_tag-offroad","91":"product_tag-programmer","92":"product_tag-programmiergeraet","93":"product_tag-programmme","94":"product_tag-reifendruck","95":"product_tag-reifendrucksensoren","96":"product_tag-reifendruckueberwachungssystem","97":"product_tag-reifenumfang","98":"product_tag-rubicon","99":"product_tag-sensoren","100":"product_tag-superchips","101":"product_tag-superchips-3581","102":"product_tag-superchips-flashcal","103":"product_tag-superchips-flashcal-3581","104":"product_tag-tacho","105":"product_tag-tachometerkorrektur","106":"product_tag-tagfahrlicht","107":"product_tag-tpms","108":"product_tag-tuning","109":"product_tag-tuninggeraet","110":"product_tag-wrangler","111":"product_tag-wrangler-jk","112":"product_tag-wrangler-jk-3-6","113":"product_tag-wrangler-jk-3-6-flashcal","114":"product_tag-wrangler-jk-3-6-superchips","115":"product_tag-wrangler-jk-3-8","116":"product_tag-wrangler-jk-3-8-flashcal","117":"product_tag-wrangler-jk-3-8-superchips","118":"product_tag-wrangler-jk-crawl","119":"product_tag-wrangler-jk-rubicon-3-6","120":"product_tag-wrangler-jk-rubicon-3-8","122":"first","123":"outofstock","124":"taxable","125":"shipping-taxable","126":"purchasable","127":"product-type-simple"},"bundled_by":[],"bundle_stock_status":"outofstock","bundle_stock_quantity":0,"bundle_virtual":false,"bundle_layout":"","bundle_add_to_cart_form_location":"","bundle_editable_in_cart":false,"bundle_sold_individually_context":"","bundle_item_grouping":"","bundle_min_size":"","bundle_max_size":"","bundle_price":[],"bundled_items":[],"bundle_sell_ids":[],"exclude_global_add_ons":[],"addons":[],"acf":[],"_links":{"self":[{"href":"https:\/\/kraftwerk-shop.cc\/pl\/wp-json\/wp\/v2\/product\/68315905","targetHints":{"allow":["GET"]}}],"collection":[{"href":"https:\/\/kraftwerk-shop.cc\/pl\/wp-json\/wp\/v2\/product"}],"about":[{"href":"https:\/\/kraftwerk-shop.cc\/pl\/wp-json\/wp\/v2\/types\/product"}],"replies":[{"embeddable":true,"href":"https:\/\/kraftwerk-shop.cc\/pl\/wp-json\/wp\/v2\/comments?post=68315905"}],"version-history":[{"count":0,"href":"https:\/\/kraftwerk-shop.cc\/pl\/wp-json\/wp\/v2\/product\/68315905\/revisions"}],"wp:featuredmedia":[{"embeddable":true,"href":"https:\/\/kraftwerk-shop.cc\/pl\/wp-json\/wp\/v2\/media\/68315914"}],"wp:attachment":[{"href":"https:\/\/kraftwerk-shop.cc\/pl\/wp-json\/wp\/v2\/media?parent=68315905"}],"wp:term":[{"taxonomy":"product_brand","embeddable":true,"href":"https:\/\/kraftwerk-shop.cc\/pl\/wp-json\/wp\/v2\/product_brand?post=68315905"},{"taxonomy":"product_cat","embeddable":true,"href":"https:\/\/kraftwerk-shop.cc\/pl\/wp-json\/wp\/v2\/product_cat?post=68315905"},{"taxonomy":"product_tag","embeddable":true,"href":"https:\/\/kraftwerk-shop.cc\/pl\/wp-json\/wp\/v2\/product_tag?post=68315905"}],"curies":[{"name":"wp","href":"https:\/\/api.w.org\/{rel}","templated":true}]}}