{"id":68315923,"date":"2025-02-21T13:51:18","date_gmt":"2025-02-21T12:51:18","guid":{"rendered":"https:\/\/kraftwerk-shop.cc\/?post_type=product&#038;p=68315923"},"modified":"2026-03-02T02:33:00","modified_gmt":"2026-03-02T01:33:00","slug":"superchips-flashcal-3581-jl-wrangler-jl","status":"publish","type":"product","link":"https:\/\/kraftwerk-shop.cc\/pl\/produkt\/superchips-flashcal-3581-jl-wrangler-jl\/","title":{"rendered":"Superchips Flashcal+ Wrangler JL"},"content":{"rendered":"<h1 class=\"product-name\">Superchips Flashcal+ dla Wranglera JL<\/h1>\n<p>&nbsp;<\/p>\n<p data-start=\"0\" data-end=\"365\">Bezprzewodowy kalibrator Superchips Flashcal+ to zaawansowane narz\u0119dzie kalibracyjne zaprojektowane specjalnie dla modeli Jeep Wrangler JL od 2018 do 2024 roku. To innowacyjne urz\u0105dzenie umo\u017cliwia w\u0142a\u015bcicielom Jeepa bezprzewodow\u0105 regulacj\u0119 i monitorowanie wielu ustawie\u0144 pojazdu za po\u015brednictwem przyjaznej dla u\u017cytkownika aplikacji na smartfony.<\/p>\n<p>&nbsp;<\/p>\n<p><strong>Funkcje:<\/strong><\/p>\n<ul>\n<li><strong>Dezaktywacja systemu TPMS:<\/strong> Dla k\u00f3\u0142 modernizowanych bez czujnik\u00f3w<\/li>\n<li><strong>W\u0142\u0105czanie\/wy\u0142\u0105czanie TPMS (ekran pe\u0142zaj\u0105cy)<\/strong><\/li>\n<li><strong>Ustawienia \u015bwiate\u0142 do jazdy dziennej:<\/strong> W\u0142\u0105czony na sta\u0142e, wy\u0142\u0105czony lub wybierany r\u0119cznie.<\/li>\n<li><strong>Wyb\u00f3r lokalizacji \u015bwiate\u0142 do jazdy dziennej:<\/strong> \u015awiat\u0142a przeciwmgielne, b\u0142otniki, \u015bwiat\u0142a postojowe, \u015bwiat\u0142a drogowe, \u015bwiat\u0142a mijania, kierunkowskazy lub brak \u015bwiate\u0142 do jazdy dziennej.<\/li>\n<li><strong>Wy\u0142\u0105czenie \u015bwiate\u0142 do jazdy dziennej:<\/strong> Wy\u0142\u0105cza \u015bwiat\u0142a do jazdy dziennej, gdy u\u017cywany jest kierunkowskaz.<\/li>\n<li><strong>Dezaktywacja \u015bwiate\u0142 przeciwmgielnych:<\/strong> Umo\u017cliwia jednoczesne korzystanie ze \u015bwiate\u0142 drogowych i przeciwmgielnych.<\/li>\n<li><strong>Aktywacja lub dezaktywacja \u015bwiate\u0142 halo.<\/strong><\/li>\n<li><strong>Aktywacja zmiany \u015bcie\u017cki jednym dotkni\u0119ciem.<\/strong><\/li>\n<li><strong>Ekran startowy do wyboru na pulpicie nawigacyjnym:<\/strong> Rubicon, Sahara, Sport.<\/li>\n<li><strong>Dezaktywacja przypomnienia o zapi\u0119ciu pas\u00f3w bezpiecze\u0144stwa:<\/strong> Zatrzymuje d\u017awi\u0119kowy sygna\u0142 ostrzegawczy.<\/li>\n<li><strong>Link do podr\u00f3\u017cy: <\/strong>Aktywacja lub dezaktywacja ostrze\u017cenia pogodowego.<\/li>\n<li><strong>Konfiguracja o\u015bwietlenia<\/strong>Umo\u017cliwia opcjonaln\u0105 instalacj\u0119 \u015bwiate\u0142 standardowych lub LED dla przednich kierunkowskaz\u00f3w, tylnych \u015bwiate\u0142 lub trzeciego \u015bwiat\u0142a hamowania.<\/li>\n<li><strong>Dezaktywacja funkcji Auto Start\/Stop:<\/strong> Pozostaje wy\u0142\u0105czony tak d\u0142ugo, jak klucz sprz\u0119towy OBD-II pozostaje pod\u0142\u0105czony, nawet po ponownym uruchomieniu pojazdu.<\/li>\n<li><strong>Ekran CRAWL (patrz ilustracja powy\u017cej):<\/strong> Interfejs w czasie rzeczywistym do sterowania blokad\u0105 mechanizmu r\u00f3\u017cnicowego przedniej i tylnej osi, ustawieniami TPMS i zwi\u0119kszaniem pr\u0119dko\u015bci biegu ja\u0142owego (funkcje CRAWL r\u00f3\u017cni\u0105 si\u0119 w zale\u017cno\u015bci od roku modelowego i wyposa\u017cenia).<\/li>\n<li><strong>Aktywuj dodatkowe prze\u0142\u0105czniki:<\/strong> Umo\u017cliwia u\u017cycie dodatkowych prze\u0142\u0105cznik\u00f3w AUX* dostarczonych przez fabryk\u0119 do sterowania akcesoriami elektrycznymi.<\/li>\n<li><strong>Asystent rozmiaru opony:<\/strong> Automatycznie kalibruje pr\u0119dko\u015bciomierz za pomoc\u0105 GPS smartfona bez konieczno\u015bci r\u0119cznego wprowadzania danych lub opuszczania pojazdu (r\u0119czne wprowadzanie danych jest nadal mo\u017cliwe).<\/li>\n<li><strong>Dezaktywacja lub aktywacja monitorowania martwego pola<\/strong>je\u015bli nie jest zamontowany w standardzie*.<\/li>\n<li><strong>Monitorowanie danych na \u017cywo:<\/strong> Konfigurowalne wy\u015bwietlacze, a tak\u017ce odczytywanie i usuwanie kod\u00f3w b\u0142\u0119d\u00f3w.<\/li>\n<li><strong>Aktywuj fabryczny prze\u0142\u0105cznik \u015bwiate\u0142 przeciwmgielnych<\/strong>je\u015bli nie jest zamontowany w standardzie*.<\/li>\n<li><strong>Opcje serwisowe dla napraw domowych: <\/strong>Inicjalizacja ABS, ponowne wuczanie peda\u0142u hamulca, synchronizacja wa\u0142ka rozrz\u0105du \/ wa\u0142u korbowego.<\/li>\n<li><strong>Reset modu\u0142u dla:<\/strong> ABS (system zapobiegaj\u0105cy blokowaniu k\u00f3\u0142 podczas hamowania), BCM (modu\u0142 sterowania nadwoziem), TPMS (system monitorowania ci\u015bnienia w oponach) i IPC (zestaw wska\u017anik\u00f3w na tablicy rozdzielczej).<\/li>\n<li><strong>Aktywacja sprz\u0119gu przyczepy<\/strong>je\u015bli nie jest zamontowany w standardzie*.<\/li>\n<li><strong>Wy\u0142\u0105czanie lub w\u0142\u0105czanie kamery cofania<\/strong>je\u015bli nie jest montowany w standardzie (tylko 2018-2020 JL)*.<\/li>\n<li><strong>Dezaktywacja lub aktywacja kamery \u0142aduj\u0105cej<\/strong>je\u015bli nie jest montowany w standardzie (tylko 2018-2020 JL)*.<\/li>\n<li><strong>Zwi\u0119kszenie pr\u0119dko\u015bci silnika do pracy z wci\u0105gark\u0105 linow\u0105:<\/strong> Tymczasowy z ekranem CRAWL, 500-2000 obr.<\/li>\n<li><strong>Wy\u0142\u0105cz elektryczn\u0105 pomp\u0119 serwo:<\/strong> Do konwersji na uk\u0142ad hydrauliczny*.<\/li>\n<li><strong>Separacja stabilizatora poprzecznego w 2Hi:<\/strong> Do 40 km\/h (ekran CRAWL, tylko Rubicon).<\/li>\n<li><strong>Wy\u0142\u0105cz blokady mechanizmu r\u00f3\u017cnicowego:<\/strong> Tylko ty\u0142 lub prz\u00f3d i ty\u0142 do sterowania r\u0119cznego*.<\/li>\n<li><strong>Blokada linii:<\/strong> Utrzymuje hamulce tylko na przednich ko\u0142ach.<\/li>\n<li><strong>Blokady mechanizmu r\u00f3\u017cnicowego z ty\u0142u lub z przodu i z ty\u0142u:<\/strong> Ze skrzyni\u0105 rozdzielcz\u0105 w trybie 4-Hi i 4-Low (ekran CRAWL, tylko Rubicon)<\/li>\n<li><strong>Rock Lock:<\/strong> Utrzymuje wszystkie cztery ko\u0142a z hamulcami do jazdy w terenie.<\/li>\n<li><strong>Kalibracja proporcji osi:<\/strong> 2,73 - 5,38:1.<\/li>\n<li><strong>Aktywacja\/dezaktywacja elektronicznego stabilizatora poprzecznego<\/strong> (je\u015bli jest dost\u0119pny).<\/li>\n<li><strong data-start=\"1050\" data-end=\"1084\">Diagnoza kodu b\u0142\u0119du:<\/strong> Odczytywanie i usuwanie kod\u00f3w diagnostycznych w celu uproszczenia konserwacji pojazdu.<\/li>\n<li><strong>Kalibracja rozmiaru opony w zale\u017cno\u015bci od wzrostu:<\/strong> 66 cm - 102 cm (26\" - 40\").<\/li>\n<li><strong>Kalibracja prze\u0142o\u017cenia skrzyni bieg\u00f3w:<\/strong> 2,72 - 5,00:1.<\/li>\n<li><strong>Regulowany pr\u00f3g ostrzegawczy TPMS:<\/strong> 1,5-3,9 bar (22-56 psi).<\/li>\n<\/ul>\n<p>*Urz\u0105dzenia te odpowiednio dostosowuj\u0105 elementy steruj\u0105ce pojazdu, ale do pe\u0142nej konwersji wymagane s\u0105 dodatkowe komponenty OEM lub cz\u0119\u015bci zamienne.<br \/>\nWA\u017bNE: Korzystanie z Flashcal+ nie jest zalecane, je\u015bli rozmiar opony zosta\u0142 wcze\u015bniej wyregulowany za pomoc\u0105 urz\u0105dzenia Tazer.<\/p>\n<p>&nbsp;<\/p>\n<p><strong>Odpowiedni dla:<\/strong><\/p>\n<table width=\"449\">\n<tbody>\n<tr>\n<td width=\"115\"><strong>Marka<\/strong><\/td>\n<td width=\"145\"><strong>Model<\/strong><\/td>\n<td width=\"106\"><strong>Silnik<\/strong><\/td>\n<td width=\"83\"><strong>Rok<\/strong><\/td>\n<\/tr>\n<tr>\n<td>Jeep<\/td>\n<td>Wrangler JL<\/td>\n<td>3.6<\/td>\n<td width=\"83\">2018\u20132024<\/td>\n<\/tr>\n<\/tbody>\n<\/table>\n<p>&nbsp;<\/p>\n<p><strong>Zakres dostawy:<\/strong><\/p>\n<ul>\n<li>1 x Flashcal+ 3581-JL<\/li>\n<li>1 x modu\u0142 obej\u015bcia bramy bezpiecze\u0144stwa<\/li>\n<\/ul>\n<p>&nbsp;<\/p>\n<p><iframe loading=\"lazy\" title=\"Urz\u0105dzenia programuj\u0105ce i narz\u0119dzia kalibracyjne Superchips\" src=\"https:\/\/www.youtube.com\/embed\/Dhyiohi70_A\" width=\"882\" height=\"496\" frameborder=\"0\" allowfullscreen=\"allowfullscreen\"><\/iframe><\/p>","protected":false},"excerpt":{"rendered":"<p>2018\u20132024<\/p>","protected":false},"featured_media":68316235,"comment_status":"open","ping_status":"closed","template":"","meta":{"_acf_changed":false},"product_brand":[],"product_cat":[10262,2951],"product_tag":[252,419,420,2066,2373,4526,6297,169,10716,3213,10698,3476,10710,471,10701,10715,10714,10712,10713,13262,10703,1157,2934,50,13264,13265,13300,13304,13314,13302,13298,13277,13313,13293,13287,13311,13310,13319,13320,13288,13283,13284,13278,13267,13301,13290,13289,13309,13303,13295,13285,13317,13271,13269,13305,13306,13307,13291,13292,13308,13296,13282,13315,13279,13280,13318,13297,13270,13312,13275,13273,13272,13299,13316,903,36,438,4776,10699,10696,517,3479,3480,10711,10697,2980,469,10760,10700,10691,13261,10692,13263,10704,10709,10708,3478,233,919,175,10759,13266,13294,13268,13286,13281,13276,13274],"class_list":{"0":"post-68315923","1":"product","2":"type-product","3":"status-publish","4":"has-post-thumbnail","6":"product_cat-alle-produkte","7":"product_cat-wrangler-36-programmiergeraete","8":"product_tag-252","9":"product_tag-419","10":"product_tag-420","11":"product_tag-2066","12":"product_tag-2373","13":"product_tag-4526","14":"product_tag-6297","15":"product_tag-3-6","16":"product_tag-3581-jl","17":"product_tag-abs","18":"product_tag-achsenuebersetzung","19":"product_tag-anpassung","20":"product_tag-bcm","21":"product_tag-bypass","22":"product_tag-datenaufzeichnung","23":"product_tag-dtc","24":"product_tag-fehlerdiagnose","25":"product_tag-flaschcal","26":"product_tag-flashcal","27":"product_tag-flashcal-3581-jl","28":"product_tag-geschwindigkeit","29":"product_tag-geschwindigkeitsbegrenzer","30":"product_tag-harder","31":"product_tag-jeep","32":"product_tag-jeep-wrangler-jl","33":"product_tag-jeep-wrangler-jl-3-6","34":"product_tag-jeep-wrangler-jl-abs-initialisierung","35":"product_tag-jeep-wrangler-jl-anhaengerkupplung-aktivieren","36":"product_tag-jeep-wrangler-jl-app-steuerung","37":"product_tag-jeep-wrangler-jl-aux-schalter","38":"product_tag-jeep-wrangler-jl-bcm-reset","39":"product_tag-jeep-wrangler-jl-blinker-lichtkonfiguration","40":"product_tag-jeep-wrangler-jl-crawl-bildschirm","41":"product_tag-jeep-wrangler-jl-crawl-screen","42":"product_tag-jeep-wrangler-jl-diagnosegeraet","43":"product_tag-jeep-wrangler-jl-drehzahl-einstellen","44":"product_tag-jeep-wrangler-jl-echtzeitdaten","45":"product_tag-jeep-wrangler-jl-elektronische-einstellung","46":"product_tag-jeep-wrangler-jl-elektronische-fahrzeuganpassung","47":"product_tag-jeep-wrangler-jl-fehlercodes","48":"product_tag-jeep-wrangler-jl-fehlerspeicher-auslesen","49":"product_tag-jeep-wrangler-jl-fehlerspeicher-loeschen","50":"product_tag-jeep-wrangler-jl-fernlicht-nebelscheinwerfer","51":"product_tag-jeep-wrangler-jl-kalibrierung","52":"product_tag-jeep-wrangler-jl-kurbelwelle-nockenwelle-synchronisation","53":"product_tag-jeep-wrangler-jl-led-nachruestung","54":"product_tag-jeep-wrangler-jl-lichtkonfiguration","55":"product_tag-jeep-wrangler-jl-live-daten-anzeigen","56":"product_tag-jeep-wrangler-jl-modul-reset","57":"product_tag-jeep-wrangler-jl-motordrehzahl-erhoehen","58":"product_tag-jeep-wrangler-jl-obd-modul","59":"product_tag-jeep-wrangler-jl-ohne-werkstatt-kalibrieren","60":"product_tag-jeep-wrangler-jl-reifengroesse-einstellen","61":"product_tag-jeep-wrangler-jl-reifenkalibrierung","62":"product_tag-jeep-wrangler-jl-rueckfahrkamera-2018","63":"product_tag-jeep-wrangler-jl-rueckfahrkamera-2019","64":"product_tag-jeep-wrangler-jl-rueckfahrkamera-2020","65":"product_tag-jeep-wrangler-jl-rueckfahrkamera-aktivieren","66":"product_tag-jeep-wrangler-jl-rueckfahrkamera-deaktivieren","67":"product_tag-jeep-wrangler-jl-rueckfahrkamera-manuell-aktivieren","68":"product_tag-jeep-wrangler-jl-seilwindenbetrieb","69":"product_tag-jeep-wrangler-jl-sicherheitsgurt-erinnerung","70":"product_tag-jeep-wrangler-jl-smartphone-kalibrierung","71":"product_tag-jeep-wrangler-jl-spurwechsel-blinkfunktion","72":"product_tag-jeep-wrangler-jl-start-stopp-deaktivieren","73":"product_tag-jeep-wrangler-jl-steuergeraet-konfigurieren","74":"product_tag-jeep-wrangler-jl-steuergeraete-reset","75":"product_tag-jeep-wrangler-jl-tacho-einstellen","76":"product_tag-jeep-wrangler-jl-tacho-kalibrierung-per-gps","77":"product_tag-jeep-wrangler-jl-tagfahrlicht-konfigurieren","78":"product_tag-jeep-wrangler-jl-tpms-aktivieren","79":"product_tag-jeep-wrangler-jl-tpms-deaktivieren","80":"product_tag-jeep-wrangler-jl-tpms-reset","81":"product_tag-jeep-wrangler-jl-wireless-kalibrierung","82":"product_tag-jl","83":"product_tag-kraftwerk","84":"product_tag-obd","85":"product_tag-obd-tuning","86":"product_tag-offroad","87":"product_tag-programmer","88":"product_tag-programmiergeraet","89":"product_tag-reifendruck","90":"product_tag-reifendrucksensoren","91":"product_tag-reifendruckueberwachungssystem","92":"product_tag-reifenumfang","93":"product_tag-rubicon","94":"product_tag-security-gateway","95":"product_tag-security-gateway-bypass-modul","96":"product_tag-sensoren","97":"product_tag-superchips","98":"product_tag-superchips-3581-jl","99":"product_tag-superchips-flashcal","100":"product_tag-superchips-flashcal-3581-jl","101":"product_tag-tacho","102":"product_tag-tachometerkorrektur","103":"product_tag-tagfahrlicht","104":"product_tag-tpms","105":"product_tag-tuning","106":"product_tag-tuninggeraet","107":"product_tag-wrangler","108":"product_tag-wrangler-jl","109":"product_tag-wrangler-jl-3-6","110":"product_tag-wrangler-jl-crawl-funktionen","111":"product_tag-wrangler-jl-kalibrierung","112":"product_tag-wrangler-jl-obd2","113":"product_tag-wrangler-jl-start-stopp","114":"product_tag-wrangler-jl-tagfahrlicht","115":"product_tag-wrangler-jl-tpms","117":"first","118":"outofstock","119":"taxable","120":"shipping-taxable","121":"purchasable","122":"product-type-simple"},"bundled_by":[],"bundle_stock_status":"outofstock","bundle_stock_quantity":0,"bundle_virtual":false,"bundle_layout":"","bundle_add_to_cart_form_location":"","bundle_editable_in_cart":false,"bundle_sold_individually_context":"","bundle_item_grouping":"","bundle_min_size":"","bundle_max_size":"","bundle_price":[],"bundled_items":[],"bundle_sell_ids":[],"exclude_global_add_ons":[],"addons":[],"acf":[],"_links":{"self":[{"href":"https:\/\/kraftwerk-shop.cc\/pl\/wp-json\/wp\/v2\/product\/68315923","targetHints":{"allow":["GET"]}}],"collection":[{"href":"https:\/\/kraftwerk-shop.cc\/pl\/wp-json\/wp\/v2\/product"}],"about":[{"href":"https:\/\/kraftwerk-shop.cc\/pl\/wp-json\/wp\/v2\/types\/product"}],"replies":[{"embeddable":true,"href":"https:\/\/kraftwerk-shop.cc\/pl\/wp-json\/wp\/v2\/comments?post=68315923"}],"version-history":[{"count":0,"href":"https:\/\/kraftwerk-shop.cc\/pl\/wp-json\/wp\/v2\/product\/68315923\/revisions"}],"wp:featuredmedia":[{"embeddable":true,"href":"https:\/\/kraftwerk-shop.cc\/pl\/wp-json\/wp\/v2\/media\/68316235"}],"wp:attachment":[{"href":"https:\/\/kraftwerk-shop.cc\/pl\/wp-json\/wp\/v2\/media?parent=68315923"}],"wp:term":[{"taxonomy":"product_brand","embeddable":true,"href":"https:\/\/kraftwerk-shop.cc\/pl\/wp-json\/wp\/v2\/product_brand?post=68315923"},{"taxonomy":"product_cat","embeddable":true,"href":"https:\/\/kraftwerk-shop.cc\/pl\/wp-json\/wp\/v2\/product_cat?post=68315923"},{"taxonomy":"product_tag","embeddable":true,"href":"https:\/\/kraftwerk-shop.cc\/pl\/wp-json\/wp\/v2\/product_tag?post=68315923"}],"curies":[{"name":"wp","href":"https:\/\/api.w.org\/{rel}","templated":true}]}}