{"id":68316217,"date":"2025-02-23T16:19:55","date_gmt":"2025-02-23T15:19:55","guid":{"rendered":"https:\/\/kraftwerk-shop.cc\/?post_type=product&#038;p=68316217"},"modified":"2026-03-31T16:38:08","modified_gmt":"2026-03-31T14:38:08","slug":"ngk-96355-swiece-zaplonowe-rutenowe","status":"publish","type":"product","link":"https:\/\/kraftwerk-shop.cc\/pl\/produkt\/ngk-96355-ruthenium-zuendkerzen\/","title":{"rendered":"\u015awiece zap\u0142onowe NGK 96355 Ruthenium (16 sztuk)"},"content":{"rendered":"<h1>\u015awiece zap\u0142onowe NGK Ruthenium RAM 2500 &amp; 3500 6.4<\/h1>\n<p>&nbsp;<\/p>\n<p>Numery referencyjne Mopar: SP142582AB, SP138239AC, SP079888AB, SP143877AA, 68143877AA, SPLZFR5B13, SP148183AC, SP143877AB, SP148183AB, SPLZFR5C11, 68079888AB, 68138239AC<\/p>\n<p>&nbsp;<\/p>\n<p><strong>Odpowiedni dla:<\/strong><\/p>\n<table width=\"1004\">\n<tbody>\n<tr>\n<td width=\"82\"><strong>Rok<\/strong><\/td>\n<td width=\"82\"><strong>Marka<\/strong><\/td>\n<td width=\"124\"><strong>Model<\/strong><\/td>\n<td width=\"512\"><strong>Wersja<\/strong><\/td>\n<td width=\"204\">Mo<strong>t<\/strong>lub<\/td>\n<\/tr>\n<tr>\n<td width=\"82\">2024<\/td>\n<td width=\"82\">Ram<\/td>\n<td width=\"124\">2500<\/td>\n<td width=\"512\">Big Horn, Laramie, Limited, Limited Longhorn, Lone Star, Power Wagon, Rebel, Tradesman<\/td>\n<td width=\"204\">6.4L<\/td>\n<\/tr>\n<tr>\n<td width=\"82\">2024<\/td>\n<td width=\"82\">Ram<\/td>\n<td width=\"124\">3500<\/td>\n<td width=\"512\">Big Horn, Laramie, Limited, Limited Longhorn, SLT, Tradesman<\/td>\n<td width=\"204\">6.4L<\/td>\n<\/tr>\n<tr>\n<td width=\"82\">2023<\/td>\n<td width=\"82\">Ram<\/td>\n<td width=\"124\">2500<\/td>\n<td width=\"512\">Big Horn, Laramie, Limited, Limited Longhorn, Lone Star, Power Wagon, Rebel, Tradesman<\/td>\n<td width=\"204\">6.4L<\/td>\n<\/tr>\n<tr>\n<td width=\"82\">2023<\/td>\n<td width=\"82\">Ram<\/td>\n<td width=\"124\">3500<\/td>\n<td width=\"512\">Big Horn, Laramie, Limited, Limited Longhorn, SLT, Tradesman<\/td>\n<td width=\"204\">6.4L<\/td>\n<\/tr>\n<tr>\n<td width=\"82\">2022<\/td>\n<td width=\"82\">Ram<\/td>\n<td width=\"124\">2500<\/td>\n<td width=\"512\">Big Horn, Laramie, Limited, Limited Longhorn, Lone Star, Power Wagon, Tradesman<\/td>\n<td width=\"204\">6.4L<\/td>\n<\/tr>\n<tr>\n<td width=\"82\">2022<\/td>\n<td width=\"82\">Ram<\/td>\n<td width=\"124\">3500<\/td>\n<td width=\"512\">Big Horn, Laramie, Limited, Limited Longhorn, Lone Star, SLT, Tradesman<\/td>\n<td width=\"204\">6.4L<\/td>\n<\/tr>\n<tr>\n<td width=\"82\">2021<\/td>\n<td width=\"82\">Ram<\/td>\n<td width=\"124\">2500<\/td>\n<td width=\"512\">Big Horn, Laramie, Limited, Limited Longhorn, Lone Star, Power Wagon, Tradesman<\/td>\n<td width=\"204\">6.4L<\/td>\n<\/tr>\n<tr>\n<td width=\"82\">2021<\/td>\n<td width=\"82\">Ram<\/td>\n<td width=\"124\">3500<\/td>\n<td width=\"512\">Big Horn, Laramie, Limited, Limited Longhorn, Lone Star, SLT, Tradesman<\/td>\n<td width=\"204\">6.4L<\/td>\n<\/tr>\n<tr>\n<td width=\"82\">2020<\/td>\n<td width=\"82\">Ram<\/td>\n<td width=\"124\">2500<\/td>\n<td width=\"512\">Big Horn, Laramie, Laramie Longhorn, Limited, Lone Star, Power Wagon, Tradesman<\/td>\n<td width=\"204\">6.4L<\/td>\n<\/tr>\n<tr>\n<td width=\"82\">2020<\/td>\n<td width=\"82\">Ram<\/td>\n<td width=\"124\">3500<\/td>\n<td width=\"512\">Laramie, Laramie Longhorn, Limited, SLT, Tradesman<\/td>\n<td width=\"204\">6.4L<\/td>\n<\/tr>\n<tr>\n<td width=\"82\">2019<\/td>\n<td width=\"82\">Ram<\/td>\n<td width=\"124\">2500<\/td>\n<td width=\"512\">Big Horn, Laramie, Laramie Longhorn, Limited, Lone Star, Power Wagon, Tradesman<\/td>\n<td width=\"204\">6.4L<\/td>\n<\/tr>\n<tr>\n<td width=\"82\">2019<\/td>\n<td width=\"82\">Ram<\/td>\n<td width=\"124\">3500<\/td>\n<td width=\"512\">Big Horn, Laramie, Laramie Longhorn, Limited, Lone Star, SLT, Tradesman<\/td>\n<td width=\"204\">6.4L<\/td>\n<\/tr>\n<tr>\n<td width=\"82\">2018<\/td>\n<td width=\"82\">Ram<\/td>\n<td width=\"124\">2500<\/td>\n<td width=\"512\">Big Horn, Laramie, Laramie Longhorn, Limited, Power Wagon, SLT, Tradesman<\/td>\n<td width=\"204\">6.4L<\/td>\n<\/tr>\n<tr>\n<td width=\"82\">2018<\/td>\n<td width=\"82\">Ram<\/td>\n<td width=\"124\">3500<\/td>\n<td width=\"512\">Big Horn, Laramie, Laramie Longhorn, Limited, SLT, Tradesman<\/td>\n<td width=\"204\">6.4L<\/td>\n<\/tr>\n<tr>\n<td width=\"82\">2017<\/td>\n<td width=\"82\">Ram<\/td>\n<td width=\"124\">2500<\/td>\n<td width=\"512\">Big Horn, Laramie, Laramie Longhorn, Limited, Power Wagon, SLT, Tradesman<\/td>\n<td width=\"204\">6.4L<\/td>\n<\/tr>\n<tr>\n<td width=\"82\">2017<\/td>\n<td width=\"82\">Ram<\/td>\n<td width=\"124\">3500<\/td>\n<td width=\"512\">Big Horn, Laramie, Laramie Longhorn, Limited, Lone Star, SLT, Tradesman<\/td>\n<td width=\"204\">6.4L<\/td>\n<\/tr>\n<tr>\n<td width=\"82\">2016<\/td>\n<td width=\"82\">Ram<\/td>\n<td width=\"124\">2500<\/td>\n<td width=\"512\">Big Horn, Laramie, Laramie Longhorn, Limited, Outdoorsman, Power Wagon, SLT, Tradesman<\/td>\n<td width=\"204\">6.4L<\/td>\n<\/tr>\n<tr>\n<td width=\"82\">2016<\/td>\n<td width=\"82\">Ram<\/td>\n<td width=\"124\">3500<\/td>\n<td width=\"512\">Big Horn, Laramie, Laramie Longhorn, Limited, SLT, Tradesman<\/td>\n<td width=\"204\">6.4L<\/td>\n<\/tr>\n<tr>\n<td width=\"82\">2015<\/td>\n<td width=\"82\">Ram<\/td>\n<td width=\"124\">2500<\/td>\n<td width=\"512\">Big Horn, Laramie, Laramie Limited, Laramie Longhorn, Lone Star, Outdoorsman, Power Wagon, SLT, Tradesman<\/td>\n<td width=\"204\">6.4L<\/td>\n<\/tr>\n<tr>\n<td width=\"82\">2015<\/td>\n<td width=\"82\">Ram<\/td>\n<td width=\"124\">3500<\/td>\n<td width=\"512\">Big Horn, Laramie, Laramie Longhorn, Lone Star, SLT, Tradesman<\/td>\n<td width=\"204\">6.4L<\/td>\n<\/tr>\n<tr>\n<td width=\"82\">2014<\/td>\n<td width=\"82\">Ram<\/td>\n<td width=\"124\">2500<\/td>\n<td width=\"512\">Big Horn, Laramie, Laramie Limited, Laramie Longhorn, Lone Star, Outdoorsman, Power Wagon, SLT, Tradesman<\/td>\n<td width=\"204\">6.4L<\/td>\n<\/tr>\n<tr>\n<td width=\"82\">2014<\/td>\n<td width=\"82\">Ram<\/td>\n<td width=\"124\">3500<\/td>\n<td width=\"512\">Big Horn, Laramie, Laramie Longhorn, Lone Star, SLT, Tradesman<\/td>\n<td width=\"204\">6.4L<\/td>\n<\/tr>\n<\/tbody>\n<\/table>\n<p>&nbsp;<\/p>\n<p><strong>Zakres dostawy:<\/strong><\/p>\n<ul>\n<li>16 \u015bwiec zap\u0142onowych<\/li>\n<\/ul>\n<p>&nbsp;<\/p>\n<p>NGK Ruthenium HX zosta\u0142 opracowany dla nowszych silnik\u00f3w, kt\u00f3re wymagaj\u0105 wysokiej wydajno\u015bci zap\u0142onu.<\/p>\n<p>Konstrukcja z podw\u00f3jn\u0105 cienk\u0105 elektrod\u0105 (DFE) sprzyja koncentracji energii iskry i zap\u0142onowi w szerszym zakresie stosunku powietrza do paliwa, zapewniaj\u0105c lepsze osi\u0105gi w warunkach bogatego lub ubogiego paliwa w silniku.<\/p>\n<p>Elektroda \u015brodkowa sk\u0142ada si\u0119 ze stopu rutenu o grubo\u015bci 0,4 mm, a elektroda uziemiaj\u0105ca z drutu platynowego o grubo\u015bci 0,8 mm.<br \/>\nTr\u00f3jwarto\u015bciowa platyna zapewnia doskona\u0142\u0105 ochron\u0119 przed korozj\u0105 i w\u0142a\u015bciwo\u015bci przeciwzatarciowe.<br \/>\nPofa\u0142dowane \u017cebra zapobiegaj\u0105 przewracaniu si\u0119.<br \/>\nCeramiczny izolator wykonany z czystego krzemianu tlenku glinu zapewnia wi\u0119ksz\u0105 wytrzyma\u0142o\u015b\u0107 i lepsze przenoszenie ciep\u0142a.<br \/>\nMiedziany rdze\u0144 pomaga w rozpraszaniu ciep\u0142a.<\/p>\n<p>&nbsp;<\/p>","protected":false},"excerpt":{"rendered":"<p>\u015awiece zap\u0142onowe NGK Ruthenium RAM 2500 &amp; 3500 6.4 Mopar numery referencyjne: SP142582AB, SP138239AC, SP079888AB, SP143877AA, 68143877AA, SPLZFR5B13, SP148183AC, SP143877AB, SP148183AB,<\/p>","protected":false},"featured_media":68304702,"comment_status":"open","ping_status":"closed","template":"","meta":{"_acf_changed":false},"product_brand":[19384],"product_cat":[10262,7458],"product_tag":[12894,12895,12893,248,249,250,251,252,419,420,2066,2373,4526,6297,506,507,93,7108,7109,7102,7097,9386,9361,9352,49,9374,9363,9369,736,36,31,1117,34,9367,35,505,86,6333,9362,9377,11412,11416,11424,12896,12897,9357,11428,12898,11432,9387,12906,12914,12919,12922,12918,12921,12915,12916,12917,12920,12910,12913,9353,12912,12907,12908,12909,12911,7666,9384,12899,9358,12900,12901,12902,12903,9370,12904,12905,12923,12931,12936,12939,12935,12938,12932,12933,12934,12937,12927,9364,12930,12926,9378,12929,12924,12925,9354,12928,9375,9349,9380,9388,9360,9395,9393,9371,9379,9365,9373,9355,9382,9385,9356,9392,9394,9390,9366,9372,9391,735,3576,674,7100,7099,7098,7101,7105,7106,7104,7103,7107,38,37,673,3574,9368,9383,9350,9359,9389,9347,9396,9348,9351,9376,9381],"class_list":{"0":"post-68316217","1":"product","2":"type-product","3":"status-publish","4":"has-post-thumbnail","6":"product_brand-ngk","7":"product_cat-alle-produkte","8":"product_cat-2500-3500-64-zuendung","9":"product_tag-068079888ab","10":"product_tag-068138239ac","11":"product_tag-068143877aa","12":"product_tag-248","13":"product_tag-249","14":"product_tag-250","15":"product_tag-251","16":"product_tag-252","17":"product_tag-419","18":"product_tag-420","19":"product_tag-2066","20":"product_tag-2373","21":"product_tag-4526","22":"product_tag-6297","23":"product_tag-506","24":"product_tag-507","25":"product_tag-6-4","26":"product_tag-68079888ab","27":"product_tag-68138239ac","28":"product_tag-68143877aa","29":"product_tag-7097","30":"product_tag-beste-zuendkerzen-fuer-ram-6-4-hemi","31":"product_tag-beste-zuendkerzen-fuer-ram-tuning","32":"product_tag-beste-zuendkerzen-ram-6-4-hemi","33":"product_tag-dodge","34":"product_tag-guenstige-zuendkerzen-fuer-ram-2500","35":"product_tag-heavy-duty-ram-zuendkerzen-tuning","36":"product_tag-hochwertige-zuendkerzen-fuer-ram-2500","37":"product_tag-keilriemen","38":"product_tag-kraftwerk","39":"product_tag-mopar","40":"product_tag-ngk","41":"product_tag-original","42":"product_tag-original-zuendkerzen-fuer-ram-6-4","43":"product_tag-originalersatzteil","44":"product_tag-powerwagon","45":"product_tag-ram","46":"product_tag-ram-2500","47":"product_tag-ram-2500-6-4-hemi-zuendkerzen-upgrade","48":"product_tag-ram-2500-6-4-zuendkerzen-wartung","49":"product_tag-ram-2500-big-horn","50":"product_tag-ram-2500-laramie","51":"product_tag-ram-2500-limited","52":"product_tag-ram-2500-limited-longhorn","53":"product_tag-ram-2500-lone-star","54":"product_tag-ram-2500-performance-zuendkerzen","55":"product_tag-ram-2500-power-wagon","56":"product_tag-ram-2500-rebel","57":"product_tag-ram-2500-tradesman","58":"product_tag-ram-2500-und-3500-zuendkerzen","59":"product_tag-ram-2500-zuendkerzen","60":"product_tag-ram-2500-zuendkerzen-6-4","61":"product_tag-ram-2500-zuendkerzen-6-4-ersatz","62":"product_tag-ram-2500-zuendkerzen-6-4-installation","63":"product_tag-ram-2500-zuendkerzen-6-4-kaufen","64":"product_tag-ram-2500-zuendkerzen-6-4-montage","65":"product_tag-ram-2500-zuendkerzen-6-4-ngk","66":"product_tag-ram-2500-zuendkerzen-6-4-ruthenium","67":"product_tag-ram-2500-zuendkerzen-6-4-set","68":"product_tag-ram-2500-zuendkerzen-6-4-wechsel","69":"product_tag-ram-2500-zuendkerzen-ersatz","70":"product_tag-ram-2500-zuendkerzen-installation","71":"product_tag-ram-2500-zuendkerzen-kaufen","72":"product_tag-ram-2500-zuendkerzen-montage","73":"product_tag-ram-2500-zuendkerzen-ngk","74":"product_tag-ram-2500-zuendkerzen-ruthenium","75":"product_tag-ram-2500-zuendkerzen-set","76":"product_tag-ram-2500-zuendkerzen-wechsel","77":"product_tag-ram-3500","78":"product_tag-ram-3500-6-4-hemi-motor-zuendkerzen","79":"product_tag-ram-3500-big-horn","80":"product_tag-ram-3500-hochleistungszuendkerzen","81":"product_tag-ram-3500-laramie","82":"product_tag-ram-3500-limited","83":"product_tag-ram-3500-limited-longhorn","84":"product_tag-ram-3500-lone-star","85":"product_tag-ram-3500-oem-zuendkerzen","86":"product_tag-ram-3500-slt","87":"product_tag-ram-3500-tradesman","88":"product_tag-ram-3500-zuendkerzen","89":"product_tag-ram-3500-zuendkerzen-6-4","90":"product_tag-ram-3500-zuendkerzen-6-4-ersatz","91":"product_tag-ram-3500-zuendkerzen-6-4-installation","92":"product_tag-ram-3500-zuendkerzen-6-4-kaufen","93":"product_tag-ram-3500-zuendkerzen-6-4-montage","94":"product_tag-ram-3500-zuendkerzen-6-4-ngk","95":"product_tag-ram-3500-zuendkerzen-6-4-ruthenium","96":"product_tag-ram-3500-zuendkerzen-6-4-set","97":"product_tag-ram-3500-zuendkerzen-6-4-wechsel","98":"product_tag-ram-3500-zuendkerzen-ersatz","99":"product_tag-ram-3500-zuendkerzen-fuer-maximale-leistung","100":"product_tag-ram-3500-zuendkerzen-installation","101":"product_tag-ram-3500-zuendkerzen-kaufen","102":"product_tag-ram-3500-zuendkerzen-kompatibilitaet","103":"product_tag-ram-3500-zuendkerzen-montage","104":"product_tag-ram-3500-zuendkerzen-ngk","105":"product_tag-ram-3500-zuendkerzen-ruthenium","106":"product_tag-ram-3500-zuendkerzen-set","107":"product_tag-ram-3500-zuendkerzen-wechsel","108":"product_tag-ram-6-4-hemi-motor-zuendkerzen","109":"product_tag-ram-6-4-hemi-zuendkerzen","110":"product_tag-ram-6-4-hemi-zuendkerzen-ersatz","111":"product_tag-ram-6-4-v8-heavy-duty-zuendkerzen","112":"product_tag-ram-6-4-v8-performance-zuendkerzen","113":"product_tag-ram-6-4-v8-zuendkerzen","114":"product_tag-ram-6-4-zuendkerzen","115":"product_tag-ram-6-4-zuendkerzen-haendler","116":"product_tag-ram-6-4-zuendkerzen-lebensdauer","117":"product_tag-ram-6-4-zuendkerzen-set-kaufen","118":"product_tag-ram-6-4-zuendkerzen-versand","119":"product_tag-ram-6-4-zuendkerzen-wechsel","120":"product_tag-ram-heavy-duty-6-4-zuendkerzen","121":"product_tag-ram-heavy-duty-zuendkerzen-6-4l","122":"product_tag-ram-heavy-duty-zuendkerzen-ersatzteile","123":"product_tag-ram-zuendkerzen","124":"product_tag-ram-zuendkerzen-6-4l","125":"product_tag-ram-zuendkerzen-ersatzteile","126":"product_tag-ram-zuendkerzen-heavy-duty","127":"product_tag-ram-zuendkerzen-online-shop","128":"product_tag-ram-zuendkerzen-tuning","129":"product_tag-riemen","130":"product_tag-ruthenium","131":"product_tag-service","132":"product_tag-sp079888ab","133":"product_tag-sp138239ac","134":"product_tag-sp142582ab","135":"product_tag-sp143877aa","136":"product_tag-sp143877ab","137":"product_tag-sp148183ab","138":"product_tag-sp148183ac","139":"product_tag-splzfr5b13","140":"product_tag-splzfr5c11","141":"product_tag-teile","142":"product_tag-wartung","143":"product_tag-zubehoer","144":"product_tag-zuendkerze","145":"product_tag-zuendkerzen-ersatzteile-ram-6-4","146":"product_tag-zuendkerzen-fuer-ram-2500-6-4-hemi","147":"product_tag-zuendkerzen-fuer-ram-6-4-motor","148":"product_tag-zuendkerzen-fuer-tuning-ram-6-4-hemi","149":"product_tag-zuendkerzen-ram","150":"product_tag-zuendkerzen-ram-2500","151":"product_tag-zuendkerzen-ram-2500-ficki","152":"product_tag-zuendkerzen-ram-3500","153":"product_tag-zuendkerzen-ram-heavy-duty","154":"product_tag-zuendkerzen-spezifikationen-ram-6-4","155":"product_tag-zuendkerzen-temperaturbereich-ram-6-4","157":"first","158":"instock","159":"taxable","160":"shipping-taxable","161":"purchasable","162":"product-type-simple"},"bundled_by":[],"bundle_stock_status":"instock","bundle_stock_quantity":7,"bundle_virtual":false,"bundle_layout":"","bundle_add_to_cart_form_location":"","bundle_editable_in_cart":false,"bundle_sold_individually_context":"","bundle_item_grouping":"","bundle_min_size":"","bundle_max_size":"","bundle_price":[],"bundled_items":[],"bundle_sell_ids":[],"exclude_global_add_ons":[],"addons":[],"acf":[],"_links":{"self":[{"href":"https:\/\/kraftwerk-shop.cc\/pl\/wp-json\/wp\/v2\/product\/68316217","targetHints":{"allow":["GET"]}}],"collection":[{"href":"https:\/\/kraftwerk-shop.cc\/pl\/wp-json\/wp\/v2\/product"}],"about":[{"href":"https:\/\/kraftwerk-shop.cc\/pl\/wp-json\/wp\/v2\/types\/product"}],"replies":[{"embeddable":true,"href":"https:\/\/kraftwerk-shop.cc\/pl\/wp-json\/wp\/v2\/comments?post=68316217"}],"version-history":[{"count":0,"href":"https:\/\/kraftwerk-shop.cc\/pl\/wp-json\/wp\/v2\/product\/68316217\/revisions"}],"wp:featuredmedia":[{"embeddable":true,"href":"https:\/\/kraftwerk-shop.cc\/pl\/wp-json\/wp\/v2\/media\/68304702"}],"wp:attachment":[{"href":"https:\/\/kraftwerk-shop.cc\/pl\/wp-json\/wp\/v2\/media?parent=68316217"}],"wp:term":[{"taxonomy":"product_brand","embeddable":true,"href":"https:\/\/kraftwerk-shop.cc\/pl\/wp-json\/wp\/v2\/product_brand?post=68316217"},{"taxonomy":"product_cat","embeddable":true,"href":"https:\/\/kraftwerk-shop.cc\/pl\/wp-json\/wp\/v2\/product_cat?post=68316217"},{"taxonomy":"product_tag","embeddable":true,"href":"https:\/\/kraftwerk-shop.cc\/pl\/wp-json\/wp\/v2\/product_tag?post=68316217"}],"curies":[{"name":"wp","href":"https:\/\/api.w.org\/{rel}","templated":true}]}}