{"id":68316972,"date":"2025-03-15T14:30:18","date_gmt":"2025-03-15T13:30:18","guid":{"rendered":"https:\/\/kraftwerk-shop.cc\/?post_type=product&#038;p=68316972"},"modified":"2026-03-17T22:33:39","modified_gmt":"2026-03-17T21:33:39","slug":"mopar-shaker-narzedzie-68290613aa","status":"publish","type":"product","link":"https:\/\/kraftwerk-shop.cc\/pl\/produkt\/mopar-shaker-werkzeug-68290613aa\/","title":{"rendered":"Narz\u0119dzie do Shaker Mopar (68290613AA)"},"content":{"rendered":"<h1>Oryginalne narz\u0119dzie do Shaker Mopar (68290613AA)<\/h1>\n<p>&nbsp;<\/p>\n<p><span lang=\"DE\"><strong>Numer cz\u0119\u015bci Mopar:<\/strong> 68290613AA<br \/>\n<strong>Zast\u0105piony: <\/strong><span class=\"list-value\">\u2014<\/span><\/span><\/p>\n<p>&nbsp;<\/p>\n<p>To narz\u0119dzie mo\u017ce by\u0107 u\u017cywane do bezpiecznego zdejmowania nakr\u0119tek z pokrywy Shaker.<br \/>\nNiekt\u00f3re nakr\u0119tki s\u0105 trudno dost\u0119pne i mog\u0105 wpa\u015b\u0107 do komory silnika podczas demonta\u017cu.<br \/>\nNakr\u0119tki nie s\u0105 magnetyczne. Dzi\u0119ki temu narz\u0119dziu s\u0105 one mechanicznie utrzymywane w narz\u0119dziu podczas demonta\u017cu, co zapobiega ich wypadni\u0119ciu.<\/p>\n<p>&nbsp;<\/p>\n<p>&nbsp;<\/p>\n<h4>Dlaczego warto wybra\u0107 oryginalne cz\u0119\u015bci zamienne Mopar?<\/h4>\n<p><strong>Idealne dopasowanie i najwy\u017csza jako\u015b\u0107:<\/strong> Oryginalne cz\u0119\u015bci zamienne Mopar s\u0105 produkowane zgodnie ze \u015bcis\u0142ymi specyfikacjami producenta, co oznacza, \u017ce idealnie pasuj\u0105 do Twojego pojazdu. Zapewnia to nie tylko \u0142atw\u0105 instalacj\u0119, ale tak\u017ce optymaln\u0105 funkcjonalno\u015b\u0107 i bezpiecze\u0144stwo.<\/p>\n<p><strong>Niezawodno\u015b\u0107 i trwa\u0142o\u015b\u0107:<\/strong> Dzi\u0119ki zastosowaniu wysokiej jako\u015bci materia\u0142\u00f3w i rygorystycznej kontroli jako\u015bci, cz\u0119\u015bci zamienne Mopar zapewniaj\u0105 niezawodne dzia\u0142anie pojazdu nawet w ekstremalnych warunkach. Zosta\u0142y zaprojektowane z my\u015bl\u0105 o trwa\u0142o\u015bci i maksymalizacji osi\u0105g\u00f3w pojazdu.<\/p>\n<p>&nbsp;<\/p>\n<p>&nbsp;<\/p>","protected":false},"excerpt":{"rendered":"<p>Oryginalna cz\u0119\u015b\u0107 Mopar<\/p>","protected":false},"featured_media":68316974,"comment_status":"open","ping_status":"closed","template":"","meta":{"_acf_changed":false},"product_brand":[16270],"product_cat":[10262,1680,1704],"product_tag":[12651,10785,54,49,31,8813,9424,16271,16273,12652,12672,12660,12668,12654,12678,12682,12680,12677,12657,12662,12674,12670,12659,12653,12669,12664,12667,12681,12665,12655,12666,12656,12675,12673,12663,12671,12676,12679,12661,12658,16275,16272,16274,7221,10786,10787,733],"class_list":{"0":"post-68316972","1":"product","2":"type-product","3":"status-publish","4":"has-post-thumbnail","6":"product_brand-mopar","7":"product_cat-alle-produkte","8":"product_cat-challenger-57-zubehoer","9":"product_cat-challenger-64-zubehoer","10":"product_tag-068290613aa","11":"product_tag-68290613aa","12":"product_tag-challenger","13":"product_tag-dodge","14":"product_tag-mopar","15":"product_tag-mopar-autoteile","16":"product_tag-mopar-ersatzteile","17":"product_tag-mopar-ersatzteile-kaufen","18":"product_tag-mopar-performance-teile","19":"product_tag-mopar-shaker-werkzeug","20":"product_tag-mopar-shaker-werkzeug-angebot","21":"product_tag-mopar-shaker-werkzeug-anleitung","22":"product_tag-mopar-shaker-werkzeug-anwendung","23":"product_tag-mopar-shaker-werkzeug-bestellen","24":"product_tag-mopar-shaker-werkzeug-bewertungen","25":"product_tag-mopar-shaker-werkzeug-demontage","26":"product_tag-mopar-shaker-werkzeug-empfehlung","27":"product_tag-mopar-shaker-werkzeug-erfahrungen","28":"product_tag-mopar-shaker-werkzeug-ersatzteil","29":"product_tag-mopar-shaker-werkzeug-funktion","30":"product_tag-mopar-shaker-werkzeug-guenstig","31":"product_tag-mopar-shaker-werkzeug-haendler","32":"product_tag-mopar-shaker-werkzeug-installation","33":"product_tag-mopar-shaker-werkzeug-kaufen","34":"product_tag-mopar-shaker-werkzeug-kaufen-deutschland","35":"product_tag-mopar-shaker-werkzeug-kit","36":"product_tag-mopar-shaker-werkzeug-kompatibel","37":"product_tag-mopar-shaker-werkzeug-montage","38":"product_tag-mopar-shaker-werkzeug-oem","39":"product_tag-mopar-shaker-werkzeug-online","40":"product_tag-mopar-shaker-werkzeug-original","41":"product_tag-mopar-shaker-werkzeug-preis","42":"product_tag-mopar-shaker-werkzeug-qualitaet","43":"product_tag-mopar-shaker-werkzeug-rabatt","44":"product_tag-mopar-shaker-werkzeug-set","45":"product_tag-mopar-shaker-werkzeug-shop","46":"product_tag-mopar-shaker-werkzeug-test","47":"product_tag-mopar-shaker-werkzeug-vergleich","48":"product_tag-mopar-shaker-werkzeug-verwendung","49":"product_tag-mopar-shaker-werkzeug-zubehoer","50":"product_tag-mopar-teile-katalog","51":"product_tag-mopar-teile-online","52":"product_tag-mopar-tuningteile","53":"product_tag-mopar10","54":"product_tag-shaker","55":"product_tag-shaker-hood","56":"product_tag-werkzeug","58":"first","59":"instock","60":"taxable","61":"shipping-taxable","62":"purchasable","63":"product-type-simple"},"bundled_by":[],"bundle_stock_status":"instock","bundle_stock_quantity":1,"bundle_virtual":false,"bundle_layout":"","bundle_add_to_cart_form_location":"","bundle_editable_in_cart":false,"bundle_sold_individually_context":"","bundle_item_grouping":"","bundle_min_size":"","bundle_max_size":"","bundle_price":[],"bundled_items":[],"bundle_sell_ids":[],"exclude_global_add_ons":[],"addons":[],"acf":[],"_links":{"self":[{"href":"https:\/\/kraftwerk-shop.cc\/pl\/wp-json\/wp\/v2\/product\/68316972","targetHints":{"allow":["GET"]}}],"collection":[{"href":"https:\/\/kraftwerk-shop.cc\/pl\/wp-json\/wp\/v2\/product"}],"about":[{"href":"https:\/\/kraftwerk-shop.cc\/pl\/wp-json\/wp\/v2\/types\/product"}],"replies":[{"embeddable":true,"href":"https:\/\/kraftwerk-shop.cc\/pl\/wp-json\/wp\/v2\/comments?post=68316972"}],"version-history":[{"count":0,"href":"https:\/\/kraftwerk-shop.cc\/pl\/wp-json\/wp\/v2\/product\/68316972\/revisions"}],"wp:featuredmedia":[{"embeddable":true,"href":"https:\/\/kraftwerk-shop.cc\/pl\/wp-json\/wp\/v2\/media\/68316974"}],"wp:attachment":[{"href":"https:\/\/kraftwerk-shop.cc\/pl\/wp-json\/wp\/v2\/media?parent=68316972"}],"wp:term":[{"taxonomy":"product_brand","embeddable":true,"href":"https:\/\/kraftwerk-shop.cc\/pl\/wp-json\/wp\/v2\/product_brand?post=68316972"},{"taxonomy":"product_cat","embeddable":true,"href":"https:\/\/kraftwerk-shop.cc\/pl\/wp-json\/wp\/v2\/product_cat?post=68316972"},{"taxonomy":"product_tag","embeddable":true,"href":"https:\/\/kraftwerk-shop.cc\/pl\/wp-json\/wp\/v2\/product_tag?post=68316972"}],"curies":[{"name":"wp","href":"https:\/\/api.w.org\/{rel}","templated":true}]}}