{"id":68316989,"date":"2025-03-15T15:56:19","date_gmt":"2025-03-15T14:56:19","guid":{"rendered":"https:\/\/kraftwerk-shop.cc\/?post_type=product&#038;p=68316989"},"modified":"2026-04-02T11:05:18","modified_gmt":"2026-04-02T09:05:18","slug":"dba-friction-ring-53951-1s-challenger-charger","status":"publish","type":"product","link":"https:\/\/kraftwerk-shop.cc\/pl\/produkt\/dba-reibring-53951-1s-challenger-charger\/","title":{"rendered":"Pier\u015bcie\u0144 cierny DBA dla Dodge Challenger\/ Charger 6.4 i Hellcat"},"content":{"rendered":"<h1>Pier\u015bcie\u0144 cierny DBA 53951.1S do 2-cz\u0119\u015bciowej tarczy hamulcowej 400 mm w modelach Dodge, Challenger, Charger 6.4 i Hellcat 2021-2023 z 6-t\u0142oczkowym hamulcem Brembo.<\/h1>\n<p>&nbsp;<\/p>\n<p><strong>Liczby por\u00f3wnawcze Mopar:<\/strong> <span class=\"list-value sku-display\">68474086AB, 68474086AC, 68474087AB<\/span>, <span class=\"list-value sku-display\">68474087AC<\/span><\/p>\n<p>&nbsp;<\/p>\n<p>Dzi\u0119ki dwucz\u0119\u015bciowej konstrukcji oryginalnych tarcz hamulcowych mo\u017cliwe jest dalsze korzystanie z oryginalnego garnka tarczy.<br \/>\nNa pier\u015bcieniu znajduj\u0105 si\u0119 trzy kolorowe oznaczenia, kt\u00f3re s\u0142u\u017c\u0105 jako wska\u017anik najwy\u017cszej osi\u0105gni\u0119tej temperatury.<\/p>\n<p>&nbsp;<\/p>\n<p><strong>Odpowiedni dla:<\/strong><\/p>\n<table width=\"578\">\n<tbody>\n<tr>\n<td width=\"83\"><strong>Marka<\/strong><\/td>\n<td width=\"141\"><strong>Model<\/strong><\/td>\n<td width=\"73\"><strong>Silnik<\/strong><\/td>\n<td width=\"281\"><strong>Rok<\/strong><\/td>\n<\/tr>\n<tr>\n<td width=\"83\">Dodge<\/td>\n<td width=\"141\">Challenger<\/td>\n<td width=\"73\">6.4 SRT<\/td>\n<td width=\"281\">2021 - 2023 z tarczami hamulcowymi 400 mm<\/td>\n<\/tr>\n<tr>\n<td width=\"83\">Dodge<\/td>\n<td width=\"141\">Challenger Hellcat<\/td>\n<td width=\"73\">6.2<\/td>\n<td width=\"281\">2021 - 2023 z tarczami hamulcowymi 400 mm<\/td>\n<\/tr>\n<tr>\n<td width=\"83\">Dodge<\/td>\n<td width=\"141\">Charger<\/td>\n<td width=\"73\">6.4 SRT<\/td>\n<td width=\"281\">2021 - 2023 z tarczami hamulcowymi 400 mm<\/td>\n<\/tr>\n<tr>\n<td width=\"83\">Dodge<\/td>\n<td width=\"141\">Charger Hellcat<\/td>\n<td width=\"73\">6.2<\/td>\n<td width=\"281\">2021 - 2023 z tarczami hamulcowymi 400 mm<\/td>\n<\/tr>\n<\/tbody>\n<\/table>\n<p>&nbsp;<\/p>\n<p><strong>Zakres dostawy:<\/strong><\/p>\n<ul>\n<li>1 Pier\u015bcie\u0144 cierny<\/li>\n<\/ul>\n<p>Do przedniej osi wymagane s\u0105 2 sztuki.<\/p>\n<p>&nbsp;<\/p>\n<table id=\"xoverview\" class=\"table\">\n<tbody>\n<tr>\n<td><strong>Funkcja<\/strong><\/td>\n<td><b>Opis<\/b><\/td>\n<td><b>Przewaga<\/b><\/td>\n<\/tr>\n<tr>\n<td rowspan=\"3\"><img decoding=\"async\" class=\"icon\" title=\"T3\" src=\"https:\/\/3cerp.eu\/api\/file\/DBA_T3.png\" alt=\"T3\" width=\"79\" height=\"55\" \/><\/p>\n<p><strong>Gniazdo T3 48 precyzyjnych gniazd frezowanych CNC<\/strong><\/td>\n<td>Tr\u00f3jsymetryczne szczeliny t\u0142umi\u0105 wibracje i ha\u0142as<\/td>\n<td>Bardziej mi\u0119kki, czu\u0142y i p\u0142ynny peda\u0142 hamulca<\/td>\n<\/tr>\n<tr>\n<td>Zwi\u0119kszona liczba punkt\u00f3w wyj\u015bcia dla gaz\u00f3w ciernych z klock\u00f3w hamulcowych, kt\u00f3re wydostaj\u0105 si\u0119 przez uniwersaln\u0105 konstrukcj\u0119 szczeliny<\/td>\n<td>Zwi\u0119ksza r\u00f3wnomierno\u015b\u0107 i skuteczno\u015b\u0107 ka\u017cdego procesu hamowania<\/td>\n<\/tr>\n<tr>\n<td><\/td>\n<td>Nie s\u0105 wymagane r\u00f3\u017cne tarcze hamulcowe po lewej i prawej stronie<\/td>\n<\/tr>\n<tr>\n<td rowspan=\"2\"><img decoding=\"async\" class=\"icon\" title=\"KANGAROO_PAW\" src=\"https:\/\/3cerp.eu\/api\/file\/KANGAROO_PAW.jpg\" alt=\"KANGAROO_PAW\" width=\"80\" height=\"79\" \/><b><\/b><\/p>\n<p><b>Kangaroo Paw - system wentylacji kolumn 144 Diamond i Tear Drop<br \/>\n<\/b><\/td>\n<td>Zwi\u0119kszona powierzchnia prowadzi do lepszego rozpraszania ciep\u0142a<\/td>\n<td>Minimalizuje zanikanie hamulc\u00f3w i zwi\u0119ksza skuteczno\u015b\u0107 hamowania<\/td>\n<\/tr>\n<tr>\n<td>Zwi\u0119kszona powierzchnia prowadzi do lepszego rozpraszania ciep\u0142a<\/td>\n<td>Wyd\u0142u\u017ca \u017cywotno\u015b\u0107 klock\u00f3w i tarcz hamulcowych. Redukuje uszkodzenia mechaniczne i zwi\u0105zane z nimi koszty<\/td>\n<\/tr>\n<tr>\n<td><img decoding=\"async\" class=\"icon\" title=\"DBA_XG150\" src=\"https:\/\/3cerp.eu\/api\/file\/DBA_XG150.png\" alt=\"DBA_XG150\" width=\"80\" height=\"45\" \/><b><\/b><\/p>\n<p><b>XG150 \u017beliwo stopowe o wysokiej zawarto\u015bci w\u0119gla<br \/>\n<\/b><\/td>\n<td>Zwi\u0119kszona pojemno\u015b\u0107 cieplna umo\u017cliwia tarczy hamulcowej radzenie sobie z ekstremalnymi temperaturami przez d\u0142u\u017cszy czas.<\/td>\n<td>Minimalizuje odkszta\u0142cenia i p\u0119kni\u0119cia oraz wyd\u0142u\u017ca \u017cywotno\u015b\u0107 tarczy hamulcowej.<\/td>\n<\/tr>\n<tr>\n<td><img decoding=\"async\" class=\"icon\" title=\"DBA_TSP\" src=\"https:\/\/3cerp.eu\/api\/file\/DBA_TSP.png\" alt=\"DBA_TSP\" width=\"80\" height=\"35\" \/><b><\/b><\/p>\n<p><strong>Profil stabilno\u015bci termicznej<\/strong><\/td>\n<td>Specjalny rozw\u00f3j dostosowany do procesu DBA TSP<\/td>\n<td>Minimalizuje odkszta\u0142cenia i p\u0119kni\u0119cia oraz wyd\u0142u\u017ca \u017cywotno\u015b\u0107 tarczy hamulcowej.<\/td>\n<\/tr>\n<tr>\n<td rowspan=\"2\"><strong><img decoding=\"async\" class=\"icon\" title=\"DBA_TTM\" src=\"https:\/\/3cerp.eu\/api\/file\/DBA_TTM.png\" alt=\"DBA_TTM\" width=\"80\" height=\"60\" \/><\/strong><\/p>\n<p><strong>Termograficzne monitorowanie temperatury<\/strong><\/td>\n<td>Oznaczenia kolor\u00f3w ciep\u0142a zmieniaj\u0105 kolor przy okre\u015blonych progach temperatury<\/td>\n<td>Zapewnia kierowcy wyra\u017any wy\u015bwietlacz szczytowych temperatur hamowania.<\/td>\n<\/tr>\n<tr>\n<td>Je\u015bli progi temperatury zostan\u0105 przekroczone, kolorowe oznaczenia zmieni\u0105 kolor na sta\u0142e<\/td>\n<td>Umo\u017cliwia kierowcy monitorowanie zm\u0119czenia tarcz hamulcowych i podejmowanie decyzji o ich wymianie, a tak\u017ce pomaga dealerom w zg\u0142aszaniu roszcze\u0144 gwarancyjnych.<\/td>\n<\/tr>\n<tr>\n<td rowspan=\"2\"><strong><img decoding=\"async\" class=\"icon\" title=\"DBA_Pain_Protection\" src=\"https:\/\/3cerp.eu\/api\/file\/DBA_Pain_Protection.png\" alt=\"DBA_Pain_Protection\" width=\"80\" height=\"85\" \/><\/strong><\/p>\n<p><strong>Ochrona lakieru na powierzchniach bez tarcia<\/strong><\/td>\n<td>Zmniejsza korozj\u0119<\/td>\n<td>Zapobiega powstawaniu nieestetycznej rdzy<\/td>\n<\/tr>\n<tr>\n<td>Poprawia wygl\u0105d<\/td>\n<td>Zwi\u0119ksza warto\u015b\u0107 produktu<\/td>\n<\/tr>\n<\/tbody>\n<\/table>","protected":false},"excerpt":{"rendered":"<p>Nadaje si\u0119 do tarcz hamulcowych 400 mm (2021 - 2023)<\/p>","protected":false},"featured_media":68316994,"comment_status":"open","ping_status":"closed","template":"","meta":{"_acf_changed":false},"product_brand":[18922],"product_cat":[10262,17737,17693,17689,17761,17765],"product_tag":[12683,12684,12685,12686,2066,2373,4526,217,2758,10790,854,4629,10706,4630,10707,832,795,796,3946,10802,54,53,536,789,429,49,3853,12697,12698,12702,12700,12699,12703,12706,12707,12701,12704,12705,12687,12691,12689,12688,12692,12695,12696,12690,12708,12709,12713,12711,12710,12714,12717,12718,12712,12715,12716,12693,12694,3854,12729,12730,12734,12732,12731,12735,12738,12739,12733,12736,12737,12719,12723,12721,12720,12724,12727,12728,12722,12740,12741,12745,12743,12742,12746,12749,12750,12744,12747,12748,12725,12726,204,100,441,36,31,96,841,673],"class_list":{"0":"post-68316989","1":"product","2":"type-product","3":"status-publish","4":"has-post-thumbnail","6":"product_brand-dba","7":"product_cat-alle-produkte","8":"product_cat-300c-64-bremsscheiben-vorne","9":"product_cat-challenger-hellcat-bremsscheiben-vorne","10":"product_cat-challenger-64-bremsscheiben-vorne","11":"product_cat-charger-hellcat-bremsscheiben-vorne","12":"product_cat-charger-64-bremsscheiben-vorne","13":"product_tag-068474086ab","14":"product_tag-068474086ac","15":"product_tag-068474087ab","16":"product_tag-068474087ac","17":"product_tag-2066","18":"product_tag-2373","19":"product_tag-4526","20":"product_tag-217","21":"product_tag-400-mm","22":"product_tag-53951-1s","23":"product_tag-6-kolben","24":"product_tag-68474086ab","25":"product_tag-68474086ac","26":"product_tag-68474087ab","27":"product_tag-68474087ac","28":"product_tag-brembo","29":"product_tag-bremse","30":"product_tag-bremsscheibe","31":"product_tag-bremsscheiben-fuer-dodge-challenger","32":"product_tag-bremsscheiben-fuer-dodge-challenger-6-4","33":"product_tag-challenger","34":"product_tag-charger","35":"product_tag-chrysler-300c","36":"product_tag-dba","37":"product_tag-deutschland","38":"product_tag-dodge","39":"product_tag-dodge-challenger","40":"product_tag-dodge-challenger-6-4-srt","41":"product_tag-dodge-challenger-6-4-srt-bremsscheibe","42":"product_tag-dodge-challenger-6-4-srt-bremsscheibe-hinten","43":"product_tag-dodge-challenger-6-4-srt-bremsscheibe-vorne","44":"product_tag-dodge-challenger-6-4-srt-bremsscheiben","45":"product_tag-dodge-challenger-6-4-srt-bremsscheiben-hinten","46":"product_tag-dodge-challenger-6-4-srt-bremsscheiben-reibring","47":"product_tag-dodge-challenger-6-4-srt-bremsscheiben-reibringe","48":"product_tag-dodge-challenger-6-4-srt-bremsscheiben-vorne","49":"product_tag-dodge-challenger-6-4-srt-reibring","50":"product_tag-dodge-challenger-6-4-srt-reibringe","51":"product_tag-dodge-challenger-bremsscheibe","52":"product_tag-dodge-challenger-bremsscheibe-hinten","53":"product_tag-dodge-challenger-bremsscheibe-vorne","54":"product_tag-dodge-challenger-bremsscheiben","55":"product_tag-dodge-challenger-bremsscheiben-hinten","56":"product_tag-dodge-challenger-bremsscheiben-reibring","57":"product_tag-dodge-challenger-bremsscheiben-reibringe","58":"product_tag-dodge-challenger-bremsscheiben-vorne","59":"product_tag-dodge-challenger-hellcat","60":"product_tag-dodge-challenger-hellcat-bremsscheibe","61":"product_tag-dodge-challenger-hellcat-bremsscheibe-hinten","62":"product_tag-dodge-challenger-hellcat-bremsscheibe-vorne","63":"product_tag-dodge-challenger-hellcat-bremsscheiben","64":"product_tag-dodge-challenger-hellcat-bremsscheiben-hinten","65":"product_tag-dodge-challenger-hellcat-bremsscheiben-reibring","66":"product_tag-dodge-challenger-hellcat-bremsscheiben-reibringe","67":"product_tag-dodge-challenger-hellcat-bremsscheiben-vorne","68":"product_tag-dodge-challenger-hellcat-reibring","69":"product_tag-dodge-challenger-hellcat-reibringe","70":"product_tag-dodge-challenger-reibring","71":"product_tag-dodge-challenger-reibringe","72":"product_tag-dodge-charger","73":"product_tag-dodge-charger-6-4-srt","74":"product_tag-dodge-charger-6-4-srt-bremsscheibe","75":"product_tag-dodge-charger-6-4-srt-bremsscheibe-hinten","76":"product_tag-dodge-charger-6-4-srt-bremsscheibe-vorne","77":"product_tag-dodge-charger-6-4-srt-bremsscheiben","78":"product_tag-dodge-charger-6-4-srt-bremsscheiben-hinten","79":"product_tag-dodge-charger-6-4-srt-bremsscheiben-reibring","80":"product_tag-dodge-charger-6-4-srt-bremsscheiben-reibringe","81":"product_tag-dodge-charger-6-4-srt-bremsscheiben-vorne","82":"product_tag-dodge-charger-6-4-srt-reibring","83":"product_tag-dodge-charger-6-4-srt-reibringe","84":"product_tag-dodge-charger-bremsscheibe","85":"product_tag-dodge-charger-bremsscheibe-hinten","86":"product_tag-dodge-charger-bremsscheibe-vorne","87":"product_tag-dodge-charger-bremsscheiben","88":"product_tag-dodge-charger-bremsscheiben-hinten","89":"product_tag-dodge-charger-bremsscheiben-reibring","90":"product_tag-dodge-charger-bremsscheiben-reibringe","91":"product_tag-dodge-charger-bremsscheiben-vorne","92":"product_tag-dodge-charger-hellcat","93":"product_tag-dodge-charger-hellcat-bremsscheibe","94":"product_tag-dodge-charger-hellcat-bremsscheibe-hinten","95":"product_tag-dodge-charger-hellcat-bremsscheibe-vorne","96":"product_tag-dodge-charger-hellcat-bremsscheiben","97":"product_tag-dodge-charger-hellcat-bremsscheiben-hinten","98":"product_tag-dodge-charger-hellcat-bremsscheiben-reibring","99":"product_tag-dodge-charger-hellcat-bremsscheiben-reibringe","100":"product_tag-dodge-charger-hellcat-bremsscheiben-vorne","101":"product_tag-dodge-charger-hellcat-reibring","102":"product_tag-dodge-charger-hellcat-reibringe","103":"product_tag-dodge-charger-reibring","104":"product_tag-dodge-charger-reibringe","105":"product_tag-ersatz","106":"product_tag-hellcat","107":"product_tag-kaufen","108":"product_tag-kraftwerk","109":"product_tag-mopar","110":"product_tag-srt","111":"product_tag-vorne","112":"product_tag-zubehoer","114":"first","115":"instock","116":"taxable","117":"shipping-taxable","118":"purchasable","119":"product-type-simple"},"bundled_by":[],"bundle_stock_status":"instock","bundle_stock_quantity":2,"bundle_virtual":false,"bundle_layout":"","bundle_add_to_cart_form_location":"","bundle_editable_in_cart":false,"bundle_sold_individually_context":"","bundle_item_grouping":"","bundle_min_size":"","bundle_max_size":"","bundle_price":[],"bundled_items":[],"bundle_sell_ids":[],"exclude_global_add_ons":[],"addons":[],"acf":[],"_links":{"self":[{"href":"https:\/\/kraftwerk-shop.cc\/pl\/wp-json\/wp\/v2\/product\/68316989","targetHints":{"allow":["GET"]}}],"collection":[{"href":"https:\/\/kraftwerk-shop.cc\/pl\/wp-json\/wp\/v2\/product"}],"about":[{"href":"https:\/\/kraftwerk-shop.cc\/pl\/wp-json\/wp\/v2\/types\/product"}],"replies":[{"embeddable":true,"href":"https:\/\/kraftwerk-shop.cc\/pl\/wp-json\/wp\/v2\/comments?post=68316989"}],"version-history":[{"count":0,"href":"https:\/\/kraftwerk-shop.cc\/pl\/wp-json\/wp\/v2\/product\/68316989\/revisions"}],"wp:featuredmedia":[{"embeddable":true,"href":"https:\/\/kraftwerk-shop.cc\/pl\/wp-json\/wp\/v2\/media\/68316994"}],"wp:attachment":[{"href":"https:\/\/kraftwerk-shop.cc\/pl\/wp-json\/wp\/v2\/media?parent=68316989"}],"wp:term":[{"taxonomy":"product_brand","embeddable":true,"href":"https:\/\/kraftwerk-shop.cc\/pl\/wp-json\/wp\/v2\/product_brand?post=68316989"},{"taxonomy":"product_cat","embeddable":true,"href":"https:\/\/kraftwerk-shop.cc\/pl\/wp-json\/wp\/v2\/product_cat?post=68316989"},{"taxonomy":"product_tag","embeddable":true,"href":"https:\/\/kraftwerk-shop.cc\/pl\/wp-json\/wp\/v2\/product_tag?post=68316989"}],"curies":[{"name":"wp","href":"https:\/\/api.w.org\/{rel}","templated":true}]}}