{"id":68317004,"date":"2025-03-15T21:50:07","date_gmt":"2025-03-15T20:50:07","guid":{"rendered":"https:\/\/kraftwerk-shop.cc\/?post_type=product&#038;p=68317004"},"modified":"2026-04-03T13:16:23","modified_gmt":"2026-04-03T11:16:23","slug":"pasek-klinowy-mopar-5281957aa","status":"publish","type":"product","link":"https:\/\/kraftwerk-shop.cc\/pl\/produkt\/mopar-keilriemen-5281957aa\/","title":{"rendered":"Pasek klinowy Mopar RAM 1500 5.7 (5281957AA)"},"content":{"rendered":"<h1>Original Mopar Keilriemen 5281957AA f\u00fcr RAM 1500 <strong class=\"Yjhzub\" data-sfc-root=\"c\" data-sfc-cb=\"\" data-processed=\"true\">eTorque<\/strong> i Jeep Wagoneer 5,7<\/h1>\n<p>&nbsp;<\/p>\n<p><strong>Numer cz\u0119\u015bci Mopar:<\/strong> 5281957AA<br \/>\n<strong>Zast\u0105piony:<\/strong> \u2014<\/p>\n<p><strong><br \/>\nOdpowiedni dla:<\/strong><\/p>\n<table width=\"803\">\n<tbody>\n<tr>\n<td width=\"80\"><strong>Rok<\/strong><\/td>\n<td width=\"80\"><strong>Marka<\/strong><\/td>\n<td width=\"121\"><strong>Model<\/strong><\/td>\n<td width=\"324\"><strong>Wersja<\/strong><\/td>\n<td width=\"198\"><strong>Silnik<\/strong><\/td>\n<\/tr>\n<tr>\n<td width=\"80\">2024<\/td>\n<td width=\"80\">Ram<\/td>\n<td width=\"121\">1500<\/td>\n<td width=\"324\">Big Horn, Laramie, Limited, Limited Longhorn, Lone Star, Rebel, Tradesman<\/td>\n<td width=\"198\">5.7L V8 - Elektryczny\/Gazowy, 5.7L<\/td>\n<\/tr>\n<tr>\n<td width=\"80\">2023<\/td>\n<td width=\"80\">Jeep<\/td>\n<td width=\"121\">Wagoneer<\/td>\n<td width=\"324\">Base<\/td>\n<td width=\"198\">5.7L V8 - Elektryczny\/Gazowy<\/td>\n<\/tr>\n<tr>\n<td width=\"80\">2023<\/td>\n<td width=\"80\">Ram<\/td>\n<td width=\"121\">1500<\/td>\n<td width=\"324\">Big Horn, Laramie, Limited, Limited Longhorn, Lone Star, Rebel, Tradesman<\/td>\n<td width=\"198\">5.7L V8 - Elektryczny\/Gazowy, 5.7L<\/td>\n<\/tr>\n<tr>\n<td width=\"80\">2022<\/td>\n<td width=\"80\">Jeep<\/td>\n<td width=\"121\">Wagoneer<\/td>\n<td width=\"324\">Series II, Series III<\/td>\n<td width=\"198\">5.7L V8 - Elektryczny\/Gazowy<\/td>\n<\/tr>\n<tr>\n<td width=\"80\">2022<\/td>\n<td width=\"80\">Ram<\/td>\n<td width=\"121\">1500<\/td>\n<td width=\"324\">Big Horn, Laramie, Limited, Limited Longhorn, Lone Star, Rebel, Tradesman<\/td>\n<td width=\"198\">5.7L V8 - Elektryczny\/Gazowy, 5.7L<\/td>\n<\/tr>\n<tr>\n<td width=\"80\">2021<\/td>\n<td width=\"80\">Ram<\/td>\n<td width=\"121\">1500<\/td>\n<td width=\"324\">Big Horn, Laramie, Limited, Limited Longhorn, Lone Star, Rebel, Tradesman<\/td>\n<td width=\"198\">5.7L V8 - Elektryczny\/Gazowy, 5.7L<\/td>\n<\/tr>\n<tr>\n<td width=\"80\">2020<\/td>\n<td width=\"80\">Ram<\/td>\n<td width=\"121\">1500<\/td>\n<td width=\"324\">Big Horn, Laramie, Laramie Longhorn, Limited, Lone Star, Rebel, Tradesman<\/td>\n<td width=\"198\">5.7L V8 - Elektryczny\/Gazowy, 5.7L<\/td>\n<\/tr>\n<tr>\n<td width=\"80\">2019<\/td>\n<td width=\"80\">Ram<\/td>\n<td width=\"121\">1500<\/td>\n<td width=\"324\">Big Horn, Laramie, Laramie Longhorn, Limited, Lone Star, Rebel, Tradesman<\/td>\n<td width=\"198\">5.7L V8 - Elektryczny\/Gazowy, 5.7L<\/td>\n<\/tr>\n<\/tbody>\n<\/table>\n<p>&nbsp;<\/p>\n<h4>Dlaczego warto wybra\u0107 oryginalne cz\u0119\u015bci zamienne Mopar?<\/h4>\n<p><strong>Idealne dopasowanie i najwy\u017csza jako\u015b\u0107:<\/strong> Oryginalne cz\u0119\u015bci zamienne Mopar s\u0105 produkowane zgodnie ze \u015bcis\u0142ymi specyfikacjami producenta, co oznacza, \u017ce idealnie pasuj\u0105 do Twojego pojazdu. Zapewnia to nie tylko \u0142atw\u0105 instalacj\u0119, ale tak\u017ce optymaln\u0105 funkcjonalno\u015b\u0107 i bezpiecze\u0144stwo.<\/p>\n<p><strong>Niezawodno\u015b\u0107 i trwa\u0142o\u015b\u0107:<\/strong> Dzi\u0119ki zastosowaniu wysokiej jako\u015bci materia\u0142\u00f3w i rygorystycznej kontroli jako\u015bci, cz\u0119\u015bci zamienne Mopar zapewniaj\u0105 niezawodne dzia\u0142anie pojazdu nawet w ekstremalnych warunkach. Zosta\u0142y zaprojektowane z my\u015bl\u0105 o trwa\u0142o\u015bci i maksymalizacji osi\u0105g\u00f3w pojazdu.<\/p>\n<p>&nbsp;<\/p>","protected":false},"excerpt":{"rendered":"<p>Oryginalna cz\u0119\u015b\u0107 Mopar<\/p>","protected":false},"featured_media":68317467,"comment_status":"open","ping_status":"closed","template":"","meta":{"_acf_changed":false},"product_brand":[16270],"product_cat":[10262,7524],"product_tag":[12497,419,420,2066,2373,4526,6297,10792,49,10560,12496,12495,2225,12472,12501,12494,12477,736,12480,12482,12488,12487,12470,12486,12469,12492,12478,12491,7613,36,31,12499,12498,8813,9424,16271,12466,12468,12485,12467,16273,16275,16272,16274,7221,34,12484,12483,35,86,12471,12473,12500,12493,12476,735,674,38,12479,37,673,12490,12489],"class_list":{"0":"post-68317004","1":"product","2":"type-product","3":"status-publish","4":"has-post-thumbnail","6":"product_brand-mopar","7":"product_cat-alle-produkte","8":"product_cat-1500-57-dt-riemenantrieb","9":"product_tag-05281957aa","10":"product_tag-419","11":"product_tag-420","12":"product_tag-2066","13":"product_tag-2373","14":"product_tag-4526","15":"product_tag-6297","16":"product_tag-5281957aa","17":"product_tag-dodge","18":"product_tag-e-torque","19":"product_tag-ersatzteil-keilriemen-jeep-wagoneer","20":"product_tag-ersatzteil-keilriemen-ram-1500","21":"product_tag-etorque","22":"product_tag-jeep-wagoneer-5-7-keilriemen","23":"product_tag-jeep-wagoneer-keilriemen-5-7","24":"product_tag-jeep-wagoneer-keilriemen-kaufen","25":"product_tag-jeep-wagoneer-serpentine-belt","26":"product_tag-keilriemen","27":"product_tag-keilriemen-5-7","28":"product_tag-keilriemen-5-7-e-torque","29":"product_tag-keilriemen-fuer-jeep-wagoneer","30":"product_tag-keilriemen-fuer-ram-1500","31":"product_tag-keilriemen-jeep-wagoneer","32":"product_tag-keilriemen-oem-mopar","33":"product_tag-keilriemen-ram-1500","34":"product_tag-keilriemen-tauschen-jeep-wagoneer","35":"product_tag-keilriemen-v8-hemi","36":"product_tag-keilriemen-wechseln-ram-1500","37":"product_tag-keilrippenriemen","38":"product_tag-kraftwerk","39":"product_tag-mopar","40":"product_tag-mopar-05281957aa","41":"product_tag-mopar-5281957aa","42":"product_tag-mopar-autoteile","43":"product_tag-mopar-ersatzteile","44":"product_tag-mopar-ersatzteile-kaufen","45":"product_tag-mopar-keilriemen","46":"product_tag-mopar-keilriemen-jeep-wagoneer","47":"product_tag-mopar-keilriemen-original","48":"product_tag-mopar-keilriemen-ram-1500","49":"product_tag-mopar-performance-teile","50":"product_tag-mopar-teile-katalog","51":"product_tag-mopar-teile-online","52":"product_tag-mopar-tuningteile","53":"product_tag-mopar10","54":"product_tag-original","55":"product_tag-original-keilriemen-jeep-wagoneer","56":"product_tag-original-keilriemen-ram-1500","57":"product_tag-originalersatzteil","58":"product_tag-ram","59":"product_tag-ram-1500-5-7-keilriemen","60":"product_tag-ram-1500-e-torque-keilriemen","61":"product_tag-ram-1500-keilriemen-5-7-e-torque","62":"product_tag-ram-1500-keilriemen-kaufen","63":"product_tag-ram-1500-serpentine-belt","64":"product_tag-riemen","65":"product_tag-service","66":"product_tag-teile","67":"product_tag-v8-keilriemen-mopar","68":"product_tag-wartung","69":"product_tag-zubehoer","70":"product_tag-zubehoer-keilriemen-jeep","71":"product_tag-zubehoer-keilriemen-ram","73":"first","74":"onbackorder","75":"taxable","76":"shipping-taxable","77":"purchasable","78":"product-type-simple"},"bundled_by":[],"bundle_stock_status":"onbackorder","bundle_stock_quantity":0,"bundle_virtual":false,"bundle_layout":"","bundle_add_to_cart_form_location":"","bundle_editable_in_cart":false,"bundle_sold_individually_context":"","bundle_item_grouping":"","bundle_min_size":"","bundle_max_size":"","bundle_price":[],"bundled_items":[],"bundle_sell_ids":[],"exclude_global_add_ons":[],"addons":[],"acf":[],"_links":{"self":[{"href":"https:\/\/kraftwerk-shop.cc\/pl\/wp-json\/wp\/v2\/product\/68317004","targetHints":{"allow":["GET"]}}],"collection":[{"href":"https:\/\/kraftwerk-shop.cc\/pl\/wp-json\/wp\/v2\/product"}],"about":[{"href":"https:\/\/kraftwerk-shop.cc\/pl\/wp-json\/wp\/v2\/types\/product"}],"replies":[{"embeddable":true,"href":"https:\/\/kraftwerk-shop.cc\/pl\/wp-json\/wp\/v2\/comments?post=68317004"}],"version-history":[{"count":0,"href":"https:\/\/kraftwerk-shop.cc\/pl\/wp-json\/wp\/v2\/product\/68317004\/revisions"}],"wp:featuredmedia":[{"embeddable":true,"href":"https:\/\/kraftwerk-shop.cc\/pl\/wp-json\/wp\/v2\/media\/68317467"}],"wp:attachment":[{"href":"https:\/\/kraftwerk-shop.cc\/pl\/wp-json\/wp\/v2\/media?parent=68317004"}],"wp:term":[{"taxonomy":"product_brand","embeddable":true,"href":"https:\/\/kraftwerk-shop.cc\/pl\/wp-json\/wp\/v2\/product_brand?post=68317004"},{"taxonomy":"product_cat","embeddable":true,"href":"https:\/\/kraftwerk-shop.cc\/pl\/wp-json\/wp\/v2\/product_cat?post=68317004"},{"taxonomy":"product_tag","embeddable":true,"href":"https:\/\/kraftwerk-shop.cc\/pl\/wp-json\/wp\/v2\/product_tag?post=68317004"}],"curies":[{"name":"wp","href":"https:\/\/api.w.org\/{rel}","templated":true}]}}