{"id":68317015,"date":"2025-03-16T00:47:05","date_gmt":"2025-03-15T23:47:05","guid":{"rendered":"https:\/\/kraftwerk-shop.cc\/?post_type=product&#038;p=68317015"},"modified":"2026-02-20T19:45:33","modified_gmt":"2026-02-20T18:45:33","slug":"wal-napedowy-mopar-53010748aa","status":"publish","type":"product","link":"https:\/\/kraftwerk-shop.cc\/pl\/produkt\/mopar-antriebswelle-53010748aa\/","title":{"rendered":"Wa\u0142 nap\u0119dowy Mopar (53010748AA)"},"content":{"rendered":"<h1>Oryginalny wa\u0142 nap\u0119dowy Mopar (53010748AA), prawa strona, do Chrysler 300C, Dodge Challenger i Charger 5.7, 6.2 i 6.4<\/h1>\n<p>&nbsp;<\/p>\n<p><span lang=\"DE\"><strong>Numer cz\u0119\u015bci Mopar:<\/strong> 53010748AA<br \/>\n<strong>Zast\u0105piony:\u00a0<\/strong>\u00a053010670AB, 53010670AC, 53010670AD<\/span><\/p>\n<p>&nbsp;<\/p>\n<p><strong>Odpowiedni dla:<\/strong><\/p>\n<table width=\"803\">\n<tbody>\n<tr>\n<td width=\"80\"><strong>Rok<\/strong><\/td>\n<td width=\"80\"><strong>Marka<\/strong><\/td>\n<td width=\"121\"><strong>Model<\/strong><\/td>\n<td width=\"324\"><strong>Wersja<\/strong><\/td>\n<td width=\"198\"><strong>Silnik<\/strong><\/td>\n<\/tr>\n<tr>\n<td width=\"80\">2023<\/td>\n<td width=\"80\">Chrysler<\/td>\n<td width=\"121\">300<\/td>\n<td width=\"324\">C<\/td>\n<td width=\"198\">6.4L<\/td>\n<\/tr>\n<tr>\n<td width=\"80\">2023<\/td>\n<td width=\"80\">Dodge<\/td>\n<td width=\"121\">Challenger<\/td>\n<td width=\"324\">R\/T, R\/T Scat Pack, R\/T Scat Pack Widebody, SRT Hellcat Jailbreak, SRT Hellcat Redeye Jailbreak, SRT Hellcat Redeye Widebody Jailbreak, SRT Hellcat Widebody Jailbreak, SRT Super Stock<\/td>\n<td width=\"198\">6.2L, 6.4L<\/td>\n<\/tr>\n<tr>\n<td width=\"80\">2023<\/td>\n<td width=\"80\">Dodge<\/td>\n<td width=\"121\">Charger<\/td>\n<td width=\"324\">Scat Pack, Scat Pack Widebody<\/td>\n<td width=\"198\">6.4L<\/td>\n<\/tr>\n<tr>\n<td width=\"80\">2022<\/td>\n<td width=\"80\">Dodge<\/td>\n<td width=\"121\">Challenger<\/td>\n<td width=\"324\">R\/T Scat Pack, R\/T Scat Pack Widebody, SRT Hellcat, SRT Hellcat Redeye, SRT Hellcat Redeye Widebody, SRT Hellcat Widebody, SRT Jailbreak, SRT Super Stock<\/td>\n<td width=\"198\">6.2L, 6.4L<\/td>\n<\/tr>\n<tr>\n<td width=\"80\">2022<\/td>\n<td width=\"80\">Dodge<\/td>\n<td width=\"121\">Charger<\/td>\n<td width=\"324\">Scat Pack, Scat Pack Widebody<\/td>\n<td width=\"198\">6.4L<\/td>\n<\/tr>\n<tr>\n<td width=\"80\">2021<\/td>\n<td width=\"80\">Dodge<\/td>\n<td width=\"121\">Challenger<\/td>\n<td width=\"324\">R\/T Scat Pack, R\/T Scat Pack Widebody, SRT Hellcat, SRT Hellcat Redeye, SRT Hellcat Redeye Widebody, SRT Hellcat Widebody, SRT Super Stock<\/td>\n<td width=\"198\">6.2L, 6.4L<\/td>\n<\/tr>\n<tr>\n<td width=\"80\">2021<\/td>\n<td width=\"80\">Dodge<\/td>\n<td width=\"121\">Charger<\/td>\n<td width=\"324\">Scat Pack<\/td>\n<td width=\"198\">6.4L<\/td>\n<\/tr>\n<tr>\n<td width=\"80\">2020<\/td>\n<td width=\"80\">Dodge<\/td>\n<td width=\"121\">Challenger<\/td>\n<td width=\"324\">R\/T Scat Pack, R\/T Scat Pack Widebody, SRT Hellcat, SRT Hellcat Redeye, SRT Hellcat Redeye Widebody, SRT Hellcat Widebody<\/td>\n<td width=\"198\">6.2L, 6.4L<\/td>\n<\/tr>\n<tr>\n<td width=\"80\">2020<\/td>\n<td width=\"80\">Dodge<\/td>\n<td width=\"121\">Charger<\/td>\n<td width=\"324\">Scat Pack<\/td>\n<td width=\"198\">6.4L<\/td>\n<\/tr>\n<tr>\n<td width=\"80\">2019<\/td>\n<td width=\"80\">Dodge<\/td>\n<td width=\"121\">Challenger<\/td>\n<td width=\"324\">R\/T Scat Pack, R\/T Scat Pack Widebody, SRT Hellcat, SRT Hellcat Redeye, SRT Hellcat Redeye Widebody, SRT Hellcat Widebody<\/td>\n<td width=\"198\">6.2L, 6.4L<\/td>\n<\/tr>\n<tr>\n<td width=\"80\">2019<\/td>\n<td width=\"80\">Dodge<\/td>\n<td width=\"121\">Charger<\/td>\n<td width=\"324\">SRT Hellcat, Scat Pack<\/td>\n<td width=\"198\">6.2L, 6.4L<\/td>\n<\/tr>\n<tr>\n<td width=\"80\">2018<\/td>\n<td width=\"80\">Dodge<\/td>\n<td width=\"121\">Challenger<\/td>\n<td width=\"324\">R\/T Scat Pack, SRT 392, SRT Demon, SRT Hellcat, SRT Hellcat Widebody, T\/A 392<\/td>\n<td width=\"198\">6.2L, 6.4L<\/td>\n<\/tr>\n<tr>\n<td width=\"80\">2018<\/td>\n<td width=\"80\">Dodge<\/td>\n<td width=\"121\">Charger<\/td>\n<td width=\"324\">Pursuit, R\/T, R\/T Scat Pack, SRT 392, SRT Hellcat<\/td>\n<td width=\"198\">5.7L, 6.2L, 6.4L<\/td>\n<\/tr>\n<tr>\n<td width=\"80\">2017<\/td>\n<td width=\"80\">Dodge<\/td>\n<td width=\"121\">Challenger<\/td>\n<td width=\"324\">R\/T Scat Pack, SRT 392, SRT Hellcat, T\/A 392<\/td>\n<td width=\"198\">6.2L, 6.4L<\/td>\n<\/tr>\n<tr>\n<td width=\"80\">2017<\/td>\n<td width=\"80\">Dodge<\/td>\n<td width=\"121\">Charger<\/td>\n<td width=\"324\">R\/T Scat Pack, SRT 392, SRT Hellcat<\/td>\n<td width=\"198\">6.2L, 6.4L<\/td>\n<\/tr>\n<tr>\n<td width=\"80\">2016<\/td>\n<td width=\"80\">Dodge<\/td>\n<td width=\"121\">Challenger<\/td>\n<td width=\"324\">392 Hemi Scat Pack Shaker, R\/T Scat Pack, SRT 392, SRT Hellcat<\/td>\n<td width=\"198\">6.2L, 6.4L<\/td>\n<\/tr>\n<tr>\n<td width=\"80\">2016<\/td>\n<td width=\"80\">Dodge<\/td>\n<td width=\"121\">Charger<\/td>\n<td width=\"324\">R\/T Scat Pack, SRT 392, SRT Hellcat<\/td>\n<td width=\"198\">6.2L, 6.4L<\/td>\n<\/tr>\n<tr>\n<td width=\"80\">2015<\/td>\n<td width=\"80\">Dodge<\/td>\n<td width=\"121\">Challenger<\/td>\n<td width=\"324\">SRT 392, SRT Hellcat, Scat Pack<\/td>\n<td width=\"198\">6.2L, 6.4L<\/td>\n<\/tr>\n<tr>\n<td width=\"80\">2015<\/td>\n<td width=\"80\">Dodge<\/td>\n<td width=\"121\">Charger<\/td>\n<td width=\"324\">R\/T Scat Pack, SRT 392, SRT Hellcat<\/td>\n<td width=\"198\">6.2L, 6.4L<\/td>\n<\/tr>\n<\/tbody>\n<\/table>\n<p>&nbsp;<\/p>\n<p>&nbsp;<\/p>\n<h4>Dlaczego warto wybra\u0107 oryginalne cz\u0119\u015bci zamienne Mopar?<\/h4>\n<p><strong>Idealne dopasowanie i najwy\u017csza jako\u015b\u0107:<\/strong> Oryginalne cz\u0119\u015bci zamienne Mopar s\u0105 produkowane zgodnie ze \u015bcis\u0142ymi specyfikacjami producenta, co oznacza, \u017ce idealnie pasuj\u0105 do Twojego pojazdu. Zapewnia to nie tylko \u0142atw\u0105 instalacj\u0119, ale tak\u017ce optymaln\u0105 funkcjonalno\u015b\u0107 i bezpiecze\u0144stwo.<\/p>\n<p><strong>Niezawodno\u015b\u0107 i trwa\u0142o\u015b\u0107:<\/strong> Dzi\u0119ki zastosowaniu wysokiej jako\u015bci materia\u0142\u00f3w i rygorystycznej kontroli jako\u015bci, cz\u0119\u015bci zamienne Mopar zapewniaj\u0105 niezawodne dzia\u0142anie pojazdu nawet w ekstremalnych warunkach. Zosta\u0142y zaprojektowane z my\u015bl\u0105 o trwa\u0142o\u015bci i maksymalizacji osi\u0105g\u00f3w pojazdu.<\/p>\n<p>&nbsp;<\/p>","protected":false},"excerpt":{"rendered":"<p>Oryginalna cz\u0119\u015b\u0107 Mopar, prawa<\/p>\n<p>2015\u20132023<\/p>","protected":false},"featured_media":68317026,"comment_status":"open","ping_status":"closed","template":"","meta":{"_acf_changed":false},"product_brand":[16270],"product_cat":[10262,1587,1692,1700,5156,1627,1635],"product_tag":[18803,18804,18805,12502,249,250,251,252,419,420,2066,2373,4526,52,91,10794,10795,10796,10793,93,4206,3761,12533,12516,12514,12515,12532,12512,12513,12531,12522,12523,12510,12508,12509,12518,12520,12517,12521,12519,54,53,48,49,3853,12534,10779,10778,31,12504,12503,12505,12525,12524,12530,12529,12507,12506,12526,8813,9424,16271,12527,16273,12511,16275,16272,16274,7221,12528,2793],"class_list":{"0":"post-68317015","1":"product","2":"type-product","3":"status-publish","4":"has-post-thumbnail","6":"product_brand-mopar","7":"product_cat-alle-produkte","8":"product_cat-300c-64-fahrwerk","9":"product_cat-challenger-hellcat-fahrwerk","10":"product_cat-challenger-64-fahrwerk","11":"product_cat-charger-57-2011-2023-fahrwerk","12":"product_cat-charger-hellcat-fahrwerk","13":"product_cat-charger-64-fahrwerk","14":"product_tag-053010670ab","15":"product_tag-053010670ac","16":"product_tag-053010670ad","17":"product_tag-053010748aa","18":"product_tag-249","19":"product_tag-250","20":"product_tag-251","21":"product_tag-252","22":"product_tag-419","23":"product_tag-420","24":"product_tag-2066","25":"product_tag-2373","26":"product_tag-4526","27":"product_tag-300c","28":"product_tag-5-7","29":"product_tag-53010670ab","30":"product_tag-53010670ac","31":"product_tag-53010670ad","32":"product_tag-53010748aa","33":"product_tag-6-4","34":"product_tag-achse","35":"product_tag-antriebswelle","36":"product_tag-antriebswelle-300c-original","37":"product_tag-antriebswelle-chrysler-300c-6-4","38":"product_tag-antriebswelle-dodge-challenger-6-2","39":"product_tag-antriebswelle-dodge-challenger-6-4","40":"product_tag-antriebswelle-dodge-challenger-original","41":"product_tag-antriebswelle-dodge-charger-6-2","42":"product_tag-antriebswelle-dodge-charger-6-4","43":"product_tag-antriebswelle-dodge-charger-original","44":"product_tag-antriebswelle-hemi-6-2","45":"product_tag-antriebswelle-hemi-6-4","46":"product_tag-antriebswelle-rechts-300c","47":"product_tag-antriebswelle-rechts-challenger","48":"product_tag-antriebswelle-rechts-charger","49":"product_tag-antriebswelle-scat-pack","50":"product_tag-antriebswelle-srt","51":"product_tag-antriebswelle-srt-hellcat","52":"product_tag-antriebswelle-v8-mopar","53":"product_tag-antriebswelle-widebody","54":"product_tag-challenger","55":"product_tag-charger","56":"product_tag-chrysler","57":"product_tag-dodge","58":"product_tag-dodge-challenger","59":"product_tag-ersatzteil-mopar-antriebswelle","60":"product_tag-gelenkwelle","61":"product_tag-halbwelle","62":"product_tag-mopar","63":"product_tag-mopar-053010748aa","64":"product_tag-mopar-53010748aa","65":"product_tag-mopar-antriebswelle","66":"product_tag-mopar-antriebswelle-challenger-hellcat","67":"product_tag-mopar-antriebswelle-charger-hellcat","68":"product_tag-mopar-antriebswelle-ersetzen","69":"product_tag-mopar-antriebswelle-kaufen","70":"product_tag-mopar-antriebswelle-rechte-seite","71":"product_tag-mopar-antriebswelle-rechts","72":"product_tag-mopar-antriebswelle-scat-pack","73":"product_tag-mopar-autoteile","74":"product_tag-mopar-ersatzteile","75":"product_tag-mopar-ersatzteile-kaufen","76":"product_tag-mopar-oem-antriebswelle","77":"product_tag-mopar-performance-teile","78":"product_tag-mopar-rechte-antriebswelle","79":"product_tag-mopar-teile-katalog","80":"product_tag-mopar-teile-online","81":"product_tag-mopar-tuningteile","82":"product_tag-mopar10","83":"product_tag-original-mopar-antriebswelle","84":"product_tag-rechts","85":"product_shipping_class-paket-l","87":"first","88":"instock","89":"taxable","90":"shipping-taxable","91":"purchasable","92":"product-type-simple"},"bundled_by":[],"bundle_stock_status":"instock","bundle_stock_quantity":1,"bundle_virtual":false,"bundle_layout":"","bundle_add_to_cart_form_location":"","bundle_editable_in_cart":false,"bundle_sold_individually_context":"","bundle_item_grouping":"","bundle_min_size":"","bundle_max_size":"","bundle_price":[],"bundled_items":[],"bundle_sell_ids":[],"exclude_global_add_ons":[],"addons":[],"acf":[],"_links":{"self":[{"href":"https:\/\/kraftwerk-shop.cc\/pl\/wp-json\/wp\/v2\/product\/68317015","targetHints":{"allow":["GET"]}}],"collection":[{"href":"https:\/\/kraftwerk-shop.cc\/pl\/wp-json\/wp\/v2\/product"}],"about":[{"href":"https:\/\/kraftwerk-shop.cc\/pl\/wp-json\/wp\/v2\/types\/product"}],"replies":[{"embeddable":true,"href":"https:\/\/kraftwerk-shop.cc\/pl\/wp-json\/wp\/v2\/comments?post=68317015"}],"version-history":[{"count":0,"href":"https:\/\/kraftwerk-shop.cc\/pl\/wp-json\/wp\/v2\/product\/68317015\/revisions"}],"wp:featuredmedia":[{"embeddable":true,"href":"https:\/\/kraftwerk-shop.cc\/pl\/wp-json\/wp\/v2\/media\/68317026"}],"wp:attachment":[{"href":"https:\/\/kraftwerk-shop.cc\/pl\/wp-json\/wp\/v2\/media?parent=68317015"}],"wp:term":[{"taxonomy":"product_brand","embeddable":true,"href":"https:\/\/kraftwerk-shop.cc\/pl\/wp-json\/wp\/v2\/product_brand?post=68317015"},{"taxonomy":"product_cat","embeddable":true,"href":"https:\/\/kraftwerk-shop.cc\/pl\/wp-json\/wp\/v2\/product_cat?post=68317015"},{"taxonomy":"product_tag","embeddable":true,"href":"https:\/\/kraftwerk-shop.cc\/pl\/wp-json\/wp\/v2\/product_tag?post=68317015"}],"curies":[{"name":"wp","href":"https:\/\/api.w.org\/{rel}","templated":true}]}}