{"id":68317159,"date":"2025-03-21T13:35:23","date_gmt":"2025-03-21T12:35:23","guid":{"rendered":"https:\/\/kraftwerk-shop.cc\/?post_type=product&#038;p=68317159"},"modified":"2026-03-31T16:32:37","modified_gmt":"2026-03-31T14:32:37","slug":"range-technology-ra007-dfm-disabler-gm","status":"publish","type":"product","link":"https:\/\/kraftwerk-shop.cc\/pl\/produkt\/range-technology-ra007-dfm-disabler-gm\/","title":{"rendered":"Range Technology RA007 DFM Disabler Module GM SUV \/ GM 1500 Truck"},"content":{"rendered":"<h1>Range Technology DFM Disabler Module dla GM SUV \/ GM 1500 Truck<\/h1>\n<p>&nbsp;<\/p>\n<p data-start=\"43\" data-end=\"557\">Modu\u0142 DFM (Dynamic Fuel Management) zosta\u0142 opracowany specjalnie dla nowszych ci\u0119\u017car\u00f3wek GM Refresh i SUV-\u00f3w. To innowacyjne urz\u0105dzenie jest pierwszym na rynku rozwi\u0105zaniem umo\u017cliwiaj\u0105cym wy\u0142\u0105czenie systemu dynamicznego zarz\u0105dzania paliwem w tych pojazdach. Instaluj\u0105c modu\u0142 DFM, u\u017cytkownicy mog\u0105 skutecznie omin\u0105\u0107 fabryczny system zarz\u0105dzania cylindrami, pozwalaj\u0105c silnikowi pracowa\u0107 na wszystkich cylindrach przez ca\u0142y czas! Zapewnia to lepsze wra\u017cenia z jazdy i wi\u0119ksz\u0105 niezawodno\u015b\u0107 silnika w d\u0142u\u017cszej perspektywie.<\/p>\n<p data-start=\"559\" data-end=\"1243\">Silniki V8 o pojemno\u015bci 5,3 l i 6,2 l, kt\u00f3re mo\u017cna znale\u017a\u0107 w wielu samochodach ci\u0119\u017carowych GM 1500, takich jak Silverado i Sierra, a tak\u017ce w najpopularniejszych SUV-ach GM, takich jak Tahoe, Suburban, Yukon i Escalade, oferuj\u0105 doskona\u0142e osi\u0105gi i oszcz\u0119dno\u015b\u0107 paliwa. Jednak przez lata by\u0142y one naznaczone negatywnymi skutkami ubocznymi fabrycznego systemu DFM: nadmiernym zu\u017cyciem oleju, sadz\u0105 na \u015bwiecach zap\u0142onowych, wadliwymi popychaczami zawor\u00f3w i elementami rozrz\u0105du, a nawet ca\u0142kowit\u0105 awari\u0105 silnika. Nie pozw\u00f3l, aby Tw\u00f3j nowy GM V8 pozostawi\u0142 Ci\u0119 w martwym punkcie lub narazi\u0142 na kosztowne naprawy. Uwolnij si\u0119 od tych zmartwie\u0144 i zainstaluj nowy modu\u0142 DFM ju\u017c dzi\u015b!<\/p>\n<p data-start=\"1245\" data-end=\"1871\">To urz\u0105dzenie jest prawdziwym podw\u00f3jnym rozwi\u0105zaniem, poniewa\u017c wy\u0142\u0105cza dwie najbardziej frustruj\u0105ce funkcje nowej ci\u0119\u017car\u00f3wki lub SUV-a: DFM i funkcj\u0119 automatycznego uruchamiania\/zatrzymywania silnika. Po prostu pod\u0142\u0105czaj\u0105c to urz\u0105dzenie do jednostki steruj\u0105cej silnika, oba systemy pozostaj\u0105 trwale wy\u0142\u0105czone, zapewniaj\u0105c p\u0142ynn\u0105 prac\u0119 silnika bez problem\u00f3w i przerw. Po prostu wsi\u0105d\u017a i jed\u017a - nie martwi\u0105c si\u0119 o wy\u0142\u0105czaj\u0105ce si\u0119 cylindry i brak mocy lub ga\u015bni\u0119cie silnika na ka\u017cdych \u015bwiat\u0142ach, op\u00f3\u017aniaj\u0105c rozruch lub wp\u0142ywaj\u0105c na funkcje wewn\u0119trzne, takie jak klimatyzacja i systemy rozrywki.<\/p>\n<p data-start=\"1873\" data-end=\"2726\"><em data-start=\"1873\" data-end=\"2724\">W niekt\u00f3rych pojazdach tryb 0-cylindrowy mo\u017ce pozosta\u0107 aktywowany podczas toczenia, nawet je\u015bli ten produkt jest zainstalowany. Podczas szeroko zakrojonych test\u00f3w stwierdzono, \u017ce ca\u0142kowite wy\u0142\u0105czenie tej funkcji prowadzi do niepo\u017c\u0105danych w\u0142a\u015bciwo\u015bci jezdnych i obaw o bezpiecze\u0144stwo. Dezaktywacja trybu 0-cylindrowego podczas ko\u0142owania spowodowa\u0142a zauwa\u017calny spadek zu\u017cycia paliwa, poniewa\u017c silnik nadal wtryskuje paliwo, a wtryskiwacze pozostaj\u0105 aktywne. Mo\u017ce to r\u00f3wnie\u017c powodowa\u0107 nieprzyjemne wra\u017cenia z jazdy podczas zwalniania, poniewa\u017c wydaje si\u0119, \u017ce pojazd nieznacznie przyspiesza, mimo \u017ce nie ma przepustnicy. Wymaga to mocniejszego hamowania, zw\u0142aszcza podczas holowania lub d\u0142ugiej jazdy w d\u00f3\u0142, co mo\u017ce prowadzi\u0107 do niepo\u017c\u0105danych sytuacji na drodze.<\/em><\/p>\n<h3 data-start=\"2728\" data-end=\"2745\"><\/h3>\n<p>&nbsp;<\/p>\n<h3 data-start=\"2728\" data-end=\"2745\">Funkcje:<\/h3>\n<ul data-start=\"2746\" data-end=\"4118\">\n<li data-start=\"2746\" data-end=\"2843\">Dezaktywuje dynamiczne zarz\u0105dzanie paliwem (DFM) i funkcj\u0119 automatycznego uruchamiania\/zatrzymywania silnika.<\/li>\n<li data-start=\"2844\" data-end=\"2915\">Inteligentna technologia inline p\u0142ynnie integruje si\u0119 z ECM<\/li>\n<li data-start=\"2916\" data-end=\"3021\">Umo\u017cliwia zachowanie oryginalnego \"stanu fabrycznego\" po demonta\u017cu - brak \u015blad\u00f3w dla bezproblemowych wizyt w warsztacie<\/li>\n<li data-start=\"3022\" data-end=\"3222\">Sta\u0142y tryb V8 zapewnia lepsze osi\u0105gi na \u017c\u0105danie, p\u0142ynniejsz\u0105 jazd\u0119, mniejsze zu\u017cycie silnika i uk\u0142adu rozrz\u0105du oraz zwi\u0119kszon\u0105 d\u0142ugoterminow\u0105 niezawodno\u015b\u0107 silnika<\/li>\n<li data-start=\"3223\" data-end=\"3352\">Ciesz si\u0119 pe\u0142nym d\u017awi\u0119kiem V8 i unikaj nieprzyjemnych spalin i ryku dzi\u0119ki trybowi dezaktywacji cylindr\u00f3w<\/li>\n<li data-start=\"3353\" data-end=\"3402\">Instalacja plug-and-play w zaledwie kilka minut<\/li>\n<li data-start=\"3552\" data-end=\"3693\">Aby sprawdzi\u0107 kompatybilno\u015b\u0107 ci\u0119\u017car\u00f3wki 2022 z tym urz\u0105dzeniem, sprawd\u017a numer VIN: 12. cyfra musi by\u0107 cyfr\u0105 \"5\" lub wy\u017csz\u0105.<\/li>\n<li data-start=\"3694\" data-end=\"3791\">Kompatybilny ze wszystkimi modelami ci\u0119\u017car\u00f3wek 2023-2025 i SUV-\u00f3w 2021-2024 z silnikami 5,3 l i 6,2 l.<\/li>\n<li data-start=\"3792\" data-end=\"3919\">W niekt\u00f3rych zastosowaniach tryb 0-cylindrowy mo\u017ce by\u0107 nadal aktywny podczas jazdy, je\u015bli ECM rozpozna po\u0142o\u017cenie przepustnicy 0%.<\/li>\n<li data-start=\"3920\" data-end=\"4091\">Urz\u0105dzenie nie kontroluje prze\u0142\u0105cznika automatycznego uruchamiania\/zatrzymywania na desce rozdzielczej - kontrolka b\u0119dzie nadal \u015bwieci\u0107 normalnie, nawet je\u015bli system jest trwale wy\u0142\u0105czony.<\/li>\n<\/ul>\n<p>&nbsp;<\/p>\n<p><strong>Odpowiedni dla:<\/strong><\/p>\n<table width=\"482\">\n<tbody>\n<tr>\n<td>GM<\/td>\n<td>SUV<\/td>\n<td>5.3, 6.2<\/td>\n<td width=\"115\">2021 - 2024<\/td>\n<\/tr>\n<tr>\n<td>Cadillac<\/td>\n<td>1500 Ci\u0119\u017car\u00f3wka<\/td>\n<td>5.3, 6.2<\/td>\n<td width=\"115\">2023 - 2025<\/td>\n<\/tr>\n<\/tbody>\n<\/table>\n<p>&nbsp;<\/p>\n<p><strong>Zakres dostawy:<\/strong><\/p>\n<ul>\n<li>Range Technology RA007<\/li>\n<\/ul>\n<p>&nbsp;<\/p>\n<p><iframe loading=\"lazy\" title=\"Range Technology DFM Disabler Module (dezaktywacja dezaktywacji cylindr\u00f3w) dla GM SUV \/ 1500 Truck\" src=\"https:\/\/www.youtube.com\/embed\/v4lnxxhYXgA\" width=\"882\" height=\"496\" frameborder=\"0\" allowfullscreen=\"allowfullscreen\"><\/iframe><\/p>\n<p>&nbsp;<\/p>","protected":false},"excerpt":{"rendered":"<p>dla GM SUV \/ GM 1500 Truck<\/p>","protected":false},"featured_media":68317162,"comment_status":"open","ping_status":"closed","template":"","meta":{"_acf_changed":false},"product_brand":[],"product_cat":[10262,1410,3651,1524,3985,3982,3691,3708,3987,3698,3991,3714],"product_tag":[2066,2373,4526,6297,10814,12436,12437,10764,1203,1156,12433,10552,1205,4869,278,12446,12447,12448,1214,189,190,1206,281,1204,1052,10765,12419,12421,12426,12425,12416,12420,12417,12462,12460,12430,12418,12428,12427,12429,12461,427,12422,2038,119,12449,1221,1318,12453,12434,12435,12454,12451,12450,12456,12455,1201,1222,2934,36,328,1208,438,12452,1202,517,10801,12424,12415,12423,12442,12445,12444,12443,12438,12439,12440,12441,12413,10763,12459,12414,1216,299,10553,1209,1210,12432,12431,298,293,289,1213,918,198,194,12457,12458,1217,607,329],"class_list":{"0":"post-68317159","1":"product","2":"type-product","3":"status-publish","4":"has-post-thumbnail","6":"product_cat-alle-produkte","7":"product_cat-cadillac","8":"product_cat-escalade-zubehoer","9":"product_cat-avalanche","10":"product_cat-avalanche-motor","11":"product_cat-silverado-motor","12":"product_cat-silverado-zubehoer","13":"product_cat-suburban-zubehoer","14":"product_cat-tahoe-motor","15":"product_cat-tahoe-zubehoer","16":"product_cat-trailblazer-motor","17":"product_cat-trailblazer-zubehoer","18":"product_tag-2066","19":"product_tag-2373","20":"product_tag-4526","21":"product_tag-6297","22":"product_tag-10814","23":"product_tag-5-3-v8-dfm-off","24":"product_tag-6-2-v8-dfm-off","25":"product_tag-afm","26":"product_tag-ats","27":"product_tag-aufhebung","28":"product_tag-auto-start-stop-off-gm","29":"product_tag-avalance","30":"product_tag-avalanche","31":"product_tag-buick","32":"product_tag-cadillac","33":"product_tag-cadillac-1500-dfm-off","34":"product_tag-cadillac-1500-disabler","35":"product_tag-cadillac-dfm-abschalten","36":"product_tag-canyon","37":"product_tag-chevrolet","38":"product_tag-chevy","39":"product_tag-colorado","40":"product_tag-corvette","41":"product_tag-cts","42":"product_tag-delete","43":"product_tag-dfm","44":"product_tag-dfm-abschalten-gm","45":"product_tag-dfm-abschaltmodul-gm","46":"product_tag-dfm-abschaltung-sierra","47":"product_tag-dfm-abschaltung-silverado","48":"product_tag-dfm-deaktivator-gm","49":"product_tag-dfm-deaktivierer-gm","50":"product_tag-dfm-disabler-gm","51":"product_tag-dfm-dongle-gm","52":"product_tag-dfm-modul-fuer-gm","53":"product_tag-dfm-off-escalade","54":"product_tag-dfm-off-gm","55":"product_tag-dfm-off-suburban","56":"product_tag-dfm-off-tahoe","57":"product_tag-dfm-off-yukon","58":"product_tag-dfm-stecker-gm","59":"product_tag-diablosport","60":"product_tag-dynamic-fuel-management-deaktivieren-gm","61":"product_tag-encore","62":"product_tag-entfernen","63":"product_tag-escalade-dfm-deaktivieren","64":"product_tag-g8","65":"product_tag-gm","66":"product_tag-gm-dfm-abschalten-ohne-programmierung","67":"product_tag-gm-dfm-disabler-5-3","68":"product_tag-gm-dfm-disabler-6-2","69":"product_tag-gm-dfm-loesung","70":"product_tag-gm-suv-dfm-deaktivieren","71":"product_tag-gm-truck-dfm-deaktivieren","72":"product_tag-gm-v8-aktivieren","73":"product_tag-gm-v8-dauerhaft","74":"product_tag-gmc","75":"product_tag-grand-prix","76":"product_tag-harder","77":"product_tag-kraftwerk","78":"product_tag-mds","79":"product_tag-monte-carlo","80":"product_tag-obd","81":"product_tag-plug-play-dfm-off-gm","82":"product_tag-pontiac","83":"product_tag-programmiergeraet","84":"product_tag-ra007","85":"product_tag-range-dfm-abschalter","86":"product_tag-range-dfm-disabler","87":"product_tag-range-dfm-modul","88":"product_tag-range-disabler-escalade","89":"product_tag-range-disabler-gm-suv","90":"product_tag-range-disabler-gm-truck","91":"product_tag-range-disabler-sierra","92":"product_tag-range-disabler-silverado","93":"product_tag-range-disabler-suburban","94":"product_tag-range-disabler-tahoe","95":"product_tag-range-disabler-yukon","96":"product_tag-range-ra007","97":"product_tag-range-technology","98":"product_tag-range-technology-modul-kaufen","99":"product_tag-range-technology-ra007","100":"product_tag-sierra","101":"product_tag-silverado","102":"product_tag-silverado-1500","103":"product_tag-silveraldo","104":"product_tag-sonic","105":"product_tag-start-stop-abschalten-gm","106":"product_tag-start-stop-deaktivierung-gm","107":"product_tag-suburban","108":"product_tag-tahoe","109":"product_tag-trailblazer","110":"product_tag-trax","111":"product_tag-tuner","112":"product_tag-v6","113":"product_tag-v8","114":"product_tag-v8-always-on-gm","115":"product_tag-v8-immer-aktiv-gm","116":"product_tag-yukon","117":"product_tag-zylinder","118":"product_tag-zylinderabschaltung","120":"first","121":"instock","122":"taxable","123":"shipping-taxable","124":"purchasable","125":"product-type-simple"},"bundled_by":[],"bundle_stock_status":"instock","bundle_stock_quantity":5,"bundle_virtual":false,"bundle_layout":"","bundle_add_to_cart_form_location":"","bundle_editable_in_cart":false,"bundle_sold_individually_context":"","bundle_item_grouping":"","bundle_min_size":"","bundle_max_size":"","bundle_price":[],"bundled_items":[],"bundle_sell_ids":[],"exclude_global_add_ons":[],"addons":[],"acf":[],"_links":{"self":[{"href":"https:\/\/kraftwerk-shop.cc\/pl\/wp-json\/wp\/v2\/product\/68317159","targetHints":{"allow":["GET"]}}],"collection":[{"href":"https:\/\/kraftwerk-shop.cc\/pl\/wp-json\/wp\/v2\/product"}],"about":[{"href":"https:\/\/kraftwerk-shop.cc\/pl\/wp-json\/wp\/v2\/types\/product"}],"replies":[{"embeddable":true,"href":"https:\/\/kraftwerk-shop.cc\/pl\/wp-json\/wp\/v2\/comments?post=68317159"}],"version-history":[{"count":0,"href":"https:\/\/kraftwerk-shop.cc\/pl\/wp-json\/wp\/v2\/product\/68317159\/revisions"}],"wp:featuredmedia":[{"embeddable":true,"href":"https:\/\/kraftwerk-shop.cc\/pl\/wp-json\/wp\/v2\/media\/68317162"}],"wp:attachment":[{"href":"https:\/\/kraftwerk-shop.cc\/pl\/wp-json\/wp\/v2\/media?parent=68317159"}],"wp:term":[{"taxonomy":"product_brand","embeddable":true,"href":"https:\/\/kraftwerk-shop.cc\/pl\/wp-json\/wp\/v2\/product_brand?post=68317159"},{"taxonomy":"product_cat","embeddable":true,"href":"https:\/\/kraftwerk-shop.cc\/pl\/wp-json\/wp\/v2\/product_cat?post=68317159"},{"taxonomy":"product_tag","embeddable":true,"href":"https:\/\/kraftwerk-shop.cc\/pl\/wp-json\/wp\/v2\/product_tag?post=68317159"}],"curies":[{"name":"wp","href":"https:\/\/api.w.org\/{rel}","templated":true}]}}