{"id":68317473,"date":"2025-03-29T13:38:38","date_gmt":"2025-03-29T12:38:38","guid":{"rendered":"https:\/\/kraftwerk-shop.cc\/?post_type=product&#038;p=68317473"},"modified":"2026-03-26T13:58:10","modified_gmt":"2026-03-26T12:58:10","slug":"jl-oil-catch-can-dodge-durango-36","status":"publish","type":"product","link":"https:\/\/kraftwerk-shop.cc\/pl\/produkt\/jl-oil-catch-can-dodge-durango-36\/","title":{"rendered":"J&amp;L Oil Catch Can Dodge Durango 3.6"},"content":{"rendered":"<h1>J&amp;L Oil Catch Can dla Dodge Durango 3.6<\/h1>\n<p>&nbsp;<\/p>\n<ul>\n<li>Pojemno\u015b\u0107 90 ml<\/li>\n<li>Solidna konstrukcja z k\u0119s\u00f3w<\/li>\n<li>Szybkoz\u0142\u0105cza PCV w stylu OEM<\/li>\n<li>Wielostopniowy system filtracji, kt\u00f3ry wychwytuje najdrobniejsze opary i zatrzymuje je w \u0142atwo wyjmowanym pojemniku, jednocze\u015bnie przepuszczaj\u0105c czyste powietrze do przewodu wlotowego.<\/li>\n<\/ul>\n<p>&nbsp;<\/p>\n<p><strong>Jak dzia\u0142a system?<\/strong><\/p>\n<p>Gdy ci\u015bnienie ze skrzyni korbowej jest odprowadzane przez przew\u00f3d dolotowy, du\u017ce ilo\u015bci oleju dostaj\u0105 si\u0119 do kolektora dolotowego i kolektor\u00f3w dolotowych w postaci opar\u00f3w, a nawet rozcie\u0144czaj\u0105 benzyn\u0119, powoduj\u0105c spadek liczby oktanowej.<br \/>\nZjawisko to wyst\u0119puje we wszystkich silnikach i jest jeszcze bardziej widoczne w pojazdach z wymuszonym do\u0142adowaniem (do\u0142adowaniem i turbospr\u0119\u017cark\u0105), poniewa\u017c wzrasta ci\u015bnienie w skrzyni korbowej.<br \/>\nAby temu przeciwdzia\u0142a\u0107, opracowano separator oleju o w\u0142asnej konstrukcji.<br \/>\nWykonany z litego aluminium k\u0119sowego, jest to solidna cz\u0119\u015b\u0107. Posiada rade\u0142kowan\u0105 podstaw\u0119 zbiornika, kt\u00f3ra u\u0142atwia spuszczanie zu\u017cytego oleju oraz uszczelk\u0119 O-ring, kt\u00f3ra zapobiega wyciekom.<\/p>\n<p>Filtracja sk\u0142ada si\u0119 z sita ze stali nierdzewnej o drobnych oczkach, kt\u00f3re wychwytuje drobne opary oleju i uwalnia je, gdy tylko s\u0105 wystarczaj\u0105co ci\u0119\u017ckie, aby opa\u015b\u0107.<br \/>\nS\u0105 one nast\u0119pnie przepuszczane przez aluminiowy filtr o strukturze plastra miodu 1\/2\u2033 i grubo\u015bci 1\/16\u2033, gdzie staj\u0105 si\u0119 coraz wi\u0119ksze i ostatecznie spadaj\u0105 do pojemnika.<br \/>\nJe\u015bli olej przedostanie si\u0119 przez filtr, jest zbyt ci\u0119\u017cki, aby przedosta\u0107 si\u0119 do uk\u0142adu dolotowego.<br \/>\nPojemnik zbiorczy mie\u015bci 90 ml p\u0142ynu. Mo\u017ce to nie wydawa\u0107 si\u0119 du\u017co, ale w uk\u0142adzie PCV nie powinno by\u0107 a\u017c tyle oleju.<\/p>\n<p>&nbsp;<\/p>\n<p><strong>Odpowiedni dla:<\/strong><\/p>\n<table width=\"419\">\n<tbody>\n<tr>\n<td width=\"220\">Dodge Durango 3.6<\/td>\n<td width=\"199\">2016\u20132025<\/td>\n<\/tr>\n<\/tbody>\n<\/table>\n<p>&nbsp;<\/p>\n<p><strong>Zakres dostawy<\/strong>:<\/p>\n<ul>\n<li>Oil Catch Can (czarny)<\/li>\n<li>Wspornik<\/li>\n<li>W\u0119\u017ce<\/li>\n<li>Po\u0142\u0105czenia<\/li>\n<li>Instrukcje obs\u0142ugi w j\u0119zyku niemieckim i angielskim<\/li>\n<\/ul>\n<p>&nbsp;<\/p>","protected":false},"excerpt":{"rendered":"<p>2016\u20132024<\/p>","protected":false},"featured_media":68317475,"comment_status":"open","ping_status":"closed","template":"","meta":{"_acf_changed":false},"product_brand":[17171],"product_cat":[1645],"product_tag":[250,251,252,419,420,2066,2373,4526,6297,169,10808,49,11985,11977,11979,11981,12006,11988,11986,11998,12007,11991,11987,11968,12001,11995,11999,11993,11996,12011,11992,12000,12010,11972,12009,12008,11970,12005,12003,12004,12012,11973,11989,11984,11983,11976,11982,95,11978,11980,11969,12013,11974,11971,11975,11990,11962,11966,3245,11964,11963,11965,903,1093,2444,36,84,82,11967,12002,11997,11994,85,3243,406,83,3242,86,3244],"class_list":{"0":"post-68317473","1":"product","2":"type-product","3":"status-publish","4":"has-post-thumbnail","6":"product_brand-jl","7":"product_cat-durango-36-oil-catch-can","8":"product_tag-250","9":"product_tag-251","10":"product_tag-252","11":"product_tag-419","12":"product_tag-420","13":"product_tag-2066","14":"product_tag-2373","15":"product_tag-4526","16":"product_tag-6297","17":"product_tag-3-6","18":"product_tag-3074p-b","19":"product_tag-dodge","20":"product_tag-dodge-durango-3-6-motor-oelabscheider","21":"product_tag-dodge-durango-3-6-oil-catch-can","22":"product_tag-dodge-durango-3-6-oelabscheider","23":"product_tag-dodge-durango-3-6-oelseparator","24":"product_tag-dodge-durango-blow-by-abscheider","25":"product_tag-dodge-durango-blowby-catch-can","26":"product_tag-dodge-durango-catch-can","27":"product_tag-dodge-durango-catch-can-nachruesten","28":"product_tag-dodge-durango-kurbelgehaeuseentlueftung","29":"product_tag-dodge-durango-motorentlueftung","30":"product_tag-dodge-durango-oil-catch","31":"product_tag-dodge-durango-oil-catch-can","32":"product_tag-dodge-durango-oil-catch-can-bewertung","33":"product_tag-dodge-durango-oil-catch-can-einbau","34":"product_tag-dodge-durango-oil-catch-can-erfahrung","35":"product_tag-dodge-durango-oil-catch-can-kit","36":"product_tag-dodge-durango-oil-catch-can-nachruestung","37":"product_tag-dodge-durango-oil-catch-can-schwarz","38":"product_tag-dodge-durango-oil-catch-can-system","39":"product_tag-dodge-durango-oil-catch-can-test","40":"product_tag-dodge-durango-oil-catch-can-usa","41":"product_tag-dodge-durango-oil-separator","42":"product_tag-dodge-durango-oel-catch-can-ersatzteile","43":"product_tag-dodge-durango-oel-catch-can-zubehoer","44":"product_tag-dodge-durango-oelabscheider","45":"product_tag-dodge-durango-oelabscheider-einbau","46":"product_tag-dodge-durango-oelabscheider-kaufen","47":"product_tag-dodge-durango-oelabscheider-kit","48":"product_tag-dodge-durango-oelabscheider-schwarz","49":"product_tag-dodge-durango-oelseparator","50":"product_tag-dodge-durango-pcv-oelabscheider","51":"product_tag-dodge-durango-pentastar-oil-catch-can","52":"product_tag-dodge-durango-pentastar-oelabscheider","53":"product_tag-dodge-durango-v6-oil-catch-can","54":"product_tag-dodge-durango-v6-oelabscheider","55":"product_tag-durango","56":"product_tag-durango-3-6-oil-catch-can","57":"product_tag-durango-3-6-oelabscheider","58":"product_tag-durango-oil-catch-can","59":"product_tag-durango-oil-catch-can-3-6-pentastar","60":"product_tag-durango-oil-separator","61":"product_tag-durango-oelabscheider","62":"product_tag-durango-oelseparator","63":"product_tag-durango-pcv-oil-catch-can","64":"product_tag-jl-oil-catch-can","65":"product_tag-jl-oil-separator","66":"product_tag-jl-oil-separator-co","67":"product_tag-jl-oel-catch-can","68":"product_tag-jl-oelabscheider","69":"product_tag-jl-oelseparator","70":"product_tag-jl","71":"product_tag-jlt","72":"product_tag-jlt-performance","73":"product_tag-kraftwerk","74":"product_tag-kurbelgehaeuseentlueftung","75":"product_tag-oil-catch-can","76":"product_tag-oil-catch-can-dodge-durango","77":"product_tag-oil-catch-can-fuer-dodge-durango-3-6","78":"product_tag-oil-catch-can-kaufen-dodge-durango","79":"product_tag-oil-catch-can-kit-dodge-durango","80":"product_tag-oil-catch-tank","81":"product_tag-oil-separator","82":"product_tag-oel","83":"product_tag-oelabscheider","84":"product_tag-osc","85":"product_tag-ram","86":"product_tag-separator","88":"first","89":"instock","90":"taxable","91":"shipping-taxable","92":"purchasable","93":"product-type-simple"},"bundled_by":[],"bundle_stock_status":"instock","bundle_stock_quantity":3,"bundle_virtual":false,"bundle_layout":"","bundle_add_to_cart_form_location":"","bundle_editable_in_cart":false,"bundle_sold_individually_context":"","bundle_item_grouping":"","bundle_min_size":"","bundle_max_size":"","bundle_price":[],"bundled_items":[],"bundle_sell_ids":[],"exclude_global_add_ons":[],"addons":[],"acf":[],"_links":{"self":[{"href":"https:\/\/kraftwerk-shop.cc\/pl\/wp-json\/wp\/v2\/product\/68317473","targetHints":{"allow":["GET"]}}],"collection":[{"href":"https:\/\/kraftwerk-shop.cc\/pl\/wp-json\/wp\/v2\/product"}],"about":[{"href":"https:\/\/kraftwerk-shop.cc\/pl\/wp-json\/wp\/v2\/types\/product"}],"replies":[{"embeddable":true,"href":"https:\/\/kraftwerk-shop.cc\/pl\/wp-json\/wp\/v2\/comments?post=68317473"}],"version-history":[{"count":0,"href":"https:\/\/kraftwerk-shop.cc\/pl\/wp-json\/wp\/v2\/product\/68317473\/revisions"}],"wp:featuredmedia":[{"embeddable":true,"href":"https:\/\/kraftwerk-shop.cc\/pl\/wp-json\/wp\/v2\/media\/68317475"}],"wp:attachment":[{"href":"https:\/\/kraftwerk-shop.cc\/pl\/wp-json\/wp\/v2\/media?parent=68317473"}],"wp:term":[{"taxonomy":"product_brand","embeddable":true,"href":"https:\/\/kraftwerk-shop.cc\/pl\/wp-json\/wp\/v2\/product_brand?post=68317473"},{"taxonomy":"product_cat","embeddable":true,"href":"https:\/\/kraftwerk-shop.cc\/pl\/wp-json\/wp\/v2\/product_cat?post=68317473"},{"taxonomy":"product_tag","embeddable":true,"href":"https:\/\/kraftwerk-shop.cc\/pl\/wp-json\/wp\/v2\/product_tag?post=68317473"}],"curies":[{"name":"wp","href":"https:\/\/api.w.org\/{rel}","templated":true}]}}