{"id":68317483,"date":"2025-03-29T16:00:33","date_gmt":"2025-03-29T15:00:33","guid":{"rendered":"https:\/\/kraftwerk-shop.cc\/?post_type=product&#038;p=68317483"},"modified":"2026-03-26T13:58:11","modified_gmt":"2026-03-26T12:58:11","slug":"jl-oil-catch-can-grand-cherokee-36","status":"publish","type":"product","link":"https:\/\/kraftwerk-shop.cc\/pl\/produkt\/jl-oil-catch-can-jeep-grand-cherokee-36\/","title":{"rendered":"J&amp;L Oil Catch Can Jeep Grand Cherokee 3.6"},"content":{"rendered":"<h1>J&amp;L Oil Catch Can dla Jeep Grand Cherokee 3.6<\/h1>\n<p>&nbsp;<\/p>\n<ul>\n<li>Pojemno\u015b\u0107 90 ml<\/li>\n<li>Solidna konstrukcja z k\u0119s\u00f3w<\/li>\n<li>Szybkoz\u0142\u0105cza PCV w stylu OEM<\/li>\n<li>Wielostopniowy system filtracji, kt\u00f3ry wychwytuje najdrobniejsze opary i zatrzymuje je w \u0142atwo wyjmowanym pojemniku, jednocze\u015bnie przepuszczaj\u0105c czyste powietrze do przewodu wlotowego.<\/li>\n<\/ul>\n<p>&nbsp;<\/p>\n<p><strong>Jak dzia\u0142a system?<\/strong><\/p>\n<p>Gdy ci\u015bnienie ze skrzyni korbowej jest odprowadzane przez przew\u00f3d dolotowy, du\u017ce ilo\u015bci oleju dostaj\u0105 si\u0119 do kolektora dolotowego i kolektor\u00f3w dolotowych w postaci opar\u00f3w, a nawet rozcie\u0144czaj\u0105 benzyn\u0119, powoduj\u0105c spadek liczby oktanowej.<br \/>\nZjawisko to wyst\u0119puje we wszystkich silnikach i jest jeszcze bardziej widoczne w pojazdach z wymuszonym do\u0142adowaniem (do\u0142adowaniem i turbospr\u0119\u017cark\u0105), poniewa\u017c wzrasta ci\u015bnienie w skrzyni korbowej.<br \/>\nAby temu przeciwdzia\u0142a\u0107, opracowano separator oleju o w\u0142asnej konstrukcji.<br \/>\nWykonany z litego aluminium k\u0119sowego, jest to solidna cz\u0119\u015b\u0107. Posiada rade\u0142kowan\u0105 podstaw\u0119 zbiornika, kt\u00f3ra u\u0142atwia spuszczanie zu\u017cytego oleju oraz uszczelk\u0119 O-ring, kt\u00f3ra zapobiega wyciekom.<\/p>\n<p>Filtracja sk\u0142ada si\u0119 z sita ze stali nierdzewnej o drobnych oczkach, kt\u00f3re wychwytuje drobne opary oleju i uwalnia je, gdy tylko s\u0105 wystarczaj\u0105co ci\u0119\u017ckie, aby opa\u015b\u0107.<br \/>\nS\u0105 one nast\u0119pnie przepuszczane przez aluminiowy filtr o strukturze plastra miodu 1\/2\u2033 i grubo\u015bci 1\/16\u2033, gdzie staj\u0105 si\u0119 coraz wi\u0119ksze i ostatecznie spadaj\u0105 do pojemnika.<br \/>\nJe\u015bli olej przedostanie si\u0119 przez filtr, jest zbyt ci\u0119\u017cki, aby przedosta\u0107 si\u0119 do uk\u0142adu dolotowego.<br \/>\nPojemnik zbiorczy mie\u015bci 90 ml p\u0142ynu. Mo\u017ce to nie wydawa\u0107 si\u0119 du\u017co, ale w uk\u0142adzie PCV nie powinno by\u0107 a\u017c tyle oleju.<\/p>\n<p>&nbsp;<\/p>\n<p><strong>Odpowiedni dla:<\/strong><\/p>\n<table width=\"419\">\n<tbody>\n<tr>\n<td width=\"220\">Jeep Grand Cherokee 3.6<\/td>\n<td width=\"199\">2016\u20132022<\/td>\n<\/tr>\n<\/tbody>\n<\/table>\n<p>&nbsp;<\/p>\n<p><strong>Zakres dostawy<\/strong>:<\/p>\n<ul>\n<li>Oil Catch Can (czarny)<\/li>\n<li>Wspornik<\/li>\n<li>W\u0119\u017ce<\/li>\n<li>Po\u0142\u0105czenia<\/li>\n<li>Instrukcje obs\u0142ugi w j\u0119zyku niemieckim i angielskim<\/li>\n<\/ul>\n<p>&nbsp;<\/p>","protected":false},"excerpt":{"rendered":"<p>2016\u20132022<\/p>","protected":false},"featured_media":68317486,"comment_status":"open","ping_status":"closed","template":"","meta":{"_acf_changed":false},"product_brand":[17171],"product_cat":[1741],"product_tag":[250,251,252,419,420,2066,2373,169,10808,56,12025,12027,12016,12060,12021,12018,12022,12037,11962,11966,3245,11964,11963,11965,50,12032,12024,12026,12028,12053,12035,12033,12045,12054,12038,12034,12015,12048,12042,12046,12040,12043,12058,12039,12047,12057,12019,12056,12055,12017,12052,12050,12051,12059,12020,12036,12031,12030,12023,12029,903,1093,2444,36,84,82,12049,12014,12044,12041,85,3243,406,83,3242,86,3244],"class_list":{"0":"post-68317483","1":"product","2":"type-product","3":"status-publish","4":"has-post-thumbnail","6":"product_brand-jl","7":"product_cat-grand-cherokee-36-oil-catch-can","8":"product_tag-250","9":"product_tag-251","10":"product_tag-252","11":"product_tag-419","12":"product_tag-420","13":"product_tag-2066","14":"product_tag-2373","15":"product_tag-3-6","16":"product_tag-3074p-b","17":"product_tag-grand-cherokee","18":"product_tag-grand-cherokee-3-6-oil-catch-can","19":"product_tag-grand-cherokee-3-6-oelabscheider","20":"product_tag-grand-cherokee-oil-catch-can","21":"product_tag-grand-cherokee-oil-catch-can-3-6-pentastar","22":"product_tag-grand-cherokee-oil-separator","23":"product_tag-grand-cherokee-oelabscheider","24":"product_tag-grand-cherokee-oelseparator","25":"product_tag-grand-cherokee-pcv-oil-catch-can","26":"product_tag-jl-oil-catch-can","27":"product_tag-jl-oil-separator","28":"product_tag-jl-oil-separator-co","29":"product_tag-jl-oel-catch-can","30":"product_tag-jl-oelabscheider","31":"product_tag-jl-oelseparator","32":"product_tag-jeep","33":"product_tag-jeep-grand-cherokee-3-6-motor-oelabscheider","34":"product_tag-jeep-grand-cherokee-3-6-oil-catch-can","35":"product_tag-jeep-grand-cherokee-3-6-oelabscheider","36":"product_tag-jeep-grand-cherokee-3-6-oelseparator","37":"product_tag-jeep-grand-cherokee-blow-by-abscheider","38":"product_tag-jeep-grand-cherokee-blowby-catch-can","39":"product_tag-jeep-grand-cherokee-catch-can","40":"product_tag-jeep-grand-cherokee-catch-can-nachruesten","41":"product_tag-jeep-grand-cherokee-kurbelgehaeuseentlueftung","42":"product_tag-jeep-grand-cherokee-motorentlueftung","43":"product_tag-jeep-grand-cherokee-oil-catch","44":"product_tag-jeep-grand-cherokee-oil-catch-can","45":"product_tag-jeep-grand-cherokee-oil-catch-can-bewertung","46":"product_tag-jeep-grand-cherokee-oil-catch-can-einbau","47":"product_tag-jeep-grand-cherokee-oil-catch-can-erfahrung","48":"product_tag-jeep-grand-cherokee-oil-catch-can-kit","49":"product_tag-jeep-grand-cherokee-oil-catch-can-nachruestung","50":"product_tag-jeep-grand-cherokee-oil-catch-can-schwarz","51":"product_tag-jeep-grand-cherokee-oil-catch-can-system","52":"product_tag-jeep-grand-cherokee-oil-catch-can-test","53":"product_tag-jeep-grand-cherokee-oil-catch-can-usa","54":"product_tag-jeep-grand-cherokee-oil-separator","55":"product_tag-jeep-grand-cherokee-oel-catch-can-ersatzteile","56":"product_tag-jeep-grand-cherokee-oel-catch-can-zubehoer","57":"product_tag-jeep-grand-cherokee-oelabscheider","58":"product_tag-jeep-grand-cherokee-oelabscheider-einbau","59":"product_tag-jeep-grand-cherokee-oelabscheider-kaufen","60":"product_tag-jeep-grand-cherokee-oelabscheider-kit","61":"product_tag-jeep-grand-cherokee-oelabscheider-schwarz","62":"product_tag-jeep-grand-cherokee-oelseparator","63":"product_tag-jeep-grand-cherokee-pcv-oelabscheider","64":"product_tag-jeep-grand-cherokee-pentastar-oil-catch-can","65":"product_tag-jeep-grand-cherokee-pentastar-oelabscheider","66":"product_tag-jeep-grand-cherokee-v6-oil-catch-can","67":"product_tag-jeep-grand-cherokee-v6-oelabscheider","68":"product_tag-jl","69":"product_tag-jlt","70":"product_tag-jlt-performance","71":"product_tag-kraftwerk","72":"product_tag-kurbelgehaeuseentlueftung","73":"product_tag-oil-catch-can","74":"product_tag-oil-catch-can-fuer-jeep-grand-cherokee-3-6","75":"product_tag-oil-catch-can-jeep-grand-cherokee","76":"product_tag-oil-catch-can-kaufen-jeep-grand-cherokee","77":"product_tag-oil-catch-can-kit-jeep-grand-cherokee","78":"product_tag-oil-catch-tank","79":"product_tag-oil-separator","80":"product_tag-oel","81":"product_tag-oelabscheider","82":"product_tag-osc","83":"product_tag-ram","84":"product_tag-separator","86":"first","87":"instock","88":"taxable","89":"shipping-taxable","90":"purchasable","91":"product-type-simple"},"bundled_by":[],"bundle_stock_status":"instock","bundle_stock_quantity":3,"bundle_virtual":false,"bundle_layout":"","bundle_add_to_cart_form_location":"","bundle_editable_in_cart":false,"bundle_sold_individually_context":"","bundle_item_grouping":"","bundle_min_size":"","bundle_max_size":"","bundle_price":[],"bundled_items":[],"bundle_sell_ids":[],"exclude_global_add_ons":[],"addons":[],"acf":[],"_links":{"self":[{"href":"https:\/\/kraftwerk-shop.cc\/pl\/wp-json\/wp\/v2\/product\/68317483","targetHints":{"allow":["GET"]}}],"collection":[{"href":"https:\/\/kraftwerk-shop.cc\/pl\/wp-json\/wp\/v2\/product"}],"about":[{"href":"https:\/\/kraftwerk-shop.cc\/pl\/wp-json\/wp\/v2\/types\/product"}],"replies":[{"embeddable":true,"href":"https:\/\/kraftwerk-shop.cc\/pl\/wp-json\/wp\/v2\/comments?post=68317483"}],"version-history":[{"count":0,"href":"https:\/\/kraftwerk-shop.cc\/pl\/wp-json\/wp\/v2\/product\/68317483\/revisions"}],"wp:featuredmedia":[{"embeddable":true,"href":"https:\/\/kraftwerk-shop.cc\/pl\/wp-json\/wp\/v2\/media\/68317486"}],"wp:attachment":[{"href":"https:\/\/kraftwerk-shop.cc\/pl\/wp-json\/wp\/v2\/media?parent=68317483"}],"wp:term":[{"taxonomy":"product_brand","embeddable":true,"href":"https:\/\/kraftwerk-shop.cc\/pl\/wp-json\/wp\/v2\/product_brand?post=68317483"},{"taxonomy":"product_cat","embeddable":true,"href":"https:\/\/kraftwerk-shop.cc\/pl\/wp-json\/wp\/v2\/product_cat?post=68317483"},{"taxonomy":"product_tag","embeddable":true,"href":"https:\/\/kraftwerk-shop.cc\/pl\/wp-json\/wp\/v2\/product_tag?post=68317483"}],"curies":[{"name":"wp","href":"https:\/\/api.w.org\/{rel}","templated":true}]}}