{"id":68317540,"date":"2025-03-29T19:27:04","date_gmt":"2025-03-29T18:27:04","guid":{"rendered":"https:\/\/kraftwerk-shop.cc\/?post_type=product&#038;p=68317540"},"modified":"2026-02-15T01:18:54","modified_gmt":"2026-02-15T00:18:54","slug":"jl-oil-catch-can-hellcat-strona-kierowcy","status":"publish","type":"product","link":"https:\/\/kraftwerk-shop.cc\/pl\/produkt\/jl-oil-catch-can-hellcat-fahrerseite\/","title":{"rendered":"J&amp;L Oil Catch Can Hellcat - strona kierowcy"},"content":{"rendered":"<h1>J&amp;L 3.0 Oil Catch Can dla Dodge Challenger &amp; Charger Hellcat - strona kierowcy, 2015 - 2017<\/h1>\n<p>&nbsp;<\/p>\n<ul>\n<li>Pojemno\u015b\u0107 90 ml<\/li>\n<li>Solidna konstrukcja z k\u0119s\u00f3w<\/li>\n<li>Szybkoz\u0142\u0105cza PCV w stylu OEM<\/li>\n<li>Wielostopniowy system filtracji, kt\u00f3ry wychwytuje najdrobniejsze opary i zatrzymuje je w \u0142atwo wyjmowanym pojemniku, jednocze\u015bnie przepuszczaj\u0105c czyste powietrze do przewodu wlotowego.<\/li>\n<\/ul>\n<p>&nbsp;<\/p>\n<p><strong>Jak dzia\u0142a system?<\/strong><\/p>\n<p>Gdy ci\u015bnienie ze skrzyni korbowej jest odprowadzane przez przew\u00f3d dolotowy, du\u017ce ilo\u015bci oleju dostaj\u0105 si\u0119 do kolektora dolotowego i kolektor\u00f3w dolotowych w postaci opar\u00f3w, a nawet rozcie\u0144czaj\u0105 benzyn\u0119, powoduj\u0105c spadek liczby oktanowej.<br \/>\nZjawisko to wyst\u0119puje we wszystkich silnikach i jest jeszcze bardziej widoczne w pojazdach z wymuszonym do\u0142adowaniem (do\u0142adowaniem i turbospr\u0119\u017cark\u0105), poniewa\u017c wzrasta ci\u015bnienie w skrzyni korbowej.<br \/>\nAby temu przeciwdzia\u0142a\u0107, opracowano separator oleju o w\u0142asnej konstrukcji.<br \/>\nWykonany z litego aluminium k\u0119sowego, jest to solidna cz\u0119\u015b\u0107. Posiada rade\u0142kowan\u0105 podstaw\u0119 zbiornika, kt\u00f3ra u\u0142atwia spuszczanie zu\u017cytego oleju oraz uszczelk\u0119 O-ring, kt\u00f3ra zapobiega wyciekom.<\/p>\n<p>Filtracja sk\u0142ada si\u0119 z sita ze stali nierdzewnej o drobnych oczkach, kt\u00f3re wychwytuje drobne opary oleju i uwalnia je, gdy tylko s\u0105 wystarczaj\u0105co ci\u0119\u017ckie, aby opa\u015b\u0107.<br \/>\nS\u0105 one nast\u0119pnie przepuszczane przez aluminiowy filtr o strukturze plastra miodu 1\/2\u2033 i grubo\u015bci 1\/16\u2033, gdzie staj\u0105 si\u0119 coraz wi\u0119ksze i ostatecznie spadaj\u0105 do pojemnika.<br \/>\nJe\u015bli olej przedostanie si\u0119 przez filtr, jest zbyt ci\u0119\u017cki, aby przedosta\u0107 si\u0119 do uk\u0142adu dolotowego.<br \/>\nPojemnik zbiorczy mie\u015bci 90 ml p\u0142ynu. Mo\u017ce to nie wydawa\u0107 si\u0119 du\u017co, ale w uk\u0142adzie PCV nie powinno by\u0107 a\u017c tyle oleju.<\/p>\n<p>&nbsp;<\/p>\n<p><strong>Odpowiedni dla:<\/strong><\/p>\n<table width=\"419\">\n<tbody>\n<tr>\n<td width=\"220\">Dodge Charger Hellcat<\/td>\n<td width=\"199\">2015-2017<\/td>\n<\/tr>\n<tr>\n<td width=\"220\">Dodge Challenger Hellcat<\/td>\n<td width=\"199\">2015-2017<\/td>\n<\/tr>\n<\/tbody>\n<\/table>\n<p>Nadaje si\u0119 tylko do modeli Hellcat z lat 2015-2017, NIE do 2018 i nowszych!<\/p>\n<p>&nbsp;<\/p>\n<p>&nbsp;<\/p>\n<p><strong>Zakres dostawy<\/strong>:<\/p>\n<ul>\n<li>Oil Catch Can (czarny)<\/li>\n<li>Wspornik<\/li>\n<li>W\u0119\u017ce<\/li>\n<li>Po\u0142\u0105czenia<\/li>\n<li>Instrukcje obs\u0142ugi w j\u0119zyku niemieckim i angielskim<\/li>\n<\/ul>\n<p>&nbsp;<\/p>","protected":false},"excerpt":{"rendered":"<p>2015\u20132017<\/p>","protected":false},"featured_media":68317548,"comment_status":"open","ping_status":"closed","template":"","meta":{"_acf_changed":false},"product_brand":[17171],"product_cat":[1693,1628],"product_tag":[249,250,251,10817,101,54,53,49,3853,3854,10818,100,12327,12324,12325,12326,12348,12330,12328,12340,12349,12333,12329,12320,12360,12343,12357,12337,12341,12356,12355,12362,12358,12335,12366,12359,12338,12364,12353,12334,12365,12342,12352,12361,12363,12322,12351,12350,12321,12347,12345,12346,12354,12323,12332,12331,11962,11966,3245,11964,11963,11965,903,1093,2444,2234,36,84,82,12344,12319,12339,12336,85,3243,406,83,3242,3244,102],"class_list":{"0":"post-68317540","1":"product","2":"type-product","3":"status-publish","4":"has-post-thumbnail","6":"product_brand-jl","7":"product_cat-challenger-hellcat-oil-catch-can","8":"product_cat-charger-hellcat-oil-catch-can","9":"product_tag-249","10":"product_tag-250","11":"product_tag-251","12":"product_tag-3060d-b","13":"product_tag-6-2","14":"product_tag-challenger","15":"product_tag-charger","16":"product_tag-dodge","17":"product_tag-dodge-challenger","18":"product_tag-dodge-charger","19":"product_tag-fahrerseite","20":"product_tag-hellcat","21":"product_tag-hellcat-6-2-motor-oelabscheider","22":"product_tag-hellcat-6-2-oil-catch-can","23":"product_tag-hellcat-6-2-oelabscheider","24":"product_tag-hellcat-6-2-oelseparator","25":"product_tag-hellcat-blow-by-abscheider","26":"product_tag-hellcat-blowby-catch-can","27":"product_tag-hellcat-catch-can","28":"product_tag-hellcat-catch-can-nachruesten","29":"product_tag-hellcat-kurbelgehaeuseentlueftung","30":"product_tag-hellcat-motorentlueftung","31":"product_tag-hellcat-oil-catch","32":"product_tag-hellcat-oil-catch-can","33":"product_tag-hellcat-oil-catch-can-anleitung","34":"product_tag-hellcat-oil-catch-can-bewertung","35":"product_tag-hellcat-oil-catch-can-driver-side","36":"product_tag-hellcat-oil-catch-can-einbau","37":"product_tag-hellcat-oil-catch-can-erfahrung","38":"product_tag-hellcat-oil-catch-can-fahrer-seite","39":"product_tag-hellcat-oil-catch-can-fahrerseite","40":"product_tag-hellcat-oil-catch-can-funktion","41":"product_tag-hellcat-oil-catch-can-installation","42":"product_tag-hellcat-oil-catch-can-kit","43":"product_tag-hellcat-oil-catch-can-kit-fahrerseite","44":"product_tag-hellcat-oil-catch-can-montage","45":"product_tag-hellcat-oil-catch-can-nachruestung","46":"product_tag-hellcat-oil-catch-can-reinigung","47":"product_tag-hellcat-oil-catch-can-schwarz","48":"product_tag-hellcat-oil-catch-can-system","49":"product_tag-hellcat-oil-catch-can-system-fahrerseite","50":"product_tag-hellcat-oil-catch-can-test","51":"product_tag-hellcat-oil-catch-can-usa","52":"product_tag-hellcat-oil-catch-can-vorteile","53":"product_tag-hellcat-oil-catch-can-wartung","54":"product_tag-hellcat-oil-separator","55":"product_tag-hellcat-oel-catch-can-ersatzteile","56":"product_tag-hellcat-oel-catch-can-zubehoer","57":"product_tag-hellcat-oelabscheider","58":"product_tag-hellcat-oelabscheider-einbau","59":"product_tag-hellcat-oelabscheider-kaufen","60":"product_tag-hellcat-oelabscheider-kit","61":"product_tag-hellcat-oelabscheider-schwarz","62":"product_tag-hellcat-oelseparator","63":"product_tag-hellcat-pcv-oil-catch-can","64":"product_tag-hellcat-pcv-oelabscheider","65":"product_tag-jl-oil-catch-can","66":"product_tag-jl-oil-separator","67":"product_tag-jl-oil-separator-co","68":"product_tag-jl-oel-catch-can","69":"product_tag-jl-oelabscheider","70":"product_tag-jl-oelseparator","71":"product_tag-jl","72":"product_tag-jlt","73":"product_tag-jlt-performance","74":"product_tag-jlt3060p","75":"product_tag-kraftwerk","76":"product_tag-kurbelgehaeuseentlueftung","77":"product_tag-oil-catch-can","78":"product_tag-oil-catch-can-fuer-hellcat-6-2","79":"product_tag-oil-catch-can-hellcat","80":"product_tag-oil-catch-can-kaufen-hellcat","81":"product_tag-oil-catch-can-kit-hellcat","82":"product_tag-oil-catch-tank","83":"product_tag-oil-separator","84":"product_tag-oel","85":"product_tag-oelabscheider","86":"product_tag-osc","87":"product_tag-separator","88":"product_tag-trackhawk","89":"product_shipping_class-deutschlandohne","91":"first","92":"instock","93":"taxable","94":"shipping-taxable","95":"purchasable","96":"product-type-simple"},"bundled_by":[],"bundle_stock_status":"instock","bundle_stock_quantity":1,"bundle_virtual":false,"bundle_layout":"","bundle_add_to_cart_form_location":"","bundle_editable_in_cart":false,"bundle_sold_individually_context":"","bundle_item_grouping":"","bundle_min_size":"","bundle_max_size":"","bundle_price":[],"bundled_items":[],"bundle_sell_ids":[],"exclude_global_add_ons":[],"addons":[],"acf":[],"_links":{"self":[{"href":"https:\/\/kraftwerk-shop.cc\/pl\/wp-json\/wp\/v2\/product\/68317540","targetHints":{"allow":["GET"]}}],"collection":[{"href":"https:\/\/kraftwerk-shop.cc\/pl\/wp-json\/wp\/v2\/product"}],"about":[{"href":"https:\/\/kraftwerk-shop.cc\/pl\/wp-json\/wp\/v2\/types\/product"}],"replies":[{"embeddable":true,"href":"https:\/\/kraftwerk-shop.cc\/pl\/wp-json\/wp\/v2\/comments?post=68317540"}],"version-history":[{"count":0,"href":"https:\/\/kraftwerk-shop.cc\/pl\/wp-json\/wp\/v2\/product\/68317540\/revisions"}],"wp:featuredmedia":[{"embeddable":true,"href":"https:\/\/kraftwerk-shop.cc\/pl\/wp-json\/wp\/v2\/media\/68317548"}],"wp:attachment":[{"href":"https:\/\/kraftwerk-shop.cc\/pl\/wp-json\/wp\/v2\/media?parent=68317540"}],"wp:term":[{"taxonomy":"product_brand","embeddable":true,"href":"https:\/\/kraftwerk-shop.cc\/pl\/wp-json\/wp\/v2\/product_brand?post=68317540"},{"taxonomy":"product_cat","embeddable":true,"href":"https:\/\/kraftwerk-shop.cc\/pl\/wp-json\/wp\/v2\/product_cat?post=68317540"},{"taxonomy":"product_tag","embeddable":true,"href":"https:\/\/kraftwerk-shop.cc\/pl\/wp-json\/wp\/v2\/product_tag?post=68317540"}],"curies":[{"name":"wp","href":"https:\/\/api.w.org\/{rel}","templated":true}]}}