{"id":68317576,"date":"2025-03-30T13:33:44","date_gmt":"2025-03-30T11:33:44","guid":{"rendered":"https:\/\/kraftwerk-shop.cc\/?post_type=product&#038;p=68317576"},"modified":"2026-02-15T01:19:27","modified_gmt":"2026-02-15T00:19:27","slug":"kolektor-wydechowy-mopar-ram-2500-3500-68591585aa-68591586aa","status":"publish","type":"product","link":"https:\/\/kraftwerk-shop.cc\/pl\/produkt\/mopar-abgaskruemmer-ram-2500-3500-68591585aa-68591586aa\/","title":{"rendered":"Zestaw kolektora wydechowego Mopar RAM 2500 i 3500 5.7 (68591585AA \/ 68591586AA)"},"content":{"rendered":"<h1>Oryginalny zestaw kolektora wydechowego Mopar dla RAM 2500 i 3500 5.7 od 2009 do 2018 r.<\/h1>\n<p>&nbsp;<\/p>\n<p><span lang=\"DE\"><strong>Numer cz\u0119\u015bci Mopar:<\/strong> 68591585AA, 68591586AA<br \/>\n<strong>Zast\u0105piony:<\/strong> <span class=\"list-value\">\u2014<\/span><\/span><\/p>\n<p>&nbsp;<\/p>\n<p><strong>Odpowiedni dla:<\/strong><\/p>\n<table width=\"1089\">\n<tbody>\n<tr>\n<td width=\"80\"><strong>Rok<\/strong><\/td>\n<td width=\"80\"><strong>Marka<\/strong><\/td>\n<td width=\"121\"><strong>Model<\/strong><\/td>\n<td width=\"610\"><strong>Wersja<\/strong><\/td>\n<td width=\"198\"><strong>Silnik<\/strong><\/td>\n<\/tr>\n<tr>\n<td width=\"80\">2018<\/td>\n<td width=\"80\">Ram<\/td>\n<td width=\"121\">2500<\/td>\n<td width=\"610\">Big Horn, SLT, Tradesman<\/td>\n<td width=\"198\">5.7L V8 - CNG, 5.7L<\/td>\n<\/tr>\n<tr>\n<td width=\"80\">2018<\/td>\n<td width=\"80\">Ram<\/td>\n<td width=\"121\">3500<\/td>\n<td width=\"610\">Big Horn, SLT, Tradesman<\/td>\n<td width=\"198\">5.7L<\/td>\n<\/tr>\n<tr>\n<td width=\"80\">2017<\/td>\n<td width=\"80\">Ram<\/td>\n<td width=\"121\">2500<\/td>\n<td width=\"610\">Big Horn, Laramie, Laramie Longhorn, Limited, SLT, Tradesman<\/td>\n<td width=\"198\">5.7L V8 - CNG, 5.7L<\/td>\n<\/tr>\n<tr>\n<td width=\"80\">2017<\/td>\n<td width=\"80\">Ram<\/td>\n<td width=\"121\">3500<\/td>\n<td width=\"610\">Big Horn, Laramie, Laramie Longhorn, Limited, Lone Star, SLT, Tradesman<\/td>\n<td width=\"198\">5.7L<\/td>\n<\/tr>\n<tr>\n<td width=\"80\">2016<\/td>\n<td width=\"80\">Ram<\/td>\n<td width=\"121\">2500<\/td>\n<td width=\"610\">Big Horn, Laramie, Laramie Longhorn, Limited, Outdoorsman, SLT, Tradesman<\/td>\n<td width=\"198\">5.7L V8 - CNG, 5.7L<\/td>\n<\/tr>\n<tr>\n<td width=\"80\">2016<\/td>\n<td width=\"80\">Ram<\/td>\n<td width=\"121\">3500<\/td>\n<td width=\"610\">Big Horn, Laramie, Laramie Longhorn, Limited, SLT, Tradesman<\/td>\n<td width=\"198\">5.7L<\/td>\n<\/tr>\n<tr>\n<td width=\"80\">2015<\/td>\n<td width=\"80\">Ram<\/td>\n<td width=\"121\">2500<\/td>\n<td width=\"610\">Big Horn, Laramie, Laramie Limited, Laramie Longhorn, Lone Star, Outdoorsman, SLT, Tradesman<\/td>\n<td width=\"198\">5.7L V8 - CNG, 5.7L<\/td>\n<\/tr>\n<tr>\n<td width=\"80\">2015<\/td>\n<td width=\"80\">Ram<\/td>\n<td width=\"121\">3500<\/td>\n<td width=\"610\">Big Horn, Laramie, Laramie Limited, Laramie Longhorn, Lone Star, SLT, Tradesman<\/td>\n<td width=\"198\">5.7L<\/td>\n<\/tr>\n<tr>\n<td width=\"80\">2014<\/td>\n<td width=\"80\">Ram<\/td>\n<td width=\"121\">2500<\/td>\n<td width=\"610\">Big Horn, Laramie, Laramie Limited, Laramie Longhorn, Lone Star, Outdoorsman, SLT, Tradesman<\/td>\n<td width=\"198\">5.7L V8 - CNG, 5.7L<\/td>\n<\/tr>\n<tr>\n<td width=\"80\">2014<\/td>\n<td width=\"80\">Ram<\/td>\n<td width=\"121\">3500<\/td>\n<td width=\"610\">Big Horn, Laramie, Laramie Limited, Laramie Longhorn, Lone Star, SLT, Tradesman<\/td>\n<td width=\"198\">5.7L<\/td>\n<\/tr>\n<tr>\n<td width=\"80\">2013<\/td>\n<td width=\"80\">Ram<\/td>\n<td width=\"121\">2500<\/td>\n<td width=\"610\">Big Horn, Laramie, Laramie Longhorn, Lone Star, Outdoorsman, Power Wagon, SLT, Tradesman<\/td>\n<td width=\"198\">5.7L V8 - CNG, 5.7L<\/td>\n<\/tr>\n<tr>\n<td width=\"80\">2013<\/td>\n<td width=\"80\">Ram<\/td>\n<td width=\"121\">3500<\/td>\n<td width=\"610\">Big Horn, Laramie, Laramie Longhorn, Lone Star, SLT, Tradesman<\/td>\n<td width=\"198\">5.7L<\/td>\n<\/tr>\n<tr>\n<td width=\"80\">2012<\/td>\n<td width=\"80\">Ram<\/td>\n<td width=\"121\">2500<\/td>\n<td width=\"610\">Laramie, Laramie Longhorn, Outdoorsman, Power Wagon, SLT, ST<\/td>\n<td width=\"198\">5.7L V8 - dwupaliwowy, 5.7L<\/td>\n<\/tr>\n<tr>\n<td width=\"80\">2012<\/td>\n<td width=\"80\">Ram<\/td>\n<td width=\"121\">3500<\/td>\n<td width=\"610\">Laramie, SLT, ST<\/td>\n<td width=\"198\">5.7L<\/td>\n<\/tr>\n<tr>\n<td width=\"80\">2011<\/td>\n<td width=\"80\">Ram<\/td>\n<td width=\"121\">2500<\/td>\n<td width=\"610\">Laramie, Laramie Longhorn, Power Wagon, SLT, ST<\/td>\n<td width=\"198\">5.7L<\/td>\n<\/tr>\n<tr>\n<td width=\"80\">2011<\/td>\n<td width=\"80\">Ram<\/td>\n<td width=\"121\">3500<\/td>\n<td width=\"610\">Laramie, SLT, ST<\/td>\n<td width=\"198\">5.7L<\/td>\n<\/tr>\n<tr>\n<td width=\"80\">2010<\/td>\n<td width=\"80\">Dodge<\/td>\n<td width=\"121\">Ram 2500<\/td>\n<td width=\"610\">Laramie, Power Wagon, SLT, ST, TRX<\/td>\n<td width=\"198\">5.7L<\/td>\n<\/tr>\n<tr>\n<td width=\"80\">2009<\/td>\n<td width=\"80\">Dodge<\/td>\n<td width=\"121\">Ram 2500<\/td>\n<td width=\"610\">Laramie, Power Wagon, SLT, ST, SXT<\/td>\n<td width=\"198\">5.7L<\/td>\n<\/tr>\n<tr>\n<td width=\"80\">2009<\/td>\n<td width=\"80\">Dodge<\/td>\n<td width=\"121\">Ram 3500<\/td>\n<td width=\"610\">Laramie, SLT, ST<\/td>\n<td width=\"198\">5.7L<\/td>\n<\/tr>\n<\/tbody>\n<\/table>\n<p>&nbsp;<\/p>\n<p>&nbsp;<\/p>\n<h4>Dlaczego warto wybra\u0107 oryginalne cz\u0119\u015bci zamienne Mopar?<\/h4>\n<p><strong>Idealne dopasowanie i najwy\u017csza jako\u015b\u0107:<\/strong> Oryginalne cz\u0119\u015bci zamienne Mopar s\u0105 produkowane zgodnie ze \u015bcis\u0142ymi specyfikacjami producenta, co oznacza, \u017ce idealnie pasuj\u0105 do Twojego pojazdu. Zapewnia to nie tylko \u0142atw\u0105 instalacj\u0119, ale tak\u017ce optymaln\u0105 funkcjonalno\u015b\u0107 i bezpiecze\u0144stwo.<\/p>\n<p><strong>Niezawodno\u015b\u0107 i trwa\u0142o\u015b\u0107:<\/strong> Dzi\u0119ki zastosowaniu wysokiej jako\u015bci materia\u0142\u00f3w i rygorystycznej kontroli jako\u015bci, cz\u0119\u015bci zamienne Mopar zapewniaj\u0105 niezawodne dzia\u0142anie pojazdu nawet w ekstremalnych warunkach. Zosta\u0142y zaprojektowane z my\u015bl\u0105 o trwa\u0142o\u015bci i maksymalizacji osi\u0105g\u00f3w pojazdu.<\/p>\n<p>&nbsp;<\/p>\n<p>&nbsp;<\/p>","protected":false},"excerpt":{"rendered":"<p>Oryginalna cz\u0119\u015b\u0107 Mopar<\/p>\n<p>2009 - 2018<\/p>","protected":false},"featured_media":68317564,"comment_status":"open","ping_status":"closed","template":"","meta":{"_acf_changed":false},"product_brand":[16270],"product_cat":[9956],"product_tag":[11778,11781,213,214,176,177,165,248,249,250,251,252,419,420,2066,2373,4526,6297,506,507,91,11855,11857,11856,10883,9408,11784,11785,11786,11787,10822,49,7809,10530,10833,10845,10839,10827,10851,10823,10847,10841,10835,10829,10837,10825,10849,10843,10831,10531,10824,10830,10836,10848,10842,10826,10844,10850,10838,10832,10828,10846,10840,10852,10834,11799,11800,11805,11806,11804,11849,11808,11809,11807,222,550,11788,11789,31,11780,11783,11779,11782,11790,11794,11791,11795,11792,11793,11852,11853,11854,7221,11850,11851,86,3507,11372,11818,10913,11817,11819,11810,11811,11815,11816,11814,11812,11820,11821,11866,11813,6333,11828,10976,11831,11829,11830,11822,10980,11826,11827,11825,11823,11832,11833,11824,7666,11840,10978,11843,11841,11842,11834,11835,11838,11839,11837,10977,11844,11845,11836,11859,11860,11858,11864,11863,11796,11802,11861,11797,11803,11865,11862,11798,11801,11846,11847,11848],"class_list":{"0":"post-68317576","1":"product","2":"type-product","3":"status-publish","4":"has-post-thumbnail","6":"product_brand-mopar","7":"product_cat-2500-3500-57-abgaskruemmer-katalysatoren","8":"product_tag-068591585aa","9":"product_tag-068591586aa","10":"product_tag-213","11":"product_tag-214","12":"product_tag-176","13":"product_tag-177","14":"product_tag-165","15":"product_tag-248","16":"product_tag-249","17":"product_tag-250","18":"product_tag-251","19":"product_tag-252","20":"product_tag-419","21":"product_tag-420","22":"product_tag-2066","23":"product_tag-2373","24":"product_tag-4526","25":"product_tag-6297","26":"product_tag-506","27":"product_tag-507","28":"product_tag-5-7","29":"product_tag-5-7-v8-abgaskruemmer","30":"product_tag-5-7-v8-hemi-kruemmer","31":"product_tag-5-7-v8-kruemmer","32":"product_tag-68591585aa","33":"product_tag-68591586aa","34":"product_tag-abgaskruemmer-68591585aa","35":"product_tag-abgaskruemmer-68591586aa","36":"product_tag-auspuffkruemmer-68591585aa","37":"product_tag-auspuffkruemmer-68591586aa","38":"product_tag-dj","39":"product_tag-dodge","40":"product_tag-dodge-ram-1500","41":"product_tag-dodge-ram-2500","42":"product_tag-dodge-ram-2500-5-7-abgaskruemmer-austausch","43":"product_tag-dodge-ram-2500-5-7-abgaskruemmer-diagnose","44":"product_tag-dodge-ram-2500-5-7-abgaskruemmer-kaufen","45":"product_tag-dodge-ram-2500-5-7-abgaskruemmer-undicht","46":"product_tag-dodge-ram-2500-5-7-abgaskruemmer-wartung","47":"product_tag-dodge-ram-2500-5-7-auspuffkruemmer","48":"product_tag-dodge-ram-2500-5-7-auspuffkruemmer-leck","49":"product_tag-dodge-ram-2500-5-7-auspuffkruemmer-montage","50":"product_tag-dodge-ram-2500-5-7-auspuffkruemmer-probleme","51":"product_tag-dodge-ram-2500-5-7-auspuffkruemmer-reparatur","52":"product_tag-dodge-ram-2500-5-7-kruemmerbolzen-drehmoment","53":"product_tag-dodge-ram-2500-5-7-kruemmerdichtung","54":"product_tag-dodge-ram-2500-5-7-kruemmerdichtung-material","55":"product_tag-dodge-ram-2500-5-7-kruemmerdichtung-undicht","56":"product_tag-dodge-ram-2500-5-7-kruemmerdichtungssatz","57":"product_tag-dodge-ram-3500","58":"product_tag-dodge-ram-3500-5-7-abgaskruemmer","59":"product_tag-dodge-ram-3500-5-7-abgaskruemmer-kit","60":"product_tag-dodge-ram-3500-5-7-abgaskruemmer-kosten","61":"product_tag-dodge-ram-3500-5-7-abgaskruemmer-symptome-beheben","62":"product_tag-dodge-ram-3500-5-7-abgaskruemmer-symptome-erkennen","63":"product_tag-dodge-ram-3500-5-7-auspuffkruemmer-ersatz","64":"product_tag-dodge-ram-3500-5-7-auspuffkruemmer-riss","65":"product_tag-dodge-ram-3500-5-7-auspuffkruemmer-riss-erkennen","66":"product_tag-dodge-ram-3500-5-7-auspuffkruemmer-set","67":"product_tag-dodge-ram-3500-5-7-auspuffkruemmer-symptome","68":"product_tag-dodge-ram-3500-5-7-kruemmerbolzen","69":"product_tag-dodge-ram-3500-5-7-kruemmerbolzen-ersatz","70":"product_tag-dodge-ram-3500-5-7-kruemmerdichtung-bestellen","71":"product_tag-dodge-ram-3500-5-7-kruemmerdichtung-symptome","72":"product_tag-dodge-ram-3500-5-7-kruemmerdichtung-wechseln","73":"product_tag-dodge-ram-abgaskruemmer","74":"product_tag-dodge-ram-kruemmer","75":"product_tag-hemi-abgaskruemmer","76":"product_tag-hemi-auspuffkruemmer","77":"product_tag-hemi-kruemmer","78":"product_tag-hemi-kruemmer-ram","79":"product_tag-hemi-v8-abgaskruemmer","80":"product_tag-hemi-v8-auspuffkruemmer","81":"product_tag-hemi-v8-kruemmer","82":"product_tag-kit","83":"product_tag-kruemmer","84":"product_tag-kruemmer-68591585aa","85":"product_tag-kruemmer-68591586aa","86":"product_tag-mopar","87":"product_tag-mopar-068591585aa","88":"product_tag-mopar-068591586aa","89":"product_tag-mopar-68591585aa","90":"product_tag-mopar-68591586aa","91":"product_tag-mopar-abgaskruemmer","92":"product_tag-mopar-abgaskruemmer-v8","93":"product_tag-mopar-auspuffkruemmer","94":"product_tag-mopar-auspuffkruemmer-v8","95":"product_tag-mopar-kruemmer","96":"product_tag-mopar-kruemmer-hemi","97":"product_tag-mopar-kruemmer-ram-1500","98":"product_tag-mopar-kruemmer-ram-2500","99":"product_tag-mopar-kruemmer-ram-3500","100":"product_tag-mopar10","101":"product_tag-original-ram-abgaskruemmer","102":"product_tag-original-ram-kruemmer","103":"product_tag-ram","104":"product_tag-ram1500","105":"product_tag-ram-1500-5-7","106":"product_tag-ram-1500-5-7-abgaskruemmer","107":"product_tag-ram-1500-5-7-auspuffkruemmer","108":"product_tag-ram-1500-5-7-hemi","109":"product_tag-ram-1500-5-7-kruemmer","110":"product_tag-ram-1500-abgaskruemmer","111":"product_tag-ram-1500-auspuffkruemmer","112":"product_tag-ram-1500-hemi-abgaskruemmer","113":"product_tag-ram-1500-hemi-auspuffkruemmer","114":"product_tag-ram-1500-hemi-kruemmer","115":"product_tag-ram-1500-kruemmer","116":"product_tag-ram-1500-kruemmer-links","117":"product_tag-ram-1500-kruemmer-rechts","118":"product_tag-ram-1500-original-kruemmer","119":"product_tag-ram-1500-v8-kruemmer","120":"product_tag-ram-2500","121":"product_tag-ram-2500-5-7","122":"product_tag-ram-2500-5-7-abgaskruemmer","123":"product_tag-ram-2500-5-7-auspuffkruemmer","124":"product_tag-ram-2500-5-7-hemi","125":"product_tag-ram-2500-5-7-kruemmer","126":"product_tag-ram-2500-abgaskruemmer","127":"product_tag-ram-2500-auspuffkruemmer","128":"product_tag-ram-2500-hemi-abgaskruemmer","129":"product_tag-ram-2500-hemi-auspuffkruemmer","130":"product_tag-ram-2500-hemi-kruemmer","131":"product_tag-ram-2500-kruemmer","132":"product_tag-ram-2500-kruemmer-links","133":"product_tag-ram-2500-kruemmer-rechts","134":"product_tag-ram-2500-v8-kruemmer","135":"product_tag-ram-3500","136":"product_tag-ram-3500-5-7","137":"product_tag-ram-3500-5-7-abgaskruemmer","138":"product_tag-ram-3500-5-7-auspuffkruemmer","139":"product_tag-ram-3500-5-7-hemi","140":"product_tag-ram-3500-5-7-kruemmer","141":"product_tag-ram-3500-abgaskruemmer","142":"product_tag-ram-3500-auspuffkruemmer","143":"product_tag-ram-3500-hemi-abgaskruemmer","144":"product_tag-ram-3500-hemi-auspuffkruemmer","145":"product_tag-ram-3500-hemi-kruemmer","146":"product_tag-ram-3500-kruemmer","147":"product_tag-ram-3500-kruemmer-links","148":"product_tag-ram-3500-kruemmer-rechts","149":"product_tag-ram-3500-v8-kruemmer","150":"product_tag-ram-5-7-auspuffkruemmer","151":"product_tag-ram-5-7-hemi-kruemmer","152":"product_tag-ram-5-7-kruemmer","153":"product_tag-ram-5-7-kruemmer-austausch","154":"product_tag-ram-5-7-v8-auspuffteil","155":"product_tag-ram-abgaskruemmer","156":"product_tag-ram-abgaskruemmer-5-7","157":"product_tag-ram-abgaskruemmer-dichtung","158":"product_tag-ram-auspuffkruemmer","159":"product_tag-ram-auspuffkruemmer-5-7","160":"product_tag-ram-hemi-kruemmer-oem","161":"product_tag-ram-hemi-kruemmer-set","162":"product_tag-ram-kruemmer","163":"product_tag-ram-kruemmer-5-7","164":"product_tag-ram-v8-abgaskruemmer","165":"product_tag-ram-v8-kruemmer","166":"product_tag-v8-abgaskruemmer-ram","168":"first","169":"instock","170":"taxable","171":"shipping-taxable","172":"purchasable","173":"product-type-variable"},"bundled_by":[],"bundle_stock_status":"instock","bundle_stock_quantity":3,"bundle_virtual":false,"bundle_layout":"","bundle_add_to_cart_form_location":"","bundle_editable_in_cart":false,"bundle_sold_individually_context":"","bundle_item_grouping":"","bundle_min_size":"","bundle_max_size":"","bundle_price":[],"bundled_items":[],"bundle_sell_ids":[],"exclude_global_add_ons":[],"addons":[],"acf":[],"_links":{"self":[{"href":"https:\/\/kraftwerk-shop.cc\/pl\/wp-json\/wp\/v2\/product\/68317576","targetHints":{"allow":["GET"]}}],"collection":[{"href":"https:\/\/kraftwerk-shop.cc\/pl\/wp-json\/wp\/v2\/product"}],"about":[{"href":"https:\/\/kraftwerk-shop.cc\/pl\/wp-json\/wp\/v2\/types\/product"}],"replies":[{"embeddable":true,"href":"https:\/\/kraftwerk-shop.cc\/pl\/wp-json\/wp\/v2\/comments?post=68317576"}],"version-history":[{"count":0,"href":"https:\/\/kraftwerk-shop.cc\/pl\/wp-json\/wp\/v2\/product\/68317576\/revisions"}],"wp:featuredmedia":[{"embeddable":true,"href":"https:\/\/kraftwerk-shop.cc\/pl\/wp-json\/wp\/v2\/media\/68317564"}],"wp:attachment":[{"href":"https:\/\/kraftwerk-shop.cc\/pl\/wp-json\/wp\/v2\/media?parent=68317576"}],"wp:term":[{"taxonomy":"product_brand","embeddable":true,"href":"https:\/\/kraftwerk-shop.cc\/pl\/wp-json\/wp\/v2\/product_brand?post=68317576"},{"taxonomy":"product_cat","embeddable":true,"href":"https:\/\/kraftwerk-shop.cc\/pl\/wp-json\/wp\/v2\/product_cat?post=68317576"},{"taxonomy":"product_tag","embeddable":true,"href":"https:\/\/kraftwerk-shop.cc\/pl\/wp-json\/wp\/v2\/product_tag?post=68317576"}],"curies":[{"name":"wp","href":"https:\/\/api.w.org\/{rel}","templated":true}]}}