{"id":68318655,"date":"2025-04-06T02:55:04","date_gmt":"2025-04-06T00:55:04","guid":{"rendered":"https:\/\/kraftwerk-shop.cc\/?post_type=product&#038;p=68318655"},"modified":"2026-02-15T01:19:27","modified_gmt":"2026-02-15T00:19:27","slug":"tarcze-hamulcowe-ebc-grand-cherokee-trackhawk-durango-hellcat","status":"publish","type":"product","link":"https:\/\/kraftwerk-shop.cc\/pl\/produkt\/ebc-bremsscheiben-grand-cherokee-trackhawk-durango-hellcat\/","title":{"rendered":"Wysokow\u0119glowe tarcze hamulcowe EBC Swept-Groove Grand Cherokee Trackhawk i Durango Hellcat"},"content":{"rendered":"<h1>Tarcze hamulcowe EBC Swept-Groove SG2F029 High-Carbon (2-cz\u0119\u015bciowe) dla Jeep Trackhawk i Dodge Durango Hellcat (o\u015b przednia)<\/h1>\n<p>&nbsp;<\/p>\n<p>Wszystkie tarcze z zewn\u0119trznym pier\u015bcieniem ciernym s\u0105 wykonane z wysokomiedziowego, wysokow\u0119glowego stopu G3500, kt\u00f3ry jest wysoce odporny na zu\u017cycie i p\u0119kanie, nawet podczas u\u017cytkowania na torze. Zewn\u0119trzny, \u017celiwny pier\u015bcie\u0144 \"p\u0142ywa\" na opatentowanych przez EBC szpulkach w technologii SD-Drive, pozwalaj\u0105c pier\u015bcieniowi ciernemu na swobodne rozszerzanie si\u0119 i kurczenie nawet o 3 mm podczas intensywnego hamowania, aby poradzi\u0107 sobie z ekstremalnym ciep\u0142em generowanym przez intensywne hamowanie.<\/p>\n<p>Tarcze hamulcowe s\u0105 precyzyjnie obrabiane z aluminium lotniczego, a nast\u0119pnie anodowane na twardo, aby zapewni\u0107 zar\u00f3wno dobry wygl\u0105d, jak i wyj\u0105tkow\u0105 trwa\u0142o\u015b\u0107.<\/p>\n<p>Wszystkie szpulki s\u0105 wykonane z jednego kawa\u0142ka stali nierdzewnej, aby zapobiec nieestetycznej korozji i zapewni\u0107 swobodne unoszenie si\u0119 pier\u015bcienia zewn\u0119trznego nawet po latach ekspozycji na dzia\u0142anie czynnik\u00f3w atmosferycznych. Dwucz\u0119\u015bciowe p\u0142ywaj\u0105ce tarcze hamulcowe EBC Racing to niewymagaj\u0105ce konserwacji rozwi\u0105zanie, kt\u00f3re sprawdzi si\u0119 zar\u00f3wno na drogach publicznych, jak i na torze wy\u015bcigowym. Ka\u017cda szpulka jest r\u00f3wnie\u017c wyposa\u017cona w zacisk spr\u0119\u017cynowy zapobiegaj\u0105cy grzechotaniu, co oznacza, \u017ce tarcze te s\u0105 ca\u0142kowicie ciche w dzia\u0142aniu i nie maj\u0105 \"grzechotania tarczy hamulcowej\" typowego dla wielu innych \"w pe\u0142ni wy\u015bcigowych\" 2-cz\u0119\u015bciowych system\u00f3w tarcz.<\/p>\n<p>&nbsp;<\/p>\n<p><strong>Liczby por\u00f3wnawcze Mopar<\/strong>68305562AA, 68305562AB<\/p>\n<p>&nbsp;<\/p>\n<p><strong>Cechy produktu:<\/strong><\/p>\n<ul>\n<li>W pe\u0142ni p\u0142ywaj\u0105ca, dwucz\u0119\u015bciowa konstrukcja chroni\u0105ca przed uszkodzeniami termicznymi w ekstremalnych warunkach<\/li>\n<li>Jednocz\u0119\u015bciowe zapi\u0119cia ze stali nierdzewnej ze spr\u0119\u017cyn\u0105 zapobiegaj\u0105c\u0105 grzechotaniu<\/li>\n<li>Czarna piasta wykonana z hartowanego i odpornego na odkszta\u0142cenia specjalnego aluminium<\/li>\n<li>Zakrzywione szczeliny pier\u015bcienia ciernego dla skutecznego usuwania py\u0142u hamulcowego i gaz\u00f3w hamulcowych<\/li>\n<li>Wymienne pier\u015bcienie cierne wykonane ze specjalnego stopu wysokow\u0119glowego G3500<\/li>\n<li>R90: W przygotowaniu<\/li>\n<li>\u015arednica 400 mm<\/li>\n<\/ul>\n<p>&nbsp;<\/p>\n<p><strong>Odpowiedni dla:<\/strong><\/p>\n<table width=\"437\">\n<tbody>\n<tr>\n<td width=\"83\"><strong>Marka<\/strong><\/td>\n<td width=\"122\"><strong>Model<\/strong><\/td>\n<td width=\"136\"><strong>Silnik<\/strong><\/td>\n<td width=\"96\"><strong>Rok<\/strong><\/td>\n<\/tr>\n<tr>\n<td>Dodge<\/td>\n<td>Durango Hellcat<\/td>\n<td>6.2<\/td>\n<td>2021\u20132026<\/td>\n<\/tr>\n<tr>\n<td>Jeep<\/td>\n<td>Grand Cherokee Trackhawk<\/td>\n<td>6.4<\/td>\n<td>2018\u20132021<\/td>\n<\/tr>\n<\/tbody>\n<\/table>\n<p>&nbsp;<\/p>\n<p><strong>Zakres dostawy: <\/strong><\/p>\n<ul>\n<li>2 tarcze hamulcowe EBC Swept-Groove (SG2F029)<\/li>\n<\/ul>\n<p>&nbsp;<\/p>\n<p>&nbsp;<\/p>\n<div class=\"content\">\n<p>Za\u0142o\u017cona w Wielkiej Brytanii firma EBC Brakes jest wiod\u0105cym producentem komponent\u00f3w uk\u0142adu hamulcowego do samochod\u00f3w osobowych, ci\u0119\u017carowych, autobus\u00f3w, motocykli, pojazd\u00f3w ATV, a nawet skuter\u00f3w. Operatorzy flot pojazd\u00f3w ratunkowych, taks\u00f3wek i wymagaj\u0105cy kierowcy wy\u015bcigowi na ca\u0142ym \u015bwiecie preferuj\u0105 klocki i tarcze hamulcowe EBC ze wzgl\u0119du na ich skuteczn\u0105 przyczepno\u015b\u0107, doskona\u0142\u0105 trwa\u0142o\u015b\u0107, odporno\u015b\u0107 na gromadzenie si\u0119 ciep\u0142a i niestandardow\u0105 konstrukcj\u0119.<br \/>\nPocz\u0105wszy od prezesa firmy, a sko\u0144czywszy na ka\u017cdym pracowniku, EBC g\u0142\u0119boko wierzy, \u017ce prawdziwie doskona\u0142e komponenty uk\u0142adu hamulcowego musz\u0105 by\u0107 wykonane z najbardziej efektywnych materia\u0142\u00f3w, przy jednoczesnym zapewnieniu mo\u017cliwie najmniejszego wp\u0142ywu na \u015brodowisko. Podobnie, EBC nigdy nie u\u017cyje swojej nazwy na produktach, kt\u00f3re id\u0105 na skr\u00f3ty w projektowaniu, kontroli jako\u015bci lub produkcji, lub kt\u00f3re s\u0105 wytwarzane w warunkach pracy w sweatshopach, gdzie prawa cz\u0142owieka nie s\u0105 przestrzegane.<br \/>\nJe\u015bli potrzebujesz najlepszych i najbardziej odpowiedzialnych komponent\u00f3w uk\u0142adu hamulcowego, kt\u00f3re spe\u0142niaj\u0105 lub przewy\u017cszaj\u0105 specyfikacje OEM bez mar\u017cy dealera OEM, EBC Brakes to nazwa, kt\u00f3r\u0105 warto zna\u0107.<\/p>\n<\/div>\n<p>&nbsp;<\/p>","protected":false},"excerpt":{"rendered":"<p>2-cz\u0119\u015bciowe tarcze hamulcowe (1 para)<\/p>","protected":false},"featured_media":68318665,"comment_status":"open","ping_status":"closed","template":"","meta":{"_acf_changed":false},"product_brand":[16875],"product_cat":[17930,17963],"product_tag":[101,2757,2756,940,795,796,49,95,964,2442,16877,16876,16878,692,942,941,56,100,50,36,15423,797,102,842,841,673],"class_list":{"0":"post-68318655","1":"product","2":"type-product","3":"status-publish","4":"has-post-thumbnail","6":"product_brand-ebc-brakes","7":"product_cat-durango-hellcat-bremsscheiben-vorne","8":"product_cat-trackhawk-bremsscheiben-vorne","9":"product_tag-6-2","10":"product_tag-68305562aa","11":"product_tag-68305562ab","12":"product_tag-aftermarket","13":"product_tag-bremse","14":"product_tag-bremsscheibe","15":"product_tag-dodge","16":"product_tag-durango","17":"product_tag-ebc","18":"product_tag-ebc-brakes","19":"product_tag-ebc-bremsbelaege","20":"product_tag-ebc-bremsen","21":"product_tag-ebc-bremsscheiben","22":"product_tag-ersatzteil","23":"product_tag-gelocht","24":"product_tag-geschlitzt","25":"product_tag-grand-cherokee","26":"product_tag-hellcat","27":"product_tag-jeep","28":"product_tag-kraftwerk","29":"product_tag-sg2f029","30":"product_tag-sportbremsscheibe","31":"product_tag-trackhawk","32":"product_tag-vorderachse","33":"product_tag-vorne","34":"product_tag-zubehoer","36":"first","37":"onbackorder","38":"taxable","39":"shipping-taxable","40":"purchasable","41":"product-type-simple"},"bundled_by":[],"bundle_stock_status":"onbackorder","bundle_stock_quantity":0,"bundle_virtual":false,"bundle_layout":"","bundle_add_to_cart_form_location":"","bundle_editable_in_cart":false,"bundle_sold_individually_context":"","bundle_item_grouping":"","bundle_min_size":"","bundle_max_size":"","bundle_price":[],"bundled_items":[],"bundle_sell_ids":[],"exclude_global_add_ons":[],"addons":[],"acf":[],"_links":{"self":[{"href":"https:\/\/kraftwerk-shop.cc\/pl\/wp-json\/wp\/v2\/product\/68318655","targetHints":{"allow":["GET"]}}],"collection":[{"href":"https:\/\/kraftwerk-shop.cc\/pl\/wp-json\/wp\/v2\/product"}],"about":[{"href":"https:\/\/kraftwerk-shop.cc\/pl\/wp-json\/wp\/v2\/types\/product"}],"replies":[{"embeddable":true,"href":"https:\/\/kraftwerk-shop.cc\/pl\/wp-json\/wp\/v2\/comments?post=68318655"}],"version-history":[{"count":0,"href":"https:\/\/kraftwerk-shop.cc\/pl\/wp-json\/wp\/v2\/product\/68318655\/revisions"}],"wp:featuredmedia":[{"embeddable":true,"href":"https:\/\/kraftwerk-shop.cc\/pl\/wp-json\/wp\/v2\/media\/68318665"}],"wp:attachment":[{"href":"https:\/\/kraftwerk-shop.cc\/pl\/wp-json\/wp\/v2\/media?parent=68318655"}],"wp:term":[{"taxonomy":"product_brand","embeddable":true,"href":"https:\/\/kraftwerk-shop.cc\/pl\/wp-json\/wp\/v2\/product_brand?post=68318655"},{"taxonomy":"product_cat","embeddable":true,"href":"https:\/\/kraftwerk-shop.cc\/pl\/wp-json\/wp\/v2\/product_cat?post=68318655"},{"taxonomy":"product_tag","embeddable":true,"href":"https:\/\/kraftwerk-shop.cc\/pl\/wp-json\/wp\/v2\/product_tag?post=68318655"}],"curies":[{"name":"wp","href":"https:\/\/api.w.org\/{rel}","templated":true}]}}