{"id":68318766,"date":"2025-04-08T22:19:12","date_gmt":"2025-04-08T20:19:12","guid":{"rendered":"https:\/\/kraftwerk-shop.cc\/?post_type=product&#038;p=68318766"},"modified":"2026-03-30T02:10:07","modified_gmt":"2026-03-30T00:10:07","slug":"klapy-wydechowe-qtp-ram-ds","status":"publish","type":"product","link":"https:\/\/kraftwerk-shop.cc\/pl\/produkt\/qtp-auspuffklappen-ram-ds\/","title":{"rendered":"Zestaw klap wydechowych QTP Aggressor RAM 5.7 Hemi"},"content":{"rendered":"<h1>Zestaw klap wydechowych QTP Aggressor dla RAM 1500 5.7 2009 - 2018 i Classic 2019 - 2024<\/h1>\n<p>&nbsp;<\/p>\n<p>Aggressor to zestaw monta\u017cowy z wyci\u0119ciem elektrycznym dostosowany do pojazdu.<br \/>\nQuick Time Performance (QTP) zaprojektowa\u0142 ka\u017cd\u0105 aplikacj\u0119 dla optymalnej pozycji instalacji, d\u017awi\u0119ku i wydajno\u015bci.<br \/>\nNie musisz martwi\u0107 si\u0119 o miejsce instalacji. Ten problem zosta\u0142 ju\u017c rozwi\u0105zany. Wi\u0119kszo\u015b\u0107 zestaw\u00f3w nie wymaga \u017cadnych prac spawalniczych.<\/p>\n<p>Przejd\u017a od fabrycznej ciszy do zamieszek! Wystarczy je przykr\u0119ci\u0107 i rozp\u0119ta si\u0119 piek\u0142o.<\/p>\n<p>Wszystkie systemy s\u0105 wykonane ze stali nierdzewnej i wyprodukowane w USA.<\/p>\n<p>&nbsp;<\/p>\n<ul>\n<li>Pasuje do RAM 2009 - 2018 i Classic 2019 - 2024<\/li>\n<li>Wsp\u00f3\u0142pracuje z dodatkowymi uk\u0142adami wydechowymi<\/li>\n<li>Nie pasuje do kolanek wentylatora longtube<\/li>\n<li>Nie wymaga spawania<\/li>\n<li>Pe\u0142na kontrola u\u017cytkownika nad wydajno\u015bci\u0105 i d\u017awi\u0119kiem<\/li>\n<li>Konstrukcja ze stali nierdzewnej 304<\/li>\n<li>Od cichego do g\u0142o\u015bnego za naci\u015bni\u0119ciem przycisku<\/li>\n<li>Wyprodukowano w USA.<\/li>\n<\/ul>\n<p>&nbsp;<\/p>\n<p><strong>Zakres dostawy:<\/strong><\/p>\n<ul>\n<li>System klap wydechowych dla RAM 1500<\/li>\n<li>Za\u015blepka<\/li>\n<li>Wi\u0105zka przewod\u00f3w<\/li>\n<li>Uszczelka<\/li>\n<li>Instrukcje instalacji<\/li>\n<\/ul>\n<p>&nbsp;<\/p>\n<p><strong>Odpowiedni dla:<\/strong><\/p>\n<table width=\"437\">\n<tbody>\n<tr>\n<td width=\"122\"><strong>Marka<\/strong><\/td>\n<td width=\"136\"><strong>Model<\/strong><\/td>\n<td width=\"96\"><strong>Silnik<\/strong><\/td>\n<td width=\"83\"><strong>Rok<\/strong><\/td>\n<\/tr>\n<tr>\n<td>RAM<\/td>\n<td>1500<\/td>\n<td>5.7<\/td>\n<td>2009\u20132018<\/td>\n<\/tr>\n<tr>\n<td>RAM<\/td>\n<td>1500 Classic<\/td>\n<td>5.7<\/td>\n<td>2019\u20132024<\/td>\n<\/tr>\n<\/tbody>\n<\/table>\n<p>&nbsp;<\/p>","protected":false},"excerpt":{"rendered":"<p>2009 - 2018 i Classic 2019 - 2024<\/p>","protected":false},"featured_media":68318770,"comment_status":"open","ping_status":"closed","template":"","meta":{"_acf_changed":false},"product_brand":[],"product_cat":[6620],"product_tag":[91,15561,1035,3381,3378,546,2993,3382,49,477,692,549,126,20273,34,186,3379,7223,3380,86,3368,3055,547],"class_list":{"0":"post-68318766","1":"product","2":"type-product","3":"status-publish","4":"has-post-thumbnail","6":"product_cat-1500-57-2009-2018-classic-abgasanlage-catback","7":"product_tag-5-7","8":"product_tag-15561","9":"product_tag-abgasanlage","10":"product_tag-abgasklappen","11":"product_tag-aggressor","12":"product_tag-auspuff","13":"product_tag-auspuffklappen","14":"product_tag-cutout","15":"product_tag-dodge","16":"product_tag-ds","17":"product_tag-ersatzteil","18":"product_tag-header","19":"product_tag-hemi","20":"product_tag-keintuev","21":"product_tag-original","22":"product_tag-performance","23":"product_tag-qtp","24":"product_tag-qtp10","25":"product_tag-quick-time-performance","26":"product_tag-ram","27":"product_tag-shorties","28":"product_tag-sportabgasanlage","29":"product_tag-sportauspuff","31":"first","32":"onbackorder","33":"taxable","34":"shipping-taxable","35":"purchasable","36":"product-type-simple"},"bundled_by":[],"bundle_stock_status":"onbackorder","bundle_stock_quantity":0,"bundle_virtual":false,"bundle_layout":"","bundle_add_to_cart_form_location":"","bundle_editable_in_cart":false,"bundle_sold_individually_context":"","bundle_item_grouping":"","bundle_min_size":"","bundle_max_size":"","bundle_price":[],"bundled_items":[],"bundle_sell_ids":[],"exclude_global_add_ons":[],"addons":[],"acf":[],"_links":{"self":[{"href":"https:\/\/kraftwerk-shop.cc\/pl\/wp-json\/wp\/v2\/product\/68318766","targetHints":{"allow":["GET"]}}],"collection":[{"href":"https:\/\/kraftwerk-shop.cc\/pl\/wp-json\/wp\/v2\/product"}],"about":[{"href":"https:\/\/kraftwerk-shop.cc\/pl\/wp-json\/wp\/v2\/types\/product"}],"replies":[{"embeddable":true,"href":"https:\/\/kraftwerk-shop.cc\/pl\/wp-json\/wp\/v2\/comments?post=68318766"}],"version-history":[{"count":0,"href":"https:\/\/kraftwerk-shop.cc\/pl\/wp-json\/wp\/v2\/product\/68318766\/revisions"}],"wp:featuredmedia":[{"embeddable":true,"href":"https:\/\/kraftwerk-shop.cc\/pl\/wp-json\/wp\/v2\/media\/68318770"}],"wp:attachment":[{"href":"https:\/\/kraftwerk-shop.cc\/pl\/wp-json\/wp\/v2\/media?parent=68318766"}],"wp:term":[{"taxonomy":"product_brand","embeddable":true,"href":"https:\/\/kraftwerk-shop.cc\/pl\/wp-json\/wp\/v2\/product_brand?post=68318766"},{"taxonomy":"product_cat","embeddable":true,"href":"https:\/\/kraftwerk-shop.cc\/pl\/wp-json\/wp\/v2\/product_cat?post=68318766"},{"taxonomy":"product_tag","embeddable":true,"href":"https:\/\/kraftwerk-shop.cc\/pl\/wp-json\/wp\/v2\/product_tag?post=68318766"}],"curies":[{"name":"wp","href":"https:\/\/api.w.org\/{rel}","templated":true}]}}