{"id":68318950,"date":"2025-04-13T15:17:38","date_gmt":"2025-04-13T13:17:38","guid":{"rendered":"https:\/\/kraftwerk-shop.cc\/?post_type=product&#038;p=68318950"},"modified":"2026-03-16T16:00:09","modified_gmt":"2026-03-16T15:00:09","slug":"filtr-oleju-mopar-mo-409-04105409ae","status":"publish","type":"product","link":"https:\/\/kraftwerk-shop.cc\/pl\/produkt\/mopar-oelfilter-mo-409-04105409ae\/","title":{"rendered":"Filtr oleju Mopar MO-409 (04105409AE)"},"content":{"rendered":"<h1>Filtr oleju Mopar 04105409AE (MO-409) - <span lang=\"DE\" style=\"display: inline;\">Oryginalna cz\u0119\u015b\u0107 zamienna<\/span><\/h1>\n<p>&nbsp;<\/p>\n<p><span lang=\"DE\"><strong>Numer cz\u0119\u015bci Mopar:<\/strong> 04105409AE<br \/>\n<strong>Zast\u0105piony:<\/strong>\u00a0 4105409AB, 4105409AC, 4105409BB, FE00215<br \/>\n<\/span><\/p>\n<p>&nbsp;<\/p>\n<p>Aby silnik dzia\u0142a\u0142 prawid\u0142owo, musi by\u0107 zasilany czystym olejem silnikowym. Rzecz w tym, \u017ce nawet nowy olej silnikowy mo\u017ce zawiera\u0107 zanieczyszczenia. Gdy przep\u0142ywaj\u0105 one przez silnik, gromadz\u0105 si\u0119 na r\u00f3\u017cnych cz\u0119\u015bciach i wp\u0142ywaj\u0105 na jego sprawne dzia\u0142anie.<br \/>\nWraz z innymi zanieczyszczeniami, kt\u00f3re olej silnikowy zbiera na swojej drodze przez silnik, mo\u017ce to prowadzi\u0107 do jego uszkodzenia.<br \/>\nW tym miejscu do gry wkracza oryginalny filtr oleju Mopar.<br \/>\nPrzechwytuje on te mikroskopijne zanieczyszczenia na drodze oleju, dzi\u0119ki czemu tylko czysty olej przep\u0142ywa z powrotem do silnika i smaruje r\u00f3\u017cne jego cz\u0119\u015bci. Z czasem jednak nawet wysokiej jako\u015bci filtr oleju ulega uszkodzeniu lub zatkaniu.<\/p>\n<p>Je\u015bli filtr oleju wymaga wymiany, upewnij si\u0119, \u017ce u\u017cywasz oryginalnego filtra oleju Mopar. S\u0105 to jedyne filtry, kt\u00f3re s\u0105 kompatybilne z silnikiem Twojego modelu, wi\u0119c mo\u017cesz polega\u0107 na ich dopasowaniu i wydajno\u015bci.<br \/>\nFiltr oleju od zewn\u0119trznego dostawcy mo\u017ce nie by\u0107 idealnie dopasowany, co mo\u017ce prowadzi\u0107 do wyciek\u00f3w lub nawet powa\u017cniejszych problem\u00f3w z silnikiem.<br \/>\nW naszym asortymencie online mo\u017cna znale\u017a\u0107 oryginalne filtry oleju Mopar, kt\u00f3re s\u0105 odpowiednie dla danego pojazdu.<\/p>\n<p>Ta oryginalna cz\u0119\u015b\u0107 Mopar spe\u0142nia wszystkie wymagania gwarancji fabrycznej.<\/p>\n<p>&nbsp;<\/p>\n<p><strong>Odpowiedni dla:<\/strong><\/p>\n<table width=\"972\">\n<tbody>\n<tr>\n<td width=\"80\"><strong>Rok<\/strong><\/td>\n<td width=\"80\"><strong>Marka<\/strong><\/td>\n<td width=\"121\"><strong>Model<\/strong><\/td>\n<td width=\"493\"><strong>Wersja<\/strong><\/td>\n<td width=\"198\"><strong>Silnik<\/strong><\/td>\n<\/tr>\n<tr>\n<td width=\"80\">2011<\/td>\n<td width=\"80\">Jeep<\/td>\n<td width=\"121\">Wrangler<\/td>\n<td width=\"493\">70th Anniversary, Rubicon, Sahara, Sport, Unlimited 70th Anniversary, Unlimited Rubicon, Unlimited Sahara, Unlimited Sport<\/td>\n<td width=\"198\">3.8L<\/td>\n<\/tr>\n<tr>\n<td width=\"80\">2010<\/td>\n<td width=\"80\">Chrysler<\/td>\n<td width=\"121\">PT Cruiser<\/td>\n<td width=\"493\">Klasyczny<\/td>\n<td width=\"198\">2.4L<\/td>\n<\/tr>\n<tr>\n<td width=\"80\">2010<\/td>\n<td width=\"80\">Chrysler<\/td>\n<td width=\"121\">Town &amp; Country<\/td>\n<td width=\"493\">LX, Touring, Touring Plus, Walter P. Chrysler Signature Series<\/td>\n<td width=\"198\">3.3L V6 - Flex, 3.8L<\/td>\n<\/tr>\n<tr>\n<td width=\"80\">2010<\/td>\n<td width=\"80\">Dodge<\/td>\n<td width=\"121\">Grand Caravan<\/td>\n<td width=\"493\">C\/V, SE, SXT<\/td>\n<td width=\"198\">3.3L V6 - Flex, 3.8L<\/td>\n<\/tr>\n<tr>\n<td width=\"80\">2010<\/td>\n<td width=\"80\">Jeep<\/td>\n<td width=\"121\">Wrangler<\/td>\n<td width=\"493\">Rubicon, Sahara, Sport, Unlimited Rubicon, Unlimited Sahara, Unlimited Sport<\/td>\n<td width=\"198\">3.8L<\/td>\n<\/tr>\n<tr>\n<td width=\"80\">2009<\/td>\n<td width=\"80\">Chrysler<\/td>\n<td width=\"121\">PT Cruiser<\/td>\n<td width=\"493\">LX, Limited, Touring<\/td>\n<td width=\"198\">2.4L<\/td>\n<\/tr>\n<tr>\n<td width=\"80\">2009<\/td>\n<td width=\"80\">Chrysler<\/td>\n<td width=\"121\">Town &amp; Country<\/td>\n<td width=\"493\">LX, Touring<\/td>\n<td width=\"198\">3.3L V6 - Flex, 3.8L<\/td>\n<\/tr>\n<tr>\n<td width=\"80\">2009<\/td>\n<td width=\"80\">Dodge<\/td>\n<td width=\"121\">Grand Caravan<\/td>\n<td width=\"493\">C\/V, SE, SXT<\/td>\n<td width=\"198\">3.3L V6 - Flex, 3.8L<\/td>\n<\/tr>\n<tr>\n<td width=\"80\">2009<\/td>\n<td width=\"80\">Jeep<\/td>\n<td width=\"121\">Wrangler<\/td>\n<td width=\"493\">Rubicon, Sahara, Unlimited Rubicon, Unlimited Sahara, Unlimited X, X<\/td>\n<td width=\"198\">3.8L<\/td>\n<\/tr>\n<tr>\n<td width=\"80\">2008<\/td>\n<td width=\"80\">Chrysler<\/td>\n<td width=\"121\">PT Cruiser<\/td>\n<td width=\"493\">Base, LX, Limited, Touring<\/td>\n<td width=\"198\">2.4L<\/td>\n<\/tr>\n<tr>\n<td width=\"80\">2008<\/td>\n<td width=\"80\">Chrysler<\/td>\n<td width=\"121\">Pacifica<\/td>\n<td width=\"493\">LX<\/td>\n<td width=\"198\">3.8L<\/td>\n<\/tr>\n<tr>\n<td width=\"80\">2008<\/td>\n<td width=\"80\">Chrysler<\/td>\n<td width=\"121\">Town &amp; Country<\/td>\n<td width=\"493\">LX, Limited, Touring<\/td>\n<td width=\"198\">3.3L, 3.8L, 4.0L<\/td>\n<\/tr>\n<tr>\n<td width=\"80\">2008<\/td>\n<td width=\"80\">Dodge<\/td>\n<td width=\"121\">Grand Caravan<\/td>\n<td width=\"493\">C\/V, SE, SXT<\/td>\n<td width=\"198\">3.3L, 3.8L, 4.0L<\/td>\n<\/tr>\n<tr>\n<td width=\"80\">2008<\/td>\n<td width=\"80\">Jeep<\/td>\n<td width=\"121\">Wrangler<\/td>\n<td width=\"493\">Rubicon, Sahara, X<\/td>\n<td width=\"198\">3.8L<\/td>\n<\/tr>\n<tr>\n<td width=\"80\">2007<\/td>\n<td width=\"80\">Chrysler<\/td>\n<td width=\"121\">Town &amp; Country<\/td>\n<td width=\"493\">Base, LX, Limited, Touring<\/td>\n<td width=\"198\">3.3L, 3.8L<\/td>\n<\/tr>\n<tr>\n<td width=\"80\">2007<\/td>\n<td width=\"80\">Dodge<\/td>\n<td width=\"121\">Caravan<\/td>\n<td width=\"493\">C\/V, SE, SXT<\/td>\n<td width=\"198\">2.4L, 3.3L V6 - Flex, 3.3L<\/td>\n<\/tr>\n<tr>\n<td width=\"80\">2007<\/td>\n<td width=\"80\">Dodge<\/td>\n<td width=\"121\">Grand Caravan<\/td>\n<td width=\"493\">Base, SE, SXT<\/td>\n<td width=\"198\">3.3L V6 - Flex, 3.3L, 3.8L<\/td>\n<\/tr>\n<tr>\n<td width=\"80\">2007<\/td>\n<td width=\"80\">Jeep<\/td>\n<td width=\"121\">Wrangler<\/td>\n<td width=\"493\">Rubicon, Sahara, X<\/td>\n<td width=\"198\">3.8L<\/td>\n<\/tr>\n<\/tbody>\n<\/table>\n<p>&nbsp;<\/p>","protected":false},"excerpt":{"rendered":"<p>Oryginalna cz\u0119\u015b\u0107 Mopar<\/p>","protected":false},"featured_media":68318952,"comment_status":"open","ping_status":"closed","template":"","meta":{"_acf_changed":false},"product_brand":[16270],"product_cat":[19657,1427,19785],"product_tag":[15937,15921,15922,15915,15923,209,210,213,214,176,15938,15917,15918,15936,15919,15963,15965,15966,15964,15943,15945,15946,15944,15947,15949,15950,15951,15952,15948,15958,15960,15961,15962,15959,15953,15955,15956,15957,15954,2321,15920,648,675,15939,15941,15942,15940,36,15916,31,8813,9424,16271,16273,16275,16272,16274,7221,404,2320,647,2453,655,34,35,674,38,37,673],"class_list":{"0":"post-68318950","1":"product","2":"type-product","3":"status-publish","4":"has-post-thumbnail","6":"product_brand-mopar","7":"product_cat-pacifica-wartung","8":"product_cat-pt-cruiser-motor","9":"product_cat-wrangler-38-wartung","10":"product_tag-15937","11":"product_tag-04105409ab","12":"product_tag-04105409ac","13":"product_tag-04105409ae","14":"product_tag-04105409bb","15":"product_tag-209","16":"product_tag-210","17":"product_tag-213","18":"product_tag-214","19":"product_tag-176","20":"product_tag-15938","21":"product_tag-4105409ab","22":"product_tag-4105409ac","23":"product_tag-4105409ae","24":"product_tag-4105409bb","25":"product_tag-chrysler-pacifica-oelfilter","26":"product_tag-chrysler-pacifica-oelfilter-04105409ae","27":"product_tag-chrysler-pacifica-oelfilter-3-8","28":"product_tag-chrysler-pacifica-oelfilter-mo-409","29":"product_tag-chrysler-pt-cruiser-oelfilter","30":"product_tag-chrysler-pt-cruiser-oelfilter-04105409ae","31":"product_tag-chrysler-pt-cruiser-oelfilter-2-4","32":"product_tag-chrysler-pt-cruiser-oelfilter-mo-409","33":"product_tag-chrysler-town-country-oelfilter","34":"product_tag-chrysler-town-country-oelfilter-04105409ae","35":"product_tag-chrysler-town-country-oelfilter-3-3","36":"product_tag-chrysler-town-country-oelfilter-3-8","37":"product_tag-chrysler-town-country-oelfilter-4-0","38":"product_tag-chrysler-town-country-oelfilter-mo-409","39":"product_tag-dodge-caravan-oelfilter","40":"product_tag-dodge-caravan-oelfilter-04105409ae","41":"product_tag-dodge-caravan-oelfilter-2-4","42":"product_tag-dodge-caravan-oelfilter-3-3","43":"product_tag-dodge-caravan-oelfilter-mo-409","44":"product_tag-dodge-grand-caravan-oelfilter","45":"product_tag-dodge-grand-caravan-oelfilter-04105409ae","46":"product_tag-dodge-grand-caravan-oelfilter-3-3","47":"product_tag-dodge-grand-caravan-oelfilter-3-8","48":"product_tag-dodge-grand-caravan-oelfilter-mo-409","49":"product_tag-erstausruester","50":"product_tag-fe00215","51":"product_tag-filter","52":"product_tag-inspektion","53":"product_tag-jeep-wrangler-oelfilter","54":"product_tag-jeep-wrangler-oelfilter-04105409ae","55":"product_tag-jeep-wrangler-oelfilter-3-8","56":"product_tag-jeep-wrangler-oelfilter-mo-409","57":"product_tag-kraftwerk","58":"product_tag-mo-409","59":"product_tag-mopar","60":"product_tag-mopar-autoteile","61":"product_tag-mopar-ersatzteile","62":"product_tag-mopar-ersatzteile-kaufen","63":"product_tag-mopar-performance-teile","64":"product_tag-mopar-teile-katalog","65":"product_tag-mopar-teile-online","66":"product_tag-mopar-tuningteile","67":"product_tag-mopar10","68":"product_tag-motoroel","69":"product_tag-motoroelfilter","70":"product_tag-oelfilter","71":"product_tag-oelfilter10","72":"product_tag-oelwechsel","73":"product_tag-original","74":"product_tag-originalersatzteil","75":"product_tag-service","76":"product_tag-teile","77":"product_tag-wartung","78":"product_tag-zubehoer","80":"first","81":"instock","82":"taxable","83":"shipping-taxable","84":"purchasable","85":"product-type-simple"},"bundled_by":[],"bundle_stock_status":"instock","bundle_stock_quantity":5,"bundle_virtual":false,"bundle_layout":"","bundle_add_to_cart_form_location":"","bundle_editable_in_cart":false,"bundle_sold_individually_context":"","bundle_item_grouping":"","bundle_min_size":"","bundle_max_size":"","bundle_price":[],"bundled_items":[],"bundle_sell_ids":[],"exclude_global_add_ons":[],"addons":[],"acf":[],"_links":{"self":[{"href":"https:\/\/kraftwerk-shop.cc\/pl\/wp-json\/wp\/v2\/product\/68318950","targetHints":{"allow":["GET"]}}],"collection":[{"href":"https:\/\/kraftwerk-shop.cc\/pl\/wp-json\/wp\/v2\/product"}],"about":[{"href":"https:\/\/kraftwerk-shop.cc\/pl\/wp-json\/wp\/v2\/types\/product"}],"replies":[{"embeddable":true,"href":"https:\/\/kraftwerk-shop.cc\/pl\/wp-json\/wp\/v2\/comments?post=68318950"}],"version-history":[{"count":0,"href":"https:\/\/kraftwerk-shop.cc\/pl\/wp-json\/wp\/v2\/product\/68318950\/revisions"}],"wp:featuredmedia":[{"embeddable":true,"href":"https:\/\/kraftwerk-shop.cc\/pl\/wp-json\/wp\/v2\/media\/68318952"}],"wp:attachment":[{"href":"https:\/\/kraftwerk-shop.cc\/pl\/wp-json\/wp\/v2\/media?parent=68318950"}],"wp:term":[{"taxonomy":"product_brand","embeddable":true,"href":"https:\/\/kraftwerk-shop.cc\/pl\/wp-json\/wp\/v2\/product_brand?post=68318950"},{"taxonomy":"product_cat","embeddable":true,"href":"https:\/\/kraftwerk-shop.cc\/pl\/wp-json\/wp\/v2\/product_cat?post=68318950"},{"taxonomy":"product_tag","embeddable":true,"href":"https:\/\/kraftwerk-shop.cc\/pl\/wp-json\/wp\/v2\/product_tag?post=68318950"}],"curies":[{"name":"wp","href":"https:\/\/api.w.org\/{rel}","templated":true}]}}