{"id":68318962,"date":"2025-04-20T00:06:53","date_gmt":"2025-04-19T22:06:53","guid":{"rendered":"https:\/\/kraftwerk-shop.cc\/?post_type=product&#038;p=68318962"},"modified":"2026-03-31T12:36:22","modified_gmt":"2026-03-31T10:36:22","slug":"vaico-olej-przekladniowy-dodge-jeep-ram-zf8hp","status":"publish","type":"product","link":"https:\/\/kraftwerk-shop.cc\/pl\/produkt\/vaico-getriebeoel-dodge-jeep-ram-zf8hp\/","title":{"rendered":"Olej do automatycznych skrzy\u0144 bieg\u00f3w VAICO Chrysler, Dodge, Jeep i RAM z 8 prze\u0142o\u017ceniami"},"content":{"rendered":"<h1>Olej do automatycznych skrzy\u0144 bieg\u00f3w VAICO ATF 8HP do 8-biegowych skrzy\u0144 bieg\u00f3w ZF Chrysler, Dodge, Jeep i RAM<\/h1>\n<p>&nbsp;<\/p>\n<p>Olej do przek\u0142adni automatycznych VAICO ATF 8HP to wysokiej jako\u015bci, w pe\u0142ni syntetyczny olej przek\u0142adniowy, kt\u00f3ry spe\u0142nia wysokie wymagania nowoczesnych przek\u0142adni automatycznych - zw\u0142aszcza 8-biegowych przek\u0142adni ZF.<\/p>\n<p>The <strong data-start=\"179\" data-end=\"189\">ZF 8HP<\/strong> to 8-biegowa automatyczna skrzynia bieg\u00f3w niemieckiego producenta <strong data-start=\"249\" data-end=\"271\">ZF Friedrichshafen<\/strong>kt\u00f3ra jest u\u017cywana od 2008 roku. Jest ona uwa\u017cana za jedn\u0105 z najlepszych automatycznych skrzy\u0144 bieg\u00f3w z przemiennikiem momentu obrotowego na \u015bwiecie i jest montowana w wielu pojazdach - w tym w wielu modelach z nast\u0119puj\u0105cych marek <strong data-start=\"446\" data-end=\"479\">Chrysler, Dodge, Jeep i RAM<\/strong>. Ta skrzynia bieg\u00f3w wymaga specjalnego oleju automatycznego zgodnego ze specyfikacj\u0105 MB 236.14, kt\u00f3r\u0105 VAICO ATF 14 w pe\u0142ni spe\u0142nia.<\/p>\n<p>&nbsp;<\/p>\n<p><strong>Dane techniczne<\/strong><\/p>\n<ul>\n<li>Typ: W pe\u0142ni syntetyczny ATF (p\u0142yn do automatycznej skrzyni bieg\u00f3w)<\/li>\n<li>Kolor: zielony<\/li>\n<li>Spe\u0142nia specyfikacje ZF Lifeguard 8 i Mopar ATF+8<\/li>\n<li>Numery referencyjne Mopar: 68339073AA, 68157995AA, 68157995AB,68218925AA, 68218925AB<\/li>\n<li>Rozmiar pojemnika: plastikowe kanistry o pojemno\u015bci 1 litra i 5 litr\u00f3w<\/li>\n<\/ul>\n<p>Zatwierdzenia producenta i jako\u015b\u0107 OE: Opracowany zgodnie ze specyfikacjami producenta - wysoka stabilno\u015b\u0107 temperaturowa, zminimalizowane zu\u017cycie, optymalna wydajno\u015b\u0107 zmiany bieg\u00f3w.<\/p>\n<p>&nbsp;<\/p>\n<p>Pasuje do wszystkich skrzy\u0144 bieg\u00f3w Chrysler, Dodge, Jeep i RAM z przek\u0142adniami ZF 8HP45, 8HP50, 8HP70, 8HP75, 8HP90 i 8HP95.<\/p>\n<p>&nbsp;<\/p>","protected":false},"excerpt":{"rendered":"<p>Olej do przek\u0142adni automatycznych VAICO ATF 8HP do 8-biegowych skrzy\u0144 bieg\u00f3w ZF Chrysler, Dodge, Jeep i RAM Olej do przek\u0142adni automatycznych VAICO ATF 8HP<\/p>","protected":false},"featured_media":68319715,"comment_status":"open","ping_status":"closed","template":"","meta":{"_acf_changed":false},"product_brand":[19064],"product_cat":[10262,1565,1566,4978,4985,1589,1590,1670,1671,1678,1679,1694,1695,1702,1703,1605,1606,5157,5163,1629,1630,1637,1638,1646,1647,1654,1655,3857,2710,1662,1663,3363,3015,1734,1735,1742,1743,1750,1751,1766,1767,1774,1775,17019,6788,6793,2942,3362,2952,2963,4239,4242,19415,19418,4761,19691,1521,5021,9954,2922,2706],"product_tag":[15979,15980,15978,15982,15981],"class_list":{"0":"post-68318962","1":"product","2":"type-product","3":"status-publish","4":"has-post-thumbnail","6":"product_brand-vaico","7":"product_cat-alle-produkte","8":"product_cat-300c-36-getriebe","9":"product_cat-300c-36-wartung","10":"product_cat-300c-57-2011-2023-getriebe","11":"product_cat-300c-57-2011-2023-wartung","12":"product_cat-300c-64-getriebe","13":"product_cat-300c-64-wartung","14":"product_cat-challenger-36-getriebe","15":"product_cat-challenger-36-wartung","16":"product_cat-challenger-57-getriebe","17":"product_cat-challenger-57-wartung","18":"product_cat-challenger-hellcat-getriebe","19":"product_cat-challenger-hellcat-wartung","20":"product_cat-challenger-64-getriebe","21":"product_cat-challenger-64-wartung","22":"product_cat-charger-36-getriebe","23":"product_cat-charger-36-wartung","24":"product_cat-charger-57-2011-2023-getriebe","25":"product_cat-dodge-charger-57-2011-2023-wartung","26":"product_cat-charger-hellcat-getriebe","27":"product_cat-charger-hellcat-wartung","28":"product_cat-charger-64-getriebe","29":"product_cat-charger-64-wartung","30":"product_cat-durango-36-getriebe","31":"product_cat-durango-36-wartung","32":"product_cat-durango-57-getriebe","33":"product_cat-durango-57-wartung","34":"product_cat-durango-hellcat-getriebe","35":"product_cat-durango-hellcat-wartung","36":"product_cat-durango-64-getriebe","37":"product_cat-durango-64-wartung","38":"product_cat-gladiator-36-getriebe","39":"product_cat-gladiator-36-wartung","40":"product_cat-grand-cherokee-30-diesel-getriebe","41":"product_cat-grand-cherokee-30-diesel-wartung","42":"product_cat-grand-cherokee-36-getriebe","43":"product_cat-grand-cherokee-36-wartung","44":"product_cat-grand-cherokee-57-2011-2021-getriebe","45":"product_cat-grand-cherokee-57-2011-2021-wartung","46":"product_cat-trackhawk-getriebe","47":"product_cat-trackhawk-wartung","48":"product_cat-grand-cherokee-64-getriebe","49":"product_cat-grand-cherokee-64-wartung","50":"product_cat-wagoneer-30-wartung","51":"product_cat-wagoneer-64-getriebe","52":"product_cat-wagoneer-64-wartung","53":"product_cat-wrangler-20-turbo-wartung","54":"product_cat-wrangler-36-getriebe","55":"product_cat-wrangler-36-wartung","56":"product_cat-wrangler-64-wartung","57":"product_cat-1500-ecodiesel-getriebe","58":"product_cat-1500-ecodiesel-wartung","59":"product_cat-1500-ecodiesel-2020-2023-getriebe","60":"product_cat-1500-ecodiesel-2020-2023-wartung","61":"product_cat-1500-36-wartung","62":"product_cat-1500-36-dt-wartung","63":"product_cat-1500-57-2009-2018-classic-wartung","64":"product_cat-1500-57-dt-wartung","65":"product_cat-2500-3500-57-wartung","66":"product_cat-2500-3500-64-wartung","67":"product_cat-trx-wartung","68":"product_tag-68157995aa","69":"product_tag-68157995ab","70":"product_tag-68218925aa","71":"product_tag-68218925ab","72":"product_tag-68339073aa","74":"first","75":"instock","76":"taxable","77":"shipping-taxable","78":"purchasable","79":"product-type-variable"},"bundled_by":[],"bundle_stock_status":"instock","bundle_stock_quantity":11,"bundle_virtual":false,"bundle_layout":"","bundle_add_to_cart_form_location":"","bundle_editable_in_cart":false,"bundle_sold_individually_context":"","bundle_item_grouping":"","bundle_min_size":"","bundle_max_size":"","bundle_price":[],"bundled_items":[],"bundle_sell_ids":[],"exclude_global_add_ons":[],"addons":[],"acf":[],"_links":{"self":[{"href":"https:\/\/kraftwerk-shop.cc\/pl\/wp-json\/wp\/v2\/product\/68318962","targetHints":{"allow":["GET"]}}],"collection":[{"href":"https:\/\/kraftwerk-shop.cc\/pl\/wp-json\/wp\/v2\/product"}],"about":[{"href":"https:\/\/kraftwerk-shop.cc\/pl\/wp-json\/wp\/v2\/types\/product"}],"replies":[{"embeddable":true,"href":"https:\/\/kraftwerk-shop.cc\/pl\/wp-json\/wp\/v2\/comments?post=68318962"}],"version-history":[{"count":0,"href":"https:\/\/kraftwerk-shop.cc\/pl\/wp-json\/wp\/v2\/product\/68318962\/revisions"}],"wp:featuredmedia":[{"embeddable":true,"href":"https:\/\/kraftwerk-shop.cc\/pl\/wp-json\/wp\/v2\/media\/68319715"}],"wp:attachment":[{"href":"https:\/\/kraftwerk-shop.cc\/pl\/wp-json\/wp\/v2\/media?parent=68318962"}],"wp:term":[{"taxonomy":"product_brand","embeddable":true,"href":"https:\/\/kraftwerk-shop.cc\/pl\/wp-json\/wp\/v2\/product_brand?post=68318962"},{"taxonomy":"product_cat","embeddable":true,"href":"https:\/\/kraftwerk-shop.cc\/pl\/wp-json\/wp\/v2\/product_cat?post=68318962"},{"taxonomy":"product_tag","embeddable":true,"href":"https:\/\/kraftwerk-shop.cc\/pl\/wp-json\/wp\/v2\/product_tag?post=68318962"}],"curies":[{"name":"wp","href":"https:\/\/api.w.org\/{rel}","templated":true}]}}