{"id":68319746,"date":"2025-04-20T15:46:30","date_gmt":"2025-04-20T13:46:30","guid":{"rendered":"https:\/\/kraftwerk-shop.cc\/?post_type=product&#038;p=68319746"},"modified":"2026-02-15T01:19:49","modified_gmt":"2026-02-15T00:19:49","slug":"zestaw-tlokow-57-53021538ad-53021539ad","status":"publish","type":"product","link":"https:\/\/kraftwerk-shop.cc\/pl\/produkt\/kolben-set-57-53021538ad-53021539ad\/","title":{"rendered":"Zestaw t\u0142ok\u00f3w 5.7"},"content":{"rendered":"<h1>Kolben-Set f\u00fcr Chrysler Aspen, 300C, Dodge Durango, Charger, Magnum, RAM, Jeep Commander und Grand Cherokee 5.7 von 2003 bis 2008<\/h1>\n<p>&nbsp;<\/p>\n<p><span lang=\"DE\"><strong>Mopar Vergleichsnummern:<\/strong>\u00a053021538AD, 53021539AD<\/span><\/p>\n<p>&nbsp;<\/p>\n<p><span class=\"relative -mx-px my-[-0.2rem] rounded px-px py-[0.2rem] transition-colors duration-100 ease-in-out\">Der Enginetech Kolbensatz bietet eine hochwertige und passgenaue L\u00f6sung f\u00fcr die Instandsetzung von 5.7 Hemi Motoren von 2003 bis 2008 , insbesondere da neue Originalteile nicht mehr verf\u00fcgbar sind.<\/span><br \/>\n<span class=\"relative -mx-px my-[-0.2rem] rounded px-px py-[0.2rem] transition-colors duration-100 ease-in-out\">Dieser Satz enth\u00e4lt acht Kolben, die speziell f\u00fcr den Austausch im Rahmen einer Motorinstandsetzung entwickelt wurden sowie die passenden Kolbenringe.<\/span><\/p>\n<p>&nbsp;<\/p>\n<p><strong>Lieferumfang:<\/strong><\/p>\n<ul>\n<li>8 Kolben<\/li>\n<li>Kompletter Satz Kolbenringe f\u00fcr 8 Zylinder<\/li>\n<li style=\"list-style-type: none;\"><\/li>\n<\/ul>\n<p>&nbsp;<\/p>\n<p><strong>Passend f\u00fcr:<\/strong><\/p>\n<table width=\"972\">\n<tbody>\n<tr>\n<td width=\"80\"><strong>Baujahr<\/strong><\/td>\n<td width=\"80\"><strong>Marke<\/strong><\/td>\n<td width=\"121\"><strong>Modell<\/strong><\/td>\n<td width=\"493\"><strong>Version<\/strong><\/td>\n<td width=\"198\"><strong>Motor<\/strong><\/td>\n<\/tr>\n<tr>\n<td width=\"80\">2008<\/td>\n<td width=\"80\">Chrysler<\/td>\n<td width=\"121\">300<\/td>\n<td width=\"493\">C<\/td>\n<td width=\"198\">5.7L<\/td>\n<\/tr>\n<tr>\n<td width=\"80\">2008<\/td>\n<td width=\"80\">Chrysler<\/td>\n<td width=\"121\">Aspen<\/td>\n<td width=\"493\">Limited<\/td>\n<td width=\"198\">4.7L V8 &#8211; Flex, 4.7L, 5.7L<\/td>\n<\/tr>\n<tr>\n<td width=\"80\">2008<\/td>\n<td width=\"80\">Dodge<\/td>\n<td width=\"121\">Charger<\/td>\n<td width=\"493\">Pursuit, R\/T, SE<\/td>\n<td width=\"198\">5.7L<\/td>\n<\/tr>\n<tr>\n<td width=\"80\">2008<\/td>\n<td width=\"80\">Dodge<\/td>\n<td width=\"121\">Durango<\/td>\n<td width=\"493\">Adventurer, Limited, SLT, SXT<\/td>\n<td width=\"198\">4.7L V8 &#8211; Flex, 4.7L, 5.7L<\/td>\n<\/tr>\n<tr>\n<td width=\"80\">2008<\/td>\n<td width=\"80\">Dodge<\/td>\n<td width=\"121\">Magnum<\/td>\n<td width=\"493\">R\/T<\/td>\n<td width=\"198\">5.7L<\/td>\n<\/tr>\n<tr>\n<td width=\"80\">2008<\/td>\n<td width=\"80\">Dodge<\/td>\n<td width=\"121\">Ram 1500<\/td>\n<td width=\"493\">Laramie, SLT, ST<\/td>\n<td width=\"198\">4.7L V8 &#8211; Flex, 4.7L, 5.7L<\/td>\n<\/tr>\n<tr>\n<td width=\"80\">2008<\/td>\n<td width=\"80\">Dodge<\/td>\n<td width=\"121\">Ram 2500<\/td>\n<td width=\"493\">Laramie, Power Wagon, SLT, ST, SXT<\/td>\n<td width=\"198\">5.7L<\/td>\n<\/tr>\n<tr>\n<td width=\"80\">2008<\/td>\n<td width=\"80\">Dodge<\/td>\n<td width=\"121\">Ram 3500<\/td>\n<td width=\"493\">Laramie, SLT, ST<\/td>\n<td width=\"198\">5.7L<\/td>\n<\/tr>\n<tr>\n<td width=\"80\">2008<\/td>\n<td width=\"80\">Jeep<\/td>\n<td width=\"121\">Commander<\/td>\n<td width=\"493\">Limited, Overland, Sport<\/td>\n<td width=\"198\">4.7L V8 &#8211; Flex, 4.7L, 5.7L<\/td>\n<\/tr>\n<tr>\n<td width=\"80\">2008<\/td>\n<td width=\"80\">Jeep<\/td>\n<td width=\"121\">Grand Cherokee<\/td>\n<td width=\"493\">Laredo, Limited, Overland, SRT8<\/td>\n<td width=\"198\">4.7L V8 &#8211; Flex, 4.7L, 5.7L, 6.1L<\/td>\n<\/tr>\n<tr>\n<td width=\"80\">2007<\/td>\n<td width=\"80\">Chrysler<\/td>\n<td width=\"121\">300<\/td>\n<td width=\"493\">C<\/td>\n<td width=\"198\">5.7L<\/td>\n<\/tr>\n<tr>\n<td width=\"80\">2007<\/td>\n<td width=\"80\">Chrysler<\/td>\n<td width=\"121\">Aspen<\/td>\n<td width=\"493\">Limited<\/td>\n<td width=\"198\">5.7L<\/td>\n<\/tr>\n<tr>\n<td width=\"80\">2007<\/td>\n<td width=\"80\">Dodge<\/td>\n<td width=\"121\">Charger<\/td>\n<td width=\"493\">Pursuit, R\/T<\/td>\n<td width=\"198\">5.7L<\/td>\n<\/tr>\n<tr>\n<td width=\"80\">2007<\/td>\n<td width=\"80\">Dodge<\/td>\n<td width=\"121\">Durango<\/td>\n<td width=\"493\">Adventurer, Limited, SLT, SXT<\/td>\n<td width=\"198\">5.7L<\/td>\n<\/tr>\n<tr>\n<td width=\"80\">2007<\/td>\n<td width=\"80\">Dodge<\/td>\n<td width=\"121\">Magnum<\/td>\n<td width=\"493\">R\/T<\/td>\n<td width=\"198\">5.7L<\/td>\n<\/tr>\n<tr>\n<td width=\"80\">2007<\/td>\n<td width=\"80\">Dodge<\/td>\n<td width=\"121\">Ram 1500<\/td>\n<td width=\"493\">Laramie, SLT, ST, Sport, TRX4<\/td>\n<td width=\"198\">5.7L<\/td>\n<\/tr>\n<tr>\n<td width=\"80\">2007<\/td>\n<td width=\"80\">Dodge<\/td>\n<td width=\"121\">Ram 2500<\/td>\n<td width=\"493\">Laramie, Power Wagon, SLT, ST, Sport, TRX4<\/td>\n<td width=\"198\">5.7L<\/td>\n<\/tr>\n<tr>\n<td width=\"80\">2007<\/td>\n<td width=\"80\">Dodge<\/td>\n<td width=\"121\">Ram 3500<\/td>\n<td width=\"493\">Laramie, SLT, ST, Sport<\/td>\n<td width=\"198\">5.7L<\/td>\n<\/tr>\n<tr>\n<td width=\"80\">2007<\/td>\n<td width=\"80\">Jeep<\/td>\n<td width=\"121\">Commander<\/td>\n<td width=\"493\">Limited, Overland<\/td>\n<td width=\"198\">5.7L<\/td>\n<\/tr>\n<tr>\n<td width=\"80\">2007<\/td>\n<td width=\"80\">Jeep<\/td>\n<td width=\"121\">Grand Cherokee<\/td>\n<td width=\"493\">Limited, Overland<\/td>\n<td width=\"198\">5.7L<\/td>\n<\/tr>\n<tr>\n<td width=\"80\">2006<\/td>\n<td width=\"80\">Chrysler<\/td>\n<td width=\"121\">300<\/td>\n<td width=\"493\">C<\/td>\n<td width=\"198\">5.7L<\/td>\n<\/tr>\n<tr>\n<td width=\"80\">2006<\/td>\n<td width=\"80\">Dodge<\/td>\n<td width=\"121\">Charger<\/td>\n<td width=\"493\">R\/T<\/td>\n<td width=\"198\">5.7L<\/td>\n<\/tr>\n<tr>\n<td width=\"80\">2006<\/td>\n<td width=\"80\">Dodge<\/td>\n<td width=\"121\">Durango<\/td>\n<td width=\"493\">Limited, SLT<\/td>\n<td width=\"198\">5.7L<\/td>\n<\/tr>\n<tr>\n<td width=\"80\">2006<\/td>\n<td width=\"80\">Dodge<\/td>\n<td width=\"121\">Magnum<\/td>\n<td width=\"493\">R\/T<\/td>\n<td width=\"198\">5.7L<\/td>\n<\/tr>\n<tr>\n<td width=\"80\">2006<\/td>\n<td width=\"80\">Dodge<\/td>\n<td width=\"121\">Ram 1500<\/td>\n<td width=\"493\">Laramie, SLT, ST<\/td>\n<td width=\"198\">5.7L<\/td>\n<\/tr>\n<tr>\n<td width=\"80\">2006<\/td>\n<td width=\"80\">Dodge<\/td>\n<td width=\"121\">Ram 2500<\/td>\n<td width=\"493\">Laramie, SLT, ST<\/td>\n<td width=\"198\">5.7L<\/td>\n<\/tr>\n<tr>\n<td width=\"80\">2006<\/td>\n<td width=\"80\">Dodge<\/td>\n<td width=\"121\">Ram 3500<\/td>\n<td width=\"493\">Laramie, SLT, ST<\/td>\n<td width=\"198\">5.7L<\/td>\n<\/tr>\n<tr>\n<td width=\"80\">2006<\/td>\n<td width=\"80\">Jeep<\/td>\n<td width=\"121\">Commander<\/td>\n<td width=\"493\">Limited<\/td>\n<td width=\"198\">5.7L<\/td>\n<\/tr>\n<tr>\n<td width=\"80\">2006<\/td>\n<td width=\"80\">Jeep<\/td>\n<td width=\"121\">Grand Cherokee<\/td>\n<td width=\"493\">Limited, Overland<\/td>\n<td width=\"198\">5.7L<\/td>\n<\/tr>\n<tr>\n<td width=\"80\">2005<\/td>\n<td width=\"80\">Chrysler<\/td>\n<td width=\"121\">300<\/td>\n<td width=\"493\">C<\/td>\n<td width=\"198\">5.7L<\/td>\n<\/tr>\n<tr>\n<td width=\"80\">2005<\/td>\n<td width=\"80\">Dodge<\/td>\n<td width=\"121\">Durango<\/td>\n<td width=\"493\">Limited, SLT<\/td>\n<td width=\"198\">5.7L<\/td>\n<\/tr>\n<tr>\n<td width=\"80\">2005<\/td>\n<td width=\"80\">Dodge<\/td>\n<td width=\"121\">Magnum<\/td>\n<td width=\"493\">R\/T<\/td>\n<td width=\"198\">5.7L<\/td>\n<\/tr>\n<tr>\n<td width=\"80\">2005<\/td>\n<td width=\"80\">Dodge<\/td>\n<td width=\"121\">Ram 1500<\/td>\n<td width=\"493\">SLT, ST<\/td>\n<td width=\"198\">5.7L<\/td>\n<\/tr>\n<tr>\n<td width=\"80\">2005<\/td>\n<td width=\"80\">Dodge<\/td>\n<td width=\"121\">Ram 2500<\/td>\n<td width=\"493\">SLT, ST<\/td>\n<td width=\"198\">5.7L<\/td>\n<\/tr>\n<tr>\n<td width=\"80\">2005<\/td>\n<td width=\"80\">Dodge<\/td>\n<td width=\"121\">Ram 3500<\/td>\n<td width=\"493\">SLT, ST<\/td>\n<td width=\"198\">5.7L<\/td>\n<\/tr>\n<tr>\n<td width=\"80\">2005<\/td>\n<td width=\"80\">Jeep<\/td>\n<td width=\"121\">Grand Cherokee<\/td>\n<td width=\"493\">Limited<\/td>\n<td width=\"198\">5.7L<\/td>\n<\/tr>\n<tr>\n<td width=\"80\">2004<\/td>\n<td width=\"80\">Dodge<\/td>\n<td width=\"121\">Durango<\/td>\n<td width=\"493\">Limited, SLT<\/td>\n<td width=\"198\">5.7L<\/td>\n<\/tr>\n<tr>\n<td width=\"80\">2004<\/td>\n<td width=\"80\">Dodge<\/td>\n<td width=\"121\">Ram 1500<\/td>\n<td width=\"493\">SLT, ST<\/td>\n<td width=\"198\">5.7L<\/td>\n<\/tr>\n<tr>\n<td width=\"80\">2004<\/td>\n<td width=\"80\">Dodge<\/td>\n<td width=\"121\">Ram 2500<\/td>\n<td width=\"493\">SLT, ST<\/td>\n<td width=\"198\">5.7L<\/td>\n<\/tr>\n<tr>\n<td width=\"80\">2004<\/td>\n<td width=\"80\">Dodge<\/td>\n<td width=\"121\">Ram 3500<\/td>\n<td width=\"493\">SLT, ST<\/td>\n<td width=\"198\">5.7L<\/td>\n<\/tr>\n<tr>\n<td width=\"80\">2003<\/td>\n<td width=\"80\">Dodge<\/td>\n<td width=\"121\">Ram 1500<\/td>\n<td width=\"493\">SLT, ST<\/td>\n<td width=\"198\">5.7L<\/td>\n<\/tr>\n<tr>\n<td width=\"80\">2003<\/td>\n<td width=\"80\">Dodge<\/td>\n<td width=\"121\">Ram 2500<\/td>\n<td width=\"493\">SLT, ST<\/td>\n<td width=\"198\">5.7L<\/td>\n<\/tr>\n<tr>\n<td width=\"80\">2003<\/td>\n<td width=\"80\">Dodge<\/td>\n<td width=\"121\">Ram 3500<\/td>\n<td width=\"493\">SLT, ST<\/td>\n<td width=\"198\">5.7L<\/td>\n<\/tr>\n<\/tbody>\n<\/table>\n<p>&nbsp;<\/p>\n<p>&nbsp;<\/p>\n","protected":false},"excerpt":{"rendered":"<p>2003\u20132008<\/p>","protected":false},"featured_media":68319753,"comment_status":"open","ping_status":"closed","template":"","meta":{"_acf_changed":false},"product_brand":[],"product_cat":[10262,6709,6714,6739,8093,6719,7765,9960],"product_tag":[16504,18792,18793,205,206,207,208,209,210,91,16503,16607,16609,16611,16613,16608,16610,16612,16614,13125,16520,16521,16522,16523,16524,16525,16519,16652,16615,16616,16617,6410,16529,16530,16531,16532,16533,16534,16528,16653,16618,16619,16620,3854,16538,16539,16540,16541,16542,16543,16537,16654,16621,16622,16623,4432,16547,16548,16549,16550,16551,16552,16546,16655,16624,16625,16626,4438,16556,16557,16558,16559,16560,16561,16555,16656,16627,16628,16629,7809,16565,16566,16567,16568,16569,16570,16564,16657,16630,16631,16632,10530,16574,16575,16576,16577,16578,16579,16573,16658,16633,16634,16635,10531,16640,16641,16642,16643,16644,16645,16639,16659,16636,16637,16638,4433,16583,16584,16585,16586,16587,16588,16582,16660,16646,16647,16648,4425,16592,16593,16594,16595,16596,16597,16591,16661,16649,16650,16651,31,9424,7221],"class_list":{"0":"post-68319746","1":"product","2":"type-product","3":"status-publish","4":"has-post-thumbnail","6":"product_cat-alle-produkte","7":"product_cat-300c-57-2005-2010-kurbelwelle-kolben","8":"product_cat-charger-57-kurbelwelle-kolben","9":"product_cat-durango-57-kurbelwelle-kolben","10":"product_cat-magnum-57-kurbelwelle-kolben","11":"product_cat-grand-cherokee-57-2005-2010-kurbelwelle-kolben","12":"product_cat-1500-57-2003-2008-kurbelwelle-kolben","13":"product_cat-2500-3500-57-kurbelwelle-kolben","14":"product_tag-053021302ad","15":"product_tag-053021538ad","16":"product_tag-053021539ad","17":"product_tag-205","18":"product_tag-206","19":"product_tag-207","20":"product_tag-208","21":"product_tag-209","22":"product_tag-210","23":"product_tag-5-7","24":"product_tag-53021302ad","25":"product_tag-53021538ad","26":"product_tag-53021538ad-kolben","27":"product_tag-53021538ad-kolbensatz","28":"product_tag-53021538ad-piston","29":"product_tag-53021539ad","30":"product_tag-53021539ad-kolben","31":"product_tag-53021539ad-kolbensatz","32":"product_tag-53021539ad-piston","33":"product_tag-chrysler-300","34":"product_tag-chrysler-300-2003","35":"product_tag-chrysler-300-2004","36":"product_tag-chrysler-300-2005","37":"product_tag-chrysler-300-2006","38":"product_tag-chrysler-300-2007","39":"product_tag-chrysler-300-2008","40":"product_tag-chrysler-300-5-7","41":"product_tag-chrysler-300-5-7-kolben","42":"product_tag-chrysler-300-kolben","43":"product_tag-chrysler-300-kolbensatz","44":"product_tag-chrysler-300-piston","45":"product_tag-chrysler-aspen","46":"product_tag-chrysler-aspen-2003","47":"product_tag-chrysler-aspen-2004","48":"product_tag-chrysler-aspen-2005","49":"product_tag-chrysler-aspen-2006","50":"product_tag-chrysler-aspen-2007","51":"product_tag-chrysler-aspen-2008","52":"product_tag-chrysler-aspen-5-7","53":"product_tag-chrysler-aspen-5-7-kolben","54":"product_tag-chrysler-aspen-kolben","55":"product_tag-chrysler-aspen-kolbensatz","56":"product_tag-chrysler-aspen-piston","57":"product_tag-dodge-charger","58":"product_tag-dodge-charger-2003","59":"product_tag-dodge-charger-2004","60":"product_tag-dodge-charger-2005","61":"product_tag-dodge-charger-2006","62":"product_tag-dodge-charger-2007","63":"product_tag-dodge-charger-2008","64":"product_tag-dodge-charger-5-7","65":"product_tag-dodge-charger-5-7-kolben","66":"product_tag-dodge-charger-kolben","67":"product_tag-dodge-charger-kolbensatz","68":"product_tag-dodge-charger-piston","69":"product_tag-dodge-durango","70":"product_tag-dodge-durango-2003","71":"product_tag-dodge-durango-2004","72":"product_tag-dodge-durango-2005","73":"product_tag-dodge-durango-2006","74":"product_tag-dodge-durango-2007","75":"product_tag-dodge-durango-2008","76":"product_tag-dodge-durango-5-7","77":"product_tag-dodge-durango-5-7-kolben","78":"product_tag-dodge-durango-kolben","79":"product_tag-dodge-durango-kolbensatz","80":"product_tag-dodge-durango-piston","81":"product_tag-dodge-magnum","82":"product_tag-dodge-magnum-2003","83":"product_tag-dodge-magnum-2004","84":"product_tag-dodge-magnum-2005","85":"product_tag-dodge-magnum-2006","86":"product_tag-dodge-magnum-2007","87":"product_tag-dodge-magnum-2008","88":"product_tag-dodge-magnum-5-7","89":"product_tag-dodge-magnum-5-7-kolben","90":"product_tag-dodge-magnum-kolben","91":"product_tag-dodge-magnum-kolbensatz","92":"product_tag-dodge-magnum-piston","93":"product_tag-dodge-ram-1500","94":"product_tag-dodge-ram-1500-2003","95":"product_tag-dodge-ram-1500-2004","96":"product_tag-dodge-ram-1500-2005","97":"product_tag-dodge-ram-1500-2006","98":"product_tag-dodge-ram-1500-2007","99":"product_tag-dodge-ram-1500-2008","100":"product_tag-dodge-ram-1500-5-7","101":"product_tag-dodge-ram-1500-5-7-kolben","102":"product_tag-dodge-ram-1500-kolben","103":"product_tag-dodge-ram-1500-kolbensatz","104":"product_tag-dodge-ram-1500-piston","105":"product_tag-dodge-ram-2500","106":"product_tag-dodge-ram-2500-2003","107":"product_tag-dodge-ram-2500-2004","108":"product_tag-dodge-ram-2500-2005","109":"product_tag-dodge-ram-2500-2006","110":"product_tag-dodge-ram-2500-2007","111":"product_tag-dodge-ram-2500-2008","112":"product_tag-dodge-ram-2500-5-7","113":"product_tag-dodge-ram-2500-5-7-kolben","114":"product_tag-dodge-ram-2500-kolben","115":"product_tag-dodge-ram-2500-kolbensatz","116":"product_tag-dodge-ram-2500-piston","117":"product_tag-dodge-ram-3500","118":"product_tag-dodge-ram-3500-2003","119":"product_tag-dodge-ram-3500-2004","120":"product_tag-dodge-ram-3500-2005","121":"product_tag-dodge-ram-3500-2006","122":"product_tag-dodge-ram-3500-2007","123":"product_tag-dodge-ram-3500-2008","124":"product_tag-dodge-ram-3500-5-7","125":"product_tag-dodge-ram-3500-5-7-kolben","126":"product_tag-dodge-ram-3500-kolben","127":"product_tag-dodge-ram-3500-kolbensatz","128":"product_tag-dodge-ram-3500-piston","129":"product_tag-jeep-commander","130":"product_tag-jeep-commander-2003","131":"product_tag-jeep-commander-2004","132":"product_tag-jeep-commander-2005","133":"product_tag-jeep-commander-2006","134":"product_tag-jeep-commander-2007","135":"product_tag-jeep-commander-2008","136":"product_tag-jeep-commander-5-7","137":"product_tag-jeep-commander-5-7-kolben","138":"product_tag-jeep-commander-kolben","139":"product_tag-jeep-commander-kolbensatz","140":"product_tag-jeep-commander-piston","141":"product_tag-jeep-grand-cherokee","142":"product_tag-jeep-grand-cherokee-2003","143":"product_tag-jeep-grand-cherokee-2004","144":"product_tag-jeep-grand-cherokee-2005","145":"product_tag-jeep-grand-cherokee-2006","146":"product_tag-jeep-grand-cherokee-2007","147":"product_tag-jeep-grand-cherokee-2008","148":"product_tag-jeep-grand-cherokee-5-7","149":"product_tag-jeep-grand-cherokee-5-7-kolben","150":"product_tag-jeep-grand-cherokee-kolben","151":"product_tag-jeep-grand-cherokee-kolbensatz","152":"product_tag-jeep-grand-cherokee-piston","153":"product_tag-mopar","154":"product_tag-mopar-ersatzteile","155":"product_tag-mopar10","157":"first","158":"instock","159":"taxable","160":"shipping-taxable","161":"purchasable","162":"product-type-variable"},"bundled_by":[],"bundle_stock_status":"instock","bundle_stock_quantity":1,"bundle_virtual":false,"bundle_layout":"","bundle_add_to_cart_form_location":"","bundle_editable_in_cart":false,"bundle_sold_individually_context":"","bundle_item_grouping":"","bundle_min_size":"","bundle_max_size":"","bundle_price":[],"bundled_items":[],"bundle_sell_ids":[],"exclude_global_add_ons":[],"addons":[],"acf":[],"_links":{"self":[{"href":"https:\/\/kraftwerk-shop.cc\/pl\/wp-json\/wp\/v2\/product\/68319746","targetHints":{"allow":["GET"]}}],"collection":[{"href":"https:\/\/kraftwerk-shop.cc\/pl\/wp-json\/wp\/v2\/product"}],"about":[{"href":"https:\/\/kraftwerk-shop.cc\/pl\/wp-json\/wp\/v2\/types\/product"}],"replies":[{"embeddable":true,"href":"https:\/\/kraftwerk-shop.cc\/pl\/wp-json\/wp\/v2\/comments?post=68319746"}],"version-history":[{"count":0,"href":"https:\/\/kraftwerk-shop.cc\/pl\/wp-json\/wp\/v2\/product\/68319746\/revisions"}],"wp:featuredmedia":[{"embeddable":true,"href":"https:\/\/kraftwerk-shop.cc\/pl\/wp-json\/wp\/v2\/media\/68319753"}],"wp:attachment":[{"href":"https:\/\/kraftwerk-shop.cc\/pl\/wp-json\/wp\/v2\/media?parent=68319746"}],"wp:term":[{"taxonomy":"product_brand","embeddable":true,"href":"https:\/\/kraftwerk-shop.cc\/pl\/wp-json\/wp\/v2\/product_brand?post=68319746"},{"taxonomy":"product_cat","embeddable":true,"href":"https:\/\/kraftwerk-shop.cc\/pl\/wp-json\/wp\/v2\/product_cat?post=68319746"},{"taxonomy":"product_tag","embeddable":true,"href":"https:\/\/kraftwerk-shop.cc\/pl\/wp-json\/wp\/v2\/product_tag?post=68319746"}],"curies":[{"name":"wp","href":"https:\/\/api.w.org\/{rel}","templated":true}]}}