{"id":68319785,"date":"2025-04-21T14:51:50","date_gmt":"2025-04-21T12:51:50","guid":{"rendered":"https:\/\/kraftwerk-shop.cc\/?post_type=product&#038;p=68319785"},"modified":"2026-02-15T01:19:57","modified_gmt":"2026-02-15T00:19:57","slug":"zestaw-uszczelek-silnika-mahle-61-05170861ac","status":"publish","type":"product","link":"https:\/\/kraftwerk-shop.cc\/pl\/produkt\/mahle-motordichtsatz-61-05170861ac\/","title":{"rendered":"Zestaw uszczelek silnika Mahle 6.1 (dolny)"},"content":{"rendered":"<h1>Zestaw uszczelek silnika Mahle (dolny) do Chrysler 300C, Dodge Challenger, Charger, Magnum i Jeep Grand Cherokee 6.1 SRT8<\/h1>\n<p>&nbsp;<\/p>\n<p><span lang=\"DE\"><strong>Liczby por\u00f3wnawcze Mopar:<\/strong> 5170861AB, 5170861AC, 05170861AB, 05170861AC<br \/>\n<\/span><\/p>\n<p>&nbsp;<\/p>\n<p>Zestaw uszczelek MAHLE to wysokiej jako\u015bci zestaw konwersyjny do uszczelniania dolnej cz\u0119\u015bci bloku silnika. Opracowany zgodnie z zasad\u0105 projektowania aplikacji MAHLE, zestaw ten oferuje precyzyjnie dopasowane i trwa\u0142e uszczelki, kt\u00f3re spe\u0142niaj\u0105, a nawet przewy\u017cszaj\u0105 wymagania producent\u00f3w oryginalnego wyposa\u017cenia (OE).<\/p>\n<p>&nbsp;<\/p>\n<p><strong>Cechy produktu:<\/strong><\/p>\n<ul>\n<li>Wszystkie uszczelki spe\u0142niaj\u0105 lub przewy\u017cszaj\u0105 specyfikacje OE<\/li>\n<li>Stosowanie materia\u0142\u00f3w r\u00f3wnowa\u017cnych OE lub lepszych<\/li>\n<li>Idealny do prac serwisowych i naprawczych w dolnej cz\u0119\u015bci silnika<\/li>\n<\/ul>\n<p>&nbsp;<\/p>\n<p><strong>Odpowiedni dla:<\/strong><\/p>\n<table width=\"641\">\n<tbody>\n<tr>\n<td width=\"80\"><strong>Rok<\/strong><\/td>\n<td width=\"80\"><strong>Marka<\/strong><\/td>\n<td width=\"121\"><strong>Model<\/strong><\/td>\n<td width=\"162\"><strong>Wersja<\/strong><\/td>\n<td width=\"198\"><strong>Silnik<\/strong><\/td>\n<\/tr>\n<tr>\n<td width=\"80\">2010<\/td>\n<td width=\"80\">Chrysler<\/td>\n<td width=\"121\">300<\/td>\n<td width=\"162\">C SRT8<\/td>\n<td width=\"198\">6.1L<\/td>\n<\/tr>\n<tr>\n<td width=\"80\">2010<\/td>\n<td width=\"80\">Dodge<\/td>\n<td width=\"121\">Challenger<\/td>\n<td width=\"162\">SRT8<\/td>\n<td width=\"198\">6.1L<\/td>\n<\/tr>\n<tr>\n<td width=\"80\">2010<\/td>\n<td width=\"80\">Dodge<\/td>\n<td width=\"121\">Charger<\/td>\n<td width=\"162\">SRT8<\/td>\n<td width=\"198\">6.1L<\/td>\n<\/tr>\n<tr>\n<td width=\"80\">2010<\/td>\n<td width=\"80\">Jeep<\/td>\n<td width=\"121\">Grand Cherokee<\/td>\n<td width=\"162\">SRT8<\/td>\n<td width=\"198\">6.1L<\/td>\n<\/tr>\n<tr>\n<td width=\"80\">2009<\/td>\n<td width=\"80\">Chrysler<\/td>\n<td width=\"121\">300<\/td>\n<td width=\"162\">C SRT8<\/td>\n<td width=\"198\">6.1L<\/td>\n<\/tr>\n<tr>\n<td width=\"80\">2009<\/td>\n<td width=\"80\">Dodge<\/td>\n<td width=\"121\">Challenger<\/td>\n<td width=\"162\">SRT8<\/td>\n<td width=\"198\">6.1L<\/td>\n<\/tr>\n<tr>\n<td width=\"80\">2009<\/td>\n<td width=\"80\">Dodge<\/td>\n<td width=\"121\">Charger<\/td>\n<td width=\"162\">SRT8<\/td>\n<td width=\"198\">6.1L<\/td>\n<\/tr>\n<tr>\n<td width=\"80\">2009<\/td>\n<td width=\"80\">Jeep<\/td>\n<td width=\"121\">Grand Cherokee<\/td>\n<td width=\"162\">SRT8<\/td>\n<td width=\"198\">6.1L<\/td>\n<\/tr>\n<tr>\n<td width=\"80\">2008<\/td>\n<td width=\"80\">Chrysler<\/td>\n<td width=\"121\">300<\/td>\n<td width=\"162\">C SRT8<\/td>\n<td width=\"198\">6.1L<\/td>\n<\/tr>\n<tr>\n<td width=\"80\">2008<\/td>\n<td width=\"80\">Dodge<\/td>\n<td width=\"121\">Challenger<\/td>\n<td width=\"162\">SRT8<\/td>\n<td width=\"198\">6.1L<\/td>\n<\/tr>\n<tr>\n<td width=\"80\">2008<\/td>\n<td width=\"80\">Dodge<\/td>\n<td width=\"121\">Charger<\/td>\n<td width=\"162\">SRT8<\/td>\n<td width=\"198\">6.1L<\/td>\n<\/tr>\n<tr>\n<td width=\"80\">2008<\/td>\n<td width=\"80\">Dodge<\/td>\n<td width=\"121\">Magnum<\/td>\n<td width=\"162\">SRT8<\/td>\n<td width=\"198\">6.1L<\/td>\n<\/tr>\n<tr>\n<td width=\"80\">2008<\/td>\n<td width=\"80\">Jeep<\/td>\n<td width=\"121\">Grand Cherokee<\/td>\n<td width=\"162\">SRT8<\/td>\n<td width=\"198\">6.1L<\/td>\n<\/tr>\n<tr>\n<td width=\"80\">2007<\/td>\n<td width=\"80\">Chrysler<\/td>\n<td width=\"121\">300<\/td>\n<td width=\"162\">C SRT8<\/td>\n<td width=\"198\">6.1L<\/td>\n<\/tr>\n<tr>\n<td width=\"80\">2007<\/td>\n<td width=\"80\">Dodge<\/td>\n<td width=\"121\">Charger<\/td>\n<td width=\"162\">SRT8<\/td>\n<td width=\"198\">6.1L<\/td>\n<\/tr>\n<tr>\n<td width=\"80\">2007<\/td>\n<td width=\"80\">Dodge<\/td>\n<td width=\"121\">Magnum<\/td>\n<td width=\"162\">SRT8<\/td>\n<td width=\"198\">6.1L<\/td>\n<\/tr>\n<tr>\n<td width=\"80\">2007<\/td>\n<td width=\"80\">Jeep<\/td>\n<td width=\"121\">Grand Cherokee<\/td>\n<td width=\"162\">SRT8<\/td>\n<td width=\"198\">6.1L<\/td>\n<\/tr>\n<tr>\n<td width=\"80\">2006<\/td>\n<td width=\"80\">Dodge<\/td>\n<td width=\"121\">Charger<\/td>\n<td width=\"162\">SRT8<\/td>\n<td width=\"198\">6.1L<\/td>\n<\/tr>\n<tr>\n<td width=\"80\">2006<\/td>\n<td width=\"80\">Dodge<\/td>\n<td width=\"121\">Magnum<\/td>\n<td width=\"162\">SRT8<\/td>\n<td width=\"198\">6.1L<\/td>\n<\/tr>\n<tr>\n<td width=\"80\">2006<\/td>\n<td width=\"80\">Jeep<\/td>\n<td width=\"121\">Grand Cherokee<\/td>\n<td width=\"162\">SRT8<\/td>\n<td width=\"198\">6.1L<\/td>\n<\/tr>\n<\/tbody>\n<\/table>\n<p>&nbsp;<\/p>\n<p>&nbsp;<\/p>","protected":false},"excerpt":{"rendered":"<p>Zestaw uszczelek silnika Mahle (dolne) do silnik\u00f3w Chrysler 300C, Dodge Challenger, Charger, Magnum i Jeep Grand Cherokee 6.1 SRT8 Mopar o numerach referencyjnych: 5170861AB,<\/p>","protected":false},"featured_media":68319787,"comment_status":"open","ping_status":"closed","template":"","meta":{"_acf_changed":false},"product_brand":[19065],"product_cat":[10262,6685,6690,6695,6699,6704],"product_tag":[16680,16681,208,209,210,213,214,52,16678,16679,92,54,53,48,536,16738,16742,16797,16737,16798,16744,16748,16799,16743,16800,16682,49,3853,16750,16754,16801,16749,16802,16756,16760,16803,16755,16804,3854,16762,16766,16805,16761,16806,16768,16772,16807,16767,16808,4438,16774,16778,16809,16773,16810,16780,16784,16811,16779,16812,56,50,4425,16786,16790,16813,16785,16814,16792,16796,16815,16791,16816,55,411,7221,164],"class_list":{"0":"post-68319785","1":"product","2":"type-product","3":"status-publish","4":"has-post-thumbnail","6":"product_brand-mahle","7":"product_cat-alle-produkte","8":"product_cat-300c-61-dichtungen-hardware","9":"product_cat-challenger-61-dichtungen-hardware","10":"product_cat-charger-61-dichtungen-hardware","11":"product_cat-magnum-61-dichtungen-hardware","12":"product_cat-grand-cherokee-61-dichtungen-hardware","13":"product_tag-05170861ab","14":"product_tag-05170861ac","15":"product_tag-208","16":"product_tag-209","17":"product_tag-210","18":"product_tag-213","19":"product_tag-214","20":"product_tag-300c","21":"product_tag-5170861ab","22":"product_tag-5170861ac","23":"product_tag-6-1","24":"product_tag-challenger","25":"product_tag-charger","26":"product_tag-chrysler","27":"product_tag-chrysler-300c","28":"product_tag-chrysler-300c-dichtsatz","29":"product_tag-chrysler-300c-dichtungssatz-6-1","30":"product_tag-chrysler-300c-dichtungssatz-unten","31":"product_tag-chrysler-300c-motordichtsatz","32":"product_tag-chrysler-300c-oelwannendichtung","33":"product_tag-chrysler-300c-srt8-dichtsatz","34":"product_tag-chrysler-300c-srt8-dichtungssatz-6-1","35":"product_tag-chrysler-300c-srt8-dichtungssatz-unten","36":"product_tag-chrysler-300c-srt8-motordichtsatz","37":"product_tag-chrysler-300c-srt8-oelwannendichtung","38":"product_tag-cs54734a","39":"product_tag-dodge","40":"product_tag-dodge-challenger","41":"product_tag-dodge-challenger-dichtsatz","42":"product_tag-dodge-challenger-dichtungssatz-6-1","43":"product_tag-dodge-challenger-dichtungssatz-unten","44":"product_tag-dodge-challenger-motordichtsatz","45":"product_tag-dodge-challenger-oelwannendichtung","46":"product_tag-dodge-challenger-srt8-dichtsatz","47":"product_tag-dodge-challenger-srt8-dichtungssatz-6-1","48":"product_tag-dodge-challenger-srt8-dichtungssatz-unten","49":"product_tag-dodge-challenger-srt8-motordichtsatz","50":"product_tag-dodge-challenger-srt8-oelwannendichtung","51":"product_tag-dodge-charger","52":"product_tag-dodge-charger-dichtsatz","53":"product_tag-dodge-charger-dichtungssatz-6-1","54":"product_tag-dodge-charger-dichtungssatz-unten","55":"product_tag-dodge-charger-motordichtsatz","56":"product_tag-dodge-charger-oelwannendichtung","57":"product_tag-dodge-charger-srt8-dichtsatz","58":"product_tag-dodge-charger-srt8-dichtungssatz-6-1","59":"product_tag-dodge-charger-srt8-dichtungssatz-unten","60":"product_tag-dodge-charger-srt8-motordichtsatz","61":"product_tag-dodge-charger-srt8-oelwannendichtung","62":"product_tag-dodge-magnum","63":"product_tag-dodge-magnum-dichtsatz","64":"product_tag-dodge-magnum-dichtungssatz-6-1","65":"product_tag-dodge-magnum-dichtungssatz-unten","66":"product_tag-dodge-magnum-motordichtsatz","67":"product_tag-dodge-magnum-oelwannendichtung","68":"product_tag-dodge-magnum-srt8-dichtsatz","69":"product_tag-dodge-magnum-srt8-dichtungssatz-6-1","70":"product_tag-dodge-magnum-srt8-dichtungssatz-unten","71":"product_tag-dodge-magnum-srt8-motordichtsatz","72":"product_tag-dodge-magnum-srt8-oelwannendichtung","73":"product_tag-grand-cherokee","74":"product_tag-jeep","75":"product_tag-jeep-grand-cherokee","76":"product_tag-jeep-grand-cherokee-dichtsatz","77":"product_tag-jeep-grand-cherokee-dichtungssatz-6-1","78":"product_tag-jeep-grand-cherokee-dichtungssatz-unten","79":"product_tag-jeep-grand-cherokee-motordichtsatz","80":"product_tag-jeep-grand-cherokee-oelwannendichtung","81":"product_tag-jeep-grand-cherokee-srt8-dichtsatz","82":"product_tag-jeep-grand-cherokee-srt8-dichtungssatz-6-1","83":"product_tag-jeep-grand-cherokee-srt8-dichtungssatz-unten","84":"product_tag-jeep-grand-cherokee-srt8-motordichtsatz","85":"product_tag-jeep-grand-cherokee-srt8-oelwannendichtung","86":"product_tag-magnum","87":"product_tag-mahle","88":"product_tag-mopar10","89":"product_tag-srt8","91":"first","92":"instock","93":"taxable","94":"shipping-taxable","95":"purchasable","96":"product-type-simple"},"bundled_by":[],"bundle_stock_status":"instock","bundle_stock_quantity":1,"bundle_virtual":false,"bundle_layout":"","bundle_add_to_cart_form_location":"","bundle_editable_in_cart":false,"bundle_sold_individually_context":"","bundle_item_grouping":"","bundle_min_size":"","bundle_max_size":"","bundle_price":[],"bundled_items":[],"bundle_sell_ids":[],"exclude_global_add_ons":[],"addons":[],"acf":[],"_links":{"self":[{"href":"https:\/\/kraftwerk-shop.cc\/pl\/wp-json\/wp\/v2\/product\/68319785","targetHints":{"allow":["GET"]}}],"collection":[{"href":"https:\/\/kraftwerk-shop.cc\/pl\/wp-json\/wp\/v2\/product"}],"about":[{"href":"https:\/\/kraftwerk-shop.cc\/pl\/wp-json\/wp\/v2\/types\/product"}],"replies":[{"embeddable":true,"href":"https:\/\/kraftwerk-shop.cc\/pl\/wp-json\/wp\/v2\/comments?post=68319785"}],"version-history":[{"count":0,"href":"https:\/\/kraftwerk-shop.cc\/pl\/wp-json\/wp\/v2\/product\/68319785\/revisions"}],"wp:featuredmedia":[{"embeddable":true,"href":"https:\/\/kraftwerk-shop.cc\/pl\/wp-json\/wp\/v2\/media\/68319787"}],"wp:attachment":[{"href":"https:\/\/kraftwerk-shop.cc\/pl\/wp-json\/wp\/v2\/media?parent=68319785"}],"wp:term":[{"taxonomy":"product_brand","embeddable":true,"href":"https:\/\/kraftwerk-shop.cc\/pl\/wp-json\/wp\/v2\/product_brand?post=68319785"},{"taxonomy":"product_cat","embeddable":true,"href":"https:\/\/kraftwerk-shop.cc\/pl\/wp-json\/wp\/v2\/product_cat?post=68319785"},{"taxonomy":"product_tag","embeddable":true,"href":"https:\/\/kraftwerk-shop.cc\/pl\/wp-json\/wp\/v2\/product_tag?post=68319785"}],"curies":[{"name":"wp","href":"https:\/\/api.w.org\/{rel}","templated":true}]}}