{"id":68320635,"date":"2025-05-02T23:56:44","date_gmt":"2025-05-02T21:56:44","guid":{"rendered":"https:\/\/kraftwerk-shop.cc\/?post_type=product&#038;p=68320635"},"modified":"2026-03-27T10:33:12","modified_gmt":"2026-03-27T09:33:12","slug":"pompa-wody-chlodzacej-hellcat-trackhawk-trx-68165882ad","status":"publish","type":"product","link":"https:\/\/kraftwerk-shop.cc\/pl\/produkt\/kuehlwasserpumpe-hellcat-trackhawk-trx-68165882ad\/","title":{"rendered":"Pompa wody ch\u0142odz\u0105cej Hellcat, Trackhawk i TRX"},"content":{"rendered":"<h1>Pompa p\u0142ynu ch\u0142odz\u0105cego do Dodge, Challenger, Charger i Durango, Hellcat, Jeep, Trackhawk i RAM TRX<\/h1>\n<p>&nbsp;<\/p>\n<p><span lang=\"DE\"><strong>Liczby por\u00f3wnawcze Mopar:<\/strong> 68268052AA, 68165882AC, 68165882AD<\/span><\/p>\n<p>&nbsp;<\/p>\n<p><strong>Odpowiedni dla:<\/strong><\/p>\n<table width=\"972\">\n<tbody>\n<tr>\n<td width=\"80\"><strong>Rok<\/strong><\/td>\n<td width=\"80\"><strong>Marka\u00a0<\/strong><\/td>\n<td width=\"121\"><strong>Model<\/strong><\/td>\n<td width=\"493\"><strong>Wersja<\/strong><\/td>\n<td width=\"198\"><strong>Silnik<\/strong><\/td>\n<\/tr>\n<tr>\n<td width=\"80\">2025<\/td>\n<td width=\"80\">Dodge<\/td>\n<td width=\"121\">Durango<\/td>\n<td width=\"493\">SRT Hellcat Hammerhead, SRT Hellcat Plus, SRT Hellcat Premium, SRT Hellcat Silver Bullet<\/td>\n<td width=\"198\">6.2L<\/td>\n<\/tr>\n<tr>\n<td width=\"80\">2024<\/td>\n<td width=\"80\">Dodge<\/td>\n<td width=\"121\">Durango<\/td>\n<td width=\"493\">SRT Hellcat, SRT Hellcat Plus, SRT Hellcat Premium<\/td>\n<td width=\"198\">6.2L<\/td>\n<\/tr>\n<tr>\n<td width=\"80\">2024<\/td>\n<td width=\"80\">Ram<\/td>\n<td width=\"121\">1500<\/td>\n<td width=\"493\">TRX<\/td>\n<td width=\"198\">6.2L<\/td>\n<\/tr>\n<tr>\n<td width=\"80\">2023<\/td>\n<td width=\"80\">Dodge<\/td>\n<td width=\"121\">Challenger<\/td>\n<td width=\"493\">SRT Hellcat Jailbreak, SRT Hellcat Redeye Jailbreak, SRT Hellcat Redeye Widebody Jailbreak, SRT Hellcat Widebody Jailbreak, SRT Super Stock<\/td>\n<td width=\"198\">6.2L<\/td>\n<\/tr>\n<tr>\n<td width=\"80\">2023<\/td>\n<td width=\"80\">Dodge<\/td>\n<td width=\"121\">Charger<\/td>\n<td width=\"493\">SRT Hellcat Redeye Widebody, SRT Hellcat Widebody, SRT Hellcat Widebody Jailbreak<\/td>\n<td width=\"198\">6.2L<\/td>\n<\/tr>\n<tr>\n<td width=\"80\">2023<\/td>\n<td width=\"80\">Dodge<\/td>\n<td width=\"121\">Durango<\/td>\n<td width=\"493\">SRT Hellcat, SRT Hellcat Plus, SRT Hellcat Premium<\/td>\n<td width=\"198\">6.2L<\/td>\n<\/tr>\n<tr>\n<td width=\"80\">2023<\/td>\n<td width=\"80\">Ram<\/td>\n<td width=\"121\">1500<\/td>\n<td width=\"493\">TRX<\/td>\n<td width=\"198\">6.2L<\/td>\n<\/tr>\n<tr>\n<td width=\"80\">2022<\/td>\n<td width=\"80\">Dodge<\/td>\n<td width=\"121\">Challenger<\/td>\n<td width=\"493\">SRT Hellcat, SRT Hellcat Redeye, SRT Hellcat Redeye Widebody, SRT Hellcat Widebody, SRT Jailbreak, SRT Super Stock<\/td>\n<td width=\"198\">6.2L<\/td>\n<\/tr>\n<tr>\n<td width=\"80\">2022<\/td>\n<td width=\"80\">Dodge<\/td>\n<td width=\"121\">Charger<\/td>\n<td width=\"493\">SRT Hellcat Redeye Widebody, SRT Hellcat Widebody, SRT Jailbreak<\/td>\n<td width=\"198\">6.2L<\/td>\n<\/tr>\n<tr>\n<td width=\"80\">2022<\/td>\n<td width=\"80\">Ram<\/td>\n<td width=\"121\">1500<\/td>\n<td width=\"493\">TRX<\/td>\n<td width=\"198\">6.2L<\/td>\n<\/tr>\n<tr>\n<td width=\"80\">2021<\/td>\n<td width=\"80\">Dodge<\/td>\n<td width=\"121\">Challenger<\/td>\n<td width=\"493\">SRT Hellcat, SRT Hellcat Redeye, SRT Hellcat Redeye Widebody, SRT Hellcat Widebody, SRT Super Stock<\/td>\n<td width=\"198\">6.2L<\/td>\n<\/tr>\n<tr>\n<td width=\"80\">2021<\/td>\n<td width=\"80\">Dodge<\/td>\n<td width=\"121\">Charger<\/td>\n<td width=\"493\">SRT Hellcat Redeye Widebody, SRT Hellcat Widebody<\/td>\n<td width=\"198\">6.2L<\/td>\n<\/tr>\n<tr>\n<td width=\"80\">2021<\/td>\n<td width=\"80\">Dodge<\/td>\n<td width=\"121\">Durango<\/td>\n<td width=\"493\">SRT Hellcat<\/td>\n<td width=\"198\">6.2L<\/td>\n<\/tr>\n<tr>\n<td width=\"80\">2021<\/td>\n<td width=\"80\">Jeep<\/td>\n<td width=\"121\">Grand Cherokee<\/td>\n<td width=\"493\">Trackhawk<\/td>\n<td width=\"198\">6.2L<\/td>\n<\/tr>\n<tr>\n<td width=\"80\">2021<\/td>\n<td width=\"80\">Ram<\/td>\n<td width=\"121\">1500<\/td>\n<td width=\"493\">TRX<\/td>\n<td width=\"198\">6.2L<\/td>\n<\/tr>\n<tr>\n<td width=\"80\">2020<\/td>\n<td width=\"80\">Dodge<\/td>\n<td width=\"121\">Challenger<\/td>\n<td width=\"493\">SRT Hellcat, SRT Hellcat Redeye, SRT Hellcat Redeye Widebody, SRT Hellcat Widebody<\/td>\n<td width=\"198\">6.2L<\/td>\n<\/tr>\n<tr>\n<td width=\"80\">2020<\/td>\n<td width=\"80\">Dodge<\/td>\n<td width=\"121\">Charger<\/td>\n<td width=\"493\">SRT Hellcat Widebody<\/td>\n<td width=\"198\">6.2L<\/td>\n<\/tr>\n<tr>\n<td width=\"80\">2020<\/td>\n<td width=\"80\">Jeep<\/td>\n<td width=\"121\">Grand Cherokee<\/td>\n<td width=\"493\">Trackhawk<\/td>\n<td width=\"198\">6.2L<\/td>\n<\/tr>\n<tr>\n<td width=\"80\">2019<\/td>\n<td width=\"80\">Dodge<\/td>\n<td width=\"121\">Challenger<\/td>\n<td width=\"493\">SRT Hellcat, SRT Hellcat Redeye, SRT Hellcat Redeye Widebody, SRT Hellcat Widebody<\/td>\n<td width=\"198\">6.2L<\/td>\n<\/tr>\n<tr>\n<td width=\"80\">2019<\/td>\n<td width=\"80\">Dodge<\/td>\n<td width=\"121\">Charger<\/td>\n<td width=\"493\">SRT Hellcat<\/td>\n<td width=\"198\">6.2L<\/td>\n<\/tr>\n<tr>\n<td width=\"80\">2019<\/td>\n<td width=\"80\">Jeep<\/td>\n<td width=\"121\">Grand Cherokee<\/td>\n<td width=\"493\">Trackhawk<\/td>\n<td width=\"198\">6.2L<\/td>\n<\/tr>\n<tr>\n<td width=\"80\">2018<\/td>\n<td width=\"80\">Dodge<\/td>\n<td width=\"121\">Challenger<\/td>\n<td width=\"493\">SRT Demon, SRT Hellcat, SRT Hellcat Widebody<\/td>\n<td width=\"198\">6.2L<\/td>\n<\/tr>\n<tr>\n<td width=\"80\">2018<\/td>\n<td width=\"80\">Dodge<\/td>\n<td width=\"121\">Charger<\/td>\n<td width=\"493\">SRT Hellcat<\/td>\n<td width=\"198\">6.2L<\/td>\n<\/tr>\n<tr>\n<td width=\"80\">2018<\/td>\n<td width=\"80\">Jeep<\/td>\n<td width=\"121\">Grand Cherokee<\/td>\n<td width=\"493\">Trackhawk<\/td>\n<td width=\"198\">6.2L<\/td>\n<\/tr>\n<tr>\n<td width=\"80\">2017<\/td>\n<td width=\"80\">Dodge<\/td>\n<td width=\"121\">Challenger<\/td>\n<td width=\"493\">SRT Hellcat<\/td>\n<td width=\"198\">6.2L<\/td>\n<\/tr>\n<tr>\n<td width=\"80\">2017<\/td>\n<td width=\"80\">Dodge<\/td>\n<td width=\"121\">Charger<\/td>\n<td width=\"493\">SRT Hellcat<\/td>\n<td width=\"198\">6.2L<\/td>\n<\/tr>\n<tr>\n<td width=\"80\">2016<\/td>\n<td width=\"80\">Dodge<\/td>\n<td width=\"121\">Challenger<\/td>\n<td width=\"493\">SRT Hellcat<\/td>\n<td width=\"198\">6.2L<\/td>\n<\/tr>\n<tr>\n<td width=\"80\">2016<\/td>\n<td width=\"80\">Dodge<\/td>\n<td width=\"121\">Charger<\/td>\n<td width=\"493\">SRT Hellcat<\/td>\n<td width=\"198\">6.2L<\/td>\n<\/tr>\n<tr>\n<td width=\"80\">2015<\/td>\n<td width=\"80\">Dodge<\/td>\n<td width=\"121\">Challenger<\/td>\n<td width=\"493\">SRT Hellcat<\/td>\n<td width=\"198\">6.2L<\/td>\n<\/tr>\n<tr>\n<td width=\"80\">2015<\/td>\n<td width=\"80\">Dodge<\/td>\n<td width=\"121\">Charger<\/td>\n<td width=\"493\">SRT Hellcat<\/td>\n<td width=\"198\">6.2L<\/td>\n<\/tr>\n<\/tbody>\n<\/table>\n<p>&nbsp;<\/p>\n<p><strong>Zakres dostawy:<\/strong><\/p>\n<ul>\n<li>Pompa wody ch\u0142odz\u0105cej<\/li>\n<li>Uszczelka<\/li>\n<\/ul>\n<p>&nbsp;<\/p>\n<p>&nbsp;<\/p>\n<p><strong>Do czego s\u0142u\u017cy pompa wody ch\u0142odz\u0105cej w samochodzie i jak rozpozna\u0107 usterk\u0119?<\/strong><\/p>\n<p>Pompa p\u0142ynu ch\u0142odz\u0105cego - zwykle nazywana po prostu \"pomp\u0105 wody\" - jest centralnym elementem uk\u0142adu ch\u0142odzenia samochodu. Jej g\u0142\u00f3wnym zadaniem jest pompowanie p\u0142ynu ch\u0142odz\u0105cego przez silnik i ch\u0142odnic\u0119. Usuwa to nadmiar ciep\u0142a i utrzymuje silnik w sta\u0142ej temperaturze roboczej. Bez sprawnej pompy wody silnik szybko by si\u0119 przegrza\u0142, co mo\u017ce prowadzi\u0107 do powa\u017cnych uszkodze\u0144.<\/p>\n<p>&nbsp;<\/p>\n<p><strong>Jak dzia\u0142a pompa wody ch\u0142odz\u0105cej?<\/strong><\/p>\n<p>Pompa wody w silniku Hellcat jest nap\u0119dzana mechanicznie za pomoc\u0105 paska klinowego. Podczas pracy silnika pompa zapewnia sta\u0142y obieg p\u0142ynu ch\u0142odz\u0105cego w uk\u0142adzie ch\u0142odzenia.<\/p>\n<p>&nbsp;<\/p>\n<p><strong>Co mo\u017ce uszkodzi\u0107 pomp\u0119 wodn\u0105?<\/strong><\/p>\n<ul>\n<li>Typowe przyczyny uszkodzenia pompy wodnej to<\/li>\n<li>Zu\u017cycie uszczelek lub \u0142o\u017cysk, na przyk\u0142ad z powodu starzenia si\u0119 lub niewystarczaj\u0105cego smarowania.<\/li>\n<li>Osady lub rdza w uk\u0142adzie ch\u0142odzenia, kt\u00f3re blokuj\u0105 lub uszkadzaj\u0105 pomp\u0119.<\/li>\n<li>Uszkodzone paski lub napi\u0119cie pask\u00f3w w pompach mechanicznych<\/li>\n<li>Nieszczelno\u015bci, przez kt\u00f3re wydostaje si\u0119 ch\u0142odziwo<\/li>\n<li>Przegrzanie, gdy pompa nie dzia\u0142a prawid\u0142owo<\/li>\n<\/ul>\n<p>&nbsp;<\/p>\n<p><strong>Oznaki uszkodzonej pompy wodnej<\/strong><\/p>\n<p>Awaria jest cz\u0119sto sygnalizowana przez nast\u0119puj\u0105ce objawy:<\/p>\n<ul>\n<li>Utrata p\u0142ynu ch\u0142odz\u0105cego (widoczne ka\u0142u\u017ce pod pojazdem lub obni\u017caj\u0105cy si\u0119 poziom w zbiorniku wyr\u00f3wnawczym)<\/li>\n<li>Skrzypienie lub zgrzytanie w komorze silnika<\/li>\n<li>Kontrolki ostrzegawcze temperatury p\u0142ynu ch\u0142odz\u0105cego lub temperatury silnika<\/li>\n<li>Przegrzany silnik, zw\u0142aszcza przy niskim przep\u0142ywie powietrza (np. w korkach)<\/li>\n<li>Opary lub zapach p\u0142ynu ch\u0142odz\u0105cego w obszarze maski silnika<\/li>\n<\/ul>\n<p>&nbsp;<\/p>\n<p><strong>Dlaczego usterka powinna by\u0107 traktowana powa\u017cnie<\/strong><\/p>\n<p>Je\u015bli uszkodzona pompa wody nie zostanie wymieniona na czas, mo\u017ce spowodowa\u0107 powa\u017cne uszkodzenie silnika - na przyk\u0142ad z powodu przegrzania, uszkodzenia uszczelki g\u0142owicy cylindr\u00f3w lub, w skrajnych przypadkach, nawet zatarcia t\u0142oka. Dlatego w przypadku podejrzenia usterki nale\u017cy jak najszybciej uda\u0107 si\u0119 do warsztatu.<\/p>","protected":false},"excerpt":{"rendered":"<p>K\u00fchlwasserpumpe f\u00fcr Dodge Challenger, Charger &amp; Durango Hellcat, Jeep Trackhawk &amp; RAM TRX &nbsp; Mopar Vergleichsnummern: 68268052AA, 68165882AC, 68165882AD &nbsp;<\/p>","protected":false},"featured_media":68320638,"comment_status":"open","ping_status":"closed","template":"","meta":{"_acf_changed":false},"product_brand":[],"product_cat":[2550,2535,2730,2539,2702],"product_tag":[16946,16945,16947,249,250,251,252,419,420,2066,2373,4526,6297,10814,16884,16941,16939,16940,16882,16938,16936,16937,16883,16944,16942,16943,54,16888,2398,16887,16885,16897,14691,16892,16890,16893,16891,16894,16889,16895,16896,16886,53,15770,3851,16900,16898,16910,16901,16905,16903,16906,16904,16907,16902,16908,16909,16899,49,3853,3854,4432,95,16914,4443,16913,16911,16915,16916,16917,16918,16912,56,16922,16921,16919,9875,16920,4425,16926,16925,16923,4427,16924,5255,31,8813,9424,16271,10111,16935,16273,16275,16272,16274,10087,7221,86,3507,16930,16929,16927,13323,16928,4444,12373,16931,12370,2353,16934,16932,16933,5254],"class_list":{"0":"post-68320635","1":"product","2":"type-product","3":"status-publish","4":"has-post-thumbnail","6":"product_cat-challenger-hellcat-kuehlung","7":"product_cat-charger-hellcat-kuehlung","8":"product_cat-durango-hellcat-kuehlung","9":"product_cat-trackhawk-kuehlung","10":"product_cat-trx-kuehlung","11":"product_tag-068165882ac","12":"product_tag-068165882ad","13":"product_tag-068268052aa","14":"product_tag-249","15":"product_tag-250","16":"product_tag-251","17":"product_tag-252","18":"product_tag-419","19":"product_tag-420","20":"product_tag-2066","21":"product_tag-2373","22":"product_tag-4526","23":"product_tag-6297","24":"product_tag-10814","25":"product_tag-68165882ac","26":"product_tag-68165882ac-kuehlmittelpumpe","27":"product_tag-68165882ac-kuehlwasserpumpe","28":"product_tag-68165882ac-wasserpumpe","29":"product_tag-68165882ad","30":"product_tag-68165882ad-kuehlmittelpumpe","31":"product_tag-68165882ad-kuehlwasserpumpe","32":"product_tag-68165882ad-wasserpumpe","33":"product_tag-68268052aa","34":"product_tag-68268052aa-kuehlmittelpumpe","35":"product_tag-68268052aa-kuehlwasserpumpe","36":"product_tag-68268052aa-wasserpumpe","37":"product_tag-challenger","38":"product_tag-challenger-6-2","39":"product_tag-challenger-hellcat","40":"product_tag-challenger-kuehlmittelpumpe","41":"product_tag-challenger-kuehlwasserpumpe","42":"product_tag-challenger-srt-demon","43":"product_tag-challenger-srt-hellcat","44":"product_tag-challenger-srt-hellcat-jailbreak","45":"product_tag-challenger-srt-hellcat-redeye","46":"product_tag-challenger-srt-hellcat-redeye-jailbreak","47":"product_tag-challenger-srt-hellcat-redeye-widebody","48":"product_tag-challenger-srt-hellcat-redeye-widebody-jailbreak","49":"product_tag-challenger-srt-hellcat-widebody","50":"product_tag-challenger-srt-hellcat-widebody-jailbreak","51":"product_tag-challenger-srt-super-stock","52":"product_tag-challenger-wasserpumpe","53":"product_tag-charger","54":"product_tag-charger-6-2","55":"product_tag-charger-hellcat","56":"product_tag-charger-kuehlmittelpumpe","57":"product_tag-charger-kuehlwasserpumpe","58":"product_tag-charger-srt-demon","59":"product_tag-charger-srt-hellcat","60":"product_tag-charger-srt-hellcat-jailbreak","61":"product_tag-charger-srt-hellcat-redeye","62":"product_tag-charger-srt-hellcat-redeye-jailbreak","63":"product_tag-charger-srt-hellcat-redeye-widebody","64":"product_tag-charger-srt-hellcat-redeye-widebody-jailbreak","65":"product_tag-charger-srt-hellcat-widebody","66":"product_tag-charger-srt-hellcat-widebody-jailbreak","67":"product_tag-charger-srt-super-stock","68":"product_tag-charger-wasserpumpe","69":"product_tag-dodge","70":"product_tag-dodge-challenger","71":"product_tag-dodge-charger","72":"product_tag-dodge-durango","73":"product_tag-durango","74":"product_tag-durango-6-2","75":"product_tag-durango-hellcat","76":"product_tag-durango-kuehlmittelpumpe","77":"product_tag-durango-kuehlwasserpumpe","78":"product_tag-durango-srt-hellcat","79":"product_tag-durango-srt-hellcat-plus","80":"product_tag-durango-srt-hellcat-premium","81":"product_tag-durango-srt-hellcat-silver-bullet","82":"product_tag-durango-wasserpumpe","83":"product_tag-grand-cherokee","84":"product_tag-grand-cherokee-6-2","85":"product_tag-grand-cherokee-kuehlmittelpumpe","86":"product_tag-grand-cherokee-kuehlwasserpumpe","87":"product_tag-grand-cherokee-trackhawk","88":"product_tag-grand-cherokee-wasserpumpe","89":"product_tag-jeep-grand-cherokee","90":"product_tag-jeep-grand-cherokee-6-2","91":"product_tag-jeep-grand-cherokee-kuehlmittelpumpe","92":"product_tag-jeep-grand-cherokee-kuehlwasserpumpe","93":"product_tag-jeep-grand-cherokee-trackhawk","94":"product_tag-jeep-grand-cherokee-wasserpumpe","95":"product_tag-kuehlwasserpumpe","96":"product_tag-mopar","97":"product_tag-mopar-autoteile","98":"product_tag-mopar-ersatzteile","99":"product_tag-mopar-ersatzteile-kaufen","100":"product_tag-mopar-kuehlmittelpumpe","101":"product_tag-mopar-kuehlwasserpumpe","102":"product_tag-mopar-performance-teile","103":"product_tag-mopar-teile-katalog","104":"product_tag-mopar-teile-online","105":"product_tag-mopar-tuningteile","106":"product_tag-mopar-wasserpumpe","107":"product_tag-mopar10","108":"product_tag-ram","109":"product_tag-ram1500","110":"product_tag-ram-1500-6-2","111":"product_tag-ram-1500-kuehlmittelpumpe","112":"product_tag-ram-1500-kuehlwasserpumpe","113":"product_tag-ram-1500-trx","114":"product_tag-ram-1500-wasserpumpe","115":"product_tag-ram-trx","116":"product_tag-ram-trx-kuehlmittelpumpe","117":"product_tag-ram-trx-kuehlwasserpumpe","118":"product_tag-ram-trx-wasserpumpe","119":"product_tag-trx","120":"product_tag-trx-kuehlmittelpumpe","121":"product_tag-trx-kuehlwasserpumpe","122":"product_tag-trx-wasserpumpe","123":"product_tag-wasserpumpe","125":"first","126":"instock","127":"taxable","128":"shipping-taxable","129":"purchasable","130":"product-type-simple"},"bundled_by":[],"bundle_stock_status":"instock","bundle_stock_quantity":1,"bundle_virtual":false,"bundle_layout":"","bundle_add_to_cart_form_location":"","bundle_editable_in_cart":false,"bundle_sold_individually_context":"","bundle_item_grouping":"","bundle_min_size":"","bundle_max_size":"","bundle_price":[],"bundled_items":[],"bundle_sell_ids":[],"exclude_global_add_ons":[],"addons":[],"acf":[],"_links":{"self":[{"href":"https:\/\/kraftwerk-shop.cc\/pl\/wp-json\/wp\/v2\/product\/68320635","targetHints":{"allow":["GET"]}}],"collection":[{"href":"https:\/\/kraftwerk-shop.cc\/pl\/wp-json\/wp\/v2\/product"}],"about":[{"href":"https:\/\/kraftwerk-shop.cc\/pl\/wp-json\/wp\/v2\/types\/product"}],"replies":[{"embeddable":true,"href":"https:\/\/kraftwerk-shop.cc\/pl\/wp-json\/wp\/v2\/comments?post=68320635"}],"version-history":[{"count":0,"href":"https:\/\/kraftwerk-shop.cc\/pl\/wp-json\/wp\/v2\/product\/68320635\/revisions"}],"wp:featuredmedia":[{"embeddable":true,"href":"https:\/\/kraftwerk-shop.cc\/pl\/wp-json\/wp\/v2\/media\/68320638"}],"wp:attachment":[{"href":"https:\/\/kraftwerk-shop.cc\/pl\/wp-json\/wp\/v2\/media?parent=68320635"}],"wp:term":[{"taxonomy":"product_brand","embeddable":true,"href":"https:\/\/kraftwerk-shop.cc\/pl\/wp-json\/wp\/v2\/product_brand?post=68320635"},{"taxonomy":"product_cat","embeddable":true,"href":"https:\/\/kraftwerk-shop.cc\/pl\/wp-json\/wp\/v2\/product_cat?post=68320635"},{"taxonomy":"product_tag","embeddable":true,"href":"https:\/\/kraftwerk-shop.cc\/pl\/wp-json\/wp\/v2\/product_tag?post=68320635"}],"curies":[{"name":"wp","href":"https:\/\/api.w.org\/{rel}","templated":true}]}}