{"id":68321538,"date":"2025-05-10T21:55:28","date_gmt":"2025-05-10T19:55:28","guid":{"rendered":"https:\/\/kraftwerk-shop.cc\/?post_type=product&#038;p=68321538"},"modified":"2026-03-14T18:19:04","modified_gmt":"2026-03-14T17:19:04","slug":"blower-spacer-plates-hellcat-trackhawk","status":"publish","type":"product","link":"https:\/\/kraftwerk-shop.cc\/pl\/produkt\/blower-spacer-plates-hellcat-trackhawk\/","title":{"rendered":"P\u0142ytki dystansowe dmuchawy dla Hellcat, Trackhawk i TRX"},"content":{"rendered":"<h1>P\u0142yty dystansowe dmuchawy \/ uszczelki modernizacyjne do do\u0142adowa\u0144 Dodge Hellcat, Jeep Trackhawk i RAM TRX<\/h1>\n<p>&nbsp;<\/p>\n<ul>\n<li>Eliminacja s\u0142abego punktu w oryginalnych uszczelkach, kt\u00f3ry mo\u017ce prowadzi\u0107 do utraty ci\u015bnienia do\u0142adowania.<\/li>\n<li>Redukcja przedmuchiwanych gaz\u00f3w w skrzyni korbowej<\/li>\n<li>Termiczne oddzielenie spr\u0119\u017carki od g\u0142owic cylindr\u00f3w<\/li>\n<li>Ni\u017csze temperatury powietrza dolotowego<\/li>\n<li>Ni\u017csza temperatura robocza spr\u0119\u017carki<\/li>\n<li>czujnik temperatury powietrza wlotowego zapewnia dok\u0142adniejsze warto\u015bci<\/li>\n<li>zwi\u0119ksza wydajno\u015b\u0107 silnika dzi\u0119ki ni\u017cszej temperaturze powietrza dolotowego<\/li>\n<\/ul>\n<p>Uszczelki te zast\u0119puj\u0105 oryginalne uszczelki mi\u0119dzy spr\u0119\u017cark\u0105 a g\u0142owic\u0105 cylindr\u00f3w.<\/p>\n<p>&nbsp;<\/p>\n<p><strong>Zakres dostawy:<\/strong><\/p>\n<ul>\n<li>2 P\u0142ytki dystansowe dmuchawy<\/li>\n<li>d\u0142u\u017csze \u015bruby<\/li>\n<li>Mata izolacyjna (zainstalowana pod spr\u0119\u017cark\u0105)<\/li>\n<li>opcjonalnie: tytanowe \u015bruby<\/li>\n<\/ul>\n<p>&nbsp;<\/p>\n<p><strong>Odpowiedni dla:<\/strong><\/p>\n<table width=\"449\">\n<tbody>\n<tr>\n<td width=\"115\"><strong>Marka<\/strong><\/td>\n<td width=\"145\"><strong>Model<\/strong><\/td>\n<td width=\"106\"><strong>Silnik<\/strong><\/td>\n<td width=\"83\"><strong>Rok<\/strong><\/td>\n<\/tr>\n<tr>\n<td width=\"115\">Dodge<\/td>\n<td width=\"145\">Charger<\/td>\n<td width=\"106\">6.2 Hellcat<\/td>\n<td width=\"83\">2015\u20132023<\/td>\n<\/tr>\n<tr>\n<td width=\"115\">Dodge<\/td>\n<td width=\"145\">Challenger<\/td>\n<td width=\"106\">6.2 Hellcat<\/td>\n<td width=\"83\">2015\u20132023<\/td>\n<\/tr>\n<tr>\n<td width=\"115\">Dodge<\/td>\n<td width=\"145\">Durango<\/td>\n<td width=\"106\">6.2 Hellcat<\/td>\n<td width=\"83\">2021\u20132025<\/td>\n<\/tr>\n<tr>\n<td width=\"115\">Jeep<\/td>\n<td width=\"145\">Grand Cherokee<\/td>\n<td width=\"106\">6.2 Trackhawk<\/td>\n<td width=\"83\">2018\u20132021<\/td>\n<\/tr>\n<tr>\n<td width=\"115\">RAM<\/td>\n<td width=\"145\">1500<\/td>\n<td width=\"106\">TRX<\/td>\n<td width=\"83\">2021\u20132024<\/td>\n<\/tr>\n<\/tbody>\n<\/table>\n<p>&nbsp;<\/p>\n<p><iframe loading=\"lazy\" title=\"Odtwarzacz wideo YouTube\" src=\"https:\/\/www.youtube.com\/embed\/TVpabbjrsUU\" width=\"560\" height=\"315\" frameborder=\"0\" allowfullscreen=\"allowfullscreen\"><\/iframe><\/p>","protected":false},"excerpt":{"rendered":"<p>Blower Spacer Plates \/ Upgradedichtungen f\u00fcr Dodge Hellcat, Jeep Trackhawk und RAM TRX Kompressoren &nbsp; Beseitigung der Schwachstelle in den<\/p>","protected":false},"featured_media":68275297,"comment_status":"open","ping_status":"closed","template":"","meta":{"_acf_changed":false},"product_brand":[],"product_cat":[2585,2709,2708,2669,2701],"product_tag":[101,4551,54,53,571,740,49,3853,3854,3415,56,100,723,50,4425,4427,4426,722,242,394,36,382,742,86,741,246,4550,102,2353,233],"class_list":{"0":"post-68321538","1":"product","2":"type-product","3":"status-publish","4":"has-post-thumbnail","6":"product_cat-challenger-hellcat-kompressor","7":"product_cat-charger-hellcat-kompressor","8":"product_cat-durango-hellcat-kompressor","9":"product_cat-trackhawk-kompressor","10":"product_cat-trx-kompressor","11":"product_tag-6-2","12":"product_tag-blower-spacer-plates","13":"product_tag-challenger","14":"product_tag-charger","15":"product_tag-dichtung","16":"product_tag-dichtungen","17":"product_tag-dodge","18":"product_tag-dodge-challenger","19":"product_tag-dodge-charger","20":"product_tag-erhoehen","21":"product_tag-grand-cherokee","22":"product_tag-hellcat","23":"product_tag-hoeher","24":"product_tag-jeep","25":"product_tag-jeep-grand-cherokee","26":"product_tag-jeep-grand-cherokee-trackhawk","27":"product_tag-jeep-trackhawk","28":"product_tag-kleiner","29":"product_tag-kompressor","30":"product_tag-kompressorrad","31":"product_tag-kraftwerk","32":"product_tag-ladedruck","33":"product_tag-plates","34":"product_tag-ram","35":"product_tag-spacer","36":"product_tag-supercharger","37":"product_tag-titanschrauben","38":"product_tag-trackhawk","39":"product_tag-trx","40":"product_tag-tuning","42":"first","43":"outofstock","44":"taxable","45":"shipping-taxable","46":"purchasable","47":"product-type-variable"},"bundled_by":[],"bundle_stock_status":"outofstock","bundle_stock_quantity":0,"bundle_virtual":false,"bundle_layout":"","bundle_add_to_cart_form_location":"","bundle_editable_in_cart":false,"bundle_sold_individually_context":"","bundle_item_grouping":"","bundle_min_size":"","bundle_max_size":"","bundle_price":[],"bundled_items":[],"bundle_sell_ids":[],"exclude_global_add_ons":[],"addons":[],"acf":[],"_links":{"self":[{"href":"https:\/\/kraftwerk-shop.cc\/pl\/wp-json\/wp\/v2\/product\/68321538","targetHints":{"allow":["GET"]}}],"collection":[{"href":"https:\/\/kraftwerk-shop.cc\/pl\/wp-json\/wp\/v2\/product"}],"about":[{"href":"https:\/\/kraftwerk-shop.cc\/pl\/wp-json\/wp\/v2\/types\/product"}],"replies":[{"embeddable":true,"href":"https:\/\/kraftwerk-shop.cc\/pl\/wp-json\/wp\/v2\/comments?post=68321538"}],"version-history":[{"count":0,"href":"https:\/\/kraftwerk-shop.cc\/pl\/wp-json\/wp\/v2\/product\/68321538\/revisions"}],"wp:featuredmedia":[{"embeddable":true,"href":"https:\/\/kraftwerk-shop.cc\/pl\/wp-json\/wp\/v2\/media\/68275297"}],"wp:attachment":[{"href":"https:\/\/kraftwerk-shop.cc\/pl\/wp-json\/wp\/v2\/media?parent=68321538"}],"wp:term":[{"taxonomy":"product_brand","embeddable":true,"href":"https:\/\/kraftwerk-shop.cc\/pl\/wp-json\/wp\/v2\/product_brand?post=68321538"},{"taxonomy":"product_cat","embeddable":true,"href":"https:\/\/kraftwerk-shop.cc\/pl\/wp-json\/wp\/v2\/product_cat?post=68321538"},{"taxonomy":"product_tag","embeddable":true,"href":"https:\/\/kraftwerk-shop.cc\/pl\/wp-json\/wp\/v2\/product_tag?post=68321538"}],"curies":[{"name":"wp","href":"https:\/\/api.w.org\/{rel}","templated":true}]}}