{"id":68321734,"date":"2025-05-18T15:26:03","date_gmt":"2025-05-18T13:26:03","guid":{"rendered":"https:\/\/kraftwerk-shop.cc\/?post_type=product&#038;p=68321734"},"modified":"2026-02-15T01:20:20","modified_gmt":"2026-02-15T00:20:20","slug":"tarcza-hamulcowa-mopar-durango-52010080ai","status":"publish","type":"product","link":"https:\/\/kraftwerk-shop.cc\/pl\/produkt\/mopar-bremsscheibe-durango-52010080ai\/","title":{"rendered":"Tarcza hamulcowa Mopar Durango (52010080AI)"},"content":{"rendered":"<h1>Oryginalna tarcza hamulcowa Mopar 52010080AI do Dodge Durango 3.7, 4.7 i 5.7 od 2004 do 2009 (o\u015b przednia)<\/h1>\n<p>&nbsp;<\/p>\n<p><span lang=\"DE\"><strong>Numer cz\u0119\u015bci Mopar:<\/strong> 52010080AI<br \/>\n<strong>Zast\u0105piony:\u00a0<\/strong>52010080AB, 52010080AC, 52010080AD, 52010080AE, 52010080AF, 52010080AG,<br \/>\n<\/span><\/p>\n<p>&nbsp;<\/p>\n<p><strong>Odpowiedni dla:<\/strong><\/p>\n<table width=\"972\">\n<tbody>\n<tr>\n<td width=\"80\"><strong>Rok<\/strong><\/td>\n<td width=\"80\"><strong>Marka<\/strong><\/td>\n<td width=\"121\"><strong>Model<\/strong><\/td>\n<td width=\"493\"><strong>Wersja<\/strong><\/td>\n<td width=\"198\"><strong>Silnik<\/strong><\/td>\n<\/tr>\n<tr>\n<td width=\"80\">2024<\/td>\n<td width=\"80\">Ram<\/td>\n<td width=\"121\">1500 Classic<\/td>\n<td width=\"493\">Tradesman, Warlock<\/td>\n<td width=\"198\">3.6L, 5.7L<\/td>\n<\/tr>\n<tr>\n<td width=\"80\">2023<\/td>\n<td width=\"80\">Ram<\/td>\n<td width=\"121\">1500 Classic<\/td>\n<td width=\"493\">Tradesman, Warlock<\/td>\n<td width=\"198\">3.6L, 5.7L<\/td>\n<\/tr>\n<tr>\n<td width=\"80\">2022<\/td>\n<td width=\"80\">Ram<\/td>\n<td width=\"121\">1500 Classic<\/td>\n<td width=\"493\">Express, SLT, Tradesman, Warlock<\/td>\n<td width=\"198\">3.6L, 5.7L<\/td>\n<\/tr>\n<tr>\n<td width=\"80\">2021<\/td>\n<td width=\"80\">Ram<\/td>\n<td width=\"121\">1500 Classic<\/td>\n<td width=\"493\">Express, SLT, Tradesman, Warlock<\/td>\n<td width=\"198\">3.6L, 5.7L<\/td>\n<\/tr>\n<tr>\n<td width=\"80\">2020<\/td>\n<td width=\"80\">Ram<\/td>\n<td width=\"121\">1500 Classic<\/td>\n<td width=\"493\">Express, SLT, Special Service, Tradesman, Warlock<\/td>\n<td width=\"198\">3.6L, 5.7L<\/td>\n<\/tr>\n<tr>\n<td width=\"80\">2019<\/td>\n<td width=\"80\">Ram<\/td>\n<td width=\"121\">1500 Classic<\/td>\n<td width=\"493\">Big Horn, Express, Laramie, Lone Star, SLT, Special Service, Tradesman, Warlock<\/td>\n<td width=\"198\">3.0L V6 - Diesel, 3.6L, 5.7L<\/td>\n<\/tr>\n<tr>\n<td width=\"80\">2018<\/td>\n<td width=\"80\">Ram<\/td>\n<td width=\"121\">1500<\/td>\n<td width=\"493\">Big Horn, Express, Laramie, Laramie Longhorn, Limited, Lone Star, Rebel, SLT, Special Service, Sport, Tradesman<\/td>\n<td width=\"198\">3.0L V6 - Diesel, 3.6L, 5.7L<\/td>\n<\/tr>\n<tr>\n<td width=\"80\">2017<\/td>\n<td width=\"80\">Ram<\/td>\n<td width=\"121\">1500<\/td>\n<td width=\"493\">Big Horn, Express, Laramie, Laramie Longhorn, Limited, Lone Star, Rebel, SLT, Special Service, Sport, Tradesman<\/td>\n<td width=\"198\">3.0L V6 - Diesel, 3.6L, 5.7L<\/td>\n<\/tr>\n<tr>\n<td width=\"80\">2016<\/td>\n<td width=\"80\">Ram<\/td>\n<td width=\"121\">1500<\/td>\n<td width=\"493\">Big Horn, Express, HFE, Laramie, Laramie Longhorn, Limited, Lone Star, Outdoorsman, Rebel, SLT, Special Service, Sport, Tradesman<\/td>\n<td width=\"198\">3.0L V6 - Diesel, 3.6L, 5.7L<\/td>\n<\/tr>\n<tr>\n<td width=\"80\">2015<\/td>\n<td width=\"80\">Ram<\/td>\n<td width=\"121\">1500<\/td>\n<td width=\"493\">Big Horn, Express, HFE, Laramie, Laramie Limited, Laramie Longhorn, Limited, Lone Star, Outdoorsman, Rebel, SLT, Special Service, Sport, Tradesman<\/td>\n<td width=\"198\">3.0L V6 - Diesel, 3.6L, 5.7L<\/td>\n<\/tr>\n<tr>\n<td width=\"80\">2014<\/td>\n<td width=\"80\">Ram<\/td>\n<td width=\"121\">1500<\/td>\n<td width=\"493\">Big Horn, Express, HFE, Laramie, Laramie Limited, Laramie Longhorn, Lone Star, Outdoorsman, SLT, Special Service, Sport, Tradesman<\/td>\n<td width=\"198\">3.0L V6 - Diesel, 3.6L, 5.7L<\/td>\n<\/tr>\n<tr>\n<td width=\"80\">2013<\/td>\n<td width=\"80\">Ram<\/td>\n<td width=\"121\">1500<\/td>\n<td width=\"493\">Big Horn, Express, HFE, Laramie, Laramie Longhorn, Outdoorsman, R\/T, SLT, Sport, Tradesman<\/td>\n<td width=\"198\">3.6L, 4.7L V8 - Flex, 5.7L<\/td>\n<\/tr>\n<tr>\n<td width=\"80\">2012<\/td>\n<td width=\"80\">Ram<\/td>\n<td width=\"121\">1500<\/td>\n<td width=\"493\">Big Horn, Express, Laramie, Laramie Longhorn, Outdoorsman, SLT, ST, Sport, Tradesman<\/td>\n<td width=\"198\">3,7 l V6 - gaz, 4,7 l V8 - flex, 5,7 l<\/td>\n<\/tr>\n<tr>\n<td width=\"80\">2011<\/td>\n<td width=\"80\">Ram<\/td>\n<td width=\"121\">1500<\/td>\n<td width=\"493\">Big Horn, Laramie, Laramie Longhorn, Outdoorsman, SLT, ST, Sport, Tradesman<\/td>\n<td width=\"198\">3,7 l V6 - gaz, 4,7 l V8 - flex, 5,7 l<\/td>\n<\/tr>\n<tr>\n<td width=\"80\">2010<\/td>\n<td width=\"80\">Dodge<\/td>\n<td width=\"121\">Ram 1500<\/td>\n<td width=\"493\">Laramie, SLT, ST, Sport, TRX, TRX4<\/td>\n<td width=\"198\">3,7 l V6 - gaz, 4,7 l V8 - flex, 5,7 l<\/td>\n<\/tr>\n<tr>\n<td width=\"80\">2009<\/td>\n<td width=\"80\">Chrysler<\/td>\n<td width=\"121\">Aspen<\/td>\n<td width=\"493\">Limited, Limited Hybrid<\/td>\n<td width=\"198\">4.7L V8 - Flex, 5.7L V8 - Electric\/Gas, 5.7L<\/td>\n<\/tr>\n<tr>\n<td width=\"80\">2009<\/td>\n<td width=\"80\">Dodge<\/td>\n<td width=\"121\">Durango<\/td>\n<td width=\"493\">Limited, Limited Hybrid, SE, SLT<\/td>\n<td width=\"198\">3.7L V6 - Gaz, 4.7L V8 - Flex, 5.7L V8 - Elektryczny\/Gaz, 5.7L<\/td>\n<\/tr>\n<tr>\n<td width=\"80\">2009<\/td>\n<td width=\"80\">Dodge<\/td>\n<td width=\"121\">Ram 1500<\/td>\n<td width=\"493\">Laramie, SLT, ST, Sport, TRX, TRX4<\/td>\n<td width=\"198\">3,7 l V6 - gaz, 4,7 l V8 - flex, 5,7 l<\/td>\n<\/tr>\n<tr>\n<td width=\"80\">2008<\/td>\n<td width=\"80\">Chrysler<\/td>\n<td width=\"121\">Aspen<\/td>\n<td width=\"493\">Limited<\/td>\n<td width=\"198\">4.7L V8 - Flex, 4.7L, 5.7L<\/td>\n<\/tr>\n<tr>\n<td width=\"80\">2008<\/td>\n<td width=\"80\">Dodge<\/td>\n<td width=\"121\">Durango<\/td>\n<td width=\"493\">Adventurer, Limited, SLT, SXT<\/td>\n<td width=\"198\">3.7L V6 - gaz, 4.7L V8 - Flex, 4.7L, 5.7L<\/td>\n<\/tr>\n<tr>\n<td width=\"80\">2008<\/td>\n<td width=\"80\">Dodge<\/td>\n<td width=\"121\">Ram 1500<\/td>\n<td width=\"493\">Laramie, SLT, ST<\/td>\n<td width=\"198\">3.7L V6 - gaz, 4.7L V8 - Flex, 4.7L, 5.7L<\/td>\n<\/tr>\n<tr>\n<td width=\"80\">2007<\/td>\n<td width=\"80\">Chrysler<\/td>\n<td width=\"121\">Aspen<\/td>\n<td width=\"493\">Limited<\/td>\n<td width=\"198\">4.7L V8 - Flex, 4.7L, 5.7L<\/td>\n<\/tr>\n<tr>\n<td width=\"80\">2007<\/td>\n<td width=\"80\">Dodge<\/td>\n<td width=\"121\">Durango<\/td>\n<td width=\"493\">Adventurer, Limited, SLT, SXT<\/td>\n<td width=\"198\">3.7L V6 - gaz, 4.7L V8 - Flex, 4.7L, 5.7L<\/td>\n<\/tr>\n<tr>\n<td width=\"80\">2007<\/td>\n<td width=\"80\">Dodge<\/td>\n<td width=\"121\">Ram 1500<\/td>\n<td width=\"493\">Laramie, SLT, ST, Sport, TRX4<\/td>\n<td width=\"198\">3.7L V6 - gaz, 4.7L V8 - Flex, 4.7L, 5.7L<\/td>\n<\/tr>\n<tr>\n<td width=\"80\">2006<\/td>\n<td width=\"80\">Dodge<\/td>\n<td width=\"121\">Durango<\/td>\n<td width=\"493\">Limited, SLT, SXT<\/td>\n<td width=\"198\">3.7L V6 - gaz, 4.7L V8 - Flex, 4.7L, 5.7L<\/td>\n<\/tr>\n<tr>\n<td width=\"80\">2006<\/td>\n<td width=\"80\">Dodge<\/td>\n<td width=\"121\">Ram 1500<\/td>\n<td width=\"493\">Laramie, SLT, SRT-10, ST<\/td>\n<td width=\"198\">3.7L V6 - gaz, 4.7L V8 - Flex, 4.7L, 5.7L, 8.3L<\/td>\n<\/tr>\n<tr>\n<td width=\"80\">2005<\/td>\n<td width=\"80\">Dodge<\/td>\n<td width=\"121\">Durango<\/td>\n<td width=\"493\">Limited, SLT, SXT<\/td>\n<td width=\"198\">3.7L V6 - gaz, 4.7L, 5.7L<\/td>\n<\/tr>\n<tr>\n<td width=\"80\">2005<\/td>\n<td width=\"80\">Dodge<\/td>\n<td width=\"121\">Ram 1500<\/td>\n<td width=\"493\">SLT, SRT-10, ST<\/td>\n<td width=\"198\">3.7L V6 - gaz, 4.7L V8 - Flex, 4.7L, 5.7L, 8.3L<\/td>\n<\/tr>\n<tr>\n<td width=\"80\">2004<\/td>\n<td width=\"80\">Dodge<\/td>\n<td width=\"121\">Durango<\/td>\n<td width=\"493\">Limited, SLT, ST<\/td>\n<td width=\"198\">3.7L V6 - gaz, 4.7L, 5.7L<\/td>\n<\/tr>\n<tr>\n<td width=\"80\">2004<\/td>\n<td width=\"80\">Dodge<\/td>\n<td width=\"121\">Ram 1500<\/td>\n<td width=\"493\">SLT, ST<\/td>\n<td width=\"198\">3.7L V6 - gaz, 4.7L V8 - Flex, 4.7L, 5.7L<\/td>\n<\/tr>\n<tr>\n<td width=\"80\">2003<\/td>\n<td width=\"80\">Dodge<\/td>\n<td width=\"121\">Ram 1500<\/td>\n<td width=\"493\">SLT, ST<\/td>\n<td width=\"198\">3.7L V6 - gaz, 4.7L, 5.7L, 5.9L<\/td>\n<\/tr>\n<tr>\n<td width=\"80\">2002<\/td>\n<td width=\"80\">Dodge<\/td>\n<td width=\"121\">Ram 1500<\/td>\n<td width=\"493\">ST<\/td>\n<td width=\"198\">3.7L V6 - gaz, 4.7L, 5.9L<\/td>\n<\/tr>\n<\/tbody>\n<\/table>\n<p>&nbsp;<\/p>\n<p><strong>Zakres dostawy:<\/strong><\/p>\n<ul>\n<li>1 tarcza hamulcowa 52010080AI<\/li>\n<\/ul>\n<p>&nbsp;<\/p>\n<h4>Dlaczego warto wybra\u0107 oryginalne cz\u0119\u015bci zamienne Mopar?<\/h4>\n<p><strong>Idealne dopasowanie i najwy\u017csza jako\u015b\u0107:<\/strong> Oryginalne cz\u0119\u015bci zamienne Mopar s\u0105 produkowane zgodnie ze \u015bcis\u0142ymi specyfikacjami producenta, co oznacza, \u017ce idealnie pasuj\u0105 do Twojego pojazdu. Zapewnia to nie tylko \u0142atw\u0105 instalacj\u0119, ale tak\u017ce optymaln\u0105 funkcjonalno\u015b\u0107 i bezpiecze\u0144stwo.<\/p>\n<p><strong>Niezawodno\u015b\u0107 i trwa\u0142o\u015b\u0107:<\/strong> Dzi\u0119ki zastosowaniu wysokiej jako\u015bci materia\u0142\u00f3w i rygorystycznej kontroli jako\u015bci, cz\u0119\u015bci zamienne Mopar zapewniaj\u0105 niezawodne dzia\u0142anie pojazdu nawet w ekstremalnych warunkach. Zosta\u0142y zaprojektowane z my\u015bl\u0105 o trwa\u0142o\u015bci i maksymalizacji osi\u0105g\u00f3w pojazdu.<\/p>\n<p>&nbsp;<\/p>","protected":false},"excerpt":{"rendered":"<p>2004\u20132009<\/p>","protected":false},"featured_media":68321737,"comment_status":"open","ping_status":"closed","template":"","meta":{"_acf_changed":false},"product_brand":[16270],"product_cat":[17922],"product_tag":[18275,18600,18276,18602,18603,18604,508,509,91,7779,3523,7780,7781,3522,7782,7783,7784,3524,795,589,796,591,49,4432,95,692,126,7221,797,842,841,673],"class_list":{"0":"post-68321734","1":"product","2":"type-product","3":"status-publish","4":"has-post-thumbnail","6":"product_brand-mopar","7":"product_cat-durango-57-bremsscheiben-vorne","8":"product_tag-052010080ab","9":"product_tag-052010080ac","10":"product_tag-052010080ae","11":"product_tag-052010080af","12":"product_tag-052010080ag","13":"product_tag-052010080ah","14":"product_tag-3-7","15":"product_tag-4-7","16":"product_tag-5-7","17":"product_tag-52010080aa","18":"product_tag-52010080ab","19":"product_tag-52010080ac","20":"product_tag-52010080ad","21":"product_tag-52010080ae","22":"product_tag-52010080af","23":"product_tag-52010080ag","24":"product_tag-52010080ah","25":"product_tag-52010080ai","26":"product_tag-bremse","27":"product_tag-bremsen","28":"product_tag-bremsscheibe","29":"product_tag-bremsscheiben","30":"product_tag-dodge","31":"product_tag-dodge-durango","32":"product_tag-durango","33":"product_tag-ersatzteil","34":"product_tag-hemi","35":"product_tag-mopar10","36":"product_tag-sportbremsscheibe","37":"product_tag-vorderachse","38":"product_tag-vorne","39":"product_tag-zubehoer","41":"first","42":"instock","43":"taxable","44":"shipping-taxable","45":"purchasable","46":"product-type-simple"},"bundled_by":[],"bundle_stock_status":"instock","bundle_stock_quantity":2,"bundle_virtual":false,"bundle_layout":"","bundle_add_to_cart_form_location":"","bundle_editable_in_cart":false,"bundle_sold_individually_context":"","bundle_item_grouping":"","bundle_min_size":"","bundle_max_size":"","bundle_price":[],"bundled_items":[],"bundle_sell_ids":[],"exclude_global_add_ons":[],"addons":[],"acf":[],"_links":{"self":[{"href":"https:\/\/kraftwerk-shop.cc\/pl\/wp-json\/wp\/v2\/product\/68321734","targetHints":{"allow":["GET"]}}],"collection":[{"href":"https:\/\/kraftwerk-shop.cc\/pl\/wp-json\/wp\/v2\/product"}],"about":[{"href":"https:\/\/kraftwerk-shop.cc\/pl\/wp-json\/wp\/v2\/types\/product"}],"replies":[{"embeddable":true,"href":"https:\/\/kraftwerk-shop.cc\/pl\/wp-json\/wp\/v2\/comments?post=68321734"}],"version-history":[{"count":0,"href":"https:\/\/kraftwerk-shop.cc\/pl\/wp-json\/wp\/v2\/product\/68321734\/revisions"}],"wp:featuredmedia":[{"embeddable":true,"href":"https:\/\/kraftwerk-shop.cc\/pl\/wp-json\/wp\/v2\/media\/68321737"}],"wp:attachment":[{"href":"https:\/\/kraftwerk-shop.cc\/pl\/wp-json\/wp\/v2\/media?parent=68321734"}],"wp:term":[{"taxonomy":"product_brand","embeddable":true,"href":"https:\/\/kraftwerk-shop.cc\/pl\/wp-json\/wp\/v2\/product_brand?post=68321734"},{"taxonomy":"product_cat","embeddable":true,"href":"https:\/\/kraftwerk-shop.cc\/pl\/wp-json\/wp\/v2\/product_cat?post=68321734"},{"taxonomy":"product_tag","embeddable":true,"href":"https:\/\/kraftwerk-shop.cc\/pl\/wp-json\/wp\/v2\/product_tag?post=68321734"}],"curies":[{"name":"wp","href":"https:\/\/api.w.org\/{rel}","templated":true}]}}