{"id":68321753,"date":"2025-05-25T01:43:06","date_gmt":"2025-05-24T23:43:06","guid":{"rendered":"https:\/\/kraftwerk-shop.cc\/?post_type=product&#038;p=68321753"},"modified":"2026-02-15T01:20:29","modified_gmt":"2026-02-15T00:20:29","slug":"parksense-fix-ram-dt","status":"publish","type":"product","link":"https:\/\/kraftwerk-shop.cc\/pl\/produkt\/parksense-fix-ram-dt\/","title":{"rendered":"Poprawka ParkSense dla RAM DT"},"content":{"rendered":"<h1>Modu\u0142 ParkSense Fix dla RAM DT od 2021 do 2024 roku<\/h1>\n<p>&nbsp;<\/p>\n<p>Zamontowa\u0142e\u015b wi\u0119ksze opony w swoim Ram DT i ParkSense przesta\u0142 dzia\u0142a\u0107?<br \/>\nDzi\u0119ki temu prostemu urz\u0105dzeniu typu plug-and-play, ParkSense dzia\u0142a ponownie, niezale\u017cnie od rozmiaru opon.<\/p>\n<p>&nbsp;<\/p>\n<ul>\n<li>\u0141atwa instalacja w 2 minuty, bez narz\u0119dzi, plug-and-play<\/li>\n<li>ParkSense dzia\u0142a ponownie jak w przypadku oryginalnych opon<\/li>\n<li>Brak trwa\u0142ych zmian, nie mo\u017cna ich rozpozna\u0107 za pomoc\u0105 narz\u0119dzi dealerskich<\/li>\n<li>Instrukcje instalacji w j\u0119zyku niemieckim i angielskim (niemiecki dost\u0119pny do pobrania po zakupie)<\/li>\n<\/ul>\n<p>&nbsp;<\/p>\n<p><iframe loading=\"lazy\" title=\"Odtwarzacz wideo YouTube\" src=\"https:\/\/www.youtube.com\/embed\/ifGMeF99Z30?si=_tc5dWD90rXBNATP\" width=\"560\" height=\"315\" frameborder=\"0\" allowfullscreen=\"allowfullscreen\"><\/iframe><\/p>\n<p>&nbsp;<\/p>\n<h4>Jeste\u015bmy autoryzowanym dealerem Z-Automotive!<\/h4>\n<p>Z Automotive Technologies to ameryka\u0144ska firma specjalizuj\u0105ca si\u0119 w elektronicznych rozwi\u0105zaniach modernizacyjnych dla pojazd\u00f3w Dodge, Jeep, RAM i Chrysler.<br \/>\nFirma opracowuje produkty takie jak modu\u0142 Tazer do odblokowywania ukrytych funkcji pojazdu, BurnBox do funkcji blokady liniowej oraz zestaw AuxZiliary Kit do dodatkowych opcji sterowania.<br \/>\nCelem jest rozszerzenie funkcjonalno\u015bci i mo\u017cliwo\u015bci dostosowywania nowoczesnych pojazd\u00f3w bez uszczerbku dla ich oryginalnych system\u00f3w.<br \/>\nZ Automotive oznacza innowacje techniczne w dziedzinie programowania i dostosowywania pojazd\u00f3w.<\/p>","protected":false},"excerpt":{"rendered":"<p>2021\u20132024<\/p>","protected":false},"featured_media":68321755,"comment_status":"open","ping_status":"closed","template":"","meta":{"_acf_changed":false},"product_brand":[17480],"product_cat":[19690,5020,2705],"product_tag":[475,419,420,2066,17478,429,49,476,36,472,7221,17479,17477,17476,86,3473,10697,463,464,470,2991,17475,440,458],"class_list":{"0":"post-68321753","1":"product","2":"type-product","3":"status-publish","4":"has-post-thumbnail","6":"product_brand-z-automotive","7":"product_cat-1500-36-dt-programmiergeraete","8":"product_cat-1500-57-dt-programmiergeraete","9":"product_cat-trx-programmiergeraete","10":"product_tag-475","11":"product_tag-419","12":"product_tag-420","13":"product_tag-2066","14":"product_tag-abrollumfang","15":"product_tag-deutschland","16":"product_tag-dodge","17":"product_tag-dt","18":"product_tag-kraftwerk","19":"product_tag-modul","20":"product_tag-mopar10","21":"product_tag-park-sense","22":"product_tag-parksense","23":"product_tag-parksense-fix-modul","24":"product_tag-ram","25":"product_tag-reifenabrollumfang","26":"product_tag-reifenumfang","27":"product_tag-shop","28":"product_tag-webshop","29":"product_tag-z-auto","30":"product_tag-zauto","31":"product_tag-zautomotive","32":"product_tag-zautotech","33":"product_tag-zuruecksetzen","35":"first","36":"instock","37":"taxable","38":"shipping-taxable","39":"purchasable","40":"product-type-simple"},"bundled_by":[],"bundle_stock_status":"instock","bundle_stock_quantity":2,"bundle_virtual":false,"bundle_layout":"","bundle_add_to_cart_form_location":"","bundle_editable_in_cart":false,"bundle_sold_individually_context":"","bundle_item_grouping":"","bundle_min_size":"","bundle_max_size":"","bundle_price":[],"bundled_items":[],"bundle_sell_ids":[],"exclude_global_add_ons":[],"addons":[],"acf":[],"_links":{"self":[{"href":"https:\/\/kraftwerk-shop.cc\/pl\/wp-json\/wp\/v2\/product\/68321753","targetHints":{"allow":["GET"]}}],"collection":[{"href":"https:\/\/kraftwerk-shop.cc\/pl\/wp-json\/wp\/v2\/product"}],"about":[{"href":"https:\/\/kraftwerk-shop.cc\/pl\/wp-json\/wp\/v2\/types\/product"}],"replies":[{"embeddable":true,"href":"https:\/\/kraftwerk-shop.cc\/pl\/wp-json\/wp\/v2\/comments?post=68321753"}],"version-history":[{"count":0,"href":"https:\/\/kraftwerk-shop.cc\/pl\/wp-json\/wp\/v2\/product\/68321753\/revisions"}],"wp:featuredmedia":[{"embeddable":true,"href":"https:\/\/kraftwerk-shop.cc\/pl\/wp-json\/wp\/v2\/media\/68321755"}],"wp:attachment":[{"href":"https:\/\/kraftwerk-shop.cc\/pl\/wp-json\/wp\/v2\/media?parent=68321753"}],"wp:term":[{"taxonomy":"product_brand","embeddable":true,"href":"https:\/\/kraftwerk-shop.cc\/pl\/wp-json\/wp\/v2\/product_brand?post=68321753"},{"taxonomy":"product_cat","embeddable":true,"href":"https:\/\/kraftwerk-shop.cc\/pl\/wp-json\/wp\/v2\/product_cat?post=68321753"},{"taxonomy":"product_tag","embeddable":true,"href":"https:\/\/kraftwerk-shop.cc\/pl\/wp-json\/wp\/v2\/product_tag?post=68321753"}],"curies":[{"name":"wp","href":"https:\/\/api.w.org\/{rel}","templated":true}]}}