{"id":68321987,"date":"2025-05-25T01:25:10","date_gmt":"2025-05-24T23:25:10","guid":{"rendered":"https:\/\/kraftwerk-shop.cc\/?post_type=product&#038;p=68321987"},"modified":"2026-02-15T01:20:27","modified_gmt":"2026-02-15T00:20:27","slug":"klocki-hamulcowe-bproauto-durango-1bp00284aa","status":"publish","type":"product","link":"https:\/\/kraftwerk-shop.cc\/pl\/produkt\/bproauto-bremsbelaege-durango-1bp00284aa\/","title":{"rendered":"Klocki hamulcowe bproauto Durango (1BP00284AA)"},"content":{"rendered":"<h1>Klocki hamulcowe bproauto 1BP00284AA do Dodge Durango 3.7, 4.7 i 5.7 od 2007 do 2009 (o\u015b przednia)<\/h1>\n<p>&nbsp;<\/p>\n<p><span lang=\"DE\"><strong>Liczby por\u00f3wnawcze Mopar:<\/strong> 5143350AB, 5143350AC, 68334862AA, 68334862AB<br \/>\n<\/span><\/p>\n<p>&nbsp;<\/p>\n<p><strong>Odpowiedni dla:<\/strong><\/p>\n<table width=\"972\">\n<tbody>\n<tr>\n<td width=\"80\"><strong>Rok<\/strong><\/td>\n<td width=\"80\"><strong>Marka<\/strong><\/td>\n<td width=\"121\"><strong>Model<\/strong><\/td>\n<td width=\"493\"><strong>Wersja<\/strong><\/td>\n<td width=\"198\"><strong>Silnik<\/strong><\/td>\n<\/tr>\n<tr>\n<td width=\"80\">2009<\/td>\n<td width=\"80\">Dodge<\/td>\n<td width=\"121\">Durango<\/td>\n<td width=\"493\">Limited, Limited Hybrid, SE, SLT<\/td>\n<td width=\"198\">3.7L, 4.7L V8 - Flex, 5.7L V8 - Electric\/Gas, 5.7L<\/td>\n<\/tr>\n<tr>\n<td width=\"80\">2008<\/td>\n<td width=\"80\">Dodge<\/td>\n<td width=\"121\">Durango<\/td>\n<td width=\"493\">Adventurer, Limited, SLT, SXT<\/td>\n<td width=\"198\">3.7L, 4.7L V8 - Flex, 4.7L, 5.7L<\/td>\n<\/tr>\n<tr>\n<td width=\"80\">2007<\/td>\n<td width=\"80\">Dodge<\/td>\n<td width=\"121\">Durango<\/td>\n<td width=\"493\">Adventurer, Limited, SLT, SXT<\/td>\n<td width=\"198\">3.7L, 4.7L V8 - Flex, 4.7L, 5.7L<\/td>\n<\/tr>\n<\/tbody>\n<\/table>\n<p>&nbsp;<\/p>\n<p>&nbsp;<\/p>\n<h4>O bproauto<\/h4>\n<p>bproauto to marka cz\u0119\u015bci zamiennych Stellantis, kt\u00f3ra zosta\u0142a opracowana specjalnie w celu zapewnienia wysokiej jako\u015bci cz\u0119\u015bci zamiennych do pojazd\u00f3w marek Chrysler, Dodge, Jeep i RAM. Cel: zaoferowanie w\u0142a\u015bcicielom pojazd\u00f3w atrakcyjnej cenowo, niezawodnej i wysokiej jako\u015bci alternatywy dla oryginalnych cz\u0119\u015bci zamiennych - bez kompromis\u00f3w w zakresie jako\u015bci, dok\u0142adno\u015bci dopasowania i bezpiecze\u0144stwa.<br \/>\nJako\u015b\u0107 OEM dla rynku wt\u00f3rnego.<\/p>\n<p>bproauto oferuje szerok\u0105 gam\u0119 cz\u0119\u015bci zamiennych, kt\u00f3re s\u0105 produkowane i dok\u0142adnie testowane zgodnie z rygorystycznymi standardami oryginalnego wyposa\u017cenia (O.E.). Produkty s\u0105 zaprojektowane tak, aby dok\u0142adnie odpowiada\u0142y specyfikacjom odpowiednich modeli pojazd\u00f3w - zar\u00f3wno pod wzgl\u0119dem wydajno\u015bci, jak i dopasowania.<\/p>\n<p>&nbsp;<\/p>","protected":false},"excerpt":{"rendered":"<p>2007\u20132009<\/p>","protected":false},"featured_media":68321989,"comment_status":"open","ping_status":"closed","template":"","meta":{"_acf_changed":false},"product_brand":[16873],"product_cat":[17920],"product_tag":[7803,3508,17470,508,509,91,6770,6771,3512,6772,1099,16871,590,795,49,95,31,8813,9424,16271,16273,16275,16272,16274,7221,842,841],"class_list":{"0":"post-68321987","1":"product","2":"type-product","3":"status-publish","4":"has-post-thumbnail","6":"product_brand-bproauto","7":"product_cat-durango-57-bremsbelaege-vorne","8":"product_tag-05143350ab","9":"product_tag-05143350ac","10":"product_tag-1bp00284aa","11":"product_tag-3-7","12":"product_tag-4-7","13":"product_tag-5-7","14":"product_tag-5143350ab","15":"product_tag-5143350ac","16":"product_tag-68334862aa","17":"product_tag-68334862ab","18":"product_tag-8-3","19":"product_tag-bproauto","20":"product_tag-bremsbelaege","21":"product_tag-bremse","22":"product_tag-dodge","23":"product_tag-durango","24":"product_tag-mopar","25":"product_tag-mopar-autoteile","26":"product_tag-mopar-ersatzteile","27":"product_tag-mopar-ersatzteile-kaufen","28":"product_tag-mopar-performance-teile","29":"product_tag-mopar-teile-katalog","30":"product_tag-mopar-teile-online","31":"product_tag-mopar-tuningteile","32":"product_tag-mopar10","33":"product_tag-vorderachse","34":"product_tag-vorne","36":"first","37":"instock","38":"taxable","39":"shipping-taxable","40":"purchasable","41":"product-type-simple"},"bundled_by":[],"bundle_stock_status":"instock","bundle_stock_quantity":1,"bundle_virtual":false,"bundle_layout":"","bundle_add_to_cart_form_location":"","bundle_editable_in_cart":false,"bundle_sold_individually_context":"","bundle_item_grouping":"","bundle_min_size":"","bundle_max_size":"","bundle_price":[],"bundled_items":[],"bundle_sell_ids":[],"exclude_global_add_ons":[],"addons":[],"acf":[],"_links":{"self":[{"href":"https:\/\/kraftwerk-shop.cc\/pl\/wp-json\/wp\/v2\/product\/68321987","targetHints":{"allow":["GET"]}}],"collection":[{"href":"https:\/\/kraftwerk-shop.cc\/pl\/wp-json\/wp\/v2\/product"}],"about":[{"href":"https:\/\/kraftwerk-shop.cc\/pl\/wp-json\/wp\/v2\/types\/product"}],"replies":[{"embeddable":true,"href":"https:\/\/kraftwerk-shop.cc\/pl\/wp-json\/wp\/v2\/comments?post=68321987"}],"version-history":[{"count":0,"href":"https:\/\/kraftwerk-shop.cc\/pl\/wp-json\/wp\/v2\/product\/68321987\/revisions"}],"wp:featuredmedia":[{"embeddable":true,"href":"https:\/\/kraftwerk-shop.cc\/pl\/wp-json\/wp\/v2\/media\/68321989"}],"wp:attachment":[{"href":"https:\/\/kraftwerk-shop.cc\/pl\/wp-json\/wp\/v2\/media?parent=68321987"}],"wp:term":[{"taxonomy":"product_brand","embeddable":true,"href":"https:\/\/kraftwerk-shop.cc\/pl\/wp-json\/wp\/v2\/product_brand?post=68321987"},{"taxonomy":"product_cat","embeddable":true,"href":"https:\/\/kraftwerk-shop.cc\/pl\/wp-json\/wp\/v2\/product_cat?post=68321987"},{"taxonomy":"product_tag","embeddable":true,"href":"https:\/\/kraftwerk-shop.cc\/pl\/wp-json\/wp\/v2\/product_tag?post=68321987"}],"curies":[{"name":"wp","href":"https:\/\/api.w.org\/{rel}","templated":true}]}}