{"id":68323377,"date":"2025-05-29T17:30:18","date_gmt":"2025-05-29T15:30:18","guid":{"rendered":"https:\/\/kraftwerk-shop.cc\/?post_type=product&#038;p=68323377"},"modified":"2026-02-15T01:20:40","modified_gmt":"2026-02-15T00:20:40","slug":"tranzformer-gen1","status":"publish","type":"product","link":"https:\/\/kraftwerk-shop.cc\/pl\/produkt\/tranzformer-gen1\/","title":{"rendered":"TranZformer Gen 1"},"content":{"rendered":"<h1 class=\"product-info-heading h2\">TranZformer Gen 1 dla Chrysler, 300C, Dodge, Challenger, Charger i Magnum<\/h1>\n<p>&nbsp;<\/p>\n<p>Dostosuj spos\u00f3b zmiany prze\u0142o\u017ce\u0144 skrzyni bieg\u00f3w NAG1 do swoich wymaga\u0144.<br \/>\nTranZformer firmy Z Automotive umo\u017cliwia dostosowanie intensywno\u015bci zmiany bieg\u00f3w do stylu jazdy lub aktualnej sytuacji na drodze - a tak\u017ce korzystanie z wielu innych funkcji.<\/p>\n<p>Instalacja zajmuje zaledwie kilka minut. Urz\u0105dzenie jest pod\u0142\u0105czone do o\u015bmiu kabli za pomoc\u0105 odczep\u00f3w kablowych, z kt\u00f3rych wszystkie znajduj\u0105 si\u0119 za doln\u0105 pokryw\u0105 kolumny kierownicy - ca\u0142kowicie ukryte i dyskretne.<\/p>\n<p>Po instalacji TranZformer dostosowuje parametry skrzyni bieg\u00f3w, aby stworzy\u0107 charakterystyczne zachowanie zmiany bieg\u00f3w w stylu klasycznych muscle car\u00f3w. Niezale\u017cnie od tego, czy chodzi o mocne, zauwa\u017calne zmiany bieg\u00f3w z piskiem opon, czy o subtelne przyspieszenie podczas holowania lub sportowej jazdy - masz pe\u0142n\u0105 kontrol\u0119. Ustawienia dokonuje si\u0119 za pomoc\u0105 przycisk\u00f3w steruj\u0105cych na kierownicy i wy\u015bwietlaczu EVIC (lub za pomoc\u0105 d\u017awigni tempomatu w pojazdach bez EVIC), co pozwala na dostosowanie charakterystyki zmiany bieg\u00f3w w dowolnym momencie podczas jazdy.<\/p>\n<p>Alternatywnie mo\u017cna pod\u0142\u0105czy\u0107 urz\u0105dzenie do komputera z systemem Windows za pomoc\u0105 kabla USB i u\u017cy\u0107 narz\u0119dzia Z Automotive Programming Utility (ZPU) do przeprowadzenia precyzyjnej konfiguracji - w tym indywidualnych warto\u015bci wzmocnienia zmiany bieg\u00f3w (od 0 do 100 %) dla ka\u017cdego biegu podczas zmiany bieg\u00f3w w g\u00f3r\u0119 i w d\u00f3\u0142 w trybach \"Drive\" i \"AutoStick\". Ponadto, op\u00f3\u017anienie przy zmianie biegu na bieg do przodu lub wsteczny jest zmniejszone. Mo\u017cliwe jest r\u00f3wnie\u017c skalowanie intensywno\u015bci zmiany bieg\u00f3w w zale\u017cno\u015bci od po\u0142o\u017cenia peda\u0142u przyspieszenia.<\/p>\n<p>Ponadto TranZformer umo\u017cliwia zresetowanie lub trwa\u0142e wy\u0142\u0105czenie funkcji adaptacyjnego uczenia si\u0119 modu\u0142u steruj\u0105cego skrzyni bieg\u00f3w (TCM), dzi\u0119ki czemu ustawiona intensywno\u015b\u0107 zmiany bieg\u00f3w jest trwale zachowana.<\/p>\n<p>&nbsp;<\/p>\n<p><strong>Przegl\u0105d funkcji:<\/strong><\/p>\n<ul>\n<li>Wyb\u00f3r bieg\u00f3w za pomoc\u0105 kierownicy (Steering Wheel Shifting - SWS):<br \/>\nUmo\u017cliwia r\u0119czny wyb\u00f3r bieg\u00f3w za pomoc\u0105 przycisk\u00f3w g\u0142o\u015bno\u015bci i przycisk\u00f3w bocznych na kierownicy, gdy r\u0119ce pozostaj\u0105 na kierownicy. Funkcja ta jest aktywowana, gdy tylko pojazd znajdzie si\u0119 w trybie AutoStick i mo\u017ce zosta\u0107 w\u0142\u0105czona lub wy\u0142\u0105czona w dowolnym momencie za pomoc\u0105 przycisk\u00f3w na kierownicy.<\/li>\n<li>Automatyczna zmiana biegu na wy\u017cszy (AutoUpshift):<br \/>\nDefiniowanie indywidualnych limit\u00f3w pr\u0119dko\u015bci dla automatycznej zmiany bieg\u00f3w w trybie AutoStick - idealne rozwi\u0105zanie dla wysokoobrotowych silnik\u00f3w podczas jazdy na torze wy\u015bcigowym. Funkcj\u0119 t\u0119 mo\u017cna skonfigurowa\u0107 za pomoc\u0105 d\u017awigni tempomatu lub ZPU. Szczeg\u00f3lnie przydatna w po\u0142\u0105czeniu z TCM Mopar Performance lub tunerami DiabloSport.<\/li>\n<li>Tryb blokady linii:<br \/>\nNaci\u015bni\u0119cie d\u017awigni tempomatu podczas postoju z w\u0142\u0105czonym trybem AutoStick powoduje zatrzymanie przednich hamulc\u00f3w przez zawory ABS. Umo\u017cliwia to wykonanie kontrolowanego spalania przy pe\u0142nym otwarciu przepustnicy. Pojazd rusza dopiero po zwolnieniu d\u017awigni.<\/li>\n<li>Tryb wypalenia:<br \/>\nPoci\u0105gni\u0119cie za d\u017awigni\u0119 tempomatu aktywuje przedni hamulec za po\u015brednictwem pompy ABS, umo\u017cliwiaj\u0105c r\u00f3wnie\u017c spalanie - bez wcze\u015bniejszego r\u0119cznego hamowania.<\/li>\n<li>Tryb uruchamiania:<br \/>\nPoci\u0105gni\u0119cie d\u017awigni \u015bwiate\u0142 drogowych podczas postoju aktywuje wszystkie cztery hamulce za po\u015brednictwem systemu ABS, aby umo\u017cliwi\u0107 optymalny start.<\/li>\n<li>Wy\u015bwietlacz pr\u0119dko\u015bci:<br \/>\nWy\u015bwietla rzeczywist\u0105 pr\u0119dko\u015b\u0107 po ka\u017cdej zmianie biegu - szczeg\u00f3lnie przydatne do dostrajania dzia\u0142ania funkcji AutoUpshift lub analizowania r\u0119cznych zmian bieg\u00f3w.<\/li>\n<li>Pomiar przyspieszenia 0-30 km\/h i 0-60 km\/h:<br \/>\nWy\u015bwietla odpowiednie czasy przyspieszenia bezpo\u015brednio na wy\u015bwietlaczu EVIC.<\/li>\n<li>Czasy na 1\/8 mili i 1\/4 mili:<br \/>\nW\u0142\u0105cza wy\u015bwietlanie czas\u00f3w przyspieszenia na tych odleg\u0142o\u015bciach w EVIC.<\/li>\n<li>Wska\u017anik temperatury oleju przek\u0142adniowego:<br \/>\nWy\u015bwietla bie\u017c\u0105c\u0105 temperatur\u0119 skrzyni bieg\u00f3w w EVIC - zewn\u0119trzne urz\u0105dzenie diagnostyczne nie jest ju\u017c wymagane do wymiany oleju.<\/li>\n<li>Wska\u017anik stanu skrzyni bieg\u00f3w:<br \/>\nWy\u015bwietla aktualnie w\u0142\u0105czony bieg i stan sprz\u0119g\u0142a przemiennika momentu obrotowego.<\/li>\n<li>Kontrola ESP:<br \/>\nUmo\u017cliwia r\u0119czne resetowanie i aktywacj\u0119 systemu ESP - idealne rozwi\u0105zanie dla pojazd\u00f3w z wy\u0142\u0105czonym ESP lub odpowiednimi modyfikacjami.<\/li>\n<li>Zresetuj adaptacyjne zachowanie uczenia si\u0119:<br \/>\nAdaptacyjne uczenie si\u0119 TCM mo\u017cna zresetowa\u0107 w dowolnym momencie, po prostu poci\u0105gaj\u0105c d\u017awigni\u0119 tempomatu i \u015bwiate\u0142 drogowych.<\/li>\n<li>Dezaktywacja adaptacyjnych zachowa\u0144 edukacyjnych (Kill Adaptives):<br \/>\nZapobiega z\u0142agodzeniu charakterystyki zmiany bieg\u00f3w przez jednostk\u0119 steruj\u0105c\u0105 skrzyni bieg\u00f3w. Funkcj\u0119 t\u0119 mo\u017cna aktywowa\u0107 lub dezaktywowa\u0107 w dowolnym momencie.<\/li>\n<li>Wyczy\u015b\u0107 pami\u0119\u0107 b\u0142\u0119d\u00f3w (reset kontrolki Check Engine)*:<br \/>\nW przypadku cz\u0119stych komunikat\u00f3w o b\u0142\u0119dach wyzwalanych przez modyfikacje, kontrolk\u0119 kontroln\u0105 silnika (CEL) wraz z kodami b\u0142\u0119d\u00f3w mo\u017cna wygodnie zresetowa\u0107 za pomoc\u0105 EVIC.<\/li>\n<li>Wy\u015bwietlacz MDS (tylko dla lat modelowych 2005-2007)*:<br \/>\nAktywuje lampk\u0119 bezpiecze\u0144stwa jako wska\u017anik aktywnego systemu MDS (Multi-Displacement System) - mo\u017cna j\u0105 w\u0142\u0105czy\u0107 za pomoc\u0105 EVIC.<\/li>\n<li>Dodatkowe wyj\u015bcie (wyj\u015bcie pomocnicze)*:<br \/>\nPo\u0142\u0105czenie AUX mo\u017cna aktywowa\u0107 za pomoc\u0105 d\u017awigni tempomatu i bocznych przycisk\u00f3w na kierownicy, aby sterowa\u0107 urz\u0105dzeniami zewn\u0119trznymi, takimi jak klapy wydechowe, systemy NOS lub prze\u0142\u0105czniki multimedialne.<\/li>\n<\/ul>\n<p>&nbsp;<\/p>\n<p><strong>Odpowiedni dla:<\/strong><\/p>\n<table width=\"420\">\n<tbody>\n<tr>\n<td width=\"120\">Chrysler<\/td>\n<td width=\"168\">300C<\/td>\n<td width=\"132\">2005\u20132010<\/td>\n<\/tr>\n<tr>\n<td width=\"120\">Dodge<\/td>\n<td width=\"168\">Challenger<\/td>\n<td width=\"132\">2008\u20132014<\/td>\n<\/tr>\n<tr>\n<td width=\"120\">Dodge<\/td>\n<td width=\"168\">Charger<\/td>\n<td width=\"132\">2006\u20132010<\/td>\n<\/tr>\n<tr>\n<td width=\"120\">Dodge<\/td>\n<td width=\"168\">Magnum<\/td>\n<td width=\"132\">2005\u20132008<\/td>\n<\/tr>\n<\/tbody>\n<\/table>\n<p>&nbsp;<\/p>","protected":false},"excerpt":{"rendered":"<p>TranZformer Gen 1 f\u00fcr Chrysler 300C, Dodge Challenger, Charger und Magnum &nbsp; Passen Sie das Schaltverhalten Ihres NAG1-Getriebes ganz nach<\/p>","protected":false},"featured_media":68323379,"comment_status":"open","ping_status":"closed","template":"","meta":{"_acf_changed":false},"product_brand":[17480],"product_cat":[1549,1573,1576,1581,1584,1678,1681,1686,1689,1702,1705,1613,1616,1621,1624,1718,1721,1726,1729],"product_tag":[52,144,130,131,53,536,49,3854,55,7221,143,128,17562,146,145],"class_list":{"0":"post-68323377","1":"product","2":"type-product","3":"status-publish","4":"has-post-thumbnail","6":"product_brand-z-automotive","7":"product_cat-300c-30-diesel-getriebe","8":"product_cat-300c-57-2005-2010-getriebe","9":"product_cat-300c-57-2005-2010-programmiergeraete","10":"product_cat-300c-61-getriebe","11":"product_cat-300c-61-programmiergeraete","12":"product_cat-challenger-57-getriebe","13":"product_cat-challenger-57-programmiergeraete","14":"product_cat-challenger-61-getriebe","15":"product_cat-challenger-61-programmiergeraete","16":"product_cat-challenger-64-getriebe","17":"product_cat-challenger-64-programmiergeraete","18":"product_cat-charger-57-getriebe","19":"product_cat-charger-57-programmiergeraete","20":"product_cat-charger-61-getriebe","21":"product_cat-charger-61-programmiergeraete","22":"product_cat-magnum-57-getriebe","23":"product_cat-magnum-57-programmiergeraete","24":"product_cat-magnum-61-getriebe","25":"product_cat-magnum-61-programmiergeraete","26":"product_tag-300c","27":"product_tag-5-gang","28":"product_tag-automatik","29":"product_tag-automatikhebel","30":"product_tag-charger","31":"product_tag-chrysler-300c","32":"product_tag-dodge","33":"product_tag-dodge-charger","34":"product_tag-magnum","35":"product_tag-mopar10","36":"product_tag-nag1","37":"product_tag-schaltung","38":"product_tag-tranzformer","39":"product_tag-w5a580","40":"product_tag-wa580","42":"first","43":"instock","44":"taxable","45":"shipping-taxable","46":"purchasable","47":"product-type-simple"},"bundled_by":[],"bundle_stock_status":"instock","bundle_stock_quantity":1,"bundle_virtual":false,"bundle_layout":"","bundle_add_to_cart_form_location":"","bundle_editable_in_cart":false,"bundle_sold_individually_context":"","bundle_item_grouping":"","bundle_min_size":"","bundle_max_size":"","bundle_price":[],"bundled_items":[],"bundle_sell_ids":[],"exclude_global_add_ons":[],"addons":[],"acf":[],"_links":{"self":[{"href":"https:\/\/kraftwerk-shop.cc\/pl\/wp-json\/wp\/v2\/product\/68323377","targetHints":{"allow":["GET"]}}],"collection":[{"href":"https:\/\/kraftwerk-shop.cc\/pl\/wp-json\/wp\/v2\/product"}],"about":[{"href":"https:\/\/kraftwerk-shop.cc\/pl\/wp-json\/wp\/v2\/types\/product"}],"replies":[{"embeddable":true,"href":"https:\/\/kraftwerk-shop.cc\/pl\/wp-json\/wp\/v2\/comments?post=68323377"}],"version-history":[{"count":0,"href":"https:\/\/kraftwerk-shop.cc\/pl\/wp-json\/wp\/v2\/product\/68323377\/revisions"}],"wp:featuredmedia":[{"embeddable":true,"href":"https:\/\/kraftwerk-shop.cc\/pl\/wp-json\/wp\/v2\/media\/68323379"}],"wp:attachment":[{"href":"https:\/\/kraftwerk-shop.cc\/pl\/wp-json\/wp\/v2\/media?parent=68323377"}],"wp:term":[{"taxonomy":"product_brand","embeddable":true,"href":"https:\/\/kraftwerk-shop.cc\/pl\/wp-json\/wp\/v2\/product_brand?post=68323377"},{"taxonomy":"product_cat","embeddable":true,"href":"https:\/\/kraftwerk-shop.cc\/pl\/wp-json\/wp\/v2\/product_cat?post=68323377"},{"taxonomy":"product_tag","embeddable":true,"href":"https:\/\/kraftwerk-shop.cc\/pl\/wp-json\/wp\/v2\/product_tag?post=68323377"}],"curies":[{"name":"wp","href":"https:\/\/api.w.org\/{rel}","templated":true}]}}