{"id":68323572,"date":"2025-06-08T22:06:22","date_gmt":"2025-06-08T20:06:22","guid":{"rendered":"https:\/\/kraftwerk-shop.cc\/?post_type=product&#038;p=68323572"},"modified":"2026-02-15T01:20:42","modified_gmt":"2026-02-15T00:20:42","slug":"swiece-brisk-iridium-rr15yir-2","status":"publish","type":"product","link":"https:\/\/kraftwerk-shop.cc\/pl\/produkt\/brisk-iridium-rr15yir-zuendkerzen\/","title":{"rendered":"\u015awiece zap\u0142onowe Brisk Iridium Performance RR15YIR (16 sztuk)"},"content":{"rendered":"<h1>\u015awiece zap\u0142onowe Brisk Iridium Performance RR15YIR do silnik\u00f3w Chrysler, Dodge i Jeep 5.7, 6.1 i 6.4<\/h1>\n<p>&nbsp;<\/p>\n<p>Dzi\u0119ki bardzo d\u0142ugiej \u017cywotno\u015bci \u015bwiece zap\u0142onowe serii P s\u0105 najnowocze\u015bniejsz\u0105 konstrukcj\u0105 dla nowoczesnych, wysoce wydajnych i wytrzyma\u0142ych silnik\u00f3w.<br \/>\nIrydowa elektroda rdzeniowa jest otoczona korpusem wykonanym ze stopu itru i elektrod\u0105 uziemiaj\u0105c\u0105, co zapewnia bardzo niskie zapotrzebowanie na napi\u0119cie, a tym samym wyd\u0142u\u017ca \u017cywotno\u015b\u0107 cewki zap\u0142onowej.<br \/>\nNi\u017csze zapotrzebowanie na napi\u0119cie zapewnia \u0142atwiejszy rozruch zimnego silnika i zmniejsza ryzyko nieprawid\u0142owego zap\u0142onu z powodu zanieczyszcze\u0144 spowodowanych spalaniem oleju, stosowaniem paliw alternatywnych lub d\u0142u\u017cszym czasem pracy na biegu ja\u0142owym.<\/p>\n<p>&nbsp;<\/p>\n<p><strong>W\u0142a\u015bciwo\u015bci:<\/strong><\/p>\n<ul>\n<li>Elektroda uziemiaj\u0105ca wykonana ze stopu itru z rdzeniem irydowym<\/li>\n<li>Pow\u0142oka niklowo-cynkowa chroni\u0105ca przed korozj\u0105<\/li>\n<li>Ni\u017csze wymagania dotycz\u0105ce napi\u0119cia<\/li>\n<li>Cylindryczny kszta\u0142t ko\u0144c\u00f3wki izolatora zapewnia szybkie samooczyszczanie w niskich temperaturach tu\u017c po uruchomieniu silnika.<\/li>\n<\/ul>\n<p>&nbsp;<\/p>\n<ul>\n<li>\u015arednica gwintu: 14 mm<\/li>\n<li>Zakres gwint\u00f3w: 25 mm -1 \"<\/li>\n<li>Sze\u015bciok\u0105t: 16 mm -5\/8\u2033<\/li>\n<li>Typ siedziska: sto\u017ckowe<\/li>\n<li>Wersja: Iridum \/ Yttirum<\/li>\n<li>Odporno\u015b\u0107: Tak<\/li>\n<li>Przewidywane: Tak<\/li>\n<li>Warto\u015b\u0107 cieplna: 15<\/li>\n<\/ul>\n<p>&nbsp;<\/p>\n<p>&nbsp;<\/p>\n<p><strong>Odpowiedni dla:<\/strong><\/p>\n<p>Silniki 5.7 Hemi (2 stopnie ch\u0142odniejsze ni\u017c wtyczki seryjne) do 2008 roku w\u0142\u0105cznie<br \/>\nSilniki 6.1 SRT8 (o 1 stopie\u0144 ch\u0142odniejsze ni\u017c wtyczki szeregowe)<br \/>\nSilniki 6.4 SRT8 (taka sama warto\u015b\u0107 cieplna jak standardowe wtyczki)<\/p>\n<p>&nbsp;<\/p>\n<p><strong>Zakres dostawy:<br \/>\n<\/strong><br \/>\n16 \u015bwiec zap\u0142onowych<\/p>","protected":false},"excerpt":{"rendered":"<p>Idealny zamiennik dla NGK 2315<\/p>","protected":false},"featured_media":68323575,"comment_status":"open","ping_status":"closed","template":"","meta":{"_acf_changed":false},"product_brand":[18923],"product_cat":[7261,7272,7277,7294,7298,7316,7324,7332,7343,7353,7362,7368,7373,7393,7402,7412,7418,7428],"product_tag":[1122,52,217,1074,53,48,8852,8857,8856,8858,8854,94,49,8873,8871,8869,8860,8863,8861,8864,8865,56,4419,50,1123,55,17563,164,3574,1073,8851,8867,8859,8866,8853,4422],"class_list":{"0":"post-68323572","1":"product","2":"type-product","3":"status-publish","4":"has-post-thumbnail","6":"product_brand-brisk","7":"product_cat-300c-57-2005-2010-zuendung","8":"product_cat-300c-61-zuendung","9":"product_cat-300c-64-zuendung","10":"product_cat-challenger-61-zuendung","11":"product_cat-challenger-64-zuendung","12":"product_cat-charger-57-zuendung","13":"product_cat-charger-61-zuendung","14":"product_cat-charger-64-zuendung","15":"product_cat-durango-57-zuendung","16":"product_cat-durango-64-zuendung","17":"product_cat-magnum-57-zuendung","18":"product_cat-magnum-61-zuendung","19":"product_cat-commander-zuendung","20":"product_cat-grand-cherokee-57-2005-2010-zuendung","21":"product_cat-grand-cherokee-61-zuendung","22":"product_cat-grand-cherokee-64-zuendung","23":"product_cat-wagoneer-64-zuendung","24":"product_cat-wrangler-64-zuendung","25":"product_tag-1122","26":"product_tag-300c","27":"product_tag-217","28":"product_tag-brisk","29":"product_tag-charger","30":"product_tag-chrysler","31":"product_tag-chrysler-300c-ersatzteile","32":"product_tag-chrysler-300c-originalteile","33":"product_tag-chrysler-300c-performance-zuendkerzen","34":"product_tag-chrysler-300c-zuendkerzen-preis","35":"product_tag-chrysler-300c-zuendkerzen-wechsel","36":"product_tag-commander","37":"product_tag-dodge","38":"product_tag-dodge-challenger-ersatzteile","39":"product_tag-dodge-challenger-srt-zuendkerzen","40":"product_tag-dodge-challenger-tuning","41":"product_tag-dodge-charger-ersatzteile","42":"product_tag-dodge-charger-performance","43":"product_tag-dodge-charger-tuning-zuendkerzen","44":"product_tag-dodge-charger-zuendkerzen-set","45":"product_tag-dodge-charger-zuendkerzen-vergleich","46":"product_tag-grand-cherokee","47":"product_tag-iridium","48":"product_tag-jeep","49":"product_tag-lztr6aix-13-ix","50":"product_tag-magnum","51":"product_tag-rr15yir","52":"product_tag-srt8","53":"product_tag-zuendkerze","54":"product_tag-zuendkerzen","55":"product_tag-zuendkerzen-chrysler-300c","56":"product_tag-zuendkerzen-dodge-challenger","57":"product_tag-zuendkerzen-dodge-charger","58":"product_tag-zuendkerzen-dodge-charger-srt","59":"product_tag-zuendkerzen-fuer-chrysler-300c","60":"product_tag-zuendung","62":"first","63":"instock","64":"taxable","65":"shipping-taxable","66":"purchasable","67":"product-type-simple"},"bundled_by":[],"bundle_stock_status":"instock","bundle_stock_quantity":3,"bundle_virtual":false,"bundle_layout":"","bundle_add_to_cart_form_location":"","bundle_editable_in_cart":false,"bundle_sold_individually_context":"","bundle_item_grouping":"","bundle_min_size":"","bundle_max_size":"","bundle_price":[],"bundled_items":[],"bundle_sell_ids":[],"exclude_global_add_ons":[],"addons":[],"acf":[],"_links":{"self":[{"href":"https:\/\/kraftwerk-shop.cc\/pl\/wp-json\/wp\/v2\/product\/68323572","targetHints":{"allow":["GET"]}}],"collection":[{"href":"https:\/\/kraftwerk-shop.cc\/pl\/wp-json\/wp\/v2\/product"}],"about":[{"href":"https:\/\/kraftwerk-shop.cc\/pl\/wp-json\/wp\/v2\/types\/product"}],"replies":[{"embeddable":true,"href":"https:\/\/kraftwerk-shop.cc\/pl\/wp-json\/wp\/v2\/comments?post=68323572"}],"version-history":[{"count":0,"href":"https:\/\/kraftwerk-shop.cc\/pl\/wp-json\/wp\/v2\/product\/68323572\/revisions"}],"wp:featuredmedia":[{"embeddable":true,"href":"https:\/\/kraftwerk-shop.cc\/pl\/wp-json\/wp\/v2\/media\/68323575"}],"wp:attachment":[{"href":"https:\/\/kraftwerk-shop.cc\/pl\/wp-json\/wp\/v2\/media?parent=68323572"}],"wp:term":[{"taxonomy":"product_brand","embeddable":true,"href":"https:\/\/kraftwerk-shop.cc\/pl\/wp-json\/wp\/v2\/product_brand?post=68323572"},{"taxonomy":"product_cat","embeddable":true,"href":"https:\/\/kraftwerk-shop.cc\/pl\/wp-json\/wp\/v2\/product_cat?post=68323572"},{"taxonomy":"product_tag","embeddable":true,"href":"https:\/\/kraftwerk-shop.cc\/pl\/wp-json\/wp\/v2\/product_tag?post=68323572"}],"curies":[{"name":"wp","href":"https:\/\/api.w.org\/{rel}","templated":true}]}}