{"id":68325029,"date":"2025-06-02T13:22:56","date_gmt":"2025-06-02T11:22:56","guid":{"rendered":"https:\/\/kraftwerk-shop.cc\/?post_type=product&#038;p=68325029"},"modified":"2026-02-15T01:20:45","modified_gmt":"2026-02-15T00:20:45","slug":"mbrp-s7104409-wydech-challenger","status":"publish","type":"product","link":"https:\/\/kraftwerk-shop.cc\/pl\/produkt\/mbrp-s7104409-auspuff-challenger\/","title":{"rendered":"MBRP Dual Cat-Back Race Profile Dodge Challenger 5.7"},"content":{"rendered":"<h1>MBRP S7104409 Dual Cat-Back Race Profile Abgasanlage f\u00fcr Dodge Challenger 5.7<\/h1>\n<p>&nbsp;<\/p>\n<p data-start=\"320\" data-end=\"432\"><span class=\"relative -mx-px my-[-0.2rem] rounded px-px py-[0.2rem] transition-colors duration-100 ease-in-out\">Die MBRP S7104409 Cat-Back Auspuffanlage aus der ARMOR PLUS Serie wurde speziell f\u00fcr den Dodge Challenger R\/T mit 5.7L HEMI V8 entwickelt.<\/span> <span class=\"relative -mx-px my-[-0.2rem] rounded px-px py-[0.2rem] transition-colors duration-100 ease-in-out\">Sie bietet nicht nur eine beeindruckende Klangkulisse, sondern auch sp\u00fcrbare Leistungsverbesserungen.<\/span><\/p>\n<h3 data-start=\"434\" data-end=\"460\"><\/h3>\n<p data-start=\"434\" data-end=\"460\"><strong>Technische Highlights:<\/strong><\/p>\n<ul>\n<li data-start=\"464\" data-end=\"515\">Material: <span class=\"relative -mx-px my-[-0.2rem] rounded px-px py-[0.2rem] transition-colors duration-100 ease-in-out\">Hochwertiger T409 Edelstahl \u2013 korrosionsbest\u00e4ndig und langlebig, ideal f\u00fcr gem\u00e4\u00dfigte Klimazonen<\/span><\/li>\n<li data-start=\"518\" data-end=\"578\">Rohrdurchmesser: <span class=\"relative -mx-px my-[-0.2rem] rounded px-px py-[0.2rem] transition-colors duration-100 ease-in-out\">3 Zoll (ca. 76 mm) mit mandrel-gebogenen Rohren f\u00fcr optimalen Abgasfluss<\/span><\/li>\n<li data-start=\"581\" data-end=\"634\">Endrohre: <span class=\"relative -mx-px my-[-0.2rem] rounded px-px py-[0.2rem] transition-colors duration-100 ease-in-out\">Zwei 4-Zoll (ca. 102 mm) gro\u00dfe, rechteckige Endrohre aus poliertem T304 Edelstahl<\/span><\/li>\n<li data-start=\"637\" data-end=\"695\">Auspuffprofil: <span class=\"relative -mx-px my-[-0.2rem] rounded px-px py-[0.2rem] transition-colors duration-100 ease-in-out\">\u201eRace Profile\u201c \u2013 aggressiver, motorsport\u00e4hnlicher Sound<\/span><\/li>\n<li data-start=\"698\" data-end=\"759\">Leistungszuwachs: <span class=\"relative -mx-px my-[-0.2rem] rounded px-px py-[0.2rem] transition-colors duration-100 ease-in-out\">Bis zu +24 PS und +24Nm Drehmoment<\/span><\/li>\n<li data-start=\"762\" data-end=\"814\">Montage: <span class=\"relative -mx-px my-[-0.2rem] rounded px-px py-[0.2rem] transition-colors duration-100 ease-in-out\">Einfache Bolt-on-Installation ohne Schwei\u00dfen; passt auf OEM-Halterungen<\/span><\/li>\n<\/ul>\n<p>&nbsp;<\/p>\n<p data-start=\"911\" data-end=\"928\"><strong>Lieferumfang:<\/strong><\/p>\n<ul>\n<li data-start=\"932\" data-end=\"971\"><span class=\"relative -mx-px my-[-0.2rem] rounded px-px py-[0.2rem] transition-colors duration-100 ease-in-out\">3-Zoll Cat-Back Auspuffsystem<\/span><\/li>\n<li data-start=\"974\" data-end=\"1013\"><span class=\"relative -mx-px my-[-0.2rem] rounded px-px py-[0.2rem] transition-colors duration-100 ease-in-out\">Vorderes Verbindungsrohr<\/span><\/li>\n<li data-start=\"1016\" data-end=\"1055\"><span class=\"relative -mx-px my-[-0.2rem] rounded px-px py-[0.2rem] transition-colors duration-100 ease-in-out\">Resonator<\/span><\/li>\n<li data-start=\"1058\" data-end=\"1097\"><span class=\"relative -mx-px my-[-0.2rem] rounded px-px py-[0.2rem] transition-colors duration-100 ease-in-out\">Endrohre<\/span><\/li>\n<li data-start=\"1100\" data-end=\"1139\"><span class=\"relative -mx-px my-[-0.2rem] rounded px-px py-[0.2rem] transition-colors duration-100 ease-in-out\">Schalld\u00e4mpfer<\/span><\/li>\n<li data-start=\"1142\" data-end=\"1181\"><span class=\"relative -mx-px my-[-0.2rem] rounded px-px py-[0.2rem] transition-colors duration-100 ease-in-out\">Montagematerial<\/span><\/li>\n<li data-start=\"1184\" data-end=\"1262\"><span class=\"relative -mx-px my-[-0.2rem] rounded px-px py-[0.2rem] transition-colors duration-100 ease-in-out\">Polierte rechteckige Endrohre<\/span><\/li>\n<\/ul>\n<p>&nbsp;<\/p>\n<p><span class=\"relative -mx-px my-[-0.2rem] rounded px-px py-[0.2rem] transition-colors duration-100 ease-in-out\">Mit der MBRP S7104409 Auspuffanlage erh\u00e4lt Ihr Challenger nicht nur einen kraftvollen Sound, sondern auch eine sp\u00fcrbare Leistungssteigerung.<\/span> <span class=\"relative -mx-px my-[-0.2rem] rounded px-px py-[0.2rem] transition-colors duration-100 ease-in-out\">Die hochwertige Verarbeitung und das aggressive Design machen sie zur idealen Wahl f\u00fcr Performance-Enthusiasten.<\/span><\/p>\n<p>&nbsp;<\/p>\n<p>&nbsp;<\/p>\n<p>Diese MBRP Race Profile Cat-Back Abgasanlage passt f\u00fcr folgende Modelle:<\/p>\n<table width=\"449\">\n<tbody>\n<tr>\n<td width=\"115\"><strong>Marke<\/strong><\/td>\n<td width=\"145\"><strong>Modell<\/strong><\/td>\n<td width=\"106\"><strong>Motor<\/strong><\/td>\n<td width=\"83\"><strong>Baujahr<\/strong><\/td>\n<\/tr>\n<tr>\n<td>Dodge<\/td>\n<td>Challenger<\/td>\n<td>5.7<\/td>\n<td>2009 &#8211; 2014<\/td>\n<\/tr>\n<\/tbody>\n<\/table>\n<p>&nbsp;<\/p>\n","protected":false},"excerpt":{"rendered":"<p>Stal nierdzewna T409<\/p>\n<p>2009\u20132014<\/p>","protected":false},"featured_media":68325032,"comment_status":"open","ping_status":"closed","template":"","meta":{"_acf_changed":false},"product_brand":[17169],"product_cat":[3024,6602],"product_tag":[17584,213,214,176,177,165,248,54,17586,17602,17603,17604,17612,16223,17613,16225,17588,16245,17611,17587,17594,17617,17596,17589,17590,17591,17592,17615,16226,17614,14645,17585,17597,17598,17600,17599,17601,16195,17595,16186,16192,17593,17616,17618,16227,16228,17605,3853,17606,17607,17608,17609,17610,2934,20273,17583],"class_list":{"0":"post-68325029","1":"product","2":"type-product","3":"status-publish","4":"has-post-thumbnail","6":"product_brand-mbrp","7":"product_cat-nicht-nach-eu","8":"product_cat-challenger-57-abgasanlage-catback","9":"product_tag-17584","10":"product_tag-213","11":"product_tag-214","12":"product_tag-176","13":"product_tag-177","14":"product_tag-165","15":"product_tag-248","16":"product_tag-challenger","17":"product_tag-challenger-5-7","18":"product_tag-challenger-5-7-auspuff","19":"product_tag-challenger-5-7-cat-back","20":"product_tag-challenger-5-7-mbrp","21":"product_tag-challenger-abgasanlage","22":"product_tag-challenger-auspuff","23":"product_tag-challenger-bolt-on-auspuff","24":"product_tag-challenger-cat-back","25":"product_tag-challenger-catback","26":"product_tag-challenger-edelstahl-auspuff","27":"product_tag-challenger-edelstahl-sportauspuff","28":"product_tag-challenger-endschalldaempfer","29":"product_tag-challenger-exhaust-system","30":"product_tag-challenger-exhaust-tip-upgrade","31":"product_tag-challenger-laut-auspuff","32":"product_tag-challenger-mbrp","33":"product_tag-challenger-mbrp-auspuff","34":"product_tag-challenger-mbrp-cat-back","35":"product_tag-challenger-mbrp-exhaust","36":"product_tag-challenger-nachruest-auspuff","37":"product_tag-challenger-performance-exhaust","38":"product_tag-challenger-plug-and-play-auspuff","39":"product_tag-challenger-r-t","40":"product_tag-challenger-rt","41":"product_tag-challenger-rt-auspuff","42":"product_tag-challenger-rt-cat-back","43":"product_tag-challenger-rt-exhaust-system","44":"product_tag-challenger-rt-mbrp","45":"product_tag-challenger-rt-performance","46":"product_tag-challenger-rt-sportauspuff","47":"product_tag-challenger-sound-upgrade","48":"product_tag-challenger-sportauspuff","49":"product_tag-challenger-sportauspuffanlage","50":"product_tag-challenger-t409","51":"product_tag-challenger-tuning-auspuff","52":"product_tag-challenger-twin-tip-exhaust","53":"product_tag-challenger-v8","54":"product_tag-challenger-v8-auspuff","55":"product_tag-challenger-v8-sound","56":"product_tag-dodge-challenger","57":"product_tag-dodge-challenger-auspuff","58":"product_tag-dodge-challenger-cat-back","59":"product_tag-dodge-challenger-exhaust","60":"product_tag-dodge-challenger-mbrp","61":"product_tag-dodge-challenger-performance-auspuff","62":"product_tag-harder","63":"product_tag-keintuev","64":"product_tag-s7104409","65":"product_shipping_class-spedition-1","67":"first","68":"onbackorder","69":"taxable","70":"shipping-taxable","71":"purchasable","72":"product-type-simple"},"bundled_by":[],"bundle_stock_status":"onbackorder","bundle_stock_quantity":0,"bundle_virtual":false,"bundle_layout":"","bundle_add_to_cart_form_location":"","bundle_editable_in_cart":false,"bundle_sold_individually_context":"","bundle_item_grouping":"","bundle_min_size":"","bundle_max_size":"","bundle_price":[],"bundled_items":[],"bundle_sell_ids":[],"exclude_global_add_ons":[],"addons":[],"acf":[],"_links":{"self":[{"href":"https:\/\/kraftwerk-shop.cc\/pl\/wp-json\/wp\/v2\/product\/68325029","targetHints":{"allow":["GET"]}}],"collection":[{"href":"https:\/\/kraftwerk-shop.cc\/pl\/wp-json\/wp\/v2\/product"}],"about":[{"href":"https:\/\/kraftwerk-shop.cc\/pl\/wp-json\/wp\/v2\/types\/product"}],"replies":[{"embeddable":true,"href":"https:\/\/kraftwerk-shop.cc\/pl\/wp-json\/wp\/v2\/comments?post=68325029"}],"version-history":[{"count":0,"href":"https:\/\/kraftwerk-shop.cc\/pl\/wp-json\/wp\/v2\/product\/68325029\/revisions"}],"wp:featuredmedia":[{"embeddable":true,"href":"https:\/\/kraftwerk-shop.cc\/pl\/wp-json\/wp\/v2\/media\/68325032"}],"wp:attachment":[{"href":"https:\/\/kraftwerk-shop.cc\/pl\/wp-json\/wp\/v2\/media?parent=68325029"}],"wp:term":[{"taxonomy":"product_brand","embeddable":true,"href":"https:\/\/kraftwerk-shop.cc\/pl\/wp-json\/wp\/v2\/product_brand?post=68325029"},{"taxonomy":"product_cat","embeddable":true,"href":"https:\/\/kraftwerk-shop.cc\/pl\/wp-json\/wp\/v2\/product_cat?post=68325029"},{"taxonomy":"product_tag","embeddable":true,"href":"https:\/\/kraftwerk-shop.cc\/pl\/wp-json\/wp\/v2\/product_tag?post=68325029"}],"curies":[{"name":"wp","href":"https:\/\/api.w.org\/{rel}","templated":true}]}}